{"id":38059,"date":"2023-12-14T01:08:46","date_gmt":"2023-12-14T00:08:46","guid":{"rendered":"https:\/\/electricink.eu\/producto\/shock-cartridge-pmu-rl03-022mm\/"},"modified":"2026-01-15T20:50:03","modified_gmt":"2026-01-15T19:50:03","slug":"shock-cartridge-pmu-rl03-022mm","status":"publish","type":"product","link":"https:\/\/electricink.eu\/en\/producto\/shock-cartridge-pmu-rl03-022mm\/","title":{"rendered":"Shock Cartridge PMU RL03 0,22mm"},"content":{"rendered":"<p><strong><u>Descripci\u00f3n<\/u><\/strong><\/p>\n<p>Produit st\u00e9rilis\u00e9 \u00e0 l&#8217;oxyde d&#8217;\u00e9thyl\u00e8ne et emball\u00e9 avec du papier chirurgical, approuv\u00e9 apr\u00e8s un processus de contr\u00f4le qualit\u00e9 strict, avec analyse individuelle des aiguilles. Il garantit une hygi\u00e8ne et une s\u00e9curit\u00e9 maximales au professionnel et au client lors de la proc\u00e9dure de micropigmentation (maquillage permanent).<\/p>\n<p>&nbsp;<\/p>\n<p>CONTIENT: Bo\u00eete de 5 unit\u00e9s<\/p>\n<p>PR\u00caT \u00c0 L&#8217;EMPLOI: Effectuer une proc\u00e9dure de correction cosm\u00e9tique ou de micropigmentation et jeter l&#8217;applicateur et les aiguilles apr\u00e8s utilisation.<\/p>\n<p><strong>Appareil \u00e0 usage unique. R\u00e9utilisation interdite.<\/strong><\/p>\n<p>&nbsp;<\/p>\n<p>PR\u00c9CAUTIONS:<\/p>\n<p>NE PAS UTILISER SI L&#8217;EMBALLAGE EST VIOL\u00c9 OU ENDOMMAG\u00c9. PRODUIT ST\u00c9RILE.<\/p>\n<ul>\n<li>Apr\u00e8s utilisation, jetez l&#8217;applicateur dans un r\u00e9cipient du groupe 3, sp\u00e9cifique pour les mat\u00e9riaux contaminants.<\/li>\n<li>Conservez dans un endroit frais et sec, \u00e0 l&#8217;abri de l&#8217;humidit\u00e9 et de la lumi\u00e8re directe du soleil.<\/li>\n<li>Manipulez toujours ce produit avec des gants de proc\u00e9dure.<\/li>\n<\/ul>\n","protected":false},"excerpt":{"rendered":"<p>Disposable cartridge with needles for eyebrow, lip and eye micropigmentation.<\/p>\n<p>For exclusive use with Electric Ink brand dermographs.<\/p>\n","protected":false},"featured_media":37788,"comment_status":"closed","ping_status":"closed","template":"","meta":{"_acf_changed":false,"_et_pb_use_builder":"","_et_pb_old_content":"","_et_gb_content_width":"","inline_featured_image":false},"product_brand":[],"product_cat":[1134,673,676],"product_tag":[],"class_list":{"0":"post-38059","1":"product","2":"type-product","3":"status-publish","4":"has-post-thumbnail","6":"product_cat-cartridges-micro","7":"product_cat-permanent-make-up","8":"product_cat-cartridges-slim","10":"first","11":"instock","12":"taxable","13":"shipping-taxable","14":"purchasable","15":"product-type-simple"},"acf":[],"yoast_head":"<!-- This site is optimized with the Yoast SEO plugin v27.5 - https:\/\/yoast.com\/product\/yoast-seo-wordpress\/ -->\n<title>Shock Cartridge PMU RL03 0,22mm - Electric Ink\u00ae<\/title>\n<meta name=\"robots\" content=\"index, follow, max-snippet:-1, max-image-preview:large, max-video-preview:-1\" \/>\n<link rel=\"canonical\" href=\"https:\/\/electricink.eu\/en\/producto\/shock-cartridge-pmu-rl03-022mm\/\" \/>\n<meta property=\"og:locale\" content=\"en_US\" \/>\n<meta property=\"og:type\" content=\"article\" \/>\n<meta property=\"og:title\" content=\"Shock Cartridge PMU RL03 0,22mm - Electric Ink\u00ae\" \/>\n<meta property=\"og:description\" content=\"Disposable cartridge with needles for eyebrow, lip and eye micropigmentation. For exclusive use with Electric Ink brand dermographs.\" \/>\n<meta property=\"og:url\" content=\"https:\/\/electricink.eu\/en\/producto\/shock-cartridge-pmu-rl03-022mm\/\" \/>\n<meta property=\"og:site_name\" content=\"Electric Ink\u00ae\" \/>\n<meta property=\"article:modified_time\" content=\"2026-01-15T19:50:03+00:00\" \/>\n<meta property=\"og:image\" content=\"https:\/\/electricink.eu\/wp-content\/uploads\/2023\/12\/03-Ponta-scaled-2.jpg\" \/>\n\t<meta property=\"og:image:width\" content=\"2560\" \/>\n\t<meta property=\"og:image:height\" content=\"2560\" \/>\n\t<meta property=\"og:image:type\" content=\"image\/jpeg\" \/>\n<meta name=\"twitter:card\" content=\"summary_large_image\" \/>\n<meta name=\"twitter:label1\" content=\"Est. reading time\" \/>\n\t<meta name=\"twitter:data1\" content=\"1 minute\" \/>\n<script type=\"application\/ld+json\" class=\"yoast-schema-graph\">{\"@context\":\"https:\\\/\\\/schema.org\",\"@graph\":[{\"@type\":\"WebPage\",\"@id\":\"https:\\\/\\\/electricink.eu\\\/en\\\/producto\\\/shock-cartridge-pmu-rl03-022mm\\\/\",\"url\":\"https:\\\/\\\/electricink.eu\\\/en\\\/producto\\\/shock-cartridge-pmu-rl03-022mm\\\/\",\"name\":\"Shock Cartridge PMU RL03 0,22mm - Electric Ink\u00ae\",\"isPartOf\":{\"@id\":\"https:\\\/\\\/electricink.eu\\\/#website\"},\"primaryImageOfPage\":{\"@id\":\"https:\\\/\\\/electricink.eu\\\/en\\\/producto\\\/shock-cartridge-pmu-rl03-022mm\\\/#primaryimage\"},\"image\":{\"@id\":\"https:\\\/\\\/electricink.eu\\\/en\\\/producto\\\/shock-cartridge-pmu-rl03-022mm\\\/#primaryimage\"},\"thumbnailUrl\":\"https:\\\/\\\/electricink.eu\\\/wp-content\\\/uploads\\\/2023\\\/12\\\/03-Ponta-scaled-2.jpg\",\"datePublished\":\"2023-12-14T00:08:46+00:00\",\"dateModified\":\"2026-01-15T19:50:03+00:00\",\"breadcrumb\":{\"@id\":\"https:\\\/\\\/electricink.eu\\\/en\\\/producto\\\/shock-cartridge-pmu-rl03-022mm\\\/#breadcrumb\"},\"inLanguage\":\"en-US\",\"potentialAction\":[{\"@type\":\"ReadAction\",\"target\":[\"https:\\\/\\\/electricink.eu\\\/en\\\/producto\\\/shock-cartridge-pmu-rl03-022mm\\\/\"]}]},{\"@type\":\"ImageObject\",\"inLanguage\":\"en-US\",\"@id\":\"https:\\\/\\\/electricink.eu\\\/en\\\/producto\\\/shock-cartridge-pmu-rl03-022mm\\\/#primaryimage\",\"url\":\"https:\\\/\\\/electricink.eu\\\/wp-content\\\/uploads\\\/2023\\\/12\\\/03-Ponta-scaled-2.jpg\",\"contentUrl\":\"https:\\\/\\\/electricink.eu\\\/wp-content\\\/uploads\\\/2023\\\/12\\\/03-Ponta-scaled-2.jpg\",\"width\":2560,\"height\":2560},{\"@type\":\"BreadcrumbList\",\"@id\":\"https:\\\/\\\/electricink.eu\\\/en\\\/producto\\\/shock-cartridge-pmu-rl03-022mm\\\/#breadcrumb\",\"itemListElement\":[{\"@type\":\"ListItem\",\"position\":1,\"name\":\"Portada\",\"item\":\"https:\\\/\\\/electricink.eu\\\/en\\\/home\\\/\"},{\"@type\":\"ListItem\",\"position\":2,\"name\":\"Shop\",\"item\":\"https:\\\/\\\/electricink.eu\\\/tienda\\\/\"},{\"@type\":\"ListItem\",\"position\":3,\"name\":\"Shock Cartridge PMU RL03 0,22mm\"}]},{\"@type\":\"WebSite\",\"@id\":\"https:\\\/\\\/electricink.eu\\\/#website\",\"url\":\"https:\\\/\\\/electricink.eu\\\/\",\"name\":\"Electric Ink\u00ae\",\"description\":\"Material para Tatuar Profesional en Europa - Electric Ink\u00ae\",\"potentialAction\":[{\"@type\":\"SearchAction\",\"target\":{\"@type\":\"EntryPoint\",\"urlTemplate\":\"https:\\\/\\\/electricink.eu\\\/?s={search_term_string}\"},\"query-input\":{\"@type\":\"PropertyValueSpecification\",\"valueRequired\":true,\"valueName\":\"search_term_string\"}}],\"inLanguage\":\"en-US\"}]}<\/script>\n<!-- \/ Yoast SEO plugin. -->","yoast_head_json":{"title":"Shock Cartridge PMU RL03 0,22mm - Electric Ink\u00ae","robots":{"index":"index","follow":"follow","max-snippet":"max-snippet:-1","max-image-preview":"max-image-preview:large","max-video-preview":"max-video-preview:-1"},"canonical":"https:\/\/electricink.eu\/en\/producto\/shock-cartridge-pmu-rl03-022mm\/","og_locale":"en_US","og_type":"article","og_title":"Shock Cartridge PMU RL03 0,22mm - Electric Ink\u00ae","og_description":"Disposable cartridge with needles for eyebrow, lip and eye micropigmentation. For exclusive use with Electric Ink brand dermographs.","og_url":"https:\/\/electricink.eu\/en\/producto\/shock-cartridge-pmu-rl03-022mm\/","og_site_name":"Electric Ink\u00ae","article_modified_time":"2026-01-15T19:50:03+00:00","og_image":[{"width":2560,"height":2560,"url":"https:\/\/electricink.eu\/wp-content\/uploads\/2023\/12\/03-Ponta-scaled-2.jpg","type":"image\/jpeg"}],"twitter_card":"summary_large_image","twitter_misc":{"Est. reading time":"1 minute"},"schema":{"@context":"https:\/\/schema.org","@graph":[{"@type":"WebPage","@id":"https:\/\/electricink.eu\/en\/producto\/shock-cartridge-pmu-rl03-022mm\/","url":"https:\/\/electricink.eu\/en\/producto\/shock-cartridge-pmu-rl03-022mm\/","name":"Shock Cartridge PMU RL03 0,22mm - Electric Ink\u00ae","isPartOf":{"@id":"https:\/\/electricink.eu\/#website"},"primaryImageOfPage":{"@id":"https:\/\/electricink.eu\/en\/producto\/shock-cartridge-pmu-rl03-022mm\/#primaryimage"},"image":{"@id":"https:\/\/electricink.eu\/en\/producto\/shock-cartridge-pmu-rl03-022mm\/#primaryimage"},"thumbnailUrl":"https:\/\/electricink.eu\/wp-content\/uploads\/2023\/12\/03-Ponta-scaled-2.jpg","datePublished":"2023-12-14T00:08:46+00:00","dateModified":"2026-01-15T19:50:03+00:00","breadcrumb":{"@id":"https:\/\/electricink.eu\/en\/producto\/shock-cartridge-pmu-rl03-022mm\/#breadcrumb"},"inLanguage":"en-US","potentialAction":[{"@type":"ReadAction","target":["https:\/\/electricink.eu\/en\/producto\/shock-cartridge-pmu-rl03-022mm\/"]}]},{"@type":"ImageObject","inLanguage":"en-US","@id":"https:\/\/electricink.eu\/en\/producto\/shock-cartridge-pmu-rl03-022mm\/#primaryimage","url":"https:\/\/electricink.eu\/wp-content\/uploads\/2023\/12\/03-Ponta-scaled-2.jpg","contentUrl":"https:\/\/electricink.eu\/wp-content\/uploads\/2023\/12\/03-Ponta-scaled-2.jpg","width":2560,"height":2560},{"@type":"BreadcrumbList","@id":"https:\/\/electricink.eu\/en\/producto\/shock-cartridge-pmu-rl03-022mm\/#breadcrumb","itemListElement":[{"@type":"ListItem","position":1,"name":"Portada","item":"https:\/\/electricink.eu\/en\/home\/"},{"@type":"ListItem","position":2,"name":"Shop","item":"https:\/\/electricink.eu\/tienda\/"},{"@type":"ListItem","position":3,"name":"Shock Cartridge PMU RL03 0,22mm"}]},{"@type":"WebSite","@id":"https:\/\/electricink.eu\/#website","url":"https:\/\/electricink.eu\/","name":"Electric Ink\u00ae","description":"Material para Tatuar Profesional en Europa - Electric Ink\u00ae","potentialAction":[{"@type":"SearchAction","target":{"@type":"EntryPoint","urlTemplate":"https:\/\/electricink.eu\/?s={search_term_string}"},"query-input":{"@type":"PropertyValueSpecification","valueRequired":true,"valueName":"search_term_string"}}],"inLanguage":"en-US"}]}},"_links":{"self":[{"href":"https:\/\/electricink.eu\/en\/wp-json\/wp\/v2\/product\/38059","targetHints":{"allow":["GET"]}}],"collection":[{"href":"https:\/\/electricink.eu\/en\/wp-json\/wp\/v2\/product"}],"about":[{"href":"https:\/\/electricink.eu\/en\/wp-json\/wp\/v2\/types\/product"}],"replies":[{"embeddable":true,"href":"https:\/\/electricink.eu\/en\/wp-json\/wp\/v2\/comments?post=38059"}],"wp:featuredmedia":[{"embeddable":true,"href":"https:\/\/electricink.eu\/en\/wp-json\/wp\/v2\/media\/37788"}],"wp:attachment":[{"href":"https:\/\/electricink.eu\/en\/wp-json\/wp\/v2\/media?parent=38059"}],"wp:term":[{"taxonomy":"product_brand","embeddable":true,"href":"https:\/\/electricink.eu\/en\/wp-json\/wp\/v2\/product_brand?post=38059"},{"taxonomy":"product_cat","embeddable":true,"href":"https:\/\/electricink.eu\/en\/wp-json\/wp\/v2\/product_cat?post=38059"},{"taxonomy":"product_tag","embeddable":true,"href":"https:\/\/electricink.eu\/en\/wp-json\/wp\/v2\/product_tag?post=38059"}],"curies":[{"name":"wp","href":"https:\/\/api.w.org\/{rel}","templated":true}]}}