{"id":30616,"date":"2023-11-10T11:15:32","date_gmt":"2023-11-10T10:15:32","guid":{"rendered":"https:\/\/electricink.eu\/blog\/"},"modified":"2023-12-13T15:17:39","modified_gmt":"2023-12-13T14:17:39","slug":"blog","status":"publish","type":"page","link":"https:\/\/electricink.eu\/fr\/blog\/","title":{"rendered":"Blog"},"content":{"rendered":"<p>[et_pb_section fb_built=\u00a0\u00bb1&Prime; _builder_version=\u00a0\u00bb4.23&Prime; _module_preset=\u00a0\u00bbdefault\u00a0\u00bb background_color=\u00a0\u00bb#0a0a0a\u00a0\u00bb background_image=\u00a0\u00bbhttps:\/\/electricink.eu\/wp-content\/uploads\/2023\/10\/fondo-olas-banner-electric-ink.svg\u00a0\u00bb background_blend=\u00a0\u00bbsoft-light\u00a0\u00bb custom_margin=\u00a0\u00bb0px||||false|false\u00a0\u00bb custom_padding=\u00a0\u00bb10em||0px||false|false\u00a0\u00bb hover_enabled=\u00a0\u00bb0&Prime; global_colors_info=\u00a0\u00bb{}\u00a0\u00bb sticky_enabled=\u00a0\u00bb0&Prime;][et_pb_row _builder_version=\u00a0\u00bb4.22.1&Prime; _module_preset=\u00a0\u00bbdefault\u00a0\u00bb locked=\u00a0\u00bboff\u00a0\u00bb global_colors_info=\u00a0\u00bb{}\u00a0\u00bb][et_pb_column type=\u00a0\u00bb4_4&Prime; _builder_version=\u00a0\u00bb4.22.1&Prime; _module_preset=\u00a0\u00bbdefault\u00a0\u00bb global_colors_info=\u00a0\u00bb{}\u00a0\u00bb][et_pb_text _builder_version=\u00a0\u00bb4.23&Prime; _module_preset=\u00a0\u00bbdefault\u00a0\u00bb header_font=\u00a0\u00bb|700|||||||\u00a0\u00bb header_text_align=\u00a0\u00bbcenter\u00a0\u00bb header_text_color=\u00a0\u00bb#FFFFFF\u00a0\u00bb header_font_size=\u00a0\u00bb25px\u00a0\u00bb header_3_font=\u00a0\u00bb|700|||||||\u00a0\u00bb header_3_text_align=\u00a0\u00bbcenter\u00a0\u00bb header_3_font_size=\u00a0\u00bb25px\u00a0\u00bb module_alignment=\u00a0\u00bbcenter\u00a0\u00bb global_colors_info=\u00a0\u00bb{}\u00a0\u00bb]<\/p>\n<h1>Blog<\/h1>\n<p>[\/et_pb_text][\/et_pb_column][\/et_pb_row][\/et_pb_section][et_pb_section fb_built=\u00a0\u00bb1&Prime; _builder_version=\u00a0\u00bb4.23&Prime; _module_preset=\u00a0\u00bbdefault\u00a0\u00bb global_colors_info=\u00a0\u00bb{}\u00a0\u00bb][et_pb_row column_structure=\u00a0\u00bb3_4,1_4&Prime; _builder_version=\u00a0\u00bb4.23&Prime; _module_preset=\u00a0\u00bbdefault\u00a0\u00bb width=\u00a0\u00bb90%\u00a0\u00bb global_colors_info=\u00a0\u00bb{}\u00a0\u00bb][et_pb_column type=\u00a0\u00bb3_4&Prime; module_id=\u00a0\u00bbgrid-blog\u00a0\u00bb _builder_version=\u00a0\u00bb4.23&Prime; _module_preset=\u00a0\u00bbdefault\u00a0\u00bb global_colors_info=\u00a0\u00bb{}\u00a0\u00bb][et_pb_blog fullwidth=\u00a0\u00bboff\u00a0\u00bb show_author=\u00a0\u00bboff\u00a0\u00bb show_date=\u00a0\u00bboff\u00a0\u00bb show_categories=\u00a0\u00bboff\u00a0\u00bb _builder_version=\u00a0\u00bb4.23&Prime; _module_preset=\u00a0\u00bbdefault\u00a0\u00bb global_colors_info=\u00a0\u00bb{}\u00a0\u00bb][\/et_pb_blog][\/et_pb_column][et_pb_column type=\u00a0\u00bb1_4&Prime; module_id=\u00a0\u00bbsidebar-blog\u00a0\u00bb _builder_version=\u00a0\u00bb4.23&Prime; _module_preset=\u00a0\u00bbdefault\u00a0\u00bb global_colors_info=\u00a0\u00bb{}\u00a0\u00bb][et_pb_text _builder_version=\u00a0\u00bb4.23&Prime; _module_preset=\u00a0\u00bbdefault\u00a0\u00bb text_font=\u00a0\u00bb|700||on|||||\u00a0\u00bb text_text_color=\u00a0\u00bb#000000&Prime; custom_margin=\u00a0\u00bb||1em||false|false\u00a0\u00bb locked=\u00a0\u00bboff\u00a0\u00bb global_colors_info=\u00a0\u00bb{}\u00a0\u00bb]<\/p>\n<p>Articles r\u00e9cents<\/p>\n<p>[\/et_pb_text][et_pb_blog posts_number=\u00a0\u00bb3&Prime; include_categories=\u00a0\u00bball\u00a0\u00bb show_thumbnail=\u00a0\u00bboff\u00a0\u00bb use_manual_excerpt=\u00a0\u00bboff\u00a0\u00bb show_author=\u00a0\u00bboff\u00a0\u00bb show_date=\u00a0\u00bboff\u00a0\u00bb show_categories=\u00a0\u00bboff\u00a0\u00bb show_excerpt=\u00a0\u00bboff\u00a0\u00bb show_pagination=\u00a0\u00bboff\u00a0\u00bb _builder_version=\u00a0\u00bb4.23&Prime; _module_preset=\u00a0\u00bbdefault\u00a0\u00bb header_level=\u00a0\u00bbh3&Prime; header_font=\u00a0\u00bb||||||||\u00a0\u00bb header_font_size=\u00a0\u00bb14px\u00a0\u00bb custom_css_title=\u00a0\u00bbmargin-bottom:0;||padding-bottom:0;\u00a0\u00bb custom_css_content=\u00a0\u00bbmargin-bottom:0;||padding-bottom:0;\u00a0\u00bb custom_css_post_meta=\u00a0\u00bbmargin-bottom:0;||padding-bottom:0;\u00a0\u00bb custom_css_featured_image=\u00a0\u00bbmargin-bottom:0;\u00a0\u00bb custom_css_read_more=\u00a0\u00bbmargin-bottom:0;\u00a0\u00bb global_colors_info=\u00a0\u00bb{}\u00a0\u00bb][\/et_pb_blog][et_pb_text _builder_version=\u00a0\u00bb4.23&Prime; _module_preset=\u00a0\u00bbdefault\u00a0\u00bb text_font=\u00a0\u00bb|700||on|||||\u00a0\u00bb text_text_color=\u00a0\u00bb#000000&Prime; custom_margin=\u00a0\u00bb||1em||false|false\u00a0\u00bb locked=\u00a0\u00bboff\u00a0\u00bb global_colors_info=\u00a0\u00bb{}\u00a0\u00bb]<\/p>\n<p>Cat\u00e9gories<\/p>\n<p>[\/et_pb_text][et_pb_code _builder_version=\u00a0\u00bb4.23&Prime; _module_preset=\u00a0\u00bbdefault\u00a0\u00bb global_colors_info=\u00a0\u00bb{}\u00a0\u00bb]<ul>\t<li class=\"cat-item cat-item-569\"><a href=\"https:\/\/electricink.eu\/fr\/category\/artistes\/\">Artistes<\/a>\n<\/li>\n\t<li class=\"cat-item cat-item-570\"><a href=\"https:\/\/electricink.eu\/fr\/category\/blog-fr\/\">Blog<\/a>\n<\/li>\n\t<li class=\"cat-item cat-item-571\"><a href=\"https:\/\/electricink.eu\/fr\/category\/concessionnaires\/\">Concessionnaires<\/a>\n<\/li>\n\t<li class=\"cat-item cat-item-568\"><a href=\"https:\/\/electricink.eu\/fr\/category\/electric-ink-fr\/\">Electric Ink<\/a>\n<\/li>\n\t<li class=\"cat-item cat-item-572\"><a href=\"https:\/\/electricink.eu\/fr\/category\/informations-sur-le-magasin\/\">Informations sur le magasin<\/a>\n<\/li>\n\t<li class=\"cat-item cat-item-573\"><a href=\"https:\/\/electricink.eu\/fr\/category\/machines-a-tatouer\/\">machines \u00e0 tatouer<\/a>\n<\/li>\n\t<li class=\"cat-item cat-item-19\"><a href=\"https:\/\/electricink.eu\/fr\/category\/non-classifiee\/\">Non classifi\u00e9(e)<\/a>\n<\/li>\n<\/ul>[\/et_pb_code][et_pb_blurb title=\u00a0\u00bbTattoo\u00a0\u00bb image=\u00a0\u00bbhttps:\/\/electricink.eu\/wp-content\/uploads\/2023\/10\/transverse-nano-tradicional-electric-ink.webp\u00a0\u00bb image_icon_width=\u00a0\u00bb150px\u00a0\u00bb _builder_version=\u00a0\u00bb4.23&Prime; _module_preset=\u00a0\u00bbdefault\u00a0\u00bb header_font=\u00a0\u00bb|||on|||||\u00a0\u00bb header_text_align=\u00a0\u00bbcenter\u00a0\u00bb header_font_size=\u00a0\u00bb14px\u00a0\u00bb body_text_align=\u00a0\u00bbcenter\u00a0\u00bb body_text_color=\u00a0\u00bb#000000&Prime; body_font_size=\u00a0\u00bb20px\u00a0\u00bb body_line_height=\u00a0\u00bb1.2em\u00a0\u00bb body_quote_border_weight=\u00a0\u00bb0px\u00a0\u00bb body_quote_border_color=\u00a0\u00bbRGBA(255,255,255,0)\u00a0\u00bb body_quote_font=\u00a0\u00bb|700|||||||\u00a0\u00bb body_quote_text_align=\u00a0\u00bbcenter\u00a0\u00bb body_quote_text_color=\u00a0\u00bb#FFFFFF\u00a0\u00bb body_quote_font_size=\u00a0\u00bb16px\u00a0\u00bb body_quote_line_height=\u00a0\u00bb0em\u00a0\u00bb background_color=\u00a0\u00bbRGBA(255,255,255,0)\u00a0\u00bb background_enable_image=\u00a0\u00bboff\u00a0\u00bb custom_padding=\u00a0\u00bb1em|1em|1em|1em|true|true\u00a0\u00bb animation=\u00a0\u00bboff\u00a0\u00bb link_option_url=\u00a0\u00bbhttps:\/\/electricink.eu\/categoria-producto\/tattoo\/\u00a0\u00bb custom_css_main_element=\u00a0\u00bbbackground: radial-gradient(circle closest-corner at 60% 30%,#AAE3EC 0%,#B5C6ED 250%);\u00a0\u00bb custom_css_free_form=\u00a0\u00bbblockquote{||  margin:1em auto;||  background-color:#25ABA3;||  padding:0.5em 1em;||  width:fit-content;||  border-radius:2em;||  margin-top:2em;||}\u00a0\u00bb custom_css_blurb_image=\u00a0\u00bbmargin-bottom:0;\u00a0\u00bb border_radii=\u00a0\u00bbon|10px|10px|10px|10px\u00a0\u00bb locked=\u00a0\u00bboff\u00a0\u00bb global_colors_info=\u00a0\u00bb{}\u00a0\u00bb]<\/p>\n<p><strong>D\u00e9couvrez<\/strong><br \/>Nos produits<\/p>\n<p><citation de bloc><\/p>\n<p>\u00a0Voir les produits<\/p>\n<\/blockquote>\n<p>[\/et_pb_blurb][et_pb_text _builder_version=\u00a0\u00bb4.23&Prime; _module_preset=\u00a0\u00bbdefault\u00a0\u00bb text_font=\u00a0\u00bb|700||on|||||\u00a0\u00bb text_text_color=\u00a0\u00bb#000000&Prime; custom_margin=\u00a0\u00bb||1em||false|false\u00a0\u00bb locked=\u00a0\u00bboff\u00a0\u00bb global_colors_info=\u00a0\u00bb{}\u00a0\u00bb]<\/p>\n<p>Contact<\/p>\n<p>[\/et_pb_text][et_pb_code module_class=\u00a0\u00bbdireccion datos-contacto\u00a0\u00bb _builder_version=\u00a0\u00bb4.23&Prime; _module_preset=\u00a0\u00bbdefault\u00a0\u00bb locked=\u00a0\u00bboff\u00a0\u00bb global_colors_info=\u00a0\u00bb{}\u00a0\u00bb]<i class=\"fa-solid fa-location-dot\"><\/i><!-- [et_pb_line_break_holder] --><pee><a href=\"https:\/\/maps.app.goo.gl\/72y1BeqJ7hFwQfxm6\" target=\"_blank\" rel=\"noopener\">Rambla dels Caputxins, 40-42<!\u2013- [et_pb_br_holder] -\u2013><!-- [et_pb_line_break_holder] -->Edificio Bacardi 1, Principal 1<!\u2013- [et_pb_br_holder] -\u2013><!-- [et_pb_line_break_holder] -->08002 Barcelona<\/a><\/pee>[\/et_pb_code][et_pb_code module_class=\u00a0\u00bbtelefono datos-contacto\u00a0\u00bb _builder_version=\u00a0\u00bb4.23&Prime; _module_preset=\u00a0\u00bbdefault\u00a0\u00bb locked=\u00a0\u00bboff\u00a0\u00bb global_colors_info=\u00a0\u00bb{}\u00a0\u00bb]<i class=\"fa-solid fa-phone\"><\/i><pee><a href=\"tel:+34933437262\">+34 93 343 72 62<\/a><\/pee>[\/et_pb_code][et_pb_code module_class=\u00a0\u00bbhorario datos-contacto\u00a0\u00bb _builder_version=\u00a0\u00bb4.23&Prime; _module_preset=\u00a0\u00bbdefault\u00a0\u00bb locked=\u00a0\u00bboff\u00a0\u00bb global_colors_info=\u00a0\u00bb{}\u00a0\u00bb]<i class=\"fa-regular fa-clock\"><\/i><pee>Du lundi au vendredi de 10h00 \u00e0 14h30 et de 15h30 \u00e0 19h00<\/pee>[\/et_pb_code][\/et_pb_column][\/et_pb_row][\/et_pb_section]<\/p>\n","protected":false},"excerpt":{"rendered":"<p>BlogArticles r\u00e9centsCat\u00e9gories<ul>\t<li class=\"cat-item cat-item-569\"><a href=\"https:\/\/electricink.eu\/fr\/category\/artistes\/\">Artistes<\/a>\n<\/li>\n\t<li class=\"cat-item cat-item-570\"><a href=\"https:\/\/electricink.eu\/fr\/category\/blog-fr\/\">Blog<\/a>\n<\/li>\n\t<li class=\"cat-item cat-item-571\"><a href=\"https:\/\/electricink.eu\/fr\/category\/concessionnaires\/\">Concessionnaires<\/a>\n<\/li>\n\t<li class=\"cat-item cat-item-568\"><a href=\"https:\/\/electricink.eu\/fr\/category\/electric-ink-fr\/\">Electric Ink<\/a>\n<\/li>\n\t<li class=\"cat-item cat-item-572\"><a href=\"https:\/\/electricink.eu\/fr\/category\/informations-sur-le-magasin\/\">Informations sur le magasin<\/a>\n<\/li>\n\t<li class=\"cat-item cat-item-573\"><a href=\"https:\/\/electricink.eu\/fr\/category\/machines-a-tatouer\/\">machines \u00e0 tatouer<\/a>\n<\/li>\n\t<li class=\"cat-item cat-item-19\"><a href=\"https:\/\/electricink.eu\/fr\/category\/non-classifiee\/\">Non classifi\u00e9(e)<\/a>\n<\/li>\n<\/ul>D\u00e9couvrezNos produits \u00a0Voir les produits Contact<\/p>\n","protected":false},"author":1,"featured_media":0,"parent":0,"menu_order":0,"comment_status":"closed","ping_status":"closed","template":"","meta":{"_acf_changed":false,"_et_pb_use_builder":"on","_et_pb_old_content":"","_et_gb_content_width":"","inline_featured_image":false,"footnotes":""},"class_list":["post-30616","page","type-page","status-publish","hentry"],"acf":[],"yoast_head":"<!-- This site is optimized with the Yoast SEO plugin v27.6 - https:\/\/yoast.com\/product\/yoast-seo-wordpress\/ -->\n<title>Blog - Electric Ink\u00ae<\/title>\n<meta name=\"robots\" content=\"index, follow, max-snippet:-1, max-image-preview:large, max-video-preview:-1\" \/>\n<link rel=\"canonical\" href=\"https:\/\/electricink.eu\/blog\/\" \/>\n<meta property=\"og:locale\" content=\"fr_FR\" \/>\n<meta property=\"og:type\" content=\"article\" \/>\n<meta property=\"og:title\" content=\"Blog - Electric Ink\u00ae\" \/>\n<meta property=\"og:description\" content=\"BlogArticles r\u00e9centsCat\u00e9goriesD\u00e9couvrezNos produits \u00a0Voir les produits Contact\" \/>\n<meta property=\"og:url\" content=\"https:\/\/electricink.eu\/blog\/\" \/>\n<meta property=\"og:site_name\" content=\"Electric Ink\u00ae\" \/>\n<meta property=\"article:modified_time\" content=\"2023-12-13T14:17:39+00:00\" \/>\n<meta name=\"twitter:card\" content=\"summary_large_image\" \/>\n<meta name=\"twitter:label1\" content=\"Dur\u00e9e de lecture estim\u00e9e\" \/>\n\t<meta name=\"twitter:data1\" content=\"3 minutes\" \/>\n<script type=\"application\/ld+json\" class=\"yoast-schema-graph\">{\"@context\":\"https:\\\/\\\/schema.org\",\"@graph\":[{\"@type\":\"WebPage\",\"@id\":\"https:\\\/\\\/electricink.eu\\\/blog\\\/\",\"url\":\"https:\\\/\\\/electricink.eu\\\/blog\\\/\",\"name\":\"Blog - Electric Ink\u00ae\",\"isPartOf\":{\"@id\":\"https:\\\/\\\/electricink.eu\\\/#website\"},\"datePublished\":\"2023-11-10T10:15:32+00:00\",\"dateModified\":\"2023-12-13T14:17:39+00:00\",\"breadcrumb\":{\"@id\":\"https:\\\/\\\/electricink.eu\\\/blog\\\/#breadcrumb\"},\"inLanguage\":\"fr-FR\",\"potentialAction\":[{\"@type\":\"ReadAction\",\"target\":[\"https:\\\/\\\/electricink.eu\\\/blog\\\/\"]}]},{\"@type\":\"BreadcrumbList\",\"@id\":\"https:\\\/\\\/electricink.eu\\\/blog\\\/#breadcrumb\",\"itemListElement\":[{\"@type\":\"ListItem\",\"position\":1,\"name\":\"Portada\",\"item\":\"https:\\\/\\\/electricink.eu\\\/fr\\\/home\\\/\"},{\"@type\":\"ListItem\",\"position\":2,\"name\":\"Blog\"}]},{\"@type\":\"WebSite\",\"@id\":\"https:\\\/\\\/electricink.eu\\\/#website\",\"url\":\"https:\\\/\\\/electricink.eu\\\/\",\"name\":\"Electric Ink\u00ae\",\"description\":\"Material para Tatuar Profesional en Europa - Electric Ink\u00ae\",\"potentialAction\":[{\"@type\":\"SearchAction\",\"target\":{\"@type\":\"EntryPoint\",\"urlTemplate\":\"https:\\\/\\\/electricink.eu\\\/?s={search_term_string}\"},\"query-input\":{\"@type\":\"PropertyValueSpecification\",\"valueRequired\":true,\"valueName\":\"search_term_string\"}}],\"inLanguage\":\"fr-FR\"}]}<\/script>\n<!-- \/ Yoast SEO plugin. -->","yoast_head_json":{"title":"Blog - Electric Ink\u00ae","robots":{"index":"index","follow":"follow","max-snippet":"max-snippet:-1","max-image-preview":"max-image-preview:large","max-video-preview":"max-video-preview:-1"},"canonical":"https:\/\/electricink.eu\/blog\/","og_locale":"fr_FR","og_type":"article","og_title":"Blog - Electric Ink\u00ae","og_description":"BlogArticles r\u00e9centsCat\u00e9goriesD\u00e9couvrezNos produits \u00a0Voir les produits Contact","og_url":"https:\/\/electricink.eu\/blog\/","og_site_name":"Electric Ink\u00ae","article_modified_time":"2023-12-13T14:17:39+00:00","twitter_card":"summary_large_image","twitter_misc":{"Dur\u00e9e de lecture estim\u00e9e":"3 minutes"},"schema":{"@context":"https:\/\/schema.org","@graph":[{"@type":"WebPage","@id":"https:\/\/electricink.eu\/blog\/","url":"https:\/\/electricink.eu\/blog\/","name":"Blog - Electric Ink\u00ae","isPartOf":{"@id":"https:\/\/electricink.eu\/#website"},"datePublished":"2023-11-10T10:15:32+00:00","dateModified":"2023-12-13T14:17:39+00:00","breadcrumb":{"@id":"https:\/\/electricink.eu\/blog\/#breadcrumb"},"inLanguage":"fr-FR","potentialAction":[{"@type":"ReadAction","target":["https:\/\/electricink.eu\/blog\/"]}]},{"@type":"BreadcrumbList","@id":"https:\/\/electricink.eu\/blog\/#breadcrumb","itemListElement":[{"@type":"ListItem","position":1,"name":"Portada","item":"https:\/\/electricink.eu\/fr\/home\/"},{"@type":"ListItem","position":2,"name":"Blog"}]},{"@type":"WebSite","@id":"https:\/\/electricink.eu\/#website","url":"https:\/\/electricink.eu\/","name":"Electric Ink\u00ae","description":"Material para Tatuar Profesional en Europa - Electric Ink\u00ae","potentialAction":[{"@type":"SearchAction","target":{"@type":"EntryPoint","urlTemplate":"https:\/\/electricink.eu\/?s={search_term_string}"},"query-input":{"@type":"PropertyValueSpecification","valueRequired":true,"valueName":"search_term_string"}}],"inLanguage":"fr-FR"}]}},"_links":{"self":[{"href":"https:\/\/electricink.eu\/fr\/wp-json\/wp\/v2\/pages\/30616","targetHints":{"allow":["GET"]}}],"collection":[{"href":"https:\/\/electricink.eu\/fr\/wp-json\/wp\/v2\/pages"}],"about":[{"href":"https:\/\/electricink.eu\/fr\/wp-json\/wp\/v2\/types\/page"}],"author":[{"embeddable":true,"href":"https:\/\/electricink.eu\/fr\/wp-json\/wp\/v2\/users\/1"}],"replies":[{"embeddable":true,"href":"https:\/\/electricink.eu\/fr\/wp-json\/wp\/v2\/comments?post=30616"}],"version-history":[{"count":0,"href":"https:\/\/electricink.eu\/fr\/wp-json\/wp\/v2\/pages\/30616\/revisions"}],"wp:attachment":[{"href":"https:\/\/electricink.eu\/fr\/wp-json\/wp\/v2\/media?parent=30616"}],"curies":[{"name":"wp","href":"https:\/\/api.w.org\/{rel}","templated":true}]}}