{"id":30641,"date":"2023-10-24T09:53:00","date_gmt":"2023-10-24T07:53:00","guid":{"rendered":"https:\/\/electricink.eu\/nous\/"},"modified":"2023-12-13T15:42:25","modified_gmt":"2023-12-13T14:42:25","slug":"nous","status":"publish","type":"page","link":"https:\/\/electricink.eu\/fr\/nous\/","title":{"rendered":"Nous"},"content":{"rendered":"<p>[et_pb_section fb_built=\u00a0\u00bb1&Prime; _builder_version=\u00a0\u00bb4.23&Prime; _module_preset=\u00a0\u00bbdefault\u00a0\u00bb background_color=\u00a0\u00bbRGBA(255,255,255,0)\u00a0\u00bb background_image=\u00a0\u00bbhttps:\/\/electricink.eu\/wp-content\/uploads\/2023\/11\/fondo-slider-principal.webp\u00a0\u00bb custom_padding=\u00a0\u00bb150px||||false|false\u00a0\u00bb global_colors_info=\u00a0\u00bb{}\u00a0\u00bb][et_pb_row column_structure=\u00a0\u00bb1_2,1_2&Prime; _builder_version=\u00a0\u00bb4.23&Prime; _module_preset=\u00a0\u00bbdefault\u00a0\u00bb global_colors_info=\u00a0\u00bb{}\u00a0\u00bb][et_pb_column type=\u00a0\u00bb1_2&Prime; _builder_version=\u00a0\u00bb4.23&Prime; _module_preset=\u00a0\u00bbdefault\u00a0\u00bb global_colors_info=\u00a0\u00bb{}\u00a0\u00bb][et_pb_text _builder_version=\u00a0\u00bb4.23&Prime; _module_preset=\u00a0\u00bbdefault\u00a0\u00bb header_font=\u00a0\u00bb||||||||\u00a0\u00bb header_text_color=\u00a0\u00bb#FFFFFF\u00a0\u00bb header_font_size=\u00a0\u00bb40px\u00a0\u00bb max_width=\u00a0\u00bb1400px\u00a0\u00bb module_alignment=\u00a0\u00bbcenter\u00a0\u00bb custom_margin=\u00a0\u00bb||1em||false|false\u00a0\u00bb global_colors_info=\u00a0\u00bb{}\u00a0\u00bb]<\/p>\n<h1><strong>Nous sommes Electric Ink.<\/strong><br \/>Des tatoueurs aux tatoueurs<\/h1>\n<p>[\/et_pb_text][et_pb_text _builder_version=\u00a0\u00bb4.23&Prime; _module_preset=\u00a0\u00bbdefault\u00a0\u00bb text_text_color=\u00a0\u00bb#FFFFFF\u00a0\u00bb max_width=\u00a0\u00bb1400px\u00a0\u00bb module_alignment=\u00a0\u00bbcenter\u00a0\u00bb custom_margin=\u00a0\u00bb||2em||false|false\u00a0\u00bb global_colors_info=\u00a0\u00bb{}\u00a0\u00bb]<\/p>\n<p>La soci\u00e9t\u00e9 Electric Ink, situ\u00e9e dans la ville d&rsquo;Uberaba, \u00e9tat du Minas Gerais &#8211; Br\u00e9sil, regroupe l&rsquo;ensemble des activit\u00e9s de gestion, d&rsquo;administration, de vente et de communication du groupe. Des activit\u00e9s de cr\u00e9ation, de recherche et de d\u00e9veloppement sont \u00e9galement men\u00e9es, ainsi que la production de peintures, d&rsquo;aiguilles et la fabrication de machines et d&rsquo;\u00e9quipements \u00e9lectroniques. Il existe \u00e9galement plusieurs laboratoires situ\u00e9s au si\u00e8ge, o\u00f9 tous les produits finis sont test\u00e9s et analys\u00e9s avant d&rsquo;\u00eatre envoy\u00e9s aux artistes du monde entier.<\/p>\n<p>[\/et_pb_text][et_pb_button button_url=\u00a0\u00bb#\u00a0\u00bb button_text=\u00a0\u00bbconnais-nous\u00a0\u00bb module_id=\u00a0\u00bbboton-video\u00a0\u00bb _builder_version=\u00a0\u00bb4.23&Prime; _module_preset=\u00a0\u00bbdefault\u00a0\u00bb custom_button=\u00a0\u00bbon\u00a0\u00bb button_text_size=\u00a0\u00bb16px\u00a0\u00bb button_text_color=\u00a0\u00bb#FFFFFF\u00a0\u00bb button_bg_color=\u00a0\u00bb#25ABA3&Prime; button_border_width=\u00a0\u00bb0px\u00a0\u00bb button_border_radius=\u00a0\u00bb2em\u00a0\u00bb button_use_icon=\u00a0\u00bboff\u00a0\u00bb global_colors_info=\u00a0\u00bb{}\u00a0\u00bb][\/et_pb_button][\/et_pb_column][et_pb_column type=\u00a0\u00bb1_2&Prime; _builder_version=\u00a0\u00bb4.23&Prime; _module_preset=\u00a0\u00bbdefault\u00a0\u00bb global_colors_info=\u00a0\u00bb{}\u00a0\u00bb][et_pb_image src=\u00a0\u00bbhttps:\/\/electricink.eu\/wp-content\/uploads\/2023\/11\/logo-electric-ink-blanco.svg\u00a0\u00bb title_text=\u00a0\u00bblogo-electric-ink-blanco\u00a0\u00bb _builder_version=\u00a0\u00bb4.23&Prime; _module_preset=\u00a0\u00bbdefault\u00a0\u00bb max_width=\u00a0\u00bb300px\u00a0\u00bb module_alignment=\u00a0\u00bbcenter\u00a0\u00bb filter_opacity=\u00a0\u00bb70%\u00a0\u00bb global_colors_info=\u00a0\u00bb{}\u00a0\u00bb][\/et_pb_image][\/et_pb_column][\/et_pb_row][\/et_pb_section][et_pb_section fb_built=\u00a0\u00bb1&Prime; fullwidth=\u00a0\u00bbon\u00a0\u00bb module_id=\u00a0\u00bbvideo-lightbox\u00a0\u00bb _builder_version=\u00a0\u00bb4.23&Prime; _module_preset=\u00a0\u00bbdefault\u00a0\u00bb global_colors_info=\u00a0\u00bb{}\u00a0\u00bb][et_pb_fullwidth_code _builder_version=\u00a0\u00bb4.23&Prime; _module_preset=\u00a0\u00bbdefault\u00a0\u00bb global_colors_info=\u00a0\u00bb{}\u00a0\u00bb]<pee class=\"close\"><i class=\"fa-solid fa-xmark\"><\/i>Fermer<\/pee>< !-- [et_pb_line_break_holder] --><iframe loading=\"lazy\" width=\"560\" height=\"315\" src=\"https:\/\/www.youtube-nocookie.com\/embed\/smpw7aBhTVw?si=Klz9VHJVSAh8RRCA\" title=\"Lecteur vid\u00e9o YouTube \" frameborder=\"0\" allow=\"acc\u00e9l\u00e9rom\u00e8tre\u00a0; lecture automatique\u00a0; \u00e9criture dans le presse-papiers\u00a0; support crypt\u00e9\u00a0; gyroscope\u00a0; image dans l'image\u00a0; partage sur le Web\"allowfullscreen><\/iframe>[\/et_pb_fullwidth_code][\/et_pb_section][et_pb_section fb_built=\u00a0\u00bb1&Prime; _builder_version=\u00a0\u00bb4.23&Prime; _module_preset=\u00a0\u00bbdefault\u00a0\u00bb custom_margin=\u00a0\u00bb||0px||false|false\u00a0\u00bb custom_padding=\u00a0\u00bb1em||0px||false|false\u00a0\u00bb hover_enabled=\u00a0\u00bb0&Prime; global_colors_info=\u00a0\u00bb{}\u00a0\u00bb sticky_enabled=\u00a0\u00bb0&Prime;][et_pb_row column_structure=\u00a0\u00bb1_2,1_2&Prime; _builder_version=\u00a0\u00bb4.23&Prime; _module_preset=\u00a0\u00bbdefault\u00a0\u00bb global_colors_info=\u00a0\u00bb{}\u00a0\u00bb][et_pb_column type=\u00a0\u00bb1_2&Prime; _builder_version=\u00a0\u00bb4.23&Prime; _module_preset=\u00a0\u00bbdefault\u00a0\u00bb global_colors_info=\u00a0\u00bb{}\u00a0\u00bb][et_pb_image src=\u00a0\u00bbhttps:\/\/electricink.eu\/wp-content\/uploads\/2023\/11\/imagen-1-nosotros.webp\u00a0\u00bb title_text=\u00a0\u00bbimagen-1-nosotros\u00a0\u00bb _builder_version=\u00a0\u00bb4.23&Prime; _module_preset=\u00a0\u00bbdefault\u00a0\u00bb global_colors_info=\u00a0\u00bb{}\u00a0\u00bb][\/et_pb_image][\/et_pb_column][et_pb_column type=\u00a0\u00bb1_2&Prime; _builder_version=\u00a0\u00bb4.23&Prime; _module_preset=\u00a0\u00bbdefault\u00a0\u00bb global_colors_info=\u00a0\u00bb{}\u00a0\u00bb][et_pb_text _builder_version=\u00a0\u00bb4.23&Prime; _module_preset=\u00a0\u00bbdefault\u00a0\u00bb text_text_color=\u00a0\u00bb#000000&Prime; header_3_line_height=\u00a0\u00bb1.2em\u00a0\u00bb max_width=\u00a0\u00bb1400px\u00a0\u00bb module_alignment=\u00a0\u00bbcenter\u00a0\u00bb custom_margin=\u00a0\u00bb||2em||false|false\u00a0\u00bb global_colors_info=\u00a0\u00bb{}\u00a0\u00bb]<\/p>\n<h3>Electric Ink, entreprise br\u00e9silienne ind\u00e9pendante de produits de sant\u00e9, est reconnue pour son savoir-faire et la qualit\u00e9 de ses produits.<\/h3>\n<p>Pionni\u00e8re dans le d\u00e9veloppement des machines \u00e0 tatouer et, plus tard, des encres, la marque Cat est \u00e0 l&rsquo;origine de nombreuses innovations de grande importance dans le domaine du tatouage, d\u00e9posant des dizaines de brevets depuis sa cr\u00e9ation. Electric Ink con\u00e7oit et fabrique tous les composants essentiels de ses produits dans ses propres installations, depuis le moulage du m\u00e9tal, l&rsquo;usinage, la finition et l&rsquo;assemblage. Tous les produits Electric Ink se distinguent par leur<br \/>conception rigoureuse, qui garantit la conformit\u00e9 fid\u00e8le et durable de leurs \u00e9quipements, ainsi que la<br \/>qualit\u00e9 et puret\u00e9 de leurs encres et cosm\u00e9tiques pour tatouage et micropigmentation. Ce haut niveau de qualit\u00e9 est d\u00fb \u00e0 l&rsquo;engagement de l&rsquo;entreprise envers les artistes qui utilisent ses produits depuis plus de deux d\u00e9cennies.<\/p>\n<p>Tous les produits Electric Ink re\u00e7oivent la certification de l&rsquo;ANVISA, la plus haute organisation de sant\u00e9 du gouvernement br\u00e9silien, ainsi que la certification d&rsquo;organisations de sant\u00e9 de plusieurs pays \u00e0 travers le monde.<\/p>\n<p>[\/et_pb_text][\/et_pb_column][\/et_pb_row][\/et_pb_section][et_pb_section fb_built=\u00a0\u00bb1&Prime; _builder_version=\u00a0\u00bb4.23&Prime; _module_preset=\u00a0\u00bbdefault\u00a0\u00bb custom_padding=\u00a0\u00bb0px||0px||true|false\u00a0\u00bb global_colors_info=\u00a0\u00bb{}\u00a0\u00bb][et_pb_row column_structure=\u00a0\u00bb1_2,1_2&Prime; make_equal=\u00a0\u00bbon\u00a0\u00bb _builder_version=\u00a0\u00bb4.23&Prime; _module_preset=\u00a0\u00bbdefault\u00a0\u00bb global_colors_info=\u00a0\u00bb{}\u00a0\u00bb][et_pb_column type=\u00a0\u00bb1_2&Prime; _builder_version=\u00a0\u00bb4.23&Prime; _module_preset=\u00a0\u00bbdefault\u00a0\u00bb global_colors_info=\u00a0\u00bb{}\u00a0\u00bb][et_pb_text _builder_version=\u00a0\u00bb4.23&Prime; _module_preset=\u00a0\u00bbdefault\u00a0\u00bb text_text_color=\u00a0\u00bb#000000&Prime; header_3_line_height=\u00a0\u00bb1.4em\u00a0\u00bb max_width=\u00a0\u00bb1400px\u00a0\u00bb module_alignment=\u00a0\u00bbcenter\u00a0\u00bb custom_margin=\u00a0\u00bb||2em||false|false\u00a0\u00bb global_colors_info=\u00a0\u00bb{}\u00a0\u00bb]<\/p>\n<p>Cette certification certifie que chaque produit a satisfait avec succ\u00e8s aux exigences de sant\u00e9 et de risque de ladite organisation, conf\u00e9rant aux produits Electric Ink la qualit\u00e9 et la s\u00e9curit\u00e9 que nous appr\u00e9cions, ainsi que la recherche de la perfection dans chaque processus de production utilis\u00e9 dans l&rsquo;entreprise.<\/p>\n<p> \/p><\/p>\n<h3>Nous exportons dans plus de 30 pays et fabriquons plusieurs marques OEM exclusives pour nos partenaires.<\/h3>\n<p>En 2000, il y a 23 ans, commen\u00e7ait la saga d&rsquo;un tatoueur, d&rsquo;un tourneur et de deux assistants dans leur qu\u00eate pour cr\u00e9er une machine parfaite pour leur propre usage. Esta b\u00fasqueda se tradujo en una experiencia \u00fanica de fabricaci\u00f3n exclusiva y limitada en la que decenas de profesionales de la \u00e9poca comenzaron a utilizar el producto en busca de una m\u00e1quina nacional de alta calidad, eficiencia y costo-beneficio en relaci\u00f3n a las m\u00e1quinas importadas existentes en l&rsquo;\u00e9poque. . Cela se traduit encore aujourd&rsquo;hui dans la fa\u00e7on de penser de l&rsquo;entreprise\u00a0: produire des outils et des \u00e9quipements de la plus haute qualit\u00e9 et pr\u00e9cision pour les artistes et les professionnels.<\/p>\n<p>[\/et_pb_text][\/et_pb_column][et_pb_column type=\u00a0\u00bb1_2&Prime; _builder_version=\u00a0\u00bb4.23&Prime; _module_preset=\u00a0\u00bbdefault\u00a0\u00bb background_enable_image=\u00a0\u00bboff\u00a0\u00bb global_colors_info=\u00a0\u00bb{}\u00a0\u00bb][et_pb_image src=\u00a0\u00bbhttps:\/\/electricink.eu\/wp-content\/uploads\/2023\/11\/imagen-2-nostros.webp\u00a0\u00bb title_text=\u00a0\u00bbimagen-2-nostros\u00a0\u00bb _builder_version=\u00a0\u00bb4.23&Prime; _module_preset=\u00a0\u00bbdefault\u00a0\u00bb border_radii=\u00a0\u00bbon|2em|2em|2em|2em\u00a0\u00bb global_colors_info=\u00a0\u00bb{}\u00a0\u00bb][\/et_pb_image][\/et_pb_column][\/et_pb_row][\/et_pb_section][et_pb_section fb_built=\u00a0\u00bb1&Prime; _builder_version=\u00a0\u00bb4.23&Prime; _module_preset=\u00a0\u00bbdefault\u00a0\u00bb custom_padding=\u00a0\u00bb0px||0px||true|false\u00a0\u00bb hover_enabled=\u00a0\u00bb0&Prime; global_colors_info=\u00a0\u00bb{}\u00a0\u00bb custom_margin=\u00a0\u00bb||1em||false|false\u00a0\u00bb sticky_enabled=\u00a0\u00bb0&Prime;][et_pb_row column_structure=\u00a0\u00bb1_2,1_2&Prime; _builder_version=\u00a0\u00bb4.23&Prime; _module_preset=\u00a0\u00bbdefault\u00a0\u00bb global_colors_info=\u00a0\u00bb{}\u00a0\u00bb][et_pb_column type=\u00a0\u00bb1_2&Prime; _builder_version=\u00a0\u00bb4.23&Prime; _module_preset=\u00a0\u00bbdefault\u00a0\u00bb global_colors_info=\u00a0\u00bb{}\u00a0\u00bb][et_pb_image src=\u00a0\u00bbhttps:\/\/electricink.eu\/wp-content\/uploads\/2023\/11\/imagen-3-nosotros.webp\u00a0\u00bb title_text=\u00a0\u00bbimagen-3-nosotros\u00a0\u00bb _builder_version=\u00a0\u00bb4.23&Prime; _module_preset=\u00a0\u00bbdefault\u00a0\u00bb global_colors_info=\u00a0\u00bb{}\u00a0\u00bb][\/et_pb_image][\/et_pb_column][et_pb_column type=\u00a0\u00bb1_2&Prime; _builder_version=\u00a0\u00bb4.23&Prime; _module_preset=\u00a0\u00bbdefault\u00a0\u00bb global_colors_info=\u00a0\u00bb{}\u00a0\u00bb][et_pb_text _builder_version=\u00a0\u00bb4.23&Prime; _module_preset=\u00a0\u00bbdefault\u00a0\u00bb text_text_color=\u00a0\u00bb#000000&Prime; header_3_line_height=\u00a0\u00bb1.2em\u00a0\u00bb max_width=\u00a0\u00bb1400px\u00a0\u00bb module_alignment=\u00a0\u00bbcenter\u00a0\u00bb custom_margin=\u00a0\u00bb||2em||false|false\u00a0\u00bb global_colors_info=\u00a0\u00bb{}\u00a0\u00bb]<\/p>\n<h3>Electric Ink r\u00e9sume sa croissance par un travail acharn\u00e9 et l&rsquo;am\u00e9lioration continue de tous les produits de sant\u00e9 li\u00e9s au tatouage.<\/h3>\n<p>Actuellement avec pr\u00e8s de 450 employ\u00e9s dans l&rsquo;\u00e9quipe, dont des ing\u00e9nieurs, des chimistes, des m\u00e9caniciens, des \u00e9lectroniciens, des produits pharmaceutiques, des chimistes, des ing\u00e9nieurs de production, des designers, des designers et toute l&rsquo;\u00e9quipe de support telle que le marketing, la production, l&#8217;emballage, la logistique, la fiscalit\u00e9 et le juridique, nous exportons dans plus de 30 pays et fabriquons plusieurs marques OEM exclusives pour nos partenaires.<\/p>\n<p>Electric Ink r\u00e9sume sa croissance dans un travail acharn\u00e9 et l&rsquo;am\u00e9lioration continue de tous les produits de sant\u00e9 li\u00e9s au tatouage ainsi que dans la recherche quotidienne et incessante de l&rsquo;\u00e9volution de chacun de ses produits, depuis les machines \u00e0 bobines, les machines rotatives, en passant par les machines rotatives hybrides. d\u00e9velopp\u00e9s et brevet\u00e9s par l&rsquo;entreprise, y compris les produits accessoires n\u00e9cessaires pendant le processus de tatouage et de micropigmentation, tels que les encres, les buses et les cosm\u00e9tiques utilis\u00e9s sur la peau, avant, pendant et apr\u00e8s le processus de tatouage et de micropigmentation.<\/p>\n<p>Chacun de ces produits est compatible et en harmonie les uns avec les autres pour que le processus artistique soit toujours meilleur, plus facile et plus s\u00fbr, tant pour le professionnel qui r\u00e9alise son travail que pour le client qui le re\u00e7oit.<\/p>\n<p>[\/et_pb_text][\/et_pb_column][\/et_pb_row][\/et_pb_section]<\/p>\n","protected":false},"excerpt":{"rendered":"<p>Nous sommes Electric Ink.Des tatoueurs aux tatoueursLa soci\u00e9t\u00e9 Electric Ink, situ\u00e9e dans la ville d&rsquo;Uberaba, \u00e9tat du Minas Gerais &#8211; Br\u00e9sil, regroupe l&rsquo;ensemble des activit\u00e9s de gestion, d&rsquo;administration, de vente et de communication du groupe. Des activit\u00e9s de cr\u00e9ation, de recherche et de d\u00e9veloppement sont \u00e9galement men\u00e9es, ainsi que la production de peintures, d&rsquo;aiguilles et [&hellip;]<\/p>\n","protected":false},"author":1,"featured_media":0,"parent":0,"menu_order":0,"comment_status":"closed","ping_status":"closed","template":"","meta":{"_acf_changed":false,"_et_pb_use_builder":"on","_et_pb_old_content":"","_et_gb_content_width":"","inline_featured_image":false,"footnotes":""},"class_list":["post-30641","page","type-page","status-publish","hentry"],"acf":[],"yoast_head":"<!-- This site is optimized with the Yoast SEO plugin v27.4 - https:\/\/yoast.com\/product\/yoast-seo-wordpress\/ -->\n<title>Nous - Electric Ink\u00ae<\/title>\n<meta name=\"robots\" content=\"index, follow, max-snippet:-1, max-image-preview:large, max-video-preview:-1\" \/>\n<link rel=\"canonical\" href=\"https:\/\/electricink.eu\/nosotros\/\" \/>\n<meta property=\"og:locale\" content=\"fr_FR\" \/>\n<meta property=\"og:type\" content=\"article\" \/>\n<meta property=\"og:title\" content=\"Nous - Electric Ink\u00ae\" \/>\n<meta property=\"og:description\" content=\"Nous sommes Electric Ink.Des tatoueurs aux tatoueursLa soci\u00e9t\u00e9 Electric Ink, situ\u00e9e dans la ville d&#039;Uberaba, \u00e9tat du Minas Gerais - Br\u00e9sil, regroupe l&#039;ensemble des activit\u00e9s de gestion, d&#039;administration, de vente et de communication du groupe. Des activit\u00e9s de cr\u00e9ation, de recherche et de d\u00e9veloppement sont \u00e9galement men\u00e9es, ainsi que la production de peintures, d&#039;aiguilles et [&hellip;]\" \/>\n<meta property=\"og:url\" content=\"https:\/\/electricink.eu\/nosotros\/\" \/>\n<meta property=\"og:site_name\" content=\"Electric Ink\u00ae\" \/>\n<meta property=\"article:modified_time\" content=\"2023-12-13T14:42:25+00:00\" \/>\n<meta name=\"twitter:card\" content=\"summary_large_image\" \/>\n<meta name=\"twitter:label1\" content=\"Dur\u00e9e de lecture estim\u00e9e\" \/>\n\t<meta name=\"twitter:data1\" content=\"7 minutes\" \/>\n<script type=\"application\/ld+json\" class=\"yoast-schema-graph\">{\"@context\":\"https:\\\/\\\/schema.org\",\"@graph\":[{\"@type\":\"WebPage\",\"@id\":\"https:\\\/\\\/electricink.eu\\\/nosotros\\\/\",\"url\":\"https:\\\/\\\/electricink.eu\\\/nosotros\\\/\",\"name\":\"Nous - Electric Ink\u00ae\",\"isPartOf\":{\"@id\":\"https:\\\/\\\/electricink.eu\\\/#website\"},\"datePublished\":\"2023-10-24T07:53:00+00:00\",\"dateModified\":\"2023-12-13T14:42:25+00:00\",\"breadcrumb\":{\"@id\":\"https:\\\/\\\/electricink.eu\\\/nosotros\\\/#breadcrumb\"},\"inLanguage\":\"fr-FR\",\"potentialAction\":[{\"@type\":\"ReadAction\",\"target\":[\"https:\\\/\\\/electricink.eu\\\/nosotros\\\/\"]}]},{\"@type\":\"BreadcrumbList\",\"@id\":\"https:\\\/\\\/electricink.eu\\\/nosotros\\\/#breadcrumb\",\"itemListElement\":[{\"@type\":\"ListItem\",\"position\":1,\"name\":\"Portada\",\"item\":\"https:\\\/\\\/electricink.eu\\\/fr\\\/home\\\/\"},{\"@type\":\"ListItem\",\"position\":2,\"name\":\"Nous\"}]},{\"@type\":\"WebSite\",\"@id\":\"https:\\\/\\\/electricink.eu\\\/#website\",\"url\":\"https:\\\/\\\/electricink.eu\\\/\",\"name\":\"Electric Ink\u00ae\",\"description\":\"Material para Tatuar Profesional en Europa - Electric Ink\u00ae\",\"potentialAction\":[{\"@type\":\"SearchAction\",\"target\":{\"@type\":\"EntryPoint\",\"urlTemplate\":\"https:\\\/\\\/electricink.eu\\\/?s={search_term_string}\"},\"query-input\":{\"@type\":\"PropertyValueSpecification\",\"valueRequired\":true,\"valueName\":\"search_term_string\"}}],\"inLanguage\":\"fr-FR\"}]}<\/script>\n<!-- \/ Yoast SEO plugin. -->","yoast_head_json":{"title":"Nous - Electric Ink\u00ae","robots":{"index":"index","follow":"follow","max-snippet":"max-snippet:-1","max-image-preview":"max-image-preview:large","max-video-preview":"max-video-preview:-1"},"canonical":"https:\/\/electricink.eu\/nosotros\/","og_locale":"fr_FR","og_type":"article","og_title":"Nous - Electric Ink\u00ae","og_description":"Nous sommes Electric Ink.Des tatoueurs aux tatoueursLa soci\u00e9t\u00e9 Electric Ink, situ\u00e9e dans la ville d'Uberaba, \u00e9tat du Minas Gerais - Br\u00e9sil, regroupe l'ensemble des activit\u00e9s de gestion, d'administration, de vente et de communication du groupe. Des activit\u00e9s de cr\u00e9ation, de recherche et de d\u00e9veloppement sont \u00e9galement men\u00e9es, ainsi que la production de peintures, d'aiguilles et [&hellip;]","og_url":"https:\/\/electricink.eu\/nosotros\/","og_site_name":"Electric Ink\u00ae","article_modified_time":"2023-12-13T14:42:25+00:00","twitter_card":"summary_large_image","twitter_misc":{"Dur\u00e9e de lecture estim\u00e9e":"7 minutes"},"schema":{"@context":"https:\/\/schema.org","@graph":[{"@type":"WebPage","@id":"https:\/\/electricink.eu\/nosotros\/","url":"https:\/\/electricink.eu\/nosotros\/","name":"Nous - Electric Ink\u00ae","isPartOf":{"@id":"https:\/\/electricink.eu\/#website"},"datePublished":"2023-10-24T07:53:00+00:00","dateModified":"2023-12-13T14:42:25+00:00","breadcrumb":{"@id":"https:\/\/electricink.eu\/nosotros\/#breadcrumb"},"inLanguage":"fr-FR","potentialAction":[{"@type":"ReadAction","target":["https:\/\/electricink.eu\/nosotros\/"]}]},{"@type":"BreadcrumbList","@id":"https:\/\/electricink.eu\/nosotros\/#breadcrumb","itemListElement":[{"@type":"ListItem","position":1,"name":"Portada","item":"https:\/\/electricink.eu\/fr\/home\/"},{"@type":"ListItem","position":2,"name":"Nous"}]},{"@type":"WebSite","@id":"https:\/\/electricink.eu\/#website","url":"https:\/\/electricink.eu\/","name":"Electric Ink\u00ae","description":"Material para Tatuar Profesional en Europa - Electric Ink\u00ae","potentialAction":[{"@type":"SearchAction","target":{"@type":"EntryPoint","urlTemplate":"https:\/\/electricink.eu\/?s={search_term_string}"},"query-input":{"@type":"PropertyValueSpecification","valueRequired":true,"valueName":"search_term_string"}}],"inLanguage":"fr-FR"}]}},"_links":{"self":[{"href":"https:\/\/electricink.eu\/fr\/wp-json\/wp\/v2\/pages\/30641","targetHints":{"allow":["GET"]}}],"collection":[{"href":"https:\/\/electricink.eu\/fr\/wp-json\/wp\/v2\/pages"}],"about":[{"href":"https:\/\/electricink.eu\/fr\/wp-json\/wp\/v2\/types\/page"}],"author":[{"embeddable":true,"href":"https:\/\/electricink.eu\/fr\/wp-json\/wp\/v2\/users\/1"}],"replies":[{"embeddable":true,"href":"https:\/\/electricink.eu\/fr\/wp-json\/wp\/v2\/comments?post=30641"}],"version-history":[{"count":0,"href":"https:\/\/electricink.eu\/fr\/wp-json\/wp\/v2\/pages\/30641\/revisions"}],"wp:attachment":[{"href":"https:\/\/electricink.eu\/fr\/wp-json\/wp\/v2\/media?parent=30641"}],"curies":[{"name":"wp","href":"https:\/\/api.w.org\/{rel}","templated":true}]}}