{"id":36659,"date":"2023-12-14T01:24:48","date_gmt":"2023-12-14T00:24:48","guid":{"rendered":"https:\/\/electricink.eu\/producto\/solidifiant-de-liquides-tattoo-dry-10un\/"},"modified":"2024-01-26T10:29:30","modified_gmt":"2024-01-26T09:29:30","slug":"solidifiant-de-liquides-tattoo-dry-10un","status":"publish","type":"product","link":"https:\/\/electricink.eu\/fr\/producto\/solidifiant-de-liquides-tattoo-dry-10un\/","title":{"rendered":"Solidifiant de liquides Tattoo Dry 10un"},"content":{"rendered":"<p><strong>Solidifiant de liquides Tattoo Dry Electric Ink<\/strong><\/p>\n<p><strong>Contient :<\/strong> 01 bo\u00eete de Solidifiant Tattoo Dry\u00a0 10g avec 10 unit\u00e9s.<\/p>\n","protected":false},"excerpt":{"rendered":"<p>Nous avons d\u00e9velopp\u00e9 Electric Ink Tattoo Dry pour faciliter votre routine de travail. Avec Tattoo Dry, le nettoyage est pratique, rapide et s\u00fbr !<br \/>Tattoo Dry solidifie les d\u00e9chets liquides associ\u00e9s aux proc\u00e9dures de tatouage et de maquillage permanent (sang, fluides corporels et encres).<br \/>\u00c9vite les fuites dans les sacs \u00e0 d\u00e9chet, r\u00e9duit les risques de contamination et l&rsquo;utilisation excessive de papier absorbant.<br \/>Apr\u00e8s la proc\u00e9dure de tatouage, il est important d&rsquo;\u00e9liminer tous les d\u00e9chets correctement et en toute s\u00e9curit\u00e9.<\/p>\n<p>MODE D&rsquo;EMPLOI :<\/p>\n<p>&#8211; Ouvrir et verser toute la quantit\u00e9 d&rsquo;Electric Ink Tattoo Dry dans le r\u00e9cipient (environ 180mL) contenant le r\u00e9sidu liquide aqueux.<\/p>\n<p>&#8211; Attendre la solidification compl\u00e8te.<\/p>\n<p>&#8211; Une fois solidifi\u00e9, le r\u00e9sidu doit \u00eatre \u00e9limin\u00e9 conform\u00e9ment \u00e0 la l\u00e9gislation en vigueur.<\/p>\n","protected":false},"featured_media":4596,"comment_status":"closed","ping_status":"closed","template":"","meta":{"_acf_changed":false,"_et_pb_use_builder":"","_et_pb_old_content":"","_et_gb_content_width":"","inline_featured_image":false},"product_brand":[],"product_cat":[791,793],"product_tag":[],"class_list":{"0":"post-36659","1":"product","2":"type-product","3":"status-publish","4":"has-post-thumbnail","6":"product_cat-cosmetiques","7":"product_cat-cosmetique-tattoo-cosmetiques","9":"first","10":"outofstock","11":"taxable","12":"shipping-taxable","13":"purchasable","14":"product-type-simple"},"acf":[],"yoast_head":"<!-- This site is optimized with the Yoast SEO plugin v27.4 - https:\/\/yoast.com\/product\/yoast-seo-wordpress\/ -->\n<title>Solidifiant de liquides Tattoo Dry 10un - Electric Ink\u00ae<\/title>\n<meta name=\"robots\" content=\"index, follow, max-snippet:-1, max-image-preview:large, max-video-preview:-1\" \/>\n<link rel=\"canonical\" href=\"https:\/\/electricink.eu\/fr\/producto\/solidifiant-de-liquides-tattoo-dry-10un\/\" \/>\n<meta property=\"og:locale\" content=\"fr_FR\" \/>\n<meta property=\"og:type\" content=\"article\" \/>\n<meta property=\"og:title\" content=\"Solidifiant de liquides Tattoo Dry 10un - Electric Ink\u00ae\" \/>\n<meta property=\"og:description\" content=\"Nous avons d\u00e9velopp\u00e9 Electric Ink Tattoo Dry pour faciliter votre routine de travail. Avec Tattoo Dry, le nettoyage est pratique, rapide et s\u00fbr !Tattoo Dry solidifie les d\u00e9chets liquides associ\u00e9s aux proc\u00e9dures de tatouage et de maquillage permanent (sang, fluides corporels et encres).\u00c9vite les fuites dans les sacs \u00e0 d\u00e9chet, r\u00e9duit les risques de contamination et l&#039;utilisation excessive de papier absorbant.Apr\u00e8s la proc\u00e9dure de tatouage, il est important d&#039;\u00e9liminer tous les d\u00e9chets correctement et en toute s\u00e9curit\u00e9. MODE D&#039;EMPLOI : - Ouvrir et verser toute la quantit\u00e9 d&#039;Electric Ink Tattoo Dry dans le r\u00e9cipient (environ 180mL) contenant le r\u00e9sidu liquide aqueux. - Attendre la solidification compl\u00e8te. - Une fois solidifi\u00e9, le r\u00e9sidu doit \u00eatre \u00e9limin\u00e9 conform\u00e9ment \u00e0 la l\u00e9gislation en vigueur.\" \/>\n<meta property=\"og:url\" content=\"https:\/\/electricink.eu\/fr\/producto\/solidifiant-de-liquides-tattoo-dry-10un\/\" \/>\n<meta property=\"og:site_name\" content=\"Electric Ink\u00ae\" \/>\n<meta property=\"article:modified_time\" content=\"2024-01-26T09:29:30+00:00\" \/>\n<meta property=\"og:image\" content=\"https:\/\/electricink.eu\/wp-content\/uploads\/2023\/10\/tattoo_dry_set_solidificador.jpg\" \/>\n\t<meta property=\"og:image:width\" content=\"300\" \/>\n\t<meta property=\"og:image:height\" content=\"300\" \/>\n\t<meta property=\"og:image:type\" content=\"image\/jpeg\" \/>\n<meta name=\"twitter:card\" content=\"summary_large_image\" \/>\n<script type=\"application\/ld+json\" class=\"yoast-schema-graph\">{\"@context\":\"https:\\\/\\\/schema.org\",\"@graph\":[{\"@type\":\"WebPage\",\"@id\":\"https:\\\/\\\/electricink.eu\\\/fr\\\/producto\\\/solidifiant-de-liquides-tattoo-dry-10un\\\/\",\"url\":\"https:\\\/\\\/electricink.eu\\\/fr\\\/producto\\\/solidifiant-de-liquides-tattoo-dry-10un\\\/\",\"name\":\"Solidifiant de liquides Tattoo Dry 10un - Electric Ink\u00ae\",\"isPartOf\":{\"@id\":\"https:\\\/\\\/electricink.eu\\\/#website\"},\"primaryImageOfPage\":{\"@id\":\"https:\\\/\\\/electricink.eu\\\/fr\\\/producto\\\/solidifiant-de-liquides-tattoo-dry-10un\\\/#primaryimage\"},\"image\":{\"@id\":\"https:\\\/\\\/electricink.eu\\\/fr\\\/producto\\\/solidifiant-de-liquides-tattoo-dry-10un\\\/#primaryimage\"},\"thumbnailUrl\":\"https:\\\/\\\/electricink.eu\\\/wp-content\\\/uploads\\\/2023\\\/10\\\/tattoo_dry_set_solidificador.jpg\",\"datePublished\":\"2023-12-14T00:24:48+00:00\",\"dateModified\":\"2024-01-26T09:29:30+00:00\",\"breadcrumb\":{\"@id\":\"https:\\\/\\\/electricink.eu\\\/fr\\\/producto\\\/solidifiant-de-liquides-tattoo-dry-10un\\\/#breadcrumb\"},\"inLanguage\":\"fr-FR\",\"potentialAction\":[{\"@type\":\"ReadAction\",\"target\":[\"https:\\\/\\\/electricink.eu\\\/fr\\\/producto\\\/solidifiant-de-liquides-tattoo-dry-10un\\\/\"]}]},{\"@type\":\"ImageObject\",\"inLanguage\":\"fr-FR\",\"@id\":\"https:\\\/\\\/electricink.eu\\\/fr\\\/producto\\\/solidifiant-de-liquides-tattoo-dry-10un\\\/#primaryimage\",\"url\":\"https:\\\/\\\/electricink.eu\\\/wp-content\\\/uploads\\\/2023\\\/10\\\/tattoo_dry_set_solidificador.jpg\",\"contentUrl\":\"https:\\\/\\\/electricink.eu\\\/wp-content\\\/uploads\\\/2023\\\/10\\\/tattoo_dry_set_solidificador.jpg\",\"width\":300,\"height\":300},{\"@type\":\"BreadcrumbList\",\"@id\":\"https:\\\/\\\/electricink.eu\\\/fr\\\/producto\\\/solidifiant-de-liquides-tattoo-dry-10un\\\/#breadcrumb\",\"itemListElement\":[{\"@type\":\"ListItem\",\"position\":1,\"name\":\"Portada\",\"item\":\"https:\\\/\\\/electricink.eu\\\/fr\\\/home\\\/\"},{\"@type\":\"ListItem\",\"position\":2,\"name\":\"Boutique\",\"item\":\"https:\\\/\\\/electricink.eu\\\/tienda\\\/\"},{\"@type\":\"ListItem\",\"position\":3,\"name\":\"Solidifiant de liquides Tattoo Dry 10un\"}]},{\"@type\":\"WebSite\",\"@id\":\"https:\\\/\\\/electricink.eu\\\/#website\",\"url\":\"https:\\\/\\\/electricink.eu\\\/\",\"name\":\"Electric Ink\u00ae\",\"description\":\"Material para Tatuar Profesional en Europa - Electric Ink\u00ae\",\"potentialAction\":[{\"@type\":\"SearchAction\",\"target\":{\"@type\":\"EntryPoint\",\"urlTemplate\":\"https:\\\/\\\/electricink.eu\\\/?s={search_term_string}\"},\"query-input\":{\"@type\":\"PropertyValueSpecification\",\"valueRequired\":true,\"valueName\":\"search_term_string\"}}],\"inLanguage\":\"fr-FR\"}]}<\/script>\n<!-- \/ Yoast SEO plugin. -->","yoast_head_json":{"title":"Solidifiant de liquides Tattoo Dry 10un - Electric Ink\u00ae","robots":{"index":"index","follow":"follow","max-snippet":"max-snippet:-1","max-image-preview":"max-image-preview:large","max-video-preview":"max-video-preview:-1"},"canonical":"https:\/\/electricink.eu\/fr\/producto\/solidifiant-de-liquides-tattoo-dry-10un\/","og_locale":"fr_FR","og_type":"article","og_title":"Solidifiant de liquides Tattoo Dry 10un - Electric Ink\u00ae","og_description":"Nous avons d\u00e9velopp\u00e9 Electric Ink Tattoo Dry pour faciliter votre routine de travail. Avec Tattoo Dry, le nettoyage est pratique, rapide et s\u00fbr !Tattoo Dry solidifie les d\u00e9chets liquides associ\u00e9s aux proc\u00e9dures de tatouage et de maquillage permanent (sang, fluides corporels et encres).\u00c9vite les fuites dans les sacs \u00e0 d\u00e9chet, r\u00e9duit les risques de contamination et l'utilisation excessive de papier absorbant.Apr\u00e8s la proc\u00e9dure de tatouage, il est important d'\u00e9liminer tous les d\u00e9chets correctement et en toute s\u00e9curit\u00e9. MODE D'EMPLOI : - Ouvrir et verser toute la quantit\u00e9 d'Electric Ink Tattoo Dry dans le r\u00e9cipient (environ 180mL) contenant le r\u00e9sidu liquide aqueux. - Attendre la solidification compl\u00e8te. - Une fois solidifi\u00e9, le r\u00e9sidu doit \u00eatre \u00e9limin\u00e9 conform\u00e9ment \u00e0 la l\u00e9gislation en vigueur.","og_url":"https:\/\/electricink.eu\/fr\/producto\/solidifiant-de-liquides-tattoo-dry-10un\/","og_site_name":"Electric Ink\u00ae","article_modified_time":"2024-01-26T09:29:30+00:00","og_image":[{"width":300,"height":300,"url":"https:\/\/electricink.eu\/wp-content\/uploads\/2023\/10\/tattoo_dry_set_solidificador.jpg","type":"image\/jpeg"}],"twitter_card":"summary_large_image","schema":{"@context":"https:\/\/schema.org","@graph":[{"@type":"WebPage","@id":"https:\/\/electricink.eu\/fr\/producto\/solidifiant-de-liquides-tattoo-dry-10un\/","url":"https:\/\/electricink.eu\/fr\/producto\/solidifiant-de-liquides-tattoo-dry-10un\/","name":"Solidifiant de liquides Tattoo Dry 10un - Electric Ink\u00ae","isPartOf":{"@id":"https:\/\/electricink.eu\/#website"},"primaryImageOfPage":{"@id":"https:\/\/electricink.eu\/fr\/producto\/solidifiant-de-liquides-tattoo-dry-10un\/#primaryimage"},"image":{"@id":"https:\/\/electricink.eu\/fr\/producto\/solidifiant-de-liquides-tattoo-dry-10un\/#primaryimage"},"thumbnailUrl":"https:\/\/electricink.eu\/wp-content\/uploads\/2023\/10\/tattoo_dry_set_solidificador.jpg","datePublished":"2023-12-14T00:24:48+00:00","dateModified":"2024-01-26T09:29:30+00:00","breadcrumb":{"@id":"https:\/\/electricink.eu\/fr\/producto\/solidifiant-de-liquides-tattoo-dry-10un\/#breadcrumb"},"inLanguage":"fr-FR","potentialAction":[{"@type":"ReadAction","target":["https:\/\/electricink.eu\/fr\/producto\/solidifiant-de-liquides-tattoo-dry-10un\/"]}]},{"@type":"ImageObject","inLanguage":"fr-FR","@id":"https:\/\/electricink.eu\/fr\/producto\/solidifiant-de-liquides-tattoo-dry-10un\/#primaryimage","url":"https:\/\/electricink.eu\/wp-content\/uploads\/2023\/10\/tattoo_dry_set_solidificador.jpg","contentUrl":"https:\/\/electricink.eu\/wp-content\/uploads\/2023\/10\/tattoo_dry_set_solidificador.jpg","width":300,"height":300},{"@type":"BreadcrumbList","@id":"https:\/\/electricink.eu\/fr\/producto\/solidifiant-de-liquides-tattoo-dry-10un\/#breadcrumb","itemListElement":[{"@type":"ListItem","position":1,"name":"Portada","item":"https:\/\/electricink.eu\/fr\/home\/"},{"@type":"ListItem","position":2,"name":"Boutique","item":"https:\/\/electricink.eu\/tienda\/"},{"@type":"ListItem","position":3,"name":"Solidifiant de liquides Tattoo Dry 10un"}]},{"@type":"WebSite","@id":"https:\/\/electricink.eu\/#website","url":"https:\/\/electricink.eu\/","name":"Electric Ink\u00ae","description":"Material para Tatuar Profesional en Europa - Electric Ink\u00ae","potentialAction":[{"@type":"SearchAction","target":{"@type":"EntryPoint","urlTemplate":"https:\/\/electricink.eu\/?s={search_term_string}"},"query-input":{"@type":"PropertyValueSpecification","valueRequired":true,"valueName":"search_term_string"}}],"inLanguage":"fr-FR"}]}},"_links":{"self":[{"href":"https:\/\/electricink.eu\/fr\/wp-json\/wp\/v2\/product\/36659","targetHints":{"allow":["GET"]}}],"collection":[{"href":"https:\/\/electricink.eu\/fr\/wp-json\/wp\/v2\/product"}],"about":[{"href":"https:\/\/electricink.eu\/fr\/wp-json\/wp\/v2\/types\/product"}],"replies":[{"embeddable":true,"href":"https:\/\/electricink.eu\/fr\/wp-json\/wp\/v2\/comments?post=36659"}],"wp:featuredmedia":[{"embeddable":true,"href":"https:\/\/electricink.eu\/fr\/wp-json\/wp\/v2\/media\/4596"}],"wp:attachment":[{"href":"https:\/\/electricink.eu\/fr\/wp-json\/wp\/v2\/media?parent=36659"}],"wp:term":[{"taxonomy":"product_brand","embeddable":true,"href":"https:\/\/electricink.eu\/fr\/wp-json\/wp\/v2\/product_brand?post=36659"},{"taxonomy":"product_cat","embeddable":true,"href":"https:\/\/electricink.eu\/fr\/wp-json\/wp\/v2\/product_cat?post=36659"},{"taxonomy":"product_tag","embeddable":true,"href":"https:\/\/electricink.eu\/fr\/wp-json\/wp\/v2\/product_tag?post=36659"}],"curies":[{"name":"wp","href":"https:\/\/api.w.org\/{rel}","templated":true}]}}