{"id":36662,"date":"2023-12-14T01:24:48","date_gmt":"2023-12-14T00:24:48","guid":{"rendered":"https:\/\/electricink.eu\/producto\/tattoo-vaseline-slip-250g\/"},"modified":"2024-08-13T14:42:15","modified_gmt":"2024-08-13T12:42:15","slug":"tattoo-vaseline-slip-250g","status":"publish","type":"product","link":"https:\/\/electricink.eu\/fr\/producto\/tattoo-vaseline-slip-250g\/","title":{"rendered":"Tattoo Vaseline Slip &#8211; 250g"},"content":{"rendered":"<p><strong>Tattoo Vaseline Slip Electric Ink<\/strong><\/p>\n<p><strong>Format :<\/strong> 250g<\/p>\n<p><strong>Mod\u00e8le :<\/strong> Vaseline<\/p>\n<p><strong>Marque :<\/strong> Electric Ink<\/p>\n","protected":false},"excerpt":{"rendered":"<p><b>Tattoo\u00a0<\/b><b>Vaseline<\/b><b>\u00a0Slip<\/b>\u00a0\u00a0<strong>Electric Ink <\/strong>apporte douceur, hydratation et soin \u00e0 la peau tout au long du processus de tatouage ou de micropigmentation.<\/p>\n<p><strong>Application :<\/strong> \u00c0 l&rsquo;aide d&rsquo;une spatule, retirez la quantit\u00e9 n\u00e9cessaire et appliquez une fine couche sur la peau. R\u00e9p\u00e9tez l&rsquo;application chaque fois que n\u00e9cessaire.<\/p>\n","protected":false},"featured_media":4600,"comment_status":"closed","ping_status":"closed","template":"","meta":{"_acf_changed":false,"_et_pb_use_builder":"","_et_pb_old_content":"","_et_gb_content_width":"","inline_featured_image":false},"product_brand":[],"product_cat":[791,793,808],"product_tag":[],"class_list":{"0":"post-36662","1":"product","2":"type-product","3":"status-publish","4":"has-post-thumbnail","6":"product_cat-cosmetiques","7":"product_cat-cosmetique-tattoo-cosmetiques","8":"product_cat-tattoo-fr","10":"first","11":"outofstock","12":"taxable","13":"shipping-taxable","14":"purchasable","15":"product-type-simple"},"acf":[],"yoast_head":"<!-- This site is optimized with the Yoast SEO plugin v27.4 - https:\/\/yoast.com\/product\/yoast-seo-wordpress\/ -->\n<title>Tattoo Vaseline Slip - 250g - Electric Ink\u00ae<\/title>\n<meta name=\"description\" content=\"Tattoo Vaseline Slip Electric Ink apporte douceur, hydratation et soin \u00e0 la peau tout au long de la s\u00e9ance de tatouage ou de micropigmentation.\" \/>\n<meta name=\"robots\" content=\"index, follow, max-snippet:-1, max-image-preview:large, max-video-preview:-1\" \/>\n<link rel=\"canonical\" href=\"https:\/\/electricink.eu\/producto\/tattoo-vaselina-slip-250g\/\" \/>\n<meta property=\"og:locale\" content=\"fr_FR\" \/>\n<meta property=\"og:type\" content=\"article\" \/>\n<meta property=\"og:title\" content=\"Tattoo Vaseline Slip - 250g - Electric Ink\u00ae\" \/>\n<meta property=\"og:description\" content=\"Tattoo Vaseline Slip Electric Ink apporte douceur, hydratation et soin \u00e0 la peau tout au long de la s\u00e9ance de tatouage ou de micropigmentation.\" \/>\n<meta property=\"og:url\" content=\"https:\/\/electricink.eu\/producto\/tattoo-vaselina-slip-250g\/\" \/>\n<meta property=\"og:site_name\" content=\"Electric Ink\u00ae\" \/>\n<meta property=\"article:modified_time\" content=\"2024-08-13T12:42:15+00:00\" \/>\n<meta property=\"og:image\" content=\"https:\/\/electricink.eu\/wp-content\/uploads\/2023\/10\/tattoo_vaselina_slip_250g.jpg\" \/>\n\t<meta property=\"og:image:width\" content=\"300\" \/>\n\t<meta property=\"og:image:height\" content=\"300\" \/>\n\t<meta property=\"og:image:type\" content=\"image\/jpeg\" \/>\n<meta name=\"twitter:card\" content=\"summary_large_image\" \/>\n<script type=\"application\/ld+json\" class=\"yoast-schema-graph\">{\"@context\":\"https:\\\/\\\/schema.org\",\"@graph\":[{\"@type\":\"WebPage\",\"@id\":\"https:\\\/\\\/electricink.eu\\\/producto\\\/tattoo-vaselina-slip-250g\\\/\",\"url\":\"https:\\\/\\\/electricink.eu\\\/producto\\\/tattoo-vaselina-slip-250g\\\/\",\"name\":\"Tattoo Vaseline Slip - 250g - Electric Ink\u00ae\",\"isPartOf\":{\"@id\":\"https:\\\/\\\/electricink.eu\\\/#website\"},\"primaryImageOfPage\":{\"@id\":\"https:\\\/\\\/electricink.eu\\\/producto\\\/tattoo-vaselina-slip-250g\\\/#primaryimage\"},\"image\":{\"@id\":\"https:\\\/\\\/electricink.eu\\\/producto\\\/tattoo-vaselina-slip-250g\\\/#primaryimage\"},\"thumbnailUrl\":\"https:\\\/\\\/electricink.eu\\\/wp-content\\\/uploads\\\/2023\\\/10\\\/tattoo_vaselina_slip_250g.jpg\",\"datePublished\":\"2023-12-14T00:24:48+00:00\",\"dateModified\":\"2024-08-13T12:42:15+00:00\",\"description\":\"Tattoo Vaseline Slip Electric Ink apporte douceur, hydratation et soin \u00e0 la peau tout au long de la s\u00e9ance de tatouage ou de micropigmentation.\",\"breadcrumb\":{\"@id\":\"https:\\\/\\\/electricink.eu\\\/producto\\\/tattoo-vaselina-slip-250g\\\/#breadcrumb\"},\"inLanguage\":\"fr-FR\",\"potentialAction\":[{\"@type\":\"ReadAction\",\"target\":[\"https:\\\/\\\/electricink.eu\\\/producto\\\/tattoo-vaselina-slip-250g\\\/\"]}]},{\"@type\":\"ImageObject\",\"inLanguage\":\"fr-FR\",\"@id\":\"https:\\\/\\\/electricink.eu\\\/producto\\\/tattoo-vaselina-slip-250g\\\/#primaryimage\",\"url\":\"https:\\\/\\\/electricink.eu\\\/wp-content\\\/uploads\\\/2023\\\/10\\\/tattoo_vaselina_slip_250g.jpg\",\"contentUrl\":\"https:\\\/\\\/electricink.eu\\\/wp-content\\\/uploads\\\/2023\\\/10\\\/tattoo_vaselina_slip_250g.jpg\",\"width\":300,\"height\":300},{\"@type\":\"BreadcrumbList\",\"@id\":\"https:\\\/\\\/electricink.eu\\\/producto\\\/tattoo-vaselina-slip-250g\\\/#breadcrumb\",\"itemListElement\":[{\"@type\":\"ListItem\",\"position\":1,\"name\":\"Portada\",\"item\":\"https:\\\/\\\/electricink.eu\\\/fr\\\/home\\\/\"},{\"@type\":\"ListItem\",\"position\":2,\"name\":\"Boutique\",\"item\":\"https:\\\/\\\/electricink.eu\\\/tienda\\\/\"},{\"@type\":\"ListItem\",\"position\":3,\"name\":\"Tattoo Vaseline Slip &#8211; 250g\"}]},{\"@type\":\"WebSite\",\"@id\":\"https:\\\/\\\/electricink.eu\\\/#website\",\"url\":\"https:\\\/\\\/electricink.eu\\\/\",\"name\":\"Electric Ink\u00ae\",\"description\":\"Material para Tatuar Profesional en Europa - Electric Ink\u00ae\",\"potentialAction\":[{\"@type\":\"SearchAction\",\"target\":{\"@type\":\"EntryPoint\",\"urlTemplate\":\"https:\\\/\\\/electricink.eu\\\/?s={search_term_string}\"},\"query-input\":{\"@type\":\"PropertyValueSpecification\",\"valueRequired\":true,\"valueName\":\"search_term_string\"}}],\"inLanguage\":\"fr-FR\"}]}<\/script>\n<!-- \/ Yoast SEO plugin. -->","yoast_head_json":{"title":"Tattoo Vaseline Slip - 250g - Electric Ink\u00ae","description":"Tattoo Vaseline Slip Electric Ink apporte douceur, hydratation et soin \u00e0 la peau tout au long de la s\u00e9ance de tatouage ou de micropigmentation.","robots":{"index":"index","follow":"follow","max-snippet":"max-snippet:-1","max-image-preview":"max-image-preview:large","max-video-preview":"max-video-preview:-1"},"canonical":"https:\/\/electricink.eu\/producto\/tattoo-vaselina-slip-250g\/","og_locale":"fr_FR","og_type":"article","og_title":"Tattoo Vaseline Slip - 250g - Electric Ink\u00ae","og_description":"Tattoo Vaseline Slip Electric Ink apporte douceur, hydratation et soin \u00e0 la peau tout au long de la s\u00e9ance de tatouage ou de micropigmentation.","og_url":"https:\/\/electricink.eu\/producto\/tattoo-vaselina-slip-250g\/","og_site_name":"Electric Ink\u00ae","article_modified_time":"2024-08-13T12:42:15+00:00","og_image":[{"width":300,"height":300,"url":"https:\/\/electricink.eu\/wp-content\/uploads\/2023\/10\/tattoo_vaselina_slip_250g.jpg","type":"image\/jpeg"}],"twitter_card":"summary_large_image","schema":{"@context":"https:\/\/schema.org","@graph":[{"@type":"WebPage","@id":"https:\/\/electricink.eu\/producto\/tattoo-vaselina-slip-250g\/","url":"https:\/\/electricink.eu\/producto\/tattoo-vaselina-slip-250g\/","name":"Tattoo Vaseline Slip - 250g - Electric Ink\u00ae","isPartOf":{"@id":"https:\/\/electricink.eu\/#website"},"primaryImageOfPage":{"@id":"https:\/\/electricink.eu\/producto\/tattoo-vaselina-slip-250g\/#primaryimage"},"image":{"@id":"https:\/\/electricink.eu\/producto\/tattoo-vaselina-slip-250g\/#primaryimage"},"thumbnailUrl":"https:\/\/electricink.eu\/wp-content\/uploads\/2023\/10\/tattoo_vaselina_slip_250g.jpg","datePublished":"2023-12-14T00:24:48+00:00","dateModified":"2024-08-13T12:42:15+00:00","description":"Tattoo Vaseline Slip Electric Ink apporte douceur, hydratation et soin \u00e0 la peau tout au long de la s\u00e9ance de tatouage ou de micropigmentation.","breadcrumb":{"@id":"https:\/\/electricink.eu\/producto\/tattoo-vaselina-slip-250g\/#breadcrumb"},"inLanguage":"fr-FR","potentialAction":[{"@type":"ReadAction","target":["https:\/\/electricink.eu\/producto\/tattoo-vaselina-slip-250g\/"]}]},{"@type":"ImageObject","inLanguage":"fr-FR","@id":"https:\/\/electricink.eu\/producto\/tattoo-vaselina-slip-250g\/#primaryimage","url":"https:\/\/electricink.eu\/wp-content\/uploads\/2023\/10\/tattoo_vaselina_slip_250g.jpg","contentUrl":"https:\/\/electricink.eu\/wp-content\/uploads\/2023\/10\/tattoo_vaselina_slip_250g.jpg","width":300,"height":300},{"@type":"BreadcrumbList","@id":"https:\/\/electricink.eu\/producto\/tattoo-vaselina-slip-250g\/#breadcrumb","itemListElement":[{"@type":"ListItem","position":1,"name":"Portada","item":"https:\/\/electricink.eu\/fr\/home\/"},{"@type":"ListItem","position":2,"name":"Boutique","item":"https:\/\/electricink.eu\/tienda\/"},{"@type":"ListItem","position":3,"name":"Tattoo Vaseline Slip &#8211; 250g"}]},{"@type":"WebSite","@id":"https:\/\/electricink.eu\/#website","url":"https:\/\/electricink.eu\/","name":"Electric Ink\u00ae","description":"Material para Tatuar Profesional en Europa - Electric Ink\u00ae","potentialAction":[{"@type":"SearchAction","target":{"@type":"EntryPoint","urlTemplate":"https:\/\/electricink.eu\/?s={search_term_string}"},"query-input":{"@type":"PropertyValueSpecification","valueRequired":true,"valueName":"search_term_string"}}],"inLanguage":"fr-FR"}]}},"_links":{"self":[{"href":"https:\/\/electricink.eu\/fr\/wp-json\/wp\/v2\/product\/36662","targetHints":{"allow":["GET"]}}],"collection":[{"href":"https:\/\/electricink.eu\/fr\/wp-json\/wp\/v2\/product"}],"about":[{"href":"https:\/\/electricink.eu\/fr\/wp-json\/wp\/v2\/types\/product"}],"replies":[{"embeddable":true,"href":"https:\/\/electricink.eu\/fr\/wp-json\/wp\/v2\/comments?post=36662"}],"wp:featuredmedia":[{"embeddable":true,"href":"https:\/\/electricink.eu\/fr\/wp-json\/wp\/v2\/media\/4600"}],"wp:attachment":[{"href":"https:\/\/electricink.eu\/fr\/wp-json\/wp\/v2\/media?parent=36662"}],"wp:term":[{"taxonomy":"product_brand","embeddable":true,"href":"https:\/\/electricink.eu\/fr\/wp-json\/wp\/v2\/product_brand?post=36662"},{"taxonomy":"product_cat","embeddable":true,"href":"https:\/\/electricink.eu\/fr\/wp-json\/wp\/v2\/product_cat?post=36662"},{"taxonomy":"product_tag","embeddable":true,"href":"https:\/\/electricink.eu\/fr\/wp-json\/wp\/v2\/product_tag?post=36662"}],"curies":[{"name":"wp","href":"https:\/\/api.w.org\/{rel}","templated":true}]}}