{"id":36665,"date":"2023-12-14T01:24:48","date_gmt":"2023-12-14T00:24:48","guid":{"rendered":"https:\/\/electricink.eu\/producto\/advanced-needles-09-flex-5un-copia\/"},"modified":"2023-12-14T01:24:48","modified_gmt":"2023-12-14T00:24:48","slug":"advanced-needles-09-flex-5un-copia","status":"publish","type":"product","link":"https:\/\/electricink.eu\/fr\/producto\/advanced-needles-09-flex-5un-copia\/","title":{"rendered":"Advanced Needles 09 Flex &#8211; 5un (copia)"},"content":{"rendered":"<p><strong>Aiguilles avanc\u00e9es &#8211; Encre \u00e9lectrique<\/strong><\/p>\n<p><strong>&#8212;&#8212;&#8212;&#8212;&#8212;- Sp\u00e9cifications \/ Poids \/ Dimensions &#8212;&#8212;&#8212;&#8212;&#8212;&#8212;-<\/strong><\/p>\n<p>&#8211; Application : microblading<br \/>&#8211; Configuration : 09 Flex Courb\u00e9<br \/>&#8211; \u00c9paisseur : 0,22 mm<br \/>&#8211; St\u00e9rilisation individuelle \u00e0 l&rsquo;oxyde d&rsquo;\u00e9thyl\u00e8ne.<\/p>\n<p>Vendu en bo\u00eete unitaire, en configuration unique, \u00e0 raison de 5 unit\u00e9s de feuilles\/bo\u00eete, sous blister st\u00e9rile et \u00e0 usage unique.<\/p>\n<p><strong>&#8212;&#8212;&#8212;&#8212;&#8212;&#8212;&#8212;&#8212;- Articles inclus &#8212;&#8212;&#8212;&#8212;&#8212;&#8212;&#8212;&#8211; &#8212;<\/strong><\/p>\n<p>&#8211; 05 feuilles jetables pour tebori\/inducteur, \u00e0 usage unique (sous blister st\u00e9rile)<\/p>\n<p><strong>&#8212;&#8212;&#8212;&#8212;&#8212;&#8212;&#8212;- Garantie produit &#8212;&#8212;&#8212;&#8212;&#8212;&#8212;&#8212;&#8212;-<\/strong><\/p>\n<p>La p\u00e9riode de garantie et de st\u00e9rilisation propos\u00e9e par Electric Ink suit la r\u00e9glementation europ\u00e9enne en vigueur. La garantie d&rsquo;Electric Ink contre les d\u00e9fauts de fabrication commence \u00e0 partir de l&rsquo;achat du produit par le consommateur, prouv\u00e9 par la facture d&rsquo;achat de l&rsquo;article concern\u00e9.<\/p>\n<p>&#8212;&#8212;&#8212;&#8212;&#8212;&#8212;&#8212;&#8211; Assistance technique &#8212;&#8212;&#8212;&#8212;&#8212;&#8212;&#8212;&#8212;- &#8211;<\/p>\n<p>Contact par email via info@electric.local<\/p>\n","protected":false},"excerpt":{"rendered":"<p><strong>Aiguilles avanc\u00e9es \u2013 feuilles st\u00e9riles pour teboris\/inducteurs.<\/strong><\/p>\n<p>Les feuilles Advanced Needles ont \u00e9t\u00e9 d\u00e9velopp\u00e9es pour \u00eatre utilis\u00e9es avec les teboris en aluminium, con\u00e7ues pour les professionnels du microblading afin d&rsquo;obtenir les meilleurs r\u00e9sultats dans leurs applications.<br \/>Toutes les feuilles sont st\u00e9rilis\u00e9es \u00e0 l&rsquo;oxyde d&rsquo;\u00e9thyl\u00e8ne et conditionn\u00e9es dans des blisters unitaires de papier chirurgical, approuv\u00e9s apr\u00e8s un processus de contr\u00f4le qualit\u00e9 strict, avec analyse individuelle avant commercialisation, garantissant ainsi une hygi\u00e8ne et une s\u00e9curit\u00e9 maximales pour le professionnel et le client pendant l&rsquo;intervention. se maquiller).<\/p>\n<p>Dispositif st\u00e9rile et jetable, \u00e0 usage unique, la r\u00e9utilisation est interdite.<\/p>\n<p>En microblading, les lames FLEX, abr\u00e9viation de \u00ab flexible \u00bb, sont id\u00e9ales pour tous les professionnels. \u00c9galement utilis\u00e9 dans les cours et par les techniciens d\u00e9butants, c&rsquo;est un mod\u00e8le assez polyvalent qui offre une grande s\u00e9curit\u00e9 au nouveau professionnel, pour r\u00e9aliser tout type de sourcils sans craindre d&rsquo;ab\u00eemer la peau de son client.<\/p>\n<p>&nbsp;<\/p>\n<p>Recommandations\u00a0:<br \/>&#8211; Apr\u00e8s utilisation, jeter l&rsquo;applicateur dans un r\u00e9cipient du groupe 3, sp\u00e9cifique aux mati\u00e8res contaminants ;<br \/>&#8211; Conserver dans un endroit sec et frais, \u00e0 l&rsquo;abri de l&rsquo;humidit\u00e9 et des rayons directs du soleil ;<br \/>&#8211; Manipulez toujours ce produit avec des gants de proc\u00e9dure\u00a0;<br \/>&#8211; NE PAS UTILISER LE PRODUIT SI L&rsquo;EMBALLAGE EST OUVERT OU ENDOMMAG\u00c9.<\/p>\n","protected":false},"featured_media":4604,"comment_status":"closed","ping_status":"closed","template":"","meta":{"_acf_changed":false,"_et_pb_use_builder":"","_et_pb_old_content":"","_et_gb_content_width":"","inline_featured_image":false},"product_brand":[],"product_cat":[794,802,803],"product_tag":[],"class_list":{"0":"post-36665","1":"product","2":"type-product","3":"status-publish","4":"has-post-thumbnail","6":"product_cat-micropigmentation","7":"product_cat-teboris-fr","8":"product_cat-lames-pour-teboris","10":"first","11":"instock","12":"taxable","13":"shipping-taxable","14":"purchasable","15":"product-type-simple"},"acf":[],"yoast_head":"<!-- This site is optimized with the Yoast SEO plugin v27.4 - https:\/\/yoast.com\/product\/yoast-seo-wordpress\/ -->\n<title>Advanced Needles 09 Flex - 5un (copia) - Electric Ink\u00ae<\/title>\n<meta name=\"robots\" content=\"index, follow, max-snippet:-1, max-image-preview:large, max-video-preview:-1\" \/>\n<link rel=\"canonical\" href=\"https:\/\/electricink.eu\/fr\/producto\/advanced-needles-09-flex-5un-copia\/\" \/>\n<meta property=\"og:locale\" content=\"fr_FR\" \/>\n<meta property=\"og:type\" content=\"article\" \/>\n<meta property=\"og:title\" content=\"Advanced Needles 09 Flex - 5un (copia) - Electric Ink\u00ae\" \/>\n<meta property=\"og:description\" content=\"Aiguilles avanc\u00e9es \u2013 feuilles st\u00e9riles pour teboris\/inducteurs. Les feuilles Advanced Needles ont \u00e9t\u00e9 d\u00e9velopp\u00e9es pour \u00eatre utilis\u00e9es avec les teboris en aluminium, con\u00e7ues pour les professionnels du microblading afin d&#039;obtenir les meilleurs r\u00e9sultats dans leurs applications.Toutes les feuilles sont st\u00e9rilis\u00e9es \u00e0 l&#039;oxyde d&#039;\u00e9thyl\u00e8ne et conditionn\u00e9es dans des blisters unitaires de papier chirurgical, approuv\u00e9s apr\u00e8s un processus de contr\u00f4le qualit\u00e9 strict, avec analyse individuelle avant commercialisation, garantissant ainsi une hygi\u00e8ne et une s\u00e9curit\u00e9 maximales pour le professionnel et le client pendant l&#039;intervention. se maquiller). Dispositif st\u00e9rile et jetable, \u00e0 usage unique, la r\u00e9utilisation est interdite. En microblading, les lames FLEX, abr\u00e9viation de \u00ab flexible \u00bb, sont id\u00e9ales pour tous les professionnels. \u00c9galement utilis\u00e9 dans les cours et par les techniciens d\u00e9butants, c&#039;est un mod\u00e8le assez polyvalent qui offre une grande s\u00e9curit\u00e9 au nouveau professionnel, pour r\u00e9aliser tout type de sourcils sans craindre d&#039;ab\u00eemer la peau de son client. &nbsp; Recommandations\u00a0:- Apr\u00e8s utilisation, jeter l&#039;applicateur dans un r\u00e9cipient du groupe 3, sp\u00e9cifique aux mati\u00e8res contaminants ;- Conserver dans un endroit sec et frais, \u00e0 l&#039;abri de l&#039;humidit\u00e9 et des rayons directs du soleil ;- Manipulez toujours ce produit avec des gants de proc\u00e9dure\u00a0;- NE PAS UTILISER LE PRODUIT SI L&#039;EMBALLAGE EST OUVERT OU ENDOMMAG\u00c9.\" \/>\n<meta property=\"og:url\" content=\"https:\/\/electricink.eu\/fr\/producto\/advanced-needles-09-flex-5un-copia\/\" \/>\n<meta property=\"og:site_name\" content=\"Electric Ink\u00ae\" \/>\n<meta property=\"og:image\" content=\"https:\/\/electricink.eu\/wp-content\/uploads\/2023\/10\/Advanced-needles-nuance-9-flex-curved.jpg\" \/>\n\t<meta property=\"og:image:width\" content=\"500\" \/>\n\t<meta property=\"og:image:height\" content=\"500\" \/>\n\t<meta property=\"og:image:type\" content=\"image\/jpeg\" \/>\n<meta name=\"twitter:card\" content=\"summary_large_image\" \/>\n<meta name=\"twitter:label1\" content=\"Dur\u00e9e de lecture estim\u00e9e\" \/>\n\t<meta name=\"twitter:data1\" content=\"1 minute\" \/>\n<script type=\"application\/ld+json\" class=\"yoast-schema-graph\">{\"@context\":\"https:\\\/\\\/schema.org\",\"@graph\":[{\"@type\":\"WebPage\",\"@id\":\"https:\\\/\\\/electricink.eu\\\/fr\\\/producto\\\/advanced-needles-09-flex-5un-copia\\\/\",\"url\":\"https:\\\/\\\/electricink.eu\\\/fr\\\/producto\\\/advanced-needles-09-flex-5un-copia\\\/\",\"name\":\"Advanced Needles 09 Flex - 5un (copia) - Electric Ink\u00ae\",\"isPartOf\":{\"@id\":\"https:\\\/\\\/electricink.eu\\\/#website\"},\"primaryImageOfPage\":{\"@id\":\"https:\\\/\\\/electricink.eu\\\/fr\\\/producto\\\/advanced-needles-09-flex-5un-copia\\\/#primaryimage\"},\"image\":{\"@id\":\"https:\\\/\\\/electricink.eu\\\/fr\\\/producto\\\/advanced-needles-09-flex-5un-copia\\\/#primaryimage\"},\"thumbnailUrl\":\"https:\\\/\\\/electricink.eu\\\/wp-content\\\/uploads\\\/2023\\\/10\\\/Advanced-needles-nuance-9-flex-curved.jpg\",\"datePublished\":\"2023-12-14T00:24:48+00:00\",\"breadcrumb\":{\"@id\":\"https:\\\/\\\/electricink.eu\\\/fr\\\/producto\\\/advanced-needles-09-flex-5un-copia\\\/#breadcrumb\"},\"inLanguage\":\"fr-FR\",\"potentialAction\":[{\"@type\":\"ReadAction\",\"target\":[\"https:\\\/\\\/electricink.eu\\\/fr\\\/producto\\\/advanced-needles-09-flex-5un-copia\\\/\"]}]},{\"@type\":\"ImageObject\",\"inLanguage\":\"fr-FR\",\"@id\":\"https:\\\/\\\/electricink.eu\\\/fr\\\/producto\\\/advanced-needles-09-flex-5un-copia\\\/#primaryimage\",\"url\":\"https:\\\/\\\/electricink.eu\\\/wp-content\\\/uploads\\\/2023\\\/10\\\/Advanced-needles-nuance-9-flex-curved.jpg\",\"contentUrl\":\"https:\\\/\\\/electricink.eu\\\/wp-content\\\/uploads\\\/2023\\\/10\\\/Advanced-needles-nuance-9-flex-curved.jpg\",\"width\":500,\"height\":500},{\"@type\":\"BreadcrumbList\",\"@id\":\"https:\\\/\\\/electricink.eu\\\/fr\\\/producto\\\/advanced-needles-09-flex-5un-copia\\\/#breadcrumb\",\"itemListElement\":[{\"@type\":\"ListItem\",\"position\":1,\"name\":\"Portada\",\"item\":\"https:\\\/\\\/electricink.eu\\\/fr\\\/home\\\/\"},{\"@type\":\"ListItem\",\"position\":2,\"name\":\"Boutique\",\"item\":\"https:\\\/\\\/electricink.eu\\\/tienda\\\/\"},{\"@type\":\"ListItem\",\"position\":3,\"name\":\"Advanced Needles 09 Flex &#8211; 5un (copia)\"}]},{\"@type\":\"WebSite\",\"@id\":\"https:\\\/\\\/electricink.eu\\\/#website\",\"url\":\"https:\\\/\\\/electricink.eu\\\/\",\"name\":\"Electric Ink\u00ae\",\"description\":\"Material para Tatuar Profesional en Europa - Electric Ink\u00ae\",\"potentialAction\":[{\"@type\":\"SearchAction\",\"target\":{\"@type\":\"EntryPoint\",\"urlTemplate\":\"https:\\\/\\\/electricink.eu\\\/?s={search_term_string}\"},\"query-input\":{\"@type\":\"PropertyValueSpecification\",\"valueRequired\":true,\"valueName\":\"search_term_string\"}}],\"inLanguage\":\"fr-FR\"}]}<\/script>\n<!-- \/ Yoast SEO plugin. -->","yoast_head_json":{"title":"Advanced Needles 09 Flex - 5un (copia) - Electric Ink\u00ae","robots":{"index":"index","follow":"follow","max-snippet":"max-snippet:-1","max-image-preview":"max-image-preview:large","max-video-preview":"max-video-preview:-1"},"canonical":"https:\/\/electricink.eu\/fr\/producto\/advanced-needles-09-flex-5un-copia\/","og_locale":"fr_FR","og_type":"article","og_title":"Advanced Needles 09 Flex - 5un (copia) - Electric Ink\u00ae","og_description":"Aiguilles avanc\u00e9es \u2013 feuilles st\u00e9riles pour teboris\/inducteurs. Les feuilles Advanced Needles ont \u00e9t\u00e9 d\u00e9velopp\u00e9es pour \u00eatre utilis\u00e9es avec les teboris en aluminium, con\u00e7ues pour les professionnels du microblading afin d'obtenir les meilleurs r\u00e9sultats dans leurs applications.Toutes les feuilles sont st\u00e9rilis\u00e9es \u00e0 l'oxyde d'\u00e9thyl\u00e8ne et conditionn\u00e9es dans des blisters unitaires de papier chirurgical, approuv\u00e9s apr\u00e8s un processus de contr\u00f4le qualit\u00e9 strict, avec analyse individuelle avant commercialisation, garantissant ainsi une hygi\u00e8ne et une s\u00e9curit\u00e9 maximales pour le professionnel et le client pendant l'intervention. se maquiller). Dispositif st\u00e9rile et jetable, \u00e0 usage unique, la r\u00e9utilisation est interdite. En microblading, les lames FLEX, abr\u00e9viation de \u00ab flexible \u00bb, sont id\u00e9ales pour tous les professionnels. \u00c9galement utilis\u00e9 dans les cours et par les techniciens d\u00e9butants, c'est un mod\u00e8le assez polyvalent qui offre une grande s\u00e9curit\u00e9 au nouveau professionnel, pour r\u00e9aliser tout type de sourcils sans craindre d'ab\u00eemer la peau de son client. &nbsp; Recommandations\u00a0:- Apr\u00e8s utilisation, jeter l'applicateur dans un r\u00e9cipient du groupe 3, sp\u00e9cifique aux mati\u00e8res contaminants ;- Conserver dans un endroit sec et frais, \u00e0 l'abri de l'humidit\u00e9 et des rayons directs du soleil ;- Manipulez toujours ce produit avec des gants de proc\u00e9dure\u00a0;- NE PAS UTILISER LE PRODUIT SI L'EMBALLAGE EST OUVERT OU ENDOMMAG\u00c9.","og_url":"https:\/\/electricink.eu\/fr\/producto\/advanced-needles-09-flex-5un-copia\/","og_site_name":"Electric Ink\u00ae","og_image":[{"width":500,"height":500,"url":"https:\/\/electricink.eu\/wp-content\/uploads\/2023\/10\/Advanced-needles-nuance-9-flex-curved.jpg","type":"image\/jpeg"}],"twitter_card":"summary_large_image","twitter_misc":{"Dur\u00e9e de lecture estim\u00e9e":"1 minute"},"schema":{"@context":"https:\/\/schema.org","@graph":[{"@type":"WebPage","@id":"https:\/\/electricink.eu\/fr\/producto\/advanced-needles-09-flex-5un-copia\/","url":"https:\/\/electricink.eu\/fr\/producto\/advanced-needles-09-flex-5un-copia\/","name":"Advanced Needles 09 Flex - 5un (copia) - Electric Ink\u00ae","isPartOf":{"@id":"https:\/\/electricink.eu\/#website"},"primaryImageOfPage":{"@id":"https:\/\/electricink.eu\/fr\/producto\/advanced-needles-09-flex-5un-copia\/#primaryimage"},"image":{"@id":"https:\/\/electricink.eu\/fr\/producto\/advanced-needles-09-flex-5un-copia\/#primaryimage"},"thumbnailUrl":"https:\/\/electricink.eu\/wp-content\/uploads\/2023\/10\/Advanced-needles-nuance-9-flex-curved.jpg","datePublished":"2023-12-14T00:24:48+00:00","breadcrumb":{"@id":"https:\/\/electricink.eu\/fr\/producto\/advanced-needles-09-flex-5un-copia\/#breadcrumb"},"inLanguage":"fr-FR","potentialAction":[{"@type":"ReadAction","target":["https:\/\/electricink.eu\/fr\/producto\/advanced-needles-09-flex-5un-copia\/"]}]},{"@type":"ImageObject","inLanguage":"fr-FR","@id":"https:\/\/electricink.eu\/fr\/producto\/advanced-needles-09-flex-5un-copia\/#primaryimage","url":"https:\/\/electricink.eu\/wp-content\/uploads\/2023\/10\/Advanced-needles-nuance-9-flex-curved.jpg","contentUrl":"https:\/\/electricink.eu\/wp-content\/uploads\/2023\/10\/Advanced-needles-nuance-9-flex-curved.jpg","width":500,"height":500},{"@type":"BreadcrumbList","@id":"https:\/\/electricink.eu\/fr\/producto\/advanced-needles-09-flex-5un-copia\/#breadcrumb","itemListElement":[{"@type":"ListItem","position":1,"name":"Portada","item":"https:\/\/electricink.eu\/fr\/home\/"},{"@type":"ListItem","position":2,"name":"Boutique","item":"https:\/\/electricink.eu\/tienda\/"},{"@type":"ListItem","position":3,"name":"Advanced Needles 09 Flex &#8211; 5un (copia)"}]},{"@type":"WebSite","@id":"https:\/\/electricink.eu\/#website","url":"https:\/\/electricink.eu\/","name":"Electric Ink\u00ae","description":"Material para Tatuar Profesional en Europa - Electric Ink\u00ae","potentialAction":[{"@type":"SearchAction","target":{"@type":"EntryPoint","urlTemplate":"https:\/\/electricink.eu\/?s={search_term_string}"},"query-input":{"@type":"PropertyValueSpecification","valueRequired":true,"valueName":"search_term_string"}}],"inLanguage":"fr-FR"}]}},"_links":{"self":[{"href":"https:\/\/electricink.eu\/fr\/wp-json\/wp\/v2\/product\/36665","targetHints":{"allow":["GET"]}}],"collection":[{"href":"https:\/\/electricink.eu\/fr\/wp-json\/wp\/v2\/product"}],"about":[{"href":"https:\/\/electricink.eu\/fr\/wp-json\/wp\/v2\/types\/product"}],"replies":[{"embeddable":true,"href":"https:\/\/electricink.eu\/fr\/wp-json\/wp\/v2\/comments?post=36665"}],"wp:featuredmedia":[{"embeddable":true,"href":"https:\/\/electricink.eu\/fr\/wp-json\/wp\/v2\/media\/4604"}],"wp:attachment":[{"href":"https:\/\/electricink.eu\/fr\/wp-json\/wp\/v2\/media?parent=36665"}],"wp:term":[{"taxonomy":"product_brand","embeddable":true,"href":"https:\/\/electricink.eu\/fr\/wp-json\/wp\/v2\/product_brand?post=36665"},{"taxonomy":"product_cat","embeddable":true,"href":"https:\/\/electricink.eu\/fr\/wp-json\/wp\/v2\/product_cat?post=36665"},{"taxonomy":"product_tag","embeddable":true,"href":"https:\/\/electricink.eu\/fr\/wp-json\/wp\/v2\/product_tag?post=36665"}],"curies":[{"name":"wp","href":"https:\/\/api.w.org\/{rel}","templated":true}]}}