{"id":36668,"date":"2023-12-14T01:24:48","date_gmt":"2023-12-14T00:24:48","guid":{"rendered":"https:\/\/electricink.eu\/producto\/adaptateur-pour-dermographe-giulietta-n3\/"},"modified":"2024-01-26T10:16:20","modified_gmt":"2024-01-26T09:16:20","slug":"adaptateur-pour-dermographe-giulietta-n3","status":"publish","type":"product","link":"https:\/\/electricink.eu\/fr\/producto\/adaptateur-pour-dermographe-giulietta-n3\/","title":{"rendered":"Adaptateur pour Dermographe Giulietta n\u00b03"},"content":{"rendered":"<p><strong>Adaptateur n\u00b03 &#8211; Giulietta<\/strong><\/p>\n<p>Pour cartouches universelles<\/p>\n","protected":false},"excerpt":{"rendered":"<p>L&rsquo;<strong>Adaptateur Grip 3<\/strong> pour Dermographe Giulietta vous permet de travailler avec toutes les configurations de cartouches universelles.<\/p>\n<p><strong>\u00c0 propos du Dermographe Giulietta<\/strong> :<\/p>\n<p>Le <strong>Dermographe Giulietta <\/strong>est\u00a0un \u00e9quipement complet et moderne pour travailler avec pr\u00e9cision toutes les techniques de micropigmentation. Polyvalent, <strong>Giulietta<\/strong> est d\u00e9j\u00e0 connect\u00e9 au c\u00e2ble et \u00e0 la source. Il a \u00e9t\u00e9 d\u00e9velopp\u00e9 pour une utilisation exclusive avec l&rsquo;application Nuance, qui offre des fonctionnalit\u00e9s innovantes telles que la commande vocale et la fonction de m\u00e9moire pr\u00e9d\u00e9finie.<\/p>\n<p><strong>Osez explorer toutes les possibilit\u00e9s avec Giulietta !<\/strong><\/p>\n","protected":false},"featured_media":38852,"comment_status":"closed","ping_status":"closed","template":"","meta":{"_acf_changed":false,"_et_pb_use_builder":"","_et_pb_old_content":"","_et_gb_content_width":"","inline_featured_image":false},"product_brand":[],"product_cat":[794,798],"product_tag":[],"class_list":{"0":"post-36668","1":"product","2":"type-product","3":"status-publish","4":"has-post-thumbnail","6":"product_cat-micropigmentation","7":"product_cat-dermographes","9":"first","10":"instock","11":"taxable","12":"shipping-taxable","13":"purchasable","14":"product-type-simple"},"acf":[],"yoast_head":"<!-- This site is optimized with the Yoast SEO plugin v27.4 - https:\/\/yoast.com\/product\/yoast-seo-wordpress\/ -->\n<title>Adaptateur pour Dermographe Giulietta n\u00b03 - Electric Ink\u00ae<\/title>\n<meta name=\"robots\" content=\"index, follow, max-snippet:-1, max-image-preview:large, max-video-preview:-1\" \/>\n<link rel=\"canonical\" href=\"https:\/\/electricink.eu\/fr\/producto\/adaptateur-pour-dermographe-giulietta-n3\/\" \/>\n<meta property=\"og:locale\" content=\"fr_FR\" \/>\n<meta property=\"og:type\" content=\"article\" \/>\n<meta property=\"og:title\" content=\"Adaptateur pour Dermographe Giulietta n\u00b03 - Electric Ink\u00ae\" \/>\n<meta property=\"og:description\" content=\"L&#039;Adaptateur Grip 3 pour Dermographe Giulietta vous permet de travailler avec toutes les configurations de cartouches universelles. \u00c0 propos du Dermographe Giulietta : Le Dermographe Giulietta est\u00a0un \u00e9quipement complet et moderne pour travailler avec pr\u00e9cision toutes les techniques de micropigmentation. Polyvalent, Giulietta est d\u00e9j\u00e0 connect\u00e9 au c\u00e2ble et \u00e0 la source. Il a \u00e9t\u00e9 d\u00e9velopp\u00e9 pour une utilisation exclusive avec l&#039;application Nuance, qui offre des fonctionnalit\u00e9s innovantes telles que la commande vocale et la fonction de m\u00e9moire pr\u00e9d\u00e9finie. Osez explorer toutes les possibilit\u00e9s avec Giulietta !\" \/>\n<meta property=\"og:url\" content=\"https:\/\/electricink.eu\/fr\/producto\/adaptateur-pour-dermographe-giulietta-n3\/\" \/>\n<meta property=\"og:site_name\" content=\"Electric Ink\u00ae\" \/>\n<meta property=\"article:modified_time\" content=\"2024-01-26T09:16:20+00:00\" \/>\n<meta property=\"og:image\" content=\"https:\/\/electricink.eu\/wp-content\/uploads\/2023\/12\/Adaptador_dermografo_Giuletta_n3_1-140x140-1.jpg\" \/>\n\t<meta property=\"og:image:width\" content=\"140\" \/>\n\t<meta property=\"og:image:height\" content=\"140\" \/>\n\t<meta property=\"og:image:type\" content=\"image\/jpeg\" \/>\n<meta name=\"twitter:card\" content=\"summary_large_image\" \/>\n<script type=\"application\/ld+json\" class=\"yoast-schema-graph\">{\"@context\":\"https:\\\/\\\/schema.org\",\"@graph\":[{\"@type\":\"WebPage\",\"@id\":\"https:\\\/\\\/electricink.eu\\\/fr\\\/producto\\\/adaptateur-pour-dermographe-giulietta-n3\\\/\",\"url\":\"https:\\\/\\\/electricink.eu\\\/fr\\\/producto\\\/adaptateur-pour-dermographe-giulietta-n3\\\/\",\"name\":\"Adaptateur pour Dermographe Giulietta n\u00b03 - Electric Ink\u00ae\",\"isPartOf\":{\"@id\":\"https:\\\/\\\/electricink.eu\\\/#website\"},\"primaryImageOfPage\":{\"@id\":\"https:\\\/\\\/electricink.eu\\\/fr\\\/producto\\\/adaptateur-pour-dermographe-giulietta-n3\\\/#primaryimage\"},\"image\":{\"@id\":\"https:\\\/\\\/electricink.eu\\\/fr\\\/producto\\\/adaptateur-pour-dermographe-giulietta-n3\\\/#primaryimage\"},\"thumbnailUrl\":\"https:\\\/\\\/electricink.eu\\\/wp-content\\\/uploads\\\/2023\\\/12\\\/Adaptador_dermografo_Giuletta_n3_1-140x140-1.jpg\",\"datePublished\":\"2023-12-14T00:24:48+00:00\",\"dateModified\":\"2024-01-26T09:16:20+00:00\",\"breadcrumb\":{\"@id\":\"https:\\\/\\\/electricink.eu\\\/fr\\\/producto\\\/adaptateur-pour-dermographe-giulietta-n3\\\/#breadcrumb\"},\"inLanguage\":\"fr-FR\",\"potentialAction\":[{\"@type\":\"ReadAction\",\"target\":[\"https:\\\/\\\/electricink.eu\\\/fr\\\/producto\\\/adaptateur-pour-dermographe-giulietta-n3\\\/\"]}]},{\"@type\":\"ImageObject\",\"inLanguage\":\"fr-FR\",\"@id\":\"https:\\\/\\\/electricink.eu\\\/fr\\\/producto\\\/adaptateur-pour-dermographe-giulietta-n3\\\/#primaryimage\",\"url\":\"https:\\\/\\\/electricink.eu\\\/wp-content\\\/uploads\\\/2023\\\/12\\\/Adaptador_dermografo_Giuletta_n3_1-140x140-1.jpg\",\"contentUrl\":\"https:\\\/\\\/electricink.eu\\\/wp-content\\\/uploads\\\/2023\\\/12\\\/Adaptador_dermografo_Giuletta_n3_1-140x140-1.jpg\",\"width\":140,\"height\":140},{\"@type\":\"BreadcrumbList\",\"@id\":\"https:\\\/\\\/electricink.eu\\\/fr\\\/producto\\\/adaptateur-pour-dermographe-giulietta-n3\\\/#breadcrumb\",\"itemListElement\":[{\"@type\":\"ListItem\",\"position\":1,\"name\":\"Portada\",\"item\":\"https:\\\/\\\/electricink.eu\\\/fr\\\/home\\\/\"},{\"@type\":\"ListItem\",\"position\":2,\"name\":\"Boutique\",\"item\":\"https:\\\/\\\/electricink.eu\\\/tienda\\\/\"},{\"@type\":\"ListItem\",\"position\":3,\"name\":\"Adaptateur pour Dermographe Giulietta n\u00b03\"}]},{\"@type\":\"WebSite\",\"@id\":\"https:\\\/\\\/electricink.eu\\\/#website\",\"url\":\"https:\\\/\\\/electricink.eu\\\/\",\"name\":\"Electric Ink\u00ae\",\"description\":\"Material para Tatuar Profesional en Europa - Electric Ink\u00ae\",\"potentialAction\":[{\"@type\":\"SearchAction\",\"target\":{\"@type\":\"EntryPoint\",\"urlTemplate\":\"https:\\\/\\\/electricink.eu\\\/?s={search_term_string}\"},\"query-input\":{\"@type\":\"PropertyValueSpecification\",\"valueRequired\":true,\"valueName\":\"search_term_string\"}}],\"inLanguage\":\"fr-FR\"}]}<\/script>\n<!-- \/ Yoast SEO plugin. -->","yoast_head_json":{"title":"Adaptateur pour Dermographe Giulietta n\u00b03 - Electric Ink\u00ae","robots":{"index":"index","follow":"follow","max-snippet":"max-snippet:-1","max-image-preview":"max-image-preview:large","max-video-preview":"max-video-preview:-1"},"canonical":"https:\/\/electricink.eu\/fr\/producto\/adaptateur-pour-dermographe-giulietta-n3\/","og_locale":"fr_FR","og_type":"article","og_title":"Adaptateur pour Dermographe Giulietta n\u00b03 - Electric Ink\u00ae","og_description":"L'Adaptateur Grip 3 pour Dermographe Giulietta vous permet de travailler avec toutes les configurations de cartouches universelles. \u00c0 propos du Dermographe Giulietta : Le Dermographe Giulietta est\u00a0un \u00e9quipement complet et moderne pour travailler avec pr\u00e9cision toutes les techniques de micropigmentation. Polyvalent, Giulietta est d\u00e9j\u00e0 connect\u00e9 au c\u00e2ble et \u00e0 la source. Il a \u00e9t\u00e9 d\u00e9velopp\u00e9 pour une utilisation exclusive avec l'application Nuance, qui offre des fonctionnalit\u00e9s innovantes telles que la commande vocale et la fonction de m\u00e9moire pr\u00e9d\u00e9finie. Osez explorer toutes les possibilit\u00e9s avec Giulietta !","og_url":"https:\/\/electricink.eu\/fr\/producto\/adaptateur-pour-dermographe-giulietta-n3\/","og_site_name":"Electric Ink\u00ae","article_modified_time":"2024-01-26T09:16:20+00:00","og_image":[{"width":140,"height":140,"url":"https:\/\/electricink.eu\/wp-content\/uploads\/2023\/12\/Adaptador_dermografo_Giuletta_n3_1-140x140-1.jpg","type":"image\/jpeg"}],"twitter_card":"summary_large_image","schema":{"@context":"https:\/\/schema.org","@graph":[{"@type":"WebPage","@id":"https:\/\/electricink.eu\/fr\/producto\/adaptateur-pour-dermographe-giulietta-n3\/","url":"https:\/\/electricink.eu\/fr\/producto\/adaptateur-pour-dermographe-giulietta-n3\/","name":"Adaptateur pour Dermographe Giulietta n\u00b03 - Electric Ink\u00ae","isPartOf":{"@id":"https:\/\/electricink.eu\/#website"},"primaryImageOfPage":{"@id":"https:\/\/electricink.eu\/fr\/producto\/adaptateur-pour-dermographe-giulietta-n3\/#primaryimage"},"image":{"@id":"https:\/\/electricink.eu\/fr\/producto\/adaptateur-pour-dermographe-giulietta-n3\/#primaryimage"},"thumbnailUrl":"https:\/\/electricink.eu\/wp-content\/uploads\/2023\/12\/Adaptador_dermografo_Giuletta_n3_1-140x140-1.jpg","datePublished":"2023-12-14T00:24:48+00:00","dateModified":"2024-01-26T09:16:20+00:00","breadcrumb":{"@id":"https:\/\/electricink.eu\/fr\/producto\/adaptateur-pour-dermographe-giulietta-n3\/#breadcrumb"},"inLanguage":"fr-FR","potentialAction":[{"@type":"ReadAction","target":["https:\/\/electricink.eu\/fr\/producto\/adaptateur-pour-dermographe-giulietta-n3\/"]}]},{"@type":"ImageObject","inLanguage":"fr-FR","@id":"https:\/\/electricink.eu\/fr\/producto\/adaptateur-pour-dermographe-giulietta-n3\/#primaryimage","url":"https:\/\/electricink.eu\/wp-content\/uploads\/2023\/12\/Adaptador_dermografo_Giuletta_n3_1-140x140-1.jpg","contentUrl":"https:\/\/electricink.eu\/wp-content\/uploads\/2023\/12\/Adaptador_dermografo_Giuletta_n3_1-140x140-1.jpg","width":140,"height":140},{"@type":"BreadcrumbList","@id":"https:\/\/electricink.eu\/fr\/producto\/adaptateur-pour-dermographe-giulietta-n3\/#breadcrumb","itemListElement":[{"@type":"ListItem","position":1,"name":"Portada","item":"https:\/\/electricink.eu\/fr\/home\/"},{"@type":"ListItem","position":2,"name":"Boutique","item":"https:\/\/electricink.eu\/tienda\/"},{"@type":"ListItem","position":3,"name":"Adaptateur pour Dermographe Giulietta n\u00b03"}]},{"@type":"WebSite","@id":"https:\/\/electricink.eu\/#website","url":"https:\/\/electricink.eu\/","name":"Electric Ink\u00ae","description":"Material para Tatuar Profesional en Europa - Electric Ink\u00ae","potentialAction":[{"@type":"SearchAction","target":{"@type":"EntryPoint","urlTemplate":"https:\/\/electricink.eu\/?s={search_term_string}"},"query-input":{"@type":"PropertyValueSpecification","valueRequired":true,"valueName":"search_term_string"}}],"inLanguage":"fr-FR"}]}},"_links":{"self":[{"href":"https:\/\/electricink.eu\/fr\/wp-json\/wp\/v2\/product\/36668","targetHints":{"allow":["GET"]}}],"collection":[{"href":"https:\/\/electricink.eu\/fr\/wp-json\/wp\/v2\/product"}],"about":[{"href":"https:\/\/electricink.eu\/fr\/wp-json\/wp\/v2\/types\/product"}],"replies":[{"embeddable":true,"href":"https:\/\/electricink.eu\/fr\/wp-json\/wp\/v2\/comments?post=36668"}],"wp:featuredmedia":[{"embeddable":true,"href":"https:\/\/electricink.eu\/fr\/wp-json\/wp\/v2\/media\/38852"}],"wp:attachment":[{"href":"https:\/\/electricink.eu\/fr\/wp-json\/wp\/v2\/media?parent=36668"}],"wp:term":[{"taxonomy":"product_brand","embeddable":true,"href":"https:\/\/electricink.eu\/fr\/wp-json\/wp\/v2\/product_brand?post=36668"},{"taxonomy":"product_cat","embeddable":true,"href":"https:\/\/electricink.eu\/fr\/wp-json\/wp\/v2\/product_cat?post=36668"},{"taxonomy":"product_tag","embeddable":true,"href":"https:\/\/electricink.eu\/fr\/wp-json\/wp\/v2\/product_tag?post=36668"}],"curies":[{"name":"wp","href":"https:\/\/api.w.org\/{rel}","templated":true}]}}