{"id":36671,"date":"2023-12-14T01:24:48","date_gmt":"2023-12-14T00:24:48","guid":{"rendered":"https:\/\/electricink.eu\/producto\/adaptateur-pour-dermographe-giulietta-n4-dr-pen\/"},"modified":"2024-01-12T09:51:25","modified_gmt":"2024-01-12T08:51:25","slug":"adaptateur-pour-dermographe-giulietta-n4-dr-pen","status":"publish","type":"product","link":"https:\/\/electricink.eu\/fr\/producto\/adaptateur-pour-dermographe-giulietta-n4-dr-pen\/","title":{"rendered":"Adaptateur pour Dermographe Giulietta n\u00b04 (Dr. Pen)"},"content":{"rendered":"<p><strong>Adaptateur n\u00b04 &#8211; Giulietta<\/strong><\/p>\n<p>Pour cartouches Dr. Pen<\/p>\n","protected":false},"excerpt":{"rendered":"<p>L&rsquo;<strong>Adaptateur Grip 4<\/strong> pour Dermographe Giulietta vous permet de travailler avec les cartouches Dr. Pen dans les soins du visage et du corps. Il s&rsquo;agit d&rsquo;un adaptateur pour aiguilles de microneedling qui vous permet d&rsquo;effectuer des traitements du visage, ainsi que des BB Lips (soin des l\u00e8vres \u00e0 base d&rsquo;acide hyaluronique et de pigment qui permet d&rsquo;hydrater et de tonifier les l\u00e8vres en douceur), des traitements de microneedling du visage et du corps tels que les vergetures et cicatrices.<\/p>\n<p><strong>\u00c0 propos du Dermographe Giulietta :<\/strong><\/p>\n<p><strong>Le Dermographe Giulietta<\/strong> est un \u00e9quipement complet et moderne pour travailler avec pr\u00e9cision toutes les techniques de micropigmentation. Polyvalent, <strong>Giulietta<\/strong> est d\u00e9j\u00e0 connect\u00e9 au c\u00e2ble et \u00e0 la source. Il a \u00e9t\u00e9 d\u00e9velopp\u00e9 pour une utilisation exclusive avec l&rsquo;application Nuance, qui offre des fonctionnalit\u00e9s innovantes telles que la commande vocale et la fonction de m\u00e9moire pr\u00e9d\u00e9finie.<\/p>\n<p><strong>Osez explorer toutes les possibilit\u00e9s avec Giulietta !<\/strong><\/p>\n","protected":false},"featured_media":38783,"comment_status":"closed","ping_status":"closed","template":"","meta":{"_acf_changed":false,"_et_pb_use_builder":"","_et_pb_old_content":"","_et_gb_content_width":"","inline_featured_image":false},"product_brand":[],"product_cat":[794,798],"product_tag":[],"class_list":{"0":"post-36671","1":"product","2":"type-product","3":"status-publish","4":"has-post-thumbnail","6":"product_cat-micropigmentation","7":"product_cat-dermographes","9":"first","10":"instock","11":"taxable","12":"shipping-taxable","13":"purchasable","14":"product-type-simple"},"acf":[],"yoast_head":"<!-- This site is optimized with the Yoast SEO plugin v27.4 - https:\/\/yoast.com\/product\/yoast-seo-wordpress\/ -->\n<title>Adaptateur pour Dermographe Giulietta n\u00b04 (Dr. Pen) - Electric Ink\u00ae<\/title>\n<meta name=\"robots\" content=\"index, follow, max-snippet:-1, max-image-preview:large, max-video-preview:-1\" \/>\n<link rel=\"canonical\" href=\"https:\/\/electricink.eu\/fr\/producto\/adaptateur-pour-dermographe-giulietta-n4-dr-pen\/\" \/>\n<meta property=\"og:locale\" content=\"fr_FR\" \/>\n<meta property=\"og:type\" content=\"article\" \/>\n<meta property=\"og:title\" content=\"Adaptateur pour Dermographe Giulietta n\u00b04 (Dr. Pen) - Electric Ink\u00ae\" \/>\n<meta property=\"og:description\" content=\"L&#039;Adaptateur Grip 4 pour Dermographe Giulietta vous permet de travailler avec les cartouches Dr. Pen dans les soins du visage et du corps. Il s&#039;agit d&#039;un adaptateur pour aiguilles de microneedling qui vous permet d&#039;effectuer des traitements du visage, ainsi que des BB Lips (soin des l\u00e8vres \u00e0 base d&#039;acide hyaluronique et de pigment qui permet d&#039;hydrater et de tonifier les l\u00e8vres en douceur), des traitements de microneedling du visage et du corps tels que les vergetures et cicatrices. \u00c0 propos du Dermographe Giulietta : Le Dermographe Giulietta est un \u00e9quipement complet et moderne pour travailler avec pr\u00e9cision toutes les techniques de micropigmentation. Polyvalent, Giulietta est d\u00e9j\u00e0 connect\u00e9 au c\u00e2ble et \u00e0 la source. Il a \u00e9t\u00e9 d\u00e9velopp\u00e9 pour une utilisation exclusive avec l&#039;application Nuance, qui offre des fonctionnalit\u00e9s innovantes telles que la commande vocale et la fonction de m\u00e9moire pr\u00e9d\u00e9finie. Osez explorer toutes les possibilit\u00e9s avec Giulietta !\" \/>\n<meta property=\"og:url\" content=\"https:\/\/electricink.eu\/fr\/producto\/adaptateur-pour-dermographe-giulietta-n4-dr-pen\/\" \/>\n<meta property=\"og:site_name\" content=\"Electric Ink\u00ae\" \/>\n<meta property=\"article:modified_time\" content=\"2024-01-12T08:51:25+00:00\" \/>\n<meta property=\"og:image\" content=\"https:\/\/electricink.eu\/wp-content\/uploads\/2023\/12\/Adaptador_dermografo_giulietta_n4-300x300-1.jpg\" \/>\n\t<meta property=\"og:image:width\" content=\"300\" \/>\n\t<meta property=\"og:image:height\" content=\"300\" \/>\n\t<meta property=\"og:image:type\" content=\"image\/jpeg\" \/>\n<meta name=\"twitter:card\" content=\"summary_large_image\" \/>\n<script type=\"application\/ld+json\" class=\"yoast-schema-graph\">{\"@context\":\"https:\\\/\\\/schema.org\",\"@graph\":[{\"@type\":\"WebPage\",\"@id\":\"https:\\\/\\\/electricink.eu\\\/fr\\\/producto\\\/adaptateur-pour-dermographe-giulietta-n4-dr-pen\\\/\",\"url\":\"https:\\\/\\\/electricink.eu\\\/fr\\\/producto\\\/adaptateur-pour-dermographe-giulietta-n4-dr-pen\\\/\",\"name\":\"Adaptateur pour Dermographe Giulietta n\u00b04 (Dr. Pen) - Electric Ink\u00ae\",\"isPartOf\":{\"@id\":\"https:\\\/\\\/electricink.eu\\\/#website\"},\"primaryImageOfPage\":{\"@id\":\"https:\\\/\\\/electricink.eu\\\/fr\\\/producto\\\/adaptateur-pour-dermographe-giulietta-n4-dr-pen\\\/#primaryimage\"},\"image\":{\"@id\":\"https:\\\/\\\/electricink.eu\\\/fr\\\/producto\\\/adaptateur-pour-dermographe-giulietta-n4-dr-pen\\\/#primaryimage\"},\"thumbnailUrl\":\"https:\\\/\\\/electricink.eu\\\/wp-content\\\/uploads\\\/2023\\\/12\\\/Adaptador_dermografo_giulietta_n4-300x300-1.jpg\",\"datePublished\":\"2023-12-14T00:24:48+00:00\",\"dateModified\":\"2024-01-12T08:51:25+00:00\",\"breadcrumb\":{\"@id\":\"https:\\\/\\\/electricink.eu\\\/fr\\\/producto\\\/adaptateur-pour-dermographe-giulietta-n4-dr-pen\\\/#breadcrumb\"},\"inLanguage\":\"fr-FR\",\"potentialAction\":[{\"@type\":\"ReadAction\",\"target\":[\"https:\\\/\\\/electricink.eu\\\/fr\\\/producto\\\/adaptateur-pour-dermographe-giulietta-n4-dr-pen\\\/\"]}]},{\"@type\":\"ImageObject\",\"inLanguage\":\"fr-FR\",\"@id\":\"https:\\\/\\\/electricink.eu\\\/fr\\\/producto\\\/adaptateur-pour-dermographe-giulietta-n4-dr-pen\\\/#primaryimage\",\"url\":\"https:\\\/\\\/electricink.eu\\\/wp-content\\\/uploads\\\/2023\\\/12\\\/Adaptador_dermografo_giulietta_n4-300x300-1.jpg\",\"contentUrl\":\"https:\\\/\\\/electricink.eu\\\/wp-content\\\/uploads\\\/2023\\\/12\\\/Adaptador_dermografo_giulietta_n4-300x300-1.jpg\",\"width\":300,\"height\":300},{\"@type\":\"BreadcrumbList\",\"@id\":\"https:\\\/\\\/electricink.eu\\\/fr\\\/producto\\\/adaptateur-pour-dermographe-giulietta-n4-dr-pen\\\/#breadcrumb\",\"itemListElement\":[{\"@type\":\"ListItem\",\"position\":1,\"name\":\"Portada\",\"item\":\"https:\\\/\\\/electricink.eu\\\/fr\\\/home\\\/\"},{\"@type\":\"ListItem\",\"position\":2,\"name\":\"Boutique\",\"item\":\"https:\\\/\\\/electricink.eu\\\/tienda\\\/\"},{\"@type\":\"ListItem\",\"position\":3,\"name\":\"Adaptateur pour Dermographe Giulietta n\u00b04 (Dr. Pen)\"}]},{\"@type\":\"WebSite\",\"@id\":\"https:\\\/\\\/electricink.eu\\\/#website\",\"url\":\"https:\\\/\\\/electricink.eu\\\/\",\"name\":\"Electric Ink\u00ae\",\"description\":\"Material para Tatuar Profesional en Europa - Electric Ink\u00ae\",\"potentialAction\":[{\"@type\":\"SearchAction\",\"target\":{\"@type\":\"EntryPoint\",\"urlTemplate\":\"https:\\\/\\\/electricink.eu\\\/?s={search_term_string}\"},\"query-input\":{\"@type\":\"PropertyValueSpecification\",\"valueRequired\":true,\"valueName\":\"search_term_string\"}}],\"inLanguage\":\"fr-FR\"}]}<\/script>\n<!-- \/ Yoast SEO plugin. -->","yoast_head_json":{"title":"Adaptateur pour Dermographe Giulietta n\u00b04 (Dr. Pen) - Electric Ink\u00ae","robots":{"index":"index","follow":"follow","max-snippet":"max-snippet:-1","max-image-preview":"max-image-preview:large","max-video-preview":"max-video-preview:-1"},"canonical":"https:\/\/electricink.eu\/fr\/producto\/adaptateur-pour-dermographe-giulietta-n4-dr-pen\/","og_locale":"fr_FR","og_type":"article","og_title":"Adaptateur pour Dermographe Giulietta n\u00b04 (Dr. Pen) - Electric Ink\u00ae","og_description":"L'Adaptateur Grip 4 pour Dermographe Giulietta vous permet de travailler avec les cartouches Dr. Pen dans les soins du visage et du corps. Il s'agit d'un adaptateur pour aiguilles de microneedling qui vous permet d'effectuer des traitements du visage, ainsi que des BB Lips (soin des l\u00e8vres \u00e0 base d'acide hyaluronique et de pigment qui permet d'hydrater et de tonifier les l\u00e8vres en douceur), des traitements de microneedling du visage et du corps tels que les vergetures et cicatrices. \u00c0 propos du Dermographe Giulietta : Le Dermographe Giulietta est un \u00e9quipement complet et moderne pour travailler avec pr\u00e9cision toutes les techniques de micropigmentation. Polyvalent, Giulietta est d\u00e9j\u00e0 connect\u00e9 au c\u00e2ble et \u00e0 la source. Il a \u00e9t\u00e9 d\u00e9velopp\u00e9 pour une utilisation exclusive avec l'application Nuance, qui offre des fonctionnalit\u00e9s innovantes telles que la commande vocale et la fonction de m\u00e9moire pr\u00e9d\u00e9finie. Osez explorer toutes les possibilit\u00e9s avec Giulietta !","og_url":"https:\/\/electricink.eu\/fr\/producto\/adaptateur-pour-dermographe-giulietta-n4-dr-pen\/","og_site_name":"Electric Ink\u00ae","article_modified_time":"2024-01-12T08:51:25+00:00","og_image":[{"width":300,"height":300,"url":"https:\/\/electricink.eu\/wp-content\/uploads\/2023\/12\/Adaptador_dermografo_giulietta_n4-300x300-1.jpg","type":"image\/jpeg"}],"twitter_card":"summary_large_image","schema":{"@context":"https:\/\/schema.org","@graph":[{"@type":"WebPage","@id":"https:\/\/electricink.eu\/fr\/producto\/adaptateur-pour-dermographe-giulietta-n4-dr-pen\/","url":"https:\/\/electricink.eu\/fr\/producto\/adaptateur-pour-dermographe-giulietta-n4-dr-pen\/","name":"Adaptateur pour Dermographe Giulietta n\u00b04 (Dr. Pen) - Electric Ink\u00ae","isPartOf":{"@id":"https:\/\/electricink.eu\/#website"},"primaryImageOfPage":{"@id":"https:\/\/electricink.eu\/fr\/producto\/adaptateur-pour-dermographe-giulietta-n4-dr-pen\/#primaryimage"},"image":{"@id":"https:\/\/electricink.eu\/fr\/producto\/adaptateur-pour-dermographe-giulietta-n4-dr-pen\/#primaryimage"},"thumbnailUrl":"https:\/\/electricink.eu\/wp-content\/uploads\/2023\/12\/Adaptador_dermografo_giulietta_n4-300x300-1.jpg","datePublished":"2023-12-14T00:24:48+00:00","dateModified":"2024-01-12T08:51:25+00:00","breadcrumb":{"@id":"https:\/\/electricink.eu\/fr\/producto\/adaptateur-pour-dermographe-giulietta-n4-dr-pen\/#breadcrumb"},"inLanguage":"fr-FR","potentialAction":[{"@type":"ReadAction","target":["https:\/\/electricink.eu\/fr\/producto\/adaptateur-pour-dermographe-giulietta-n4-dr-pen\/"]}]},{"@type":"ImageObject","inLanguage":"fr-FR","@id":"https:\/\/electricink.eu\/fr\/producto\/adaptateur-pour-dermographe-giulietta-n4-dr-pen\/#primaryimage","url":"https:\/\/electricink.eu\/wp-content\/uploads\/2023\/12\/Adaptador_dermografo_giulietta_n4-300x300-1.jpg","contentUrl":"https:\/\/electricink.eu\/wp-content\/uploads\/2023\/12\/Adaptador_dermografo_giulietta_n4-300x300-1.jpg","width":300,"height":300},{"@type":"BreadcrumbList","@id":"https:\/\/electricink.eu\/fr\/producto\/adaptateur-pour-dermographe-giulietta-n4-dr-pen\/#breadcrumb","itemListElement":[{"@type":"ListItem","position":1,"name":"Portada","item":"https:\/\/electricink.eu\/fr\/home\/"},{"@type":"ListItem","position":2,"name":"Boutique","item":"https:\/\/electricink.eu\/tienda\/"},{"@type":"ListItem","position":3,"name":"Adaptateur pour Dermographe Giulietta n\u00b04 (Dr. Pen)"}]},{"@type":"WebSite","@id":"https:\/\/electricink.eu\/#website","url":"https:\/\/electricink.eu\/","name":"Electric Ink\u00ae","description":"Material para Tatuar Profesional en Europa - Electric Ink\u00ae","potentialAction":[{"@type":"SearchAction","target":{"@type":"EntryPoint","urlTemplate":"https:\/\/electricink.eu\/?s={search_term_string}"},"query-input":{"@type":"PropertyValueSpecification","valueRequired":true,"valueName":"search_term_string"}}],"inLanguage":"fr-FR"}]}},"_links":{"self":[{"href":"https:\/\/electricink.eu\/fr\/wp-json\/wp\/v2\/product\/36671","targetHints":{"allow":["GET"]}}],"collection":[{"href":"https:\/\/electricink.eu\/fr\/wp-json\/wp\/v2\/product"}],"about":[{"href":"https:\/\/electricink.eu\/fr\/wp-json\/wp\/v2\/types\/product"}],"replies":[{"embeddable":true,"href":"https:\/\/electricink.eu\/fr\/wp-json\/wp\/v2\/comments?post=36671"}],"wp:featuredmedia":[{"embeddable":true,"href":"https:\/\/electricink.eu\/fr\/wp-json\/wp\/v2\/media\/38783"}],"wp:attachment":[{"href":"https:\/\/electricink.eu\/fr\/wp-json\/wp\/v2\/media?parent=36671"}],"wp:term":[{"taxonomy":"product_brand","embeddable":true,"href":"https:\/\/electricink.eu\/fr\/wp-json\/wp\/v2\/product_brand?post=36671"},{"taxonomy":"product_cat","embeddable":true,"href":"https:\/\/electricink.eu\/fr\/wp-json\/wp\/v2\/product_cat?post=36671"},{"taxonomy":"product_tag","embeddable":true,"href":"https:\/\/electricink.eu\/fr\/wp-json\/wp\/v2\/product_tag?post=36671"}],"curies":[{"name":"wp","href":"https:\/\/api.w.org\/{rel}","templated":true}]}}