{"id":36704,"date":"2023-05-07T01:23:57","date_gmt":"2023-05-06T23:23:57","guid":{"rendered":"https:\/\/electricink.eu\/producto\/encre-sumi-7-emperor-black-easy-glow-240ml-reach\/"},"modified":"2023-12-14T01:23:57","modified_gmt":"2023-12-14T00:23:57","slug":"encre-sumi-7-emperor-black-easy-glow-240ml-reach","status":"publish","type":"product","link":"https:\/\/electricink.eu\/fr\/producto\/encre-sumi-7-emperor-black-easy-glow-240ml-reach\/","title":{"rendered":"Encre SUMI 7 &#8211; EMPEROR BLACK Easy Glow 240ml REACH"},"content":{"rendered":"<p><strong>Pigments approuv\u00e9s Electric Ink<\/strong><\/p>\n<p><strong>But du produit :<\/strong> M\u00e9lange pour tatouages \u200b\u200bou maquillage permanent.<\/p>\n<p>Produit \u00e0 usage professionnel conforme au r\u00e8glement (UE) 2020\/2081 de la commission du 14 d\u00e9cembre 2020 sur l&rsquo;enregistrement, l&rsquo;\u00e9valuation, l&rsquo;autorisation et la restriction des substances et m\u00e9langes chimiques (REACH), en ce qui concerne les substances contenues dans les encres pour le tatouage ou le maquillage permanent.<\/p>\n<p><strong>Marque :<\/strong> EasyGlow<\/p>\n<p><strong>Format :<\/strong> 240 ml<\/p>\n<p><strong>Application :<\/strong> tatouage ou micropigmentation<\/p>\n","protected":false},"excerpt":{"rendered":"<p>La ligne Sumi Easy Glow est une gamme compl\u00e8te de 7 encres pour un ombrage parfait. Notre ligne Sumi part de la Sumi 1, GI, avec une concentration moins \u00e9lev\u00e9e de pigment et la Sumi 7, EMPEROR BLACK, avec une concentration plus \u00e9lev\u00e9e de pigments.<\/p>\n<p>Une encre\u00a0 excellente pour la peinture et l&rsquo;ombrage. Ses principales caract\u00e9ristiques sont une plus grande fluidit\u00e9,\u00a0 couverture et\u00a0 pouvoir de fixation \u00e9lev\u00e9s, nettoyage facile et une cicatrisation plus rapide.<\/p>\n<p>Essayez la gamme compl\u00e8te de Sumi Easy Glow :<\/p>\n<p>GI &#8211; Sumi 1<\/p>\n<p>YUU &#8211; Sumi 2<\/p>\n<p>JIN &#8211; Sumi 3<\/p>\n<p>REI &#8211; Sumi 4<\/p>\n<p>MAKOTO &#8211; Sumi 5<\/p>\n<p>MEIYO &#8211; Sumi 6<\/p>\n<p>EMPEROR BLACK &#8211; Sumi 7<\/p>\n","protected":false},"featured_media":45273,"comment_status":"closed","ping_status":"closed","template":"","meta":{"_acf_changed":false,"_et_pb_use_builder":"","_et_pb_old_content":"","_et_gb_content_width":"","inline_featured_image":false},"product_brand":[],"product_cat":[822,808],"product_tag":[838],"class_list":{"0":"post-36704","1":"product","2":"type-product","3":"status-publish","4":"has-post-thumbnail","6":"product_cat-encres-homologuees-espagne","7":"product_cat-tattoo-fr","8":"product_tag-240ml-fr","10":"first","11":"instock","12":"taxable","13":"shipping-taxable","14":"purchasable","15":"product-type-simple"},"acf":[],"yoast_head":"<!-- This site is optimized with the Yoast SEO plugin v27.4 - https:\/\/yoast.com\/product\/yoast-seo-wordpress\/ -->\n<title>Encre SUMI 7 - EMPEROR BLACK Easy Glow 240ml REACH - Electric Ink\u00ae<\/title>\n<meta name=\"robots\" content=\"index, follow, max-snippet:-1, max-image-preview:large, max-video-preview:-1\" \/>\n<link rel=\"canonical\" href=\"https:\/\/electricink.eu\/producto\/tinta-sumi-7-emperor-black-easy-glow-30ml-reach\/\" \/>\n<meta property=\"og:locale\" content=\"fr_FR\" \/>\n<meta property=\"og:type\" content=\"article\" \/>\n<meta property=\"og:title\" content=\"Encre SUMI 7 - EMPEROR BLACK Easy Glow 240ml REACH - Electric Ink\u00ae\" \/>\n<meta property=\"og:description\" content=\"La ligne Sumi Easy Glow est une gamme compl\u00e8te de 7 encres pour un ombrage parfait. Notre ligne Sumi part de la Sumi 1, GI, avec une concentration moins \u00e9lev\u00e9e de pigment et la Sumi 7, EMPEROR BLACK, avec une concentration plus \u00e9lev\u00e9e de pigments. Une encre\u00a0 excellente pour la peinture et l&#039;ombrage. Ses principales caract\u00e9ristiques sont une plus grande fluidit\u00e9,\u00a0 couverture et\u00a0 pouvoir de fixation \u00e9lev\u00e9s, nettoyage facile et une cicatrisation plus rapide. Essayez la gamme compl\u00e8te de Sumi Easy Glow : GI - Sumi 1 YUU - Sumi 2 JIN - Sumi 3 REI - Sumi 4 MAKOTO - Sumi 5 MEIYO - Sumi 6 EMPEROR BLACK - Sumi 7\" \/>\n<meta property=\"og:url\" content=\"https:\/\/electricink.eu\/producto\/tinta-sumi-7-emperor-black-easy-glow-30ml-reach\/\" \/>\n<meta property=\"og:site_name\" content=\"Electric Ink\u00ae\" \/>\n<meta property=\"article:modified_time\" content=\"2023-12-14T00:23:57+00:00\" \/>\n<meta property=\"og:image\" content=\"https:\/\/electricink.eu\/wp-content\/uploads\/2023\/12\/240ml-7.png\" \/>\n\t<meta property=\"og:image:width\" content=\"1200\" \/>\n\t<meta property=\"og:image:height\" content=\"1200\" \/>\n\t<meta property=\"og:image:type\" content=\"image\/png\" \/>\n<meta name=\"twitter:card\" content=\"summary_large_image\" \/>\n<script type=\"application\/ld+json\" class=\"yoast-schema-graph\">{\"@context\":\"https:\\\/\\\/schema.org\",\"@graph\":[{\"@type\":\"WebPage\",\"@id\":\"https:\\\/\\\/electricink.eu\\\/producto\\\/tinta-sumi-7-emperor-black-easy-glow-30ml-reach\\\/\",\"url\":\"https:\\\/\\\/electricink.eu\\\/producto\\\/tinta-sumi-7-emperor-black-easy-glow-30ml-reach\\\/\",\"name\":\"Encre SUMI 7 - EMPEROR BLACK Easy Glow 240ml REACH - Electric Ink\u00ae\",\"isPartOf\":{\"@id\":\"https:\\\/\\\/electricink.eu\\\/#website\"},\"primaryImageOfPage\":{\"@id\":\"https:\\\/\\\/electricink.eu\\\/producto\\\/tinta-sumi-7-emperor-black-easy-glow-30ml-reach\\\/#primaryimage\"},\"image\":{\"@id\":\"https:\\\/\\\/electricink.eu\\\/producto\\\/tinta-sumi-7-emperor-black-easy-glow-30ml-reach\\\/#primaryimage\"},\"thumbnailUrl\":\"https:\\\/\\\/electricink.eu\\\/wp-content\\\/uploads\\\/2023\\\/12\\\/240ml-7.png\",\"datePublished\":\"2023-05-06T23:23:57+00:00\",\"dateModified\":\"2023-12-14T00:23:57+00:00\",\"breadcrumb\":{\"@id\":\"https:\\\/\\\/electricink.eu\\\/producto\\\/tinta-sumi-7-emperor-black-easy-glow-30ml-reach\\\/#breadcrumb\"},\"inLanguage\":\"fr-FR\",\"potentialAction\":[{\"@type\":\"ReadAction\",\"target\":[\"https:\\\/\\\/electricink.eu\\\/producto\\\/tinta-sumi-7-emperor-black-easy-glow-30ml-reach\\\/\"]}]},{\"@type\":\"ImageObject\",\"inLanguage\":\"fr-FR\",\"@id\":\"https:\\\/\\\/electricink.eu\\\/producto\\\/tinta-sumi-7-emperor-black-easy-glow-30ml-reach\\\/#primaryimage\",\"url\":\"https:\\\/\\\/electricink.eu\\\/wp-content\\\/uploads\\\/2023\\\/12\\\/240ml-7.png\",\"contentUrl\":\"https:\\\/\\\/electricink.eu\\\/wp-content\\\/uploads\\\/2023\\\/12\\\/240ml-7.png\",\"width\":1200,\"height\":1200},{\"@type\":\"BreadcrumbList\",\"@id\":\"https:\\\/\\\/electricink.eu\\\/producto\\\/tinta-sumi-7-emperor-black-easy-glow-30ml-reach\\\/#breadcrumb\",\"itemListElement\":[{\"@type\":\"ListItem\",\"position\":1,\"name\":\"Portada\",\"item\":\"https:\\\/\\\/electricink.eu\\\/fr\\\/home\\\/\"},{\"@type\":\"ListItem\",\"position\":2,\"name\":\"Boutique\",\"item\":\"https:\\\/\\\/electricink.eu\\\/tienda\\\/\"},{\"@type\":\"ListItem\",\"position\":3,\"name\":\"Encre SUMI 7 &#8211; EMPEROR BLACK Easy Glow 240ml REACH\"}]},{\"@type\":\"WebSite\",\"@id\":\"https:\\\/\\\/electricink.eu\\\/#website\",\"url\":\"https:\\\/\\\/electricink.eu\\\/\",\"name\":\"Electric Ink\u00ae\",\"description\":\"Material para Tatuar Profesional en Europa - Electric Ink\u00ae\",\"potentialAction\":[{\"@type\":\"SearchAction\",\"target\":{\"@type\":\"EntryPoint\",\"urlTemplate\":\"https:\\\/\\\/electricink.eu\\\/?s={search_term_string}\"},\"query-input\":{\"@type\":\"PropertyValueSpecification\",\"valueRequired\":true,\"valueName\":\"search_term_string\"}}],\"inLanguage\":\"fr-FR\"}]}<\/script>\n<!-- \/ Yoast SEO plugin. -->","yoast_head_json":{"title":"Encre SUMI 7 - EMPEROR BLACK Easy Glow 240ml REACH - Electric Ink\u00ae","robots":{"index":"index","follow":"follow","max-snippet":"max-snippet:-1","max-image-preview":"max-image-preview:large","max-video-preview":"max-video-preview:-1"},"canonical":"https:\/\/electricink.eu\/producto\/tinta-sumi-7-emperor-black-easy-glow-30ml-reach\/","og_locale":"fr_FR","og_type":"article","og_title":"Encre SUMI 7 - EMPEROR BLACK Easy Glow 240ml REACH - Electric Ink\u00ae","og_description":"La ligne Sumi Easy Glow est une gamme compl\u00e8te de 7 encres pour un ombrage parfait. Notre ligne Sumi part de la Sumi 1, GI, avec une concentration moins \u00e9lev\u00e9e de pigment et la Sumi 7, EMPEROR BLACK, avec une concentration plus \u00e9lev\u00e9e de pigments. Une encre\u00a0 excellente pour la peinture et l'ombrage. Ses principales caract\u00e9ristiques sont une plus grande fluidit\u00e9,\u00a0 couverture et\u00a0 pouvoir de fixation \u00e9lev\u00e9s, nettoyage facile et une cicatrisation plus rapide. Essayez la gamme compl\u00e8te de Sumi Easy Glow : GI - Sumi 1 YUU - Sumi 2 JIN - Sumi 3 REI - Sumi 4 MAKOTO - Sumi 5 MEIYO - Sumi 6 EMPEROR BLACK - Sumi 7","og_url":"https:\/\/electricink.eu\/producto\/tinta-sumi-7-emperor-black-easy-glow-30ml-reach\/","og_site_name":"Electric Ink\u00ae","article_modified_time":"2023-12-14T00:23:57+00:00","og_image":[{"width":1200,"height":1200,"url":"https:\/\/electricink.eu\/wp-content\/uploads\/2023\/12\/240ml-7.png","type":"image\/png"}],"twitter_card":"summary_large_image","schema":{"@context":"https:\/\/schema.org","@graph":[{"@type":"WebPage","@id":"https:\/\/electricink.eu\/producto\/tinta-sumi-7-emperor-black-easy-glow-30ml-reach\/","url":"https:\/\/electricink.eu\/producto\/tinta-sumi-7-emperor-black-easy-glow-30ml-reach\/","name":"Encre SUMI 7 - EMPEROR BLACK Easy Glow 240ml REACH - Electric Ink\u00ae","isPartOf":{"@id":"https:\/\/electricink.eu\/#website"},"primaryImageOfPage":{"@id":"https:\/\/electricink.eu\/producto\/tinta-sumi-7-emperor-black-easy-glow-30ml-reach\/#primaryimage"},"image":{"@id":"https:\/\/electricink.eu\/producto\/tinta-sumi-7-emperor-black-easy-glow-30ml-reach\/#primaryimage"},"thumbnailUrl":"https:\/\/electricink.eu\/wp-content\/uploads\/2023\/12\/240ml-7.png","datePublished":"2023-05-06T23:23:57+00:00","dateModified":"2023-12-14T00:23:57+00:00","breadcrumb":{"@id":"https:\/\/electricink.eu\/producto\/tinta-sumi-7-emperor-black-easy-glow-30ml-reach\/#breadcrumb"},"inLanguage":"fr-FR","potentialAction":[{"@type":"ReadAction","target":["https:\/\/electricink.eu\/producto\/tinta-sumi-7-emperor-black-easy-glow-30ml-reach\/"]}]},{"@type":"ImageObject","inLanguage":"fr-FR","@id":"https:\/\/electricink.eu\/producto\/tinta-sumi-7-emperor-black-easy-glow-30ml-reach\/#primaryimage","url":"https:\/\/electricink.eu\/wp-content\/uploads\/2023\/12\/240ml-7.png","contentUrl":"https:\/\/electricink.eu\/wp-content\/uploads\/2023\/12\/240ml-7.png","width":1200,"height":1200},{"@type":"BreadcrumbList","@id":"https:\/\/electricink.eu\/producto\/tinta-sumi-7-emperor-black-easy-glow-30ml-reach\/#breadcrumb","itemListElement":[{"@type":"ListItem","position":1,"name":"Portada","item":"https:\/\/electricink.eu\/fr\/home\/"},{"@type":"ListItem","position":2,"name":"Boutique","item":"https:\/\/electricink.eu\/tienda\/"},{"@type":"ListItem","position":3,"name":"Encre SUMI 7 &#8211; EMPEROR BLACK Easy Glow 240ml REACH"}]},{"@type":"WebSite","@id":"https:\/\/electricink.eu\/#website","url":"https:\/\/electricink.eu\/","name":"Electric Ink\u00ae","description":"Material para Tatuar Profesional en Europa - Electric Ink\u00ae","potentialAction":[{"@type":"SearchAction","target":{"@type":"EntryPoint","urlTemplate":"https:\/\/electricink.eu\/?s={search_term_string}"},"query-input":{"@type":"PropertyValueSpecification","valueRequired":true,"valueName":"search_term_string"}}],"inLanguage":"fr-FR"}]}},"_links":{"self":[{"href":"https:\/\/electricink.eu\/fr\/wp-json\/wp\/v2\/product\/36704","targetHints":{"allow":["GET"]}}],"collection":[{"href":"https:\/\/electricink.eu\/fr\/wp-json\/wp\/v2\/product"}],"about":[{"href":"https:\/\/electricink.eu\/fr\/wp-json\/wp\/v2\/types\/product"}],"replies":[{"embeddable":true,"href":"https:\/\/electricink.eu\/fr\/wp-json\/wp\/v2\/comments?post=36704"}],"wp:featuredmedia":[{"embeddable":true,"href":"https:\/\/electricink.eu\/fr\/wp-json\/wp\/v2\/media\/45273"}],"wp:attachment":[{"href":"https:\/\/electricink.eu\/fr\/wp-json\/wp\/v2\/media?parent=36704"}],"wp:term":[{"taxonomy":"product_brand","embeddable":true,"href":"https:\/\/electricink.eu\/fr\/wp-json\/wp\/v2\/product_brand?post=36704"},{"taxonomy":"product_cat","embeddable":true,"href":"https:\/\/electricink.eu\/fr\/wp-json\/wp\/v2\/product_cat?post=36704"},{"taxonomy":"product_tag","embeddable":true,"href":"https:\/\/electricink.eu\/fr\/wp-json\/wp\/v2\/product_tag?post=36704"}],"curies":[{"name":"wp","href":"https:\/\/api.w.org\/{rel}","templated":true}]}}