{"id":36731,"date":"2023-12-14T01:23:57","date_gmt":"2023-12-14T00:23:57","guid":{"rendered":"https:\/\/electricink.eu\/producto\/godets-a-encre-en-silicone-p-500un-rose\/"},"modified":"2023-12-14T01:23:57","modified_gmt":"2023-12-14T00:23:57","slug":"godets-a-encre-en-silicone-p-500un-rose","status":"publish","type":"product","link":"https:\/\/electricink.eu\/fr\/producto\/godets-a-encre-en-silicone-p-500un-rose\/","title":{"rendered":"Godets \u00e0 encre en silicone &#8211; P (500un) &#8211; Rose"},"content":{"rendered":"<p><strong>Caps \/ Godets \u00e0 encre en silicone<\/strong><\/p>\n<p>Taille : P<br \/>Format: 0.5 ml<br \/>Quantit\u00e9 : 500 un<br \/>Mod\u00e8le : Inject\u00e9<br \/>Marque : Electric Ink<\/p>\n<p>Couleur: Rose<\/p>\n<p>&nbsp;<\/p>\n<p>&nbsp;<\/p>\n","protected":false},"excerpt":{"rendered":"<p>Caps en silicone de diff\u00e9rentes tailles.<br \/>Les godets en silicone Electric Ink stockent l&rsquo;encre de mani\u00e8re plus s\u00fbre et pratique pendant la s\u00e9ance. Leur base en caoutchouc prot\u00e8ge la pointe de l&rsquo;aiguille et l&#8217;emp\u00eache d&rsquo;\u00eatre endommag\u00e9e.<\/p>\n<p>Avant de les utiliser, st\u00e9rilisez-les avec de l&rsquo;alcool \u00e0 70 %. Apr\u00e8s utilisation, jetez-les dans un conteneur sp\u00e9cifique pour les d\u00e9chets sanitaires.<\/p>\n<p>Tailles disponibles :<\/p>\n<p>Caps &#8211; P : 500 unit\u00e9s de 0,5 ml<\/p>\n<p>Caps &#8211; M : 300 unit\u00e9s de 1 ml<\/p>\n<p>Caps &#8211; G : 200 unit\u00e9s de 2 ml<\/p>\n<p>Caps &#8211; GG : 100 unit\u00e9s de 4 ml<\/p>\n<p>Caps &#8211; Mixte : 100 unit\u00e9s de chaque (S, M, G et GG)<\/p>\n","protected":false},"featured_media":36291,"comment_status":"closed","ping_status":"closed","template":"","meta":{"_acf_changed":false,"_et_pb_use_builder":"","_et_pb_old_content":"","_et_gb_content_width":"","inline_featured_image":false},"product_brand":[],"product_cat":[781,784],"product_tag":[],"class_list":{"0":"post-36731","1":"product","2":"type-product","3":"status-publish","4":"has-post-thumbnail","6":"product_cat-accessoires-pour-tatouer","7":"product_cat-ink-caps-fr","9":"first","10":"instock","11":"taxable","12":"shipping-taxable","13":"purchasable","14":"product-type-simple"},"acf":[],"yoast_head":"<!-- This site is optimized with the Yoast SEO plugin v27.4 - https:\/\/yoast.com\/product\/yoast-seo-wordpress\/ -->\n<title>Godets \u00e0 encre en silicone - P (500un) - Rose - Electric Ink\u00ae<\/title>\n<meta name=\"robots\" content=\"index, follow, max-snippet:-1, max-image-preview:large, max-video-preview:-1\" \/>\n<link rel=\"canonical\" href=\"https:\/\/electricink.eu\/fr\/producto\/godets-a-encre-en-silicone-p-500un-rose\/\" \/>\n<meta property=\"og:locale\" content=\"fr_FR\" \/>\n<meta property=\"og:type\" content=\"article\" \/>\n<meta property=\"og:title\" content=\"Godets \u00e0 encre en silicone - P (500un) - Rose - Electric Ink\u00ae\" \/>\n<meta property=\"og:description\" content=\"Caps en silicone de diff\u00e9rentes tailles.Les godets en silicone Electric Ink stockent l&#039;encre de mani\u00e8re plus s\u00fbre et pratique pendant la s\u00e9ance. Leur base en caoutchouc prot\u00e8ge la pointe de l&#039;aiguille et l&#039;emp\u00eache d&#039;\u00eatre endommag\u00e9e. Avant de les utiliser, st\u00e9rilisez-les avec de l&#039;alcool \u00e0 70 %. Apr\u00e8s utilisation, jetez-les dans un conteneur sp\u00e9cifique pour les d\u00e9chets sanitaires. Tailles disponibles : Caps - P : 500 unit\u00e9s de 0,5 ml Caps - M : 300 unit\u00e9s de 1 ml Caps - G : 200 unit\u00e9s de 2 ml Caps - GG : 100 unit\u00e9s de 4 ml Caps - Mixte : 100 unit\u00e9s de chaque (S, M, G et GG)\" \/>\n<meta property=\"og:url\" content=\"https:\/\/electricink.eu\/fr\/producto\/godets-a-encre-en-silicone-p-500un-rose\/\" \/>\n<meta property=\"og:site_name\" content=\"Electric Ink\u00ae\" \/>\n<meta property=\"og:image\" content=\"https:\/\/electricink.eu\/wp-content\/uploads\/2023\/12\/inkcap_rosa1-9.jpg\" \/>\n\t<meta property=\"og:image:width\" content=\"500\" \/>\n\t<meta property=\"og:image:height\" content=\"500\" \/>\n\t<meta property=\"og:image:type\" content=\"image\/jpeg\" \/>\n<meta name=\"twitter:card\" content=\"summary_large_image\" \/>\n<script type=\"application\/ld+json\" class=\"yoast-schema-graph\">{\"@context\":\"https:\\\/\\\/schema.org\",\"@graph\":[{\"@type\":\"WebPage\",\"@id\":\"https:\\\/\\\/electricink.eu\\\/fr\\\/producto\\\/godets-a-encre-en-silicone-p-500un-rose\\\/\",\"url\":\"https:\\\/\\\/electricink.eu\\\/fr\\\/producto\\\/godets-a-encre-en-silicone-p-500un-rose\\\/\",\"name\":\"Godets \u00e0 encre en silicone - P (500un) - Rose - Electric Ink\u00ae\",\"isPartOf\":{\"@id\":\"https:\\\/\\\/electricink.eu\\\/#website\"},\"primaryImageOfPage\":{\"@id\":\"https:\\\/\\\/electricink.eu\\\/fr\\\/producto\\\/godets-a-encre-en-silicone-p-500un-rose\\\/#primaryimage\"},\"image\":{\"@id\":\"https:\\\/\\\/electricink.eu\\\/fr\\\/producto\\\/godets-a-encre-en-silicone-p-500un-rose\\\/#primaryimage\"},\"thumbnailUrl\":\"https:\\\/\\\/electricink.eu\\\/wp-content\\\/uploads\\\/2023\\\/12\\\/inkcap_rosa1-9.jpg\",\"datePublished\":\"2023-12-14T00:23:57+00:00\",\"breadcrumb\":{\"@id\":\"https:\\\/\\\/electricink.eu\\\/fr\\\/producto\\\/godets-a-encre-en-silicone-p-500un-rose\\\/#breadcrumb\"},\"inLanguage\":\"fr-FR\",\"potentialAction\":[{\"@type\":\"ReadAction\",\"target\":[\"https:\\\/\\\/electricink.eu\\\/fr\\\/producto\\\/godets-a-encre-en-silicone-p-500un-rose\\\/\"]}]},{\"@type\":\"ImageObject\",\"inLanguage\":\"fr-FR\",\"@id\":\"https:\\\/\\\/electricink.eu\\\/fr\\\/producto\\\/godets-a-encre-en-silicone-p-500un-rose\\\/#primaryimage\",\"url\":\"https:\\\/\\\/electricink.eu\\\/wp-content\\\/uploads\\\/2023\\\/12\\\/inkcap_rosa1-9.jpg\",\"contentUrl\":\"https:\\\/\\\/electricink.eu\\\/wp-content\\\/uploads\\\/2023\\\/12\\\/inkcap_rosa1-9.jpg\",\"width\":500,\"height\":500},{\"@type\":\"BreadcrumbList\",\"@id\":\"https:\\\/\\\/electricink.eu\\\/fr\\\/producto\\\/godets-a-encre-en-silicone-p-500un-rose\\\/#breadcrumb\",\"itemListElement\":[{\"@type\":\"ListItem\",\"position\":1,\"name\":\"Portada\",\"item\":\"https:\\\/\\\/electricink.eu\\\/fr\\\/home\\\/\"},{\"@type\":\"ListItem\",\"position\":2,\"name\":\"Boutique\",\"item\":\"https:\\\/\\\/electricink.eu\\\/tienda\\\/\"},{\"@type\":\"ListItem\",\"position\":3,\"name\":\"Godets \u00e0 encre en silicone &#8211; P (500un) &#8211; Rose\"}]},{\"@type\":\"WebSite\",\"@id\":\"https:\\\/\\\/electricink.eu\\\/#website\",\"url\":\"https:\\\/\\\/electricink.eu\\\/\",\"name\":\"Electric Ink\u00ae\",\"description\":\"Material para Tatuar Profesional en Europa - Electric Ink\u00ae\",\"potentialAction\":[{\"@type\":\"SearchAction\",\"target\":{\"@type\":\"EntryPoint\",\"urlTemplate\":\"https:\\\/\\\/electricink.eu\\\/?s={search_term_string}\"},\"query-input\":{\"@type\":\"PropertyValueSpecification\",\"valueRequired\":true,\"valueName\":\"search_term_string\"}}],\"inLanguage\":\"fr-FR\"}]}<\/script>\n<!-- \/ Yoast SEO plugin. -->","yoast_head_json":{"title":"Godets \u00e0 encre en silicone - P (500un) - Rose - Electric Ink\u00ae","robots":{"index":"index","follow":"follow","max-snippet":"max-snippet:-1","max-image-preview":"max-image-preview:large","max-video-preview":"max-video-preview:-1"},"canonical":"https:\/\/electricink.eu\/fr\/producto\/godets-a-encre-en-silicone-p-500un-rose\/","og_locale":"fr_FR","og_type":"article","og_title":"Godets \u00e0 encre en silicone - P (500un) - Rose - Electric Ink\u00ae","og_description":"Caps en silicone de diff\u00e9rentes tailles.Les godets en silicone Electric Ink stockent l'encre de mani\u00e8re plus s\u00fbre et pratique pendant la s\u00e9ance. Leur base en caoutchouc prot\u00e8ge la pointe de l'aiguille et l'emp\u00eache d'\u00eatre endommag\u00e9e. Avant de les utiliser, st\u00e9rilisez-les avec de l'alcool \u00e0 70 %. Apr\u00e8s utilisation, jetez-les dans un conteneur sp\u00e9cifique pour les d\u00e9chets sanitaires. Tailles disponibles : Caps - P : 500 unit\u00e9s de 0,5 ml Caps - M : 300 unit\u00e9s de 1 ml Caps - G : 200 unit\u00e9s de 2 ml Caps - GG : 100 unit\u00e9s de 4 ml Caps - Mixte : 100 unit\u00e9s de chaque (S, M, G et GG)","og_url":"https:\/\/electricink.eu\/fr\/producto\/godets-a-encre-en-silicone-p-500un-rose\/","og_site_name":"Electric Ink\u00ae","og_image":[{"width":500,"height":500,"url":"https:\/\/electricink.eu\/wp-content\/uploads\/2023\/12\/inkcap_rosa1-9.jpg","type":"image\/jpeg"}],"twitter_card":"summary_large_image","schema":{"@context":"https:\/\/schema.org","@graph":[{"@type":"WebPage","@id":"https:\/\/electricink.eu\/fr\/producto\/godets-a-encre-en-silicone-p-500un-rose\/","url":"https:\/\/electricink.eu\/fr\/producto\/godets-a-encre-en-silicone-p-500un-rose\/","name":"Godets \u00e0 encre en silicone - P (500un) - Rose - Electric Ink\u00ae","isPartOf":{"@id":"https:\/\/electricink.eu\/#website"},"primaryImageOfPage":{"@id":"https:\/\/electricink.eu\/fr\/producto\/godets-a-encre-en-silicone-p-500un-rose\/#primaryimage"},"image":{"@id":"https:\/\/electricink.eu\/fr\/producto\/godets-a-encre-en-silicone-p-500un-rose\/#primaryimage"},"thumbnailUrl":"https:\/\/electricink.eu\/wp-content\/uploads\/2023\/12\/inkcap_rosa1-9.jpg","datePublished":"2023-12-14T00:23:57+00:00","breadcrumb":{"@id":"https:\/\/electricink.eu\/fr\/producto\/godets-a-encre-en-silicone-p-500un-rose\/#breadcrumb"},"inLanguage":"fr-FR","potentialAction":[{"@type":"ReadAction","target":["https:\/\/electricink.eu\/fr\/producto\/godets-a-encre-en-silicone-p-500un-rose\/"]}]},{"@type":"ImageObject","inLanguage":"fr-FR","@id":"https:\/\/electricink.eu\/fr\/producto\/godets-a-encre-en-silicone-p-500un-rose\/#primaryimage","url":"https:\/\/electricink.eu\/wp-content\/uploads\/2023\/12\/inkcap_rosa1-9.jpg","contentUrl":"https:\/\/electricink.eu\/wp-content\/uploads\/2023\/12\/inkcap_rosa1-9.jpg","width":500,"height":500},{"@type":"BreadcrumbList","@id":"https:\/\/electricink.eu\/fr\/producto\/godets-a-encre-en-silicone-p-500un-rose\/#breadcrumb","itemListElement":[{"@type":"ListItem","position":1,"name":"Portada","item":"https:\/\/electricink.eu\/fr\/home\/"},{"@type":"ListItem","position":2,"name":"Boutique","item":"https:\/\/electricink.eu\/tienda\/"},{"@type":"ListItem","position":3,"name":"Godets \u00e0 encre en silicone &#8211; P (500un) &#8211; Rose"}]},{"@type":"WebSite","@id":"https:\/\/electricink.eu\/#website","url":"https:\/\/electricink.eu\/","name":"Electric Ink\u00ae","description":"Material para Tatuar Profesional en Europa - Electric Ink\u00ae","potentialAction":[{"@type":"SearchAction","target":{"@type":"EntryPoint","urlTemplate":"https:\/\/electricink.eu\/?s={search_term_string}"},"query-input":{"@type":"PropertyValueSpecification","valueRequired":true,"valueName":"search_term_string"}}],"inLanguage":"fr-FR"}]}},"_links":{"self":[{"href":"https:\/\/electricink.eu\/fr\/wp-json\/wp\/v2\/product\/36731","targetHints":{"allow":["GET"]}}],"collection":[{"href":"https:\/\/electricink.eu\/fr\/wp-json\/wp\/v2\/product"}],"about":[{"href":"https:\/\/electricink.eu\/fr\/wp-json\/wp\/v2\/types\/product"}],"replies":[{"embeddable":true,"href":"https:\/\/electricink.eu\/fr\/wp-json\/wp\/v2\/comments?post=36731"}],"wp:featuredmedia":[{"embeddable":true,"href":"https:\/\/electricink.eu\/fr\/wp-json\/wp\/v2\/media\/36291"}],"wp:attachment":[{"href":"https:\/\/electricink.eu\/fr\/wp-json\/wp\/v2\/media?parent=36731"}],"wp:term":[{"taxonomy":"product_brand","embeddable":true,"href":"https:\/\/electricink.eu\/fr\/wp-json\/wp\/v2\/product_brand?post=36731"},{"taxonomy":"product_cat","embeddable":true,"href":"https:\/\/electricink.eu\/fr\/wp-json\/wp\/v2\/product_cat?post=36731"},{"taxonomy":"product_tag","embeddable":true,"href":"https:\/\/electricink.eu\/fr\/wp-json\/wp\/v2\/product_tag?post=36731"}],"curies":[{"name":"wp","href":"https:\/\/api.w.org\/{rel}","templated":true}]}}