{"id":36773,"date":"2023-12-14T01:23:20","date_gmt":"2023-12-14T00:23:20","guid":{"rendered":"https:\/\/electricink.eu\/producto\/tattoo-protection-5cm-x-5m\/"},"modified":"2024-01-29T09:40:32","modified_gmt":"2024-01-29T08:40:32","slug":"tattoo-protection-5cm-x-5m","status":"publish","type":"product","link":"https:\/\/electricink.eu\/fr\/producto\/tattoo-protection-5cm-x-5m\/","title":{"rendered":"Tattoo Protection 5cm x 5m"},"content":{"rendered":"<p><strong>Tattoo Protection Electric Ink<\/strong> est un adh\u00e9sif polyur\u00e9thane transparent d\u00e9velopp\u00e9 pour la phase initiale de cicatrisation des tatouages.<\/p>\n<p>Contient 1 rouleau de 5 m\u00e8tres avec 5 cm de largeur<\/p>\n","protected":false},"excerpt":{"rendered":"<p><strong>Tattoo Protection Electric Ink<\/strong><\/p>\n<p>Tattoo Protection, un\u00a0film \u00e9lastique, transparent et mall\u00e9able, s&rsquo;adapte tr\u00e8s bien \u00e0 la peau et aide au processus de r\u00e9cup\u00e9ration. Hypoallerg\u00e9nique et imperm\u00e9able, il cr\u00e9e une barri\u00e8re contre les agents ext\u00e9rieurs.<\/p>\n<p>Apr\u00e8s avoir\u00a0 nettoy\u00e9 la zone tatou\u00e9e, appliquez Tattoo After All, avec une peau exempte de r\u00e9sidus. Retirez l&rsquo;exc\u00e9dent et coupez la taille d\u00e9sir\u00e9e de Tattoo Protection pour commencer l&rsquo;application.<\/p>\n","protected":false},"featured_media":38924,"comment_status":"closed","ping_status":"closed","template":"","meta":{"_acf_changed":false,"_et_pb_use_builder":"","_et_pb_old_content":"","_et_gb_content_width":"","inline_featured_image":false},"product_brand":[],"product_cat":[781,782],"product_tag":[],"class_list":{"0":"post-36773","1":"product","2":"type-product","3":"status-publish","4":"has-post-thumbnail","6":"product_cat-accessoires-pour-tatouer","7":"product_cat-consumables","9":"first","10":"outofstock","11":"taxable","12":"shipping-taxable","13":"purchasable","14":"product-type-simple"},"acf":[],"yoast_head":"<!-- This site is optimized with the Yoast SEO plugin v27.4 - https:\/\/yoast.com\/product\/yoast-seo-wordpress\/ -->\n<title>Tattoo Protection 5cm x 5m - Electric Ink\u00ae<\/title>\n<meta name=\"robots\" content=\"index, follow, max-snippet:-1, max-image-preview:large, max-video-preview:-1\" \/>\n<link rel=\"canonical\" href=\"https:\/\/electricink.eu\/fr\/producto\/tattoo-protection-5cm-x-5m\/\" \/>\n<meta property=\"og:locale\" content=\"fr_FR\" \/>\n<meta property=\"og:type\" content=\"article\" \/>\n<meta property=\"og:title\" content=\"Tattoo Protection 5cm x 5m - Electric Ink\u00ae\" \/>\n<meta property=\"og:description\" content=\"Tattoo Protection Electric Ink Tattoo Protection, un\u00a0film \u00e9lastique, transparent et mall\u00e9able, s&#039;adapte tr\u00e8s bien \u00e0 la peau et aide au processus de r\u00e9cup\u00e9ration. Hypoallerg\u00e9nique et imperm\u00e9able, il cr\u00e9e une barri\u00e8re contre les agents ext\u00e9rieurs. Apr\u00e8s avoir\u00a0 nettoy\u00e9 la zone tatou\u00e9e, appliquez Tattoo After All, avec une peau exempte de r\u00e9sidus. Retirez l&#039;exc\u00e9dent et coupez la taille d\u00e9sir\u00e9e de Tattoo Protection pour commencer l&#039;application.\" \/>\n<meta property=\"og:url\" content=\"https:\/\/electricink.eu\/fr\/producto\/tattoo-protection-5cm-x-5m\/\" \/>\n<meta property=\"og:site_name\" content=\"Electric Ink\u00ae\" \/>\n<meta property=\"article:modified_time\" content=\"2024-01-29T08:40:32+00:00\" \/>\n<meta property=\"og:image\" content=\"https:\/\/electricink.eu\/wp-content\/uploads\/2023\/12\/tattoo_protection_5cm_5m_film_tattoo-1.jpg\" \/>\n\t<meta property=\"og:image:width\" content=\"500\" \/>\n\t<meta property=\"og:image:height\" content=\"500\" \/>\n\t<meta property=\"og:image:type\" content=\"image\/jpeg\" \/>\n<meta name=\"twitter:card\" content=\"summary_large_image\" \/>\n<script type=\"application\/ld+json\" class=\"yoast-schema-graph\">{\"@context\":\"https:\\\/\\\/schema.org\",\"@graph\":[{\"@type\":\"WebPage\",\"@id\":\"https:\\\/\\\/electricink.eu\\\/fr\\\/producto\\\/tattoo-protection-5cm-x-5m\\\/\",\"url\":\"https:\\\/\\\/electricink.eu\\\/fr\\\/producto\\\/tattoo-protection-5cm-x-5m\\\/\",\"name\":\"Tattoo Protection 5cm x 5m - Electric Ink\u00ae\",\"isPartOf\":{\"@id\":\"https:\\\/\\\/electricink.eu\\\/#website\"},\"primaryImageOfPage\":{\"@id\":\"https:\\\/\\\/electricink.eu\\\/fr\\\/producto\\\/tattoo-protection-5cm-x-5m\\\/#primaryimage\"},\"image\":{\"@id\":\"https:\\\/\\\/electricink.eu\\\/fr\\\/producto\\\/tattoo-protection-5cm-x-5m\\\/#primaryimage\"},\"thumbnailUrl\":\"https:\\\/\\\/electricink.eu\\\/wp-content\\\/uploads\\\/2023\\\/12\\\/tattoo_protection_5cm_5m_film_tattoo-1.jpg\",\"datePublished\":\"2023-12-14T00:23:20+00:00\",\"dateModified\":\"2024-01-29T08:40:32+00:00\",\"breadcrumb\":{\"@id\":\"https:\\\/\\\/electricink.eu\\\/fr\\\/producto\\\/tattoo-protection-5cm-x-5m\\\/#breadcrumb\"},\"inLanguage\":\"fr-FR\",\"potentialAction\":[{\"@type\":\"ReadAction\",\"target\":[\"https:\\\/\\\/electricink.eu\\\/fr\\\/producto\\\/tattoo-protection-5cm-x-5m\\\/\"]}]},{\"@type\":\"ImageObject\",\"inLanguage\":\"fr-FR\",\"@id\":\"https:\\\/\\\/electricink.eu\\\/fr\\\/producto\\\/tattoo-protection-5cm-x-5m\\\/#primaryimage\",\"url\":\"https:\\\/\\\/electricink.eu\\\/wp-content\\\/uploads\\\/2023\\\/12\\\/tattoo_protection_5cm_5m_film_tattoo-1.jpg\",\"contentUrl\":\"https:\\\/\\\/electricink.eu\\\/wp-content\\\/uploads\\\/2023\\\/12\\\/tattoo_protection_5cm_5m_film_tattoo-1.jpg\",\"width\":500,\"height\":500},{\"@type\":\"BreadcrumbList\",\"@id\":\"https:\\\/\\\/electricink.eu\\\/fr\\\/producto\\\/tattoo-protection-5cm-x-5m\\\/#breadcrumb\",\"itemListElement\":[{\"@type\":\"ListItem\",\"position\":1,\"name\":\"Portada\",\"item\":\"https:\\\/\\\/electricink.eu\\\/fr\\\/home\\\/\"},{\"@type\":\"ListItem\",\"position\":2,\"name\":\"Boutique\",\"item\":\"https:\\\/\\\/electricink.eu\\\/tienda\\\/\"},{\"@type\":\"ListItem\",\"position\":3,\"name\":\"Tattoo Protection 5cm x 5m\"}]},{\"@type\":\"WebSite\",\"@id\":\"https:\\\/\\\/electricink.eu\\\/#website\",\"url\":\"https:\\\/\\\/electricink.eu\\\/\",\"name\":\"Electric Ink\u00ae\",\"description\":\"Material para Tatuar Profesional en Europa - Electric Ink\u00ae\",\"potentialAction\":[{\"@type\":\"SearchAction\",\"target\":{\"@type\":\"EntryPoint\",\"urlTemplate\":\"https:\\\/\\\/electricink.eu\\\/?s={search_term_string}\"},\"query-input\":{\"@type\":\"PropertyValueSpecification\",\"valueRequired\":true,\"valueName\":\"search_term_string\"}}],\"inLanguage\":\"fr-FR\"}]}<\/script>\n<!-- \/ Yoast SEO plugin. -->","yoast_head_json":{"title":"Tattoo Protection 5cm x 5m - Electric Ink\u00ae","robots":{"index":"index","follow":"follow","max-snippet":"max-snippet:-1","max-image-preview":"max-image-preview:large","max-video-preview":"max-video-preview:-1"},"canonical":"https:\/\/electricink.eu\/fr\/producto\/tattoo-protection-5cm-x-5m\/","og_locale":"fr_FR","og_type":"article","og_title":"Tattoo Protection 5cm x 5m - Electric Ink\u00ae","og_description":"Tattoo Protection Electric Ink Tattoo Protection, un\u00a0film \u00e9lastique, transparent et mall\u00e9able, s'adapte tr\u00e8s bien \u00e0 la peau et aide au processus de r\u00e9cup\u00e9ration. Hypoallerg\u00e9nique et imperm\u00e9able, il cr\u00e9e une barri\u00e8re contre les agents ext\u00e9rieurs. Apr\u00e8s avoir\u00a0 nettoy\u00e9 la zone tatou\u00e9e, appliquez Tattoo After All, avec une peau exempte de r\u00e9sidus. Retirez l'exc\u00e9dent et coupez la taille d\u00e9sir\u00e9e de Tattoo Protection pour commencer l'application.","og_url":"https:\/\/electricink.eu\/fr\/producto\/tattoo-protection-5cm-x-5m\/","og_site_name":"Electric Ink\u00ae","article_modified_time":"2024-01-29T08:40:32+00:00","og_image":[{"width":500,"height":500,"url":"https:\/\/electricink.eu\/wp-content\/uploads\/2023\/12\/tattoo_protection_5cm_5m_film_tattoo-1.jpg","type":"image\/jpeg"}],"twitter_card":"summary_large_image","schema":{"@context":"https:\/\/schema.org","@graph":[{"@type":"WebPage","@id":"https:\/\/electricink.eu\/fr\/producto\/tattoo-protection-5cm-x-5m\/","url":"https:\/\/electricink.eu\/fr\/producto\/tattoo-protection-5cm-x-5m\/","name":"Tattoo Protection 5cm x 5m - Electric Ink\u00ae","isPartOf":{"@id":"https:\/\/electricink.eu\/#website"},"primaryImageOfPage":{"@id":"https:\/\/electricink.eu\/fr\/producto\/tattoo-protection-5cm-x-5m\/#primaryimage"},"image":{"@id":"https:\/\/electricink.eu\/fr\/producto\/tattoo-protection-5cm-x-5m\/#primaryimage"},"thumbnailUrl":"https:\/\/electricink.eu\/wp-content\/uploads\/2023\/12\/tattoo_protection_5cm_5m_film_tattoo-1.jpg","datePublished":"2023-12-14T00:23:20+00:00","dateModified":"2024-01-29T08:40:32+00:00","breadcrumb":{"@id":"https:\/\/electricink.eu\/fr\/producto\/tattoo-protection-5cm-x-5m\/#breadcrumb"},"inLanguage":"fr-FR","potentialAction":[{"@type":"ReadAction","target":["https:\/\/electricink.eu\/fr\/producto\/tattoo-protection-5cm-x-5m\/"]}]},{"@type":"ImageObject","inLanguage":"fr-FR","@id":"https:\/\/electricink.eu\/fr\/producto\/tattoo-protection-5cm-x-5m\/#primaryimage","url":"https:\/\/electricink.eu\/wp-content\/uploads\/2023\/12\/tattoo_protection_5cm_5m_film_tattoo-1.jpg","contentUrl":"https:\/\/electricink.eu\/wp-content\/uploads\/2023\/12\/tattoo_protection_5cm_5m_film_tattoo-1.jpg","width":500,"height":500},{"@type":"BreadcrumbList","@id":"https:\/\/electricink.eu\/fr\/producto\/tattoo-protection-5cm-x-5m\/#breadcrumb","itemListElement":[{"@type":"ListItem","position":1,"name":"Portada","item":"https:\/\/electricink.eu\/fr\/home\/"},{"@type":"ListItem","position":2,"name":"Boutique","item":"https:\/\/electricink.eu\/tienda\/"},{"@type":"ListItem","position":3,"name":"Tattoo Protection 5cm x 5m"}]},{"@type":"WebSite","@id":"https:\/\/electricink.eu\/#website","url":"https:\/\/electricink.eu\/","name":"Electric Ink\u00ae","description":"Material para Tatuar Profesional en Europa - Electric Ink\u00ae","potentialAction":[{"@type":"SearchAction","target":{"@type":"EntryPoint","urlTemplate":"https:\/\/electricink.eu\/?s={search_term_string}"},"query-input":{"@type":"PropertyValueSpecification","valueRequired":true,"valueName":"search_term_string"}}],"inLanguage":"fr-FR"}]}},"_links":{"self":[{"href":"https:\/\/electricink.eu\/fr\/wp-json\/wp\/v2\/product\/36773","targetHints":{"allow":["GET"]}}],"collection":[{"href":"https:\/\/electricink.eu\/fr\/wp-json\/wp\/v2\/product"}],"about":[{"href":"https:\/\/electricink.eu\/fr\/wp-json\/wp\/v2\/types\/product"}],"replies":[{"embeddable":true,"href":"https:\/\/electricink.eu\/fr\/wp-json\/wp\/v2\/comments?post=36773"}],"wp:featuredmedia":[{"embeddable":true,"href":"https:\/\/electricink.eu\/fr\/wp-json\/wp\/v2\/media\/38924"}],"wp:attachment":[{"href":"https:\/\/electricink.eu\/fr\/wp-json\/wp\/v2\/media?parent=36773"}],"wp:term":[{"taxonomy":"product_brand","embeddable":true,"href":"https:\/\/electricink.eu\/fr\/wp-json\/wp\/v2\/product_brand?post=36773"},{"taxonomy":"product_cat","embeddable":true,"href":"https:\/\/electricink.eu\/fr\/wp-json\/wp\/v2\/product_cat?post=36773"},{"taxonomy":"product_tag","embeddable":true,"href":"https:\/\/electricink.eu\/fr\/wp-json\/wp\/v2\/product_tag?post=36773"}],"curies":[{"name":"wp","href":"https:\/\/api.w.org\/{rel}","templated":true}]}}