{"id":36779,"date":"2023-12-14T01:23:20","date_gmt":"2023-12-14T00:23:20","guid":{"rendered":"https:\/\/electricink.eu\/producto\/voltmetre-numerique-externe-mod-1\/"},"modified":"2024-01-26T12:59:51","modified_gmt":"2024-01-26T11:59:51","slug":"voltmetre-numerique-externe-mod-1","status":"publish","type":"product","link":"https:\/\/electricink.eu\/fr\/producto\/voltmetre-numerique-externe-mod-1\/","title":{"rendered":"Voltm\u00e8tre num\u00e9rique externe Mod-1"},"content":{"rendered":"<p>VOLTMETRE NUMERIQUE EXTERNE Electric Ink<br \/>SEULEMENT 01 CANAL DE SORTIE<br \/>MOD\u00c8LE : VDE1C<br \/>TENSION D&rsquo;ENTR\u00c9E : 0 \u00e0 30 VCC<br \/>PR\u00c9CISION : +\/- 3 %<\/p>\n<p><strong>&#8212;&#8212;&#8212;&#8212;&#8212;&#8212;&#8212; Garantie du produit &#8212;&#8212;&#8212;&#8212;&#8212;&#8212;&#8212;-<\/strong><\/p>\n<p>La p\u00e9riode de garantie offerte par Electric Ink suit les r\u00e9glementations europ\u00e9ennes en vigueur. La garantie Electric Ink contre les d\u00e9fauts de fabrication commence \u00e0 partir de l&rsquo;achat du produit par le consommateur, v\u00e9rifi\u00e9 via la facture d&rsquo;achat de l&rsquo;article concern\u00e9.<\/p>\n<p><strong>&#8212;&#8212;&#8212;&#8212;&#8212;&#8212;&#8212;Assistance technique&#8212;&#8212;&#8212;&#8212;&#8212;&#8212;&#8212;&#8212;-<\/strong><\/p>\n<p>Par e-mail : info@electric.local ou par WhatsApp sur le web<\/p>\n","protected":false},"excerpt":{"rendered":"<p>Cet appareil est un instrument de mesure et d&rsquo;indication de tension, appel\u00e9 voltm\u00e8tre, et n&rsquo;est pas une source g\u00e9n\u00e9ratrice.<br \/>Le voltm\u00e8tre num\u00e9rique externe d&rsquo;Electric Ink ne modifie pas le courant ou la tension allant \u00e0 la machine, il fait seulement la lecture et l&rsquo;indique sur l&rsquo;\u00e9cran.<br \/>Ne jamais l&rsquo;utiliser sur une source avec une sortie de tension alternative.<br \/>Produit d\u00e9velopp\u00e9 pour le courant continu (CC).<br \/>Le voltm\u00e8tre num\u00e9rique externe d&rsquo;Electric Ink a \u00e9t\u00e9 d\u00e9velopp\u00e9 pour compl\u00e9ter les alimentations CC qui n&rsquo;ont pas d&rsquo;indication de tension de sortie.<\/p>\n","protected":false},"featured_media":38877,"comment_status":"closed","ping_status":"closed","template":"","meta":{"_acf_changed":false,"_et_pb_use_builder":"","_et_pb_old_content":"","_et_gb_content_width":"","inline_featured_image":false},"product_brand":[],"product_cat":[808,812],"product_tag":[],"class_list":{"0":"post-36779","1":"product","2":"type-product","3":"status-publish","4":"has-post-thumbnail","6":"product_cat-tattoo-fr","7":"product_cat-alimentations-tattoo","9":"first","10":"instock","11":"taxable","12":"shipping-taxable","13":"purchasable","14":"product-type-simple"},"acf":[],"yoast_head":"<!-- This site is optimized with the Yoast SEO plugin v27.4 - https:\/\/yoast.com\/product\/yoast-seo-wordpress\/ -->\n<title>Voltm\u00e8tre num\u00e9rique externe Mod-1 - Electric Ink\u00ae<\/title>\n<meta name=\"robots\" content=\"index, follow, max-snippet:-1, max-image-preview:large, max-video-preview:-1\" \/>\n<link rel=\"canonical\" href=\"https:\/\/electricink.eu\/fr\/producto\/voltmetre-numerique-externe-mod-1\/\" \/>\n<meta property=\"og:locale\" content=\"fr_FR\" \/>\n<meta property=\"og:type\" content=\"article\" \/>\n<meta property=\"og:title\" content=\"Voltm\u00e8tre num\u00e9rique externe Mod-1 - Electric Ink\u00ae\" \/>\n<meta property=\"og:description\" content=\"Cet appareil est un instrument de mesure et d&#039;indication de tension, appel\u00e9 voltm\u00e8tre, et n&#039;est pas une source g\u00e9n\u00e9ratrice.Le voltm\u00e8tre num\u00e9rique externe d&#039;Electric Ink ne modifie pas le courant ou la tension allant \u00e0 la machine, il fait seulement la lecture et l&#039;indique sur l&#039;\u00e9cran.Ne jamais l&#039;utiliser sur une source avec une sortie de tension alternative.Produit d\u00e9velopp\u00e9 pour le courant continu (CC).Le voltm\u00e8tre num\u00e9rique externe d&#039;Electric Ink a \u00e9t\u00e9 d\u00e9velopp\u00e9 pour compl\u00e9ter les alimentations CC qui n&#039;ont pas d&#039;indication de tension de sortie.\" \/>\n<meta property=\"og:url\" content=\"https:\/\/electricink.eu\/fr\/producto\/voltmetre-numerique-externe-mod-1\/\" \/>\n<meta property=\"og:site_name\" content=\"Electric Ink\u00ae\" \/>\n<meta property=\"article:modified_time\" content=\"2024-01-26T11:59:51+00:00\" \/>\n<meta property=\"og:image\" content=\"https:\/\/electricink.eu\/wp-content\/uploads\/2023\/12\/Voltimetro1.jpg\" \/>\n\t<meta property=\"og:image:width\" content=\"1000\" \/>\n\t<meta property=\"og:image:height\" content=\"1000\" \/>\n\t<meta property=\"og:image:type\" content=\"image\/jpeg\" \/>\n<meta name=\"twitter:card\" content=\"summary_large_image\" \/>\n<script type=\"application\/ld+json\" class=\"yoast-schema-graph\">{\"@context\":\"https:\\\/\\\/schema.org\",\"@graph\":[{\"@type\":\"WebPage\",\"@id\":\"https:\\\/\\\/electricink.eu\\\/fr\\\/producto\\\/voltmetre-numerique-externe-mod-1\\\/\",\"url\":\"https:\\\/\\\/electricink.eu\\\/fr\\\/producto\\\/voltmetre-numerique-externe-mod-1\\\/\",\"name\":\"Voltm\u00e8tre num\u00e9rique externe Mod-1 - Electric Ink\u00ae\",\"isPartOf\":{\"@id\":\"https:\\\/\\\/electricink.eu\\\/#website\"},\"primaryImageOfPage\":{\"@id\":\"https:\\\/\\\/electricink.eu\\\/fr\\\/producto\\\/voltmetre-numerique-externe-mod-1\\\/#primaryimage\"},\"image\":{\"@id\":\"https:\\\/\\\/electricink.eu\\\/fr\\\/producto\\\/voltmetre-numerique-externe-mod-1\\\/#primaryimage\"},\"thumbnailUrl\":\"https:\\\/\\\/electricink.eu\\\/wp-content\\\/uploads\\\/2023\\\/12\\\/Voltimetro1.jpg\",\"datePublished\":\"2023-12-14T00:23:20+00:00\",\"dateModified\":\"2024-01-26T11:59:51+00:00\",\"breadcrumb\":{\"@id\":\"https:\\\/\\\/electricink.eu\\\/fr\\\/producto\\\/voltmetre-numerique-externe-mod-1\\\/#breadcrumb\"},\"inLanguage\":\"fr-FR\",\"potentialAction\":[{\"@type\":\"ReadAction\",\"target\":[\"https:\\\/\\\/electricink.eu\\\/fr\\\/producto\\\/voltmetre-numerique-externe-mod-1\\\/\"]}]},{\"@type\":\"ImageObject\",\"inLanguage\":\"fr-FR\",\"@id\":\"https:\\\/\\\/electricink.eu\\\/fr\\\/producto\\\/voltmetre-numerique-externe-mod-1\\\/#primaryimage\",\"url\":\"https:\\\/\\\/electricink.eu\\\/wp-content\\\/uploads\\\/2023\\\/12\\\/Voltimetro1.jpg\",\"contentUrl\":\"https:\\\/\\\/electricink.eu\\\/wp-content\\\/uploads\\\/2023\\\/12\\\/Voltimetro1.jpg\",\"width\":1000,\"height\":1000},{\"@type\":\"BreadcrumbList\",\"@id\":\"https:\\\/\\\/electricink.eu\\\/fr\\\/producto\\\/voltmetre-numerique-externe-mod-1\\\/#breadcrumb\",\"itemListElement\":[{\"@type\":\"ListItem\",\"position\":1,\"name\":\"Portada\",\"item\":\"https:\\\/\\\/electricink.eu\\\/fr\\\/home\\\/\"},{\"@type\":\"ListItem\",\"position\":2,\"name\":\"Boutique\",\"item\":\"https:\\\/\\\/electricink.eu\\\/tienda\\\/\"},{\"@type\":\"ListItem\",\"position\":3,\"name\":\"Voltm\u00e8tre num\u00e9rique externe Mod-1\"}]},{\"@type\":\"WebSite\",\"@id\":\"https:\\\/\\\/electricink.eu\\\/#website\",\"url\":\"https:\\\/\\\/electricink.eu\\\/\",\"name\":\"Electric Ink\u00ae\",\"description\":\"Material para Tatuar Profesional en Europa - Electric Ink\u00ae\",\"potentialAction\":[{\"@type\":\"SearchAction\",\"target\":{\"@type\":\"EntryPoint\",\"urlTemplate\":\"https:\\\/\\\/electricink.eu\\\/?s={search_term_string}\"},\"query-input\":{\"@type\":\"PropertyValueSpecification\",\"valueRequired\":true,\"valueName\":\"search_term_string\"}}],\"inLanguage\":\"fr-FR\"}]}<\/script>\n<!-- \/ Yoast SEO plugin. -->","yoast_head_json":{"title":"Voltm\u00e8tre num\u00e9rique externe Mod-1 - Electric Ink\u00ae","robots":{"index":"index","follow":"follow","max-snippet":"max-snippet:-1","max-image-preview":"max-image-preview:large","max-video-preview":"max-video-preview:-1"},"canonical":"https:\/\/electricink.eu\/fr\/producto\/voltmetre-numerique-externe-mod-1\/","og_locale":"fr_FR","og_type":"article","og_title":"Voltm\u00e8tre num\u00e9rique externe Mod-1 - Electric Ink\u00ae","og_description":"Cet appareil est un instrument de mesure et d'indication de tension, appel\u00e9 voltm\u00e8tre, et n'est pas une source g\u00e9n\u00e9ratrice.Le voltm\u00e8tre num\u00e9rique externe d'Electric Ink ne modifie pas le courant ou la tension allant \u00e0 la machine, il fait seulement la lecture et l'indique sur l'\u00e9cran.Ne jamais l'utiliser sur une source avec une sortie de tension alternative.Produit d\u00e9velopp\u00e9 pour le courant continu (CC).Le voltm\u00e8tre num\u00e9rique externe d'Electric Ink a \u00e9t\u00e9 d\u00e9velopp\u00e9 pour compl\u00e9ter les alimentations CC qui n'ont pas d'indication de tension de sortie.","og_url":"https:\/\/electricink.eu\/fr\/producto\/voltmetre-numerique-externe-mod-1\/","og_site_name":"Electric Ink\u00ae","article_modified_time":"2024-01-26T11:59:51+00:00","og_image":[{"width":1000,"height":1000,"url":"https:\/\/electricink.eu\/wp-content\/uploads\/2023\/12\/Voltimetro1.jpg","type":"image\/jpeg"}],"twitter_card":"summary_large_image","schema":{"@context":"https:\/\/schema.org","@graph":[{"@type":"WebPage","@id":"https:\/\/electricink.eu\/fr\/producto\/voltmetre-numerique-externe-mod-1\/","url":"https:\/\/electricink.eu\/fr\/producto\/voltmetre-numerique-externe-mod-1\/","name":"Voltm\u00e8tre num\u00e9rique externe Mod-1 - Electric Ink\u00ae","isPartOf":{"@id":"https:\/\/electricink.eu\/#website"},"primaryImageOfPage":{"@id":"https:\/\/electricink.eu\/fr\/producto\/voltmetre-numerique-externe-mod-1\/#primaryimage"},"image":{"@id":"https:\/\/electricink.eu\/fr\/producto\/voltmetre-numerique-externe-mod-1\/#primaryimage"},"thumbnailUrl":"https:\/\/electricink.eu\/wp-content\/uploads\/2023\/12\/Voltimetro1.jpg","datePublished":"2023-12-14T00:23:20+00:00","dateModified":"2024-01-26T11:59:51+00:00","breadcrumb":{"@id":"https:\/\/electricink.eu\/fr\/producto\/voltmetre-numerique-externe-mod-1\/#breadcrumb"},"inLanguage":"fr-FR","potentialAction":[{"@type":"ReadAction","target":["https:\/\/electricink.eu\/fr\/producto\/voltmetre-numerique-externe-mod-1\/"]}]},{"@type":"ImageObject","inLanguage":"fr-FR","@id":"https:\/\/electricink.eu\/fr\/producto\/voltmetre-numerique-externe-mod-1\/#primaryimage","url":"https:\/\/electricink.eu\/wp-content\/uploads\/2023\/12\/Voltimetro1.jpg","contentUrl":"https:\/\/electricink.eu\/wp-content\/uploads\/2023\/12\/Voltimetro1.jpg","width":1000,"height":1000},{"@type":"BreadcrumbList","@id":"https:\/\/electricink.eu\/fr\/producto\/voltmetre-numerique-externe-mod-1\/#breadcrumb","itemListElement":[{"@type":"ListItem","position":1,"name":"Portada","item":"https:\/\/electricink.eu\/fr\/home\/"},{"@type":"ListItem","position":2,"name":"Boutique","item":"https:\/\/electricink.eu\/tienda\/"},{"@type":"ListItem","position":3,"name":"Voltm\u00e8tre num\u00e9rique externe Mod-1"}]},{"@type":"WebSite","@id":"https:\/\/electricink.eu\/#website","url":"https:\/\/electricink.eu\/","name":"Electric Ink\u00ae","description":"Material para Tatuar Profesional en Europa - Electric Ink\u00ae","potentialAction":[{"@type":"SearchAction","target":{"@type":"EntryPoint","urlTemplate":"https:\/\/electricink.eu\/?s={search_term_string}"},"query-input":{"@type":"PropertyValueSpecification","valueRequired":true,"valueName":"search_term_string"}}],"inLanguage":"fr-FR"}]}},"_links":{"self":[{"href":"https:\/\/electricink.eu\/fr\/wp-json\/wp\/v2\/product\/36779","targetHints":{"allow":["GET"]}}],"collection":[{"href":"https:\/\/electricink.eu\/fr\/wp-json\/wp\/v2\/product"}],"about":[{"href":"https:\/\/electricink.eu\/fr\/wp-json\/wp\/v2\/types\/product"}],"replies":[{"embeddable":true,"href":"https:\/\/electricink.eu\/fr\/wp-json\/wp\/v2\/comments?post=36779"}],"wp:featuredmedia":[{"embeddable":true,"href":"https:\/\/electricink.eu\/fr\/wp-json\/wp\/v2\/media\/38877"}],"wp:attachment":[{"href":"https:\/\/electricink.eu\/fr\/wp-json\/wp\/v2\/media?parent=36779"}],"wp:term":[{"taxonomy":"product_brand","embeddable":true,"href":"https:\/\/electricink.eu\/fr\/wp-json\/wp\/v2\/product_brand?post=36779"},{"taxonomy":"product_cat","embeddable":true,"href":"https:\/\/electricink.eu\/fr\/wp-json\/wp\/v2\/product_cat?post=36779"},{"taxonomy":"product_tag","embeddable":true,"href":"https:\/\/electricink.eu\/fr\/wp-json\/wp\/v2\/product_tag?post=36779"}],"curies":[{"name":"wp","href":"https:\/\/api.w.org\/{rel}","templated":true}]}}