{"id":36782,"date":"2023-12-14T01:23:20","date_gmt":"2023-12-14T00:23:20","guid":{"rendered":"https:\/\/electricink.eu\/producto\/pedale-bobtail-wireless\/"},"modified":"2024-05-27T13:10:21","modified_gmt":"2024-05-27T11:10:21","slug":"pedale-bobtail-wireless","status":"publish","type":"product","link":"https:\/\/electricink.eu\/fr\/producto\/pedale-bobtail-wireless\/","title":{"rendered":"Pedale Bobtail Wireless"},"content":{"rendered":"<p>Utilisation exclusive avec les sources Power 1 et Wire Power<\/p>\n<p><strong>&#8212;&#8212;&#8212;&#8212;&#8212;&#8212;&#8212; Garantie du produit &#8212;&#8212;&#8212;&#8212;&#8212;&#8212;&#8212;-<\/strong><\/p>\n<p>La p\u00e9riode de garantie offerte par Electric Ink suit les r\u00e9glementations europ\u00e9ennes en vigueur. La garantie Electric Ink contre les d\u00e9fauts de fabrication commence \u00e0 partir de l&rsquo;achat du produit par le consommateur, v\u00e9rifi\u00e9 via la facture d&rsquo;achat de l&rsquo;article concern\u00e9.<\/p>\n<p>&nbsp;<\/p>\n","protected":false},"excerpt":{"rendered":"<p><strong>P\u00e9dale Bobtail Wireless Electric Ink, plus de libert\u00e9 dans votre routine!<\/strong><\/p>\n<p>Utilisation exclusive avec les sources Power 1 et Wire Power<\/p>\n<p>La P\u00e9dale Bobtail est un appareil de connexion Bluetooth, sans fil et compatible avec les sources Power 1 et Wire Power, offrant encore plus de facilit\u00e9 \u00e0 votre travail.<\/p>\n<p>Fabriqu\u00e9e en polym\u00e8re, mat\u00e9riau tr\u00e8s r\u00e9sistant, la Bobtail a une base adh\u00e9rente et antid\u00e9rapante, un \u00e9quipement complet et s\u00fbr \u00e0 utiliser o\u00f9 vous voulez.<\/p>\n<p>Large zone d&rsquo;activation sur sa surface, modes pulse, blocage ou d\u00e9tection automatique et autonomie jusqu&rsquo;\u00e0 15 jours.<\/p>\n<p><strong>Articles inclus : 1 c\u00e2ble USB-C pour le chargement.<\/strong><\/p>\n","protected":false},"featured_media":4383,"comment_status":"closed","ping_status":"closed","template":"","meta":{"_acf_changed":false,"_et_pb_use_builder":"","_et_pb_old_content":"","_et_gb_content_width":"","inline_featured_image":false},"product_brand":[],"product_cat":[808,821],"product_tag":[],"class_list":{"0":"post-36782","1":"product","2":"type-product","3":"status-publish","4":"has-post-thumbnail","6":"product_cat-tattoo-fr","7":"product_cat-pedales-tattoo-fr","9":"first","10":"instock","11":"taxable","12":"shipping-taxable","13":"purchasable","14":"product-type-simple"},"acf":[],"yoast_head":"<!-- This site is optimized with the Yoast SEO plugin v27.4 - https:\/\/yoast.com\/product\/yoast-seo-wordpress\/ -->\n<title>Pedale Bobtail Wireless - Electric Ink\u00ae<\/title>\n<meta name=\"robots\" content=\"index, follow, max-snippet:-1, max-image-preview:large, max-video-preview:-1\" \/>\n<link rel=\"canonical\" href=\"https:\/\/electricink.eu\/fr\/producto\/pedale-bobtail-wireless\/\" \/>\n<meta property=\"og:locale\" content=\"fr_FR\" \/>\n<meta property=\"og:type\" content=\"article\" \/>\n<meta property=\"og:title\" content=\"Pedale Bobtail Wireless - Electric Ink\u00ae\" \/>\n<meta property=\"og:description\" content=\"P\u00e9dale Bobtail Wireless Electric Ink, plus de libert\u00e9 dans votre routine! Utilisation exclusive avec les sources Power 1 et Wire Power La P\u00e9dale Bobtail est un appareil de connexion Bluetooth, sans fil et compatible avec les sources Power 1 et Wire Power, offrant encore plus de facilit\u00e9 \u00e0 votre travail. Fabriqu\u00e9e en polym\u00e8re, mat\u00e9riau tr\u00e8s r\u00e9sistant, la Bobtail a une base adh\u00e9rente et antid\u00e9rapante, un \u00e9quipement complet et s\u00fbr \u00e0 utiliser o\u00f9 vous voulez. Large zone d&#039;activation sur sa surface, modes pulse, blocage ou d\u00e9tection automatique et autonomie jusqu&#039;\u00e0 15 jours. Articles inclus : 1 c\u00e2ble USB-C pour le chargement.\" \/>\n<meta property=\"og:url\" content=\"https:\/\/electricink.eu\/fr\/producto\/pedale-bobtail-wireless\/\" \/>\n<meta property=\"og:site_name\" content=\"Electric Ink\u00ae\" \/>\n<meta property=\"article:modified_time\" content=\"2024-05-27T11:10:21+00:00\" \/>\n<meta property=\"og:image\" content=\"https:\/\/electricink.eu\/wp-content\/uploads\/2023\/10\/Pedal_Bobtail1.jpg\" \/>\n\t<meta property=\"og:image:width\" content=\"500\" \/>\n\t<meta property=\"og:image:height\" content=\"500\" \/>\n\t<meta property=\"og:image:type\" content=\"image\/jpeg\" \/>\n<meta name=\"twitter:card\" content=\"summary_large_image\" \/>\n<script type=\"application\/ld+json\" class=\"yoast-schema-graph\">{\"@context\":\"https:\\\/\\\/schema.org\",\"@graph\":[{\"@type\":\"WebPage\",\"@id\":\"https:\\\/\\\/electricink.eu\\\/fr\\\/producto\\\/pedale-bobtail-wireless\\\/\",\"url\":\"https:\\\/\\\/electricink.eu\\\/fr\\\/producto\\\/pedale-bobtail-wireless\\\/\",\"name\":\"Pedale Bobtail Wireless - Electric Ink\u00ae\",\"isPartOf\":{\"@id\":\"https:\\\/\\\/electricink.eu\\\/#website\"},\"primaryImageOfPage\":{\"@id\":\"https:\\\/\\\/electricink.eu\\\/fr\\\/producto\\\/pedale-bobtail-wireless\\\/#primaryimage\"},\"image\":{\"@id\":\"https:\\\/\\\/electricink.eu\\\/fr\\\/producto\\\/pedale-bobtail-wireless\\\/#primaryimage\"},\"thumbnailUrl\":\"https:\\\/\\\/electricink.eu\\\/wp-content\\\/uploads\\\/2023\\\/10\\\/Pedal_Bobtail1.jpg\",\"datePublished\":\"2023-12-14T00:23:20+00:00\",\"dateModified\":\"2024-05-27T11:10:21+00:00\",\"breadcrumb\":{\"@id\":\"https:\\\/\\\/electricink.eu\\\/fr\\\/producto\\\/pedale-bobtail-wireless\\\/#breadcrumb\"},\"inLanguage\":\"fr-FR\",\"potentialAction\":[{\"@type\":\"ReadAction\",\"target\":[\"https:\\\/\\\/electricink.eu\\\/fr\\\/producto\\\/pedale-bobtail-wireless\\\/\"]}]},{\"@type\":\"ImageObject\",\"inLanguage\":\"fr-FR\",\"@id\":\"https:\\\/\\\/electricink.eu\\\/fr\\\/producto\\\/pedale-bobtail-wireless\\\/#primaryimage\",\"url\":\"https:\\\/\\\/electricink.eu\\\/wp-content\\\/uploads\\\/2023\\\/10\\\/Pedal_Bobtail1.jpg\",\"contentUrl\":\"https:\\\/\\\/electricink.eu\\\/wp-content\\\/uploads\\\/2023\\\/10\\\/Pedal_Bobtail1.jpg\",\"width\":500,\"height\":500},{\"@type\":\"BreadcrumbList\",\"@id\":\"https:\\\/\\\/electricink.eu\\\/fr\\\/producto\\\/pedale-bobtail-wireless\\\/#breadcrumb\",\"itemListElement\":[{\"@type\":\"ListItem\",\"position\":1,\"name\":\"Portada\",\"item\":\"https:\\\/\\\/electricink.eu\\\/fr\\\/home\\\/\"},{\"@type\":\"ListItem\",\"position\":2,\"name\":\"Boutique\",\"item\":\"https:\\\/\\\/electricink.eu\\\/tienda\\\/\"},{\"@type\":\"ListItem\",\"position\":3,\"name\":\"Pedale Bobtail Wireless\"}]},{\"@type\":\"WebSite\",\"@id\":\"https:\\\/\\\/electricink.eu\\\/#website\",\"url\":\"https:\\\/\\\/electricink.eu\\\/\",\"name\":\"Electric Ink\u00ae\",\"description\":\"Material para Tatuar Profesional en Europa - Electric Ink\u00ae\",\"potentialAction\":[{\"@type\":\"SearchAction\",\"target\":{\"@type\":\"EntryPoint\",\"urlTemplate\":\"https:\\\/\\\/electricink.eu\\\/?s={search_term_string}\"},\"query-input\":{\"@type\":\"PropertyValueSpecification\",\"valueRequired\":true,\"valueName\":\"search_term_string\"}}],\"inLanguage\":\"fr-FR\"}]}<\/script>\n<!-- \/ Yoast SEO plugin. -->","yoast_head_json":{"title":"Pedale Bobtail Wireless - Electric Ink\u00ae","robots":{"index":"index","follow":"follow","max-snippet":"max-snippet:-1","max-image-preview":"max-image-preview:large","max-video-preview":"max-video-preview:-1"},"canonical":"https:\/\/electricink.eu\/fr\/producto\/pedale-bobtail-wireless\/","og_locale":"fr_FR","og_type":"article","og_title":"Pedale Bobtail Wireless - Electric Ink\u00ae","og_description":"P\u00e9dale Bobtail Wireless Electric Ink, plus de libert\u00e9 dans votre routine! Utilisation exclusive avec les sources Power 1 et Wire Power La P\u00e9dale Bobtail est un appareil de connexion Bluetooth, sans fil et compatible avec les sources Power 1 et Wire Power, offrant encore plus de facilit\u00e9 \u00e0 votre travail. Fabriqu\u00e9e en polym\u00e8re, mat\u00e9riau tr\u00e8s r\u00e9sistant, la Bobtail a une base adh\u00e9rente et antid\u00e9rapante, un \u00e9quipement complet et s\u00fbr \u00e0 utiliser o\u00f9 vous voulez. Large zone d'activation sur sa surface, modes pulse, blocage ou d\u00e9tection automatique et autonomie jusqu'\u00e0 15 jours. Articles inclus : 1 c\u00e2ble USB-C pour le chargement.","og_url":"https:\/\/electricink.eu\/fr\/producto\/pedale-bobtail-wireless\/","og_site_name":"Electric Ink\u00ae","article_modified_time":"2024-05-27T11:10:21+00:00","og_image":[{"width":500,"height":500,"url":"https:\/\/electricink.eu\/wp-content\/uploads\/2023\/10\/Pedal_Bobtail1.jpg","type":"image\/jpeg"}],"twitter_card":"summary_large_image","schema":{"@context":"https:\/\/schema.org","@graph":[{"@type":"WebPage","@id":"https:\/\/electricink.eu\/fr\/producto\/pedale-bobtail-wireless\/","url":"https:\/\/electricink.eu\/fr\/producto\/pedale-bobtail-wireless\/","name":"Pedale Bobtail Wireless - Electric Ink\u00ae","isPartOf":{"@id":"https:\/\/electricink.eu\/#website"},"primaryImageOfPage":{"@id":"https:\/\/electricink.eu\/fr\/producto\/pedale-bobtail-wireless\/#primaryimage"},"image":{"@id":"https:\/\/electricink.eu\/fr\/producto\/pedale-bobtail-wireless\/#primaryimage"},"thumbnailUrl":"https:\/\/electricink.eu\/wp-content\/uploads\/2023\/10\/Pedal_Bobtail1.jpg","datePublished":"2023-12-14T00:23:20+00:00","dateModified":"2024-05-27T11:10:21+00:00","breadcrumb":{"@id":"https:\/\/electricink.eu\/fr\/producto\/pedale-bobtail-wireless\/#breadcrumb"},"inLanguage":"fr-FR","potentialAction":[{"@type":"ReadAction","target":["https:\/\/electricink.eu\/fr\/producto\/pedale-bobtail-wireless\/"]}]},{"@type":"ImageObject","inLanguage":"fr-FR","@id":"https:\/\/electricink.eu\/fr\/producto\/pedale-bobtail-wireless\/#primaryimage","url":"https:\/\/electricink.eu\/wp-content\/uploads\/2023\/10\/Pedal_Bobtail1.jpg","contentUrl":"https:\/\/electricink.eu\/wp-content\/uploads\/2023\/10\/Pedal_Bobtail1.jpg","width":500,"height":500},{"@type":"BreadcrumbList","@id":"https:\/\/electricink.eu\/fr\/producto\/pedale-bobtail-wireless\/#breadcrumb","itemListElement":[{"@type":"ListItem","position":1,"name":"Portada","item":"https:\/\/electricink.eu\/fr\/home\/"},{"@type":"ListItem","position":2,"name":"Boutique","item":"https:\/\/electricink.eu\/tienda\/"},{"@type":"ListItem","position":3,"name":"Pedale Bobtail Wireless"}]},{"@type":"WebSite","@id":"https:\/\/electricink.eu\/#website","url":"https:\/\/electricink.eu\/","name":"Electric Ink\u00ae","description":"Material para Tatuar Profesional en Europa - Electric Ink\u00ae","potentialAction":[{"@type":"SearchAction","target":{"@type":"EntryPoint","urlTemplate":"https:\/\/electricink.eu\/?s={search_term_string}"},"query-input":{"@type":"PropertyValueSpecification","valueRequired":true,"valueName":"search_term_string"}}],"inLanguage":"fr-FR"}]}},"_links":{"self":[{"href":"https:\/\/electricink.eu\/fr\/wp-json\/wp\/v2\/product\/36782","targetHints":{"allow":["GET"]}}],"collection":[{"href":"https:\/\/electricink.eu\/fr\/wp-json\/wp\/v2\/product"}],"about":[{"href":"https:\/\/electricink.eu\/fr\/wp-json\/wp\/v2\/types\/product"}],"replies":[{"embeddable":true,"href":"https:\/\/electricink.eu\/fr\/wp-json\/wp\/v2\/comments?post=36782"}],"wp:featuredmedia":[{"embeddable":true,"href":"https:\/\/electricink.eu\/fr\/wp-json\/wp\/v2\/media\/4383"}],"wp:attachment":[{"href":"https:\/\/electricink.eu\/fr\/wp-json\/wp\/v2\/media?parent=36782"}],"wp:term":[{"taxonomy":"product_brand","embeddable":true,"href":"https:\/\/electricink.eu\/fr\/wp-json\/wp\/v2\/product_brand?post=36782"},{"taxonomy":"product_cat","embeddable":true,"href":"https:\/\/electricink.eu\/fr\/wp-json\/wp\/v2\/product_cat?post=36782"},{"taxonomy":"product_tag","embeddable":true,"href":"https:\/\/electricink.eu\/fr\/wp-json\/wp\/v2\/product_tag?post=36782"}],"curies":[{"name":"wp","href":"https:\/\/api.w.org\/{rel}","templated":true}]}}