{"id":36785,"date":"2023-12-14T01:23:20","date_gmt":"2023-12-14T00:23:20","guid":{"rendered":"https:\/\/electricink.eu\/producto\/transverse-tank-tradicional-noir-mat\/"},"modified":"2023-12-14T01:23:20","modified_gmt":"2023-12-14T00:23:20","slug":"transverse-tank-tradicional-noir-mat","status":"publish","type":"product","link":"https:\/\/electricink.eu\/fr\/producto\/transverse-tank-tradicional-noir-mat\/","title":{"rendered":"Transverse Tank Tradicional &#8211; noir mat"},"content":{"rendered":"<p><strong>Transverse Tank Tradicional &#8211; noir mat<\/strong><\/p>\n<p><strong>&#8212;&#8212;&#8212;&#8212;&#8212;&#8212;&#8212; Garantie du produit &#8212;&#8212;&#8212;&#8212;&#8212;&#8212;&#8212;-<\/strong><\/p>\n<p>La p\u00e9riode de garantie offerte par Electric Ink suit les r\u00e9glementations europ\u00e9ennes en vigueur. La garantie Electric Ink contre les d\u00e9fauts de fabrication commence \u00e0 partir de l&rsquo;achat du produit par le consommateur, v\u00e9rifi\u00e9 via la facture d&rsquo;achat de l&rsquo;article concern\u00e9.<\/p>\n<p><strong>&#8212;&#8212;&#8212;&#8212;&#8212;&#8212;&#8212;Assistance technique&#8212;&#8212;&#8212;&#8212;&#8212;&#8212;&#8212;&#8212;-<\/strong><\/p>\n<p>Par e-mail : info@electric.local ou par WhatsApp sur le web<\/p>\n","protected":false},"excerpt":{"rendered":"<p>La Transverse Tank est une version de la Transverse Nano, usin\u00e9e en 2D, en aluminium d&rsquo;aviation. Son fonctionnement est plus similaire \u00e0 celui d&rsquo;une machine \u00e0 bobines, avec des syst\u00e8mes plus simples et une r\u00e9duction des pi\u00e8ces les plus d\u00e9licates et complexes, sans perte de r\u00e9sistance ni de qualit\u00e9. Parfaite pour toute technique de tatouage.<\/p>\n<p>Une excellente machine, avec un excellent rapport co\u00fbt\/b\u00e9n\u00e9fice, elle a un d\u00e9battement de 4,0 mm et un moteur Mabuchi.<\/p>\n","protected":false},"featured_media":36151,"comment_status":"closed","ping_status":"closed","template":"","meta":{"_acf_changed":false,"_et_pb_use_builder":"","_et_pb_old_content":"","_et_gb_content_width":"","inline_featured_image":false},"product_brand":[],"product_cat":[808,817,820],"product_tag":[],"class_list":{"0":"post-36785","1":"product","2":"type-product","3":"status-publish","4":"has-post-thumbnail","6":"product_cat-tattoo-fr","7":"product_cat-machine-a-tatouer","8":"product_cat-machines-rotatives","10":"first","11":"outofstock","12":"taxable","13":"shipping-taxable","14":"purchasable","15":"product-type-simple"},"acf":[],"yoast_head":"<!-- This site is optimized with the Yoast SEO plugin v27.4 - https:\/\/yoast.com\/product\/yoast-seo-wordpress\/ -->\n<title>Transverse Tank Tradicional - noir mat - Electric Ink\u00ae<\/title>\n<meta name=\"robots\" content=\"index, follow, max-snippet:-1, max-image-preview:large, max-video-preview:-1\" \/>\n<link rel=\"canonical\" href=\"https:\/\/electricink.eu\/fr\/producto\/transverse-tank-tradicional-noir-mat\/\" \/>\n<meta property=\"og:locale\" content=\"fr_FR\" \/>\n<meta property=\"og:type\" content=\"article\" \/>\n<meta property=\"og:title\" content=\"Transverse Tank Tradicional - noir mat - Electric Ink\u00ae\" \/>\n<meta property=\"og:description\" content=\"La Transverse Tank est une version de la Transverse Nano, usin\u00e9e en 2D, en aluminium d&#039;aviation. Son fonctionnement est plus similaire \u00e0 celui d&#039;une machine \u00e0 bobines, avec des syst\u00e8mes plus simples et une r\u00e9duction des pi\u00e8ces les plus d\u00e9licates et complexes, sans perte de r\u00e9sistance ni de qualit\u00e9. Parfaite pour toute technique de tatouage. Une excellente machine, avec un excellent rapport co\u00fbt\/b\u00e9n\u00e9fice, elle a un d\u00e9battement de 4,0 mm et un moteur Mabuchi.\" \/>\n<meta property=\"og:url\" content=\"https:\/\/electricink.eu\/fr\/producto\/transverse-tank-tradicional-noir-mat\/\" \/>\n<meta property=\"og:site_name\" content=\"Electric Ink\u00ae\" \/>\n<meta property=\"og:image\" content=\"https:\/\/electricink.eu\/wp-content\/uploads\/2023\/12\/Transverse_Tank_tradicional3.jpg\" \/>\n\t<meta property=\"og:image:width\" content=\"500\" \/>\n\t<meta property=\"og:image:height\" content=\"500\" \/>\n\t<meta property=\"og:image:type\" content=\"image\/jpeg\" \/>\n<meta name=\"twitter:card\" content=\"summary_large_image\" \/>\n<script type=\"application\/ld+json\" class=\"yoast-schema-graph\">{\"@context\":\"https:\\\/\\\/schema.org\",\"@graph\":[{\"@type\":\"WebPage\",\"@id\":\"https:\\\/\\\/electricink.eu\\\/fr\\\/producto\\\/transverse-tank-tradicional-noir-mat\\\/\",\"url\":\"https:\\\/\\\/electricink.eu\\\/fr\\\/producto\\\/transverse-tank-tradicional-noir-mat\\\/\",\"name\":\"Transverse Tank Tradicional - noir mat - Electric Ink\u00ae\",\"isPartOf\":{\"@id\":\"https:\\\/\\\/electricink.eu\\\/#website\"},\"primaryImageOfPage\":{\"@id\":\"https:\\\/\\\/electricink.eu\\\/fr\\\/producto\\\/transverse-tank-tradicional-noir-mat\\\/#primaryimage\"},\"image\":{\"@id\":\"https:\\\/\\\/electricink.eu\\\/fr\\\/producto\\\/transverse-tank-tradicional-noir-mat\\\/#primaryimage\"},\"thumbnailUrl\":\"https:\\\/\\\/electricink.eu\\\/wp-content\\\/uploads\\\/2023\\\/12\\\/Transverse_Tank_tradicional3.jpg\",\"datePublished\":\"2023-12-14T00:23:20+00:00\",\"breadcrumb\":{\"@id\":\"https:\\\/\\\/electricink.eu\\\/fr\\\/producto\\\/transverse-tank-tradicional-noir-mat\\\/#breadcrumb\"},\"inLanguage\":\"fr-FR\",\"potentialAction\":[{\"@type\":\"ReadAction\",\"target\":[\"https:\\\/\\\/electricink.eu\\\/fr\\\/producto\\\/transverse-tank-tradicional-noir-mat\\\/\"]}]},{\"@type\":\"ImageObject\",\"inLanguage\":\"fr-FR\",\"@id\":\"https:\\\/\\\/electricink.eu\\\/fr\\\/producto\\\/transverse-tank-tradicional-noir-mat\\\/#primaryimage\",\"url\":\"https:\\\/\\\/electricink.eu\\\/wp-content\\\/uploads\\\/2023\\\/12\\\/Transverse_Tank_tradicional3.jpg\",\"contentUrl\":\"https:\\\/\\\/electricink.eu\\\/wp-content\\\/uploads\\\/2023\\\/12\\\/Transverse_Tank_tradicional3.jpg\",\"width\":500,\"height\":500},{\"@type\":\"BreadcrumbList\",\"@id\":\"https:\\\/\\\/electricink.eu\\\/fr\\\/producto\\\/transverse-tank-tradicional-noir-mat\\\/#breadcrumb\",\"itemListElement\":[{\"@type\":\"ListItem\",\"position\":1,\"name\":\"Portada\",\"item\":\"https:\\\/\\\/electricink.eu\\\/fr\\\/home\\\/\"},{\"@type\":\"ListItem\",\"position\":2,\"name\":\"Boutique\",\"item\":\"https:\\\/\\\/electricink.eu\\\/tienda\\\/\"},{\"@type\":\"ListItem\",\"position\":3,\"name\":\"Transverse Tank Tradicional &#8211; noir mat\"}]},{\"@type\":\"WebSite\",\"@id\":\"https:\\\/\\\/electricink.eu\\\/#website\",\"url\":\"https:\\\/\\\/electricink.eu\\\/\",\"name\":\"Electric Ink\u00ae\",\"description\":\"Material para Tatuar Profesional en Europa - Electric Ink\u00ae\",\"potentialAction\":[{\"@type\":\"SearchAction\",\"target\":{\"@type\":\"EntryPoint\",\"urlTemplate\":\"https:\\\/\\\/electricink.eu\\\/?s={search_term_string}\"},\"query-input\":{\"@type\":\"PropertyValueSpecification\",\"valueRequired\":true,\"valueName\":\"search_term_string\"}}],\"inLanguage\":\"fr-FR\"}]}<\/script>\n<!-- \/ Yoast SEO plugin. -->","yoast_head_json":{"title":"Transverse Tank Tradicional - noir mat - Electric Ink\u00ae","robots":{"index":"index","follow":"follow","max-snippet":"max-snippet:-1","max-image-preview":"max-image-preview:large","max-video-preview":"max-video-preview:-1"},"canonical":"https:\/\/electricink.eu\/fr\/producto\/transverse-tank-tradicional-noir-mat\/","og_locale":"fr_FR","og_type":"article","og_title":"Transverse Tank Tradicional - noir mat - Electric Ink\u00ae","og_description":"La Transverse Tank est une version de la Transverse Nano, usin\u00e9e en 2D, en aluminium d'aviation. Son fonctionnement est plus similaire \u00e0 celui d'une machine \u00e0 bobines, avec des syst\u00e8mes plus simples et une r\u00e9duction des pi\u00e8ces les plus d\u00e9licates et complexes, sans perte de r\u00e9sistance ni de qualit\u00e9. Parfaite pour toute technique de tatouage. Une excellente machine, avec un excellent rapport co\u00fbt\/b\u00e9n\u00e9fice, elle a un d\u00e9battement de 4,0 mm et un moteur Mabuchi.","og_url":"https:\/\/electricink.eu\/fr\/producto\/transverse-tank-tradicional-noir-mat\/","og_site_name":"Electric Ink\u00ae","og_image":[{"width":500,"height":500,"url":"https:\/\/electricink.eu\/wp-content\/uploads\/2023\/12\/Transverse_Tank_tradicional3.jpg","type":"image\/jpeg"}],"twitter_card":"summary_large_image","schema":{"@context":"https:\/\/schema.org","@graph":[{"@type":"WebPage","@id":"https:\/\/electricink.eu\/fr\/producto\/transverse-tank-tradicional-noir-mat\/","url":"https:\/\/electricink.eu\/fr\/producto\/transverse-tank-tradicional-noir-mat\/","name":"Transverse Tank Tradicional - noir mat - Electric Ink\u00ae","isPartOf":{"@id":"https:\/\/electricink.eu\/#website"},"primaryImageOfPage":{"@id":"https:\/\/electricink.eu\/fr\/producto\/transverse-tank-tradicional-noir-mat\/#primaryimage"},"image":{"@id":"https:\/\/electricink.eu\/fr\/producto\/transverse-tank-tradicional-noir-mat\/#primaryimage"},"thumbnailUrl":"https:\/\/electricink.eu\/wp-content\/uploads\/2023\/12\/Transverse_Tank_tradicional3.jpg","datePublished":"2023-12-14T00:23:20+00:00","breadcrumb":{"@id":"https:\/\/electricink.eu\/fr\/producto\/transverse-tank-tradicional-noir-mat\/#breadcrumb"},"inLanguage":"fr-FR","potentialAction":[{"@type":"ReadAction","target":["https:\/\/electricink.eu\/fr\/producto\/transverse-tank-tradicional-noir-mat\/"]}]},{"@type":"ImageObject","inLanguage":"fr-FR","@id":"https:\/\/electricink.eu\/fr\/producto\/transverse-tank-tradicional-noir-mat\/#primaryimage","url":"https:\/\/electricink.eu\/wp-content\/uploads\/2023\/12\/Transverse_Tank_tradicional3.jpg","contentUrl":"https:\/\/electricink.eu\/wp-content\/uploads\/2023\/12\/Transverse_Tank_tradicional3.jpg","width":500,"height":500},{"@type":"BreadcrumbList","@id":"https:\/\/electricink.eu\/fr\/producto\/transverse-tank-tradicional-noir-mat\/#breadcrumb","itemListElement":[{"@type":"ListItem","position":1,"name":"Portada","item":"https:\/\/electricink.eu\/fr\/home\/"},{"@type":"ListItem","position":2,"name":"Boutique","item":"https:\/\/electricink.eu\/tienda\/"},{"@type":"ListItem","position":3,"name":"Transverse Tank Tradicional &#8211; noir mat"}]},{"@type":"WebSite","@id":"https:\/\/electricink.eu\/#website","url":"https:\/\/electricink.eu\/","name":"Electric Ink\u00ae","description":"Material para Tatuar Profesional en Europa - Electric Ink\u00ae","potentialAction":[{"@type":"SearchAction","target":{"@type":"EntryPoint","urlTemplate":"https:\/\/electricink.eu\/?s={search_term_string}"},"query-input":{"@type":"PropertyValueSpecification","valueRequired":true,"valueName":"search_term_string"}}],"inLanguage":"fr-FR"}]}},"_links":{"self":[{"href":"https:\/\/electricink.eu\/fr\/wp-json\/wp\/v2\/product\/36785","targetHints":{"allow":["GET"]}}],"collection":[{"href":"https:\/\/electricink.eu\/fr\/wp-json\/wp\/v2\/product"}],"about":[{"href":"https:\/\/electricink.eu\/fr\/wp-json\/wp\/v2\/types\/product"}],"replies":[{"embeddable":true,"href":"https:\/\/electricink.eu\/fr\/wp-json\/wp\/v2\/comments?post=36785"}],"wp:featuredmedia":[{"embeddable":true,"href":"https:\/\/electricink.eu\/fr\/wp-json\/wp\/v2\/media\/36151"}],"wp:attachment":[{"href":"https:\/\/electricink.eu\/fr\/wp-json\/wp\/v2\/media?parent=36785"}],"wp:term":[{"taxonomy":"product_brand","embeddable":true,"href":"https:\/\/electricink.eu\/fr\/wp-json\/wp\/v2\/product_brand?post=36785"},{"taxonomy":"product_cat","embeddable":true,"href":"https:\/\/electricink.eu\/fr\/wp-json\/wp\/v2\/product_cat?post=36785"},{"taxonomy":"product_tag","embeddable":true,"href":"https:\/\/electricink.eu\/fr\/wp-json\/wp\/v2\/product_tag?post=36785"}],"curies":[{"name":"wp","href":"https:\/\/api.w.org\/{rel}","templated":true}]}}