{"id":36791,"date":"2023-12-14T01:23:20","date_gmt":"2023-12-14T00:23:20","guid":{"rendered":"https:\/\/electricink.eu\/producto\/dermographe-giulietta-nuance\/"},"modified":"2025-10-21T10:04:07","modified_gmt":"2025-10-21T08:04:07","slug":"dermographe-giulietta-nuance","status":"publish","type":"product","link":"https:\/\/electricink.eu\/fr\/producto\/dermographe-giulietta-nuance\/","title":{"rendered":"Dermographe Giulietta Nuance"},"content":{"rendered":"<p><strong>&#8212;&#8212;&#8212;&#8212;&#8212;&#8212; Caract\u00e9ristiques &#8212;&#8212;&#8212;&#8212;&#8212;&#8212;-<\/strong><\/p>\n<p><strong>Machine:<\/strong><\/p>\n<p>&#8211; Mat\u00e9riau : aluminium<br \/>&#8211; Couleur : Noir<br \/>&#8211; Moteur : moteur DC de pr\u00e9cision<\/p>\n<p>&#8211; Tension nominale : 4 \u00e0 8 VDC<br \/>&#8211; Consommation maximale : 1,4 W<br \/>&#8211; Connexion \u00e9lectrique : USB-A<br \/>&#8211; Fr\u00e9quence de perforation : 60 \u00e0 110 PPS<br \/>&#8211; Course : 2,2 mm<\/p>\n<p>&#8211; Longueur x Diam\u00e8tre : 128 x 21 mm<br \/>&#8211; Poids : 70 grammes<br \/>&#8211; Mat\u00e9riau : Aluminium<\/p>\n<p><strong>Alimentation:<\/strong><\/p>\n<p>Mod\u00e8le : EI-WP-MIC1<br \/>Alimentation : 12Vdc<br \/>Volts de sortie : 5 \u00e0 8 V<br \/>R\u00e9solution : 5PPS<br \/>Amp\u00e8res de sortie : 1\u00b0<br \/>Protection contre les courts-circuits de sortie : Oui<br \/>Affichage : OLED<br \/>Connectivit\u00e9 : Bluetooth 5.3<br \/>Poids de la source : 30 grammes<br \/>Mati\u00e8re d&rsquo;origine : Moul\u00e9e par injection, c\u00e2bles tress\u00e9s en nylon ultra r\u00e9sistants<br \/>C\u00e2ble d&rsquo;alimentation : Longueur : 2 m\u00e8tres (+- centim\u00e8tres de variation), Diam\u00e8tre : 2 mm, Connexion : Connect\u00e9 directement \u00e0 la machine.<\/p>\n<p><strong>Adaptateur CA\/CC<\/strong><\/p>\n<p>Alimentation : 100 \u00e0 240 VCA, 50\/60 Hz, 0,4\u00b0<br \/>Sortie : 12 V, 1 A, 12 W max, USB-A<br \/>Protection contre les courts-circuits de sortie : Oui<br \/>Type de prise : norme europ\u00e9enne<br \/>Certification CE internationale : Oui<\/p>\n<p><strong>&#8212;&#8212;&#8212;&#8212;&#8212;&#8212;&#8212; Articles inclus &#8212;&#8212;&#8212;&#8212;&#8212;&#8212;&#8211;<\/strong><\/p>\n<p>&#8211; 01 machine Giulietta compl\u00e8te : Dermographe, Source et C\u00e2ble d&rsquo;alimentation int\u00e9gr\u00e9<br \/>&#8211; Manuel d&rsquo;instructions<br \/>&#8211; Garantie<\/p>\n<p><strong>&#8212;&#8212;&#8212;&#8212;&#8212;&#8212;&#8212;&#8212; Garantie du produit&#8212;&#8212;&#8212;&#8212;&#8212;&#8212;&#8212;&#8212;<\/strong><\/p>\n<p>La p\u00e9riode de garantie offerte par Electric Ink suit les r\u00e9glementations europ\u00e9ennes en vigueur. La garantie d&rsquo;Electric Ink contre les d\u00e9fauts de fabrication commence \u00e0 partir de l&rsquo;achat du produit par le consommateur, v\u00e9rifi\u00e9 via la facture d&rsquo;achat de l&rsquo;article concern\u00e9.<\/p>\n<p><strong>Assistance technique:<\/strong> contact par mail:\u00a0 info@electric.local<\/p>\n","protected":false},"excerpt":{"rendered":"<p><strong>Dermographe Giulietta by Nuance<\/strong><\/p>\n<p>Explorez toutes les possibilit\u00e9s avec Giulietta !<\/p>\n<p>Avec des fonctionnalit\u00e9s exclusives, moteur de haute puissance et technologie, Giulietta vous permet de travailler avec toutes les techniques de micropigmentation.<\/p>\n<p>Une machine l\u00e9g\u00e8re, solide et pr\u00e9cise. Le meilleur rapport qualit\u00e9\/prix que vous pouvez trouver !<\/p>\n<p>Avec son application innovante, vous pouvez contr\u00f4ler votre machine par commande vocale, en connectant la source \u00e0 votre mobile via Bluetooth 5.3<\/p>\n<p>C&rsquo;est une machine polyvalente qui vous permet de changer le r\u00e9cepteur de la cartouche pour fonctionner avec presque toutes les cartouches existantes aujourd&rsquo;hui : Universal, Easy Click, Microneedling Needles (Derma Pen) et les cartouches exclusives Electric Ink\/Nuance.<\/p>\n","protected":false},"featured_media":36419,"comment_status":"closed","ping_status":"closed","template":"","meta":{"_acf_changed":false,"_et_pb_use_builder":"","_et_pb_old_content":"","_et_gb_content_width":"","inline_featured_image":false},"product_brand":[],"product_cat":[794,798,819],"product_tag":[],"class_list":{"0":"post-36791","1":"product","2":"type-product","3":"status-publish","4":"has-post-thumbnail","6":"product_cat-micropigmentation","7":"product_cat-dermographes","8":"product_cat-machines-pen-fr","10":"first","11":"instock","12":"taxable","13":"shipping-taxable","14":"purchasable","15":"product-type-simple"},"acf":[],"yoast_head":"<!-- This site is optimized with the Yoast SEO plugin v27.4 - https:\/\/yoast.com\/product\/yoast-seo-wordpress\/ -->\n<title>Dermographe Giulietta Nuance - Electric Ink\u00ae<\/title>\n<meta name=\"robots\" content=\"index, follow, max-snippet:-1, max-image-preview:large, max-video-preview:-1\" \/>\n<link rel=\"canonical\" href=\"https:\/\/electricink.eu\/fr\/producto\/dermographe-giulietta-nuance\/\" \/>\n<meta property=\"og:locale\" content=\"fr_FR\" \/>\n<meta property=\"og:type\" content=\"article\" \/>\n<meta property=\"og:title\" content=\"Dermographe Giulietta Nuance - Electric Ink\u00ae\" \/>\n<meta property=\"og:description\" content=\"Dermographe Giulietta by Nuance Explorez toutes les possibilit\u00e9s avec Giulietta ! Avec des fonctionnalit\u00e9s exclusives, moteur de haute puissance et technologie, Giulietta vous permet de travailler avec toutes les techniques de micropigmentation. Une machine l\u00e9g\u00e8re, solide et pr\u00e9cise. Le meilleur rapport qualit\u00e9\/prix que vous pouvez trouver ! Avec son application innovante, vous pouvez contr\u00f4ler votre machine par commande vocale, en connectant la source \u00e0 votre mobile via Bluetooth 5.3 C&#039;est une machine polyvalente qui vous permet de changer le r\u00e9cepteur de la cartouche pour fonctionner avec presque toutes les cartouches existantes aujourd&#039;hui : Universal, Easy Click, Microneedling Needles (Derma Pen) et les cartouches exclusives Electric Ink\/Nuance.\" \/>\n<meta property=\"og:url\" content=\"https:\/\/electricink.eu\/fr\/producto\/dermographe-giulietta-nuance\/\" \/>\n<meta property=\"og:site_name\" content=\"Electric Ink\u00ae\" \/>\n<meta property=\"article:modified_time\" content=\"2025-10-21T08:04:07+00:00\" \/>\n<meta property=\"og:image\" content=\"https:\/\/electricink.eu\/wp-content\/uploads\/2023\/12\/Giulietta-8.jpg\" \/>\n\t<meta property=\"og:image:width\" content=\"1646\" \/>\n\t<meta property=\"og:image:height\" content=\"1646\" \/>\n\t<meta property=\"og:image:type\" content=\"image\/jpeg\" \/>\n<meta name=\"twitter:card\" content=\"summary_large_image\" \/>\n<meta name=\"twitter:label1\" content=\"Dur\u00e9e de lecture estim\u00e9e\" \/>\n\t<meta name=\"twitter:data1\" content=\"1 minute\" \/>\n<script type=\"application\/ld+json\" class=\"yoast-schema-graph\">{\"@context\":\"https:\\\/\\\/schema.org\",\"@graph\":[{\"@type\":\"WebPage\",\"@id\":\"https:\\\/\\\/electricink.eu\\\/fr\\\/producto\\\/dermographe-giulietta-nuance\\\/\",\"url\":\"https:\\\/\\\/electricink.eu\\\/fr\\\/producto\\\/dermographe-giulietta-nuance\\\/\",\"name\":\"Dermographe Giulietta Nuance - Electric Ink\u00ae\",\"isPartOf\":{\"@id\":\"https:\\\/\\\/electricink.eu\\\/#website\"},\"primaryImageOfPage\":{\"@id\":\"https:\\\/\\\/electricink.eu\\\/fr\\\/producto\\\/dermographe-giulietta-nuance\\\/#primaryimage\"},\"image\":{\"@id\":\"https:\\\/\\\/electricink.eu\\\/fr\\\/producto\\\/dermographe-giulietta-nuance\\\/#primaryimage\"},\"thumbnailUrl\":\"https:\\\/\\\/electricink.eu\\\/wp-content\\\/uploads\\\/2023\\\/12\\\/Giulietta-8.jpg\",\"datePublished\":\"2023-12-14T00:23:20+00:00\",\"dateModified\":\"2025-10-21T08:04:07+00:00\",\"breadcrumb\":{\"@id\":\"https:\\\/\\\/electricink.eu\\\/fr\\\/producto\\\/dermographe-giulietta-nuance\\\/#breadcrumb\"},\"inLanguage\":\"fr-FR\",\"potentialAction\":[{\"@type\":\"ReadAction\",\"target\":[\"https:\\\/\\\/electricink.eu\\\/fr\\\/producto\\\/dermographe-giulietta-nuance\\\/\"]}]},{\"@type\":\"ImageObject\",\"inLanguage\":\"fr-FR\",\"@id\":\"https:\\\/\\\/electricink.eu\\\/fr\\\/producto\\\/dermographe-giulietta-nuance\\\/#primaryimage\",\"url\":\"https:\\\/\\\/electricink.eu\\\/wp-content\\\/uploads\\\/2023\\\/12\\\/Giulietta-8.jpg\",\"contentUrl\":\"https:\\\/\\\/electricink.eu\\\/wp-content\\\/uploads\\\/2023\\\/12\\\/Giulietta-8.jpg\",\"width\":1646,\"height\":1646},{\"@type\":\"BreadcrumbList\",\"@id\":\"https:\\\/\\\/electricink.eu\\\/fr\\\/producto\\\/dermographe-giulietta-nuance\\\/#breadcrumb\",\"itemListElement\":[{\"@type\":\"ListItem\",\"position\":1,\"name\":\"Portada\",\"item\":\"https:\\\/\\\/electricink.eu\\\/fr\\\/home\\\/\"},{\"@type\":\"ListItem\",\"position\":2,\"name\":\"Boutique\",\"item\":\"https:\\\/\\\/electricink.eu\\\/tienda\\\/\"},{\"@type\":\"ListItem\",\"position\":3,\"name\":\"Dermographe Giulietta Nuance\"}]},{\"@type\":\"WebSite\",\"@id\":\"https:\\\/\\\/electricink.eu\\\/#website\",\"url\":\"https:\\\/\\\/electricink.eu\\\/\",\"name\":\"Electric Ink\u00ae\",\"description\":\"Material para Tatuar Profesional en Europa - Electric Ink\u00ae\",\"potentialAction\":[{\"@type\":\"SearchAction\",\"target\":{\"@type\":\"EntryPoint\",\"urlTemplate\":\"https:\\\/\\\/electricink.eu\\\/?s={search_term_string}\"},\"query-input\":{\"@type\":\"PropertyValueSpecification\",\"valueRequired\":true,\"valueName\":\"search_term_string\"}}],\"inLanguage\":\"fr-FR\"}]}<\/script>\n<!-- \/ Yoast SEO plugin. -->","yoast_head_json":{"title":"Dermographe Giulietta Nuance - Electric Ink\u00ae","robots":{"index":"index","follow":"follow","max-snippet":"max-snippet:-1","max-image-preview":"max-image-preview:large","max-video-preview":"max-video-preview:-1"},"canonical":"https:\/\/electricink.eu\/fr\/producto\/dermographe-giulietta-nuance\/","og_locale":"fr_FR","og_type":"article","og_title":"Dermographe Giulietta Nuance - Electric Ink\u00ae","og_description":"Dermographe Giulietta by Nuance Explorez toutes les possibilit\u00e9s avec Giulietta ! Avec des fonctionnalit\u00e9s exclusives, moteur de haute puissance et technologie, Giulietta vous permet de travailler avec toutes les techniques de micropigmentation. Une machine l\u00e9g\u00e8re, solide et pr\u00e9cise. Le meilleur rapport qualit\u00e9\/prix que vous pouvez trouver ! Avec son application innovante, vous pouvez contr\u00f4ler votre machine par commande vocale, en connectant la source \u00e0 votre mobile via Bluetooth 5.3 C'est une machine polyvalente qui vous permet de changer le r\u00e9cepteur de la cartouche pour fonctionner avec presque toutes les cartouches existantes aujourd'hui : Universal, Easy Click, Microneedling Needles (Derma Pen) et les cartouches exclusives Electric Ink\/Nuance.","og_url":"https:\/\/electricink.eu\/fr\/producto\/dermographe-giulietta-nuance\/","og_site_name":"Electric Ink\u00ae","article_modified_time":"2025-10-21T08:04:07+00:00","og_image":[{"width":1646,"height":1646,"url":"https:\/\/electricink.eu\/wp-content\/uploads\/2023\/12\/Giulietta-8.jpg","type":"image\/jpeg"}],"twitter_card":"summary_large_image","twitter_misc":{"Dur\u00e9e de lecture estim\u00e9e":"1 minute"},"schema":{"@context":"https:\/\/schema.org","@graph":[{"@type":"WebPage","@id":"https:\/\/electricink.eu\/fr\/producto\/dermographe-giulietta-nuance\/","url":"https:\/\/electricink.eu\/fr\/producto\/dermographe-giulietta-nuance\/","name":"Dermographe Giulietta Nuance - Electric Ink\u00ae","isPartOf":{"@id":"https:\/\/electricink.eu\/#website"},"primaryImageOfPage":{"@id":"https:\/\/electricink.eu\/fr\/producto\/dermographe-giulietta-nuance\/#primaryimage"},"image":{"@id":"https:\/\/electricink.eu\/fr\/producto\/dermographe-giulietta-nuance\/#primaryimage"},"thumbnailUrl":"https:\/\/electricink.eu\/wp-content\/uploads\/2023\/12\/Giulietta-8.jpg","datePublished":"2023-12-14T00:23:20+00:00","dateModified":"2025-10-21T08:04:07+00:00","breadcrumb":{"@id":"https:\/\/electricink.eu\/fr\/producto\/dermographe-giulietta-nuance\/#breadcrumb"},"inLanguage":"fr-FR","potentialAction":[{"@type":"ReadAction","target":["https:\/\/electricink.eu\/fr\/producto\/dermographe-giulietta-nuance\/"]}]},{"@type":"ImageObject","inLanguage":"fr-FR","@id":"https:\/\/electricink.eu\/fr\/producto\/dermographe-giulietta-nuance\/#primaryimage","url":"https:\/\/electricink.eu\/wp-content\/uploads\/2023\/12\/Giulietta-8.jpg","contentUrl":"https:\/\/electricink.eu\/wp-content\/uploads\/2023\/12\/Giulietta-8.jpg","width":1646,"height":1646},{"@type":"BreadcrumbList","@id":"https:\/\/electricink.eu\/fr\/producto\/dermographe-giulietta-nuance\/#breadcrumb","itemListElement":[{"@type":"ListItem","position":1,"name":"Portada","item":"https:\/\/electricink.eu\/fr\/home\/"},{"@type":"ListItem","position":2,"name":"Boutique","item":"https:\/\/electricink.eu\/tienda\/"},{"@type":"ListItem","position":3,"name":"Dermographe Giulietta Nuance"}]},{"@type":"WebSite","@id":"https:\/\/electricink.eu\/#website","url":"https:\/\/electricink.eu\/","name":"Electric Ink\u00ae","description":"Material para Tatuar Profesional en Europa - Electric Ink\u00ae","potentialAction":[{"@type":"SearchAction","target":{"@type":"EntryPoint","urlTemplate":"https:\/\/electricink.eu\/?s={search_term_string}"},"query-input":{"@type":"PropertyValueSpecification","valueRequired":true,"valueName":"search_term_string"}}],"inLanguage":"fr-FR"}]}},"_links":{"self":[{"href":"https:\/\/electricink.eu\/fr\/wp-json\/wp\/v2\/product\/36791","targetHints":{"allow":["GET"]}}],"collection":[{"href":"https:\/\/electricink.eu\/fr\/wp-json\/wp\/v2\/product"}],"about":[{"href":"https:\/\/electricink.eu\/fr\/wp-json\/wp\/v2\/types\/product"}],"replies":[{"embeddable":true,"href":"https:\/\/electricink.eu\/fr\/wp-json\/wp\/v2\/comments?post=36791"}],"wp:featuredmedia":[{"embeddable":true,"href":"https:\/\/electricink.eu\/fr\/wp-json\/wp\/v2\/media\/36419"}],"wp:attachment":[{"href":"https:\/\/electricink.eu\/fr\/wp-json\/wp\/v2\/media?parent=36791"}],"wp:term":[{"taxonomy":"product_brand","embeddable":true,"href":"https:\/\/electricink.eu\/fr\/wp-json\/wp\/v2\/product_brand?post=36791"},{"taxonomy":"product_cat","embeddable":true,"href":"https:\/\/electricink.eu\/fr\/wp-json\/wp\/v2\/product_cat?post=36791"},{"taxonomy":"product_tag","embeddable":true,"href":"https:\/\/electricink.eu\/fr\/wp-json\/wp\/v2\/product_tag?post=36791"}],"curies":[{"name":"wp","href":"https:\/\/api.w.org\/{rel}","templated":true}]}}