{"id":36943,"date":"2023-01-04T01:22:27","date_gmt":"2023-01-04T00:22:27","guid":{"rendered":"https:\/\/electricink.eu\/producto\/encre-raven-black-easy-glow-30ml-reach\/"},"modified":"2025-08-25T19:31:03","modified_gmt":"2025-08-25T17:31:03","slug":"encre-raven-black-easy-glow-30ml-reach","status":"publish","type":"product","link":"https:\/\/electricink.eu\/fr\/producto\/encre-raven-black-easy-glow-30ml-reach\/","title":{"rendered":"Encre Raven Black &#8211; Easy Glow 30ml REACH"},"content":{"rendered":"<p><strong>Pigments approuv\u00e9s Electric Ink<\/strong><\/p>\n<p><strong>But du produit :<\/strong> M\u00e9lange pour les tatouages \u200b\u200bou le maquillage permanent.<\/p>\n<p>Produit \u00e0 usage professionnel conforme au r\u00e8glement (UE) 2020\/2081 de la commission du 14 d\u00e9cembre 2020 sur l&rsquo;enregistrement, l&rsquo;\u00e9valuation, l&rsquo;autorisation et la restriction des substances et m\u00e9langes chimiques (REACH), en ce qui concerne les substances contenues dans les encres pour le tatouage ou le maquillage permanent.<\/p>\n<p><strong>Marque :<\/strong> EasyGlow<\/p>\n<p><strong>Format :<\/strong> 30 ml<\/p>\n<p><strong>Application :<\/strong> tatouage ou micropigmentation<\/p>\n","protected":false},"excerpt":{"rendered":"<p><strong>Raven Black : Noir intense jusqu&rsquo;\u00e0 la derni\u00e8re goutte !<\/strong><\/p>\n<p>L&rsquo;encre Raven Black est le r\u00e9sultat de nouvelles formulations et a \u00e9t\u00e9 d\u00e9velopp\u00e9e apr\u00e8s une s\u00e9lection m\u00e9ticuleuse de mati\u00e8res premi\u00e8res et d&rsquo;\u00e9quipements de haute technologie, des tests calcul\u00e9s et des analyses quotidiennes. C&rsquo;est une encre plus fluide et plus fid\u00e8le \u00e0 la couleur, avec un pouvoir couvrant et fixateur \u00e9lev\u00e9. Elle facilite le dessin et le nettoyage et assure une cicatrisation meilleure et plus rapide du tatouage. Pour Tra\u00e7age ou Remplissage, elle offre des r\u00e9sultats encore meilleurs avec une tonalit\u00e9 plus intense.<\/p>\n<p><strong>L&rsquo;encre Raven Black est enti\u00e8rement conforme \u00e0 REACH ainsi qu&rsquo;\u00e0 toutes les r\u00e9glementations europ\u00e9ennes.<\/strong><\/p>\n<p>Essayez-la et laissez-vous surprendre par Raven Black d&rsquo;Electric Ink !<\/p>\n","protected":false},"featured_media":45216,"comment_status":"closed","ping_status":"closed","template":"","meta":{"_acf_changed":false,"_et_pb_use_builder":"","_et_pb_old_content":"","_et_gb_content_width":"","inline_featured_image":false},"product_brand":[],"product_cat":[822,808],"product_tag":[],"class_list":{"0":"post-36943","1":"product","2":"type-product","3":"status-publish","4":"has-post-thumbnail","6":"product_cat-encres-homologuees-espagne","7":"product_cat-tattoo-fr","9":"first","10":"instock","11":"taxable","12":"shipping-taxable","13":"purchasable","14":"product-type-simple"},"acf":[],"yoast_head":"<!-- This site is optimized with the Yoast SEO plugin v27.4 - https:\/\/yoast.com\/product\/yoast-seo-wordpress\/ -->\n<title>Encre Raven Black - Easy Glow 30ml REACH - Electric Ink\u00ae<\/title>\n<meta name=\"robots\" content=\"index, follow, max-snippet:-1, max-image-preview:large, max-video-preview:-1\" \/>\n<link rel=\"canonical\" href=\"https:\/\/electricink.eu\/fr\/producto\/encre-raven-black-easy-glow-30ml-reach\/\" \/>\n<meta property=\"og:locale\" content=\"fr_FR\" \/>\n<meta property=\"og:type\" content=\"article\" \/>\n<meta property=\"og:title\" content=\"Encre Raven Black - Easy Glow 30ml REACH - Electric Ink\u00ae\" \/>\n<meta property=\"og:description\" content=\"Raven Black : Noir intense jusqu&#039;\u00e0 la derni\u00e8re goutte ! L&#039;encre Raven Black est le r\u00e9sultat de nouvelles formulations et a \u00e9t\u00e9 d\u00e9velopp\u00e9e apr\u00e8s une s\u00e9lection m\u00e9ticuleuse de mati\u00e8res premi\u00e8res et d&#039;\u00e9quipements de haute technologie, des tests calcul\u00e9s et des analyses quotidiennes. C&#039;est une encre plus fluide et plus fid\u00e8le \u00e0 la couleur, avec un pouvoir couvrant et fixateur \u00e9lev\u00e9. Elle facilite le dessin et le nettoyage et assure une cicatrisation meilleure et plus rapide du tatouage. Pour Tra\u00e7age ou Remplissage, elle offre des r\u00e9sultats encore meilleurs avec une tonalit\u00e9 plus intense. L&#039;encre Raven Black est enti\u00e8rement conforme \u00e0 REACH ainsi qu&#039;\u00e0 toutes les r\u00e9glementations europ\u00e9ennes. Essayez-la et laissez-vous surprendre par Raven Black d&#039;Electric Ink !\" \/>\n<meta property=\"og:url\" content=\"https:\/\/electricink.eu\/fr\/producto\/encre-raven-black-easy-glow-30ml-reach\/\" \/>\n<meta property=\"og:site_name\" content=\"Electric Ink\u00ae\" \/>\n<meta property=\"article:modified_time\" content=\"2025-08-25T17:31:03+00:00\" \/>\n<meta property=\"og:image\" content=\"https:\/\/electricink.eu\/wp-content\/uploads\/2023\/12\/30ml.png\" \/>\n\t<meta property=\"og:image:width\" content=\"1200\" \/>\n\t<meta property=\"og:image:height\" content=\"1200\" \/>\n\t<meta property=\"og:image:type\" content=\"image\/png\" \/>\n<meta name=\"twitter:card\" content=\"summary_large_image\" \/>\n<script type=\"application\/ld+json\" class=\"yoast-schema-graph\">{\"@context\":\"https:\\\/\\\/schema.org\",\"@graph\":[{\"@type\":\"WebPage\",\"@id\":\"https:\\\/\\\/electricink.eu\\\/fr\\\/producto\\\/encre-raven-black-easy-glow-30ml-reach\\\/\",\"url\":\"https:\\\/\\\/electricink.eu\\\/fr\\\/producto\\\/encre-raven-black-easy-glow-30ml-reach\\\/\",\"name\":\"Encre Raven Black - Easy Glow 30ml REACH - Electric Ink\u00ae\",\"isPartOf\":{\"@id\":\"https:\\\/\\\/electricink.eu\\\/#website\"},\"primaryImageOfPage\":{\"@id\":\"https:\\\/\\\/electricink.eu\\\/fr\\\/producto\\\/encre-raven-black-easy-glow-30ml-reach\\\/#primaryimage\"},\"image\":{\"@id\":\"https:\\\/\\\/electricink.eu\\\/fr\\\/producto\\\/encre-raven-black-easy-glow-30ml-reach\\\/#primaryimage\"},\"thumbnailUrl\":\"https:\\\/\\\/electricink.eu\\\/wp-content\\\/uploads\\\/2023\\\/12\\\/30ml.png\",\"datePublished\":\"2023-01-04T00:22:27+00:00\",\"dateModified\":\"2025-08-25T17:31:03+00:00\",\"breadcrumb\":{\"@id\":\"https:\\\/\\\/electricink.eu\\\/fr\\\/producto\\\/encre-raven-black-easy-glow-30ml-reach\\\/#breadcrumb\"},\"inLanguage\":\"fr-FR\",\"potentialAction\":[{\"@type\":\"ReadAction\",\"target\":[\"https:\\\/\\\/electricink.eu\\\/fr\\\/producto\\\/encre-raven-black-easy-glow-30ml-reach\\\/\"]}]},{\"@type\":\"ImageObject\",\"inLanguage\":\"fr-FR\",\"@id\":\"https:\\\/\\\/electricink.eu\\\/fr\\\/producto\\\/encre-raven-black-easy-glow-30ml-reach\\\/#primaryimage\",\"url\":\"https:\\\/\\\/electricink.eu\\\/wp-content\\\/uploads\\\/2023\\\/12\\\/30ml.png\",\"contentUrl\":\"https:\\\/\\\/electricink.eu\\\/wp-content\\\/uploads\\\/2023\\\/12\\\/30ml.png\",\"width\":1200,\"height\":1200},{\"@type\":\"BreadcrumbList\",\"@id\":\"https:\\\/\\\/electricink.eu\\\/fr\\\/producto\\\/encre-raven-black-easy-glow-30ml-reach\\\/#breadcrumb\",\"itemListElement\":[{\"@type\":\"ListItem\",\"position\":1,\"name\":\"Portada\",\"item\":\"https:\\\/\\\/electricink.eu\\\/fr\\\/home\\\/\"},{\"@type\":\"ListItem\",\"position\":2,\"name\":\"Boutique\",\"item\":\"https:\\\/\\\/electricink.eu\\\/tienda\\\/\"},{\"@type\":\"ListItem\",\"position\":3,\"name\":\"Encre Raven Black &#8211; Easy Glow 30ml REACH\"}]},{\"@type\":\"WebSite\",\"@id\":\"https:\\\/\\\/electricink.eu\\\/#website\",\"url\":\"https:\\\/\\\/electricink.eu\\\/\",\"name\":\"Electric Ink\u00ae\",\"description\":\"Material para Tatuar Profesional en Europa - Electric Ink\u00ae\",\"potentialAction\":[{\"@type\":\"SearchAction\",\"target\":{\"@type\":\"EntryPoint\",\"urlTemplate\":\"https:\\\/\\\/electricink.eu\\\/?s={search_term_string}\"},\"query-input\":{\"@type\":\"PropertyValueSpecification\",\"valueRequired\":true,\"valueName\":\"search_term_string\"}}],\"inLanguage\":\"fr-FR\"}]}<\/script>\n<!-- \/ Yoast SEO plugin. -->","yoast_head_json":{"title":"Encre Raven Black - Easy Glow 30ml REACH - Electric Ink\u00ae","robots":{"index":"index","follow":"follow","max-snippet":"max-snippet:-1","max-image-preview":"max-image-preview:large","max-video-preview":"max-video-preview:-1"},"canonical":"https:\/\/electricink.eu\/fr\/producto\/encre-raven-black-easy-glow-30ml-reach\/","og_locale":"fr_FR","og_type":"article","og_title":"Encre Raven Black - Easy Glow 30ml REACH - Electric Ink\u00ae","og_description":"Raven Black : Noir intense jusqu'\u00e0 la derni\u00e8re goutte ! L'encre Raven Black est le r\u00e9sultat de nouvelles formulations et a \u00e9t\u00e9 d\u00e9velopp\u00e9e apr\u00e8s une s\u00e9lection m\u00e9ticuleuse de mati\u00e8res premi\u00e8res et d'\u00e9quipements de haute technologie, des tests calcul\u00e9s et des analyses quotidiennes. C'est une encre plus fluide et plus fid\u00e8le \u00e0 la couleur, avec un pouvoir couvrant et fixateur \u00e9lev\u00e9. Elle facilite le dessin et le nettoyage et assure une cicatrisation meilleure et plus rapide du tatouage. Pour Tra\u00e7age ou Remplissage, elle offre des r\u00e9sultats encore meilleurs avec une tonalit\u00e9 plus intense. L'encre Raven Black est enti\u00e8rement conforme \u00e0 REACH ainsi qu'\u00e0 toutes les r\u00e9glementations europ\u00e9ennes. Essayez-la et laissez-vous surprendre par Raven Black d'Electric Ink !","og_url":"https:\/\/electricink.eu\/fr\/producto\/encre-raven-black-easy-glow-30ml-reach\/","og_site_name":"Electric Ink\u00ae","article_modified_time":"2025-08-25T17:31:03+00:00","og_image":[{"width":1200,"height":1200,"url":"https:\/\/electricink.eu\/wp-content\/uploads\/2023\/12\/30ml.png","type":"image\/png"}],"twitter_card":"summary_large_image","schema":{"@context":"https:\/\/schema.org","@graph":[{"@type":"WebPage","@id":"https:\/\/electricink.eu\/fr\/producto\/encre-raven-black-easy-glow-30ml-reach\/","url":"https:\/\/electricink.eu\/fr\/producto\/encre-raven-black-easy-glow-30ml-reach\/","name":"Encre Raven Black - Easy Glow 30ml REACH - Electric Ink\u00ae","isPartOf":{"@id":"https:\/\/electricink.eu\/#website"},"primaryImageOfPage":{"@id":"https:\/\/electricink.eu\/fr\/producto\/encre-raven-black-easy-glow-30ml-reach\/#primaryimage"},"image":{"@id":"https:\/\/electricink.eu\/fr\/producto\/encre-raven-black-easy-glow-30ml-reach\/#primaryimage"},"thumbnailUrl":"https:\/\/electricink.eu\/wp-content\/uploads\/2023\/12\/30ml.png","datePublished":"2023-01-04T00:22:27+00:00","dateModified":"2025-08-25T17:31:03+00:00","breadcrumb":{"@id":"https:\/\/electricink.eu\/fr\/producto\/encre-raven-black-easy-glow-30ml-reach\/#breadcrumb"},"inLanguage":"fr-FR","potentialAction":[{"@type":"ReadAction","target":["https:\/\/electricink.eu\/fr\/producto\/encre-raven-black-easy-glow-30ml-reach\/"]}]},{"@type":"ImageObject","inLanguage":"fr-FR","@id":"https:\/\/electricink.eu\/fr\/producto\/encre-raven-black-easy-glow-30ml-reach\/#primaryimage","url":"https:\/\/electricink.eu\/wp-content\/uploads\/2023\/12\/30ml.png","contentUrl":"https:\/\/electricink.eu\/wp-content\/uploads\/2023\/12\/30ml.png","width":1200,"height":1200},{"@type":"BreadcrumbList","@id":"https:\/\/electricink.eu\/fr\/producto\/encre-raven-black-easy-glow-30ml-reach\/#breadcrumb","itemListElement":[{"@type":"ListItem","position":1,"name":"Portada","item":"https:\/\/electricink.eu\/fr\/home\/"},{"@type":"ListItem","position":2,"name":"Boutique","item":"https:\/\/electricink.eu\/tienda\/"},{"@type":"ListItem","position":3,"name":"Encre Raven Black &#8211; Easy Glow 30ml REACH"}]},{"@type":"WebSite","@id":"https:\/\/electricink.eu\/#website","url":"https:\/\/electricink.eu\/","name":"Electric Ink\u00ae","description":"Material para Tatuar Profesional en Europa - Electric Ink\u00ae","potentialAction":[{"@type":"SearchAction","target":{"@type":"EntryPoint","urlTemplate":"https:\/\/electricink.eu\/?s={search_term_string}"},"query-input":{"@type":"PropertyValueSpecification","valueRequired":true,"valueName":"search_term_string"}}],"inLanguage":"fr-FR"}]}},"_links":{"self":[{"href":"https:\/\/electricink.eu\/fr\/wp-json\/wp\/v2\/product\/36943","targetHints":{"allow":["GET"]}}],"collection":[{"href":"https:\/\/electricink.eu\/fr\/wp-json\/wp\/v2\/product"}],"about":[{"href":"https:\/\/electricink.eu\/fr\/wp-json\/wp\/v2\/types\/product"}],"replies":[{"embeddable":true,"href":"https:\/\/electricink.eu\/fr\/wp-json\/wp\/v2\/comments?post=36943"}],"wp:featuredmedia":[{"embeddable":true,"href":"https:\/\/electricink.eu\/fr\/wp-json\/wp\/v2\/media\/45216"}],"wp:attachment":[{"href":"https:\/\/electricink.eu\/fr\/wp-json\/wp\/v2\/media?parent=36943"}],"wp:term":[{"taxonomy":"product_brand","embeddable":true,"href":"https:\/\/electricink.eu\/fr\/wp-json\/wp\/v2\/product_brand?post=36943"},{"taxonomy":"product_cat","embeddable":true,"href":"https:\/\/electricink.eu\/fr\/wp-json\/wp\/v2\/product_cat?post=36943"},{"taxonomy":"product_tag","embeddable":true,"href":"https:\/\/electricink.eu\/fr\/wp-json\/wp\/v2\/product_tag?post=36943"}],"curies":[{"name":"wp","href":"https:\/\/api.w.org\/{rel}","templated":true}]}}