{"id":36981,"date":"2023-12-14T01:21:44","date_gmt":"2023-12-14T00:21:44","guid":{"rendered":"https:\/\/electricink.eu\/producto\/drawing-pen-freehand-slim\/"},"modified":"2023-12-14T01:21:44","modified_gmt":"2023-12-14T00:21:44","slug":"drawing-pen-freehand-slim","status":"publish","type":"product","link":"https:\/\/electricink.eu\/fr\/producto\/drawing-pen-freehand-slim\/","title":{"rendered":"Drawing Pen Freehand &#8211; slim"},"content":{"rendered":"<p><strong>Mod\u00e8le :<\/strong> Stylo \u00e0 dessin<\/p>\n","protected":false},"excerpt":{"rendered":"<p>Les Drawing Pen Freehand sont une nouvelle option de Electric Ink\u00a0 pour les artistes\u00a0 qualifi\u00e9s, un outil pour dessiner ou esquisser directement sur la peau, avant le tatouage, avec une excellente fixation.<\/p>\n<p>Le drawing Pen a trois tailles diff\u00e9rentes : Slim, Medium et Large.<\/p>\n<p>Ils peuvent \u00eatre utilis\u00e9s pour les lignes fines, les traits, les contours, le lettering, selon la pr\u00e9f\u00e9rence de l&rsquo;artiste.<\/p>\n<p>Livr\u00e9 avec Drawing Liquid, une recharge de pigments et 3 types de pointes :<\/p>\n<p>Fin &#8211; Pointes : Ultra Fin, Rond et Rond G.<br \/>Moyen &#8211; Pointes : Biseaut\u00e9, Droit et Rond.<br \/>Large: une seule pointe (accompagne 3 pointes \u00e9gales).<\/p>\n<p>* Il est important qu&rsquo;avant tout contact avec la peau, celle-ci soit d\u00e9sinfect\u00e9e pour \u00eatre pr\u00e9par\u00e9e \u00e0 recevoir le pigment. La fixation sera bien meilleure.<\/p>\n","protected":false},"featured_media":3964,"comment_status":"closed","ping_status":"closed","template":"","meta":{"_acf_changed":false,"_et_pb_use_builder":"","_et_pb_old_content":"","_et_gb_content_width":"","inline_featured_image":false},"product_brand":[],"product_cat":[781,783],"product_tag":[],"class_list":{"0":"post-36981","1":"product","2":"type-product","3":"status-publish","4":"has-post-thumbnail","6":"product_cat-accessoires-pour-tatouer","7":"product_cat-freehand-fr","9":"first","10":"outofstock","11":"taxable","12":"shipping-taxable","13":"purchasable","14":"product-type-simple"},"acf":[],"yoast_head":"<!-- This site is optimized with the Yoast SEO plugin v27.4 - https:\/\/yoast.com\/product\/yoast-seo-wordpress\/ -->\n<title>Drawing Pen Freehand - slim - Electric Ink\u00ae<\/title>\n<meta name=\"robots\" content=\"index, follow, max-snippet:-1, max-image-preview:large, max-video-preview:-1\" \/>\n<link rel=\"canonical\" href=\"https:\/\/electricink.eu\/fr\/producto\/drawing-pen-freehand-slim\/\" \/>\n<meta property=\"og:locale\" content=\"fr_FR\" \/>\n<meta property=\"og:type\" content=\"article\" \/>\n<meta property=\"og:title\" content=\"Drawing Pen Freehand - slim - Electric Ink\u00ae\" \/>\n<meta property=\"og:description\" content=\"Les Drawing Pen Freehand sont une nouvelle option de Electric Ink\u00a0 pour les artistes\u00a0 qualifi\u00e9s, un outil pour dessiner ou esquisser directement sur la peau, avant le tatouage, avec une excellente fixation. Le drawing Pen a trois tailles diff\u00e9rentes : Slim, Medium et Large. Ils peuvent \u00eatre utilis\u00e9s pour les lignes fines, les traits, les contours, le lettering, selon la pr\u00e9f\u00e9rence de l&#039;artiste. Livr\u00e9 avec Drawing Liquid, une recharge de pigments et 3 types de pointes : Fin - Pointes : Ultra Fin, Rond et Rond G.Moyen - Pointes : Biseaut\u00e9, Droit et Rond.Large: une seule pointe (accompagne 3 pointes \u00e9gales). * Il est important qu&#039;avant tout contact avec la peau, celle-ci soit d\u00e9sinfect\u00e9e pour \u00eatre pr\u00e9par\u00e9e \u00e0 recevoir le pigment. La fixation sera bien meilleure.\" \/>\n<meta property=\"og:url\" content=\"https:\/\/electricink.eu\/fr\/producto\/drawing-pen-freehand-slim\/\" \/>\n<meta property=\"og:site_name\" content=\"Electric Ink\u00ae\" \/>\n<meta property=\"og:image\" content=\"https:\/\/electricink.eu\/wp-content\/uploads\/2023\/10\/LAPIZFREEHANDSLIM.jpg\" \/>\n\t<meta property=\"og:image:width\" content=\"578\" \/>\n\t<meta property=\"og:image:height\" content=\"578\" \/>\n\t<meta property=\"og:image:type\" content=\"image\/jpeg\" \/>\n<meta name=\"twitter:card\" content=\"summary_large_image\" \/>\n<script type=\"application\/ld+json\" class=\"yoast-schema-graph\">{\"@context\":\"https:\\\/\\\/schema.org\",\"@graph\":[{\"@type\":\"WebPage\",\"@id\":\"https:\\\/\\\/electricink.eu\\\/fr\\\/producto\\\/drawing-pen-freehand-slim\\\/\",\"url\":\"https:\\\/\\\/electricink.eu\\\/fr\\\/producto\\\/drawing-pen-freehand-slim\\\/\",\"name\":\"Drawing Pen Freehand - slim - Electric Ink\u00ae\",\"isPartOf\":{\"@id\":\"https:\\\/\\\/electricink.eu\\\/#website\"},\"primaryImageOfPage\":{\"@id\":\"https:\\\/\\\/electricink.eu\\\/fr\\\/producto\\\/drawing-pen-freehand-slim\\\/#primaryimage\"},\"image\":{\"@id\":\"https:\\\/\\\/electricink.eu\\\/fr\\\/producto\\\/drawing-pen-freehand-slim\\\/#primaryimage\"},\"thumbnailUrl\":\"https:\\\/\\\/electricink.eu\\\/wp-content\\\/uploads\\\/2023\\\/10\\\/LAPIZFREEHANDSLIM.jpg\",\"datePublished\":\"2023-12-14T00:21:44+00:00\",\"breadcrumb\":{\"@id\":\"https:\\\/\\\/electricink.eu\\\/fr\\\/producto\\\/drawing-pen-freehand-slim\\\/#breadcrumb\"},\"inLanguage\":\"fr-FR\",\"potentialAction\":[{\"@type\":\"ReadAction\",\"target\":[\"https:\\\/\\\/electricink.eu\\\/fr\\\/producto\\\/drawing-pen-freehand-slim\\\/\"]}]},{\"@type\":\"ImageObject\",\"inLanguage\":\"fr-FR\",\"@id\":\"https:\\\/\\\/electricink.eu\\\/fr\\\/producto\\\/drawing-pen-freehand-slim\\\/#primaryimage\",\"url\":\"https:\\\/\\\/electricink.eu\\\/wp-content\\\/uploads\\\/2023\\\/10\\\/LAPIZFREEHANDSLIM.jpg\",\"contentUrl\":\"https:\\\/\\\/electricink.eu\\\/wp-content\\\/uploads\\\/2023\\\/10\\\/LAPIZFREEHANDSLIM.jpg\",\"width\":578,\"height\":578},{\"@type\":\"BreadcrumbList\",\"@id\":\"https:\\\/\\\/electricink.eu\\\/fr\\\/producto\\\/drawing-pen-freehand-slim\\\/#breadcrumb\",\"itemListElement\":[{\"@type\":\"ListItem\",\"position\":1,\"name\":\"Portada\",\"item\":\"https:\\\/\\\/electricink.eu\\\/fr\\\/home\\\/\"},{\"@type\":\"ListItem\",\"position\":2,\"name\":\"Boutique\",\"item\":\"https:\\\/\\\/electricink.eu\\\/tienda\\\/\"},{\"@type\":\"ListItem\",\"position\":3,\"name\":\"Drawing Pen Freehand &#8211; slim\"}]},{\"@type\":\"WebSite\",\"@id\":\"https:\\\/\\\/electricink.eu\\\/#website\",\"url\":\"https:\\\/\\\/electricink.eu\\\/\",\"name\":\"Electric Ink\u00ae\",\"description\":\"Material para Tatuar Profesional en Europa - Electric Ink\u00ae\",\"potentialAction\":[{\"@type\":\"SearchAction\",\"target\":{\"@type\":\"EntryPoint\",\"urlTemplate\":\"https:\\\/\\\/electricink.eu\\\/?s={search_term_string}\"},\"query-input\":{\"@type\":\"PropertyValueSpecification\",\"valueRequired\":true,\"valueName\":\"search_term_string\"}}],\"inLanguage\":\"fr-FR\"}]}<\/script>\n<!-- \/ Yoast SEO plugin. -->","yoast_head_json":{"title":"Drawing Pen Freehand - slim - Electric Ink\u00ae","robots":{"index":"index","follow":"follow","max-snippet":"max-snippet:-1","max-image-preview":"max-image-preview:large","max-video-preview":"max-video-preview:-1"},"canonical":"https:\/\/electricink.eu\/fr\/producto\/drawing-pen-freehand-slim\/","og_locale":"fr_FR","og_type":"article","og_title":"Drawing Pen Freehand - slim - Electric Ink\u00ae","og_description":"Les Drawing Pen Freehand sont une nouvelle option de Electric Ink\u00a0 pour les artistes\u00a0 qualifi\u00e9s, un outil pour dessiner ou esquisser directement sur la peau, avant le tatouage, avec une excellente fixation. Le drawing Pen a trois tailles diff\u00e9rentes : Slim, Medium et Large. Ils peuvent \u00eatre utilis\u00e9s pour les lignes fines, les traits, les contours, le lettering, selon la pr\u00e9f\u00e9rence de l'artiste. Livr\u00e9 avec Drawing Liquid, une recharge de pigments et 3 types de pointes : Fin - Pointes : Ultra Fin, Rond et Rond G.Moyen - Pointes : Biseaut\u00e9, Droit et Rond.Large: une seule pointe (accompagne 3 pointes \u00e9gales). * Il est important qu'avant tout contact avec la peau, celle-ci soit d\u00e9sinfect\u00e9e pour \u00eatre pr\u00e9par\u00e9e \u00e0 recevoir le pigment. La fixation sera bien meilleure.","og_url":"https:\/\/electricink.eu\/fr\/producto\/drawing-pen-freehand-slim\/","og_site_name":"Electric Ink\u00ae","og_image":[{"width":578,"height":578,"url":"https:\/\/electricink.eu\/wp-content\/uploads\/2023\/10\/LAPIZFREEHANDSLIM.jpg","type":"image\/jpeg"}],"twitter_card":"summary_large_image","schema":{"@context":"https:\/\/schema.org","@graph":[{"@type":"WebPage","@id":"https:\/\/electricink.eu\/fr\/producto\/drawing-pen-freehand-slim\/","url":"https:\/\/electricink.eu\/fr\/producto\/drawing-pen-freehand-slim\/","name":"Drawing Pen Freehand - slim - Electric Ink\u00ae","isPartOf":{"@id":"https:\/\/electricink.eu\/#website"},"primaryImageOfPage":{"@id":"https:\/\/electricink.eu\/fr\/producto\/drawing-pen-freehand-slim\/#primaryimage"},"image":{"@id":"https:\/\/electricink.eu\/fr\/producto\/drawing-pen-freehand-slim\/#primaryimage"},"thumbnailUrl":"https:\/\/electricink.eu\/wp-content\/uploads\/2023\/10\/LAPIZFREEHANDSLIM.jpg","datePublished":"2023-12-14T00:21:44+00:00","breadcrumb":{"@id":"https:\/\/electricink.eu\/fr\/producto\/drawing-pen-freehand-slim\/#breadcrumb"},"inLanguage":"fr-FR","potentialAction":[{"@type":"ReadAction","target":["https:\/\/electricink.eu\/fr\/producto\/drawing-pen-freehand-slim\/"]}]},{"@type":"ImageObject","inLanguage":"fr-FR","@id":"https:\/\/electricink.eu\/fr\/producto\/drawing-pen-freehand-slim\/#primaryimage","url":"https:\/\/electricink.eu\/wp-content\/uploads\/2023\/10\/LAPIZFREEHANDSLIM.jpg","contentUrl":"https:\/\/electricink.eu\/wp-content\/uploads\/2023\/10\/LAPIZFREEHANDSLIM.jpg","width":578,"height":578},{"@type":"BreadcrumbList","@id":"https:\/\/electricink.eu\/fr\/producto\/drawing-pen-freehand-slim\/#breadcrumb","itemListElement":[{"@type":"ListItem","position":1,"name":"Portada","item":"https:\/\/electricink.eu\/fr\/home\/"},{"@type":"ListItem","position":2,"name":"Boutique","item":"https:\/\/electricink.eu\/tienda\/"},{"@type":"ListItem","position":3,"name":"Drawing Pen Freehand &#8211; slim"}]},{"@type":"WebSite","@id":"https:\/\/electricink.eu\/#website","url":"https:\/\/electricink.eu\/","name":"Electric Ink\u00ae","description":"Material para Tatuar Profesional en Europa - Electric Ink\u00ae","potentialAction":[{"@type":"SearchAction","target":{"@type":"EntryPoint","urlTemplate":"https:\/\/electricink.eu\/?s={search_term_string}"},"query-input":{"@type":"PropertyValueSpecification","valueRequired":true,"valueName":"search_term_string"}}],"inLanguage":"fr-FR"}]}},"_links":{"self":[{"href":"https:\/\/electricink.eu\/fr\/wp-json\/wp\/v2\/product\/36981","targetHints":{"allow":["GET"]}}],"collection":[{"href":"https:\/\/electricink.eu\/fr\/wp-json\/wp\/v2\/product"}],"about":[{"href":"https:\/\/electricink.eu\/fr\/wp-json\/wp\/v2\/types\/product"}],"replies":[{"embeddable":true,"href":"https:\/\/electricink.eu\/fr\/wp-json\/wp\/v2\/comments?post=36981"}],"wp:featuredmedia":[{"embeddable":true,"href":"https:\/\/electricink.eu\/fr\/wp-json\/wp\/v2\/media\/3964"}],"wp:attachment":[{"href":"https:\/\/electricink.eu\/fr\/wp-json\/wp\/v2\/media?parent=36981"}],"wp:term":[{"taxonomy":"product_brand","embeddable":true,"href":"https:\/\/electricink.eu\/fr\/wp-json\/wp\/v2\/product_brand?post=36981"},{"taxonomy":"product_cat","embeddable":true,"href":"https:\/\/electricink.eu\/fr\/wp-json\/wp\/v2\/product_cat?post=36981"},{"taxonomy":"product_tag","embeddable":true,"href":"https:\/\/electricink.eu\/fr\/wp-json\/wp\/v2\/product_tag?post=36981"}],"curies":[{"name":"wp","href":"https:\/\/api.w.org\/{rel}","templated":true}]}}