{"id":37006,"date":"2023-12-14T01:21:44","date_gmt":"2023-12-14T00:21:44","guid":{"rendered":"https:\/\/electricink.eu\/producto\/protection-pour-clip-cord-rouge\/"},"modified":"2024-01-29T13:17:52","modified_gmt":"2024-01-29T12:17:52","slug":"protection-pour-clip-cord-rouge","status":"publish","type":"product","link":"https:\/\/electricink.eu\/fr\/producto\/protection-pour-clip-cord-rouge\/","title":{"rendered":"Protection pour clip cord &#8211; Rouge"},"content":{"rendered":"<p><strong>Couleur:<\/strong> rouge<\/p>\n<p><strong>Dimensions:<\/strong> 60 mm x 700 mm x 0,008 mm<\/p>\n<p><strong>Bo\u00eete de 100 gaines de protection<\/strong> plastique pour tous types de c\u00e2bles (RCA, clip-cord ou magn\u00e9tique Electric Ink).<\/p>\n","protected":false},"excerpt":{"rendered":"<p>Protecteur plastique jetable Electric Ink, pour tous types de c\u00e2bles (qu&rsquo;ils soient RCA, clip-cord ou magn\u00e9tiques).<\/p>\n<p><strong>Protection Clip-Cord 70cm de long.<\/strong><\/p>\n<p>En plastique de haute qualit\u00e9, s\u00fbr \u00e0 utiliser, mat\u00e9riau durable, inodore et non toxique.<\/p>\n<p>Id\u00e9al pour \u00e9viter la contamination des c\u00e2bles des machines de tatouage et de micropigmentation.<\/p>\n<p>Garantit un travail s\u00fbr et professionnel.<\/p>\n","protected":false},"featured_media":3996,"comment_status":"closed","ping_status":"closed","template":"","meta":{"_acf_changed":false,"_et_pb_use_builder":"","_et_pb_old_content":"","_et_gb_content_width":"","inline_featured_image":false},"product_brand":[],"product_cat":[1139,782,808,810],"product_tag":[],"class_list":{"0":"post-37006","1":"product","2":"type-product","3":"status-publish","4":"has-post-thumbnail","6":"product_cat-peripherique","7":"product_cat-consumables","8":"product_cat-tattoo-fr","9":"product_cat-cables-fr","11":"first","12":"instock","13":"taxable","14":"shipping-taxable","15":"purchasable","16":"product-type-simple"},"acf":[],"yoast_head":"<!-- This site is optimized with the Yoast SEO plugin v27.4 - https:\/\/yoast.com\/product\/yoast-seo-wordpress\/ -->\n<title>Protection pour clip cord - Rouge - Electric Ink\u00ae<\/title>\n<meta name=\"robots\" content=\"index, follow, max-snippet:-1, max-image-preview:large, max-video-preview:-1\" \/>\n<link rel=\"canonical\" href=\"https:\/\/electricink.eu\/fr\/producto\/protection-pour-clip-cord-rouge\/\" \/>\n<meta property=\"og:locale\" content=\"fr_FR\" \/>\n<meta property=\"og:type\" content=\"article\" \/>\n<meta property=\"og:title\" content=\"Protection pour clip cord - Rouge - Electric Ink\u00ae\" \/>\n<meta property=\"og:description\" content=\"Protecteur plastique jetable Electric Ink, pour tous types de c\u00e2bles (qu&#039;ils soient RCA, clip-cord ou magn\u00e9tiques). Protection Clip-Cord 70cm de long. En plastique de haute qualit\u00e9, s\u00fbr \u00e0 utiliser, mat\u00e9riau durable, inodore et non toxique. Id\u00e9al pour \u00e9viter la contamination des c\u00e2bles des machines de tatouage et de micropigmentation. Garantit un travail s\u00fbr et professionnel.\" \/>\n<meta property=\"og:url\" content=\"https:\/\/electricink.eu\/fr\/producto\/protection-pour-clip-cord-rouge\/\" \/>\n<meta property=\"og:site_name\" content=\"Electric Ink\u00ae\" \/>\n<meta property=\"article:modified_time\" content=\"2024-01-29T12:17:52+00:00\" \/>\n<meta property=\"og:image\" content=\"https:\/\/electricink.eu\/wp-content\/uploads\/2023\/10\/CUBRO-CLIP-CORD-ROJO.png\" \/>\n\t<meta property=\"og:image:width\" content=\"500\" \/>\n\t<meta property=\"og:image:height\" content=\"523\" \/>\n\t<meta property=\"og:image:type\" content=\"image\/png\" \/>\n<meta name=\"twitter:card\" content=\"summary_large_image\" \/>\n<script type=\"application\/ld+json\" class=\"yoast-schema-graph\">{\"@context\":\"https:\\\/\\\/schema.org\",\"@graph\":[{\"@type\":\"WebPage\",\"@id\":\"https:\\\/\\\/electricink.eu\\\/fr\\\/producto\\\/protection-pour-clip-cord-rouge\\\/\",\"url\":\"https:\\\/\\\/electricink.eu\\\/fr\\\/producto\\\/protection-pour-clip-cord-rouge\\\/\",\"name\":\"Protection pour clip cord - Rouge - Electric Ink\u00ae\",\"isPartOf\":{\"@id\":\"https:\\\/\\\/electricink.eu\\\/#website\"},\"primaryImageOfPage\":{\"@id\":\"https:\\\/\\\/electricink.eu\\\/fr\\\/producto\\\/protection-pour-clip-cord-rouge\\\/#primaryimage\"},\"image\":{\"@id\":\"https:\\\/\\\/electricink.eu\\\/fr\\\/producto\\\/protection-pour-clip-cord-rouge\\\/#primaryimage\"},\"thumbnailUrl\":\"https:\\\/\\\/electricink.eu\\\/wp-content\\\/uploads\\\/2023\\\/10\\\/CUBRO-CLIP-CORD-ROJO.png\",\"datePublished\":\"2023-12-14T00:21:44+00:00\",\"dateModified\":\"2024-01-29T12:17:52+00:00\",\"breadcrumb\":{\"@id\":\"https:\\\/\\\/electricink.eu\\\/fr\\\/producto\\\/protection-pour-clip-cord-rouge\\\/#breadcrumb\"},\"inLanguage\":\"fr-FR\",\"potentialAction\":[{\"@type\":\"ReadAction\",\"target\":[\"https:\\\/\\\/electricink.eu\\\/fr\\\/producto\\\/protection-pour-clip-cord-rouge\\\/\"]}]},{\"@type\":\"ImageObject\",\"inLanguage\":\"fr-FR\",\"@id\":\"https:\\\/\\\/electricink.eu\\\/fr\\\/producto\\\/protection-pour-clip-cord-rouge\\\/#primaryimage\",\"url\":\"https:\\\/\\\/electricink.eu\\\/wp-content\\\/uploads\\\/2023\\\/10\\\/CUBRO-CLIP-CORD-ROJO.png\",\"contentUrl\":\"https:\\\/\\\/electricink.eu\\\/wp-content\\\/uploads\\\/2023\\\/10\\\/CUBRO-CLIP-CORD-ROJO.png\",\"width\":500,\"height\":523},{\"@type\":\"BreadcrumbList\",\"@id\":\"https:\\\/\\\/electricink.eu\\\/fr\\\/producto\\\/protection-pour-clip-cord-rouge\\\/#breadcrumb\",\"itemListElement\":[{\"@type\":\"ListItem\",\"position\":1,\"name\":\"Portada\",\"item\":\"https:\\\/\\\/electricink.eu\\\/fr\\\/home\\\/\"},{\"@type\":\"ListItem\",\"position\":2,\"name\":\"Boutique\",\"item\":\"https:\\\/\\\/electricink.eu\\\/tienda\\\/\"},{\"@type\":\"ListItem\",\"position\":3,\"name\":\"Protection pour clip cord &#8211; Rouge\"}]},{\"@type\":\"WebSite\",\"@id\":\"https:\\\/\\\/electricink.eu\\\/#website\",\"url\":\"https:\\\/\\\/electricink.eu\\\/\",\"name\":\"Electric Ink\u00ae\",\"description\":\"Material para Tatuar Profesional en Europa - Electric Ink\u00ae\",\"potentialAction\":[{\"@type\":\"SearchAction\",\"target\":{\"@type\":\"EntryPoint\",\"urlTemplate\":\"https:\\\/\\\/electricink.eu\\\/?s={search_term_string}\"},\"query-input\":{\"@type\":\"PropertyValueSpecification\",\"valueRequired\":true,\"valueName\":\"search_term_string\"}}],\"inLanguage\":\"fr-FR\"}]}<\/script>\n<!-- \/ Yoast SEO plugin. -->","yoast_head_json":{"title":"Protection pour clip cord - Rouge - Electric Ink\u00ae","robots":{"index":"index","follow":"follow","max-snippet":"max-snippet:-1","max-image-preview":"max-image-preview:large","max-video-preview":"max-video-preview:-1"},"canonical":"https:\/\/electricink.eu\/fr\/producto\/protection-pour-clip-cord-rouge\/","og_locale":"fr_FR","og_type":"article","og_title":"Protection pour clip cord - Rouge - Electric Ink\u00ae","og_description":"Protecteur plastique jetable Electric Ink, pour tous types de c\u00e2bles (qu'ils soient RCA, clip-cord ou magn\u00e9tiques). Protection Clip-Cord 70cm de long. En plastique de haute qualit\u00e9, s\u00fbr \u00e0 utiliser, mat\u00e9riau durable, inodore et non toxique. Id\u00e9al pour \u00e9viter la contamination des c\u00e2bles des machines de tatouage et de micropigmentation. Garantit un travail s\u00fbr et professionnel.","og_url":"https:\/\/electricink.eu\/fr\/producto\/protection-pour-clip-cord-rouge\/","og_site_name":"Electric Ink\u00ae","article_modified_time":"2024-01-29T12:17:52+00:00","og_image":[{"width":500,"height":523,"url":"https:\/\/electricink.eu\/wp-content\/uploads\/2023\/10\/CUBRO-CLIP-CORD-ROJO.png","type":"image\/png"}],"twitter_card":"summary_large_image","schema":{"@context":"https:\/\/schema.org","@graph":[{"@type":"WebPage","@id":"https:\/\/electricink.eu\/fr\/producto\/protection-pour-clip-cord-rouge\/","url":"https:\/\/electricink.eu\/fr\/producto\/protection-pour-clip-cord-rouge\/","name":"Protection pour clip cord - Rouge - Electric Ink\u00ae","isPartOf":{"@id":"https:\/\/electricink.eu\/#website"},"primaryImageOfPage":{"@id":"https:\/\/electricink.eu\/fr\/producto\/protection-pour-clip-cord-rouge\/#primaryimage"},"image":{"@id":"https:\/\/electricink.eu\/fr\/producto\/protection-pour-clip-cord-rouge\/#primaryimage"},"thumbnailUrl":"https:\/\/electricink.eu\/wp-content\/uploads\/2023\/10\/CUBRO-CLIP-CORD-ROJO.png","datePublished":"2023-12-14T00:21:44+00:00","dateModified":"2024-01-29T12:17:52+00:00","breadcrumb":{"@id":"https:\/\/electricink.eu\/fr\/producto\/protection-pour-clip-cord-rouge\/#breadcrumb"},"inLanguage":"fr-FR","potentialAction":[{"@type":"ReadAction","target":["https:\/\/electricink.eu\/fr\/producto\/protection-pour-clip-cord-rouge\/"]}]},{"@type":"ImageObject","inLanguage":"fr-FR","@id":"https:\/\/electricink.eu\/fr\/producto\/protection-pour-clip-cord-rouge\/#primaryimage","url":"https:\/\/electricink.eu\/wp-content\/uploads\/2023\/10\/CUBRO-CLIP-CORD-ROJO.png","contentUrl":"https:\/\/electricink.eu\/wp-content\/uploads\/2023\/10\/CUBRO-CLIP-CORD-ROJO.png","width":500,"height":523},{"@type":"BreadcrumbList","@id":"https:\/\/electricink.eu\/fr\/producto\/protection-pour-clip-cord-rouge\/#breadcrumb","itemListElement":[{"@type":"ListItem","position":1,"name":"Portada","item":"https:\/\/electricink.eu\/fr\/home\/"},{"@type":"ListItem","position":2,"name":"Boutique","item":"https:\/\/electricink.eu\/tienda\/"},{"@type":"ListItem","position":3,"name":"Protection pour clip cord &#8211; Rouge"}]},{"@type":"WebSite","@id":"https:\/\/electricink.eu\/#website","url":"https:\/\/electricink.eu\/","name":"Electric Ink\u00ae","description":"Material para Tatuar Profesional en Europa - Electric Ink\u00ae","potentialAction":[{"@type":"SearchAction","target":{"@type":"EntryPoint","urlTemplate":"https:\/\/electricink.eu\/?s={search_term_string}"},"query-input":{"@type":"PropertyValueSpecification","valueRequired":true,"valueName":"search_term_string"}}],"inLanguage":"fr-FR"}]}},"_links":{"self":[{"href":"https:\/\/electricink.eu\/fr\/wp-json\/wp\/v2\/product\/37006","targetHints":{"allow":["GET"]}}],"collection":[{"href":"https:\/\/electricink.eu\/fr\/wp-json\/wp\/v2\/product"}],"about":[{"href":"https:\/\/electricink.eu\/fr\/wp-json\/wp\/v2\/types\/product"}],"replies":[{"embeddable":true,"href":"https:\/\/electricink.eu\/fr\/wp-json\/wp\/v2\/comments?post=37006"}],"wp:featuredmedia":[{"embeddable":true,"href":"https:\/\/electricink.eu\/fr\/wp-json\/wp\/v2\/media\/3996"}],"wp:attachment":[{"href":"https:\/\/electricink.eu\/fr\/wp-json\/wp\/v2\/media?parent=37006"}],"wp:term":[{"taxonomy":"product_brand","embeddable":true,"href":"https:\/\/electricink.eu\/fr\/wp-json\/wp\/v2\/product_brand?post=37006"},{"taxonomy":"product_cat","embeddable":true,"href":"https:\/\/electricink.eu\/fr\/wp-json\/wp\/v2\/product_cat?post=37006"},{"taxonomy":"product_tag","embeddable":true,"href":"https:\/\/electricink.eu\/fr\/wp-json\/wp\/v2\/product_tag?post=37006"}],"curies":[{"name":"wp","href":"https:\/\/api.w.org\/{rel}","templated":true}]}}