{"id":37012,"date":"2023-12-14T01:21:44","date_gmt":"2023-12-14T00:21:44","guid":{"rendered":"https:\/\/electricink.eu\/producto\/protection-pour-machines-pen-transparente-25-un\/"},"modified":"2024-03-27T14:48:15","modified_gmt":"2024-03-27T13:48:15","slug":"protection-pour-machines-pen-transparente-25-un","status":"publish","type":"product","link":"https:\/\/electricink.eu\/fr\/producto\/protection-pour-machines-pen-transparente-25-un\/","title":{"rendered":"Protection pour machines PEN &#8211; transparente &#8211; 25 un"},"content":{"rendered":"<p><strong>Couleur<\/strong>: Transparent<\/p>\n<p><strong>Dimensions<\/strong> : 6mm X 18mm X 0,08mm.<\/p>\n<p>Bo\u00eete de 25 unit\u00e9s de protections en plastique pour tous types de machine PEN<\/p>\n","protected":false},"excerpt":{"rendered":"<p>Protecteur plastique jetable Electric Ink, pour tous types de machine PEN.<\/p>\n<p>Fabriqu\u00e9s avec du plastique de haute qualit\u00e9, transparent.<\/p>\n<p>Utilisation s\u00fbre, mat\u00e9riau durable, inodore et non toxique.<\/p>\n<p>Id\u00e9al pour \u00e9viter la contamination des machines de tatouage et de micropigmentation.<\/p>\n<p>&nbsp;<\/p>\n","protected":false},"featured_media":4004,"comment_status":"closed","ping_status":"closed","template":"","meta":{"_acf_changed":false,"_et_pb_use_builder":"","_et_pb_old_content":"","_et_gb_content_width":"","inline_featured_image":false},"product_brand":[],"product_cat":[781,782,790,808],"product_tag":[],"class_list":{"0":"post-37012","1":"product","2":"type-product","3":"status-publish","4":"has-post-thumbnail","6":"product_cat-accessoires-pour-tatouer","7":"product_cat-consumables","8":"product_cat-pieces-pour-machines-a-tatouer","9":"product_cat-tattoo-fr","11":"first","12":"outofstock","13":"taxable","14":"shipping-taxable","15":"purchasable","16":"product-type-simple"},"acf":[],"yoast_head":"<!-- This site is optimized with the Yoast SEO plugin v27.4 - https:\/\/yoast.com\/product\/yoast-seo-wordpress\/ -->\n<title>Protection pour machines PEN - transparente - 25 un - Electric Ink\u00ae<\/title>\n<meta name=\"robots\" content=\"index, follow, max-snippet:-1, max-image-preview:large, max-video-preview:-1\" \/>\n<link rel=\"canonical\" href=\"https:\/\/electricink.eu\/fr\/producto\/protection-pour-machines-pen-transparente-25-un\/\" \/>\n<meta property=\"og:locale\" content=\"fr_FR\" \/>\n<meta property=\"og:type\" content=\"article\" \/>\n<meta property=\"og:title\" content=\"Protection pour machines PEN - transparente - 25 un - Electric Ink\u00ae\" \/>\n<meta property=\"og:description\" content=\"Protecteur plastique jetable Electric Ink, pour tous types de machine PEN. Fabriqu\u00e9s avec du plastique de haute qualit\u00e9, transparent. Utilisation s\u00fbre, mat\u00e9riau durable, inodore et non toxique. Id\u00e9al pour \u00e9viter la contamination des machines de tatouage et de micropigmentation. &nbsp;\" \/>\n<meta property=\"og:url\" content=\"https:\/\/electricink.eu\/fr\/producto\/protection-pour-machines-pen-transparente-25-un\/\" \/>\n<meta property=\"og:site_name\" content=\"Electric Ink\u00ae\" \/>\n<meta property=\"article:modified_time\" content=\"2024-03-27T13:48:15+00:00\" \/>\n<meta property=\"og:image\" content=\"https:\/\/electricink.eu\/wp-content\/uploads\/2023\/10\/cubremaquinapen.png\" \/>\n\t<meta property=\"og:image:width\" content=\"500\" \/>\n\t<meta property=\"og:image:height\" content=\"500\" \/>\n\t<meta property=\"og:image:type\" content=\"image\/png\" \/>\n<meta name=\"twitter:card\" content=\"summary_large_image\" \/>\n<script type=\"application\/ld+json\" class=\"yoast-schema-graph\">{\"@context\":\"https:\\\/\\\/schema.org\",\"@graph\":[{\"@type\":\"WebPage\",\"@id\":\"https:\\\/\\\/electricink.eu\\\/fr\\\/producto\\\/protection-pour-machines-pen-transparente-25-un\\\/\",\"url\":\"https:\\\/\\\/electricink.eu\\\/fr\\\/producto\\\/protection-pour-machines-pen-transparente-25-un\\\/\",\"name\":\"Protection pour machines PEN - transparente - 25 un - Electric Ink\u00ae\",\"isPartOf\":{\"@id\":\"https:\\\/\\\/electricink.eu\\\/#website\"},\"primaryImageOfPage\":{\"@id\":\"https:\\\/\\\/electricink.eu\\\/fr\\\/producto\\\/protection-pour-machines-pen-transparente-25-un\\\/#primaryimage\"},\"image\":{\"@id\":\"https:\\\/\\\/electricink.eu\\\/fr\\\/producto\\\/protection-pour-machines-pen-transparente-25-un\\\/#primaryimage\"},\"thumbnailUrl\":\"https:\\\/\\\/electricink.eu\\\/wp-content\\\/uploads\\\/2023\\\/10\\\/cubremaquinapen.png\",\"datePublished\":\"2023-12-14T00:21:44+00:00\",\"dateModified\":\"2024-03-27T13:48:15+00:00\",\"breadcrumb\":{\"@id\":\"https:\\\/\\\/electricink.eu\\\/fr\\\/producto\\\/protection-pour-machines-pen-transparente-25-un\\\/#breadcrumb\"},\"inLanguage\":\"fr-FR\",\"potentialAction\":[{\"@type\":\"ReadAction\",\"target\":[\"https:\\\/\\\/electricink.eu\\\/fr\\\/producto\\\/protection-pour-machines-pen-transparente-25-un\\\/\"]}]},{\"@type\":\"ImageObject\",\"inLanguage\":\"fr-FR\",\"@id\":\"https:\\\/\\\/electricink.eu\\\/fr\\\/producto\\\/protection-pour-machines-pen-transparente-25-un\\\/#primaryimage\",\"url\":\"https:\\\/\\\/electricink.eu\\\/wp-content\\\/uploads\\\/2023\\\/10\\\/cubremaquinapen.png\",\"contentUrl\":\"https:\\\/\\\/electricink.eu\\\/wp-content\\\/uploads\\\/2023\\\/10\\\/cubremaquinapen.png\",\"width\":500,\"height\":500},{\"@type\":\"BreadcrumbList\",\"@id\":\"https:\\\/\\\/electricink.eu\\\/fr\\\/producto\\\/protection-pour-machines-pen-transparente-25-un\\\/#breadcrumb\",\"itemListElement\":[{\"@type\":\"ListItem\",\"position\":1,\"name\":\"Portada\",\"item\":\"https:\\\/\\\/electricink.eu\\\/fr\\\/home\\\/\"},{\"@type\":\"ListItem\",\"position\":2,\"name\":\"Boutique\",\"item\":\"https:\\\/\\\/electricink.eu\\\/tienda\\\/\"},{\"@type\":\"ListItem\",\"position\":3,\"name\":\"Protection pour machines PEN &#8211; transparente &#8211; 25 un\"}]},{\"@type\":\"WebSite\",\"@id\":\"https:\\\/\\\/electricink.eu\\\/#website\",\"url\":\"https:\\\/\\\/electricink.eu\\\/\",\"name\":\"Electric Ink\u00ae\",\"description\":\"Material para Tatuar Profesional en Europa - Electric Ink\u00ae\",\"potentialAction\":[{\"@type\":\"SearchAction\",\"target\":{\"@type\":\"EntryPoint\",\"urlTemplate\":\"https:\\\/\\\/electricink.eu\\\/?s={search_term_string}\"},\"query-input\":{\"@type\":\"PropertyValueSpecification\",\"valueRequired\":true,\"valueName\":\"search_term_string\"}}],\"inLanguage\":\"fr-FR\"}]}<\/script>\n<!-- \/ Yoast SEO plugin. -->","yoast_head_json":{"title":"Protection pour machines PEN - transparente - 25 un - Electric Ink\u00ae","robots":{"index":"index","follow":"follow","max-snippet":"max-snippet:-1","max-image-preview":"max-image-preview:large","max-video-preview":"max-video-preview:-1"},"canonical":"https:\/\/electricink.eu\/fr\/producto\/protection-pour-machines-pen-transparente-25-un\/","og_locale":"fr_FR","og_type":"article","og_title":"Protection pour machines PEN - transparente - 25 un - Electric Ink\u00ae","og_description":"Protecteur plastique jetable Electric Ink, pour tous types de machine PEN. Fabriqu\u00e9s avec du plastique de haute qualit\u00e9, transparent. Utilisation s\u00fbre, mat\u00e9riau durable, inodore et non toxique. Id\u00e9al pour \u00e9viter la contamination des machines de tatouage et de micropigmentation. &nbsp;","og_url":"https:\/\/electricink.eu\/fr\/producto\/protection-pour-machines-pen-transparente-25-un\/","og_site_name":"Electric Ink\u00ae","article_modified_time":"2024-03-27T13:48:15+00:00","og_image":[{"width":500,"height":500,"url":"https:\/\/electricink.eu\/wp-content\/uploads\/2023\/10\/cubremaquinapen.png","type":"image\/png"}],"twitter_card":"summary_large_image","schema":{"@context":"https:\/\/schema.org","@graph":[{"@type":"WebPage","@id":"https:\/\/electricink.eu\/fr\/producto\/protection-pour-machines-pen-transparente-25-un\/","url":"https:\/\/electricink.eu\/fr\/producto\/protection-pour-machines-pen-transparente-25-un\/","name":"Protection pour machines PEN - transparente - 25 un - Electric Ink\u00ae","isPartOf":{"@id":"https:\/\/electricink.eu\/#website"},"primaryImageOfPage":{"@id":"https:\/\/electricink.eu\/fr\/producto\/protection-pour-machines-pen-transparente-25-un\/#primaryimage"},"image":{"@id":"https:\/\/electricink.eu\/fr\/producto\/protection-pour-machines-pen-transparente-25-un\/#primaryimage"},"thumbnailUrl":"https:\/\/electricink.eu\/wp-content\/uploads\/2023\/10\/cubremaquinapen.png","datePublished":"2023-12-14T00:21:44+00:00","dateModified":"2024-03-27T13:48:15+00:00","breadcrumb":{"@id":"https:\/\/electricink.eu\/fr\/producto\/protection-pour-machines-pen-transparente-25-un\/#breadcrumb"},"inLanguage":"fr-FR","potentialAction":[{"@type":"ReadAction","target":["https:\/\/electricink.eu\/fr\/producto\/protection-pour-machines-pen-transparente-25-un\/"]}]},{"@type":"ImageObject","inLanguage":"fr-FR","@id":"https:\/\/electricink.eu\/fr\/producto\/protection-pour-machines-pen-transparente-25-un\/#primaryimage","url":"https:\/\/electricink.eu\/wp-content\/uploads\/2023\/10\/cubremaquinapen.png","contentUrl":"https:\/\/electricink.eu\/wp-content\/uploads\/2023\/10\/cubremaquinapen.png","width":500,"height":500},{"@type":"BreadcrumbList","@id":"https:\/\/electricink.eu\/fr\/producto\/protection-pour-machines-pen-transparente-25-un\/#breadcrumb","itemListElement":[{"@type":"ListItem","position":1,"name":"Portada","item":"https:\/\/electricink.eu\/fr\/home\/"},{"@type":"ListItem","position":2,"name":"Boutique","item":"https:\/\/electricink.eu\/tienda\/"},{"@type":"ListItem","position":3,"name":"Protection pour machines PEN &#8211; transparente &#8211; 25 un"}]},{"@type":"WebSite","@id":"https:\/\/electricink.eu\/#website","url":"https:\/\/electricink.eu\/","name":"Electric Ink\u00ae","description":"Material para Tatuar Profesional en Europa - Electric Ink\u00ae","potentialAction":[{"@type":"SearchAction","target":{"@type":"EntryPoint","urlTemplate":"https:\/\/electricink.eu\/?s={search_term_string}"},"query-input":{"@type":"PropertyValueSpecification","valueRequired":true,"valueName":"search_term_string"}}],"inLanguage":"fr-FR"}]}},"_links":{"self":[{"href":"https:\/\/electricink.eu\/fr\/wp-json\/wp\/v2\/product\/37012","targetHints":{"allow":["GET"]}}],"collection":[{"href":"https:\/\/electricink.eu\/fr\/wp-json\/wp\/v2\/product"}],"about":[{"href":"https:\/\/electricink.eu\/fr\/wp-json\/wp\/v2\/types\/product"}],"replies":[{"embeddable":true,"href":"https:\/\/electricink.eu\/fr\/wp-json\/wp\/v2\/comments?post=37012"}],"wp:featuredmedia":[{"embeddable":true,"href":"https:\/\/electricink.eu\/fr\/wp-json\/wp\/v2\/media\/4004"}],"wp:attachment":[{"href":"https:\/\/electricink.eu\/fr\/wp-json\/wp\/v2\/media?parent=37012"}],"wp:term":[{"taxonomy":"product_brand","embeddable":true,"href":"https:\/\/electricink.eu\/fr\/wp-json\/wp\/v2\/product_brand?post=37012"},{"taxonomy":"product_cat","embeddable":true,"href":"https:\/\/electricink.eu\/fr\/wp-json\/wp\/v2\/product_cat?post=37012"},{"taxonomy":"product_tag","embeddable":true,"href":"https:\/\/electricink.eu\/fr\/wp-json\/wp\/v2\/product_tag?post=37012"}],"curies":[{"name":"wp","href":"https:\/\/api.w.org\/{rel}","templated":true}]}}