{"id":37018,"date":"2023-12-14T01:21:44","date_gmt":"2023-12-14T00:21:44","guid":{"rendered":"https:\/\/electricink.eu\/producto\/chargeur-de-batterie\/"},"modified":"2024-07-01T12:05:00","modified_gmt":"2024-07-01T10:05:00","slug":"chargeur-de-batterie","status":"publish","type":"product","link":"https:\/\/electricink.eu\/fr\/producto\/chargeur-de-batterie\/","title":{"rendered":"Chargeur de batterie"},"content":{"rendered":"","protected":false},"excerpt":{"rendered":"<ul>\n<li>Chargeur universel : ce chargeur charge UNIQUEMENT les batteries Li-ion 18650 18490 18500 18350 17670 16340 RCR123A 14500 10440, <strong>il ne charge pas\u00a0 les batteries AA\/AAA Ni-MH.<\/strong><\/li>\n<li>Affichage LED intelligent : le chargeur chargera les batteries lors de la connexion \u00e0 l&rsquo;alimentation. Le voyant s&rsquo;allume en rouge, puis en vert apr\u00e8s une charge compl\u00e8te.<\/li>\n<li>Port USB : livr\u00e9 avec une entr\u00e9e USB, connectez le chargeur \u00e0 des p\u00e9riph\u00e9riques USB 5 V, tels que power bank, adaptateur, plus appropri\u00e9 pour les conditions int\u00e9rieures et ext\u00e9rieures.<\/li>\n<\/ul>\n","protected":false},"featured_media":38953,"comment_status":"closed","ping_status":"closed","template":"","meta":{"_acf_changed":false,"_et_pb_use_builder":"","_et_pb_old_content":"","_et_gb_content_width":"","inline_featured_image":false},"product_brand":[],"product_cat":[1131,808,812],"product_tag":[],"class_list":{"0":"post-37018","1":"product","2":"type-product","3":"status-publish","4":"has-post-thumbnail","6":"product_cat-perifericos","7":"product_cat-tattoo-fr","8":"product_cat-alimentations-tattoo","10":"first","11":"outofstock","12":"taxable","13":"shipping-taxable","14":"purchasable","15":"product-type-simple"},"acf":[],"yoast_head":"<!-- This site is optimized with the Yoast SEO plugin v27.4 - https:\/\/yoast.com\/product\/yoast-seo-wordpress\/ -->\n<title>Chargeur de batterie - Electric Ink\u00ae<\/title>\n<meta name=\"robots\" content=\"index, follow, max-snippet:-1, max-image-preview:large, max-video-preview:-1\" \/>\n<link rel=\"canonical\" href=\"https:\/\/electricink.eu\/fr\/producto\/chargeur-de-batterie\/\" \/>\n<meta property=\"og:locale\" content=\"fr_FR\" \/>\n<meta property=\"og:type\" content=\"article\" \/>\n<meta property=\"og:title\" content=\"Chargeur de batterie - Electric Ink\u00ae\" \/>\n<meta property=\"og:description\" content=\"Chargeur universel : ce chargeur charge UNIQUEMENT les batteries Li-ion 18650 18490 18500 18350 17670 16340 RCR123A 14500 10440, il ne charge pas\u00a0 les batteries AA\/AAA Ni-MH. Affichage LED intelligent : le chargeur chargera les batteries lors de la connexion \u00e0 l&#039;alimentation. Le voyant s&#039;allume en rouge, puis en vert apr\u00e8s une charge compl\u00e8te. Port USB : livr\u00e9 avec une entr\u00e9e USB, connectez le chargeur \u00e0 des p\u00e9riph\u00e9riques USB 5 V, tels que power bank, adaptateur, plus appropri\u00e9 pour les conditions int\u00e9rieures et ext\u00e9rieures.\" \/>\n<meta property=\"og:url\" content=\"https:\/\/electricink.eu\/fr\/producto\/chargeur-de-batterie\/\" \/>\n<meta property=\"og:site_name\" content=\"Electric Ink\u00ae\" \/>\n<meta property=\"article:modified_time\" content=\"2024-07-01T10:05:00+00:00\" \/>\n<meta property=\"og:image\" content=\"https:\/\/electricink.eu\/wp-content\/uploads\/2023\/12\/Cargador-de-Bateria-1-3.jpg\" \/>\n\t<meta property=\"og:image:width\" content=\"679\" \/>\n\t<meta property=\"og:image:height\" content=\"749\" \/>\n\t<meta property=\"og:image:type\" content=\"image\/jpeg\" \/>\n<meta name=\"twitter:card\" content=\"summary_large_image\" \/>\n<script type=\"application\/ld+json\" class=\"yoast-schema-graph\">{\"@context\":\"https:\\\/\\\/schema.org\",\"@graph\":[{\"@type\":\"WebPage\",\"@id\":\"https:\\\/\\\/electricink.eu\\\/fr\\\/producto\\\/chargeur-de-batterie\\\/\",\"url\":\"https:\\\/\\\/electricink.eu\\\/fr\\\/producto\\\/chargeur-de-batterie\\\/\",\"name\":\"Chargeur de batterie - Electric Ink\u00ae\",\"isPartOf\":{\"@id\":\"https:\\\/\\\/electricink.eu\\\/#website\"},\"primaryImageOfPage\":{\"@id\":\"https:\\\/\\\/electricink.eu\\\/fr\\\/producto\\\/chargeur-de-batterie\\\/#primaryimage\"},\"image\":{\"@id\":\"https:\\\/\\\/electricink.eu\\\/fr\\\/producto\\\/chargeur-de-batterie\\\/#primaryimage\"},\"thumbnailUrl\":\"https:\\\/\\\/electricink.eu\\\/wp-content\\\/uploads\\\/2023\\\/12\\\/Cargador-de-Bateria-1-3.jpg\",\"datePublished\":\"2023-12-14T00:21:44+00:00\",\"dateModified\":\"2024-07-01T10:05:00+00:00\",\"breadcrumb\":{\"@id\":\"https:\\\/\\\/electricink.eu\\\/fr\\\/producto\\\/chargeur-de-batterie\\\/#breadcrumb\"},\"inLanguage\":\"fr-FR\",\"potentialAction\":[{\"@type\":\"ReadAction\",\"target\":[\"https:\\\/\\\/electricink.eu\\\/fr\\\/producto\\\/chargeur-de-batterie\\\/\"]}]},{\"@type\":\"ImageObject\",\"inLanguage\":\"fr-FR\",\"@id\":\"https:\\\/\\\/electricink.eu\\\/fr\\\/producto\\\/chargeur-de-batterie\\\/#primaryimage\",\"url\":\"https:\\\/\\\/electricink.eu\\\/wp-content\\\/uploads\\\/2023\\\/12\\\/Cargador-de-Bateria-1-3.jpg\",\"contentUrl\":\"https:\\\/\\\/electricink.eu\\\/wp-content\\\/uploads\\\/2023\\\/12\\\/Cargador-de-Bateria-1-3.jpg\",\"width\":679,\"height\":749},{\"@type\":\"BreadcrumbList\",\"@id\":\"https:\\\/\\\/electricink.eu\\\/fr\\\/producto\\\/chargeur-de-batterie\\\/#breadcrumb\",\"itemListElement\":[{\"@type\":\"ListItem\",\"position\":1,\"name\":\"Portada\",\"item\":\"https:\\\/\\\/electricink.eu\\\/fr\\\/home\\\/\"},{\"@type\":\"ListItem\",\"position\":2,\"name\":\"Boutique\",\"item\":\"https:\\\/\\\/electricink.eu\\\/tienda\\\/\"},{\"@type\":\"ListItem\",\"position\":3,\"name\":\"Chargeur de batterie\"}]},{\"@type\":\"WebSite\",\"@id\":\"https:\\\/\\\/electricink.eu\\\/#website\",\"url\":\"https:\\\/\\\/electricink.eu\\\/\",\"name\":\"Electric Ink\u00ae\",\"description\":\"Material para Tatuar Profesional en Europa - Electric Ink\u00ae\",\"potentialAction\":[{\"@type\":\"SearchAction\",\"target\":{\"@type\":\"EntryPoint\",\"urlTemplate\":\"https:\\\/\\\/electricink.eu\\\/?s={search_term_string}\"},\"query-input\":{\"@type\":\"PropertyValueSpecification\",\"valueRequired\":true,\"valueName\":\"search_term_string\"}}],\"inLanguage\":\"fr-FR\"}]}<\/script>\n<!-- \/ Yoast SEO plugin. -->","yoast_head_json":{"title":"Chargeur de batterie - Electric Ink\u00ae","robots":{"index":"index","follow":"follow","max-snippet":"max-snippet:-1","max-image-preview":"max-image-preview:large","max-video-preview":"max-video-preview:-1"},"canonical":"https:\/\/electricink.eu\/fr\/producto\/chargeur-de-batterie\/","og_locale":"fr_FR","og_type":"article","og_title":"Chargeur de batterie - Electric Ink\u00ae","og_description":"Chargeur universel : ce chargeur charge UNIQUEMENT les batteries Li-ion 18650 18490 18500 18350 17670 16340 RCR123A 14500 10440, il ne charge pas\u00a0 les batteries AA\/AAA Ni-MH. Affichage LED intelligent : le chargeur chargera les batteries lors de la connexion \u00e0 l'alimentation. Le voyant s'allume en rouge, puis en vert apr\u00e8s une charge compl\u00e8te. Port USB : livr\u00e9 avec une entr\u00e9e USB, connectez le chargeur \u00e0 des p\u00e9riph\u00e9riques USB 5 V, tels que power bank, adaptateur, plus appropri\u00e9 pour les conditions int\u00e9rieures et ext\u00e9rieures.","og_url":"https:\/\/electricink.eu\/fr\/producto\/chargeur-de-batterie\/","og_site_name":"Electric Ink\u00ae","article_modified_time":"2024-07-01T10:05:00+00:00","og_image":[{"width":679,"height":749,"url":"https:\/\/electricink.eu\/wp-content\/uploads\/2023\/12\/Cargador-de-Bateria-1-3.jpg","type":"image\/jpeg"}],"twitter_card":"summary_large_image","schema":{"@context":"https:\/\/schema.org","@graph":[{"@type":"WebPage","@id":"https:\/\/electricink.eu\/fr\/producto\/chargeur-de-batterie\/","url":"https:\/\/electricink.eu\/fr\/producto\/chargeur-de-batterie\/","name":"Chargeur de batterie - Electric Ink\u00ae","isPartOf":{"@id":"https:\/\/electricink.eu\/#website"},"primaryImageOfPage":{"@id":"https:\/\/electricink.eu\/fr\/producto\/chargeur-de-batterie\/#primaryimage"},"image":{"@id":"https:\/\/electricink.eu\/fr\/producto\/chargeur-de-batterie\/#primaryimage"},"thumbnailUrl":"https:\/\/electricink.eu\/wp-content\/uploads\/2023\/12\/Cargador-de-Bateria-1-3.jpg","datePublished":"2023-12-14T00:21:44+00:00","dateModified":"2024-07-01T10:05:00+00:00","breadcrumb":{"@id":"https:\/\/electricink.eu\/fr\/producto\/chargeur-de-batterie\/#breadcrumb"},"inLanguage":"fr-FR","potentialAction":[{"@type":"ReadAction","target":["https:\/\/electricink.eu\/fr\/producto\/chargeur-de-batterie\/"]}]},{"@type":"ImageObject","inLanguage":"fr-FR","@id":"https:\/\/electricink.eu\/fr\/producto\/chargeur-de-batterie\/#primaryimage","url":"https:\/\/electricink.eu\/wp-content\/uploads\/2023\/12\/Cargador-de-Bateria-1-3.jpg","contentUrl":"https:\/\/electricink.eu\/wp-content\/uploads\/2023\/12\/Cargador-de-Bateria-1-3.jpg","width":679,"height":749},{"@type":"BreadcrumbList","@id":"https:\/\/electricink.eu\/fr\/producto\/chargeur-de-batterie\/#breadcrumb","itemListElement":[{"@type":"ListItem","position":1,"name":"Portada","item":"https:\/\/electricink.eu\/fr\/home\/"},{"@type":"ListItem","position":2,"name":"Boutique","item":"https:\/\/electricink.eu\/tienda\/"},{"@type":"ListItem","position":3,"name":"Chargeur de batterie"}]},{"@type":"WebSite","@id":"https:\/\/electricink.eu\/#website","url":"https:\/\/electricink.eu\/","name":"Electric Ink\u00ae","description":"Material para Tatuar Profesional en Europa - Electric Ink\u00ae","potentialAction":[{"@type":"SearchAction","target":{"@type":"EntryPoint","urlTemplate":"https:\/\/electricink.eu\/?s={search_term_string}"},"query-input":{"@type":"PropertyValueSpecification","valueRequired":true,"valueName":"search_term_string"}}],"inLanguage":"fr-FR"}]}},"_links":{"self":[{"href":"https:\/\/electricink.eu\/fr\/wp-json\/wp\/v2\/product\/37018","targetHints":{"allow":["GET"]}}],"collection":[{"href":"https:\/\/electricink.eu\/fr\/wp-json\/wp\/v2\/product"}],"about":[{"href":"https:\/\/electricink.eu\/fr\/wp-json\/wp\/v2\/types\/product"}],"replies":[{"embeddable":true,"href":"https:\/\/electricink.eu\/fr\/wp-json\/wp\/v2\/comments?post=37018"}],"wp:featuredmedia":[{"embeddable":true,"href":"https:\/\/electricink.eu\/fr\/wp-json\/wp\/v2\/media\/38953"}],"wp:attachment":[{"href":"https:\/\/electricink.eu\/fr\/wp-json\/wp\/v2\/media?parent=37018"}],"wp:term":[{"taxonomy":"product_brand","embeddable":true,"href":"https:\/\/electricink.eu\/fr\/wp-json\/wp\/v2\/product_brand?post=37018"},{"taxonomy":"product_cat","embeddable":true,"href":"https:\/\/electricink.eu\/fr\/wp-json\/wp\/v2\/product_cat?post=37018"},{"taxonomy":"product_tag","embeddable":true,"href":"https:\/\/electricink.eu\/fr\/wp-json\/wp\/v2\/product_tag?post=37018"}],"curies":[{"name":"wp","href":"https:\/\/api.w.org\/{rel}","templated":true}]}}