{"id":37139,"date":"2023-12-14T01:20:17","date_gmt":"2023-12-14T00:20:17","guid":{"rendered":"https:\/\/electricink.eu\/producto\/aiguille-pour-piercing-droite-08ga-4mm-2-05un\/"},"modified":"2024-01-30T16:34:04","modified_gmt":"2024-01-30T15:34:04","slug":"aiguille-pour-piercing-droite-08ga-4mm-2-05un","status":"publish","type":"product","link":"https:\/\/electricink.eu\/fr\/producto\/aiguille-pour-piercing-droite-08ga-4mm-2-05un\/","title":{"rendered":"Aiguille pour piercing droite  08GA\/4mm 2` 05UN"},"content":{"rendered":"<p><strong>Quantit\u00e9 :<\/strong> 05 unit\u00e9s<br \/><strong>Mod\u00e8le :<\/strong> 08GA \/ 4mm<br \/><strong>Marque :<\/strong> Advanced Needles (Body Piercing)<br \/><strong>Indications :<\/strong> Piercings de gros calibre, piercings de lobe, grosses dilatations comme le mamelon et le nombril.<\/p>\n","protected":false},"excerpt":{"rendered":"<p>Aiguille pour Piercing droite.<\/p>\n<p>Advanced Needles, technologie de pointe perfectionn\u00e9e g\u00e9om\u00e9triquement par des Piercers professionnels.<br \/>Les aiguilles pour Piercing Electric Ink Advanced, emball\u00e9es individuellement et st\u00e9rilis\u00e9es \u00e0 l&rsquo;oxyde d&rsquo;\u00e9thyl\u00e8ne, respectent toutes les normes nationales et internationales (ISOS) de fabrication et de qualit\u00e9. Ses parois sont mall\u00e9ables, il est donc facile \u00e0 plier si n\u00e9cessaire.<\/p>\n<p>Le biseau est l\u00e9g\u00e8rement plus grand pour att\u00e9nuer l&rsquo;impact lors de la transfixation et les lames triple biseau sont tr\u00e8s tranchantes, ce qui r\u00e9duit les traumatismes cutan\u00e9s caus\u00e9s par les aiguilles conventionnelles.<\/p>\n<p>*Dry Film Coating est le rev\u00eatement de l&rsquo;aiguille qui lui permet de glisser sur la peau sans avoir besoin de lubrifiants.<\/p>\n<p>Corps d&rsquo;aiguille : 8 gauges (3,26 mm) de diam\u00e8tre<br \/>Taille d&rsquo;aiguille : 4,80cm<br \/>Indications : Piercings de gros calibre, piercings de lobe, grosses dilatations comme le mamelon, le nombril et suspension corporal.<\/p>\n","protected":false},"featured_media":3798,"comment_status":"closed","ping_status":"closed","template":"","meta":{"_acf_changed":false,"_et_pb_use_builder":"","_et_pb_old_content":"","_et_gb_content_width":"","inline_featured_image":false},"product_brand":[],"product_cat":[806],"product_tag":[],"class_list":{"0":"post-37139","1":"product","2":"type-product","3":"status-publish","4":"has-post-thumbnail","6":"product_cat-piercing-fr","8":"first","9":"outofstock","10":"taxable","11":"shipping-taxable","12":"purchasable","13":"product-type-simple"},"acf":[],"yoast_head":"<!-- This site is optimized with the Yoast SEO plugin v27.4 - https:\/\/yoast.com\/product\/yoast-seo-wordpress\/ -->\n<title>Aiguille pour piercing droite 08GA\/4mm 2` 05UN - Electric Ink\u00ae<\/title>\n<meta name=\"robots\" content=\"index, follow, max-snippet:-1, max-image-preview:large, max-video-preview:-1\" \/>\n<link rel=\"canonical\" href=\"https:\/\/electricink.eu\/fr\/producto\/aiguille-pour-piercing-droite-08ga-4mm-2-05un\/\" \/>\n<meta property=\"og:locale\" content=\"fr_FR\" \/>\n<meta property=\"og:type\" content=\"article\" \/>\n<meta property=\"og:title\" content=\"Aiguille pour piercing droite 08GA\/4mm 2` 05UN - Electric Ink\u00ae\" \/>\n<meta property=\"og:description\" content=\"Aiguille pour Piercing droite. Advanced Needles, technologie de pointe perfectionn\u00e9e g\u00e9om\u00e9triquement par des Piercers professionnels.Les aiguilles pour Piercing Electric Ink Advanced, emball\u00e9es individuellement et st\u00e9rilis\u00e9es \u00e0 l&#039;oxyde d&#039;\u00e9thyl\u00e8ne, respectent toutes les normes nationales et internationales (ISOS) de fabrication et de qualit\u00e9. Ses parois sont mall\u00e9ables, il est donc facile \u00e0 plier si n\u00e9cessaire. Le biseau est l\u00e9g\u00e8rement plus grand pour att\u00e9nuer l&#039;impact lors de la transfixation et les lames triple biseau sont tr\u00e8s tranchantes, ce qui r\u00e9duit les traumatismes cutan\u00e9s caus\u00e9s par les aiguilles conventionnelles. *Dry Film Coating est le rev\u00eatement de l&#039;aiguille qui lui permet de glisser sur la peau sans avoir besoin de lubrifiants. Corps d&#039;aiguille : 8 gauges (3,26 mm) de diam\u00e8treTaille d&#039;aiguille : 4,80cmIndications : Piercings de gros calibre, piercings de lobe, grosses dilatations comme le mamelon, le nombril et suspension corporal.\" \/>\n<meta property=\"og:url\" content=\"https:\/\/electricink.eu\/fr\/producto\/aiguille-pour-piercing-droite-08ga-4mm-2-05un\/\" \/>\n<meta property=\"og:site_name\" content=\"Electric Ink\u00ae\" \/>\n<meta property=\"article:modified_time\" content=\"2024-01-30T15:34:04+00:00\" \/>\n<meta property=\"og:image\" content=\"https:\/\/electricink.eu\/wp-content\/uploads\/2023\/10\/AGUJAS-BODY-PIERCING-RETA-6GA-3COATING-STRAIGHT-05UN.png\" \/>\n\t<meta property=\"og:image:width\" content=\"500\" \/>\n\t<meta property=\"og:image:height\" content=\"500\" \/>\n\t<meta property=\"og:image:type\" content=\"image\/png\" \/>\n<meta name=\"twitter:card\" content=\"summary_large_image\" \/>\n<script type=\"application\/ld+json\" class=\"yoast-schema-graph\">{\"@context\":\"https:\\\/\\\/schema.org\",\"@graph\":[{\"@type\":\"WebPage\",\"@id\":\"https:\\\/\\\/electricink.eu\\\/fr\\\/producto\\\/aiguille-pour-piercing-droite-08ga-4mm-2-05un\\\/\",\"url\":\"https:\\\/\\\/electricink.eu\\\/fr\\\/producto\\\/aiguille-pour-piercing-droite-08ga-4mm-2-05un\\\/\",\"name\":\"Aiguille pour piercing droite 08GA\\\/4mm 2` 05UN - Electric Ink\u00ae\",\"isPartOf\":{\"@id\":\"https:\\\/\\\/electricink.eu\\\/#website\"},\"primaryImageOfPage\":{\"@id\":\"https:\\\/\\\/electricink.eu\\\/fr\\\/producto\\\/aiguille-pour-piercing-droite-08ga-4mm-2-05un\\\/#primaryimage\"},\"image\":{\"@id\":\"https:\\\/\\\/electricink.eu\\\/fr\\\/producto\\\/aiguille-pour-piercing-droite-08ga-4mm-2-05un\\\/#primaryimage\"},\"thumbnailUrl\":\"https:\\\/\\\/electricink.eu\\\/wp-content\\\/uploads\\\/2023\\\/10\\\/AGUJAS-BODY-PIERCING-RETA-6GA-3COATING-STRAIGHT-05UN.png\",\"datePublished\":\"2023-12-14T00:20:17+00:00\",\"dateModified\":\"2024-01-30T15:34:04+00:00\",\"breadcrumb\":{\"@id\":\"https:\\\/\\\/electricink.eu\\\/fr\\\/producto\\\/aiguille-pour-piercing-droite-08ga-4mm-2-05un\\\/#breadcrumb\"},\"inLanguage\":\"fr-FR\",\"potentialAction\":[{\"@type\":\"ReadAction\",\"target\":[\"https:\\\/\\\/electricink.eu\\\/fr\\\/producto\\\/aiguille-pour-piercing-droite-08ga-4mm-2-05un\\\/\"]}]},{\"@type\":\"ImageObject\",\"inLanguage\":\"fr-FR\",\"@id\":\"https:\\\/\\\/electricink.eu\\\/fr\\\/producto\\\/aiguille-pour-piercing-droite-08ga-4mm-2-05un\\\/#primaryimage\",\"url\":\"https:\\\/\\\/electricink.eu\\\/wp-content\\\/uploads\\\/2023\\\/10\\\/AGUJAS-BODY-PIERCING-RETA-6GA-3COATING-STRAIGHT-05UN.png\",\"contentUrl\":\"https:\\\/\\\/electricink.eu\\\/wp-content\\\/uploads\\\/2023\\\/10\\\/AGUJAS-BODY-PIERCING-RETA-6GA-3COATING-STRAIGHT-05UN.png\",\"width\":500,\"height\":500},{\"@type\":\"BreadcrumbList\",\"@id\":\"https:\\\/\\\/electricink.eu\\\/fr\\\/producto\\\/aiguille-pour-piercing-droite-08ga-4mm-2-05un\\\/#breadcrumb\",\"itemListElement\":[{\"@type\":\"ListItem\",\"position\":1,\"name\":\"Portada\",\"item\":\"https:\\\/\\\/electricink.eu\\\/fr\\\/home\\\/\"},{\"@type\":\"ListItem\",\"position\":2,\"name\":\"Boutique\",\"item\":\"https:\\\/\\\/electricink.eu\\\/tienda\\\/\"},{\"@type\":\"ListItem\",\"position\":3,\"name\":\"Aiguille pour piercing droite 08GA\\\/4mm 2` 05UN\"}]},{\"@type\":\"WebSite\",\"@id\":\"https:\\\/\\\/electricink.eu\\\/#website\",\"url\":\"https:\\\/\\\/electricink.eu\\\/\",\"name\":\"Electric Ink\u00ae\",\"description\":\"Material para Tatuar Profesional en Europa - Electric Ink\u00ae\",\"potentialAction\":[{\"@type\":\"SearchAction\",\"target\":{\"@type\":\"EntryPoint\",\"urlTemplate\":\"https:\\\/\\\/electricink.eu\\\/?s={search_term_string}\"},\"query-input\":{\"@type\":\"PropertyValueSpecification\",\"valueRequired\":true,\"valueName\":\"search_term_string\"}}],\"inLanguage\":\"fr-FR\"}]}<\/script>\n<!-- \/ Yoast SEO plugin. -->","yoast_head_json":{"title":"Aiguille pour piercing droite 08GA\/4mm 2` 05UN - Electric Ink\u00ae","robots":{"index":"index","follow":"follow","max-snippet":"max-snippet:-1","max-image-preview":"max-image-preview:large","max-video-preview":"max-video-preview:-1"},"canonical":"https:\/\/electricink.eu\/fr\/producto\/aiguille-pour-piercing-droite-08ga-4mm-2-05un\/","og_locale":"fr_FR","og_type":"article","og_title":"Aiguille pour piercing droite 08GA\/4mm 2` 05UN - Electric Ink\u00ae","og_description":"Aiguille pour Piercing droite. Advanced Needles, technologie de pointe perfectionn\u00e9e g\u00e9om\u00e9triquement par des Piercers professionnels.Les aiguilles pour Piercing Electric Ink Advanced, emball\u00e9es individuellement et st\u00e9rilis\u00e9es \u00e0 l'oxyde d'\u00e9thyl\u00e8ne, respectent toutes les normes nationales et internationales (ISOS) de fabrication et de qualit\u00e9. Ses parois sont mall\u00e9ables, il est donc facile \u00e0 plier si n\u00e9cessaire. Le biseau est l\u00e9g\u00e8rement plus grand pour att\u00e9nuer l'impact lors de la transfixation et les lames triple biseau sont tr\u00e8s tranchantes, ce qui r\u00e9duit les traumatismes cutan\u00e9s caus\u00e9s par les aiguilles conventionnelles. *Dry Film Coating est le rev\u00eatement de l'aiguille qui lui permet de glisser sur la peau sans avoir besoin de lubrifiants. Corps d'aiguille : 8 gauges (3,26 mm) de diam\u00e8treTaille d'aiguille : 4,80cmIndications : Piercings de gros calibre, piercings de lobe, grosses dilatations comme le mamelon, le nombril et suspension corporal.","og_url":"https:\/\/electricink.eu\/fr\/producto\/aiguille-pour-piercing-droite-08ga-4mm-2-05un\/","og_site_name":"Electric Ink\u00ae","article_modified_time":"2024-01-30T15:34:04+00:00","og_image":[{"width":500,"height":500,"url":"https:\/\/electricink.eu\/wp-content\/uploads\/2023\/10\/AGUJAS-BODY-PIERCING-RETA-6GA-3COATING-STRAIGHT-05UN.png","type":"image\/png"}],"twitter_card":"summary_large_image","schema":{"@context":"https:\/\/schema.org","@graph":[{"@type":"WebPage","@id":"https:\/\/electricink.eu\/fr\/producto\/aiguille-pour-piercing-droite-08ga-4mm-2-05un\/","url":"https:\/\/electricink.eu\/fr\/producto\/aiguille-pour-piercing-droite-08ga-4mm-2-05un\/","name":"Aiguille pour piercing droite 08GA\/4mm 2` 05UN - Electric Ink\u00ae","isPartOf":{"@id":"https:\/\/electricink.eu\/#website"},"primaryImageOfPage":{"@id":"https:\/\/electricink.eu\/fr\/producto\/aiguille-pour-piercing-droite-08ga-4mm-2-05un\/#primaryimage"},"image":{"@id":"https:\/\/electricink.eu\/fr\/producto\/aiguille-pour-piercing-droite-08ga-4mm-2-05un\/#primaryimage"},"thumbnailUrl":"https:\/\/electricink.eu\/wp-content\/uploads\/2023\/10\/AGUJAS-BODY-PIERCING-RETA-6GA-3COATING-STRAIGHT-05UN.png","datePublished":"2023-12-14T00:20:17+00:00","dateModified":"2024-01-30T15:34:04+00:00","breadcrumb":{"@id":"https:\/\/electricink.eu\/fr\/producto\/aiguille-pour-piercing-droite-08ga-4mm-2-05un\/#breadcrumb"},"inLanguage":"fr-FR","potentialAction":[{"@type":"ReadAction","target":["https:\/\/electricink.eu\/fr\/producto\/aiguille-pour-piercing-droite-08ga-4mm-2-05un\/"]}]},{"@type":"ImageObject","inLanguage":"fr-FR","@id":"https:\/\/electricink.eu\/fr\/producto\/aiguille-pour-piercing-droite-08ga-4mm-2-05un\/#primaryimage","url":"https:\/\/electricink.eu\/wp-content\/uploads\/2023\/10\/AGUJAS-BODY-PIERCING-RETA-6GA-3COATING-STRAIGHT-05UN.png","contentUrl":"https:\/\/electricink.eu\/wp-content\/uploads\/2023\/10\/AGUJAS-BODY-PIERCING-RETA-6GA-3COATING-STRAIGHT-05UN.png","width":500,"height":500},{"@type":"BreadcrumbList","@id":"https:\/\/electricink.eu\/fr\/producto\/aiguille-pour-piercing-droite-08ga-4mm-2-05un\/#breadcrumb","itemListElement":[{"@type":"ListItem","position":1,"name":"Portada","item":"https:\/\/electricink.eu\/fr\/home\/"},{"@type":"ListItem","position":2,"name":"Boutique","item":"https:\/\/electricink.eu\/tienda\/"},{"@type":"ListItem","position":3,"name":"Aiguille pour piercing droite 08GA\/4mm 2` 05UN"}]},{"@type":"WebSite","@id":"https:\/\/electricink.eu\/#website","url":"https:\/\/electricink.eu\/","name":"Electric Ink\u00ae","description":"Material para Tatuar Profesional en Europa - Electric Ink\u00ae","potentialAction":[{"@type":"SearchAction","target":{"@type":"EntryPoint","urlTemplate":"https:\/\/electricink.eu\/?s={search_term_string}"},"query-input":{"@type":"PropertyValueSpecification","valueRequired":true,"valueName":"search_term_string"}}],"inLanguage":"fr-FR"}]}},"_links":{"self":[{"href":"https:\/\/electricink.eu\/fr\/wp-json\/wp\/v2\/product\/37139","targetHints":{"allow":["GET"]}}],"collection":[{"href":"https:\/\/electricink.eu\/fr\/wp-json\/wp\/v2\/product"}],"about":[{"href":"https:\/\/electricink.eu\/fr\/wp-json\/wp\/v2\/types\/product"}],"replies":[{"embeddable":true,"href":"https:\/\/electricink.eu\/fr\/wp-json\/wp\/v2\/comments?post=37139"}],"wp:featuredmedia":[{"embeddable":true,"href":"https:\/\/electricink.eu\/fr\/wp-json\/wp\/v2\/media\/3798"}],"wp:attachment":[{"href":"https:\/\/electricink.eu\/fr\/wp-json\/wp\/v2\/media?parent=37139"}],"wp:term":[{"taxonomy":"product_brand","embeddable":true,"href":"https:\/\/electricink.eu\/fr\/wp-json\/wp\/v2\/product_brand?post=37139"},{"taxonomy":"product_cat","embeddable":true,"href":"https:\/\/electricink.eu\/fr\/wp-json\/wp\/v2\/product_cat?post=37139"},{"taxonomy":"product_tag","embeddable":true,"href":"https:\/\/electricink.eu\/fr\/wp-json\/wp\/v2\/product_tag?post=37139"}],"curies":[{"name":"wp","href":"https:\/\/api.w.org\/{rel}","templated":true}]}}