{"id":37160,"date":"2023-12-14T01:19:24","date_gmt":"2023-12-14T00:19:24","guid":{"rendered":"https:\/\/electricink.eu\/producto\/electra-pop-neon-corail\/"},"modified":"2024-01-31T15:27:13","modified_gmt":"2024-01-31T14:27:13","slug":"electra-pop-neon-corail","status":"publish","type":"product","link":"https:\/\/electricink.eu\/fr\/producto\/electra-pop-neon-corail\/","title":{"rendered":"Electra Pop &#8211; NEON Corail"},"content":{"rendered":"<p><strong>Description:<\/strong><\/p>\n<p>Ch\u00e2ssis l\u00e9ger et r\u00e9sistant en polym\u00e8re industriel.<\/p>\n<p>Moteur: japonais Mabuchi<\/p>\n<p>Connexion &#8211; RCA (c\u00e2ble non fourni).<\/p>\n<p>Course: 3,2mm.<\/p>\n<p>Poids: 74g.<\/p>\n<p>Dimensions: 67,5x30x97mm<\/p>\n<p>Machine universelle, utilisable avec des cartouches ou des aiguilles traditionnelles, convient \u00e9galement aux grips G\u00eanesis et aux grips jetables.<\/p>\n<p>Tension de fonctionnement: 6 volts a 12 volts. Les voltages hors de cette fourchette peuvent endommager le moteur.<\/p>\n<p>Toutes les machines rotatives sont utilis\u00e9es pour les lignes, la peinture et l&rsquo;ombrage. Ce qui r\u00e9gule c&rsquo;est la vitesse qui augmente ou diminue la tension jusqu&rsquo;\u00e0 ce que la machine accompagne le mouvement de la main.<\/p>\n<p>Machine tr\u00e8s puissante, fonctionne tr\u00e8s bien en basse tension.<\/p>\n<p>&nbsp;<\/p>\n<p><strong>&#8212;&#8212;&#8212;&#8212;&#8212;&#8212;&#8211; Articles inclus &#8212;&#8212;&#8212;&#8212;&#8212;&#8212;&#8212;&#8212;-<\/strong><\/p>\n<p>&#8211; 1 machine Electra Pop<br \/>&#8211; Manuel d&rsquo;instructions<br \/>* C\u00e2ble RCA non inclus<\/p>\n<p>&nbsp;<\/p>\n<p><strong>Garantie du produit:<\/strong> La p\u00e9riode de garantie offerte par Electric Ink suit les r\u00e9glementations europ\u00e9ennes en vigueur. La garantie d&rsquo;Electric Ink contre les d\u00e9fauts de fabrication commence \u00e0 partir de l&rsquo;achat du produit par le consommateur, v\u00e9rifi\u00e9 via la facture d&rsquo;achat de l&rsquo;article concern\u00e9.<\/p>\n<p><strong>Assistance technique:<\/strong> contact par mail:\u00a0 info@electric.local<\/p>\n","protected":false},"excerpt":{"rendered":"<p>ELECTRA POP:<\/p>\n<p>Cr\u00e9\u00e9 para Electric Ink pour servir les tatoueurs qui cherchent une machine fiable qui allie \u00e9conomie et qualit\u00e9. Fabriqu\u00e9e en polym\u00e8re industriel, conserve la m\u00eame fonctionnalit\u00e9 et\u00a0 qualit\u00e9 que les c\u00e9l\u00e9bres machines en aluminum.<br \/>C&rsquo;est une excellente machine pour les lignes, le remplissage, ombrage, peinture, qui va r\u00e9pondre \u00e0 tous les besoins de l\u00b4artiste. Un \u00e9quipement pr\u00e9cis qui fonctionne en douceur et en silence.<\/p>\n","protected":false},"featured_media":3494,"comment_status":"closed","ping_status":"closed","template":"","meta":{"_acf_changed":false,"_et_pb_use_builder":"","_et_pb_old_content":"","_et_gb_content_width":"","inline_featured_image":false},"product_brand":[],"product_cat":[808,817,820],"product_tag":[],"class_list":{"0":"post-37160","1":"product","2":"type-product","3":"status-publish","4":"has-post-thumbnail","6":"product_cat-tattoo-fr","7":"product_cat-machine-a-tatouer","8":"product_cat-machines-rotatives","10":"first","11":"instock","12":"taxable","13":"shipping-taxable","14":"purchasable","15":"product-type-simple"},"acf":[],"yoast_head":"<!-- This site is optimized with the Yoast SEO plugin v27.4 - https:\/\/yoast.com\/product\/yoast-seo-wordpress\/ -->\n<title>Electra Pop - NEON Corail - Electric Ink\u00ae<\/title>\n<meta name=\"robots\" content=\"index, follow, max-snippet:-1, max-image-preview:large, max-video-preview:-1\" \/>\n<link rel=\"canonical\" href=\"https:\/\/electricink.eu\/fr\/producto\/electra-pop-neon-corail\/\" \/>\n<meta property=\"og:locale\" content=\"fr_FR\" \/>\n<meta property=\"og:type\" content=\"article\" \/>\n<meta property=\"og:title\" content=\"Electra Pop - NEON Corail - Electric Ink\u00ae\" \/>\n<meta property=\"og:description\" content=\"ELECTRA POP: Cr\u00e9\u00e9 para Electric Ink pour servir les tatoueurs qui cherchent une machine fiable qui allie \u00e9conomie et qualit\u00e9. Fabriqu\u00e9e en polym\u00e8re industriel, conserve la m\u00eame fonctionnalit\u00e9 et\u00a0 qualit\u00e9 que les c\u00e9l\u00e9bres machines en aluminum.C&#039;est une excellente machine pour les lignes, le remplissage, ombrage, peinture, qui va r\u00e9pondre \u00e0 tous les besoins de l\u00b4artiste. Un \u00e9quipement pr\u00e9cis qui fonctionne en douceur et en silence.\" \/>\n<meta property=\"og:url\" content=\"https:\/\/electricink.eu\/fr\/producto\/electra-pop-neon-corail\/\" \/>\n<meta property=\"og:site_name\" content=\"Electric Ink\u00ae\" \/>\n<meta property=\"article:modified_time\" content=\"2024-01-31T14:27:13+00:00\" \/>\n<meta property=\"og:image\" content=\"https:\/\/electricink.eu\/wp-content\/uploads\/2023\/10\/Electra_Pop_Maquina_Tatuaje_Electric_Ink_NEON_coral-1.jpg\" \/>\n\t<meta property=\"og:image:width\" content=\"500\" \/>\n\t<meta property=\"og:image:height\" content=\"500\" \/>\n\t<meta property=\"og:image:type\" content=\"image\/jpeg\" \/>\n<meta name=\"twitter:card\" content=\"summary_large_image\" \/>\n<meta name=\"twitter:label1\" content=\"Dur\u00e9e de lecture estim\u00e9e\" \/>\n\t<meta name=\"twitter:data1\" content=\"1 minute\" \/>\n<script type=\"application\/ld+json\" class=\"yoast-schema-graph\">{\"@context\":\"https:\\\/\\\/schema.org\",\"@graph\":[{\"@type\":\"WebPage\",\"@id\":\"https:\\\/\\\/electricink.eu\\\/fr\\\/producto\\\/electra-pop-neon-corail\\\/\",\"url\":\"https:\\\/\\\/electricink.eu\\\/fr\\\/producto\\\/electra-pop-neon-corail\\\/\",\"name\":\"Electra Pop - NEON Corail - Electric Ink\u00ae\",\"isPartOf\":{\"@id\":\"https:\\\/\\\/electricink.eu\\\/#website\"},\"primaryImageOfPage\":{\"@id\":\"https:\\\/\\\/electricink.eu\\\/fr\\\/producto\\\/electra-pop-neon-corail\\\/#primaryimage\"},\"image\":{\"@id\":\"https:\\\/\\\/electricink.eu\\\/fr\\\/producto\\\/electra-pop-neon-corail\\\/#primaryimage\"},\"thumbnailUrl\":\"https:\\\/\\\/electricink.eu\\\/wp-content\\\/uploads\\\/2023\\\/10\\\/Electra_Pop_Maquina_Tatuaje_Electric_Ink_NEON_coral-1.jpg\",\"datePublished\":\"2023-12-14T00:19:24+00:00\",\"dateModified\":\"2024-01-31T14:27:13+00:00\",\"breadcrumb\":{\"@id\":\"https:\\\/\\\/electricink.eu\\\/fr\\\/producto\\\/electra-pop-neon-corail\\\/#breadcrumb\"},\"inLanguage\":\"fr-FR\",\"potentialAction\":[{\"@type\":\"ReadAction\",\"target\":[\"https:\\\/\\\/electricink.eu\\\/fr\\\/producto\\\/electra-pop-neon-corail\\\/\"]}]},{\"@type\":\"ImageObject\",\"inLanguage\":\"fr-FR\",\"@id\":\"https:\\\/\\\/electricink.eu\\\/fr\\\/producto\\\/electra-pop-neon-corail\\\/#primaryimage\",\"url\":\"https:\\\/\\\/electricink.eu\\\/wp-content\\\/uploads\\\/2023\\\/10\\\/Electra_Pop_Maquina_Tatuaje_Electric_Ink_NEON_coral-1.jpg\",\"contentUrl\":\"https:\\\/\\\/electricink.eu\\\/wp-content\\\/uploads\\\/2023\\\/10\\\/Electra_Pop_Maquina_Tatuaje_Electric_Ink_NEON_coral-1.jpg\",\"width\":500,\"height\":500},{\"@type\":\"BreadcrumbList\",\"@id\":\"https:\\\/\\\/electricink.eu\\\/fr\\\/producto\\\/electra-pop-neon-corail\\\/#breadcrumb\",\"itemListElement\":[{\"@type\":\"ListItem\",\"position\":1,\"name\":\"Portada\",\"item\":\"https:\\\/\\\/electricink.eu\\\/fr\\\/home\\\/\"},{\"@type\":\"ListItem\",\"position\":2,\"name\":\"Boutique\",\"item\":\"https:\\\/\\\/electricink.eu\\\/tienda\\\/\"},{\"@type\":\"ListItem\",\"position\":3,\"name\":\"Electra Pop &#8211; NEON Corail\"}]},{\"@type\":\"WebSite\",\"@id\":\"https:\\\/\\\/electricink.eu\\\/#website\",\"url\":\"https:\\\/\\\/electricink.eu\\\/\",\"name\":\"Electric Ink\u00ae\",\"description\":\"Material para Tatuar Profesional en Europa - Electric Ink\u00ae\",\"potentialAction\":[{\"@type\":\"SearchAction\",\"target\":{\"@type\":\"EntryPoint\",\"urlTemplate\":\"https:\\\/\\\/electricink.eu\\\/?s={search_term_string}\"},\"query-input\":{\"@type\":\"PropertyValueSpecification\",\"valueRequired\":true,\"valueName\":\"search_term_string\"}}],\"inLanguage\":\"fr-FR\"}]}<\/script>\n<!-- \/ Yoast SEO plugin. -->","yoast_head_json":{"title":"Electra Pop - NEON Corail - Electric Ink\u00ae","robots":{"index":"index","follow":"follow","max-snippet":"max-snippet:-1","max-image-preview":"max-image-preview:large","max-video-preview":"max-video-preview:-1"},"canonical":"https:\/\/electricink.eu\/fr\/producto\/electra-pop-neon-corail\/","og_locale":"fr_FR","og_type":"article","og_title":"Electra Pop - NEON Corail - Electric Ink\u00ae","og_description":"ELECTRA POP: Cr\u00e9\u00e9 para Electric Ink pour servir les tatoueurs qui cherchent une machine fiable qui allie \u00e9conomie et qualit\u00e9. Fabriqu\u00e9e en polym\u00e8re industriel, conserve la m\u00eame fonctionnalit\u00e9 et\u00a0 qualit\u00e9 que les c\u00e9l\u00e9bres machines en aluminum.C'est une excellente machine pour les lignes, le remplissage, ombrage, peinture, qui va r\u00e9pondre \u00e0 tous les besoins de l\u00b4artiste. Un \u00e9quipement pr\u00e9cis qui fonctionne en douceur et en silence.","og_url":"https:\/\/electricink.eu\/fr\/producto\/electra-pop-neon-corail\/","og_site_name":"Electric Ink\u00ae","article_modified_time":"2024-01-31T14:27:13+00:00","og_image":[{"width":500,"height":500,"url":"https:\/\/electricink.eu\/wp-content\/uploads\/2023\/10\/Electra_Pop_Maquina_Tatuaje_Electric_Ink_NEON_coral-1.jpg","type":"image\/jpeg"}],"twitter_card":"summary_large_image","twitter_misc":{"Dur\u00e9e de lecture estim\u00e9e":"1 minute"},"schema":{"@context":"https:\/\/schema.org","@graph":[{"@type":"WebPage","@id":"https:\/\/electricink.eu\/fr\/producto\/electra-pop-neon-corail\/","url":"https:\/\/electricink.eu\/fr\/producto\/electra-pop-neon-corail\/","name":"Electra Pop - NEON Corail - Electric Ink\u00ae","isPartOf":{"@id":"https:\/\/electricink.eu\/#website"},"primaryImageOfPage":{"@id":"https:\/\/electricink.eu\/fr\/producto\/electra-pop-neon-corail\/#primaryimage"},"image":{"@id":"https:\/\/electricink.eu\/fr\/producto\/electra-pop-neon-corail\/#primaryimage"},"thumbnailUrl":"https:\/\/electricink.eu\/wp-content\/uploads\/2023\/10\/Electra_Pop_Maquina_Tatuaje_Electric_Ink_NEON_coral-1.jpg","datePublished":"2023-12-14T00:19:24+00:00","dateModified":"2024-01-31T14:27:13+00:00","breadcrumb":{"@id":"https:\/\/electricink.eu\/fr\/producto\/electra-pop-neon-corail\/#breadcrumb"},"inLanguage":"fr-FR","potentialAction":[{"@type":"ReadAction","target":["https:\/\/electricink.eu\/fr\/producto\/electra-pop-neon-corail\/"]}]},{"@type":"ImageObject","inLanguage":"fr-FR","@id":"https:\/\/electricink.eu\/fr\/producto\/electra-pop-neon-corail\/#primaryimage","url":"https:\/\/electricink.eu\/wp-content\/uploads\/2023\/10\/Electra_Pop_Maquina_Tatuaje_Electric_Ink_NEON_coral-1.jpg","contentUrl":"https:\/\/electricink.eu\/wp-content\/uploads\/2023\/10\/Electra_Pop_Maquina_Tatuaje_Electric_Ink_NEON_coral-1.jpg","width":500,"height":500},{"@type":"BreadcrumbList","@id":"https:\/\/electricink.eu\/fr\/producto\/electra-pop-neon-corail\/#breadcrumb","itemListElement":[{"@type":"ListItem","position":1,"name":"Portada","item":"https:\/\/electricink.eu\/fr\/home\/"},{"@type":"ListItem","position":2,"name":"Boutique","item":"https:\/\/electricink.eu\/tienda\/"},{"@type":"ListItem","position":3,"name":"Electra Pop &#8211; NEON Corail"}]},{"@type":"WebSite","@id":"https:\/\/electricink.eu\/#website","url":"https:\/\/electricink.eu\/","name":"Electric Ink\u00ae","description":"Material para Tatuar Profesional en Europa - Electric Ink\u00ae","potentialAction":[{"@type":"SearchAction","target":{"@type":"EntryPoint","urlTemplate":"https:\/\/electricink.eu\/?s={search_term_string}"},"query-input":{"@type":"PropertyValueSpecification","valueRequired":true,"valueName":"search_term_string"}}],"inLanguage":"fr-FR"}]}},"_links":{"self":[{"href":"https:\/\/electricink.eu\/fr\/wp-json\/wp\/v2\/product\/37160","targetHints":{"allow":["GET"]}}],"collection":[{"href":"https:\/\/electricink.eu\/fr\/wp-json\/wp\/v2\/product"}],"about":[{"href":"https:\/\/electricink.eu\/fr\/wp-json\/wp\/v2\/types\/product"}],"replies":[{"embeddable":true,"href":"https:\/\/electricink.eu\/fr\/wp-json\/wp\/v2\/comments?post=37160"}],"wp:featuredmedia":[{"embeddable":true,"href":"https:\/\/electricink.eu\/fr\/wp-json\/wp\/v2\/media\/3494"}],"wp:attachment":[{"href":"https:\/\/electricink.eu\/fr\/wp-json\/wp\/v2\/media?parent=37160"}],"wp:term":[{"taxonomy":"product_brand","embeddable":true,"href":"https:\/\/electricink.eu\/fr\/wp-json\/wp\/v2\/product_brand?post=37160"},{"taxonomy":"product_cat","embeddable":true,"href":"https:\/\/electricink.eu\/fr\/wp-json\/wp\/v2\/product_cat?post=37160"},{"taxonomy":"product_tag","embeddable":true,"href":"https:\/\/electricink.eu\/fr\/wp-json\/wp\/v2\/product_tag?post=37160"}],"curies":[{"name":"wp","href":"https:\/\/api.w.org\/{rel}","templated":true}]}}