{"id":37187,"date":"2023-12-14T01:19:24","date_gmt":"2023-12-14T00:19:24","guid":{"rendered":"https:\/\/electricink.eu\/producto\/nano-pen-2-dermographe-nuance-rose\/"},"modified":"2024-05-06T20:34:46","modified_gmt":"2024-05-06T18:34:46","slug":"nano-pen-2-dermographe-nuance-rose","status":"publish","type":"product","link":"https:\/\/electricink.eu\/fr\/producto\/nano-pen-2-dermographe-nuance-rose\/","title":{"rendered":"Nano Pen 2 &#8211; Dermographe Nuance &#8211; Rose"},"content":{"rendered":"<p><strong>&#8212;&#8212;&#8212;&#8212;&#8212;&#8212; Sp\u00e9cifications \/ Poids \/ Dimensions &#8212;&#8212;&#8212;&#8212;&#8212;&#8212;-<\/strong><\/p>\n<p>&#8211; Mat\u00e9riau : aluminium anodis\u00e9<br \/>&#8211; Couleur: Rose<br \/>&#8211; Moteur : Mabuchi (japonais)<br \/>&#8211; Course: 3,3 mm<br \/>&#8211; Connexion \u00e9lectrique : c\u00e2ble RCA<br \/>&#8211; Tension de fonctionnement : 6 \u00e0 12 volts<br \/>&#8211; Dimensions : 87 mm x 30 mm<br \/>&#8211; Poids : 120 grammes<\/p>\n<p><strong>&#8212;&#8212;&#8212;&#8212;&#8212;&#8212;&#8212; Articles inclus &#8212;&#8212;&#8212;&#8212;&#8212;&#8212;&#8211;<\/strong><\/p>\n<p>&#8211; 01 machine Nano Pen<br \/>&#8211; 01 c\u00e2ble avec RCA<br \/>&#8211; Manuel d&rsquo;instructions<br \/>&#8211; Garantie du produit<\/p>\n<p><strong>&#8212;&#8212;&#8212;&#8212;&#8212;&#8212;&#8212;&#8212; Garantie du produit&#8212;&#8212;&#8212;&#8212;&#8212;&#8212;&#8212;&#8212;<\/strong><\/p>\n<p>La p\u00e9riode de garantie offerte par Electric Ink suit les r\u00e9glementations europ\u00e9ennes en vigueur. La garantie d&rsquo;Electric Ink contre les d\u00e9fauts de fabrication commence \u00e0 partir de l&rsquo;achat du produit par le consommateur, v\u00e9rifi\u00e9 via la facture d&rsquo;achat de l&rsquo;article concern\u00e9.<\/p>\n<p>&nbsp;<\/p>\n","protected":false},"excerpt":{"rendered":"<p><strong>Nano Pen<\/strong><\/p>\n<p>Deux \u00e9l\u00e9ments ont \u00e9t\u00e9 d\u00e9terminants pour le succ\u00e8s de la Nano Pen Electric Ink d\u00e8s son lancement:<br \/>* Grip d\u00e9tachable qui facilite l&rsquo;asepsie<br \/>* Le mouvement sinuso\u00efdal qui maintient l&rsquo;aiguille dans la peau plus longtemps et rend la proc\u00e9dure de tatouage plus facile et plus rapide.<\/p>\n<p>Le Nano Pen conserve les principales qualit\u00e9s de sa s\u0153ur a\u00een\u00e9e, mais atteint un nouvel objectif: \u00eatre plus compacte. Cette r\u00e9duction de dimension a d\u00e9plac\u00e9 le centre de gravit\u00e9 de la machine pour la main du tatoueur, \u00e9liminant compl\u00e8tement l&rsquo;effet de levier qui peut causer des douleurs au poignet apr\u00e8s des heures de travail.<\/p>\n<p>Ainsi, une machine avec un syst\u00e8me hautement efficace, silencieux et ergonomique pour le tatoueur. Cela lui permettra de travailler plus rapidement, plus confortablement et avec pr\u00e9cision.<\/p>\n<p>&nbsp;<\/p>\n","protected":false},"featured_media":35075,"comment_status":"closed","ping_status":"closed","template":"","meta":{"_acf_changed":false,"_et_pb_use_builder":"","_et_pb_old_content":"","_et_gb_content_width":"","inline_featured_image":false},"product_brand":[],"product_cat":[794,798,808,817,819],"product_tag":[],"class_list":{"0":"post-37187","1":"product","2":"type-product","3":"status-publish","4":"has-post-thumbnail","6":"product_cat-micropigmentation","7":"product_cat-dermographes","8":"product_cat-tattoo-fr","9":"product_cat-machine-a-tatouer","10":"product_cat-machines-pen-fr","12":"first","13":"instock","14":"taxable","15":"shipping-taxable","16":"purchasable","17":"product-type-simple"},"acf":[],"yoast_head":"<!-- This site is optimized with the Yoast SEO plugin v27.4 - https:\/\/yoast.com\/product\/yoast-seo-wordpress\/ -->\n<title>Nano Pen 2 - Dermographe Nuance - Rose - Electric Ink\u00ae<\/title>\n<meta name=\"robots\" content=\"index, follow, max-snippet:-1, max-image-preview:large, max-video-preview:-1\" \/>\n<link rel=\"canonical\" href=\"https:\/\/electricink.eu\/fr\/producto\/nano-pen-2-dermographe-nuance-rose\/\" \/>\n<meta property=\"og:locale\" content=\"fr_FR\" \/>\n<meta property=\"og:type\" content=\"article\" \/>\n<meta property=\"og:title\" content=\"Nano Pen 2 - Dermographe Nuance - Rose - Electric Ink\u00ae\" \/>\n<meta property=\"og:description\" content=\"Nano Pen Deux \u00e9l\u00e9ments ont \u00e9t\u00e9 d\u00e9terminants pour le succ\u00e8s de la Nano Pen Electric Ink d\u00e8s son lancement:* Grip d\u00e9tachable qui facilite l&#039;asepsie* Le mouvement sinuso\u00efdal qui maintient l&#039;aiguille dans la peau plus longtemps et rend la proc\u00e9dure de tatouage plus facile et plus rapide. Le Nano Pen conserve les principales qualit\u00e9s de sa s\u0153ur a\u00een\u00e9e, mais atteint un nouvel objectif: \u00eatre plus compacte. Cette r\u00e9duction de dimension a d\u00e9plac\u00e9 le centre de gravit\u00e9 de la machine pour la main du tatoueur, \u00e9liminant compl\u00e8tement l&#039;effet de levier qui peut causer des douleurs au poignet apr\u00e8s des heures de travail. Ainsi, une machine avec un syst\u00e8me hautement efficace, silencieux et ergonomique pour le tatoueur. Cela lui permettra de travailler plus rapidement, plus confortablement et avec pr\u00e9cision. &nbsp;\" \/>\n<meta property=\"og:url\" content=\"https:\/\/electricink.eu\/fr\/producto\/nano-pen-2-dermographe-nuance-rose\/\" \/>\n<meta property=\"og:site_name\" content=\"Electric Ink\u00ae\" \/>\n<meta property=\"article:modified_time\" content=\"2024-05-06T18:34:46+00:00\" \/>\n<meta property=\"og:image\" content=\"https:\/\/electricink.eu\/wp-content\/uploads\/2023\/12\/Nano_Pen_2_dermografo_Nuance_Electric_Ink_Rose_fire-1.jpg\" \/>\n\t<meta property=\"og:image:width\" content=\"500\" \/>\n\t<meta property=\"og:image:height\" content=\"500\" \/>\n\t<meta property=\"og:image:type\" content=\"image\/jpeg\" \/>\n<meta name=\"twitter:card\" content=\"summary_large_image\" \/>\n<meta name=\"twitter:label1\" content=\"Dur\u00e9e de lecture estim\u00e9e\" \/>\n\t<meta name=\"twitter:data1\" content=\"1 minute\" \/>\n<script type=\"application\/ld+json\" class=\"yoast-schema-graph\">{\"@context\":\"https:\\\/\\\/schema.org\",\"@graph\":[{\"@type\":\"WebPage\",\"@id\":\"https:\\\/\\\/electricink.eu\\\/fr\\\/producto\\\/nano-pen-2-dermographe-nuance-rose\\\/\",\"url\":\"https:\\\/\\\/electricink.eu\\\/fr\\\/producto\\\/nano-pen-2-dermographe-nuance-rose\\\/\",\"name\":\"Nano Pen 2 - Dermographe Nuance - Rose - Electric Ink\u00ae\",\"isPartOf\":{\"@id\":\"https:\\\/\\\/electricink.eu\\\/#website\"},\"primaryImageOfPage\":{\"@id\":\"https:\\\/\\\/electricink.eu\\\/fr\\\/producto\\\/nano-pen-2-dermographe-nuance-rose\\\/#primaryimage\"},\"image\":{\"@id\":\"https:\\\/\\\/electricink.eu\\\/fr\\\/producto\\\/nano-pen-2-dermographe-nuance-rose\\\/#primaryimage\"},\"thumbnailUrl\":\"https:\\\/\\\/electricink.eu\\\/wp-content\\\/uploads\\\/2023\\\/12\\\/Nano_Pen_2_dermografo_Nuance_Electric_Ink_Rose_fire-1.jpg\",\"datePublished\":\"2023-12-14T00:19:24+00:00\",\"dateModified\":\"2024-05-06T18:34:46+00:00\",\"breadcrumb\":{\"@id\":\"https:\\\/\\\/electricink.eu\\\/fr\\\/producto\\\/nano-pen-2-dermographe-nuance-rose\\\/#breadcrumb\"},\"inLanguage\":\"fr-FR\",\"potentialAction\":[{\"@type\":\"ReadAction\",\"target\":[\"https:\\\/\\\/electricink.eu\\\/fr\\\/producto\\\/nano-pen-2-dermographe-nuance-rose\\\/\"]}]},{\"@type\":\"ImageObject\",\"inLanguage\":\"fr-FR\",\"@id\":\"https:\\\/\\\/electricink.eu\\\/fr\\\/producto\\\/nano-pen-2-dermographe-nuance-rose\\\/#primaryimage\",\"url\":\"https:\\\/\\\/electricink.eu\\\/wp-content\\\/uploads\\\/2023\\\/12\\\/Nano_Pen_2_dermografo_Nuance_Electric_Ink_Rose_fire-1.jpg\",\"contentUrl\":\"https:\\\/\\\/electricink.eu\\\/wp-content\\\/uploads\\\/2023\\\/12\\\/Nano_Pen_2_dermografo_Nuance_Electric_Ink_Rose_fire-1.jpg\",\"width\":500,\"height\":500},{\"@type\":\"BreadcrumbList\",\"@id\":\"https:\\\/\\\/electricink.eu\\\/fr\\\/producto\\\/nano-pen-2-dermographe-nuance-rose\\\/#breadcrumb\",\"itemListElement\":[{\"@type\":\"ListItem\",\"position\":1,\"name\":\"Portada\",\"item\":\"https:\\\/\\\/electricink.eu\\\/fr\\\/home\\\/\"},{\"@type\":\"ListItem\",\"position\":2,\"name\":\"Boutique\",\"item\":\"https:\\\/\\\/electricink.eu\\\/tienda\\\/\"},{\"@type\":\"ListItem\",\"position\":3,\"name\":\"Nano Pen 2 &#8211; Dermographe Nuance &#8211; Rose\"}]},{\"@type\":\"WebSite\",\"@id\":\"https:\\\/\\\/electricink.eu\\\/#website\",\"url\":\"https:\\\/\\\/electricink.eu\\\/\",\"name\":\"Electric Ink\u00ae\",\"description\":\"Material para Tatuar Profesional en Europa - Electric Ink\u00ae\",\"potentialAction\":[{\"@type\":\"SearchAction\",\"target\":{\"@type\":\"EntryPoint\",\"urlTemplate\":\"https:\\\/\\\/electricink.eu\\\/?s={search_term_string}\"},\"query-input\":{\"@type\":\"PropertyValueSpecification\",\"valueRequired\":true,\"valueName\":\"search_term_string\"}}],\"inLanguage\":\"fr-FR\"}]}<\/script>\n<!-- \/ Yoast SEO plugin. -->","yoast_head_json":{"title":"Nano Pen 2 - Dermographe Nuance - Rose - Electric Ink\u00ae","robots":{"index":"index","follow":"follow","max-snippet":"max-snippet:-1","max-image-preview":"max-image-preview:large","max-video-preview":"max-video-preview:-1"},"canonical":"https:\/\/electricink.eu\/fr\/producto\/nano-pen-2-dermographe-nuance-rose\/","og_locale":"fr_FR","og_type":"article","og_title":"Nano Pen 2 - Dermographe Nuance - Rose - Electric Ink\u00ae","og_description":"Nano Pen Deux \u00e9l\u00e9ments ont \u00e9t\u00e9 d\u00e9terminants pour le succ\u00e8s de la Nano Pen Electric Ink d\u00e8s son lancement:* Grip d\u00e9tachable qui facilite l'asepsie* Le mouvement sinuso\u00efdal qui maintient l'aiguille dans la peau plus longtemps et rend la proc\u00e9dure de tatouage plus facile et plus rapide. Le Nano Pen conserve les principales qualit\u00e9s de sa s\u0153ur a\u00een\u00e9e, mais atteint un nouvel objectif: \u00eatre plus compacte. Cette r\u00e9duction de dimension a d\u00e9plac\u00e9 le centre de gravit\u00e9 de la machine pour la main du tatoueur, \u00e9liminant compl\u00e8tement l'effet de levier qui peut causer des douleurs au poignet apr\u00e8s des heures de travail. Ainsi, une machine avec un syst\u00e8me hautement efficace, silencieux et ergonomique pour le tatoueur. Cela lui permettra de travailler plus rapidement, plus confortablement et avec pr\u00e9cision. &nbsp;","og_url":"https:\/\/electricink.eu\/fr\/producto\/nano-pen-2-dermographe-nuance-rose\/","og_site_name":"Electric Ink\u00ae","article_modified_time":"2024-05-06T18:34:46+00:00","og_image":[{"width":500,"height":500,"url":"https:\/\/electricink.eu\/wp-content\/uploads\/2023\/12\/Nano_Pen_2_dermografo_Nuance_Electric_Ink_Rose_fire-1.jpg","type":"image\/jpeg"}],"twitter_card":"summary_large_image","twitter_misc":{"Dur\u00e9e de lecture estim\u00e9e":"1 minute"},"schema":{"@context":"https:\/\/schema.org","@graph":[{"@type":"WebPage","@id":"https:\/\/electricink.eu\/fr\/producto\/nano-pen-2-dermographe-nuance-rose\/","url":"https:\/\/electricink.eu\/fr\/producto\/nano-pen-2-dermographe-nuance-rose\/","name":"Nano Pen 2 - Dermographe Nuance - Rose - Electric Ink\u00ae","isPartOf":{"@id":"https:\/\/electricink.eu\/#website"},"primaryImageOfPage":{"@id":"https:\/\/electricink.eu\/fr\/producto\/nano-pen-2-dermographe-nuance-rose\/#primaryimage"},"image":{"@id":"https:\/\/electricink.eu\/fr\/producto\/nano-pen-2-dermographe-nuance-rose\/#primaryimage"},"thumbnailUrl":"https:\/\/electricink.eu\/wp-content\/uploads\/2023\/12\/Nano_Pen_2_dermografo_Nuance_Electric_Ink_Rose_fire-1.jpg","datePublished":"2023-12-14T00:19:24+00:00","dateModified":"2024-05-06T18:34:46+00:00","breadcrumb":{"@id":"https:\/\/electricink.eu\/fr\/producto\/nano-pen-2-dermographe-nuance-rose\/#breadcrumb"},"inLanguage":"fr-FR","potentialAction":[{"@type":"ReadAction","target":["https:\/\/electricink.eu\/fr\/producto\/nano-pen-2-dermographe-nuance-rose\/"]}]},{"@type":"ImageObject","inLanguage":"fr-FR","@id":"https:\/\/electricink.eu\/fr\/producto\/nano-pen-2-dermographe-nuance-rose\/#primaryimage","url":"https:\/\/electricink.eu\/wp-content\/uploads\/2023\/12\/Nano_Pen_2_dermografo_Nuance_Electric_Ink_Rose_fire-1.jpg","contentUrl":"https:\/\/electricink.eu\/wp-content\/uploads\/2023\/12\/Nano_Pen_2_dermografo_Nuance_Electric_Ink_Rose_fire-1.jpg","width":500,"height":500},{"@type":"BreadcrumbList","@id":"https:\/\/electricink.eu\/fr\/producto\/nano-pen-2-dermographe-nuance-rose\/#breadcrumb","itemListElement":[{"@type":"ListItem","position":1,"name":"Portada","item":"https:\/\/electricink.eu\/fr\/home\/"},{"@type":"ListItem","position":2,"name":"Boutique","item":"https:\/\/electricink.eu\/tienda\/"},{"@type":"ListItem","position":3,"name":"Nano Pen 2 &#8211; Dermographe Nuance &#8211; Rose"}]},{"@type":"WebSite","@id":"https:\/\/electricink.eu\/#website","url":"https:\/\/electricink.eu\/","name":"Electric Ink\u00ae","description":"Material para Tatuar Profesional en Europa - Electric Ink\u00ae","potentialAction":[{"@type":"SearchAction","target":{"@type":"EntryPoint","urlTemplate":"https:\/\/electricink.eu\/?s={search_term_string}"},"query-input":{"@type":"PropertyValueSpecification","valueRequired":true,"valueName":"search_term_string"}}],"inLanguage":"fr-FR"}]}},"_links":{"self":[{"href":"https:\/\/electricink.eu\/fr\/wp-json\/wp\/v2\/product\/37187","targetHints":{"allow":["GET"]}}],"collection":[{"href":"https:\/\/electricink.eu\/fr\/wp-json\/wp\/v2\/product"}],"about":[{"href":"https:\/\/electricink.eu\/fr\/wp-json\/wp\/v2\/types\/product"}],"replies":[{"embeddable":true,"href":"https:\/\/electricink.eu\/fr\/wp-json\/wp\/v2\/comments?post=37187"}],"wp:featuredmedia":[{"embeddable":true,"href":"https:\/\/electricink.eu\/fr\/wp-json\/wp\/v2\/media\/35075"}],"wp:attachment":[{"href":"https:\/\/electricink.eu\/fr\/wp-json\/wp\/v2\/media?parent=37187"}],"wp:term":[{"taxonomy":"product_brand","embeddable":true,"href":"https:\/\/electricink.eu\/fr\/wp-json\/wp\/v2\/product_brand?post=37187"},{"taxonomy":"product_cat","embeddable":true,"href":"https:\/\/electricink.eu\/fr\/wp-json\/wp\/v2\/product_cat?post=37187"},{"taxonomy":"product_tag","embeddable":true,"href":"https:\/\/electricink.eu\/fr\/wp-json\/wp\/v2\/product_tag?post=37187"}],"curies":[{"name":"wp","href":"https:\/\/api.w.org\/{rel}","templated":true}]}}