{"id":37191,"date":"2023-12-14T01:19:24","date_gmt":"2023-12-14T00:19:24","guid":{"rendered":"https:\/\/electricink.eu\/producto\/transverse-nano-course-4-0mm-noir-mat\/"},"modified":"2024-01-31T14:53:23","modified_gmt":"2024-01-31T13:53:23","slug":"transverse-nano-course-4-0mm-noir-mat","status":"publish","type":"product","link":"https:\/\/electricink.eu\/fr\/producto\/transverse-nano-course-4-0mm-noir-mat\/","title":{"rendered":"Transverse Nano &#8211;  course 4.0mm &#8211; Noir Mat"},"content":{"rendered":"<p><strong>&#8212;&#8212;&#8212;&#8212;&#8212;&#8212; Sp\u00e9cifications \/ Poids \/ Dimensions &#8212;&#8212;&#8212;&#8212;&#8212;&#8212;-<\/strong><\/p>\n<p>&#8211;\u00a0 Couleur: Noir mat<br \/>&#8211; Moteur : Mabuchi (japonais)<br \/>&#8211; Course : 4.0mm<\/p>\n<p>&#8211; Exposition de l&rsquo;aiguille: 0 \u00e0 5mm<br \/>&#8211; Connexion \u00e9lectrique : RCA<br \/>&#8211; Tension de fonctionnement : 7 \u00e0 11 volts<br \/>&#8211; Dimensions : 55 mm x 53 mm x 49 mm<br \/>&#8211; Poids : 92 grammes<\/p>\n<p><strong>&#8212;&#8212;&#8212;&#8212;&#8212;&#8212;&#8212; Articles inclus &#8212;&#8212;&#8212;&#8212;&#8212;&#8212;&#8211;<\/strong><\/p>\n<p>&#8211; 4 ressorts diff\u00e9renes et interchangeables pour le r\u00e9glage (1 ins\u00e9r\u00e9 + 3)<br \/>&#8211; Manuel d&rsquo;instructions<br \/>&#8211; Garantie du produit<br \/>* C\u00e2ble RCA non inclus<\/p>\n<p><strong>&#8212;&#8212;&#8212;&#8212;&#8212;&#8212;&#8212; Garantie du produit &#8212;&#8212;&#8212;&#8212;&#8212;&#8212;&#8212;-<\/strong><\/p>\n<p>La p\u00e9riode de garantie offerte par Electric Ink suit les r\u00e9glementations europ\u00e9ennes en vigueur. La garantie d&rsquo;Electric Ink contre les d\u00e9fauts de fabrication commence \u00e0 compter \u00e0 partir de l&rsquo;achat du produit par le consommateur, v\u00e9rifi\u00e9 au moyen de la facture d&rsquo;achat de l&rsquo;article respectif.<\/p>\n<p><strong>&#8212;&#8212;&#8212;&#8212;&#8212;&#8212;&#8212; Assistance technique &#8212;&#8212;&#8212;&#8212;&#8212;&#8212;&#8212;&#8212;-<\/strong><\/p>\n<p>Contact par e-mail via info@electric.local<\/p>\n<p>&nbsp;<\/p>\n","protected":false},"excerpt":{"rendered":"<p>TRANSVERSE NANO Electric Ink course 4.0mm:<\/p>\n<p>Si vous avez d\u00e9j\u00e1 travaill\u00e9 avec de nombreuses machines \u00e0 tatouer et que vous \u00eates fatigu\u00e9(e) de sauter entre les bobines et les rotatives, vous devez d\u00e9couvrir la\u00a0 Transverse Nano Rotative Electric Ink.<\/p>\n<p>Des ann\u00e9es d\u2019\u00e9tudes nous ont permis de cr\u00e9er un outil sp\u00e9cial aussi performant en Tra\u00e7age qu&rsquo;en Remplissage. Elle a la capacit\u00e9 de faire des traits rapides et extr\u00eamement pr\u00e9cis, combin\u00e9s \u00e0 la force de remplir avec des aiguilles de toutes tailles.<\/p>\n<p>Transverse Nano vous transformera en une vraie machine! Le plaisir du tatouage et la rapidit\u00e9 qu\u2019elle apporte \u00e0 votre travail vont changer votre perception de la vie quotidienne.<\/p>\n<p>Avec Transverse Nano, vous n&rsquo;avez jamais besoin de changer de machine pendant une session.<\/p>\n<p>Travaillez mieux et plus vite! Laissez Transverse Nano exploiter tous vos talents!<\/p>\n<p>&gt; Une plus grande pr\u00e9cision des lignes, qu&rsquo;elles soient fines ou \u00e9paisses<br \/>&gt; Exceptionnellement robuste, vous permet de tatouer avec n&rsquo;importe quel nombre d&rsquo;aiguilles<br \/>&gt; Sessions plus rapides<br \/>&gt; Extr\u00eamement polyvalente, peut \u00eatre utilis\u00e9e avec tout type d&rsquo;aiguille ou de cartouche.<\/p>\n","protected":false},"featured_media":35119,"comment_status":"closed","ping_status":"closed","template":"","meta":{"_acf_changed":false,"_et_pb_use_builder":"","_et_pb_old_content":"","_et_gb_content_width":"","inline_featured_image":false},"product_brand":[],"product_cat":[808,817,820],"product_tag":[],"class_list":{"0":"post-37191","1":"product","2":"type-product","3":"status-publish","4":"has-post-thumbnail","6":"product_cat-tattoo-fr","7":"product_cat-machine-a-tatouer","8":"product_cat-machines-rotatives","10":"first","11":"outofstock","12":"taxable","13":"shipping-taxable","14":"purchasable","15":"product-type-simple"},"acf":[],"yoast_head":"<!-- This site is optimized with the Yoast SEO plugin v27.4 - https:\/\/yoast.com\/product\/yoast-seo-wordpress\/ -->\n<title>Transverse Nano - course 4.0mm - Noir Mat - Electric Ink\u00ae<\/title>\n<meta name=\"robots\" content=\"index, follow, max-snippet:-1, max-image-preview:large, max-video-preview:-1\" \/>\n<link rel=\"canonical\" href=\"https:\/\/electricink.eu\/fr\/producto\/transverse-nano-course-4-0mm-noir-mat\/\" \/>\n<meta property=\"og:locale\" content=\"fr_FR\" \/>\n<meta property=\"og:type\" content=\"article\" \/>\n<meta property=\"og:title\" content=\"Transverse Nano - course 4.0mm - Noir Mat - Electric Ink\u00ae\" \/>\n<meta property=\"og:description\" content=\"TRANSVERSE NANO Electric Ink course 4.0mm: Si vous avez d\u00e9j\u00e1 travaill\u00e9 avec de nombreuses machines \u00e0 tatouer et que vous \u00eates fatigu\u00e9(e) de sauter entre les bobines et les rotatives, vous devez d\u00e9couvrir la\u00a0 Transverse Nano Rotative Electric Ink. Des ann\u00e9es d\u2019\u00e9tudes nous ont permis de cr\u00e9er un outil sp\u00e9cial aussi performant en Tra\u00e7age qu&#039;en Remplissage. Elle a la capacit\u00e9 de faire des traits rapides et extr\u00eamement pr\u00e9cis, combin\u00e9s \u00e0 la force de remplir avec des aiguilles de toutes tailles. Transverse Nano vous transformera en une vraie machine! Le plaisir du tatouage et la rapidit\u00e9 qu\u2019elle apporte \u00e0 votre travail vont changer votre perception de la vie quotidienne. Avec Transverse Nano, vous n&#039;avez jamais besoin de changer de machine pendant une session. Travaillez mieux et plus vite! Laissez Transverse Nano exploiter tous vos talents! &gt; Une plus grande pr\u00e9cision des lignes, qu&#039;elles soient fines ou \u00e9paisses&gt; Exceptionnellement robuste, vous permet de tatouer avec n&#039;importe quel nombre d&#039;aiguilles&gt; Sessions plus rapides&gt; Extr\u00eamement polyvalente, peut \u00eatre utilis\u00e9e avec tout type d&#039;aiguille ou de cartouche.\" \/>\n<meta property=\"og:url\" content=\"https:\/\/electricink.eu\/fr\/producto\/transverse-nano-course-4-0mm-noir-mat\/\" \/>\n<meta property=\"og:site_name\" content=\"Electric Ink\u00ae\" \/>\n<meta property=\"article:modified_time\" content=\"2024-01-31T13:53:23+00:00\" \/>\n<meta property=\"og:image\" content=\"https:\/\/electricink.eu\/wp-content\/uploads\/2023\/12\/Transverse_Nano_4mm_Tattoo_Machine_Electric_Ink-1.jpg\" \/>\n\t<meta property=\"og:image:width\" content=\"500\" \/>\n\t<meta property=\"og:image:height\" content=\"500\" \/>\n\t<meta property=\"og:image:type\" content=\"image\/jpeg\" \/>\n<meta name=\"twitter:card\" content=\"summary_large_image\" \/>\n<meta name=\"twitter:label1\" content=\"Dur\u00e9e de lecture estim\u00e9e\" \/>\n\t<meta name=\"twitter:data1\" content=\"1 minute\" \/>\n<script type=\"application\/ld+json\" class=\"yoast-schema-graph\">{\"@context\":\"https:\\\/\\\/schema.org\",\"@graph\":[{\"@type\":\"WebPage\",\"@id\":\"https:\\\/\\\/electricink.eu\\\/fr\\\/producto\\\/transverse-nano-course-4-0mm-noir-mat\\\/\",\"url\":\"https:\\\/\\\/electricink.eu\\\/fr\\\/producto\\\/transverse-nano-course-4-0mm-noir-mat\\\/\",\"name\":\"Transverse Nano - course 4.0mm - Noir Mat - Electric Ink\u00ae\",\"isPartOf\":{\"@id\":\"https:\\\/\\\/electricink.eu\\\/#website\"},\"primaryImageOfPage\":{\"@id\":\"https:\\\/\\\/electricink.eu\\\/fr\\\/producto\\\/transverse-nano-course-4-0mm-noir-mat\\\/#primaryimage\"},\"image\":{\"@id\":\"https:\\\/\\\/electricink.eu\\\/fr\\\/producto\\\/transverse-nano-course-4-0mm-noir-mat\\\/#primaryimage\"},\"thumbnailUrl\":\"https:\\\/\\\/electricink.eu\\\/wp-content\\\/uploads\\\/2023\\\/12\\\/Transverse_Nano_4mm_Tattoo_Machine_Electric_Ink-1.jpg\",\"datePublished\":\"2023-12-14T00:19:24+00:00\",\"dateModified\":\"2024-01-31T13:53:23+00:00\",\"breadcrumb\":{\"@id\":\"https:\\\/\\\/electricink.eu\\\/fr\\\/producto\\\/transverse-nano-course-4-0mm-noir-mat\\\/#breadcrumb\"},\"inLanguage\":\"fr-FR\",\"potentialAction\":[{\"@type\":\"ReadAction\",\"target\":[\"https:\\\/\\\/electricink.eu\\\/fr\\\/producto\\\/transverse-nano-course-4-0mm-noir-mat\\\/\"]}]},{\"@type\":\"ImageObject\",\"inLanguage\":\"fr-FR\",\"@id\":\"https:\\\/\\\/electricink.eu\\\/fr\\\/producto\\\/transverse-nano-course-4-0mm-noir-mat\\\/#primaryimage\",\"url\":\"https:\\\/\\\/electricink.eu\\\/wp-content\\\/uploads\\\/2023\\\/12\\\/Transverse_Nano_4mm_Tattoo_Machine_Electric_Ink-1.jpg\",\"contentUrl\":\"https:\\\/\\\/electricink.eu\\\/wp-content\\\/uploads\\\/2023\\\/12\\\/Transverse_Nano_4mm_Tattoo_Machine_Electric_Ink-1.jpg\",\"width\":500,\"height\":500},{\"@type\":\"BreadcrumbList\",\"@id\":\"https:\\\/\\\/electricink.eu\\\/fr\\\/producto\\\/transverse-nano-course-4-0mm-noir-mat\\\/#breadcrumb\",\"itemListElement\":[{\"@type\":\"ListItem\",\"position\":1,\"name\":\"Portada\",\"item\":\"https:\\\/\\\/electricink.eu\\\/fr\\\/home\\\/\"},{\"@type\":\"ListItem\",\"position\":2,\"name\":\"Boutique\",\"item\":\"https:\\\/\\\/electricink.eu\\\/tienda\\\/\"},{\"@type\":\"ListItem\",\"position\":3,\"name\":\"Transverse Nano &#8211; course 4.0mm &#8211; Noir Mat\"}]},{\"@type\":\"WebSite\",\"@id\":\"https:\\\/\\\/electricink.eu\\\/#website\",\"url\":\"https:\\\/\\\/electricink.eu\\\/\",\"name\":\"Electric Ink\u00ae\",\"description\":\"Material para Tatuar Profesional en Europa - Electric Ink\u00ae\",\"potentialAction\":[{\"@type\":\"SearchAction\",\"target\":{\"@type\":\"EntryPoint\",\"urlTemplate\":\"https:\\\/\\\/electricink.eu\\\/?s={search_term_string}\"},\"query-input\":{\"@type\":\"PropertyValueSpecification\",\"valueRequired\":true,\"valueName\":\"search_term_string\"}}],\"inLanguage\":\"fr-FR\"}]}<\/script>\n<!-- \/ Yoast SEO plugin. -->","yoast_head_json":{"title":"Transverse Nano - course 4.0mm - Noir Mat - Electric Ink\u00ae","robots":{"index":"index","follow":"follow","max-snippet":"max-snippet:-1","max-image-preview":"max-image-preview:large","max-video-preview":"max-video-preview:-1"},"canonical":"https:\/\/electricink.eu\/fr\/producto\/transverse-nano-course-4-0mm-noir-mat\/","og_locale":"fr_FR","og_type":"article","og_title":"Transverse Nano - course 4.0mm - Noir Mat - Electric Ink\u00ae","og_description":"TRANSVERSE NANO Electric Ink course 4.0mm: Si vous avez d\u00e9j\u00e1 travaill\u00e9 avec de nombreuses machines \u00e0 tatouer et que vous \u00eates fatigu\u00e9(e) de sauter entre les bobines et les rotatives, vous devez d\u00e9couvrir la\u00a0 Transverse Nano Rotative Electric Ink. Des ann\u00e9es d\u2019\u00e9tudes nous ont permis de cr\u00e9er un outil sp\u00e9cial aussi performant en Tra\u00e7age qu'en Remplissage. Elle a la capacit\u00e9 de faire des traits rapides et extr\u00eamement pr\u00e9cis, combin\u00e9s \u00e0 la force de remplir avec des aiguilles de toutes tailles. Transverse Nano vous transformera en une vraie machine! Le plaisir du tatouage et la rapidit\u00e9 qu\u2019elle apporte \u00e0 votre travail vont changer votre perception de la vie quotidienne. Avec Transverse Nano, vous n'avez jamais besoin de changer de machine pendant une session. Travaillez mieux et plus vite! Laissez Transverse Nano exploiter tous vos talents! &gt; Une plus grande pr\u00e9cision des lignes, qu'elles soient fines ou \u00e9paisses&gt; Exceptionnellement robuste, vous permet de tatouer avec n'importe quel nombre d'aiguilles&gt; Sessions plus rapides&gt; Extr\u00eamement polyvalente, peut \u00eatre utilis\u00e9e avec tout type d'aiguille ou de cartouche.","og_url":"https:\/\/electricink.eu\/fr\/producto\/transverse-nano-course-4-0mm-noir-mat\/","og_site_name":"Electric Ink\u00ae","article_modified_time":"2024-01-31T13:53:23+00:00","og_image":[{"width":500,"height":500,"url":"https:\/\/electricink.eu\/wp-content\/uploads\/2023\/12\/Transverse_Nano_4mm_Tattoo_Machine_Electric_Ink-1.jpg","type":"image\/jpeg"}],"twitter_card":"summary_large_image","twitter_misc":{"Dur\u00e9e de lecture estim\u00e9e":"1 minute"},"schema":{"@context":"https:\/\/schema.org","@graph":[{"@type":"WebPage","@id":"https:\/\/electricink.eu\/fr\/producto\/transverse-nano-course-4-0mm-noir-mat\/","url":"https:\/\/electricink.eu\/fr\/producto\/transverse-nano-course-4-0mm-noir-mat\/","name":"Transverse Nano - course 4.0mm - Noir Mat - Electric Ink\u00ae","isPartOf":{"@id":"https:\/\/electricink.eu\/#website"},"primaryImageOfPage":{"@id":"https:\/\/electricink.eu\/fr\/producto\/transverse-nano-course-4-0mm-noir-mat\/#primaryimage"},"image":{"@id":"https:\/\/electricink.eu\/fr\/producto\/transverse-nano-course-4-0mm-noir-mat\/#primaryimage"},"thumbnailUrl":"https:\/\/electricink.eu\/wp-content\/uploads\/2023\/12\/Transverse_Nano_4mm_Tattoo_Machine_Electric_Ink-1.jpg","datePublished":"2023-12-14T00:19:24+00:00","dateModified":"2024-01-31T13:53:23+00:00","breadcrumb":{"@id":"https:\/\/electricink.eu\/fr\/producto\/transverse-nano-course-4-0mm-noir-mat\/#breadcrumb"},"inLanguage":"fr-FR","potentialAction":[{"@type":"ReadAction","target":["https:\/\/electricink.eu\/fr\/producto\/transverse-nano-course-4-0mm-noir-mat\/"]}]},{"@type":"ImageObject","inLanguage":"fr-FR","@id":"https:\/\/electricink.eu\/fr\/producto\/transverse-nano-course-4-0mm-noir-mat\/#primaryimage","url":"https:\/\/electricink.eu\/wp-content\/uploads\/2023\/12\/Transverse_Nano_4mm_Tattoo_Machine_Electric_Ink-1.jpg","contentUrl":"https:\/\/electricink.eu\/wp-content\/uploads\/2023\/12\/Transverse_Nano_4mm_Tattoo_Machine_Electric_Ink-1.jpg","width":500,"height":500},{"@type":"BreadcrumbList","@id":"https:\/\/electricink.eu\/fr\/producto\/transverse-nano-course-4-0mm-noir-mat\/#breadcrumb","itemListElement":[{"@type":"ListItem","position":1,"name":"Portada","item":"https:\/\/electricink.eu\/fr\/home\/"},{"@type":"ListItem","position":2,"name":"Boutique","item":"https:\/\/electricink.eu\/tienda\/"},{"@type":"ListItem","position":3,"name":"Transverse Nano &#8211; course 4.0mm &#8211; Noir Mat"}]},{"@type":"WebSite","@id":"https:\/\/electricink.eu\/#website","url":"https:\/\/electricink.eu\/","name":"Electric Ink\u00ae","description":"Material para Tatuar Profesional en Europa - Electric Ink\u00ae","potentialAction":[{"@type":"SearchAction","target":{"@type":"EntryPoint","urlTemplate":"https:\/\/electricink.eu\/?s={search_term_string}"},"query-input":{"@type":"PropertyValueSpecification","valueRequired":true,"valueName":"search_term_string"}}],"inLanguage":"fr-FR"}]}},"_links":{"self":[{"href":"https:\/\/electricink.eu\/fr\/wp-json\/wp\/v2\/product\/37191","targetHints":{"allow":["GET"]}}],"collection":[{"href":"https:\/\/electricink.eu\/fr\/wp-json\/wp\/v2\/product"}],"about":[{"href":"https:\/\/electricink.eu\/fr\/wp-json\/wp\/v2\/types\/product"}],"replies":[{"embeddable":true,"href":"https:\/\/electricink.eu\/fr\/wp-json\/wp\/v2\/comments?post=37191"}],"wp:featuredmedia":[{"embeddable":true,"href":"https:\/\/electricink.eu\/fr\/wp-json\/wp\/v2\/media\/35119"}],"wp:attachment":[{"href":"https:\/\/electricink.eu\/fr\/wp-json\/wp\/v2\/media?parent=37191"}],"wp:term":[{"taxonomy":"product_brand","embeddable":true,"href":"https:\/\/electricink.eu\/fr\/wp-json\/wp\/v2\/product_brand?post=37191"},{"taxonomy":"product_cat","embeddable":true,"href":"https:\/\/electricink.eu\/fr\/wp-json\/wp\/v2\/product_cat?post=37191"},{"taxonomy":"product_tag","embeddable":true,"href":"https:\/\/electricink.eu\/fr\/wp-json\/wp\/v2\/product_tag?post=37191"}],"curies":[{"name":"wp","href":"https:\/\/api.w.org\/{rel}","templated":true}]}}