{"id":37200,"date":"2023-12-14T01:19:24","date_gmt":"2023-12-14T00:19:24","guid":{"rendered":"https:\/\/electricink.eu\/producto\/electra-driller-noir-mat-grip-30mm\/"},"modified":"2024-01-31T14:46:53","modified_gmt":"2024-01-31T13:46:53","slug":"electra-driller-noir-mat-grip-30mm","status":"publish","type":"product","link":"https:\/\/electricink.eu\/fr\/producto\/electra-driller-noir-mat-grip-30mm\/","title":{"rendered":"Electra Driller &#8211; Noir mat &#8211; grip 30mm"},"content":{"rendered":"<p><strong>&#8212;&#8212;&#8212;&#8212;&#8212;&#8212;- Sp\u00e9cifications \/ Poids \/ Dimensions &#8212;&#8212;&#8212;&#8212;&#8212;&#8212;-<\/strong><\/p>\n<p>&#8211; Moteur: Mabuchi<\/p>\n<p>&#8211; Tension de fonctionnement: 6 \u00e0 12 volts<\/p>\n<p>&#8211; D\u00e9battement: 3,2 mm<\/p>\n<p>&#8211; Exposition de l&rsquo;aiguille: 0-5mm<\/p>\n<p>&#8211; Connexion \u00e9lectrique: RCA<\/p>\n<p>&#8211; Poids: 104 grammes<\/p>\n<p>&#8211; Dimensions: 72x29x50mm<\/p>\n<p><strong>&#8212;&#8212;&#8212;&#8212;&#8212;&#8212;&#8212;&#8212;&#8212;&#8212;- Articles inclus &#8212;&#8212;&#8212;&#8212;&#8212;&#8212;&#8212;&#8212;&#8212;<\/strong><\/p>\n<p>&#8211; 01 machine Electra Driller<\/p>\n<p>&#8211; Grip Genesis de 30 mm<\/p>\n<p>&#8211; Manuel d&rsquo;instructions<\/p>\n<p>&#8211; CABLE NON INCLUS<\/p>\n<p><strong>Garantie du produit:<\/strong> La p\u00e9riode de garantie offerte par Electric Ink suit les r\u00e9glementations europ\u00e9ennes en vigueur. La garantie d&rsquo;Electric Ink contre les d\u00e9fauts de fabrication commence \u00e0 partir de l&rsquo;achat du produit par le consommateur, v\u00e9rifi\u00e9 via la facture d&rsquo;achat de l&rsquo;article concern\u00e9.<\/p>\n<p><strong>Assistance technique:<\/strong> contact par mail:\u00a0 info@electric.local<\/p>\n","protected":false},"excerpt":{"rendered":"<p>Electra Driller + Grip Genesis: l&rsquo;\u00e9quilibre parfait pour r\u00e9aliser votre travail.<\/p>\n<p>L&rsquo;Electra Driller a \u00e9t\u00e9 d\u00e9velopp\u00e9e pour \u00eatre utilis\u00e9e avec le Grip Genesis afin que l&rsquo;artiste puisse trouver l&rsquo;\u00e9quilibre parfait de l&rsquo;\u00e9quipement entre ses mains. La machine, plus l\u00e9g\u00e8re, avec le Grip, plus lourd, \u00e9quilibre le poids (centre de gravit\u00e9 ax\u00e9 sur le grip), g\u00e9n\u00e9rant un rythme \u00e9tonnamment fort, permettant \u00e0 l&rsquo;artiste une plus grande aisance et contr\u00f4le. La machine dispose d&rsquo;un syst\u00e8me de vilebrequin qui compense les vibrations tout en cr\u00e9ant plus d&rsquo;impact sur l&rsquo;aiguille.<\/p>\n<p>Avec le Grip Genesis le tatoueur peut r\u00e9gler l&rsquo;exposition de l&rsquo;aiguille jusqu&rsquo;\u00e0 5 mm. Le Grip dispose \u00e9galement d&rsquo;un syst\u00e8me de direction pour que les cartouches restent toujours dans la m\u00eame position, les emp\u00eachant de tourner pendant le r\u00e9glage.<\/p>\n","protected":false},"featured_media":39341,"comment_status":"closed","ping_status":"closed","template":"","meta":{"_acf_changed":false,"_et_pb_use_builder":"","_et_pb_old_content":"","_et_gb_content_width":"","inline_featured_image":false},"product_brand":[],"product_cat":[808,817,820],"product_tag":[],"class_list":{"0":"post-37200","1":"product","2":"type-product","3":"status-publish","4":"has-post-thumbnail","6":"product_cat-tattoo-fr","7":"product_cat-machine-a-tatouer","8":"product_cat-machines-rotatives","10":"first","11":"outofstock","12":"taxable","13":"shipping-taxable","14":"purchasable","15":"product-type-simple"},"acf":[],"yoast_head":"<!-- This site is optimized with the Yoast SEO plugin v27.4 - https:\/\/yoast.com\/product\/yoast-seo-wordpress\/ -->\n<title>Electra Driller - Noir mat - grip 30mm - Electric Ink\u00ae<\/title>\n<meta name=\"robots\" content=\"index, follow, max-snippet:-1, max-image-preview:large, max-video-preview:-1\" \/>\n<link rel=\"canonical\" href=\"https:\/\/electricink.eu\/fr\/producto\/electra-driller-noir-mat-grip-30mm\/\" \/>\n<meta property=\"og:locale\" content=\"fr_FR\" \/>\n<meta property=\"og:type\" content=\"article\" \/>\n<meta property=\"og:title\" content=\"Electra Driller - Noir mat - grip 30mm - Electric Ink\u00ae\" \/>\n<meta property=\"og:description\" content=\"Electra Driller + Grip Genesis: l&#039;\u00e9quilibre parfait pour r\u00e9aliser votre travail. L&#039;Electra Driller a \u00e9t\u00e9 d\u00e9velopp\u00e9e pour \u00eatre utilis\u00e9e avec le Grip Genesis afin que l&#039;artiste puisse trouver l&#039;\u00e9quilibre parfait de l&#039;\u00e9quipement entre ses mains. La machine, plus l\u00e9g\u00e8re, avec le Grip, plus lourd, \u00e9quilibre le poids (centre de gravit\u00e9 ax\u00e9 sur le grip), g\u00e9n\u00e9rant un rythme \u00e9tonnamment fort, permettant \u00e0 l&#039;artiste une plus grande aisance et contr\u00f4le. La machine dispose d&#039;un syst\u00e8me de vilebrequin qui compense les vibrations tout en cr\u00e9ant plus d&#039;impact sur l&#039;aiguille. Avec le Grip Genesis le tatoueur peut r\u00e9gler l&#039;exposition de l&#039;aiguille jusqu&#039;\u00e0 5 mm. Le Grip dispose \u00e9galement d&#039;un syst\u00e8me de direction pour que les cartouches restent toujours dans la m\u00eame position, les emp\u00eachant de tourner pendant le r\u00e9glage.\" \/>\n<meta property=\"og:url\" content=\"https:\/\/electricink.eu\/fr\/producto\/electra-driller-noir-mat-grip-30mm\/\" \/>\n<meta property=\"og:site_name\" content=\"Electric Ink\u00ae\" \/>\n<meta property=\"article:modified_time\" content=\"2024-01-31T13:46:53+00:00\" \/>\n<meta property=\"og:image\" content=\"https:\/\/electricink.eu\/wp-content\/uploads\/2023\/10\/Electra_Driller_Maquina_Tatuaje_grip_30mm-4.jpg\" \/>\n\t<meta property=\"og:image:width\" content=\"1024\" \/>\n\t<meta property=\"og:image:height\" content=\"1024\" \/>\n\t<meta property=\"og:image:type\" content=\"image\/jpeg\" \/>\n<meta name=\"twitter:card\" content=\"summary_large_image\" \/>\n<meta name=\"twitter:label1\" content=\"Dur\u00e9e de lecture estim\u00e9e\" \/>\n\t<meta name=\"twitter:data1\" content=\"1 minute\" \/>\n<script type=\"application\/ld+json\" class=\"yoast-schema-graph\">{\"@context\":\"https:\\\/\\\/schema.org\",\"@graph\":[{\"@type\":\"WebPage\",\"@id\":\"https:\\\/\\\/electricink.eu\\\/fr\\\/producto\\\/electra-driller-noir-mat-grip-30mm\\\/\",\"url\":\"https:\\\/\\\/electricink.eu\\\/fr\\\/producto\\\/electra-driller-noir-mat-grip-30mm\\\/\",\"name\":\"Electra Driller - Noir mat - grip 30mm - Electric Ink\u00ae\",\"isPartOf\":{\"@id\":\"https:\\\/\\\/electricink.eu\\\/#website\"},\"primaryImageOfPage\":{\"@id\":\"https:\\\/\\\/electricink.eu\\\/fr\\\/producto\\\/electra-driller-noir-mat-grip-30mm\\\/#primaryimage\"},\"image\":{\"@id\":\"https:\\\/\\\/electricink.eu\\\/fr\\\/producto\\\/electra-driller-noir-mat-grip-30mm\\\/#primaryimage\"},\"thumbnailUrl\":\"https:\\\/\\\/electricink.eu\\\/wp-content\\\/uploads\\\/2023\\\/12\\\/Electra_Driller_Maquina_Tatuaje_grip_30mm-1-3.jpg\",\"datePublished\":\"2023-12-14T00:19:24+00:00\",\"dateModified\":\"2024-01-31T13:46:53+00:00\",\"breadcrumb\":{\"@id\":\"https:\\\/\\\/electricink.eu\\\/fr\\\/producto\\\/electra-driller-noir-mat-grip-30mm\\\/#breadcrumb\"},\"inLanguage\":\"fr-FR\",\"potentialAction\":[{\"@type\":\"ReadAction\",\"target\":[\"https:\\\/\\\/electricink.eu\\\/fr\\\/producto\\\/electra-driller-noir-mat-grip-30mm\\\/\"]}]},{\"@type\":\"ImageObject\",\"inLanguage\":\"fr-FR\",\"@id\":\"https:\\\/\\\/electricink.eu\\\/fr\\\/producto\\\/electra-driller-noir-mat-grip-30mm\\\/#primaryimage\",\"url\":\"https:\\\/\\\/electricink.eu\\\/wp-content\\\/uploads\\\/2023\\\/12\\\/Electra_Driller_Maquina_Tatuaje_grip_30mm-1-3.jpg\",\"contentUrl\":\"https:\\\/\\\/electricink.eu\\\/wp-content\\\/uploads\\\/2023\\\/12\\\/Electra_Driller_Maquina_Tatuaje_grip_30mm-1-3.jpg\",\"width\":500,\"height\":500},{\"@type\":\"BreadcrumbList\",\"@id\":\"https:\\\/\\\/electricink.eu\\\/fr\\\/producto\\\/electra-driller-noir-mat-grip-30mm\\\/#breadcrumb\",\"itemListElement\":[{\"@type\":\"ListItem\",\"position\":1,\"name\":\"Portada\",\"item\":\"https:\\\/\\\/electricink.eu\\\/fr\\\/home\\\/\"},{\"@type\":\"ListItem\",\"position\":2,\"name\":\"Boutique\",\"item\":\"https:\\\/\\\/electricink.eu\\\/tienda\\\/\"},{\"@type\":\"ListItem\",\"position\":3,\"name\":\"Electra Driller &#8211; Noir mat &#8211; grip 30mm\"}]},{\"@type\":\"WebSite\",\"@id\":\"https:\\\/\\\/electricink.eu\\\/#website\",\"url\":\"https:\\\/\\\/electricink.eu\\\/\",\"name\":\"Electric Ink\u00ae\",\"description\":\"Material para Tatuar Profesional en Europa - Electric Ink\u00ae\",\"potentialAction\":[{\"@type\":\"SearchAction\",\"target\":{\"@type\":\"EntryPoint\",\"urlTemplate\":\"https:\\\/\\\/electricink.eu\\\/?s={search_term_string}\"},\"query-input\":{\"@type\":\"PropertyValueSpecification\",\"valueRequired\":true,\"valueName\":\"search_term_string\"}}],\"inLanguage\":\"fr-FR\"}]}<\/script>\n<!-- \/ Yoast SEO plugin. -->","yoast_head_json":{"title":"Electra Driller - Noir mat - grip 30mm - Electric Ink\u00ae","robots":{"index":"index","follow":"follow","max-snippet":"max-snippet:-1","max-image-preview":"max-image-preview:large","max-video-preview":"max-video-preview:-1"},"canonical":"https:\/\/electricink.eu\/fr\/producto\/electra-driller-noir-mat-grip-30mm\/","og_locale":"fr_FR","og_type":"article","og_title":"Electra Driller - Noir mat - grip 30mm - Electric Ink\u00ae","og_description":"Electra Driller + Grip Genesis: l'\u00e9quilibre parfait pour r\u00e9aliser votre travail. L'Electra Driller a \u00e9t\u00e9 d\u00e9velopp\u00e9e pour \u00eatre utilis\u00e9e avec le Grip Genesis afin que l'artiste puisse trouver l'\u00e9quilibre parfait de l'\u00e9quipement entre ses mains. La machine, plus l\u00e9g\u00e8re, avec le Grip, plus lourd, \u00e9quilibre le poids (centre de gravit\u00e9 ax\u00e9 sur le grip), g\u00e9n\u00e9rant un rythme \u00e9tonnamment fort, permettant \u00e0 l'artiste une plus grande aisance et contr\u00f4le. La machine dispose d'un syst\u00e8me de vilebrequin qui compense les vibrations tout en cr\u00e9ant plus d'impact sur l'aiguille. Avec le Grip Genesis le tatoueur peut r\u00e9gler l'exposition de l'aiguille jusqu'\u00e0 5 mm. Le Grip dispose \u00e9galement d'un syst\u00e8me de direction pour que les cartouches restent toujours dans la m\u00eame position, les emp\u00eachant de tourner pendant le r\u00e9glage.","og_url":"https:\/\/electricink.eu\/fr\/producto\/electra-driller-noir-mat-grip-30mm\/","og_site_name":"Electric Ink\u00ae","article_modified_time":"2024-01-31T13:46:53+00:00","og_image":[{"width":1024,"height":1024,"url":"https:\/\/electricink.eu\/wp-content\/uploads\/2023\/10\/Electra_Driller_Maquina_Tatuaje_grip_30mm-4.jpg","type":"image\/jpeg"}],"twitter_card":"summary_large_image","twitter_misc":{"Dur\u00e9e de lecture estim\u00e9e":"1 minute"},"schema":{"@context":"https:\/\/schema.org","@graph":[{"@type":"WebPage","@id":"https:\/\/electricink.eu\/fr\/producto\/electra-driller-noir-mat-grip-30mm\/","url":"https:\/\/electricink.eu\/fr\/producto\/electra-driller-noir-mat-grip-30mm\/","name":"Electra Driller - Noir mat - grip 30mm - Electric Ink\u00ae","isPartOf":{"@id":"https:\/\/electricink.eu\/#website"},"primaryImageOfPage":{"@id":"https:\/\/electricink.eu\/fr\/producto\/electra-driller-noir-mat-grip-30mm\/#primaryimage"},"image":{"@id":"https:\/\/electricink.eu\/fr\/producto\/electra-driller-noir-mat-grip-30mm\/#primaryimage"},"thumbnailUrl":"https:\/\/electricink.eu\/wp-content\/uploads\/2023\/12\/Electra_Driller_Maquina_Tatuaje_grip_30mm-1-3.jpg","datePublished":"2023-12-14T00:19:24+00:00","dateModified":"2024-01-31T13:46:53+00:00","breadcrumb":{"@id":"https:\/\/electricink.eu\/fr\/producto\/electra-driller-noir-mat-grip-30mm\/#breadcrumb"},"inLanguage":"fr-FR","potentialAction":[{"@type":"ReadAction","target":["https:\/\/electricink.eu\/fr\/producto\/electra-driller-noir-mat-grip-30mm\/"]}]},{"@type":"ImageObject","inLanguage":"fr-FR","@id":"https:\/\/electricink.eu\/fr\/producto\/electra-driller-noir-mat-grip-30mm\/#primaryimage","url":"https:\/\/electricink.eu\/wp-content\/uploads\/2023\/12\/Electra_Driller_Maquina_Tatuaje_grip_30mm-1-3.jpg","contentUrl":"https:\/\/electricink.eu\/wp-content\/uploads\/2023\/12\/Electra_Driller_Maquina_Tatuaje_grip_30mm-1-3.jpg","width":500,"height":500},{"@type":"BreadcrumbList","@id":"https:\/\/electricink.eu\/fr\/producto\/electra-driller-noir-mat-grip-30mm\/#breadcrumb","itemListElement":[{"@type":"ListItem","position":1,"name":"Portada","item":"https:\/\/electricink.eu\/fr\/home\/"},{"@type":"ListItem","position":2,"name":"Boutique","item":"https:\/\/electricink.eu\/tienda\/"},{"@type":"ListItem","position":3,"name":"Electra Driller &#8211; Noir mat &#8211; grip 30mm"}]},{"@type":"WebSite","@id":"https:\/\/electricink.eu\/#website","url":"https:\/\/electricink.eu\/","name":"Electric Ink\u00ae","description":"Material para Tatuar Profesional en Europa - Electric Ink\u00ae","potentialAction":[{"@type":"SearchAction","target":{"@type":"EntryPoint","urlTemplate":"https:\/\/electricink.eu\/?s={search_term_string}"},"query-input":{"@type":"PropertyValueSpecification","valueRequired":true,"valueName":"search_term_string"}}],"inLanguage":"fr-FR"}]}},"_links":{"self":[{"href":"https:\/\/electricink.eu\/fr\/wp-json\/wp\/v2\/product\/37200","targetHints":{"allow":["GET"]}}],"collection":[{"href":"https:\/\/electricink.eu\/fr\/wp-json\/wp\/v2\/product"}],"about":[{"href":"https:\/\/electricink.eu\/fr\/wp-json\/wp\/v2\/types\/product"}],"replies":[{"embeddable":true,"href":"https:\/\/electricink.eu\/fr\/wp-json\/wp\/v2\/comments?post=37200"}],"wp:featuredmedia":[{"embeddable":true,"href":"https:\/\/electricink.eu\/fr\/wp-json\/wp\/v2\/media\/39341"}],"wp:attachment":[{"href":"https:\/\/electricink.eu\/fr\/wp-json\/wp\/v2\/media?parent=37200"}],"wp:term":[{"taxonomy":"product_brand","embeddable":true,"href":"https:\/\/electricink.eu\/fr\/wp-json\/wp\/v2\/product_brand?post=37200"},{"taxonomy":"product_cat","embeddable":true,"href":"https:\/\/electricink.eu\/fr\/wp-json\/wp\/v2\/product_cat?post=37200"},{"taxonomy":"product_tag","embeddable":true,"href":"https:\/\/electricink.eu\/fr\/wp-json\/wp\/v2\/product_tag?post=37200"}],"curies":[{"name":"wp","href":"https:\/\/api.w.org\/{rel}","templated":true}]}}