{"id":37209,"date":"2023-12-14T01:19:24","date_gmt":"2023-12-14T00:19:24","guid":{"rendered":"https:\/\/electricink.eu\/producto\/alimentation-wireless-power-1-pour-machines-electra-pop-driller-et-pen-2\/"},"modified":"2024-01-31T14:40:17","modified_gmt":"2024-01-31T13:40:17","slug":"alimentation-wireless-power-1-pour-machines-electra-pop-driller-et-pen-2","status":"publish","type":"product","link":"https:\/\/electricink.eu\/fr\/producto\/alimentation-wireless-power-1-pour-machines-electra-pop-driller-et-pen-2\/","title":{"rendered":"Alimentation Wireless Power 1 (pour machines Electra Pop, Driller et Pen 2)"},"content":{"rendered":"<p>Alimentation Wireless Power 1 (pour les machines Electra Pop, Driller et Pen 2)<\/p>\n<p>NE VIENT PAS AVEC BATTERIE OU CHARGEUR.<\/p>\n<p>BATTERIE RECOMMAND\u00c9E : BATTERIE RECHARGEABLE LI-ON 18490 3.7V 1400MHA<\/p>\n<p><strong>&#8212;&#8212;&#8212;&#8212;&#8212;&#8212;&#8212;- Garantie du produit &#8212;&#8212;&#8212;&#8212;&#8212;&#8212;&#8212;&#8212;-<\/strong><\/p>\n<p>La p\u00e9riode de garantie offerte par Electric Ink suit les r\u00e9glementations europ\u00e9ennes en vigueur. La garantie d&rsquo;Electric Ink contre les d\u00e9fauts de fabrication commence \u00e0 compter \u00e0 partir de l&rsquo;achat du produit par le consommateur, v\u00e9rifi\u00e9 au moyen de la facture d&rsquo;achat de l&rsquo;article respectif.<\/p>\n<p><strong>&#8212;&#8212;&#8212;&#8212;&#8212;&#8212;&#8212;&#8211; Assistance technique &#8212;&#8212;&#8212;&#8212;&#8212;&#8212;&#8212;&#8212;&#8211;<\/strong><\/p>\n<p>Contact par e-mail via info@electric.local<\/p>\n","protected":false},"excerpt":{"rendered":"<p><strong>Alimentation sans fil <\/strong>compatible avec les machines Electra Pop, Driller et la nouvelle Electric Ink Pen 2.<\/p>\n<p>NE VIENT PAS AVEC BATTERIE OU CHARGEUR.<\/p>\n<p>Power 1 est la premi\u00e8re alimentation sans fil d&rsquo;Electric Ink et a \u00e9t\u00e9 d\u00e9velopp\u00e9e pour les machines Electra Pop, Electra Driller et le Pen 2 sans aucun c\u00e2ble, juste avec sa connexion automatique. Elle dispose de la technologie Bluetooth pour les interactions avec d&rsquo;autres appareils Electric Ink.<\/p>\n<p>Fabriqu\u00e9e avec des composants de haute qualit\u00e9 et des mat\u00e9riaux s\u00e9lectionn\u00e9s pour donner plus de libert\u00e9 de mouvement et un poids minimum.<\/p>\n<p>Pratique et tr\u00e8s interactive, il suffit de la brancher sur le RCA de la machine et d&rsquo;utiliser les touches de r\u00e9glage pour la pr\u00e9parer \u00e0 votre mani\u00e8re.<\/p>\n<p>Pour l&rsquo;explorer davantage, nous avons l&rsquo;application \u00ab\u00a0Electric Ink\u00a0\u00bb, disponible gratuitement sur Play Store ou Apple Store et dispose de fonctions suppl\u00e9mentaires telles que le changement d&rsquo;unit\u00e9, l&rsquo;ajustement de la valeur, les m\u00e9moires de travail et la mise \u00e0 jour du logiciel.<\/p>\n","protected":false},"featured_media":35179,"comment_status":"closed","ping_status":"closed","template":"","meta":{"_acf_changed":false,"_et_pb_use_builder":"","_et_pb_old_content":"","_et_gb_content_width":"","inline_featured_image":false},"product_brand":[],"product_cat":[808,812],"product_tag":[],"class_list":{"0":"post-37209","1":"product","2":"type-product","3":"status-publish","4":"has-post-thumbnail","6":"product_cat-tattoo-fr","7":"product_cat-alimentations-tattoo","9":"first","10":"instock","11":"taxable","12":"shipping-taxable","13":"purchasable","14":"product-type-simple"},"acf":[],"yoast_head":"<!-- This site is optimized with the Yoast SEO plugin v27.4 - https:\/\/yoast.com\/product\/yoast-seo-wordpress\/ -->\n<title>Alimentation Wireless Power 1 (pour machines Electra Pop, Driller et Pen 2) - Electric Ink\u00ae<\/title>\n<meta name=\"robots\" content=\"index, follow, max-snippet:-1, max-image-preview:large, max-video-preview:-1\" \/>\n<link rel=\"canonical\" href=\"https:\/\/electricink.eu\/fr\/producto\/alimentation-wireless-power-1-pour-machines-electra-pop-driller-et-pen-2\/\" \/>\n<meta property=\"og:locale\" content=\"fr_FR\" \/>\n<meta property=\"og:type\" content=\"article\" \/>\n<meta property=\"og:title\" content=\"Alimentation Wireless Power 1 (pour machines Electra Pop, Driller et Pen 2) - Electric Ink\u00ae\" \/>\n<meta property=\"og:description\" content=\"Alimentation sans fil compatible avec les machines Electra Pop, Driller et la nouvelle Electric Ink Pen 2. NE VIENT PAS AVEC BATTERIE OU CHARGEUR. Power 1 est la premi\u00e8re alimentation sans fil d&#039;Electric Ink et a \u00e9t\u00e9 d\u00e9velopp\u00e9e pour les machines Electra Pop, Electra Driller et le Pen 2 sans aucun c\u00e2ble, juste avec sa connexion automatique. Elle dispose de la technologie Bluetooth pour les interactions avec d&#039;autres appareils Electric Ink. Fabriqu\u00e9e avec des composants de haute qualit\u00e9 et des mat\u00e9riaux s\u00e9lectionn\u00e9s pour donner plus de libert\u00e9 de mouvement et un poids minimum. Pratique et tr\u00e8s interactive, il suffit de la brancher sur le RCA de la machine et d&#039;utiliser les touches de r\u00e9glage pour la pr\u00e9parer \u00e0 votre mani\u00e8re. Pour l&#039;explorer davantage, nous avons l&#039;application &quot;Electric Ink&quot;, disponible gratuitement sur Play Store ou Apple Store et dispose de fonctions suppl\u00e9mentaires telles que le changement d&#039;unit\u00e9, l&#039;ajustement de la valeur, les m\u00e9moires de travail et la mise \u00e0 jour du logiciel.\" \/>\n<meta property=\"og:url\" content=\"https:\/\/electricink.eu\/fr\/producto\/alimentation-wireless-power-1-pour-machines-electra-pop-driller-et-pen-2\/\" \/>\n<meta property=\"og:site_name\" content=\"Electric Ink\u00ae\" \/>\n<meta property=\"article:modified_time\" content=\"2024-01-31T13:40:17+00:00\" \/>\n<meta property=\"og:image\" content=\"https:\/\/electricink.eu\/wp-content\/uploads\/2023\/12\/power1_tattoo_power_supply_Electric_Ink-1.jpg\" \/>\n\t<meta property=\"og:image:width\" content=\"1024\" \/>\n\t<meta property=\"og:image:height\" content=\"1024\" \/>\n\t<meta property=\"og:image:type\" content=\"image\/jpeg\" \/>\n<meta name=\"twitter:card\" content=\"summary_large_image\" \/>\n<script type=\"application\/ld+json\" class=\"yoast-schema-graph\">{\"@context\":\"https:\\\/\\\/schema.org\",\"@graph\":[{\"@type\":\"WebPage\",\"@id\":\"https:\\\/\\\/electricink.eu\\\/fr\\\/producto\\\/alimentation-wireless-power-1-pour-machines-electra-pop-driller-et-pen-2\\\/\",\"url\":\"https:\\\/\\\/electricink.eu\\\/fr\\\/producto\\\/alimentation-wireless-power-1-pour-machines-electra-pop-driller-et-pen-2\\\/\",\"name\":\"Alimentation Wireless Power 1 (pour machines Electra Pop, Driller et Pen 2) - Electric Ink\u00ae\",\"isPartOf\":{\"@id\":\"https:\\\/\\\/electricink.eu\\\/#website\"},\"primaryImageOfPage\":{\"@id\":\"https:\\\/\\\/electricink.eu\\\/fr\\\/producto\\\/alimentation-wireless-power-1-pour-machines-electra-pop-driller-et-pen-2\\\/#primaryimage\"},\"image\":{\"@id\":\"https:\\\/\\\/electricink.eu\\\/fr\\\/producto\\\/alimentation-wireless-power-1-pour-machines-electra-pop-driller-et-pen-2\\\/#primaryimage\"},\"thumbnailUrl\":\"https:\\\/\\\/electricink.eu\\\/wp-content\\\/uploads\\\/2023\\\/12\\\/power1_tattoo_power_supply_Electric_Ink-1.jpg\",\"datePublished\":\"2023-12-14T00:19:24+00:00\",\"dateModified\":\"2024-01-31T13:40:17+00:00\",\"breadcrumb\":{\"@id\":\"https:\\\/\\\/electricink.eu\\\/fr\\\/producto\\\/alimentation-wireless-power-1-pour-machines-electra-pop-driller-et-pen-2\\\/#breadcrumb\"},\"inLanguage\":\"fr-FR\",\"potentialAction\":[{\"@type\":\"ReadAction\",\"target\":[\"https:\\\/\\\/electricink.eu\\\/fr\\\/producto\\\/alimentation-wireless-power-1-pour-machines-electra-pop-driller-et-pen-2\\\/\"]}]},{\"@type\":\"ImageObject\",\"inLanguage\":\"fr-FR\",\"@id\":\"https:\\\/\\\/electricink.eu\\\/fr\\\/producto\\\/alimentation-wireless-power-1-pour-machines-electra-pop-driller-et-pen-2\\\/#primaryimage\",\"url\":\"https:\\\/\\\/electricink.eu\\\/wp-content\\\/uploads\\\/2023\\\/12\\\/power1_tattoo_power_supply_Electric_Ink-1.jpg\",\"contentUrl\":\"https:\\\/\\\/electricink.eu\\\/wp-content\\\/uploads\\\/2023\\\/12\\\/power1_tattoo_power_supply_Electric_Ink-1.jpg\",\"width\":1024,\"height\":1024},{\"@type\":\"BreadcrumbList\",\"@id\":\"https:\\\/\\\/electricink.eu\\\/fr\\\/producto\\\/alimentation-wireless-power-1-pour-machines-electra-pop-driller-et-pen-2\\\/#breadcrumb\",\"itemListElement\":[{\"@type\":\"ListItem\",\"position\":1,\"name\":\"Portada\",\"item\":\"https:\\\/\\\/electricink.eu\\\/fr\\\/home\\\/\"},{\"@type\":\"ListItem\",\"position\":2,\"name\":\"Boutique\",\"item\":\"https:\\\/\\\/electricink.eu\\\/tienda\\\/\"},{\"@type\":\"ListItem\",\"position\":3,\"name\":\"Alimentation Wireless Power 1 (pour machines Electra Pop, Driller et Pen 2)\"}]},{\"@type\":\"WebSite\",\"@id\":\"https:\\\/\\\/electricink.eu\\\/#website\",\"url\":\"https:\\\/\\\/electricink.eu\\\/\",\"name\":\"Electric Ink\u00ae\",\"description\":\"Material para Tatuar Profesional en Europa - Electric Ink\u00ae\",\"potentialAction\":[{\"@type\":\"SearchAction\",\"target\":{\"@type\":\"EntryPoint\",\"urlTemplate\":\"https:\\\/\\\/electricink.eu\\\/?s={search_term_string}\"},\"query-input\":{\"@type\":\"PropertyValueSpecification\",\"valueRequired\":true,\"valueName\":\"search_term_string\"}}],\"inLanguage\":\"fr-FR\"}]}<\/script>\n<!-- \/ Yoast SEO plugin. -->","yoast_head_json":{"title":"Alimentation Wireless Power 1 (pour machines Electra Pop, Driller et Pen 2) - Electric Ink\u00ae","robots":{"index":"index","follow":"follow","max-snippet":"max-snippet:-1","max-image-preview":"max-image-preview:large","max-video-preview":"max-video-preview:-1"},"canonical":"https:\/\/electricink.eu\/fr\/producto\/alimentation-wireless-power-1-pour-machines-electra-pop-driller-et-pen-2\/","og_locale":"fr_FR","og_type":"article","og_title":"Alimentation Wireless Power 1 (pour machines Electra Pop, Driller et Pen 2) - Electric Ink\u00ae","og_description":"Alimentation sans fil compatible avec les machines Electra Pop, Driller et la nouvelle Electric Ink Pen 2. NE VIENT PAS AVEC BATTERIE OU CHARGEUR. Power 1 est la premi\u00e8re alimentation sans fil d'Electric Ink et a \u00e9t\u00e9 d\u00e9velopp\u00e9e pour les machines Electra Pop, Electra Driller et le Pen 2 sans aucun c\u00e2ble, juste avec sa connexion automatique. Elle dispose de la technologie Bluetooth pour les interactions avec d'autres appareils Electric Ink. Fabriqu\u00e9e avec des composants de haute qualit\u00e9 et des mat\u00e9riaux s\u00e9lectionn\u00e9s pour donner plus de libert\u00e9 de mouvement et un poids minimum. Pratique et tr\u00e8s interactive, il suffit de la brancher sur le RCA de la machine et d'utiliser les touches de r\u00e9glage pour la pr\u00e9parer \u00e0 votre mani\u00e8re. Pour l'explorer davantage, nous avons l'application \"Electric Ink\", disponible gratuitement sur Play Store ou Apple Store et dispose de fonctions suppl\u00e9mentaires telles que le changement d'unit\u00e9, l'ajustement de la valeur, les m\u00e9moires de travail et la mise \u00e0 jour du logiciel.","og_url":"https:\/\/electricink.eu\/fr\/producto\/alimentation-wireless-power-1-pour-machines-electra-pop-driller-et-pen-2\/","og_site_name":"Electric Ink\u00ae","article_modified_time":"2024-01-31T13:40:17+00:00","og_image":[{"width":1024,"height":1024,"url":"https:\/\/electricink.eu\/wp-content\/uploads\/2023\/12\/power1_tattoo_power_supply_Electric_Ink-1.jpg","type":"image\/jpeg"}],"twitter_card":"summary_large_image","schema":{"@context":"https:\/\/schema.org","@graph":[{"@type":"WebPage","@id":"https:\/\/electricink.eu\/fr\/producto\/alimentation-wireless-power-1-pour-machines-electra-pop-driller-et-pen-2\/","url":"https:\/\/electricink.eu\/fr\/producto\/alimentation-wireless-power-1-pour-machines-electra-pop-driller-et-pen-2\/","name":"Alimentation Wireless Power 1 (pour machines Electra Pop, Driller et Pen 2) - Electric Ink\u00ae","isPartOf":{"@id":"https:\/\/electricink.eu\/#website"},"primaryImageOfPage":{"@id":"https:\/\/electricink.eu\/fr\/producto\/alimentation-wireless-power-1-pour-machines-electra-pop-driller-et-pen-2\/#primaryimage"},"image":{"@id":"https:\/\/electricink.eu\/fr\/producto\/alimentation-wireless-power-1-pour-machines-electra-pop-driller-et-pen-2\/#primaryimage"},"thumbnailUrl":"https:\/\/electricink.eu\/wp-content\/uploads\/2023\/12\/power1_tattoo_power_supply_Electric_Ink-1.jpg","datePublished":"2023-12-14T00:19:24+00:00","dateModified":"2024-01-31T13:40:17+00:00","breadcrumb":{"@id":"https:\/\/electricink.eu\/fr\/producto\/alimentation-wireless-power-1-pour-machines-electra-pop-driller-et-pen-2\/#breadcrumb"},"inLanguage":"fr-FR","potentialAction":[{"@type":"ReadAction","target":["https:\/\/electricink.eu\/fr\/producto\/alimentation-wireless-power-1-pour-machines-electra-pop-driller-et-pen-2\/"]}]},{"@type":"ImageObject","inLanguage":"fr-FR","@id":"https:\/\/electricink.eu\/fr\/producto\/alimentation-wireless-power-1-pour-machines-electra-pop-driller-et-pen-2\/#primaryimage","url":"https:\/\/electricink.eu\/wp-content\/uploads\/2023\/12\/power1_tattoo_power_supply_Electric_Ink-1.jpg","contentUrl":"https:\/\/electricink.eu\/wp-content\/uploads\/2023\/12\/power1_tattoo_power_supply_Electric_Ink-1.jpg","width":1024,"height":1024},{"@type":"BreadcrumbList","@id":"https:\/\/electricink.eu\/fr\/producto\/alimentation-wireless-power-1-pour-machines-electra-pop-driller-et-pen-2\/#breadcrumb","itemListElement":[{"@type":"ListItem","position":1,"name":"Portada","item":"https:\/\/electricink.eu\/fr\/home\/"},{"@type":"ListItem","position":2,"name":"Boutique","item":"https:\/\/electricink.eu\/tienda\/"},{"@type":"ListItem","position":3,"name":"Alimentation Wireless Power 1 (pour machines Electra Pop, Driller et Pen 2)"}]},{"@type":"WebSite","@id":"https:\/\/electricink.eu\/#website","url":"https:\/\/electricink.eu\/","name":"Electric Ink\u00ae","description":"Material para Tatuar Profesional en Europa - Electric Ink\u00ae","potentialAction":[{"@type":"SearchAction","target":{"@type":"EntryPoint","urlTemplate":"https:\/\/electricink.eu\/?s={search_term_string}"},"query-input":{"@type":"PropertyValueSpecification","valueRequired":true,"valueName":"search_term_string"}}],"inLanguage":"fr-FR"}]}},"_links":{"self":[{"href":"https:\/\/electricink.eu\/fr\/wp-json\/wp\/v2\/product\/37209","targetHints":{"allow":["GET"]}}],"collection":[{"href":"https:\/\/electricink.eu\/fr\/wp-json\/wp\/v2\/product"}],"about":[{"href":"https:\/\/electricink.eu\/fr\/wp-json\/wp\/v2\/types\/product"}],"replies":[{"embeddable":true,"href":"https:\/\/electricink.eu\/fr\/wp-json\/wp\/v2\/comments?post=37209"}],"wp:featuredmedia":[{"embeddable":true,"href":"https:\/\/electricink.eu\/fr\/wp-json\/wp\/v2\/media\/35179"}],"wp:attachment":[{"href":"https:\/\/electricink.eu\/fr\/wp-json\/wp\/v2\/media?parent=37209"}],"wp:term":[{"taxonomy":"product_brand","embeddable":true,"href":"https:\/\/electricink.eu\/fr\/wp-json\/wp\/v2\/product_brand?post=37209"},{"taxonomy":"product_cat","embeddable":true,"href":"https:\/\/electricink.eu\/fr\/wp-json\/wp\/v2\/product_cat?post=37209"},{"taxonomy":"product_tag","embeddable":true,"href":"https:\/\/electricink.eu\/fr\/wp-json\/wp\/v2\/product_tag?post=37209"}],"curies":[{"name":"wp","href":"https:\/\/api.w.org\/{rel}","templated":true}]}}