{"id":37224,"date":"2023-12-14T01:18:49","date_gmt":"2023-12-14T00:18:49","guid":{"rendered":"https:\/\/electricink.eu\/producto\/cable-rca-electric-ink-rose\/"},"modified":"2023-12-14T01:18:49","modified_gmt":"2023-12-14T00:18:49","slug":"cable-rca-electric-ink-rose","status":"publish","type":"product","link":"https:\/\/electricink.eu\/fr\/producto\/cable-rca-electric-ink-rose\/","title":{"rendered":"Cable RCA Electric Ink &#8211; Rose"},"content":{"rendered":"<p><strong>C\u00e2ble RCA Electric Ink<\/strong><\/p>\n<p>Connecteur RCA \u00e0 une extr\u00e9mit\u00e9, P10 \u00e0 l&rsquo;autre<\/p>\n<p>C\u00e2ble st\u00e9r\u00e9o bidirectionnel blind\u00e9.<\/p>\n<ul>\n<li><strong>Couleur:<\/strong> rose<\/li>\n<li><strong>Longueur:<\/strong> 2 m\u00e8tres<\/li>\n<li><strong>Poids:<\/strong> 35 gr<\/li>\n<\/ul>\n","protected":false},"excerpt":{"rendered":"<p>C\u00e2ble RCA Electric Ink pour machines \u00e0 tatouer rotatives.<\/p>\n<p>En silicone, d&rsquo;une longueur de 2 m\u00e8tres, tr\u00e8s flexible et durable.<\/p>\n<p style=\"text-align: left;\">C\u00e2ble blind\u00e9 avec une r\u00e9sistance \u00e0 la traction extr\u00eame, dispose d&rsquo;un connecteur P10 AMPHENOL \u00e0 une extr\u00e9mit\u00e9 et d&rsquo;un connecteur RCA m\u00e2le AMPHENOL (mini) \u00e0 l\u00b4autre, en cuivre, cr\u00e9ant une communication parfaite entre la source d\u00b4alimentation et la machine \u00e0 tatouer.<\/p>\n","protected":false},"featured_media":3316,"comment_status":"closed","ping_status":"closed","template":"","meta":{"_acf_changed":false,"_et_pb_use_builder":"","_et_pb_old_content":"","_et_gb_content_width":"","inline_featured_image":false},"product_brand":[],"product_cat":[781,794,808,810],"product_tag":[],"class_list":{"0":"post-37224","1":"product","2":"type-product","3":"status-publish","4":"has-post-thumbnail","6":"product_cat-accessoires-pour-tatouer","7":"product_cat-micropigmentation","8":"product_cat-tattoo-fr","9":"product_cat-cables-fr","11":"first","12":"instock","13":"taxable","14":"shipping-taxable","15":"purchasable","16":"product-type-simple"},"acf":[],"yoast_head":"<!-- This site is optimized with the Yoast SEO plugin v27.4 - https:\/\/yoast.com\/product\/yoast-seo-wordpress\/ -->\n<title>Cable RCA Electric Ink - Rose - Electric Ink\u00ae<\/title>\n<meta name=\"robots\" content=\"index, follow, max-snippet:-1, max-image-preview:large, max-video-preview:-1\" \/>\n<link rel=\"canonical\" href=\"https:\/\/electricink.eu\/fr\/producto\/cable-rca-electric-ink-rose\/\" \/>\n<meta property=\"og:locale\" content=\"fr_FR\" \/>\n<meta property=\"og:type\" content=\"article\" \/>\n<meta property=\"og:title\" content=\"Cable RCA Electric Ink - Rose - Electric Ink\u00ae\" \/>\n<meta property=\"og:description\" content=\"C\u00e2ble RCA Electric Ink pour machines \u00e0 tatouer rotatives. En silicone, d&#039;une longueur de 2 m\u00e8tres, tr\u00e8s flexible et durable. C\u00e2ble blind\u00e9 avec une r\u00e9sistance \u00e0 la traction extr\u00eame, dispose d&#039;un connecteur P10 AMPHENOL \u00e0 une extr\u00e9mit\u00e9 et d&#039;un connecteur RCA m\u00e2le AMPHENOL (mini) \u00e0 l\u00b4autre, en cuivre, cr\u00e9ant une communication parfaite entre la source d\u00b4alimentation et la machine \u00e0 tatouer.\" \/>\n<meta property=\"og:url\" content=\"https:\/\/electricink.eu\/fr\/producto\/cable-rca-electric-ink-rose\/\" \/>\n<meta property=\"og:site_name\" content=\"Electric Ink\u00ae\" \/>\n<meta property=\"og:image\" content=\"https:\/\/electricink.eu\/wp-content\/uploads\/2023\/10\/CABLE-RCA-ROSA.png\" \/>\n\t<meta property=\"og:image:width\" content=\"500\" \/>\n\t<meta property=\"og:image:height\" content=\"500\" \/>\n\t<meta property=\"og:image:type\" content=\"image\/png\" \/>\n<meta name=\"twitter:card\" content=\"summary_large_image\" \/>\n<script type=\"application\/ld+json\" class=\"yoast-schema-graph\">{\"@context\":\"https:\\\/\\\/schema.org\",\"@graph\":[{\"@type\":\"WebPage\",\"@id\":\"https:\\\/\\\/electricink.eu\\\/fr\\\/producto\\\/cable-rca-electric-ink-rose\\\/\",\"url\":\"https:\\\/\\\/electricink.eu\\\/fr\\\/producto\\\/cable-rca-electric-ink-rose\\\/\",\"name\":\"Cable RCA Electric Ink - Rose - Electric Ink\u00ae\",\"isPartOf\":{\"@id\":\"https:\\\/\\\/electricink.eu\\\/#website\"},\"primaryImageOfPage\":{\"@id\":\"https:\\\/\\\/electricink.eu\\\/fr\\\/producto\\\/cable-rca-electric-ink-rose\\\/#primaryimage\"},\"image\":{\"@id\":\"https:\\\/\\\/electricink.eu\\\/fr\\\/producto\\\/cable-rca-electric-ink-rose\\\/#primaryimage\"},\"thumbnailUrl\":\"https:\\\/\\\/electricink.eu\\\/wp-content\\\/uploads\\\/2023\\\/10\\\/CABLE-RCA-ROSA.png\",\"datePublished\":\"2023-12-14T00:18:49+00:00\",\"breadcrumb\":{\"@id\":\"https:\\\/\\\/electricink.eu\\\/fr\\\/producto\\\/cable-rca-electric-ink-rose\\\/#breadcrumb\"},\"inLanguage\":\"fr-FR\",\"potentialAction\":[{\"@type\":\"ReadAction\",\"target\":[\"https:\\\/\\\/electricink.eu\\\/fr\\\/producto\\\/cable-rca-electric-ink-rose\\\/\"]}]},{\"@type\":\"ImageObject\",\"inLanguage\":\"fr-FR\",\"@id\":\"https:\\\/\\\/electricink.eu\\\/fr\\\/producto\\\/cable-rca-electric-ink-rose\\\/#primaryimage\",\"url\":\"https:\\\/\\\/electricink.eu\\\/wp-content\\\/uploads\\\/2023\\\/10\\\/CABLE-RCA-ROSA.png\",\"contentUrl\":\"https:\\\/\\\/electricink.eu\\\/wp-content\\\/uploads\\\/2023\\\/10\\\/CABLE-RCA-ROSA.png\",\"width\":500,\"height\":500},{\"@type\":\"BreadcrumbList\",\"@id\":\"https:\\\/\\\/electricink.eu\\\/fr\\\/producto\\\/cable-rca-electric-ink-rose\\\/#breadcrumb\",\"itemListElement\":[{\"@type\":\"ListItem\",\"position\":1,\"name\":\"Portada\",\"item\":\"https:\\\/\\\/electricink.eu\\\/fr\\\/home\\\/\"},{\"@type\":\"ListItem\",\"position\":2,\"name\":\"Boutique\",\"item\":\"https:\\\/\\\/electricink.eu\\\/tienda\\\/\"},{\"@type\":\"ListItem\",\"position\":3,\"name\":\"Cable RCA Electric Ink &#8211; Rose\"}]},{\"@type\":\"WebSite\",\"@id\":\"https:\\\/\\\/electricink.eu\\\/#website\",\"url\":\"https:\\\/\\\/electricink.eu\\\/\",\"name\":\"Electric Ink\u00ae\",\"description\":\"Material para Tatuar Profesional en Europa - Electric Ink\u00ae\",\"potentialAction\":[{\"@type\":\"SearchAction\",\"target\":{\"@type\":\"EntryPoint\",\"urlTemplate\":\"https:\\\/\\\/electricink.eu\\\/?s={search_term_string}\"},\"query-input\":{\"@type\":\"PropertyValueSpecification\",\"valueRequired\":true,\"valueName\":\"search_term_string\"}}],\"inLanguage\":\"fr-FR\"}]}<\/script>\n<!-- \/ Yoast SEO plugin. -->","yoast_head_json":{"title":"Cable RCA Electric Ink - Rose - Electric Ink\u00ae","robots":{"index":"index","follow":"follow","max-snippet":"max-snippet:-1","max-image-preview":"max-image-preview:large","max-video-preview":"max-video-preview:-1"},"canonical":"https:\/\/electricink.eu\/fr\/producto\/cable-rca-electric-ink-rose\/","og_locale":"fr_FR","og_type":"article","og_title":"Cable RCA Electric Ink - Rose - Electric Ink\u00ae","og_description":"C\u00e2ble RCA Electric Ink pour machines \u00e0 tatouer rotatives. En silicone, d'une longueur de 2 m\u00e8tres, tr\u00e8s flexible et durable. C\u00e2ble blind\u00e9 avec une r\u00e9sistance \u00e0 la traction extr\u00eame, dispose d'un connecteur P10 AMPHENOL \u00e0 une extr\u00e9mit\u00e9 et d'un connecteur RCA m\u00e2le AMPHENOL (mini) \u00e0 l\u00b4autre, en cuivre, cr\u00e9ant une communication parfaite entre la source d\u00b4alimentation et la machine \u00e0 tatouer.","og_url":"https:\/\/electricink.eu\/fr\/producto\/cable-rca-electric-ink-rose\/","og_site_name":"Electric Ink\u00ae","og_image":[{"width":500,"height":500,"url":"https:\/\/electricink.eu\/wp-content\/uploads\/2023\/10\/CABLE-RCA-ROSA.png","type":"image\/png"}],"twitter_card":"summary_large_image","schema":{"@context":"https:\/\/schema.org","@graph":[{"@type":"WebPage","@id":"https:\/\/electricink.eu\/fr\/producto\/cable-rca-electric-ink-rose\/","url":"https:\/\/electricink.eu\/fr\/producto\/cable-rca-electric-ink-rose\/","name":"Cable RCA Electric Ink - Rose - Electric Ink\u00ae","isPartOf":{"@id":"https:\/\/electricink.eu\/#website"},"primaryImageOfPage":{"@id":"https:\/\/electricink.eu\/fr\/producto\/cable-rca-electric-ink-rose\/#primaryimage"},"image":{"@id":"https:\/\/electricink.eu\/fr\/producto\/cable-rca-electric-ink-rose\/#primaryimage"},"thumbnailUrl":"https:\/\/electricink.eu\/wp-content\/uploads\/2023\/10\/CABLE-RCA-ROSA.png","datePublished":"2023-12-14T00:18:49+00:00","breadcrumb":{"@id":"https:\/\/electricink.eu\/fr\/producto\/cable-rca-electric-ink-rose\/#breadcrumb"},"inLanguage":"fr-FR","potentialAction":[{"@type":"ReadAction","target":["https:\/\/electricink.eu\/fr\/producto\/cable-rca-electric-ink-rose\/"]}]},{"@type":"ImageObject","inLanguage":"fr-FR","@id":"https:\/\/electricink.eu\/fr\/producto\/cable-rca-electric-ink-rose\/#primaryimage","url":"https:\/\/electricink.eu\/wp-content\/uploads\/2023\/10\/CABLE-RCA-ROSA.png","contentUrl":"https:\/\/electricink.eu\/wp-content\/uploads\/2023\/10\/CABLE-RCA-ROSA.png","width":500,"height":500},{"@type":"BreadcrumbList","@id":"https:\/\/electricink.eu\/fr\/producto\/cable-rca-electric-ink-rose\/#breadcrumb","itemListElement":[{"@type":"ListItem","position":1,"name":"Portada","item":"https:\/\/electricink.eu\/fr\/home\/"},{"@type":"ListItem","position":2,"name":"Boutique","item":"https:\/\/electricink.eu\/tienda\/"},{"@type":"ListItem","position":3,"name":"Cable RCA Electric Ink &#8211; Rose"}]},{"@type":"WebSite","@id":"https:\/\/electricink.eu\/#website","url":"https:\/\/electricink.eu\/","name":"Electric Ink\u00ae","description":"Material para Tatuar Profesional en Europa - Electric Ink\u00ae","potentialAction":[{"@type":"SearchAction","target":{"@type":"EntryPoint","urlTemplate":"https:\/\/electricink.eu\/?s={search_term_string}"},"query-input":{"@type":"PropertyValueSpecification","valueRequired":true,"valueName":"search_term_string"}}],"inLanguage":"fr-FR"}]}},"_links":{"self":[{"href":"https:\/\/electricink.eu\/fr\/wp-json\/wp\/v2\/product\/37224","targetHints":{"allow":["GET"]}}],"collection":[{"href":"https:\/\/electricink.eu\/fr\/wp-json\/wp\/v2\/product"}],"about":[{"href":"https:\/\/electricink.eu\/fr\/wp-json\/wp\/v2\/types\/product"}],"replies":[{"embeddable":true,"href":"https:\/\/electricink.eu\/fr\/wp-json\/wp\/v2\/comments?post=37224"}],"wp:featuredmedia":[{"embeddable":true,"href":"https:\/\/electricink.eu\/fr\/wp-json\/wp\/v2\/media\/3316"}],"wp:attachment":[{"href":"https:\/\/electricink.eu\/fr\/wp-json\/wp\/v2\/media?parent=37224"}],"wp:term":[{"taxonomy":"product_brand","embeddable":true,"href":"https:\/\/electricink.eu\/fr\/wp-json\/wp\/v2\/product_brand?post=37224"},{"taxonomy":"product_cat","embeddable":true,"href":"https:\/\/electricink.eu\/fr\/wp-json\/wp\/v2\/product_cat?post=37224"},{"taxonomy":"product_tag","embeddable":true,"href":"https:\/\/electricink.eu\/fr\/wp-json\/wp\/v2\/product_tag?post=37224"}],"curies":[{"name":"wp","href":"https:\/\/api.w.org\/{rel}","templated":true}]}}