{"id":37245,"date":"2023-12-14T01:18:49","date_gmt":"2023-12-14T00:18:49","guid":{"rendered":"https:\/\/electricink.eu\/producto\/advanced-marker-marqueur-pour-piercing\/"},"modified":"2024-02-01T08:41:09","modified_gmt":"2024-02-01T07:41:09","slug":"advanced-marker-marqueur-pour-piercing","status":"publish","type":"product","link":"https:\/\/electricink.eu\/fr\/producto\/advanced-marker-marqueur-pour-piercing\/","title":{"rendered":"Advanced Marker &#8211; Marqueur pour Piercing"},"content":{"rendered":"<p>Pack de marqueur pour Piercing Electric Ink:<\/p>\n<p>Contient: Stylo marqueur + Liquide marqueur<\/p>\n","protected":false},"excerpt":{"rendered":"<p>Advanced Marker pour Piercing aide les professionnels \u00e0 marquer le piercing en toute s\u00e9curit\u00e9 et avec pr\u00e9cision.<\/p>\n","protected":false},"featured_media":3357,"comment_status":"closed","ping_status":"closed","template":"","meta":{"_acf_changed":false,"_et_pb_use_builder":"","_et_pb_old_content":"","_et_gb_content_width":"","inline_featured_image":false},"product_brand":[],"product_cat":[781,783,806],"product_tag":[],"class_list":{"0":"post-37245","1":"product","2":"type-product","3":"status-publish","4":"has-post-thumbnail","6":"product_cat-accessoires-pour-tatouer","7":"product_cat-freehand-fr","8":"product_cat-piercing-fr","10":"first","11":"instock","12":"taxable","13":"shipping-taxable","14":"purchasable","15":"product-type-simple"},"acf":[],"yoast_head":"<!-- This site is optimized with the Yoast SEO plugin v27.4 - https:\/\/yoast.com\/product\/yoast-seo-wordpress\/ -->\n<title>Advanced Marker - Marqueur pour Piercing - Electric Ink\u00ae<\/title>\n<meta name=\"robots\" content=\"index, follow, max-snippet:-1, max-image-preview:large, max-video-preview:-1\" \/>\n<link rel=\"canonical\" href=\"https:\/\/electricink.eu\/fr\/producto\/advanced-marker-marqueur-pour-piercing\/\" \/>\n<meta property=\"og:locale\" content=\"fr_FR\" \/>\n<meta property=\"og:type\" content=\"article\" \/>\n<meta property=\"og:title\" content=\"Advanced Marker - Marqueur pour Piercing - Electric Ink\u00ae\" \/>\n<meta property=\"og:description\" content=\"Advanced Marker pour Piercing aide les professionnels \u00e0 marquer le piercing en toute s\u00e9curit\u00e9 et avec pr\u00e9cision.\" \/>\n<meta property=\"og:url\" content=\"https:\/\/electricink.eu\/fr\/producto\/advanced-marker-marqueur-pour-piercing\/\" \/>\n<meta property=\"og:site_name\" content=\"Electric Ink\u00ae\" \/>\n<meta property=\"article:modified_time\" content=\"2024-02-01T07:41:09+00:00\" \/>\n<meta property=\"og:image\" content=\"https:\/\/electricink.eu\/wp-content\/uploads\/2023\/10\/advanced-marker-piercing-marcador.jpeg\" \/>\n\t<meta property=\"og:image:width\" content=\"500\" \/>\n\t<meta property=\"og:image:height\" content=\"500\" \/>\n\t<meta property=\"og:image:type\" content=\"image\/jpeg\" \/>\n<meta name=\"twitter:card\" content=\"summary_large_image\" \/>\n<script type=\"application\/ld+json\" class=\"yoast-schema-graph\">{\"@context\":\"https:\\\/\\\/schema.org\",\"@graph\":[{\"@type\":\"WebPage\",\"@id\":\"https:\\\/\\\/electricink.eu\\\/fr\\\/producto\\\/advanced-marker-marqueur-pour-piercing\\\/\",\"url\":\"https:\\\/\\\/electricink.eu\\\/fr\\\/producto\\\/advanced-marker-marqueur-pour-piercing\\\/\",\"name\":\"Advanced Marker - Marqueur pour Piercing - Electric Ink\u00ae\",\"isPartOf\":{\"@id\":\"https:\\\/\\\/electricink.eu\\\/#website\"},\"primaryImageOfPage\":{\"@id\":\"https:\\\/\\\/electricink.eu\\\/fr\\\/producto\\\/advanced-marker-marqueur-pour-piercing\\\/#primaryimage\"},\"image\":{\"@id\":\"https:\\\/\\\/electricink.eu\\\/fr\\\/producto\\\/advanced-marker-marqueur-pour-piercing\\\/#primaryimage\"},\"thumbnailUrl\":\"https:\\\/\\\/electricink.eu\\\/wp-content\\\/uploads\\\/2023\\\/10\\\/advanced-marker-piercing-marcador.jpeg\",\"datePublished\":\"2023-12-14T00:18:49+00:00\",\"dateModified\":\"2024-02-01T07:41:09+00:00\",\"breadcrumb\":{\"@id\":\"https:\\\/\\\/electricink.eu\\\/fr\\\/producto\\\/advanced-marker-marqueur-pour-piercing\\\/#breadcrumb\"},\"inLanguage\":\"fr-FR\",\"potentialAction\":[{\"@type\":\"ReadAction\",\"target\":[\"https:\\\/\\\/electricink.eu\\\/fr\\\/producto\\\/advanced-marker-marqueur-pour-piercing\\\/\"]}]},{\"@type\":\"ImageObject\",\"inLanguage\":\"fr-FR\",\"@id\":\"https:\\\/\\\/electricink.eu\\\/fr\\\/producto\\\/advanced-marker-marqueur-pour-piercing\\\/#primaryimage\",\"url\":\"https:\\\/\\\/electricink.eu\\\/wp-content\\\/uploads\\\/2023\\\/10\\\/advanced-marker-piercing-marcador.jpeg\",\"contentUrl\":\"https:\\\/\\\/electricink.eu\\\/wp-content\\\/uploads\\\/2023\\\/10\\\/advanced-marker-piercing-marcador.jpeg\",\"width\":500,\"height\":500},{\"@type\":\"BreadcrumbList\",\"@id\":\"https:\\\/\\\/electricink.eu\\\/fr\\\/producto\\\/advanced-marker-marqueur-pour-piercing\\\/#breadcrumb\",\"itemListElement\":[{\"@type\":\"ListItem\",\"position\":1,\"name\":\"Portada\",\"item\":\"https:\\\/\\\/electricink.eu\\\/fr\\\/home\\\/\"},{\"@type\":\"ListItem\",\"position\":2,\"name\":\"Boutique\",\"item\":\"https:\\\/\\\/electricink.eu\\\/tienda\\\/\"},{\"@type\":\"ListItem\",\"position\":3,\"name\":\"Advanced Marker &#8211; Marqueur pour Piercing\"}]},{\"@type\":\"WebSite\",\"@id\":\"https:\\\/\\\/electricink.eu\\\/#website\",\"url\":\"https:\\\/\\\/electricink.eu\\\/\",\"name\":\"Electric Ink\u00ae\",\"description\":\"Material para Tatuar Profesional en Europa - Electric Ink\u00ae\",\"potentialAction\":[{\"@type\":\"SearchAction\",\"target\":{\"@type\":\"EntryPoint\",\"urlTemplate\":\"https:\\\/\\\/electricink.eu\\\/?s={search_term_string}\"},\"query-input\":{\"@type\":\"PropertyValueSpecification\",\"valueRequired\":true,\"valueName\":\"search_term_string\"}}],\"inLanguage\":\"fr-FR\"}]}<\/script>\n<!-- \/ Yoast SEO plugin. -->","yoast_head_json":{"title":"Advanced Marker - Marqueur pour Piercing - Electric Ink\u00ae","robots":{"index":"index","follow":"follow","max-snippet":"max-snippet:-1","max-image-preview":"max-image-preview:large","max-video-preview":"max-video-preview:-1"},"canonical":"https:\/\/electricink.eu\/fr\/producto\/advanced-marker-marqueur-pour-piercing\/","og_locale":"fr_FR","og_type":"article","og_title":"Advanced Marker - Marqueur pour Piercing - Electric Ink\u00ae","og_description":"Advanced Marker pour Piercing aide les professionnels \u00e0 marquer le piercing en toute s\u00e9curit\u00e9 et avec pr\u00e9cision.","og_url":"https:\/\/electricink.eu\/fr\/producto\/advanced-marker-marqueur-pour-piercing\/","og_site_name":"Electric Ink\u00ae","article_modified_time":"2024-02-01T07:41:09+00:00","og_image":[{"width":500,"height":500,"url":"https:\/\/electricink.eu\/wp-content\/uploads\/2023\/10\/advanced-marker-piercing-marcador.jpeg","type":"image\/jpeg"}],"twitter_card":"summary_large_image","schema":{"@context":"https:\/\/schema.org","@graph":[{"@type":"WebPage","@id":"https:\/\/electricink.eu\/fr\/producto\/advanced-marker-marqueur-pour-piercing\/","url":"https:\/\/electricink.eu\/fr\/producto\/advanced-marker-marqueur-pour-piercing\/","name":"Advanced Marker - Marqueur pour Piercing - Electric Ink\u00ae","isPartOf":{"@id":"https:\/\/electricink.eu\/#website"},"primaryImageOfPage":{"@id":"https:\/\/electricink.eu\/fr\/producto\/advanced-marker-marqueur-pour-piercing\/#primaryimage"},"image":{"@id":"https:\/\/electricink.eu\/fr\/producto\/advanced-marker-marqueur-pour-piercing\/#primaryimage"},"thumbnailUrl":"https:\/\/electricink.eu\/wp-content\/uploads\/2023\/10\/advanced-marker-piercing-marcador.jpeg","datePublished":"2023-12-14T00:18:49+00:00","dateModified":"2024-02-01T07:41:09+00:00","breadcrumb":{"@id":"https:\/\/electricink.eu\/fr\/producto\/advanced-marker-marqueur-pour-piercing\/#breadcrumb"},"inLanguage":"fr-FR","potentialAction":[{"@type":"ReadAction","target":["https:\/\/electricink.eu\/fr\/producto\/advanced-marker-marqueur-pour-piercing\/"]}]},{"@type":"ImageObject","inLanguage":"fr-FR","@id":"https:\/\/electricink.eu\/fr\/producto\/advanced-marker-marqueur-pour-piercing\/#primaryimage","url":"https:\/\/electricink.eu\/wp-content\/uploads\/2023\/10\/advanced-marker-piercing-marcador.jpeg","contentUrl":"https:\/\/electricink.eu\/wp-content\/uploads\/2023\/10\/advanced-marker-piercing-marcador.jpeg","width":500,"height":500},{"@type":"BreadcrumbList","@id":"https:\/\/electricink.eu\/fr\/producto\/advanced-marker-marqueur-pour-piercing\/#breadcrumb","itemListElement":[{"@type":"ListItem","position":1,"name":"Portada","item":"https:\/\/electricink.eu\/fr\/home\/"},{"@type":"ListItem","position":2,"name":"Boutique","item":"https:\/\/electricink.eu\/tienda\/"},{"@type":"ListItem","position":3,"name":"Advanced Marker &#8211; Marqueur pour Piercing"}]},{"@type":"WebSite","@id":"https:\/\/electricink.eu\/#website","url":"https:\/\/electricink.eu\/","name":"Electric Ink\u00ae","description":"Material para Tatuar Profesional en Europa - Electric Ink\u00ae","potentialAction":[{"@type":"SearchAction","target":{"@type":"EntryPoint","urlTemplate":"https:\/\/electricink.eu\/?s={search_term_string}"},"query-input":{"@type":"PropertyValueSpecification","valueRequired":true,"valueName":"search_term_string"}}],"inLanguage":"fr-FR"}]}},"_links":{"self":[{"href":"https:\/\/electricink.eu\/fr\/wp-json\/wp\/v2\/product\/37245","targetHints":{"allow":["GET"]}}],"collection":[{"href":"https:\/\/electricink.eu\/fr\/wp-json\/wp\/v2\/product"}],"about":[{"href":"https:\/\/electricink.eu\/fr\/wp-json\/wp\/v2\/types\/product"}],"replies":[{"embeddable":true,"href":"https:\/\/electricink.eu\/fr\/wp-json\/wp\/v2\/comments?post=37245"}],"wp:featuredmedia":[{"embeddable":true,"href":"https:\/\/electricink.eu\/fr\/wp-json\/wp\/v2\/media\/3357"}],"wp:attachment":[{"href":"https:\/\/electricink.eu\/fr\/wp-json\/wp\/v2\/media?parent=37245"}],"wp:term":[{"taxonomy":"product_brand","embeddable":true,"href":"https:\/\/electricink.eu\/fr\/wp-json\/wp\/v2\/product_brand?post=37245"},{"taxonomy":"product_cat","embeddable":true,"href":"https:\/\/electricink.eu\/fr\/wp-json\/wp\/v2\/product_cat?post=37245"},{"taxonomy":"product_tag","embeddable":true,"href":"https:\/\/electricink.eu\/fr\/wp-json\/wp\/v2\/product_tag?post=37245"}],"curies":[{"name":"wp","href":"https:\/\/api.w.org\/{rel}","templated":true}]}}