{"id":37248,"date":"2023-12-14T01:18:49","date_gmt":"2023-12-14T00:18:49","guid":{"rendered":"https:\/\/electricink.eu\/producto\/tattoo-barrier-film-100ml\/"},"modified":"2025-08-25T10:56:14","modified_gmt":"2025-08-25T08:56:14","slug":"tattoo-barrier-film-100ml","status":"publish","type":"product","link":"https:\/\/electricink.eu\/fr\/producto\/tattoo-barrier-film-100ml\/","title":{"rendered":"Tattoo Barrier Film &#8211; 100ml"},"content":{"rendered":"<p><strong>Format :<\/strong> 100 ml<\/p>\n<p><strong>Mod\u00e8le :<\/strong> Barrier Film<\/p>\n<p><strong>Marque :<\/strong> Electric Ink<\/p>\n","protected":false},"excerpt":{"rendered":"<p><strong>Tattoo Barrier Film<\/strong> a \u00e9t\u00e9 d\u00e9velopp\u00e9 pour \u00eatre utilis\u00e9 pendant l&rsquo;\u00e9tape de cicatrisation. Il agit comme une \u00ab\u00a0seconde peau\u00a0\u00bb, cr\u00e9ant un film transparent, respirant et flexible. Il prot\u00e8ge la peau sensibilis\u00e9e apr\u00e8s le tatouage des \u00e9ventuels agents ext\u00e9rieurs susceptibles de nuire au processus de cicatrisation.<\/p>\n<p>Le tatoueur guidera ses clients dans son utilisation, qui se fait normalement lorsque le fluide corporel expuls\u00e9 par le tatouage commence \u00e0 s\u00e9cher.<br \/>Avant l&rsquo;utilisation, il est important de bien nettoyer la peau avec les autres produits de la gamme Electric Ink.<\/p>\n<p><strong>Application :<\/strong>\u00a0 Sur la peau s\u00e8che, apr\u00e8s nettoyage avec le <strong>After All<\/strong>, appliquez le <strong>Barrier Film<\/strong> et attendez qu&rsquo;il s\u00e8che compl\u00e8tement. Pour l&rsquo;enlever, utilisez l&rsquo;eau courante ti\u00e8de.<\/p>\n","protected":false},"featured_media":3361,"comment_status":"closed","ping_status":"closed","template":"","meta":{"_acf_changed":false,"_et_pb_use_builder":"","_et_pb_old_content":"","_et_gb_content_width":"","inline_featured_image":false},"product_brand":[],"product_cat":[791,793,808],"product_tag":[],"class_list":{"0":"post-37248","1":"product","2":"type-product","3":"status-publish","4":"has-post-thumbnail","6":"product_cat-cosmetiques","7":"product_cat-cosmetique-tattoo-cosmetiques","8":"product_cat-tattoo-fr","10":"first","11":"outofstock","12":"taxable","13":"shipping-taxable","14":"purchasable","15":"product-type-simple"},"acf":[],"yoast_head":"<!-- This site is optimized with the Yoast SEO plugin v27.5 - https:\/\/yoast.com\/product\/yoast-seo-wordpress\/ -->\n<title>Tattoo Barrier Film - 100ml - Electric Ink\u00ae<\/title>\n<meta name=\"description\" content=\"Gel qui devient un film fin transparent, respirant et flexible. Il agit comme une \u00ab seconde peau \u00bb prot\u00e9geant la zone sensible tatou\u00e9e.\" \/>\n<meta name=\"robots\" content=\"index, follow, max-snippet:-1, max-image-preview:large, max-video-preview:-1\" \/>\n<link rel=\"canonical\" href=\"https:\/\/electricink.eu\/fr\/producto\/tattoo-barrier-film-100ml\/\" \/>\n<meta property=\"og:locale\" content=\"fr_FR\" \/>\n<meta property=\"og:type\" content=\"article\" \/>\n<meta property=\"og:title\" content=\"Tattoo Barrier Film - 100ml - Electric Ink\u00ae\" \/>\n<meta property=\"og:description\" content=\"Gel qui devient un film fin transparent, respirant et flexible. Il agit comme une \u00ab seconde peau \u00bb prot\u00e9geant la zone sensible tatou\u00e9e.\" \/>\n<meta property=\"og:url\" content=\"https:\/\/electricink.eu\/fr\/producto\/tattoo-barrier-film-100ml\/\" \/>\n<meta property=\"og:site_name\" content=\"Electric Ink\u00ae\" \/>\n<meta property=\"article:modified_time\" content=\"2025-08-25T08:56:14+00:00\" \/>\n<meta property=\"og:image\" content=\"https:\/\/electricink.eu\/wp-content\/uploads\/2023\/10\/tattoo-barrier-film-100-ml.jpg\" \/>\n\t<meta property=\"og:image:width\" content=\"474\" \/>\n\t<meta property=\"og:image:height\" content=\"474\" \/>\n\t<meta property=\"og:image:type\" content=\"image\/jpeg\" \/>\n<meta name=\"twitter:card\" content=\"summary_large_image\" \/>\n<script type=\"application\/ld+json\" class=\"yoast-schema-graph\">{\"@context\":\"https:\\\/\\\/schema.org\",\"@graph\":[{\"@type\":\"WebPage\",\"@id\":\"https:\\\/\\\/electricink.eu\\\/fr\\\/producto\\\/tattoo-barrier-film-100ml\\\/\",\"url\":\"https:\\\/\\\/electricink.eu\\\/fr\\\/producto\\\/tattoo-barrier-film-100ml\\\/\",\"name\":\"Tattoo Barrier Film - 100ml - Electric Ink\u00ae\",\"isPartOf\":{\"@id\":\"https:\\\/\\\/electricink.eu\\\/#website\"},\"primaryImageOfPage\":{\"@id\":\"https:\\\/\\\/electricink.eu\\\/fr\\\/producto\\\/tattoo-barrier-film-100ml\\\/#primaryimage\"},\"image\":{\"@id\":\"https:\\\/\\\/electricink.eu\\\/fr\\\/producto\\\/tattoo-barrier-film-100ml\\\/#primaryimage\"},\"thumbnailUrl\":\"https:\\\/\\\/electricink.eu\\\/wp-content\\\/uploads\\\/2023\\\/10\\\/tattoo-barrier-film-100-ml.jpg\",\"datePublished\":\"2023-12-14T00:18:49+00:00\",\"dateModified\":\"2025-08-25T08:56:14+00:00\",\"description\":\"Gel qui devient un film fin transparent, respirant et flexible. Il agit comme une \u00ab seconde peau \u00bb prot\u00e9geant la zone sensible tatou\u00e9e.\",\"breadcrumb\":{\"@id\":\"https:\\\/\\\/electricink.eu\\\/fr\\\/producto\\\/tattoo-barrier-film-100ml\\\/#breadcrumb\"},\"inLanguage\":\"fr-FR\",\"potentialAction\":[{\"@type\":\"ReadAction\",\"target\":[\"https:\\\/\\\/electricink.eu\\\/fr\\\/producto\\\/tattoo-barrier-film-100ml\\\/\"]}]},{\"@type\":\"ImageObject\",\"inLanguage\":\"fr-FR\",\"@id\":\"https:\\\/\\\/electricink.eu\\\/fr\\\/producto\\\/tattoo-barrier-film-100ml\\\/#primaryimage\",\"url\":\"https:\\\/\\\/electricink.eu\\\/wp-content\\\/uploads\\\/2023\\\/10\\\/tattoo-barrier-film-100-ml.jpg\",\"contentUrl\":\"https:\\\/\\\/electricink.eu\\\/wp-content\\\/uploads\\\/2023\\\/10\\\/tattoo-barrier-film-100-ml.jpg\",\"width\":474,\"height\":474},{\"@type\":\"BreadcrumbList\",\"@id\":\"https:\\\/\\\/electricink.eu\\\/fr\\\/producto\\\/tattoo-barrier-film-100ml\\\/#breadcrumb\",\"itemListElement\":[{\"@type\":\"ListItem\",\"position\":1,\"name\":\"Portada\",\"item\":\"https:\\\/\\\/electricink.eu\\\/fr\\\/home\\\/\"},{\"@type\":\"ListItem\",\"position\":2,\"name\":\"Boutique\",\"item\":\"https:\\\/\\\/electricink.eu\\\/tienda\\\/\"},{\"@type\":\"ListItem\",\"position\":3,\"name\":\"Tattoo Barrier Film &#8211; 100ml\"}]},{\"@type\":\"WebSite\",\"@id\":\"https:\\\/\\\/electricink.eu\\\/#website\",\"url\":\"https:\\\/\\\/electricink.eu\\\/\",\"name\":\"Electric Ink\u00ae\",\"description\":\"Material para Tatuar Profesional en Europa - Electric Ink\u00ae\",\"potentialAction\":[{\"@type\":\"SearchAction\",\"target\":{\"@type\":\"EntryPoint\",\"urlTemplate\":\"https:\\\/\\\/electricink.eu\\\/?s={search_term_string}\"},\"query-input\":{\"@type\":\"PropertyValueSpecification\",\"valueRequired\":true,\"valueName\":\"search_term_string\"}}],\"inLanguage\":\"fr-FR\"}]}<\/script>\n<!-- \/ Yoast SEO plugin. -->","yoast_head_json":{"title":"Tattoo Barrier Film - 100ml - Electric Ink\u00ae","description":"Gel qui devient un film fin transparent, respirant et flexible. Il agit comme une \u00ab seconde peau \u00bb prot\u00e9geant la zone sensible tatou\u00e9e.","robots":{"index":"index","follow":"follow","max-snippet":"max-snippet:-1","max-image-preview":"max-image-preview:large","max-video-preview":"max-video-preview:-1"},"canonical":"https:\/\/electricink.eu\/fr\/producto\/tattoo-barrier-film-100ml\/","og_locale":"fr_FR","og_type":"article","og_title":"Tattoo Barrier Film - 100ml - Electric Ink\u00ae","og_description":"Gel qui devient un film fin transparent, respirant et flexible. Il agit comme une \u00ab seconde peau \u00bb prot\u00e9geant la zone sensible tatou\u00e9e.","og_url":"https:\/\/electricink.eu\/fr\/producto\/tattoo-barrier-film-100ml\/","og_site_name":"Electric Ink\u00ae","article_modified_time":"2025-08-25T08:56:14+00:00","og_image":[{"width":474,"height":474,"url":"https:\/\/electricink.eu\/wp-content\/uploads\/2023\/10\/tattoo-barrier-film-100-ml.jpg","type":"image\/jpeg"}],"twitter_card":"summary_large_image","schema":{"@context":"https:\/\/schema.org","@graph":[{"@type":"WebPage","@id":"https:\/\/electricink.eu\/fr\/producto\/tattoo-barrier-film-100ml\/","url":"https:\/\/electricink.eu\/fr\/producto\/tattoo-barrier-film-100ml\/","name":"Tattoo Barrier Film - 100ml - Electric Ink\u00ae","isPartOf":{"@id":"https:\/\/electricink.eu\/#website"},"primaryImageOfPage":{"@id":"https:\/\/electricink.eu\/fr\/producto\/tattoo-barrier-film-100ml\/#primaryimage"},"image":{"@id":"https:\/\/electricink.eu\/fr\/producto\/tattoo-barrier-film-100ml\/#primaryimage"},"thumbnailUrl":"https:\/\/electricink.eu\/wp-content\/uploads\/2023\/10\/tattoo-barrier-film-100-ml.jpg","datePublished":"2023-12-14T00:18:49+00:00","dateModified":"2025-08-25T08:56:14+00:00","description":"Gel qui devient un film fin transparent, respirant et flexible. Il agit comme une \u00ab seconde peau \u00bb prot\u00e9geant la zone sensible tatou\u00e9e.","breadcrumb":{"@id":"https:\/\/electricink.eu\/fr\/producto\/tattoo-barrier-film-100ml\/#breadcrumb"},"inLanguage":"fr-FR","potentialAction":[{"@type":"ReadAction","target":["https:\/\/electricink.eu\/fr\/producto\/tattoo-barrier-film-100ml\/"]}]},{"@type":"ImageObject","inLanguage":"fr-FR","@id":"https:\/\/electricink.eu\/fr\/producto\/tattoo-barrier-film-100ml\/#primaryimage","url":"https:\/\/electricink.eu\/wp-content\/uploads\/2023\/10\/tattoo-barrier-film-100-ml.jpg","contentUrl":"https:\/\/electricink.eu\/wp-content\/uploads\/2023\/10\/tattoo-barrier-film-100-ml.jpg","width":474,"height":474},{"@type":"BreadcrumbList","@id":"https:\/\/electricink.eu\/fr\/producto\/tattoo-barrier-film-100ml\/#breadcrumb","itemListElement":[{"@type":"ListItem","position":1,"name":"Portada","item":"https:\/\/electricink.eu\/fr\/home\/"},{"@type":"ListItem","position":2,"name":"Boutique","item":"https:\/\/electricink.eu\/tienda\/"},{"@type":"ListItem","position":3,"name":"Tattoo Barrier Film &#8211; 100ml"}]},{"@type":"WebSite","@id":"https:\/\/electricink.eu\/#website","url":"https:\/\/electricink.eu\/","name":"Electric Ink\u00ae","description":"Material para Tatuar Profesional en Europa - Electric Ink\u00ae","potentialAction":[{"@type":"SearchAction","target":{"@type":"EntryPoint","urlTemplate":"https:\/\/electricink.eu\/?s={search_term_string}"},"query-input":{"@type":"PropertyValueSpecification","valueRequired":true,"valueName":"search_term_string"}}],"inLanguage":"fr-FR"}]}},"_links":{"self":[{"href":"https:\/\/electricink.eu\/fr\/wp-json\/wp\/v2\/product\/37248","targetHints":{"allow":["GET"]}}],"collection":[{"href":"https:\/\/electricink.eu\/fr\/wp-json\/wp\/v2\/product"}],"about":[{"href":"https:\/\/electricink.eu\/fr\/wp-json\/wp\/v2\/types\/product"}],"replies":[{"embeddable":true,"href":"https:\/\/electricink.eu\/fr\/wp-json\/wp\/v2\/comments?post=37248"}],"wp:featuredmedia":[{"embeddable":true,"href":"https:\/\/electricink.eu\/fr\/wp-json\/wp\/v2\/media\/3361"}],"wp:attachment":[{"href":"https:\/\/electricink.eu\/fr\/wp-json\/wp\/v2\/media?parent=37248"}],"wp:term":[{"taxonomy":"product_brand","embeddable":true,"href":"https:\/\/electricink.eu\/fr\/wp-json\/wp\/v2\/product_brand?post=37248"},{"taxonomy":"product_cat","embeddable":true,"href":"https:\/\/electricink.eu\/fr\/wp-json\/wp\/v2\/product_cat?post=37248"},{"taxonomy":"product_tag","embeddable":true,"href":"https:\/\/electricink.eu\/fr\/wp-json\/wp\/v2\/product_tag?post=37248"}],"curies":[{"name":"wp","href":"https:\/\/api.w.org\/{rel}","templated":true}]}}