{"id":37272,"date":"2023-12-14T01:18:49","date_gmt":"2023-12-14T00:18:49","guid":{"rendered":"https:\/\/electricink.eu\/producto\/capsules-steriles-electric-ink-boite-60-un\/"},"modified":"2024-01-31T16:23:20","modified_gmt":"2024-01-31T15:23:20","slug":"capsules-steriles-electric-ink-boite-60-un","status":"publish","type":"product","link":"https:\/\/electricink.eu\/fr\/producto\/capsules-steriles-electric-ink-boite-60-un\/","title":{"rendered":"Capsules st\u00e9riles Electric Ink bo\u00eete 60 un"},"content":{"rendered":"<p>Caps \/ Godets \u00e0 encre, marque Electric Ink, st\u00e9riles et jetables.<\/p>\n<p>USAGE UNIQUE<\/p>\n<p>Bo\u00eete avec 60 unit\u00e9s.<\/p>\n","protected":false},"excerpt":{"rendered":"<p>Capsules st\u00e9riles et jetables taille XXG &#8211; Electric Ink.<\/p>\n<p>Bo\u00eete avec 60 unit\u00e9s en blisters. Usage unique.<\/p>\n<p>Parfait pour le tatouage et la micropigmentation. Pourvu d&rsquo;une base large et tr\u00e8s stable.<\/p>\n","protected":false},"featured_media":3393,"comment_status":"closed","ping_status":"closed","template":"","meta":{"_acf_changed":false,"_et_pb_use_builder":"","_et_pb_old_content":"","_et_gb_content_width":"","inline_featured_image":false},"product_brand":[],"product_cat":[781,784],"product_tag":[],"class_list":{"0":"post-37272","1":"product","2":"type-product","3":"status-publish","4":"has-post-thumbnail","6":"product_cat-accessoires-pour-tatouer","7":"product_cat-ink-caps-fr","9":"first","10":"outofstock","11":"taxable","12":"shipping-taxable","13":"purchasable","14":"product-type-simple"},"acf":[],"yoast_head":"<!-- This site is optimized with the Yoast SEO plugin v27.4 - https:\/\/yoast.com\/product\/yoast-seo-wordpress\/ -->\n<title>Capsules st\u00e9riles Electric Ink bo\u00eete 60 un - Electric Ink\u00ae<\/title>\n<meta name=\"robots\" content=\"index, follow, max-snippet:-1, max-image-preview:large, max-video-preview:-1\" \/>\n<link rel=\"canonical\" href=\"https:\/\/electricink.eu\/fr\/producto\/capsules-steriles-electric-ink-boite-60-un\/\" \/>\n<meta property=\"og:locale\" content=\"fr_FR\" \/>\n<meta property=\"og:type\" content=\"article\" \/>\n<meta property=\"og:title\" content=\"Capsules st\u00e9riles Electric Ink bo\u00eete 60 un - Electric Ink\u00ae\" \/>\n<meta property=\"og:description\" content=\"Capsules st\u00e9riles et jetables taille XXG - Electric Ink. Bo\u00eete avec 60 unit\u00e9s en blisters. Usage unique. Parfait pour le tatouage et la micropigmentation. Pourvu d&#039;une base large et tr\u00e8s stable.\" \/>\n<meta property=\"og:url\" content=\"https:\/\/electricink.eu\/fr\/producto\/capsules-steriles-electric-ink-boite-60-un\/\" \/>\n<meta property=\"og:site_name\" content=\"Electric Ink\u00ae\" \/>\n<meta property=\"article:modified_time\" content=\"2024-01-31T15:23:20+00:00\" \/>\n<meta property=\"og:image\" content=\"https:\/\/electricink.eu\/wp-content\/uploads\/2023\/10\/inkcaps-xgg.jpeg\" \/>\n\t<meta property=\"og:image:width\" content=\"500\" \/>\n\t<meta property=\"og:image:height\" content=\"500\" \/>\n\t<meta property=\"og:image:type\" content=\"image\/jpeg\" \/>\n<meta name=\"twitter:card\" content=\"summary_large_image\" \/>\n<script type=\"application\/ld+json\" class=\"yoast-schema-graph\">{\"@context\":\"https:\\\/\\\/schema.org\",\"@graph\":[{\"@type\":\"WebPage\",\"@id\":\"https:\\\/\\\/electricink.eu\\\/fr\\\/producto\\\/capsules-steriles-electric-ink-boite-60-un\\\/\",\"url\":\"https:\\\/\\\/electricink.eu\\\/fr\\\/producto\\\/capsules-steriles-electric-ink-boite-60-un\\\/\",\"name\":\"Capsules st\u00e9riles Electric Ink bo\u00eete 60 un - Electric Ink\u00ae\",\"isPartOf\":{\"@id\":\"https:\\\/\\\/electricink.eu\\\/#website\"},\"primaryImageOfPage\":{\"@id\":\"https:\\\/\\\/electricink.eu\\\/fr\\\/producto\\\/capsules-steriles-electric-ink-boite-60-un\\\/#primaryimage\"},\"image\":{\"@id\":\"https:\\\/\\\/electricink.eu\\\/fr\\\/producto\\\/capsules-steriles-electric-ink-boite-60-un\\\/#primaryimage\"},\"thumbnailUrl\":\"https:\\\/\\\/electricink.eu\\\/wp-content\\\/uploads\\\/2023\\\/10\\\/inkcaps-xgg.jpeg\",\"datePublished\":\"2023-12-14T00:18:49+00:00\",\"dateModified\":\"2024-01-31T15:23:20+00:00\",\"breadcrumb\":{\"@id\":\"https:\\\/\\\/electricink.eu\\\/fr\\\/producto\\\/capsules-steriles-electric-ink-boite-60-un\\\/#breadcrumb\"},\"inLanguage\":\"fr-FR\",\"potentialAction\":[{\"@type\":\"ReadAction\",\"target\":[\"https:\\\/\\\/electricink.eu\\\/fr\\\/producto\\\/capsules-steriles-electric-ink-boite-60-un\\\/\"]}]},{\"@type\":\"ImageObject\",\"inLanguage\":\"fr-FR\",\"@id\":\"https:\\\/\\\/electricink.eu\\\/fr\\\/producto\\\/capsules-steriles-electric-ink-boite-60-un\\\/#primaryimage\",\"url\":\"https:\\\/\\\/electricink.eu\\\/wp-content\\\/uploads\\\/2023\\\/10\\\/inkcaps-xgg.jpeg\",\"contentUrl\":\"https:\\\/\\\/electricink.eu\\\/wp-content\\\/uploads\\\/2023\\\/10\\\/inkcaps-xgg.jpeg\",\"width\":500,\"height\":500},{\"@type\":\"BreadcrumbList\",\"@id\":\"https:\\\/\\\/electricink.eu\\\/fr\\\/producto\\\/capsules-steriles-electric-ink-boite-60-un\\\/#breadcrumb\",\"itemListElement\":[{\"@type\":\"ListItem\",\"position\":1,\"name\":\"Portada\",\"item\":\"https:\\\/\\\/electricink.eu\\\/fr\\\/home\\\/\"},{\"@type\":\"ListItem\",\"position\":2,\"name\":\"Boutique\",\"item\":\"https:\\\/\\\/electricink.eu\\\/tienda\\\/\"},{\"@type\":\"ListItem\",\"position\":3,\"name\":\"Capsules st\u00e9riles Electric Ink bo\u00eete 60 un\"}]},{\"@type\":\"WebSite\",\"@id\":\"https:\\\/\\\/electricink.eu\\\/#website\",\"url\":\"https:\\\/\\\/electricink.eu\\\/\",\"name\":\"Electric Ink\u00ae\",\"description\":\"Material para Tatuar Profesional en Europa - Electric Ink\u00ae\",\"potentialAction\":[{\"@type\":\"SearchAction\",\"target\":{\"@type\":\"EntryPoint\",\"urlTemplate\":\"https:\\\/\\\/electricink.eu\\\/?s={search_term_string}\"},\"query-input\":{\"@type\":\"PropertyValueSpecification\",\"valueRequired\":true,\"valueName\":\"search_term_string\"}}],\"inLanguage\":\"fr-FR\"}]}<\/script>\n<!-- \/ Yoast SEO plugin. -->","yoast_head_json":{"title":"Capsules st\u00e9riles Electric Ink bo\u00eete 60 un - Electric Ink\u00ae","robots":{"index":"index","follow":"follow","max-snippet":"max-snippet:-1","max-image-preview":"max-image-preview:large","max-video-preview":"max-video-preview:-1"},"canonical":"https:\/\/electricink.eu\/fr\/producto\/capsules-steriles-electric-ink-boite-60-un\/","og_locale":"fr_FR","og_type":"article","og_title":"Capsules st\u00e9riles Electric Ink bo\u00eete 60 un - Electric Ink\u00ae","og_description":"Capsules st\u00e9riles et jetables taille XXG - Electric Ink. Bo\u00eete avec 60 unit\u00e9s en blisters. Usage unique. Parfait pour le tatouage et la micropigmentation. Pourvu d'une base large et tr\u00e8s stable.","og_url":"https:\/\/electricink.eu\/fr\/producto\/capsules-steriles-electric-ink-boite-60-un\/","og_site_name":"Electric Ink\u00ae","article_modified_time":"2024-01-31T15:23:20+00:00","og_image":[{"width":500,"height":500,"url":"https:\/\/electricink.eu\/wp-content\/uploads\/2023\/10\/inkcaps-xgg.jpeg","type":"image\/jpeg"}],"twitter_card":"summary_large_image","schema":{"@context":"https:\/\/schema.org","@graph":[{"@type":"WebPage","@id":"https:\/\/electricink.eu\/fr\/producto\/capsules-steriles-electric-ink-boite-60-un\/","url":"https:\/\/electricink.eu\/fr\/producto\/capsules-steriles-electric-ink-boite-60-un\/","name":"Capsules st\u00e9riles Electric Ink bo\u00eete 60 un - Electric Ink\u00ae","isPartOf":{"@id":"https:\/\/electricink.eu\/#website"},"primaryImageOfPage":{"@id":"https:\/\/electricink.eu\/fr\/producto\/capsules-steriles-electric-ink-boite-60-un\/#primaryimage"},"image":{"@id":"https:\/\/electricink.eu\/fr\/producto\/capsules-steriles-electric-ink-boite-60-un\/#primaryimage"},"thumbnailUrl":"https:\/\/electricink.eu\/wp-content\/uploads\/2023\/10\/inkcaps-xgg.jpeg","datePublished":"2023-12-14T00:18:49+00:00","dateModified":"2024-01-31T15:23:20+00:00","breadcrumb":{"@id":"https:\/\/electricink.eu\/fr\/producto\/capsules-steriles-electric-ink-boite-60-un\/#breadcrumb"},"inLanguage":"fr-FR","potentialAction":[{"@type":"ReadAction","target":["https:\/\/electricink.eu\/fr\/producto\/capsules-steriles-electric-ink-boite-60-un\/"]}]},{"@type":"ImageObject","inLanguage":"fr-FR","@id":"https:\/\/electricink.eu\/fr\/producto\/capsules-steriles-electric-ink-boite-60-un\/#primaryimage","url":"https:\/\/electricink.eu\/wp-content\/uploads\/2023\/10\/inkcaps-xgg.jpeg","contentUrl":"https:\/\/electricink.eu\/wp-content\/uploads\/2023\/10\/inkcaps-xgg.jpeg","width":500,"height":500},{"@type":"BreadcrumbList","@id":"https:\/\/electricink.eu\/fr\/producto\/capsules-steriles-electric-ink-boite-60-un\/#breadcrumb","itemListElement":[{"@type":"ListItem","position":1,"name":"Portada","item":"https:\/\/electricink.eu\/fr\/home\/"},{"@type":"ListItem","position":2,"name":"Boutique","item":"https:\/\/electricink.eu\/tienda\/"},{"@type":"ListItem","position":3,"name":"Capsules st\u00e9riles Electric Ink bo\u00eete 60 un"}]},{"@type":"WebSite","@id":"https:\/\/electricink.eu\/#website","url":"https:\/\/electricink.eu\/","name":"Electric Ink\u00ae","description":"Material para Tatuar Profesional en Europa - Electric Ink\u00ae","potentialAction":[{"@type":"SearchAction","target":{"@type":"EntryPoint","urlTemplate":"https:\/\/electricink.eu\/?s={search_term_string}"},"query-input":{"@type":"PropertyValueSpecification","valueRequired":true,"valueName":"search_term_string"}}],"inLanguage":"fr-FR"}]}},"_links":{"self":[{"href":"https:\/\/electricink.eu\/fr\/wp-json\/wp\/v2\/product\/37272","targetHints":{"allow":["GET"]}}],"collection":[{"href":"https:\/\/electricink.eu\/fr\/wp-json\/wp\/v2\/product"}],"about":[{"href":"https:\/\/electricink.eu\/fr\/wp-json\/wp\/v2\/types\/product"}],"replies":[{"embeddable":true,"href":"https:\/\/electricink.eu\/fr\/wp-json\/wp\/v2\/comments?post=37272"}],"wp:featuredmedia":[{"embeddable":true,"href":"https:\/\/electricink.eu\/fr\/wp-json\/wp\/v2\/media\/3393"}],"wp:attachment":[{"href":"https:\/\/electricink.eu\/fr\/wp-json\/wp\/v2\/media?parent=37272"}],"wp:term":[{"taxonomy":"product_brand","embeddable":true,"href":"https:\/\/electricink.eu\/fr\/wp-json\/wp\/v2\/product_brand?post=37272"},{"taxonomy":"product_cat","embeddable":true,"href":"https:\/\/electricink.eu\/fr\/wp-json\/wp\/v2\/product_cat?post=37272"},{"taxonomy":"product_tag","embeddable":true,"href":"https:\/\/electricink.eu\/fr\/wp-json\/wp\/v2\/product_tag?post=37272"}],"curies":[{"name":"wp","href":"https:\/\/api.w.org\/{rel}","templated":true}]}}