{"id":37275,"date":"2023-12-14T01:18:49","date_gmt":"2023-12-14T00:18:49","guid":{"rendered":"https:\/\/electricink.eu\/producto\/cable-clip-cord-traditionnel-electric-ink-bleu\/"},"modified":"2024-01-31T16:20:39","modified_gmt":"2024-01-31T15:20:39","slug":"cable-clip-cord-traditionnel-electric-ink-bleu","status":"publish","type":"product","link":"https:\/\/electricink.eu\/fr\/producto\/cable-clip-cord-traditionnel-electric-ink-bleu\/","title":{"rendered":"C\u00e2ble Clip Cord Traditionnel Electric Ink &#8211; Bleu"},"content":{"rendered":"<p>C\u00e2ble Clip-Cord Electric Ink<\/p>\n<p>Connecteur clip cord \u00e0 une extr\u00e9mit\u00e9, P10 \u00e0 l&rsquo;autre.<\/p>\n<p>C\u00e2ble st\u00e9r\u00e9o bidirectionnel blind\u00e9.<\/p>\n<ul>\n<li><strong>Couleur: <\/strong>bleue<\/li>\n<li><strong>Longueur:<\/strong> 2 m\u00e8tres<\/li>\n<li><strong>Poids:<\/strong> 35 gr<\/li>\n<\/ul>\n","protected":false},"excerpt":{"rendered":"<p>C\u00e2ble Clip Cord traditionnel Electric Ink pour machines de tatouage \u00e0 bobines.<\/p>\n<p>En silicone, 2 m\u00e8tres de long.<\/p>\n<p>Le c\u00e2ble Clip Cord Electric Ink a un ressort haute tension qui emp\u00eache les pannes de connexion et de conductivit\u00e9.<\/p>\n","protected":false},"featured_media":39087,"comment_status":"closed","ping_status":"closed","template":"","meta":{"_acf_changed":false,"_et_pb_use_builder":"","_et_pb_old_content":"","_et_gb_content_width":"","inline_featured_image":false},"product_brand":[],"product_cat":[781,794,808,810],"product_tag":[],"class_list":{"0":"post-37275","1":"product","2":"type-product","3":"status-publish","4":"has-post-thumbnail","6":"product_cat-accessoires-pour-tatouer","7":"product_cat-micropigmentation","8":"product_cat-tattoo-fr","9":"product_cat-cables-fr","11":"first","12":"instock","13":"taxable","14":"shipping-taxable","15":"purchasable","16":"product-type-simple"},"acf":[],"yoast_head":"<!-- This site is optimized with the Yoast SEO plugin v27.4 - https:\/\/yoast.com\/product\/yoast-seo-wordpress\/ -->\n<title>C\u00e2ble Clip Cord Traditionnel Electric Ink - Bleu - Electric Ink\u00ae<\/title>\n<meta name=\"robots\" content=\"index, follow, max-snippet:-1, max-image-preview:large, max-video-preview:-1\" \/>\n<link rel=\"canonical\" href=\"https:\/\/electricink.eu\/fr\/producto\/cable-clip-cord-traditionnel-electric-ink-bleu\/\" \/>\n<meta property=\"og:locale\" content=\"fr_FR\" \/>\n<meta property=\"og:type\" content=\"article\" \/>\n<meta property=\"og:title\" content=\"C\u00e2ble Clip Cord Traditionnel Electric Ink - Bleu - Electric Ink\u00ae\" \/>\n<meta property=\"og:description\" content=\"C\u00e2ble Clip Cord traditionnel Electric Ink pour machines de tatouage \u00e0 bobines. En silicone, 2 m\u00e8tres de long. Le c\u00e2ble Clip Cord Electric Ink a un ressort haute tension qui emp\u00eache les pannes de connexion et de conductivit\u00e9.\" \/>\n<meta property=\"og:url\" content=\"https:\/\/electricink.eu\/fr\/producto\/cable-clip-cord-traditionnel-electric-ink-bleu\/\" \/>\n<meta property=\"og:site_name\" content=\"Electric Ink\u00ae\" \/>\n<meta property=\"article:modified_time\" content=\"2024-01-31T15:20:39+00:00\" \/>\n<meta property=\"og:image\" content=\"https:\/\/electricink.eu\/wp-content\/uploads\/2023\/12\/ClipCord_tradicional_plug_nuevo_Azul-3.png\" \/>\n\t<meta property=\"og:image:width\" content=\"900\" \/>\n\t<meta property=\"og:image:height\" content=\"900\" \/>\n\t<meta property=\"og:image:type\" content=\"image\/png\" \/>\n<meta name=\"twitter:card\" content=\"summary_large_image\" \/>\n<script type=\"application\/ld+json\" class=\"yoast-schema-graph\">{\"@context\":\"https:\\\/\\\/schema.org\",\"@graph\":[{\"@type\":\"WebPage\",\"@id\":\"https:\\\/\\\/electricink.eu\\\/fr\\\/producto\\\/cable-clip-cord-traditionnel-electric-ink-bleu\\\/\",\"url\":\"https:\\\/\\\/electricink.eu\\\/fr\\\/producto\\\/cable-clip-cord-traditionnel-electric-ink-bleu\\\/\",\"name\":\"C\u00e2ble Clip Cord Traditionnel Electric Ink - Bleu - Electric Ink\u00ae\",\"isPartOf\":{\"@id\":\"https:\\\/\\\/electricink.eu\\\/#website\"},\"primaryImageOfPage\":{\"@id\":\"https:\\\/\\\/electricink.eu\\\/fr\\\/producto\\\/cable-clip-cord-traditionnel-electric-ink-bleu\\\/#primaryimage\"},\"image\":{\"@id\":\"https:\\\/\\\/electricink.eu\\\/fr\\\/producto\\\/cable-clip-cord-traditionnel-electric-ink-bleu\\\/#primaryimage\"},\"thumbnailUrl\":\"https:\\\/\\\/electricink.eu\\\/wp-content\\\/uploads\\\/2023\\\/12\\\/ClipCord_tradicional_plug_nuevo_Azul-3.png\",\"datePublished\":\"2023-12-14T00:18:49+00:00\",\"dateModified\":\"2024-01-31T15:20:39+00:00\",\"breadcrumb\":{\"@id\":\"https:\\\/\\\/electricink.eu\\\/fr\\\/producto\\\/cable-clip-cord-traditionnel-electric-ink-bleu\\\/#breadcrumb\"},\"inLanguage\":\"fr-FR\",\"potentialAction\":[{\"@type\":\"ReadAction\",\"target\":[\"https:\\\/\\\/electricink.eu\\\/fr\\\/producto\\\/cable-clip-cord-traditionnel-electric-ink-bleu\\\/\"]}]},{\"@type\":\"ImageObject\",\"inLanguage\":\"fr-FR\",\"@id\":\"https:\\\/\\\/electricink.eu\\\/fr\\\/producto\\\/cable-clip-cord-traditionnel-electric-ink-bleu\\\/#primaryimage\",\"url\":\"https:\\\/\\\/electricink.eu\\\/wp-content\\\/uploads\\\/2023\\\/12\\\/ClipCord_tradicional_plug_nuevo_Azul-3.png\",\"contentUrl\":\"https:\\\/\\\/electricink.eu\\\/wp-content\\\/uploads\\\/2023\\\/12\\\/ClipCord_tradicional_plug_nuevo_Azul-3.png\",\"width\":900,\"height\":900},{\"@type\":\"BreadcrumbList\",\"@id\":\"https:\\\/\\\/electricink.eu\\\/fr\\\/producto\\\/cable-clip-cord-traditionnel-electric-ink-bleu\\\/#breadcrumb\",\"itemListElement\":[{\"@type\":\"ListItem\",\"position\":1,\"name\":\"Portada\",\"item\":\"https:\\\/\\\/electricink.eu\\\/fr\\\/home\\\/\"},{\"@type\":\"ListItem\",\"position\":2,\"name\":\"Boutique\",\"item\":\"https:\\\/\\\/electricink.eu\\\/tienda\\\/\"},{\"@type\":\"ListItem\",\"position\":3,\"name\":\"C\u00e2ble Clip Cord Traditionnel Electric Ink &#8211; Bleu\"}]},{\"@type\":\"WebSite\",\"@id\":\"https:\\\/\\\/electricink.eu\\\/#website\",\"url\":\"https:\\\/\\\/electricink.eu\\\/\",\"name\":\"Electric Ink\u00ae\",\"description\":\"Material para Tatuar Profesional en Europa - Electric Ink\u00ae\",\"potentialAction\":[{\"@type\":\"SearchAction\",\"target\":{\"@type\":\"EntryPoint\",\"urlTemplate\":\"https:\\\/\\\/electricink.eu\\\/?s={search_term_string}\"},\"query-input\":{\"@type\":\"PropertyValueSpecification\",\"valueRequired\":true,\"valueName\":\"search_term_string\"}}],\"inLanguage\":\"fr-FR\"}]}<\/script>\n<!-- \/ Yoast SEO plugin. -->","yoast_head_json":{"title":"C\u00e2ble Clip Cord Traditionnel Electric Ink - Bleu - Electric Ink\u00ae","robots":{"index":"index","follow":"follow","max-snippet":"max-snippet:-1","max-image-preview":"max-image-preview:large","max-video-preview":"max-video-preview:-1"},"canonical":"https:\/\/electricink.eu\/fr\/producto\/cable-clip-cord-traditionnel-electric-ink-bleu\/","og_locale":"fr_FR","og_type":"article","og_title":"C\u00e2ble Clip Cord Traditionnel Electric Ink - Bleu - Electric Ink\u00ae","og_description":"C\u00e2ble Clip Cord traditionnel Electric Ink pour machines de tatouage \u00e0 bobines. En silicone, 2 m\u00e8tres de long. Le c\u00e2ble Clip Cord Electric Ink a un ressort haute tension qui emp\u00eache les pannes de connexion et de conductivit\u00e9.","og_url":"https:\/\/electricink.eu\/fr\/producto\/cable-clip-cord-traditionnel-electric-ink-bleu\/","og_site_name":"Electric Ink\u00ae","article_modified_time":"2024-01-31T15:20:39+00:00","og_image":[{"width":900,"height":900,"url":"https:\/\/electricink.eu\/wp-content\/uploads\/2023\/12\/ClipCord_tradicional_plug_nuevo_Azul-3.png","type":"image\/png"}],"twitter_card":"summary_large_image","schema":{"@context":"https:\/\/schema.org","@graph":[{"@type":"WebPage","@id":"https:\/\/electricink.eu\/fr\/producto\/cable-clip-cord-traditionnel-electric-ink-bleu\/","url":"https:\/\/electricink.eu\/fr\/producto\/cable-clip-cord-traditionnel-electric-ink-bleu\/","name":"C\u00e2ble Clip Cord Traditionnel Electric Ink - Bleu - Electric Ink\u00ae","isPartOf":{"@id":"https:\/\/electricink.eu\/#website"},"primaryImageOfPage":{"@id":"https:\/\/electricink.eu\/fr\/producto\/cable-clip-cord-traditionnel-electric-ink-bleu\/#primaryimage"},"image":{"@id":"https:\/\/electricink.eu\/fr\/producto\/cable-clip-cord-traditionnel-electric-ink-bleu\/#primaryimage"},"thumbnailUrl":"https:\/\/electricink.eu\/wp-content\/uploads\/2023\/12\/ClipCord_tradicional_plug_nuevo_Azul-3.png","datePublished":"2023-12-14T00:18:49+00:00","dateModified":"2024-01-31T15:20:39+00:00","breadcrumb":{"@id":"https:\/\/electricink.eu\/fr\/producto\/cable-clip-cord-traditionnel-electric-ink-bleu\/#breadcrumb"},"inLanguage":"fr-FR","potentialAction":[{"@type":"ReadAction","target":["https:\/\/electricink.eu\/fr\/producto\/cable-clip-cord-traditionnel-electric-ink-bleu\/"]}]},{"@type":"ImageObject","inLanguage":"fr-FR","@id":"https:\/\/electricink.eu\/fr\/producto\/cable-clip-cord-traditionnel-electric-ink-bleu\/#primaryimage","url":"https:\/\/electricink.eu\/wp-content\/uploads\/2023\/12\/ClipCord_tradicional_plug_nuevo_Azul-3.png","contentUrl":"https:\/\/electricink.eu\/wp-content\/uploads\/2023\/12\/ClipCord_tradicional_plug_nuevo_Azul-3.png","width":900,"height":900},{"@type":"BreadcrumbList","@id":"https:\/\/electricink.eu\/fr\/producto\/cable-clip-cord-traditionnel-electric-ink-bleu\/#breadcrumb","itemListElement":[{"@type":"ListItem","position":1,"name":"Portada","item":"https:\/\/electricink.eu\/fr\/home\/"},{"@type":"ListItem","position":2,"name":"Boutique","item":"https:\/\/electricink.eu\/tienda\/"},{"@type":"ListItem","position":3,"name":"C\u00e2ble Clip Cord Traditionnel Electric Ink &#8211; Bleu"}]},{"@type":"WebSite","@id":"https:\/\/electricink.eu\/#website","url":"https:\/\/electricink.eu\/","name":"Electric Ink\u00ae","description":"Material para Tatuar Profesional en Europa - Electric Ink\u00ae","potentialAction":[{"@type":"SearchAction","target":{"@type":"EntryPoint","urlTemplate":"https:\/\/electricink.eu\/?s={search_term_string}"},"query-input":{"@type":"PropertyValueSpecification","valueRequired":true,"valueName":"search_term_string"}}],"inLanguage":"fr-FR"}]}},"_links":{"self":[{"href":"https:\/\/electricink.eu\/fr\/wp-json\/wp\/v2\/product\/37275","targetHints":{"allow":["GET"]}}],"collection":[{"href":"https:\/\/electricink.eu\/fr\/wp-json\/wp\/v2\/product"}],"about":[{"href":"https:\/\/electricink.eu\/fr\/wp-json\/wp\/v2\/types\/product"}],"replies":[{"embeddable":true,"href":"https:\/\/electricink.eu\/fr\/wp-json\/wp\/v2\/comments?post=37275"}],"wp:featuredmedia":[{"embeddable":true,"href":"https:\/\/electricink.eu\/fr\/wp-json\/wp\/v2\/media\/39087"}],"wp:attachment":[{"href":"https:\/\/electricink.eu\/fr\/wp-json\/wp\/v2\/media?parent=37275"}],"wp:term":[{"taxonomy":"product_brand","embeddable":true,"href":"https:\/\/electricink.eu\/fr\/wp-json\/wp\/v2\/product_brand?post=37275"},{"taxonomy":"product_cat","embeddable":true,"href":"https:\/\/electricink.eu\/fr\/wp-json\/wp\/v2\/product_cat?post=37275"},{"taxonomy":"product_tag","embeddable":true,"href":"https:\/\/electricink.eu\/fr\/wp-json\/wp\/v2\/product_tag?post=37275"}],"curies":[{"name":"wp","href":"https:\/\/api.w.org\/{rel}","templated":true}]}}