{"id":37290,"date":"2023-12-14T01:18:17","date_gmt":"2023-12-14T00:18:17","guid":{"rendered":"https:\/\/electricink.eu\/producto\/nuance-skin-finisher-12g\/"},"modified":"2025-06-01T12:52:36","modified_gmt":"2025-06-01T10:52:36","slug":"nuance-skin-finisher-12g","status":"publish","type":"product","link":"https:\/\/electricink.eu\/fr\/producto\/nuance-skin-finisher-12g\/","title":{"rendered":"Nuance Skin Finisher &#8211; 12g"},"content":{"rendered":"<p><strong>Format :<\/strong> 12g<\/p>\n<p><strong>Mod\u00e8le :<\/strong> Cr\u00e8me hydratante<\/p>\n<p><strong>Marque :<\/strong> Nuance by Electric Ink<\/p>\n","protected":false},"excerpt":{"rendered":"<p><strong>Skin Finisher<\/strong> tiene une formule douce, enrichie en huile de copa\u00efba, qui aide \u00e0 prendre soin et \u00e0 hydrater la peau. De texture cr\u00e9meuse, son utilisation est recommand\u00e9e apr\u00e8s la proc\u00e9dure de micropigmentation. Prot\u00e8ge la r\u00e9gion pigment\u00e9e et favorise le processus de cicatrisation.<\/p>\n<p><strong>Recommandations :<\/strong> Apr\u00e8s le nettoyage, appliquez une quantit\u00e9 suffisante de <strong>Nuance Skin Finisher<\/strong> sur la peau, jusqu&rsquo;\u00e0 ce qu\u2019une couche fine et uniforme soit form\u00e9e.<\/p>\n","protected":false},"featured_media":39097,"comment_status":"closed","ping_status":"closed","template":"","meta":{"_acf_changed":false,"_et_pb_use_builder":"","_et_pb_old_content":"","_et_gb_content_width":"","inline_featured_image":false},"product_brand":[],"product_cat":[791,792,794],"product_tag":[],"class_list":{"0":"post-37290","1":"product","2":"type-product","3":"status-publish","4":"has-post-thumbnail","6":"product_cat-cosmetiques","7":"product_cat-cosmetique-micropigmentation","8":"product_cat-micropigmentation","10":"first","11":"instock","12":"taxable","13":"shipping-taxable","14":"purchasable","15":"product-type-simple"},"acf":[],"yoast_head":"<!-- This site is optimized with the Yoast SEO plugin v27.5 - https:\/\/yoast.com\/product\/yoast-seo-wordpress\/ -->\n<title>Nuance Skin Finisher - 12g - Electric Ink\u00ae<\/title>\n<meta name=\"description\" content=\"Cr\u00e8me enrichie en huile de copa\u00efba qui soigne et hydrate la peau pigment\u00e9e. De texture onctueuse, elle prot\u00e8ge et favorise le processus de cicatrisation.\" \/>\n<meta name=\"robots\" content=\"index, follow, max-snippet:-1, max-image-preview:large, max-video-preview:-1\" \/>\n<link rel=\"canonical\" href=\"https:\/\/electricink.eu\/fr\/producto\/nuance-skin-finisher-12g\/\" \/>\n<meta property=\"og:locale\" content=\"fr_FR\" \/>\n<meta property=\"og:type\" content=\"article\" \/>\n<meta property=\"og:title\" content=\"Nuance Skin Finisher - 12g - Electric Ink\u00ae\" \/>\n<meta property=\"og:description\" content=\"Cr\u00e8me enrichie en huile de copa\u00efba qui soigne et hydrate la peau pigment\u00e9e. De texture onctueuse, elle prot\u00e8ge et favorise le processus de cicatrisation.\" \/>\n<meta property=\"og:url\" content=\"https:\/\/electricink.eu\/fr\/producto\/nuance-skin-finisher-12g\/\" \/>\n<meta property=\"og:site_name\" content=\"Electric Ink\u00ae\" \/>\n<meta property=\"article:modified_time\" content=\"2025-06-01T10:52:36+00:00\" \/>\n<meta property=\"og:image\" content=\"https:\/\/electricink.eu\/wp-content\/uploads\/2023\/12\/NuanceSkinFinisher12g.png\" \/>\n\t<meta property=\"og:image:width\" content=\"500\" \/>\n\t<meta property=\"og:image:height\" content=\"500\" \/>\n\t<meta property=\"og:image:type\" content=\"image\/png\" \/>\n<meta name=\"twitter:card\" content=\"summary_large_image\" \/>\n<meta name=\"twitter:label1\" content=\"Dur\u00e9e de lecture estim\u00e9e\" \/>\n\t<meta name=\"twitter:data1\" content=\"1 minute\" \/>\n<script type=\"application\/ld+json\" class=\"yoast-schema-graph\">{\"@context\":\"https:\\\/\\\/schema.org\",\"@graph\":[{\"@type\":\"WebPage\",\"@id\":\"https:\\\/\\\/electricink.eu\\\/fr\\\/producto\\\/nuance-skin-finisher-12g\\\/\",\"url\":\"https:\\\/\\\/electricink.eu\\\/fr\\\/producto\\\/nuance-skin-finisher-12g\\\/\",\"name\":\"Nuance Skin Finisher - 12g - Electric Ink\u00ae\",\"isPartOf\":{\"@id\":\"https:\\\/\\\/electricink.eu\\\/#website\"},\"primaryImageOfPage\":{\"@id\":\"https:\\\/\\\/electricink.eu\\\/fr\\\/producto\\\/nuance-skin-finisher-12g\\\/#primaryimage\"},\"image\":{\"@id\":\"https:\\\/\\\/electricink.eu\\\/fr\\\/producto\\\/nuance-skin-finisher-12g\\\/#primaryimage\"},\"thumbnailUrl\":\"https:\\\/\\\/electricink.eu\\\/wp-content\\\/uploads\\\/2023\\\/12\\\/NuanceSkinFinisher12g.png\",\"datePublished\":\"2023-12-14T00:18:17+00:00\",\"dateModified\":\"2025-06-01T10:52:36+00:00\",\"description\":\"Cr\u00e8me enrichie en huile de copa\u00efba qui soigne et hydrate la peau pigment\u00e9e. De texture onctueuse, elle prot\u00e8ge et favorise le processus de cicatrisation.\",\"breadcrumb\":{\"@id\":\"https:\\\/\\\/electricink.eu\\\/fr\\\/producto\\\/nuance-skin-finisher-12g\\\/#breadcrumb\"},\"inLanguage\":\"fr-FR\",\"potentialAction\":[{\"@type\":\"ReadAction\",\"target\":[\"https:\\\/\\\/electricink.eu\\\/fr\\\/producto\\\/nuance-skin-finisher-12g\\\/\"]}]},{\"@type\":\"ImageObject\",\"inLanguage\":\"fr-FR\",\"@id\":\"https:\\\/\\\/electricink.eu\\\/fr\\\/producto\\\/nuance-skin-finisher-12g\\\/#primaryimage\",\"url\":\"https:\\\/\\\/electricink.eu\\\/wp-content\\\/uploads\\\/2023\\\/12\\\/NuanceSkinFinisher12g.png\",\"contentUrl\":\"https:\\\/\\\/electricink.eu\\\/wp-content\\\/uploads\\\/2023\\\/12\\\/NuanceSkinFinisher12g.png\",\"width\":500,\"height\":500},{\"@type\":\"BreadcrumbList\",\"@id\":\"https:\\\/\\\/electricink.eu\\\/fr\\\/producto\\\/nuance-skin-finisher-12g\\\/#breadcrumb\",\"itemListElement\":[{\"@type\":\"ListItem\",\"position\":1,\"name\":\"Portada\",\"item\":\"https:\\\/\\\/electricink.eu\\\/fr\\\/home\\\/\"},{\"@type\":\"ListItem\",\"position\":2,\"name\":\"Boutique\",\"item\":\"https:\\\/\\\/electricink.eu\\\/tienda\\\/\"},{\"@type\":\"ListItem\",\"position\":3,\"name\":\"Nuance Skin Finisher &#8211; 12g\"}]},{\"@type\":\"WebSite\",\"@id\":\"https:\\\/\\\/electricink.eu\\\/#website\",\"url\":\"https:\\\/\\\/electricink.eu\\\/\",\"name\":\"Electric Ink\u00ae\",\"description\":\"Material para Tatuar Profesional en Europa - Electric Ink\u00ae\",\"potentialAction\":[{\"@type\":\"SearchAction\",\"target\":{\"@type\":\"EntryPoint\",\"urlTemplate\":\"https:\\\/\\\/electricink.eu\\\/?s={search_term_string}\"},\"query-input\":{\"@type\":\"PropertyValueSpecification\",\"valueRequired\":true,\"valueName\":\"search_term_string\"}}],\"inLanguage\":\"fr-FR\"}]}<\/script>\n<!-- \/ Yoast SEO plugin. -->","yoast_head_json":{"title":"Nuance Skin Finisher - 12g - Electric Ink\u00ae","description":"Cr\u00e8me enrichie en huile de copa\u00efba qui soigne et hydrate la peau pigment\u00e9e. De texture onctueuse, elle prot\u00e8ge et favorise le processus de cicatrisation.","robots":{"index":"index","follow":"follow","max-snippet":"max-snippet:-1","max-image-preview":"max-image-preview:large","max-video-preview":"max-video-preview:-1"},"canonical":"https:\/\/electricink.eu\/fr\/producto\/nuance-skin-finisher-12g\/","og_locale":"fr_FR","og_type":"article","og_title":"Nuance Skin Finisher - 12g - Electric Ink\u00ae","og_description":"Cr\u00e8me enrichie en huile de copa\u00efba qui soigne et hydrate la peau pigment\u00e9e. De texture onctueuse, elle prot\u00e8ge et favorise le processus de cicatrisation.","og_url":"https:\/\/electricink.eu\/fr\/producto\/nuance-skin-finisher-12g\/","og_site_name":"Electric Ink\u00ae","article_modified_time":"2025-06-01T10:52:36+00:00","og_image":[{"width":500,"height":500,"url":"https:\/\/electricink.eu\/wp-content\/uploads\/2023\/12\/NuanceSkinFinisher12g.png","type":"image\/png"}],"twitter_card":"summary_large_image","twitter_misc":{"Dur\u00e9e de lecture estim\u00e9e":"1 minute"},"schema":{"@context":"https:\/\/schema.org","@graph":[{"@type":"WebPage","@id":"https:\/\/electricink.eu\/fr\/producto\/nuance-skin-finisher-12g\/","url":"https:\/\/electricink.eu\/fr\/producto\/nuance-skin-finisher-12g\/","name":"Nuance Skin Finisher - 12g - Electric Ink\u00ae","isPartOf":{"@id":"https:\/\/electricink.eu\/#website"},"primaryImageOfPage":{"@id":"https:\/\/electricink.eu\/fr\/producto\/nuance-skin-finisher-12g\/#primaryimage"},"image":{"@id":"https:\/\/electricink.eu\/fr\/producto\/nuance-skin-finisher-12g\/#primaryimage"},"thumbnailUrl":"https:\/\/electricink.eu\/wp-content\/uploads\/2023\/12\/NuanceSkinFinisher12g.png","datePublished":"2023-12-14T00:18:17+00:00","dateModified":"2025-06-01T10:52:36+00:00","description":"Cr\u00e8me enrichie en huile de copa\u00efba qui soigne et hydrate la peau pigment\u00e9e. De texture onctueuse, elle prot\u00e8ge et favorise le processus de cicatrisation.","breadcrumb":{"@id":"https:\/\/electricink.eu\/fr\/producto\/nuance-skin-finisher-12g\/#breadcrumb"},"inLanguage":"fr-FR","potentialAction":[{"@type":"ReadAction","target":["https:\/\/electricink.eu\/fr\/producto\/nuance-skin-finisher-12g\/"]}]},{"@type":"ImageObject","inLanguage":"fr-FR","@id":"https:\/\/electricink.eu\/fr\/producto\/nuance-skin-finisher-12g\/#primaryimage","url":"https:\/\/electricink.eu\/wp-content\/uploads\/2023\/12\/NuanceSkinFinisher12g.png","contentUrl":"https:\/\/electricink.eu\/wp-content\/uploads\/2023\/12\/NuanceSkinFinisher12g.png","width":500,"height":500},{"@type":"BreadcrumbList","@id":"https:\/\/electricink.eu\/fr\/producto\/nuance-skin-finisher-12g\/#breadcrumb","itemListElement":[{"@type":"ListItem","position":1,"name":"Portada","item":"https:\/\/electricink.eu\/fr\/home\/"},{"@type":"ListItem","position":2,"name":"Boutique","item":"https:\/\/electricink.eu\/tienda\/"},{"@type":"ListItem","position":3,"name":"Nuance Skin Finisher &#8211; 12g"}]},{"@type":"WebSite","@id":"https:\/\/electricink.eu\/#website","url":"https:\/\/electricink.eu\/","name":"Electric Ink\u00ae","description":"Material para Tatuar Profesional en Europa - Electric Ink\u00ae","potentialAction":[{"@type":"SearchAction","target":{"@type":"EntryPoint","urlTemplate":"https:\/\/electricink.eu\/?s={search_term_string}"},"query-input":{"@type":"PropertyValueSpecification","valueRequired":true,"valueName":"search_term_string"}}],"inLanguage":"fr-FR"}]}},"_links":{"self":[{"href":"https:\/\/electricink.eu\/fr\/wp-json\/wp\/v2\/product\/37290","targetHints":{"allow":["GET"]}}],"collection":[{"href":"https:\/\/electricink.eu\/fr\/wp-json\/wp\/v2\/product"}],"about":[{"href":"https:\/\/electricink.eu\/fr\/wp-json\/wp\/v2\/types\/product"}],"replies":[{"embeddable":true,"href":"https:\/\/electricink.eu\/fr\/wp-json\/wp\/v2\/comments?post=37290"}],"wp:featuredmedia":[{"embeddable":true,"href":"https:\/\/electricink.eu\/fr\/wp-json\/wp\/v2\/media\/39097"}],"wp:attachment":[{"href":"https:\/\/electricink.eu\/fr\/wp-json\/wp\/v2\/media?parent=37290"}],"wp:term":[{"taxonomy":"product_brand","embeddable":true,"href":"https:\/\/electricink.eu\/fr\/wp-json\/wp\/v2\/product_brand?post=37290"},{"taxonomy":"product_cat","embeddable":true,"href":"https:\/\/electricink.eu\/fr\/wp-json\/wp\/v2\/product_cat?post=37290"},{"taxonomy":"product_tag","embeddable":true,"href":"https:\/\/electricink.eu\/fr\/wp-json\/wp\/v2\/product_tag?post=37290"}],"curies":[{"name":"wp","href":"https:\/\/api.w.org\/{rel}","templated":true}]}}