{"id":37347,"date":"2023-12-14T01:17:36","date_gmt":"2023-12-14T00:17:36","guid":{"rendered":"https:\/\/electricink.eu\/producto\/tattoo-stencil-fix-120ml\/"},"modified":"2024-08-19T20:52:15","modified_gmt":"2024-08-19T18:52:15","slug":"tattoo-stencil-fix-120ml","status":"publish","type":"product","link":"https:\/\/electricink.eu\/fr\/producto\/tattoo-stencil-fix-120ml\/","title":{"rendered":"Tattoo Stencil FIX &#8211; 120ml"},"content":{"rendered":"<p><strong>Format :<\/strong> 120 ml<\/p>\n<p><strong>Mod\u00e8le :<\/strong> Stencil<\/p>\n<p><strong>Marque :<\/strong> Electric Ink<\/p>\n","protected":false},"excerpt":{"rendered":"<p><strong>Tattoo Stencil Fix<\/strong> est un spray pour une fixation extra des calques et des projets Freehand. Il \u00e9limine \u00e9galement l\u2019exc\u00e8s de carbone du calque, l\u2019emp\u00eachant ainsi de se tacher pendant le tatouage. Sa formule contient des ingr\u00e9dients hydratants qui prennent soin de la peau.<\/p>\n<p><strong>Application :<\/strong> Apr\u00e8s avoir appliqu\u00e9 le calque avec Tattoo Stencil Transfer It ou dessin\u00e9 avec le Freehand Electric Ink Drawing Pen, vaporisez Tattoo Stencil Fix\u00a0 sur du papier absorbant et appuyez pendant 5 secondes sur le dessin.<\/p>\n","protected":false},"featured_media":36460,"comment_status":"closed","ping_status":"closed","template":"","meta":{"_acf_changed":false,"_et_pb_use_builder":"","_et_pb_old_content":"","_et_gb_content_width":"","inline_featured_image":false},"product_brand":[],"product_cat":[791,793,808],"product_tag":[],"class_list":{"0":"post-37347","1":"product","2":"type-product","3":"status-publish","4":"has-post-thumbnail","6":"product_cat-cosmetiques","7":"product_cat-cosmetique-tattoo-cosmetiques","8":"product_cat-tattoo-fr","10":"first","11":"outofstock","12":"taxable","13":"shipping-taxable","14":"purchasable","15":"product-type-simple"},"acf":[],"yoast_head":"<!-- This site is optimized with the Yoast SEO plugin v27.4 - https:\/\/yoast.com\/product\/yoast-seo-wordpress\/ -->\n<title>Tattoo Stencil FIX - 120ml - Electric Ink\u00ae<\/title>\n<meta name=\"description\" content=\"Tattoo Stencil Fix est un spray pour une fixation extra des calques et des projets Freehand. Sa formule contient des ingr\u00e9dients hydratants qui prennent soin de la peau.\" \/>\n<meta name=\"robots\" content=\"index, follow, max-snippet:-1, max-image-preview:large, max-video-preview:-1\" \/>\n<link rel=\"canonical\" href=\"https:\/\/electricink.eu\/producto\/tattoo-stencil-fix-120ml\/\" \/>\n<meta property=\"og:locale\" content=\"fr_FR\" \/>\n<meta property=\"og:type\" content=\"article\" \/>\n<meta property=\"og:title\" content=\"Tattoo Stencil FIX - 120ml - Electric Ink\u00ae\" \/>\n<meta property=\"og:description\" content=\"Tattoo Stencil Fix est un spray pour une fixation extra des calques et des projets Freehand. Sa formule contient des ingr\u00e9dients hydratants qui prennent soin de la peau.\" \/>\n<meta property=\"og:url\" content=\"https:\/\/electricink.eu\/producto\/tattoo-stencil-fix-120ml\/\" \/>\n<meta property=\"og:site_name\" content=\"Electric Ink\u00ae\" \/>\n<meta property=\"article:modified_time\" content=\"2024-08-19T18:52:15+00:00\" \/>\n<meta property=\"og:image\" content=\"https:\/\/electricink.eu\/wp-content\/uploads\/2023\/12\/TattooStencilFix120ml-1.jpg\" \/>\n\t<meta property=\"og:image:width\" content=\"708\" \/>\n\t<meta property=\"og:image:height\" content=\"710\" \/>\n\t<meta property=\"og:image:type\" content=\"image\/jpeg\" \/>\n<meta name=\"twitter:card\" content=\"summary_large_image\" \/>\n<script type=\"application\/ld+json\" class=\"yoast-schema-graph\">{\"@context\":\"https:\\\/\\\/schema.org\",\"@graph\":[{\"@type\":\"WebPage\",\"@id\":\"https:\\\/\\\/electricink.eu\\\/producto\\\/tattoo-stencil-fix-120ml\\\/\",\"url\":\"https:\\\/\\\/electricink.eu\\\/producto\\\/tattoo-stencil-fix-120ml\\\/\",\"name\":\"Tattoo Stencil FIX - 120ml - Electric Ink\u00ae\",\"isPartOf\":{\"@id\":\"https:\\\/\\\/electricink.eu\\\/#website\"},\"primaryImageOfPage\":{\"@id\":\"https:\\\/\\\/electricink.eu\\\/producto\\\/tattoo-stencil-fix-120ml\\\/#primaryimage\"},\"image\":{\"@id\":\"https:\\\/\\\/electricink.eu\\\/producto\\\/tattoo-stencil-fix-120ml\\\/#primaryimage\"},\"thumbnailUrl\":\"https:\\\/\\\/electricink.eu\\\/wp-content\\\/uploads\\\/2023\\\/12\\\/TattooStencilFix120ml-1.jpg\",\"datePublished\":\"2023-12-14T00:17:36+00:00\",\"dateModified\":\"2024-08-19T18:52:15+00:00\",\"description\":\"Tattoo Stencil Fix est un spray pour une fixation extra des calques et des projets Freehand. Sa formule contient des ingr\u00e9dients hydratants qui prennent soin de la peau.\",\"breadcrumb\":{\"@id\":\"https:\\\/\\\/electricink.eu\\\/producto\\\/tattoo-stencil-fix-120ml\\\/#breadcrumb\"},\"inLanguage\":\"fr-FR\",\"potentialAction\":[{\"@type\":\"ReadAction\",\"target\":[\"https:\\\/\\\/electricink.eu\\\/producto\\\/tattoo-stencil-fix-120ml\\\/\"]}]},{\"@type\":\"ImageObject\",\"inLanguage\":\"fr-FR\",\"@id\":\"https:\\\/\\\/electricink.eu\\\/producto\\\/tattoo-stencil-fix-120ml\\\/#primaryimage\",\"url\":\"https:\\\/\\\/electricink.eu\\\/wp-content\\\/uploads\\\/2023\\\/12\\\/TattooStencilFix120ml-1.jpg\",\"contentUrl\":\"https:\\\/\\\/electricink.eu\\\/wp-content\\\/uploads\\\/2023\\\/12\\\/TattooStencilFix120ml-1.jpg\",\"width\":708,\"height\":710},{\"@type\":\"BreadcrumbList\",\"@id\":\"https:\\\/\\\/electricink.eu\\\/producto\\\/tattoo-stencil-fix-120ml\\\/#breadcrumb\",\"itemListElement\":[{\"@type\":\"ListItem\",\"position\":1,\"name\":\"Portada\",\"item\":\"https:\\\/\\\/electricink.eu\\\/fr\\\/home\\\/\"},{\"@type\":\"ListItem\",\"position\":2,\"name\":\"Boutique\",\"item\":\"https:\\\/\\\/electricink.eu\\\/tienda\\\/\"},{\"@type\":\"ListItem\",\"position\":3,\"name\":\"Tattoo Stencil FIX &#8211; 120ml\"}]},{\"@type\":\"WebSite\",\"@id\":\"https:\\\/\\\/electricink.eu\\\/#website\",\"url\":\"https:\\\/\\\/electricink.eu\\\/\",\"name\":\"Electric Ink\u00ae\",\"description\":\"Material para Tatuar Profesional en Europa - Electric Ink\u00ae\",\"potentialAction\":[{\"@type\":\"SearchAction\",\"target\":{\"@type\":\"EntryPoint\",\"urlTemplate\":\"https:\\\/\\\/electricink.eu\\\/?s={search_term_string}\"},\"query-input\":{\"@type\":\"PropertyValueSpecification\",\"valueRequired\":true,\"valueName\":\"search_term_string\"}}],\"inLanguage\":\"fr-FR\"}]}<\/script>\n<!-- \/ Yoast SEO plugin. -->","yoast_head_json":{"title":"Tattoo Stencil FIX - 120ml - Electric Ink\u00ae","description":"Tattoo Stencil Fix est un spray pour une fixation extra des calques et des projets Freehand. Sa formule contient des ingr\u00e9dients hydratants qui prennent soin de la peau.","robots":{"index":"index","follow":"follow","max-snippet":"max-snippet:-1","max-image-preview":"max-image-preview:large","max-video-preview":"max-video-preview:-1"},"canonical":"https:\/\/electricink.eu\/producto\/tattoo-stencil-fix-120ml\/","og_locale":"fr_FR","og_type":"article","og_title":"Tattoo Stencil FIX - 120ml - Electric Ink\u00ae","og_description":"Tattoo Stencil Fix est un spray pour une fixation extra des calques et des projets Freehand. Sa formule contient des ingr\u00e9dients hydratants qui prennent soin de la peau.","og_url":"https:\/\/electricink.eu\/producto\/tattoo-stencil-fix-120ml\/","og_site_name":"Electric Ink\u00ae","article_modified_time":"2024-08-19T18:52:15+00:00","og_image":[{"width":708,"height":710,"url":"https:\/\/electricink.eu\/wp-content\/uploads\/2023\/12\/TattooStencilFix120ml-1.jpg","type":"image\/jpeg"}],"twitter_card":"summary_large_image","schema":{"@context":"https:\/\/schema.org","@graph":[{"@type":"WebPage","@id":"https:\/\/electricink.eu\/producto\/tattoo-stencil-fix-120ml\/","url":"https:\/\/electricink.eu\/producto\/tattoo-stencil-fix-120ml\/","name":"Tattoo Stencil FIX - 120ml - Electric Ink\u00ae","isPartOf":{"@id":"https:\/\/electricink.eu\/#website"},"primaryImageOfPage":{"@id":"https:\/\/electricink.eu\/producto\/tattoo-stencil-fix-120ml\/#primaryimage"},"image":{"@id":"https:\/\/electricink.eu\/producto\/tattoo-stencil-fix-120ml\/#primaryimage"},"thumbnailUrl":"https:\/\/electricink.eu\/wp-content\/uploads\/2023\/12\/TattooStencilFix120ml-1.jpg","datePublished":"2023-12-14T00:17:36+00:00","dateModified":"2024-08-19T18:52:15+00:00","description":"Tattoo Stencil Fix est un spray pour une fixation extra des calques et des projets Freehand. Sa formule contient des ingr\u00e9dients hydratants qui prennent soin de la peau.","breadcrumb":{"@id":"https:\/\/electricink.eu\/producto\/tattoo-stencil-fix-120ml\/#breadcrumb"},"inLanguage":"fr-FR","potentialAction":[{"@type":"ReadAction","target":["https:\/\/electricink.eu\/producto\/tattoo-stencil-fix-120ml\/"]}]},{"@type":"ImageObject","inLanguage":"fr-FR","@id":"https:\/\/electricink.eu\/producto\/tattoo-stencil-fix-120ml\/#primaryimage","url":"https:\/\/electricink.eu\/wp-content\/uploads\/2023\/12\/TattooStencilFix120ml-1.jpg","contentUrl":"https:\/\/electricink.eu\/wp-content\/uploads\/2023\/12\/TattooStencilFix120ml-1.jpg","width":708,"height":710},{"@type":"BreadcrumbList","@id":"https:\/\/electricink.eu\/producto\/tattoo-stencil-fix-120ml\/#breadcrumb","itemListElement":[{"@type":"ListItem","position":1,"name":"Portada","item":"https:\/\/electricink.eu\/fr\/home\/"},{"@type":"ListItem","position":2,"name":"Boutique","item":"https:\/\/electricink.eu\/tienda\/"},{"@type":"ListItem","position":3,"name":"Tattoo Stencil FIX &#8211; 120ml"}]},{"@type":"WebSite","@id":"https:\/\/electricink.eu\/#website","url":"https:\/\/electricink.eu\/","name":"Electric Ink\u00ae","description":"Material para Tatuar Profesional en Europa - Electric Ink\u00ae","potentialAction":[{"@type":"SearchAction","target":{"@type":"EntryPoint","urlTemplate":"https:\/\/electricink.eu\/?s={search_term_string}"},"query-input":{"@type":"PropertyValueSpecification","valueRequired":true,"valueName":"search_term_string"}}],"inLanguage":"fr-FR"}]}},"_links":{"self":[{"href":"https:\/\/electricink.eu\/fr\/wp-json\/wp\/v2\/product\/37347","targetHints":{"allow":["GET"]}}],"collection":[{"href":"https:\/\/electricink.eu\/fr\/wp-json\/wp\/v2\/product"}],"about":[{"href":"https:\/\/electricink.eu\/fr\/wp-json\/wp\/v2\/types\/product"}],"replies":[{"embeddable":true,"href":"https:\/\/electricink.eu\/fr\/wp-json\/wp\/v2\/comments?post=37347"}],"wp:featuredmedia":[{"embeddable":true,"href":"https:\/\/electricink.eu\/fr\/wp-json\/wp\/v2\/media\/36460"}],"wp:attachment":[{"href":"https:\/\/electricink.eu\/fr\/wp-json\/wp\/v2\/media?parent=37347"}],"wp:term":[{"taxonomy":"product_brand","embeddable":true,"href":"https:\/\/electricink.eu\/fr\/wp-json\/wp\/v2\/product_brand?post=37347"},{"taxonomy":"product_cat","embeddable":true,"href":"https:\/\/electricink.eu\/fr\/wp-json\/wp\/v2\/product_cat?post=37347"},{"taxonomy":"product_tag","embeddable":true,"href":"https:\/\/electricink.eu\/fr\/wp-json\/wp\/v2\/product_tag?post=37347"}],"curies":[{"name":"wp","href":"https:\/\/api.w.org\/{rel}","templated":true}]}}