{"id":37377,"date":"2023-12-14T01:17:36","date_gmt":"2023-12-14T00:17:36","guid":{"rendered":"https:\/\/electricink.eu\/producto\/tattoo-after-all-250ml\/"},"modified":"2024-08-13T15:20:04","modified_gmt":"2024-08-13T13:20:04","slug":"tattoo-after-all-250ml","status":"publish","type":"product","link":"https:\/\/electricink.eu\/fr\/producto\/tattoo-after-all-250ml\/","title":{"rendered":"Tattoo After All &#8211; 250ml"},"content":{"rendered":"<p><strong>Format :<\/strong> 250 ml<\/p>\n<p><strong>Mod\u00e8le :<\/strong> After All<\/p>\n<p><strong>Marque :<\/strong> Electric Ink<\/p>\n","protected":false},"excerpt":{"rendered":"<p><strong>Une fois termin\u00e9 le tatouage, les premiers jours de soins sont fondamentaux.<\/strong> Une peau encore ouverte a besoin d&rsquo;une bonne hygi\u00e8ne, ainsi que d&rsquo;une protection contre les agents externes qui peuvent nuire au processus de cicatrisation.<\/p>\n<p>Id\u00e9al pour \u00eatre appliqu\u00e9 apr\u00e8s le nettoyage du tatouage, <strong>After All<\/strong> a une action antiseptique et apaisante pour la peau. R\u00e9duit les \u00ab rougeurs \u00bb et contribue \u00e0 une r\u00e9cup\u00e9ration plus rapide et plus s\u00fbre, favorisant la cicatrisation.<\/p>\n<p><strong>Application:<\/strong> Appliquer <strong>After All<\/strong> apr\u00e8s avoir nettoy\u00e9 le tatouage et s\u00e9cher avec du papier absorbant doux, sans frotter. Pas besoin de rincer.<\/p>\n","protected":false},"featured_media":3147,"comment_status":"closed","ping_status":"closed","template":"","meta":{"_acf_changed":false,"_et_pb_use_builder":"","_et_pb_old_content":"","_et_gb_content_width":"","inline_featured_image":false},"product_brand":[],"product_cat":[791,793,808],"product_tag":[],"class_list":{"0":"post-37377","1":"product","2":"type-product","3":"status-publish","4":"has-post-thumbnail","6":"product_cat-cosmetiques","7":"product_cat-cosmetique-tattoo-cosmetiques","8":"product_cat-tattoo-fr","10":"first","11":"instock","12":"taxable","13":"shipping-taxable","14":"purchasable","15":"product-type-simple"},"acf":[],"yoast_head":"<!-- This site is optimized with the Yoast SEO plugin v27.4 - https:\/\/yoast.com\/product\/yoast-seo-wordpress\/ -->\n<title>Tattoo After All - 250ml - Electric Ink\u00ae<\/title>\n<meta name=\"description\" content=\"Nettoyer et prot\u00e9ger : After All a une action antiseptique et apaisante, contribuant \u00e0 une r\u00e9cup\u00e9ration plus rapide et plus s\u00fbre de la peau tatou\u00e9e.\" \/>\n<meta name=\"robots\" content=\"index, follow, max-snippet:-1, max-image-preview:large, max-video-preview:-1\" \/>\n<link rel=\"canonical\" href=\"https:\/\/electricink.eu\/fr\/producto\/tattoo-after-all-250ml\/\" \/>\n<meta property=\"og:locale\" content=\"fr_FR\" \/>\n<meta property=\"og:type\" content=\"article\" \/>\n<meta property=\"og:title\" content=\"Tattoo After All - 250ml - Electric Ink\u00ae\" \/>\n<meta property=\"og:description\" content=\"Nettoyer et prot\u00e9ger : After All a une action antiseptique et apaisante, contribuant \u00e0 une r\u00e9cup\u00e9ration plus rapide et plus s\u00fbre de la peau tatou\u00e9e.\" \/>\n<meta property=\"og:url\" content=\"https:\/\/electricink.eu\/fr\/producto\/tattoo-after-all-250ml\/\" \/>\n<meta property=\"og:site_name\" content=\"Electric Ink\u00ae\" \/>\n<meta property=\"article:modified_time\" content=\"2024-08-13T13:20:04+00:00\" \/>\n<meta property=\"og:image\" content=\"https:\/\/electricink.eu\/wp-content\/uploads\/2023\/10\/AfterAll250ml.png\" \/>\n\t<meta property=\"og:image:width\" content=\"500\" \/>\n\t<meta property=\"og:image:height\" content=\"500\" \/>\n\t<meta property=\"og:image:type\" content=\"image\/png\" \/>\n<meta name=\"twitter:card\" content=\"summary_large_image\" \/>\n<script type=\"application\/ld+json\" class=\"yoast-schema-graph\">{\"@context\":\"https:\\\/\\\/schema.org\",\"@graph\":[{\"@type\":\"WebPage\",\"@id\":\"https:\\\/\\\/electricink.eu\\\/fr\\\/producto\\\/tattoo-after-all-250ml\\\/\",\"url\":\"https:\\\/\\\/electricink.eu\\\/fr\\\/producto\\\/tattoo-after-all-250ml\\\/\",\"name\":\"Tattoo After All - 250ml - Electric Ink\u00ae\",\"isPartOf\":{\"@id\":\"https:\\\/\\\/electricink.eu\\\/#website\"},\"primaryImageOfPage\":{\"@id\":\"https:\\\/\\\/electricink.eu\\\/fr\\\/producto\\\/tattoo-after-all-250ml\\\/#primaryimage\"},\"image\":{\"@id\":\"https:\\\/\\\/electricink.eu\\\/fr\\\/producto\\\/tattoo-after-all-250ml\\\/#primaryimage\"},\"thumbnailUrl\":\"https:\\\/\\\/electricink.eu\\\/wp-content\\\/uploads\\\/2023\\\/10\\\/AfterAll250ml.png\",\"datePublished\":\"2023-12-14T00:17:36+00:00\",\"dateModified\":\"2024-08-13T13:20:04+00:00\",\"description\":\"Nettoyer et prot\u00e9ger : After All a une action antiseptique et apaisante, contribuant \u00e0 une r\u00e9cup\u00e9ration plus rapide et plus s\u00fbre de la peau tatou\u00e9e.\",\"breadcrumb\":{\"@id\":\"https:\\\/\\\/electricink.eu\\\/fr\\\/producto\\\/tattoo-after-all-250ml\\\/#breadcrumb\"},\"inLanguage\":\"fr-FR\",\"potentialAction\":[{\"@type\":\"ReadAction\",\"target\":[\"https:\\\/\\\/electricink.eu\\\/fr\\\/producto\\\/tattoo-after-all-250ml\\\/\"]}]},{\"@type\":\"ImageObject\",\"inLanguage\":\"fr-FR\",\"@id\":\"https:\\\/\\\/electricink.eu\\\/fr\\\/producto\\\/tattoo-after-all-250ml\\\/#primaryimage\",\"url\":\"https:\\\/\\\/electricink.eu\\\/wp-content\\\/uploads\\\/2023\\\/10\\\/AfterAll250ml.png\",\"contentUrl\":\"https:\\\/\\\/electricink.eu\\\/wp-content\\\/uploads\\\/2023\\\/10\\\/AfterAll250ml.png\",\"width\":500,\"height\":500},{\"@type\":\"BreadcrumbList\",\"@id\":\"https:\\\/\\\/electricink.eu\\\/fr\\\/producto\\\/tattoo-after-all-250ml\\\/#breadcrumb\",\"itemListElement\":[{\"@type\":\"ListItem\",\"position\":1,\"name\":\"Portada\",\"item\":\"https:\\\/\\\/electricink.eu\\\/fr\\\/home\\\/\"},{\"@type\":\"ListItem\",\"position\":2,\"name\":\"Boutique\",\"item\":\"https:\\\/\\\/electricink.eu\\\/tienda\\\/\"},{\"@type\":\"ListItem\",\"position\":3,\"name\":\"Tattoo After All &#8211; 250ml\"}]},{\"@type\":\"WebSite\",\"@id\":\"https:\\\/\\\/electricink.eu\\\/#website\",\"url\":\"https:\\\/\\\/electricink.eu\\\/\",\"name\":\"Electric Ink\u00ae\",\"description\":\"Material para Tatuar Profesional en Europa - Electric Ink\u00ae\",\"potentialAction\":[{\"@type\":\"SearchAction\",\"target\":{\"@type\":\"EntryPoint\",\"urlTemplate\":\"https:\\\/\\\/electricink.eu\\\/?s={search_term_string}\"},\"query-input\":{\"@type\":\"PropertyValueSpecification\",\"valueRequired\":true,\"valueName\":\"search_term_string\"}}],\"inLanguage\":\"fr-FR\"}]}<\/script>\n<!-- \/ Yoast SEO plugin. -->","yoast_head_json":{"title":"Tattoo After All - 250ml - Electric Ink\u00ae","description":"Nettoyer et prot\u00e9ger : After All a une action antiseptique et apaisante, contribuant \u00e0 une r\u00e9cup\u00e9ration plus rapide et plus s\u00fbre de la peau tatou\u00e9e.","robots":{"index":"index","follow":"follow","max-snippet":"max-snippet:-1","max-image-preview":"max-image-preview:large","max-video-preview":"max-video-preview:-1"},"canonical":"https:\/\/electricink.eu\/fr\/producto\/tattoo-after-all-250ml\/","og_locale":"fr_FR","og_type":"article","og_title":"Tattoo After All - 250ml - Electric Ink\u00ae","og_description":"Nettoyer et prot\u00e9ger : After All a une action antiseptique et apaisante, contribuant \u00e0 une r\u00e9cup\u00e9ration plus rapide et plus s\u00fbre de la peau tatou\u00e9e.","og_url":"https:\/\/electricink.eu\/fr\/producto\/tattoo-after-all-250ml\/","og_site_name":"Electric Ink\u00ae","article_modified_time":"2024-08-13T13:20:04+00:00","og_image":[{"width":500,"height":500,"url":"https:\/\/electricink.eu\/wp-content\/uploads\/2023\/10\/AfterAll250ml.png","type":"image\/png"}],"twitter_card":"summary_large_image","schema":{"@context":"https:\/\/schema.org","@graph":[{"@type":"WebPage","@id":"https:\/\/electricink.eu\/fr\/producto\/tattoo-after-all-250ml\/","url":"https:\/\/electricink.eu\/fr\/producto\/tattoo-after-all-250ml\/","name":"Tattoo After All - 250ml - Electric Ink\u00ae","isPartOf":{"@id":"https:\/\/electricink.eu\/#website"},"primaryImageOfPage":{"@id":"https:\/\/electricink.eu\/fr\/producto\/tattoo-after-all-250ml\/#primaryimage"},"image":{"@id":"https:\/\/electricink.eu\/fr\/producto\/tattoo-after-all-250ml\/#primaryimage"},"thumbnailUrl":"https:\/\/electricink.eu\/wp-content\/uploads\/2023\/10\/AfterAll250ml.png","datePublished":"2023-12-14T00:17:36+00:00","dateModified":"2024-08-13T13:20:04+00:00","description":"Nettoyer et prot\u00e9ger : After All a une action antiseptique et apaisante, contribuant \u00e0 une r\u00e9cup\u00e9ration plus rapide et plus s\u00fbre de la peau tatou\u00e9e.","breadcrumb":{"@id":"https:\/\/electricink.eu\/fr\/producto\/tattoo-after-all-250ml\/#breadcrumb"},"inLanguage":"fr-FR","potentialAction":[{"@type":"ReadAction","target":["https:\/\/electricink.eu\/fr\/producto\/tattoo-after-all-250ml\/"]}]},{"@type":"ImageObject","inLanguage":"fr-FR","@id":"https:\/\/electricink.eu\/fr\/producto\/tattoo-after-all-250ml\/#primaryimage","url":"https:\/\/electricink.eu\/wp-content\/uploads\/2023\/10\/AfterAll250ml.png","contentUrl":"https:\/\/electricink.eu\/wp-content\/uploads\/2023\/10\/AfterAll250ml.png","width":500,"height":500},{"@type":"BreadcrumbList","@id":"https:\/\/electricink.eu\/fr\/producto\/tattoo-after-all-250ml\/#breadcrumb","itemListElement":[{"@type":"ListItem","position":1,"name":"Portada","item":"https:\/\/electricink.eu\/fr\/home\/"},{"@type":"ListItem","position":2,"name":"Boutique","item":"https:\/\/electricink.eu\/tienda\/"},{"@type":"ListItem","position":3,"name":"Tattoo After All &#8211; 250ml"}]},{"@type":"WebSite","@id":"https:\/\/electricink.eu\/#website","url":"https:\/\/electricink.eu\/","name":"Electric Ink\u00ae","description":"Material para Tatuar Profesional en Europa - Electric Ink\u00ae","potentialAction":[{"@type":"SearchAction","target":{"@type":"EntryPoint","urlTemplate":"https:\/\/electricink.eu\/?s={search_term_string}"},"query-input":{"@type":"PropertyValueSpecification","valueRequired":true,"valueName":"search_term_string"}}],"inLanguage":"fr-FR"}]}},"_links":{"self":[{"href":"https:\/\/electricink.eu\/fr\/wp-json\/wp\/v2\/product\/37377","targetHints":{"allow":["GET"]}}],"collection":[{"href":"https:\/\/electricink.eu\/fr\/wp-json\/wp\/v2\/product"}],"about":[{"href":"https:\/\/electricink.eu\/fr\/wp-json\/wp\/v2\/types\/product"}],"replies":[{"embeddable":true,"href":"https:\/\/electricink.eu\/fr\/wp-json\/wp\/v2\/comments?post=37377"}],"wp:featuredmedia":[{"embeddable":true,"href":"https:\/\/electricink.eu\/fr\/wp-json\/wp\/v2\/media\/3147"}],"wp:attachment":[{"href":"https:\/\/electricink.eu\/fr\/wp-json\/wp\/v2\/media?parent=37377"}],"wp:term":[{"taxonomy":"product_brand","embeddable":true,"href":"https:\/\/electricink.eu\/fr\/wp-json\/wp\/v2\/product_brand?post=37377"},{"taxonomy":"product_cat","embeddable":true,"href":"https:\/\/electricink.eu\/fr\/wp-json\/wp\/v2\/product_cat?post=37377"},{"taxonomy":"product_tag","embeddable":true,"href":"https:\/\/electricink.eu\/fr\/wp-json\/wp\/v2\/product_tag?post=37377"}],"curies":[{"name":"wp","href":"https:\/\/api.w.org\/{rel}","templated":true}]}}