{"id":37394,"date":"2023-12-14T01:17:36","date_gmt":"2023-12-14T00:17:36","guid":{"rendered":"https:\/\/electricink.eu\/producto\/tattoo-vaseline-slip-premium-150g\/"},"modified":"2025-08-30T16:56:48","modified_gmt":"2025-08-30T14:56:48","slug":"tattoo-vaseline-slip-premium-150g","status":"publish","type":"product","link":"https:\/\/electricink.eu\/fr\/producto\/tattoo-vaseline-slip-premium-150g\/","title":{"rendered":"Tattoo Vaseline Slip Premium &#8211; 150g"},"content":{"rendered":"<p><strong>Format :<\/strong> 150g<\/p>\n<p><strong>Mod\u00e8le :<\/strong> Vaseline<\/p>\n<p><strong>Marque :<\/strong> Electric Ink<\/p>\n","protected":false},"excerpt":{"rendered":"<p><strong>Tattoo Vaseline Slip Premium<\/strong> <strong>Electric Ink<\/strong><\/p>\n<p>Douceur, hydratation et soin sp\u00e9cial !<br \/>Avec une formule riche en ingredients actifs, complexe d&rsquo;om\u00e9ga,\u00a0 antioxydant et des vitamines, il apporte douceur, hydratation et soin \u00e0 la peau tout au long du processus de tatouage ou de micropigmentation.<\/p>\n<p><strong>Application :<\/strong> \u00c0 l&rsquo;aide d&rsquo;une spatule, retirez la quantit\u00e9 n\u00e9cessaire et appliquer une fine couche sur la peau. R\u00e9appliquez chaque fois que n\u00e9cessaire.<\/p>\n","protected":false},"featured_media":3155,"comment_status":"closed","ping_status":"closed","template":"","meta":{"_acf_changed":false,"_et_pb_use_builder":"","_et_pb_old_content":"","_et_gb_content_width":"","inline_featured_image":false},"product_brand":[],"product_cat":[791,793,808],"product_tag":[],"class_list":{"0":"post-37394","1":"product","2":"type-product","3":"status-publish","4":"has-post-thumbnail","6":"product_cat-cosmetiques","7":"product_cat-cosmetique-tattoo-cosmetiques","8":"product_cat-tattoo-fr","10":"first","11":"outofstock","12":"taxable","13":"shipping-taxable","14":"purchasable","15":"product-type-simple"},"acf":[],"yoast_head":"<!-- This site is optimized with the Yoast SEO plugin v27.4 - https:\/\/yoast.com\/product\/yoast-seo-wordpress\/ -->\n<title>Tattoo Vaseline Slip Premium - 150g - Electric Ink\u00ae<\/title>\n<meta name=\"description\" content=\"Douceur, hydratation et soin tout au long de la s\u00e9ance de tatouage ! Riche en principes actifs et en vitamines.\" \/>\n<meta name=\"robots\" content=\"index, follow, max-snippet:-1, max-image-preview:large, max-video-preview:-1\" \/>\n<link rel=\"canonical\" href=\"https:\/\/electricink.eu\/producto\/tattoo-vaselina-slip-premium-150g\/\" \/>\n<meta property=\"og:locale\" content=\"fr_FR\" \/>\n<meta property=\"og:type\" content=\"article\" \/>\n<meta property=\"og:title\" content=\"Tattoo Vaseline Slip Premium - 150g - Electric Ink\u00ae\" \/>\n<meta property=\"og:description\" content=\"Douceur, hydratation et soin tout au long de la s\u00e9ance de tatouage ! Riche en principes actifs et en vitamines.\" \/>\n<meta property=\"og:url\" content=\"https:\/\/electricink.eu\/producto\/tattoo-vaselina-slip-premium-150g\/\" \/>\n<meta property=\"og:site_name\" content=\"Electric Ink\u00ae\" \/>\n<meta property=\"article:modified_time\" content=\"2025-08-30T14:56:48+00:00\" \/>\n<meta property=\"og:image\" content=\"https:\/\/electricink.eu\/wp-content\/uploads\/2023\/10\/VaselinaPremium150g.png\" \/>\n\t<meta property=\"og:image:width\" content=\"500\" \/>\n\t<meta property=\"og:image:height\" content=\"500\" \/>\n\t<meta property=\"og:image:type\" content=\"image\/png\" \/>\n<meta name=\"twitter:card\" content=\"summary_large_image\" \/>\n<script type=\"application\/ld+json\" class=\"yoast-schema-graph\">{\"@context\":\"https:\\\/\\\/schema.org\",\"@graph\":[{\"@type\":\"WebPage\",\"@id\":\"https:\\\/\\\/electricink.eu\\\/producto\\\/tattoo-vaselina-slip-premium-150g\\\/\",\"url\":\"https:\\\/\\\/electricink.eu\\\/producto\\\/tattoo-vaselina-slip-premium-150g\\\/\",\"name\":\"Tattoo Vaseline Slip Premium - 150g - Electric Ink\u00ae\",\"isPartOf\":{\"@id\":\"https:\\\/\\\/electricink.eu\\\/#website\"},\"primaryImageOfPage\":{\"@id\":\"https:\\\/\\\/electricink.eu\\\/producto\\\/tattoo-vaselina-slip-premium-150g\\\/#primaryimage\"},\"image\":{\"@id\":\"https:\\\/\\\/electricink.eu\\\/producto\\\/tattoo-vaselina-slip-premium-150g\\\/#primaryimage\"},\"thumbnailUrl\":\"https:\\\/\\\/electricink.eu\\\/wp-content\\\/uploads\\\/2023\\\/10\\\/VaselinaPremium150g.png\",\"datePublished\":\"2023-12-14T00:17:36+00:00\",\"dateModified\":\"2025-08-30T14:56:48+00:00\",\"description\":\"Douceur, hydratation et soin tout au long de la s\u00e9ance de tatouage ! Riche en principes actifs et en vitamines.\",\"breadcrumb\":{\"@id\":\"https:\\\/\\\/electricink.eu\\\/producto\\\/tattoo-vaselina-slip-premium-150g\\\/#breadcrumb\"},\"inLanguage\":\"fr-FR\",\"potentialAction\":[{\"@type\":\"ReadAction\",\"target\":[\"https:\\\/\\\/electricink.eu\\\/producto\\\/tattoo-vaselina-slip-premium-150g\\\/\"]}]},{\"@type\":\"ImageObject\",\"inLanguage\":\"fr-FR\",\"@id\":\"https:\\\/\\\/electricink.eu\\\/producto\\\/tattoo-vaselina-slip-premium-150g\\\/#primaryimage\",\"url\":\"https:\\\/\\\/electricink.eu\\\/wp-content\\\/uploads\\\/2023\\\/10\\\/VaselinaPremium150g.png\",\"contentUrl\":\"https:\\\/\\\/electricink.eu\\\/wp-content\\\/uploads\\\/2023\\\/10\\\/VaselinaPremium150g.png\",\"width\":500,\"height\":500},{\"@type\":\"BreadcrumbList\",\"@id\":\"https:\\\/\\\/electricink.eu\\\/producto\\\/tattoo-vaselina-slip-premium-150g\\\/#breadcrumb\",\"itemListElement\":[{\"@type\":\"ListItem\",\"position\":1,\"name\":\"Portada\",\"item\":\"https:\\\/\\\/electricink.eu\\\/fr\\\/home\\\/\"},{\"@type\":\"ListItem\",\"position\":2,\"name\":\"Boutique\",\"item\":\"https:\\\/\\\/electricink.eu\\\/tienda\\\/\"},{\"@type\":\"ListItem\",\"position\":3,\"name\":\"Tattoo Vaseline Slip Premium &#8211; 150g\"}]},{\"@type\":\"WebSite\",\"@id\":\"https:\\\/\\\/electricink.eu\\\/#website\",\"url\":\"https:\\\/\\\/electricink.eu\\\/\",\"name\":\"Electric Ink\u00ae\",\"description\":\"Material para Tatuar Profesional en Europa - Electric Ink\u00ae\",\"potentialAction\":[{\"@type\":\"SearchAction\",\"target\":{\"@type\":\"EntryPoint\",\"urlTemplate\":\"https:\\\/\\\/electricink.eu\\\/?s={search_term_string}\"},\"query-input\":{\"@type\":\"PropertyValueSpecification\",\"valueRequired\":true,\"valueName\":\"search_term_string\"}}],\"inLanguage\":\"fr-FR\"}]}<\/script>\n<!-- \/ Yoast SEO plugin. -->","yoast_head_json":{"title":"Tattoo Vaseline Slip Premium - 150g - Electric Ink\u00ae","description":"Douceur, hydratation et soin tout au long de la s\u00e9ance de tatouage ! Riche en principes actifs et en vitamines.","robots":{"index":"index","follow":"follow","max-snippet":"max-snippet:-1","max-image-preview":"max-image-preview:large","max-video-preview":"max-video-preview:-1"},"canonical":"https:\/\/electricink.eu\/producto\/tattoo-vaselina-slip-premium-150g\/","og_locale":"fr_FR","og_type":"article","og_title":"Tattoo Vaseline Slip Premium - 150g - Electric Ink\u00ae","og_description":"Douceur, hydratation et soin tout au long de la s\u00e9ance de tatouage ! Riche en principes actifs et en vitamines.","og_url":"https:\/\/electricink.eu\/producto\/tattoo-vaselina-slip-premium-150g\/","og_site_name":"Electric Ink\u00ae","article_modified_time":"2025-08-30T14:56:48+00:00","og_image":[{"width":500,"height":500,"url":"https:\/\/electricink.eu\/wp-content\/uploads\/2023\/10\/VaselinaPremium150g.png","type":"image\/png"}],"twitter_card":"summary_large_image","schema":{"@context":"https:\/\/schema.org","@graph":[{"@type":"WebPage","@id":"https:\/\/electricink.eu\/producto\/tattoo-vaselina-slip-premium-150g\/","url":"https:\/\/electricink.eu\/producto\/tattoo-vaselina-slip-premium-150g\/","name":"Tattoo Vaseline Slip Premium - 150g - Electric Ink\u00ae","isPartOf":{"@id":"https:\/\/electricink.eu\/#website"},"primaryImageOfPage":{"@id":"https:\/\/electricink.eu\/producto\/tattoo-vaselina-slip-premium-150g\/#primaryimage"},"image":{"@id":"https:\/\/electricink.eu\/producto\/tattoo-vaselina-slip-premium-150g\/#primaryimage"},"thumbnailUrl":"https:\/\/electricink.eu\/wp-content\/uploads\/2023\/10\/VaselinaPremium150g.png","datePublished":"2023-12-14T00:17:36+00:00","dateModified":"2025-08-30T14:56:48+00:00","description":"Douceur, hydratation et soin tout au long de la s\u00e9ance de tatouage ! Riche en principes actifs et en vitamines.","breadcrumb":{"@id":"https:\/\/electricink.eu\/producto\/tattoo-vaselina-slip-premium-150g\/#breadcrumb"},"inLanguage":"fr-FR","potentialAction":[{"@type":"ReadAction","target":["https:\/\/electricink.eu\/producto\/tattoo-vaselina-slip-premium-150g\/"]}]},{"@type":"ImageObject","inLanguage":"fr-FR","@id":"https:\/\/electricink.eu\/producto\/tattoo-vaselina-slip-premium-150g\/#primaryimage","url":"https:\/\/electricink.eu\/wp-content\/uploads\/2023\/10\/VaselinaPremium150g.png","contentUrl":"https:\/\/electricink.eu\/wp-content\/uploads\/2023\/10\/VaselinaPremium150g.png","width":500,"height":500},{"@type":"BreadcrumbList","@id":"https:\/\/electricink.eu\/producto\/tattoo-vaselina-slip-premium-150g\/#breadcrumb","itemListElement":[{"@type":"ListItem","position":1,"name":"Portada","item":"https:\/\/electricink.eu\/fr\/home\/"},{"@type":"ListItem","position":2,"name":"Boutique","item":"https:\/\/electricink.eu\/tienda\/"},{"@type":"ListItem","position":3,"name":"Tattoo Vaseline Slip Premium &#8211; 150g"}]},{"@type":"WebSite","@id":"https:\/\/electricink.eu\/#website","url":"https:\/\/electricink.eu\/","name":"Electric Ink\u00ae","description":"Material para Tatuar Profesional en Europa - Electric Ink\u00ae","potentialAction":[{"@type":"SearchAction","target":{"@type":"EntryPoint","urlTemplate":"https:\/\/electricink.eu\/?s={search_term_string}"},"query-input":{"@type":"PropertyValueSpecification","valueRequired":true,"valueName":"search_term_string"}}],"inLanguage":"fr-FR"}]}},"_links":{"self":[{"href":"https:\/\/electricink.eu\/fr\/wp-json\/wp\/v2\/product\/37394","targetHints":{"allow":["GET"]}}],"collection":[{"href":"https:\/\/electricink.eu\/fr\/wp-json\/wp\/v2\/product"}],"about":[{"href":"https:\/\/electricink.eu\/fr\/wp-json\/wp\/v2\/types\/product"}],"replies":[{"embeddable":true,"href":"https:\/\/electricink.eu\/fr\/wp-json\/wp\/v2\/comments?post=37394"}],"wp:featuredmedia":[{"embeddable":true,"href":"https:\/\/electricink.eu\/fr\/wp-json\/wp\/v2\/media\/3155"}],"wp:attachment":[{"href":"https:\/\/electricink.eu\/fr\/wp-json\/wp\/v2\/media?parent=37394"}],"wp:term":[{"taxonomy":"product_brand","embeddable":true,"href":"https:\/\/electricink.eu\/fr\/wp-json\/wp\/v2\/product_brand?post=37394"},{"taxonomy":"product_cat","embeddable":true,"href":"https:\/\/electricink.eu\/fr\/wp-json\/wp\/v2\/product_cat?post=37394"},{"taxonomy":"product_tag","embeddable":true,"href":"https:\/\/electricink.eu\/fr\/wp-json\/wp\/v2\/product_tag?post=37394"}],"curies":[{"name":"wp","href":"https:\/\/api.w.org\/{rel}","templated":true}]}}