{"id":37574,"date":"2023-12-14T01:14:40","date_gmt":"2023-12-14T00:14:40","guid":{"rendered":"https:\/\/electricink.eu\/producto\/papier-carbone-pour-transfert-a-la-main-spirit-boite-200-un\/"},"modified":"2026-03-04T14:53:37","modified_gmt":"2026-03-04T13:53:37","slug":"papier-carbone-pour-transfert-a-la-main-spirit-boite-200-un","status":"publish","type":"product","link":"https:\/\/electricink.eu\/fr\/producto\/papier-carbone-pour-transfert-a-la-main-spirit-boite-200-un\/","title":{"rendered":"Papier carbone pour transfert \u00e0 la main Spirit &#8211; bo\u00eete 200 un"},"content":{"rendered":"<p><strong>Spirit\u00ae Transfer Carbon Paper : bo\u00eete de 200 unit\u00e9s, sans feuille de s\u00e9paration.<\/strong><\/p>\n<ul>\n<li>Images uniformes, \u00e0 contraste \u00e9lev\u00e9, de haute qualit\u00e9 et durables<\/li>\n<li>Grand contr\u00f4le lors du dessin manuel de pochoirs<\/li>\n<li>Aucun outil ou imprimante n\u00e9cessaire pour cr\u00e9er un mod\u00e8le de haute qualit\u00e9<\/li>\n<li>Les pigments de qualit\u00e9 restent visibles sur la peau<\/li>\n<li>Sans danger pour la peau, sans ingr\u00e9dients nocifs<\/li>\n<li>Certifi\u00e9 Vegan<\/li>\n<\/ul>\n","protected":false},"excerpt":{"rendered":"<p><strong>Papier\u00a0 transfer Spirit\u00ae hand draw<\/strong>. Taille 8,5 \u00ab\u00a0x 11\u00a0\u00bb (21,6 cm X 27,9 cm) &#8211; <strong>A4 dans une bo\u00eete de 200 feuilles<\/strong>.<\/p>\n<p>Pour l&rsquo;artiste qui veut un contr\u00f4le total sur le stencil : des feuilles de papier recouvertes de cires et d&rsquo;encres de la plus haute qualit\u00e9.<\/p>\n<p><strong>Il n&rsquo;est PAS compatible<\/strong> avec les imprimantes thermiques ou fax. <strong>Pour la cr\u00e9ation de mod\u00e8les \u00e0 la main uniquement.<\/strong><\/p>\n","protected":false},"featured_media":34483,"comment_status":"closed","ping_status":"closed","template":"","meta":{"_acf_changed":false,"_et_pb_use_builder":"","_et_pb_old_content":"","_et_gb_content_width":"","inline_featured_image":false},"product_brand":[],"product_cat":[781,789],"product_tag":[],"class_list":{"0":"post-37574","1":"product","2":"type-product","3":"status-publish","4":"has-post-thumbnail","6":"product_cat-accessoires-pour-tatouer","7":"product_cat-papier-pour-stencil","9":"first","10":"instock","11":"taxable","12":"shipping-taxable","13":"purchasable","14":"product-type-simple"},"acf":[],"yoast_head":"<!-- This site is optimized with the Yoast SEO plugin v27.5 - https:\/\/yoast.com\/product\/yoast-seo-wordpress\/ -->\n<title>Papier carbone pour transfert \u00e0 la main Spirit - bo\u00eete 200 un - Electric Ink\u00ae<\/title>\n<meta name=\"robots\" content=\"index, follow, max-snippet:-1, max-image-preview:large, max-video-preview:-1\" \/>\n<link rel=\"canonical\" href=\"https:\/\/electricink.eu\/fr\/producto\/papier-carbone-pour-transfert-a-la-main-spirit-boite-200-un\/\" \/>\n<meta property=\"og:locale\" content=\"fr_FR\" \/>\n<meta property=\"og:type\" content=\"article\" \/>\n<meta property=\"og:title\" content=\"Papier carbone pour transfert \u00e0 la main Spirit - bo\u00eete 200 un - Electric Ink\u00ae\" \/>\n<meta property=\"og:description\" content=\"Papier\u00a0 transfer Spirit\u00ae hand draw. Taille 8,5 &quot;x 11&quot; (21,6 cm X 27,9 cm) - A4 dans une bo\u00eete de 200 feuilles. Pour l&#039;artiste qui veut un contr\u00f4le total sur le stencil : des feuilles de papier recouvertes de cires et d&#039;encres de la plus haute qualit\u00e9. Il n&#039;est PAS compatible avec les imprimantes thermiques ou fax. Pour la cr\u00e9ation de mod\u00e8les \u00e0 la main uniquement.\" \/>\n<meta property=\"og:url\" content=\"https:\/\/electricink.eu\/fr\/producto\/papier-carbone-pour-transfert-a-la-main-spirit-boite-200-un\/\" \/>\n<meta property=\"og:site_name\" content=\"Electric Ink\u00ae\" \/>\n<meta property=\"article:modified_time\" content=\"2026-03-04T13:53:37+00:00\" \/>\n<meta property=\"og:image\" content=\"https:\/\/electricink.eu\/wp-content\/uploads\/2023\/12\/DSC_5981-copia.png\" \/>\n\t<meta property=\"og:image:width\" content=\"800\" \/>\n\t<meta property=\"og:image:height\" content=\"800\" \/>\n\t<meta property=\"og:image:type\" content=\"image\/png\" \/>\n<meta name=\"twitter:card\" content=\"summary_large_image\" \/>\n<script type=\"application\/ld+json\" class=\"yoast-schema-graph\">{\"@context\":\"https:\\\/\\\/schema.org\",\"@graph\":[{\"@type\":\"WebPage\",\"@id\":\"https:\\\/\\\/electricink.eu\\\/fr\\\/producto\\\/papier-carbone-pour-transfert-a-la-main-spirit-boite-200-un\\\/\",\"url\":\"https:\\\/\\\/electricink.eu\\\/fr\\\/producto\\\/papier-carbone-pour-transfert-a-la-main-spirit-boite-200-un\\\/\",\"name\":\"Papier carbone pour transfert \u00e0 la main Spirit - bo\u00eete 200 un - Electric Ink\u00ae\",\"isPartOf\":{\"@id\":\"https:\\\/\\\/electricink.eu\\\/#website\"},\"primaryImageOfPage\":{\"@id\":\"https:\\\/\\\/electricink.eu\\\/fr\\\/producto\\\/papier-carbone-pour-transfert-a-la-main-spirit-boite-200-un\\\/#primaryimage\"},\"image\":{\"@id\":\"https:\\\/\\\/electricink.eu\\\/fr\\\/producto\\\/papier-carbone-pour-transfert-a-la-main-spirit-boite-200-un\\\/#primaryimage\"},\"thumbnailUrl\":\"https:\\\/\\\/electricink.eu\\\/wp-content\\\/uploads\\\/2023\\\/12\\\/DSC_5981-copia.png\",\"datePublished\":\"2023-12-14T00:14:40+00:00\",\"dateModified\":\"2026-03-04T13:53:37+00:00\",\"breadcrumb\":{\"@id\":\"https:\\\/\\\/electricink.eu\\\/fr\\\/producto\\\/papier-carbone-pour-transfert-a-la-main-spirit-boite-200-un\\\/#breadcrumb\"},\"inLanguage\":\"fr-FR\",\"potentialAction\":[{\"@type\":\"ReadAction\",\"target\":[\"https:\\\/\\\/electricink.eu\\\/fr\\\/producto\\\/papier-carbone-pour-transfert-a-la-main-spirit-boite-200-un\\\/\"]}]},{\"@type\":\"ImageObject\",\"inLanguage\":\"fr-FR\",\"@id\":\"https:\\\/\\\/electricink.eu\\\/fr\\\/producto\\\/papier-carbone-pour-transfert-a-la-main-spirit-boite-200-un\\\/#primaryimage\",\"url\":\"https:\\\/\\\/electricink.eu\\\/wp-content\\\/uploads\\\/2023\\\/12\\\/DSC_5981-copia.png\",\"contentUrl\":\"https:\\\/\\\/electricink.eu\\\/wp-content\\\/uploads\\\/2023\\\/12\\\/DSC_5981-copia.png\",\"width\":800,\"height\":800},{\"@type\":\"BreadcrumbList\",\"@id\":\"https:\\\/\\\/electricink.eu\\\/fr\\\/producto\\\/papier-carbone-pour-transfert-a-la-main-spirit-boite-200-un\\\/#breadcrumb\",\"itemListElement\":[{\"@type\":\"ListItem\",\"position\":1,\"name\":\"Portada\",\"item\":\"https:\\\/\\\/electricink.eu\\\/fr\\\/home\\\/\"},{\"@type\":\"ListItem\",\"position\":2,\"name\":\"Boutique\",\"item\":\"https:\\\/\\\/electricink.eu\\\/tienda\\\/\"},{\"@type\":\"ListItem\",\"position\":3,\"name\":\"Papier carbone pour transfert \u00e0 la main Spirit &#8211; bo\u00eete 200 un\"}]},{\"@type\":\"WebSite\",\"@id\":\"https:\\\/\\\/electricink.eu\\\/#website\",\"url\":\"https:\\\/\\\/electricink.eu\\\/\",\"name\":\"Electric Ink\u00ae\",\"description\":\"Material para Tatuar Profesional en Europa - Electric Ink\u00ae\",\"potentialAction\":[{\"@type\":\"SearchAction\",\"target\":{\"@type\":\"EntryPoint\",\"urlTemplate\":\"https:\\\/\\\/electricink.eu\\\/?s={search_term_string}\"},\"query-input\":{\"@type\":\"PropertyValueSpecification\",\"valueRequired\":true,\"valueName\":\"search_term_string\"}}],\"inLanguage\":\"fr-FR\"}]}<\/script>\n<!-- \/ Yoast SEO plugin. -->","yoast_head_json":{"title":"Papier carbone pour transfert \u00e0 la main Spirit - bo\u00eete 200 un - Electric Ink\u00ae","robots":{"index":"index","follow":"follow","max-snippet":"max-snippet:-1","max-image-preview":"max-image-preview:large","max-video-preview":"max-video-preview:-1"},"canonical":"https:\/\/electricink.eu\/fr\/producto\/papier-carbone-pour-transfert-a-la-main-spirit-boite-200-un\/","og_locale":"fr_FR","og_type":"article","og_title":"Papier carbone pour transfert \u00e0 la main Spirit - bo\u00eete 200 un - Electric Ink\u00ae","og_description":"Papier\u00a0 transfer Spirit\u00ae hand draw. Taille 8,5 \"x 11\" (21,6 cm X 27,9 cm) - A4 dans une bo\u00eete de 200 feuilles. Pour l'artiste qui veut un contr\u00f4le total sur le stencil : des feuilles de papier recouvertes de cires et d'encres de la plus haute qualit\u00e9. Il n'est PAS compatible avec les imprimantes thermiques ou fax. Pour la cr\u00e9ation de mod\u00e8les \u00e0 la main uniquement.","og_url":"https:\/\/electricink.eu\/fr\/producto\/papier-carbone-pour-transfert-a-la-main-spirit-boite-200-un\/","og_site_name":"Electric Ink\u00ae","article_modified_time":"2026-03-04T13:53:37+00:00","og_image":[{"width":800,"height":800,"url":"https:\/\/electricink.eu\/wp-content\/uploads\/2023\/12\/DSC_5981-copia.png","type":"image\/png"}],"twitter_card":"summary_large_image","schema":{"@context":"https:\/\/schema.org","@graph":[{"@type":"WebPage","@id":"https:\/\/electricink.eu\/fr\/producto\/papier-carbone-pour-transfert-a-la-main-spirit-boite-200-un\/","url":"https:\/\/electricink.eu\/fr\/producto\/papier-carbone-pour-transfert-a-la-main-spirit-boite-200-un\/","name":"Papier carbone pour transfert \u00e0 la main Spirit - bo\u00eete 200 un - Electric Ink\u00ae","isPartOf":{"@id":"https:\/\/electricink.eu\/#website"},"primaryImageOfPage":{"@id":"https:\/\/electricink.eu\/fr\/producto\/papier-carbone-pour-transfert-a-la-main-spirit-boite-200-un\/#primaryimage"},"image":{"@id":"https:\/\/electricink.eu\/fr\/producto\/papier-carbone-pour-transfert-a-la-main-spirit-boite-200-un\/#primaryimage"},"thumbnailUrl":"https:\/\/electricink.eu\/wp-content\/uploads\/2023\/12\/DSC_5981-copia.png","datePublished":"2023-12-14T00:14:40+00:00","dateModified":"2026-03-04T13:53:37+00:00","breadcrumb":{"@id":"https:\/\/electricink.eu\/fr\/producto\/papier-carbone-pour-transfert-a-la-main-spirit-boite-200-un\/#breadcrumb"},"inLanguage":"fr-FR","potentialAction":[{"@type":"ReadAction","target":["https:\/\/electricink.eu\/fr\/producto\/papier-carbone-pour-transfert-a-la-main-spirit-boite-200-un\/"]}]},{"@type":"ImageObject","inLanguage":"fr-FR","@id":"https:\/\/electricink.eu\/fr\/producto\/papier-carbone-pour-transfert-a-la-main-spirit-boite-200-un\/#primaryimage","url":"https:\/\/electricink.eu\/wp-content\/uploads\/2023\/12\/DSC_5981-copia.png","contentUrl":"https:\/\/electricink.eu\/wp-content\/uploads\/2023\/12\/DSC_5981-copia.png","width":800,"height":800},{"@type":"BreadcrumbList","@id":"https:\/\/electricink.eu\/fr\/producto\/papier-carbone-pour-transfert-a-la-main-spirit-boite-200-un\/#breadcrumb","itemListElement":[{"@type":"ListItem","position":1,"name":"Portada","item":"https:\/\/electricink.eu\/fr\/home\/"},{"@type":"ListItem","position":2,"name":"Boutique","item":"https:\/\/electricink.eu\/tienda\/"},{"@type":"ListItem","position":3,"name":"Papier carbone pour transfert \u00e0 la main Spirit &#8211; bo\u00eete 200 un"}]},{"@type":"WebSite","@id":"https:\/\/electricink.eu\/#website","url":"https:\/\/electricink.eu\/","name":"Electric Ink\u00ae","description":"Material para Tatuar Profesional en Europa - Electric Ink\u00ae","potentialAction":[{"@type":"SearchAction","target":{"@type":"EntryPoint","urlTemplate":"https:\/\/electricink.eu\/?s={search_term_string}"},"query-input":{"@type":"PropertyValueSpecification","valueRequired":true,"valueName":"search_term_string"}}],"inLanguage":"fr-FR"}]}},"_links":{"self":[{"href":"https:\/\/electricink.eu\/fr\/wp-json\/wp\/v2\/product\/37574","targetHints":{"allow":["GET"]}}],"collection":[{"href":"https:\/\/electricink.eu\/fr\/wp-json\/wp\/v2\/product"}],"about":[{"href":"https:\/\/electricink.eu\/fr\/wp-json\/wp\/v2\/types\/product"}],"replies":[{"embeddable":true,"href":"https:\/\/electricink.eu\/fr\/wp-json\/wp\/v2\/comments?post=37574"}],"wp:featuredmedia":[{"embeddable":true,"href":"https:\/\/electricink.eu\/fr\/wp-json\/wp\/v2\/media\/34483"}],"wp:attachment":[{"href":"https:\/\/electricink.eu\/fr\/wp-json\/wp\/v2\/media?parent=37574"}],"wp:term":[{"taxonomy":"product_brand","embeddable":true,"href":"https:\/\/electricink.eu\/fr\/wp-json\/wp\/v2\/product_brand?post=37574"},{"taxonomy":"product_cat","embeddable":true,"href":"https:\/\/electricink.eu\/fr\/wp-json\/wp\/v2\/product_cat?post=37574"},{"taxonomy":"product_tag","embeddable":true,"href":"https:\/\/electricink.eu\/fr\/wp-json\/wp\/v2\/product_tag?post=37574"}],"curies":[{"name":"wp","href":"https:\/\/api.w.org\/{rel}","templated":true}]}}