{"id":37580,"date":"2023-12-14T01:14:40","date_gmt":"2023-12-14T00:14:40","guid":{"rendered":"https:\/\/electricink.eu\/producto\/electra-pop-pro-lignes-et-peinture-noire-2\/"},"modified":"2024-03-04T13:39:05","modified_gmt":"2024-03-04T12:39:05","slug":"electra-pop-pro-lignes-et-peinture-noire-2","status":"publish","type":"product","link":"https:\/\/electricink.eu\/fr\/producto\/electra-pop-pro-lignes-et-peinture-noire-2\/","title":{"rendered":"Electra Pop PRO  (Lignes et Peinture) &#8211; Noire"},"content":{"rendered":"<p><strong>Sp\u00e9cifications \/ Poids \/ Dimensions:<\/strong><br \/>Moteur: Mabuchi (japonais)<br \/>Frappe: Directe<br \/>Course: r\u00e9glable de 3,3 ou 4 mm<br \/>Connexion \u00e9lectrique: RCA (c\u00e2ble non inclus)<br \/>Tension de fonctionnement: 6 \u00e0 12 volts<br \/>Dimensions: 66,5 x 30 x 97,3 mm<br \/>Poids: 74 grammes<\/p>\n<p>Machine universelle, utilisable avec des cartouches ou des aiguilles traditionnelles, convient \u00e9galement aux grips Genesis et aux grips jetables.<\/p>\n<p><strong>Articles inclus:<\/strong><br \/>01 Machine Electra Pop Pro<br \/>01 clef pour le r\u00e9glage de la course<\/p>\n<p><strong>Garantie du produit:<\/strong> La p\u00e9riode de garantie offerte par Electric Ink suit les r\u00e9glementations europ\u00e9ennes en vigueur. La garantie d&rsquo;Electric Ink contre les d\u00e9fauts de fabrication commence \u00e0 partir de l&rsquo;achat du produit par le consommateur, v\u00e9rifi\u00e9 via la facture d&rsquo;achat de l&rsquo;article concern\u00e9.<\/p>\n<p><strong>Assistance technique:<\/strong> contact par mail:\u00a0 info@electric.local<\/p>\n","protected":false},"excerpt":{"rendered":"<p>La belle <strong>ELECTRA POP PRO<\/strong> offre comme nouveaut\u00e9 le r\u00e9glage pour LIGNES et PEINTURE, et le design exclusif avec un ch\u00e2ssis en polym\u00e8re industriel et des composants color\u00e9s exclusifs.<br \/>Une \u00e9dition sp\u00e9ciale, fruit de l&rsquo;\u00e9volution de l&rsquo;Electra Pop, un mod\u00e8le d\u00e9j\u00e0 approuv\u00e9 par plus de 50 000 tatoueurs.<br \/>Machine particuli\u00e8rement polyvalente gr\u00e2ce au r\u00e9glage de la course. Innovante, belle et d&rsquo;un excellent rapport qualit\u00e9-prix, capable de r\u00e9aliser tout type de ligne ou de peinture!<\/p>\n<p><strong>Ne manquez pas cette opportunit\u00e9 limit\u00e9e, garantissez la v\u00f4tre maintenant!<\/strong><\/p>\n","protected":false},"featured_media":39109,"comment_status":"closed","ping_status":"closed","template":"","meta":{"_acf_changed":false,"_et_pb_use_builder":"","_et_pb_old_content":"","_et_gb_content_width":"","inline_featured_image":false},"product_brand":[],"product_cat":[808,817,820],"product_tag":[],"class_list":{"0":"post-37580","1":"product","2":"type-product","3":"status-publish","4":"has-post-thumbnail","6":"product_cat-tattoo-fr","7":"product_cat-machine-a-tatouer","8":"product_cat-machines-rotatives","10":"first","11":"instock","12":"taxable","13":"shipping-taxable","14":"purchasable","15":"product-type-simple"},"acf":[],"yoast_head":"<!-- This site is optimized with the Yoast SEO plugin v27.5 - https:\/\/yoast.com\/product\/yoast-seo-wordpress\/ -->\n<title>Electra Pop PRO (Lignes et Peinture) - Noire - Electric Ink\u00ae<\/title>\n<meta name=\"robots\" content=\"index, follow, max-snippet:-1, max-image-preview:large, max-video-preview:-1\" \/>\n<link rel=\"canonical\" href=\"https:\/\/electricink.eu\/fr\/producto\/electra-pop-pro-lignes-et-peinture-noire-2\/\" \/>\n<meta property=\"og:locale\" content=\"fr_FR\" \/>\n<meta property=\"og:type\" content=\"article\" \/>\n<meta property=\"og:title\" content=\"Electra Pop PRO (Lignes et Peinture) - Noire - Electric Ink\u00ae\" \/>\n<meta property=\"og:description\" content=\"La belle ELECTRA POP PRO offre comme nouveaut\u00e9 le r\u00e9glage pour LIGNES et PEINTURE, et le design exclusif avec un ch\u00e2ssis en polym\u00e8re industriel et des composants color\u00e9s exclusifs.Une \u00e9dition sp\u00e9ciale, fruit de l&#039;\u00e9volution de l&#039;Electra Pop, un mod\u00e8le d\u00e9j\u00e0 approuv\u00e9 par plus de 50 000 tatoueurs.Machine particuli\u00e8rement polyvalente gr\u00e2ce au r\u00e9glage de la course. Innovante, belle et d&#039;un excellent rapport qualit\u00e9-prix, capable de r\u00e9aliser tout type de ligne ou de peinture! Ne manquez pas cette opportunit\u00e9 limit\u00e9e, garantissez la v\u00f4tre maintenant!\" \/>\n<meta property=\"og:url\" content=\"https:\/\/electricink.eu\/fr\/producto\/electra-pop-pro-lignes-et-peinture-noire-2\/\" \/>\n<meta property=\"og:site_name\" content=\"Electric Ink\u00ae\" \/>\n<meta property=\"article:modified_time\" content=\"2024-03-04T12:39:05+00:00\" \/>\n<meta property=\"og:image\" content=\"https:\/\/electricink.eu\/wp-content\/uploads\/2023\/12\/electra-pop-pro_rosa_05-2.png\" \/>\n\t<meta property=\"og:image:width\" content=\"500\" \/>\n\t<meta property=\"og:image:height\" content=\"500\" \/>\n\t<meta property=\"og:image:type\" content=\"image\/png\" \/>\n<meta name=\"twitter:card\" content=\"summary_large_image\" \/>\n<meta name=\"twitter:label1\" content=\"Dur\u00e9e de lecture estim\u00e9e\" \/>\n\t<meta name=\"twitter:data1\" content=\"1 minute\" \/>\n<script type=\"application\/ld+json\" class=\"yoast-schema-graph\">{\"@context\":\"https:\\\/\\\/schema.org\",\"@graph\":[{\"@type\":\"WebPage\",\"@id\":\"https:\\\/\\\/electricink.eu\\\/fr\\\/producto\\\/electra-pop-pro-lignes-et-peinture-noire-2\\\/\",\"url\":\"https:\\\/\\\/electricink.eu\\\/fr\\\/producto\\\/electra-pop-pro-lignes-et-peinture-noire-2\\\/\",\"name\":\"Electra Pop PRO (Lignes et Peinture) - Noire - Electric Ink\u00ae\",\"isPartOf\":{\"@id\":\"https:\\\/\\\/electricink.eu\\\/#website\"},\"primaryImageOfPage\":{\"@id\":\"https:\\\/\\\/electricink.eu\\\/fr\\\/producto\\\/electra-pop-pro-lignes-et-peinture-noire-2\\\/#primaryimage\"},\"image\":{\"@id\":\"https:\\\/\\\/electricink.eu\\\/fr\\\/producto\\\/electra-pop-pro-lignes-et-peinture-noire-2\\\/#primaryimage\"},\"thumbnailUrl\":\"https:\\\/\\\/electricink.eu\\\/wp-content\\\/uploads\\\/2023\\\/12\\\/electra-pop-pro_rosa_05-2.png\",\"datePublished\":\"2023-12-14T00:14:40+00:00\",\"dateModified\":\"2024-03-04T12:39:05+00:00\",\"breadcrumb\":{\"@id\":\"https:\\\/\\\/electricink.eu\\\/fr\\\/producto\\\/electra-pop-pro-lignes-et-peinture-noire-2\\\/#breadcrumb\"},\"inLanguage\":\"fr-FR\",\"potentialAction\":[{\"@type\":\"ReadAction\",\"target\":[\"https:\\\/\\\/electricink.eu\\\/fr\\\/producto\\\/electra-pop-pro-lignes-et-peinture-noire-2\\\/\"]}]},{\"@type\":\"ImageObject\",\"inLanguage\":\"fr-FR\",\"@id\":\"https:\\\/\\\/electricink.eu\\\/fr\\\/producto\\\/electra-pop-pro-lignes-et-peinture-noire-2\\\/#primaryimage\",\"url\":\"https:\\\/\\\/electricink.eu\\\/wp-content\\\/uploads\\\/2023\\\/12\\\/electra-pop-pro_rosa_05-2.png\",\"contentUrl\":\"https:\\\/\\\/electricink.eu\\\/wp-content\\\/uploads\\\/2023\\\/12\\\/electra-pop-pro_rosa_05-2.png\",\"width\":500,\"height\":500},{\"@type\":\"BreadcrumbList\",\"@id\":\"https:\\\/\\\/electricink.eu\\\/fr\\\/producto\\\/electra-pop-pro-lignes-et-peinture-noire-2\\\/#breadcrumb\",\"itemListElement\":[{\"@type\":\"ListItem\",\"position\":1,\"name\":\"Portada\",\"item\":\"https:\\\/\\\/electricink.eu\\\/fr\\\/home\\\/\"},{\"@type\":\"ListItem\",\"position\":2,\"name\":\"Boutique\",\"item\":\"https:\\\/\\\/electricink.eu\\\/tienda\\\/\"},{\"@type\":\"ListItem\",\"position\":3,\"name\":\"Electra Pop PRO (Lignes et Peinture) &#8211; Noire\"}]},{\"@type\":\"WebSite\",\"@id\":\"https:\\\/\\\/electricink.eu\\\/#website\",\"url\":\"https:\\\/\\\/electricink.eu\\\/\",\"name\":\"Electric Ink\u00ae\",\"description\":\"Material para Tatuar Profesional en Europa - Electric Ink\u00ae\",\"potentialAction\":[{\"@type\":\"SearchAction\",\"target\":{\"@type\":\"EntryPoint\",\"urlTemplate\":\"https:\\\/\\\/electricink.eu\\\/?s={search_term_string}\"},\"query-input\":{\"@type\":\"PropertyValueSpecification\",\"valueRequired\":true,\"valueName\":\"search_term_string\"}}],\"inLanguage\":\"fr-FR\"}]}<\/script>\n<!-- \/ Yoast SEO plugin. -->","yoast_head_json":{"title":"Electra Pop PRO (Lignes et Peinture) - Noire - Electric Ink\u00ae","robots":{"index":"index","follow":"follow","max-snippet":"max-snippet:-1","max-image-preview":"max-image-preview:large","max-video-preview":"max-video-preview:-1"},"canonical":"https:\/\/electricink.eu\/fr\/producto\/electra-pop-pro-lignes-et-peinture-noire-2\/","og_locale":"fr_FR","og_type":"article","og_title":"Electra Pop PRO (Lignes et Peinture) - Noire - Electric Ink\u00ae","og_description":"La belle ELECTRA POP PRO offre comme nouveaut\u00e9 le r\u00e9glage pour LIGNES et PEINTURE, et le design exclusif avec un ch\u00e2ssis en polym\u00e8re industriel et des composants color\u00e9s exclusifs.Une \u00e9dition sp\u00e9ciale, fruit de l'\u00e9volution de l'Electra Pop, un mod\u00e8le d\u00e9j\u00e0 approuv\u00e9 par plus de 50 000 tatoueurs.Machine particuli\u00e8rement polyvalente gr\u00e2ce au r\u00e9glage de la course. Innovante, belle et d'un excellent rapport qualit\u00e9-prix, capable de r\u00e9aliser tout type de ligne ou de peinture! Ne manquez pas cette opportunit\u00e9 limit\u00e9e, garantissez la v\u00f4tre maintenant!","og_url":"https:\/\/electricink.eu\/fr\/producto\/electra-pop-pro-lignes-et-peinture-noire-2\/","og_site_name":"Electric Ink\u00ae","article_modified_time":"2024-03-04T12:39:05+00:00","og_image":[{"width":500,"height":500,"url":"https:\/\/electricink.eu\/wp-content\/uploads\/2023\/12\/electra-pop-pro_rosa_05-2.png","type":"image\/png"}],"twitter_card":"summary_large_image","twitter_misc":{"Dur\u00e9e de lecture estim\u00e9e":"1 minute"},"schema":{"@context":"https:\/\/schema.org","@graph":[{"@type":"WebPage","@id":"https:\/\/electricink.eu\/fr\/producto\/electra-pop-pro-lignes-et-peinture-noire-2\/","url":"https:\/\/electricink.eu\/fr\/producto\/electra-pop-pro-lignes-et-peinture-noire-2\/","name":"Electra Pop PRO (Lignes et Peinture) - Noire - Electric Ink\u00ae","isPartOf":{"@id":"https:\/\/electricink.eu\/#website"},"primaryImageOfPage":{"@id":"https:\/\/electricink.eu\/fr\/producto\/electra-pop-pro-lignes-et-peinture-noire-2\/#primaryimage"},"image":{"@id":"https:\/\/electricink.eu\/fr\/producto\/electra-pop-pro-lignes-et-peinture-noire-2\/#primaryimage"},"thumbnailUrl":"https:\/\/electricink.eu\/wp-content\/uploads\/2023\/12\/electra-pop-pro_rosa_05-2.png","datePublished":"2023-12-14T00:14:40+00:00","dateModified":"2024-03-04T12:39:05+00:00","breadcrumb":{"@id":"https:\/\/electricink.eu\/fr\/producto\/electra-pop-pro-lignes-et-peinture-noire-2\/#breadcrumb"},"inLanguage":"fr-FR","potentialAction":[{"@type":"ReadAction","target":["https:\/\/electricink.eu\/fr\/producto\/electra-pop-pro-lignes-et-peinture-noire-2\/"]}]},{"@type":"ImageObject","inLanguage":"fr-FR","@id":"https:\/\/electricink.eu\/fr\/producto\/electra-pop-pro-lignes-et-peinture-noire-2\/#primaryimage","url":"https:\/\/electricink.eu\/wp-content\/uploads\/2023\/12\/electra-pop-pro_rosa_05-2.png","contentUrl":"https:\/\/electricink.eu\/wp-content\/uploads\/2023\/12\/electra-pop-pro_rosa_05-2.png","width":500,"height":500},{"@type":"BreadcrumbList","@id":"https:\/\/electricink.eu\/fr\/producto\/electra-pop-pro-lignes-et-peinture-noire-2\/#breadcrumb","itemListElement":[{"@type":"ListItem","position":1,"name":"Portada","item":"https:\/\/electricink.eu\/fr\/home\/"},{"@type":"ListItem","position":2,"name":"Boutique","item":"https:\/\/electricink.eu\/tienda\/"},{"@type":"ListItem","position":3,"name":"Electra Pop PRO (Lignes et Peinture) &#8211; Noire"}]},{"@type":"WebSite","@id":"https:\/\/electricink.eu\/#website","url":"https:\/\/electricink.eu\/","name":"Electric Ink\u00ae","description":"Material para Tatuar Profesional en Europa - Electric Ink\u00ae","potentialAction":[{"@type":"SearchAction","target":{"@type":"EntryPoint","urlTemplate":"https:\/\/electricink.eu\/?s={search_term_string}"},"query-input":{"@type":"PropertyValueSpecification","valueRequired":true,"valueName":"search_term_string"}}],"inLanguage":"fr-FR"}]}},"_links":{"self":[{"href":"https:\/\/electricink.eu\/fr\/wp-json\/wp\/v2\/product\/37580","targetHints":{"allow":["GET"]}}],"collection":[{"href":"https:\/\/electricink.eu\/fr\/wp-json\/wp\/v2\/product"}],"about":[{"href":"https:\/\/electricink.eu\/fr\/wp-json\/wp\/v2\/types\/product"}],"replies":[{"embeddable":true,"href":"https:\/\/electricink.eu\/fr\/wp-json\/wp\/v2\/comments?post=37580"}],"wp:featuredmedia":[{"embeddable":true,"href":"https:\/\/electricink.eu\/fr\/wp-json\/wp\/v2\/media\/39109"}],"wp:attachment":[{"href":"https:\/\/electricink.eu\/fr\/wp-json\/wp\/v2\/media?parent=37580"}],"wp:term":[{"taxonomy":"product_brand","embeddable":true,"href":"https:\/\/electricink.eu\/fr\/wp-json\/wp\/v2\/product_brand?post=37580"},{"taxonomy":"product_cat","embeddable":true,"href":"https:\/\/electricink.eu\/fr\/wp-json\/wp\/v2\/product_cat?post=37580"},{"taxonomy":"product_tag","embeddable":true,"href":"https:\/\/electricink.eu\/fr\/wp-json\/wp\/v2\/product_tag?post=37580"}],"curies":[{"name":"wp","href":"https:\/\/api.w.org\/{rel}","templated":true}]}}