{"id":37583,"date":"2023-12-14T01:14:40","date_gmt":"2023-12-14T00:14:40","guid":{"rendered":"https:\/\/electricink.eu\/producto\/alimentation-ps-mini-pop-ice\/"},"modified":"2025-08-30T16:56:48","modified_gmt":"2025-08-30T14:56:48","slug":"alimentation-ps-mini-pop-ice","status":"publish","type":"product","link":"https:\/\/electricink.eu\/fr\/producto\/alimentation-ps-mini-pop-ice\/","title":{"rendered":"PS Mini POP ICE"},"content":{"rendered":"<p><strong>Alimentation PS Mini Pop ICE &#8211; Electric Ink<\/strong><\/p>\n<p><strong>&#8212;&#8212;&#8212;&#8212;&#8212;&#8212;&#8211; Sp\u00e9cifications \/ Poids \/ Dimensions &#8212;&#8212;&#8212;&#8212;&#8212;&#8212;&#8212;&#8211;<\/strong><\/p>\n<p>Couleur: Transparent<br \/>Mat\u00e9riau: polym\u00e8re industriel<br \/>Type de machines: Rotative \/ Bobine \/ Pen<br \/>Informations indiqu\u00e9es: tension (volts) et courant (amp\u00e8res)<br \/>Clavier: M\u00e9moire 1 (M1), M\u00e9moire 2 (M2), Lecture \/ Pause, Ajuster plus (+) Ajuster moins (-) et touche FUNCTION qui facilite et acc\u00e9l\u00e8re l&rsquo;utilisation du menu.<br \/>Canaux (sorties): 1<\/p>\n<p>Type d&rsquo;affichage: 7 segments blancs<br \/>Tension de sortie: 2 \u00e0 15 V<br \/>R\u00e9solution de r\u00e9glage: 0,1 V<br \/>Alimentation secteur: 90 ~ 240VAC (automatique)<br \/>Courant maximum: 3 A<br \/>Courant continu: 2 A<br \/>m\u00e9moire non volatile<\/p>\n<p>Dimensions (LxPxH): 95 mm x 61 mm x 28 mm<br \/>Poids: 120 grammes<\/p>\n<p>P\u00e9dale: Pulse \/ Lock<br \/>Kick Booster: marche \/ arr\u00eat<br \/>Protection contre les surcharges et les courts-circuits<\/p>\n<p><strong>&#8212;&#8212;&#8212;&#8212;&#8212;&#8212;&#8211; Articles inclus &#8212;&#8212;&#8212;&#8212;&#8212;&#8212;&#8212;&#8211;<\/strong><\/p>\n<p>&#8211; 01 Alimentation PS Mini Pop ICE<br \/>&#8211; 01 base magn\u00e9tique adh\u00e9rente pour fixation sur l&rsquo;\u00e9tabli<br \/>&#8211; 01 adaptateur secteur AC\/DC 19V et 2.11A<br \/>&#8211; Manuel d&rsquo;instructions<br \/>&#8211; P\u00e9riode de garantie du produit<\/p>\n","protected":false},"excerpt":{"rendered":"<p><strong>Alimentaction PS Mini Pop ICE<\/strong><\/p>\n<p>La ligne Electric Ink Ice est une \u00e9dition sp\u00e9ciale qui apporte des produits d\u00e9j\u00e0 connus des artistes, fabriqu\u00e9s exclusivement avec du polym\u00e8re transparent inject\u00e9, lumi\u00e8re LED et des nouveaut\u00e9s. Des propositions encore plus audacieuses et diff\u00e9rentes pour composer votre table de travail.<\/p>\n<p>Le PS Pop ICE est un \u00e9quipement de production sp\u00e9cifique et limit\u00e9e, la fonctionnalit\u00e9 suit le standard de qualit\u00e9 de notre \u00e9quipe d&rsquo;ing\u00e9nieurs avec un look diff\u00e9rent et moderne. Un produit avec la fiabilit\u00e9, la qualit\u00e9 et la s\u00e9curit\u00e9 que seule Electric Ink offre, mais maintenant \u00e0 un prix incroyablement abordable !<\/p>\n<p>La PS Mini Pop est fabriqu\u00e9e en polym\u00e8re industriel transparent, avec lecture de courant (amp\u00e8res), kick booster, protection contre les courts-circuits et les surcharges.<\/p>\n<p>Elle est extr\u00eamement compacte et peut \u00eatre facilement transport\u00e9e ou fix\u00e9e \u00e0 l&rsquo;aide de l&rsquo;aimant sur sa base.<\/p>\n<p>Tr\u00e8s pratique, navigation facile gr\u00e2ce \u00e0 la touche de fonction. Elle dispose \u00e9galement de deux m\u00e9moires r\u00e9glables et d&rsquo;une entr\u00e9e de p\u00e9dale, qui peut \u00eatre configur\u00e9e par pulse\/lock, selon le besoin.<\/p>\n<p>Compatible avec toutes vos machines, la PS Mini Pop s&rsquo;adapte facilement \u00e0 tous les travaux, avec d&rsquo;excellentes performances sur les machines rotatives et \u00e0 bobines.<\/p>\n","protected":false},"featured_media":2619,"comment_status":"closed","ping_status":"closed","template":"","meta":{"_acf_changed":false,"_et_pb_use_builder":"","_et_pb_old_content":"","_et_gb_content_width":"","inline_featured_image":false},"product_brand":[],"product_cat":[1139,794,799,808,812],"product_tag":[],"class_list":{"0":"post-37583","1":"product","2":"type-product","3":"status-publish","4":"has-post-thumbnail","6":"product_cat-peripherique","7":"product_cat-micropigmentation","8":"product_cat-alimentations-maquillage-permanent","9":"product_cat-tattoo-fr","10":"product_cat-alimentations-tattoo","12":"first","13":"instock","14":"taxable","15":"shipping-taxable","16":"purchasable","17":"product-type-simple"},"acf":[],"yoast_head":"<!-- This site is optimized with the Yoast SEO plugin v27.4 - https:\/\/yoast.com\/product\/yoast-seo-wordpress\/ -->\n<title>PS Mini POP ICE - Electric Ink\u00ae<\/title>\n<meta name=\"robots\" content=\"index, follow, max-snippet:-1, max-image-preview:large, max-video-preview:-1\" \/>\n<link rel=\"canonical\" href=\"https:\/\/electricink.eu\/fr\/producto\/alimentation-ps-mini-pop-ice\/\" \/>\n<meta property=\"og:locale\" content=\"fr_FR\" \/>\n<meta property=\"og:type\" content=\"article\" \/>\n<meta property=\"og:title\" content=\"PS Mini POP ICE - Electric Ink\u00ae\" \/>\n<meta property=\"og:description\" content=\"Alimentaction PS Mini Pop ICE La ligne Electric Ink Ice est une \u00e9dition sp\u00e9ciale qui apporte des produits d\u00e9j\u00e0 connus des artistes, fabriqu\u00e9s exclusivement avec du polym\u00e8re transparent inject\u00e9, lumi\u00e8re LED et des nouveaut\u00e9s. Des propositions encore plus audacieuses et diff\u00e9rentes pour composer votre table de travail. Le PS Pop ICE est un \u00e9quipement de production sp\u00e9cifique et limit\u00e9e, la fonctionnalit\u00e9 suit le standard de qualit\u00e9 de notre \u00e9quipe d&#039;ing\u00e9nieurs avec un look diff\u00e9rent et moderne. Un produit avec la fiabilit\u00e9, la qualit\u00e9 et la s\u00e9curit\u00e9 que seule Electric Ink offre, mais maintenant \u00e0 un prix incroyablement abordable ! La PS Mini Pop est fabriqu\u00e9e en polym\u00e8re industriel transparent, avec lecture de courant (amp\u00e8res), kick booster, protection contre les courts-circuits et les surcharges. Elle est extr\u00eamement compacte et peut \u00eatre facilement transport\u00e9e ou fix\u00e9e \u00e0 l&#039;aide de l&#039;aimant sur sa base. Tr\u00e8s pratique, navigation facile gr\u00e2ce \u00e0 la touche de fonction. Elle dispose \u00e9galement de deux m\u00e9moires r\u00e9glables et d&#039;une entr\u00e9e de p\u00e9dale, qui peut \u00eatre configur\u00e9e par pulse\/lock, selon le besoin. Compatible avec toutes vos machines, la PS Mini Pop s&#039;adapte facilement \u00e0 tous les travaux, avec d&#039;excellentes performances sur les machines rotatives et \u00e0 bobines.\" \/>\n<meta property=\"og:url\" content=\"https:\/\/electricink.eu\/fr\/producto\/alimentation-ps-mini-pop-ice\/\" \/>\n<meta property=\"og:site_name\" content=\"Electric Ink\u00ae\" \/>\n<meta property=\"article:modified_time\" content=\"2025-08-30T14:56:48+00:00\" \/>\n<meta property=\"og:image\" content=\"https:\/\/electricink.eu\/wp-content\/uploads\/2023\/10\/Fuente_Tattoo_ps_pop_ice.jpg\" \/>\n\t<meta property=\"og:image:width\" content=\"500\" \/>\n\t<meta property=\"og:image:height\" content=\"500\" \/>\n\t<meta property=\"og:image:type\" content=\"image\/jpeg\" \/>\n<meta name=\"twitter:card\" content=\"summary_large_image\" \/>\n<meta name=\"twitter:label1\" content=\"Dur\u00e9e de lecture estim\u00e9e\" \/>\n\t<meta name=\"twitter:data1\" content=\"1 minute\" \/>\n<script type=\"application\/ld+json\" class=\"yoast-schema-graph\">{\"@context\":\"https:\\\/\\\/schema.org\",\"@graph\":[{\"@type\":\"WebPage\",\"@id\":\"https:\\\/\\\/electricink.eu\\\/fr\\\/producto\\\/alimentation-ps-mini-pop-ice\\\/\",\"url\":\"https:\\\/\\\/electricink.eu\\\/fr\\\/producto\\\/alimentation-ps-mini-pop-ice\\\/\",\"name\":\"PS Mini POP ICE - Electric Ink\u00ae\",\"isPartOf\":{\"@id\":\"https:\\\/\\\/electricink.eu\\\/#website\"},\"primaryImageOfPage\":{\"@id\":\"https:\\\/\\\/electricink.eu\\\/fr\\\/producto\\\/alimentation-ps-mini-pop-ice\\\/#primaryimage\"},\"image\":{\"@id\":\"https:\\\/\\\/electricink.eu\\\/fr\\\/producto\\\/alimentation-ps-mini-pop-ice\\\/#primaryimage\"},\"thumbnailUrl\":\"https:\\\/\\\/electricink.eu\\\/wp-content\\\/uploads\\\/2023\\\/10\\\/Fuente_Tattoo_ps_pop_ice.jpg\",\"datePublished\":\"2023-12-14T00:14:40+00:00\",\"dateModified\":\"2025-08-30T14:56:48+00:00\",\"breadcrumb\":{\"@id\":\"https:\\\/\\\/electricink.eu\\\/fr\\\/producto\\\/alimentation-ps-mini-pop-ice\\\/#breadcrumb\"},\"inLanguage\":\"fr-FR\",\"potentialAction\":[{\"@type\":\"ReadAction\",\"target\":[\"https:\\\/\\\/electricink.eu\\\/fr\\\/producto\\\/alimentation-ps-mini-pop-ice\\\/\"]}]},{\"@type\":\"ImageObject\",\"inLanguage\":\"fr-FR\",\"@id\":\"https:\\\/\\\/electricink.eu\\\/fr\\\/producto\\\/alimentation-ps-mini-pop-ice\\\/#primaryimage\",\"url\":\"https:\\\/\\\/electricink.eu\\\/wp-content\\\/uploads\\\/2023\\\/10\\\/Fuente_Tattoo_ps_pop_ice.jpg\",\"contentUrl\":\"https:\\\/\\\/electricink.eu\\\/wp-content\\\/uploads\\\/2023\\\/10\\\/Fuente_Tattoo_ps_pop_ice.jpg\",\"width\":500,\"height\":500},{\"@type\":\"BreadcrumbList\",\"@id\":\"https:\\\/\\\/electricink.eu\\\/fr\\\/producto\\\/alimentation-ps-mini-pop-ice\\\/#breadcrumb\",\"itemListElement\":[{\"@type\":\"ListItem\",\"position\":1,\"name\":\"Portada\",\"item\":\"https:\\\/\\\/electricink.eu\\\/fr\\\/home\\\/\"},{\"@type\":\"ListItem\",\"position\":2,\"name\":\"Boutique\",\"item\":\"https:\\\/\\\/electricink.eu\\\/tienda\\\/\"},{\"@type\":\"ListItem\",\"position\":3,\"name\":\"PS Mini POP ICE\"}]},{\"@type\":\"WebSite\",\"@id\":\"https:\\\/\\\/electricink.eu\\\/#website\",\"url\":\"https:\\\/\\\/electricink.eu\\\/\",\"name\":\"Electric Ink\u00ae\",\"description\":\"Material para Tatuar Profesional en Europa - Electric Ink\u00ae\",\"potentialAction\":[{\"@type\":\"SearchAction\",\"target\":{\"@type\":\"EntryPoint\",\"urlTemplate\":\"https:\\\/\\\/electricink.eu\\\/?s={search_term_string}\"},\"query-input\":{\"@type\":\"PropertyValueSpecification\",\"valueRequired\":true,\"valueName\":\"search_term_string\"}}],\"inLanguage\":\"fr-FR\"}]}<\/script>\n<!-- \/ Yoast SEO plugin. -->","yoast_head_json":{"title":"PS Mini POP ICE - Electric Ink\u00ae","robots":{"index":"index","follow":"follow","max-snippet":"max-snippet:-1","max-image-preview":"max-image-preview:large","max-video-preview":"max-video-preview:-1"},"canonical":"https:\/\/electricink.eu\/fr\/producto\/alimentation-ps-mini-pop-ice\/","og_locale":"fr_FR","og_type":"article","og_title":"PS Mini POP ICE - Electric Ink\u00ae","og_description":"Alimentaction PS Mini Pop ICE La ligne Electric Ink Ice est une \u00e9dition sp\u00e9ciale qui apporte des produits d\u00e9j\u00e0 connus des artistes, fabriqu\u00e9s exclusivement avec du polym\u00e8re transparent inject\u00e9, lumi\u00e8re LED et des nouveaut\u00e9s. Des propositions encore plus audacieuses et diff\u00e9rentes pour composer votre table de travail. Le PS Pop ICE est un \u00e9quipement de production sp\u00e9cifique et limit\u00e9e, la fonctionnalit\u00e9 suit le standard de qualit\u00e9 de notre \u00e9quipe d'ing\u00e9nieurs avec un look diff\u00e9rent et moderne. Un produit avec la fiabilit\u00e9, la qualit\u00e9 et la s\u00e9curit\u00e9 que seule Electric Ink offre, mais maintenant \u00e0 un prix incroyablement abordable ! La PS Mini Pop est fabriqu\u00e9e en polym\u00e8re industriel transparent, avec lecture de courant (amp\u00e8res), kick booster, protection contre les courts-circuits et les surcharges. Elle est extr\u00eamement compacte et peut \u00eatre facilement transport\u00e9e ou fix\u00e9e \u00e0 l'aide de l'aimant sur sa base. Tr\u00e8s pratique, navigation facile gr\u00e2ce \u00e0 la touche de fonction. Elle dispose \u00e9galement de deux m\u00e9moires r\u00e9glables et d'une entr\u00e9e de p\u00e9dale, qui peut \u00eatre configur\u00e9e par pulse\/lock, selon le besoin. Compatible avec toutes vos machines, la PS Mini Pop s'adapte facilement \u00e0 tous les travaux, avec d'excellentes performances sur les machines rotatives et \u00e0 bobines.","og_url":"https:\/\/electricink.eu\/fr\/producto\/alimentation-ps-mini-pop-ice\/","og_site_name":"Electric Ink\u00ae","article_modified_time":"2025-08-30T14:56:48+00:00","og_image":[{"width":500,"height":500,"url":"https:\/\/electricink.eu\/wp-content\/uploads\/2023\/10\/Fuente_Tattoo_ps_pop_ice.jpg","type":"image\/jpeg"}],"twitter_card":"summary_large_image","twitter_misc":{"Dur\u00e9e de lecture estim\u00e9e":"1 minute"},"schema":{"@context":"https:\/\/schema.org","@graph":[{"@type":"WebPage","@id":"https:\/\/electricink.eu\/fr\/producto\/alimentation-ps-mini-pop-ice\/","url":"https:\/\/electricink.eu\/fr\/producto\/alimentation-ps-mini-pop-ice\/","name":"PS Mini POP ICE - Electric Ink\u00ae","isPartOf":{"@id":"https:\/\/electricink.eu\/#website"},"primaryImageOfPage":{"@id":"https:\/\/electricink.eu\/fr\/producto\/alimentation-ps-mini-pop-ice\/#primaryimage"},"image":{"@id":"https:\/\/electricink.eu\/fr\/producto\/alimentation-ps-mini-pop-ice\/#primaryimage"},"thumbnailUrl":"https:\/\/electricink.eu\/wp-content\/uploads\/2023\/10\/Fuente_Tattoo_ps_pop_ice.jpg","datePublished":"2023-12-14T00:14:40+00:00","dateModified":"2025-08-30T14:56:48+00:00","breadcrumb":{"@id":"https:\/\/electricink.eu\/fr\/producto\/alimentation-ps-mini-pop-ice\/#breadcrumb"},"inLanguage":"fr-FR","potentialAction":[{"@type":"ReadAction","target":["https:\/\/electricink.eu\/fr\/producto\/alimentation-ps-mini-pop-ice\/"]}]},{"@type":"ImageObject","inLanguage":"fr-FR","@id":"https:\/\/electricink.eu\/fr\/producto\/alimentation-ps-mini-pop-ice\/#primaryimage","url":"https:\/\/electricink.eu\/wp-content\/uploads\/2023\/10\/Fuente_Tattoo_ps_pop_ice.jpg","contentUrl":"https:\/\/electricink.eu\/wp-content\/uploads\/2023\/10\/Fuente_Tattoo_ps_pop_ice.jpg","width":500,"height":500},{"@type":"BreadcrumbList","@id":"https:\/\/electricink.eu\/fr\/producto\/alimentation-ps-mini-pop-ice\/#breadcrumb","itemListElement":[{"@type":"ListItem","position":1,"name":"Portada","item":"https:\/\/electricink.eu\/fr\/home\/"},{"@type":"ListItem","position":2,"name":"Boutique","item":"https:\/\/electricink.eu\/tienda\/"},{"@type":"ListItem","position":3,"name":"PS Mini POP ICE"}]},{"@type":"WebSite","@id":"https:\/\/electricink.eu\/#website","url":"https:\/\/electricink.eu\/","name":"Electric Ink\u00ae","description":"Material para Tatuar Profesional en Europa - Electric Ink\u00ae","potentialAction":[{"@type":"SearchAction","target":{"@type":"EntryPoint","urlTemplate":"https:\/\/electricink.eu\/?s={search_term_string}"},"query-input":{"@type":"PropertyValueSpecification","valueRequired":true,"valueName":"search_term_string"}}],"inLanguage":"fr-FR"}]}},"_links":{"self":[{"href":"https:\/\/electricink.eu\/fr\/wp-json\/wp\/v2\/product\/37583","targetHints":{"allow":["GET"]}}],"collection":[{"href":"https:\/\/electricink.eu\/fr\/wp-json\/wp\/v2\/product"}],"about":[{"href":"https:\/\/electricink.eu\/fr\/wp-json\/wp\/v2\/types\/product"}],"replies":[{"embeddable":true,"href":"https:\/\/electricink.eu\/fr\/wp-json\/wp\/v2\/comments?post=37583"}],"wp:featuredmedia":[{"embeddable":true,"href":"https:\/\/electricink.eu\/fr\/wp-json\/wp\/v2\/media\/2619"}],"wp:attachment":[{"href":"https:\/\/electricink.eu\/fr\/wp-json\/wp\/v2\/media?parent=37583"}],"wp:term":[{"taxonomy":"product_brand","embeddable":true,"href":"https:\/\/electricink.eu\/fr\/wp-json\/wp\/v2\/product_brand?post=37583"},{"taxonomy":"product_cat","embeddable":true,"href":"https:\/\/electricink.eu\/fr\/wp-json\/wp\/v2\/product_cat?post=37583"},{"taxonomy":"product_tag","embeddable":true,"href":"https:\/\/electricink.eu\/fr\/wp-json\/wp\/v2\/product_tag?post=37583"}],"curies":[{"name":"wp","href":"https:\/\/api.w.org\/{rel}","templated":true}]}}