{"id":37679,"date":"2023-12-14T01:13:51","date_gmt":"2023-12-14T00:13:51","guid":{"rendered":"https:\/\/electricink.eu\/producto\/tebori-en-aluminium-noir\/"},"modified":"2024-02-01T16:12:06","modified_gmt":"2024-02-01T15:12:06","slug":"tebori-en-aluminium-noir","status":"publish","type":"product","link":"https:\/\/electricink.eu\/fr\/producto\/tebori-en-aluminium-noir\/","title":{"rendered":"Tebori en aluminium &#8211; Noir"},"content":{"rendered":"<p>Tebori en aluminium &#8211; <strong>Electric Ink<\/strong><\/p>\n<p><strong>&#8212;&#8212;&#8212;&#8212;&#8212;- Sp\u00e9cifications \/ Poids \/ Dimensions &#8212;&#8212;&#8212;&#8212;&#8212;&#8212;-<\/strong><\/p>\n<p>&#8211; Utilisation : microblading<br \/>&#8211; Mat\u00e9riau : aluminium anodis\u00e9, poli et autoclavable<br \/>&#8211; Couleur : Noir<br \/>&#8211; Poids : 14 grammes<br \/>&#8211; Dimensions : 116 mm x 10 mm<\/p>\n<p><strong>&#8212;&#8212;&#8212;&#8212;&#8212;&#8212;&#8211; Articles inclus &#8212;&#8212;&#8212;&#8212;&#8212;&#8212;&#8212;&#8212;-<\/strong><\/p>\n<p>&#8211; 01 inducteur tebori\/aluminium<br \/>&#8211; Manuel d&rsquo;instructions<br \/>&#8211; P\u00e9riode de garantie du produit<br \/>* lames non incluses<\/p>\n<p><strong>Garantie du produit:<\/strong> La p\u00e9riode de garantie offerte par Electric Ink suit les r\u00e9glementations europ\u00e9ennes en vigueur. La garantie d&rsquo;Electric Ink contre les d\u00e9fauts de fabrication commence \u00e0 partir de l&rsquo;achat du produit par le consommateur, v\u00e9rifi\u00e9 via la facture d&rsquo;achat de l&rsquo;article concern\u00e9.<\/p>\n<p><strong>Assistance technique:<\/strong> contact par mail:\u00a0 info@electric.local<\/p>\n","protected":false},"excerpt":{"rendered":"<p><strong>Tebori en aluminium<\/strong><\/p>\n<p>Les teboris en aluminium, \u00e9galement appel\u00e9s inducteurs, sont en aluminium\u00a0 anodis\u00e9, poli et adapt\u00e9 \u00e0 l&rsquo;autoclavage. Ils ont \u00e9t\u00e9 d\u00e9velopp\u00e9s pour r\u00e9pondre aux besoins des professionnels du microblading, offrant \u00e0 l&rsquo;artiste une plus grande stabilit\u00e9 et s\u00e9curit\u00e9. Son design anatomique et ultral\u00e9ger a \u00e9t\u00e9 sp\u00e9cialement con\u00e7u pour s&rsquo;adapter efficacement \u00e0 la main de l&rsquo;artiste.<\/p>\n<p>Praticit\u00e9 et versatilit\u00e9 lors de la pigmentation!<\/p>\n","protected":false},"featured_media":39155,"comment_status":"closed","ping_status":"closed","template":"","meta":{"_acf_changed":false,"_et_pb_use_builder":"","_et_pb_old_content":"","_et_gb_content_width":"","inline_featured_image":false},"product_brand":[],"product_cat":[794,802,804],"product_tag":[],"class_list":{"0":"post-37679","1":"product","2":"type-product","3":"status-publish","4":"has-post-thumbnail","6":"product_cat-micropigmentation","7":"product_cat-teboris-fr","8":"product_cat-teboris-aluminium","10":"first","11":"outofstock","12":"taxable","13":"shipping-taxable","14":"purchasable","15":"product-type-simple"},"acf":[],"yoast_head":"<!-- This site is optimized with the Yoast SEO plugin v27.4 - https:\/\/yoast.com\/product\/yoast-seo-wordpress\/ -->\n<title>Tebori en aluminium - Noir - Electric Ink\u00ae<\/title>\n<meta name=\"robots\" content=\"index, follow, max-snippet:-1, max-image-preview:large, max-video-preview:-1\" \/>\n<link rel=\"canonical\" href=\"https:\/\/electricink.eu\/fr\/producto\/tebori-en-aluminium-noir\/\" \/>\n<meta property=\"og:locale\" content=\"fr_FR\" \/>\n<meta property=\"og:type\" content=\"article\" \/>\n<meta property=\"og:title\" content=\"Tebori en aluminium - Noir - Electric Ink\u00ae\" \/>\n<meta property=\"og:description\" content=\"Tebori en aluminium Les teboris en aluminium, \u00e9galement appel\u00e9s inducteurs, sont en aluminium\u00a0 anodis\u00e9, poli et adapt\u00e9 \u00e0 l&#039;autoclavage. Ils ont \u00e9t\u00e9 d\u00e9velopp\u00e9s pour r\u00e9pondre aux besoins des professionnels du microblading, offrant \u00e0 l&#039;artiste une plus grande stabilit\u00e9 et s\u00e9curit\u00e9. Son design anatomique et ultral\u00e9ger a \u00e9t\u00e9 sp\u00e9cialement con\u00e7u pour s&#039;adapter efficacement \u00e0 la main de l&#039;artiste. Praticit\u00e9 et versatilit\u00e9 lors de la pigmentation!\" \/>\n<meta property=\"og:url\" content=\"https:\/\/electricink.eu\/fr\/producto\/tebori-en-aluminium-noir\/\" \/>\n<meta property=\"og:site_name\" content=\"Electric Ink\u00ae\" \/>\n<meta property=\"article:modified_time\" content=\"2024-02-01T15:12:06+00:00\" \/>\n<meta property=\"og:image\" content=\"https:\/\/electricink.eu\/wp-content\/uploads\/2023\/12\/Tebori-Aluminio-Preto-01-2.png\" \/>\n\t<meta property=\"og:image:width\" content=\"1080\" \/>\n\t<meta property=\"og:image:height\" content=\"1080\" \/>\n\t<meta property=\"og:image:type\" content=\"image\/png\" \/>\n<meta name=\"twitter:card\" content=\"summary_large_image\" \/>\n<meta name=\"twitter:label1\" content=\"Dur\u00e9e de lecture estim\u00e9e\" \/>\n\t<meta name=\"twitter:data1\" content=\"1 minute\" \/>\n<script type=\"application\/ld+json\" class=\"yoast-schema-graph\">{\"@context\":\"https:\\\/\\\/schema.org\",\"@graph\":[{\"@type\":\"WebPage\",\"@id\":\"https:\\\/\\\/electricink.eu\\\/fr\\\/producto\\\/tebori-en-aluminium-noir\\\/\",\"url\":\"https:\\\/\\\/electricink.eu\\\/fr\\\/producto\\\/tebori-en-aluminium-noir\\\/\",\"name\":\"Tebori en aluminium - Noir - Electric Ink\u00ae\",\"isPartOf\":{\"@id\":\"https:\\\/\\\/electricink.eu\\\/#website\"},\"primaryImageOfPage\":{\"@id\":\"https:\\\/\\\/electricink.eu\\\/fr\\\/producto\\\/tebori-en-aluminium-noir\\\/#primaryimage\"},\"image\":{\"@id\":\"https:\\\/\\\/electricink.eu\\\/fr\\\/producto\\\/tebori-en-aluminium-noir\\\/#primaryimage\"},\"thumbnailUrl\":\"https:\\\/\\\/electricink.eu\\\/wp-content\\\/uploads\\\/2023\\\/12\\\/Tebori-Aluminio-Preto-01-2.png\",\"datePublished\":\"2023-12-14T00:13:51+00:00\",\"dateModified\":\"2024-02-01T15:12:06+00:00\",\"breadcrumb\":{\"@id\":\"https:\\\/\\\/electricink.eu\\\/fr\\\/producto\\\/tebori-en-aluminium-noir\\\/#breadcrumb\"},\"inLanguage\":\"fr-FR\",\"potentialAction\":[{\"@type\":\"ReadAction\",\"target\":[\"https:\\\/\\\/electricink.eu\\\/fr\\\/producto\\\/tebori-en-aluminium-noir\\\/\"]}]},{\"@type\":\"ImageObject\",\"inLanguage\":\"fr-FR\",\"@id\":\"https:\\\/\\\/electricink.eu\\\/fr\\\/producto\\\/tebori-en-aluminium-noir\\\/#primaryimage\",\"url\":\"https:\\\/\\\/electricink.eu\\\/wp-content\\\/uploads\\\/2023\\\/12\\\/Tebori-Aluminio-Preto-01-2.png\",\"contentUrl\":\"https:\\\/\\\/electricink.eu\\\/wp-content\\\/uploads\\\/2023\\\/12\\\/Tebori-Aluminio-Preto-01-2.png\",\"width\":1080,\"height\":1080},{\"@type\":\"BreadcrumbList\",\"@id\":\"https:\\\/\\\/electricink.eu\\\/fr\\\/producto\\\/tebori-en-aluminium-noir\\\/#breadcrumb\",\"itemListElement\":[{\"@type\":\"ListItem\",\"position\":1,\"name\":\"Portada\",\"item\":\"https:\\\/\\\/electricink.eu\\\/fr\\\/home\\\/\"},{\"@type\":\"ListItem\",\"position\":2,\"name\":\"Boutique\",\"item\":\"https:\\\/\\\/electricink.eu\\\/tienda\\\/\"},{\"@type\":\"ListItem\",\"position\":3,\"name\":\"Tebori en aluminium &#8211; Noir\"}]},{\"@type\":\"WebSite\",\"@id\":\"https:\\\/\\\/electricink.eu\\\/#website\",\"url\":\"https:\\\/\\\/electricink.eu\\\/\",\"name\":\"Electric Ink\u00ae\",\"description\":\"Material para Tatuar Profesional en Europa - Electric Ink\u00ae\",\"potentialAction\":[{\"@type\":\"SearchAction\",\"target\":{\"@type\":\"EntryPoint\",\"urlTemplate\":\"https:\\\/\\\/electricink.eu\\\/?s={search_term_string}\"},\"query-input\":{\"@type\":\"PropertyValueSpecification\",\"valueRequired\":true,\"valueName\":\"search_term_string\"}}],\"inLanguage\":\"fr-FR\"}]}<\/script>\n<!-- \/ Yoast SEO plugin. -->","yoast_head_json":{"title":"Tebori en aluminium - Noir - Electric Ink\u00ae","robots":{"index":"index","follow":"follow","max-snippet":"max-snippet:-1","max-image-preview":"max-image-preview:large","max-video-preview":"max-video-preview:-1"},"canonical":"https:\/\/electricink.eu\/fr\/producto\/tebori-en-aluminium-noir\/","og_locale":"fr_FR","og_type":"article","og_title":"Tebori en aluminium - Noir - Electric Ink\u00ae","og_description":"Tebori en aluminium Les teboris en aluminium, \u00e9galement appel\u00e9s inducteurs, sont en aluminium\u00a0 anodis\u00e9, poli et adapt\u00e9 \u00e0 l'autoclavage. Ils ont \u00e9t\u00e9 d\u00e9velopp\u00e9s pour r\u00e9pondre aux besoins des professionnels du microblading, offrant \u00e0 l'artiste une plus grande stabilit\u00e9 et s\u00e9curit\u00e9. Son design anatomique et ultral\u00e9ger a \u00e9t\u00e9 sp\u00e9cialement con\u00e7u pour s'adapter efficacement \u00e0 la main de l'artiste. Praticit\u00e9 et versatilit\u00e9 lors de la pigmentation!","og_url":"https:\/\/electricink.eu\/fr\/producto\/tebori-en-aluminium-noir\/","og_site_name":"Electric Ink\u00ae","article_modified_time":"2024-02-01T15:12:06+00:00","og_image":[{"width":1080,"height":1080,"url":"https:\/\/electricink.eu\/wp-content\/uploads\/2023\/12\/Tebori-Aluminio-Preto-01-2.png","type":"image\/png"}],"twitter_card":"summary_large_image","twitter_misc":{"Dur\u00e9e de lecture estim\u00e9e":"1 minute"},"schema":{"@context":"https:\/\/schema.org","@graph":[{"@type":"WebPage","@id":"https:\/\/electricink.eu\/fr\/producto\/tebori-en-aluminium-noir\/","url":"https:\/\/electricink.eu\/fr\/producto\/tebori-en-aluminium-noir\/","name":"Tebori en aluminium - Noir - Electric Ink\u00ae","isPartOf":{"@id":"https:\/\/electricink.eu\/#website"},"primaryImageOfPage":{"@id":"https:\/\/electricink.eu\/fr\/producto\/tebori-en-aluminium-noir\/#primaryimage"},"image":{"@id":"https:\/\/electricink.eu\/fr\/producto\/tebori-en-aluminium-noir\/#primaryimage"},"thumbnailUrl":"https:\/\/electricink.eu\/wp-content\/uploads\/2023\/12\/Tebori-Aluminio-Preto-01-2.png","datePublished":"2023-12-14T00:13:51+00:00","dateModified":"2024-02-01T15:12:06+00:00","breadcrumb":{"@id":"https:\/\/electricink.eu\/fr\/producto\/tebori-en-aluminium-noir\/#breadcrumb"},"inLanguage":"fr-FR","potentialAction":[{"@type":"ReadAction","target":["https:\/\/electricink.eu\/fr\/producto\/tebori-en-aluminium-noir\/"]}]},{"@type":"ImageObject","inLanguage":"fr-FR","@id":"https:\/\/electricink.eu\/fr\/producto\/tebori-en-aluminium-noir\/#primaryimage","url":"https:\/\/electricink.eu\/wp-content\/uploads\/2023\/12\/Tebori-Aluminio-Preto-01-2.png","contentUrl":"https:\/\/electricink.eu\/wp-content\/uploads\/2023\/12\/Tebori-Aluminio-Preto-01-2.png","width":1080,"height":1080},{"@type":"BreadcrumbList","@id":"https:\/\/electricink.eu\/fr\/producto\/tebori-en-aluminium-noir\/#breadcrumb","itemListElement":[{"@type":"ListItem","position":1,"name":"Portada","item":"https:\/\/electricink.eu\/fr\/home\/"},{"@type":"ListItem","position":2,"name":"Boutique","item":"https:\/\/electricink.eu\/tienda\/"},{"@type":"ListItem","position":3,"name":"Tebori en aluminium &#8211; Noir"}]},{"@type":"WebSite","@id":"https:\/\/electricink.eu\/#website","url":"https:\/\/electricink.eu\/","name":"Electric Ink\u00ae","description":"Material para Tatuar Profesional en Europa - Electric Ink\u00ae","potentialAction":[{"@type":"SearchAction","target":{"@type":"EntryPoint","urlTemplate":"https:\/\/electricink.eu\/?s={search_term_string}"},"query-input":{"@type":"PropertyValueSpecification","valueRequired":true,"valueName":"search_term_string"}}],"inLanguage":"fr-FR"}]}},"_links":{"self":[{"href":"https:\/\/electricink.eu\/fr\/wp-json\/wp\/v2\/product\/37679","targetHints":{"allow":["GET"]}}],"collection":[{"href":"https:\/\/electricink.eu\/fr\/wp-json\/wp\/v2\/product"}],"about":[{"href":"https:\/\/electricink.eu\/fr\/wp-json\/wp\/v2\/types\/product"}],"replies":[{"embeddable":true,"href":"https:\/\/electricink.eu\/fr\/wp-json\/wp\/v2\/comments?post=37679"}],"wp:featuredmedia":[{"embeddable":true,"href":"https:\/\/electricink.eu\/fr\/wp-json\/wp\/v2\/media\/39155"}],"wp:attachment":[{"href":"https:\/\/electricink.eu\/fr\/wp-json\/wp\/v2\/media?parent=37679"}],"wp:term":[{"taxonomy":"product_brand","embeddable":true,"href":"https:\/\/electricink.eu\/fr\/wp-json\/wp\/v2\/product_brand?post=37679"},{"taxonomy":"product_cat","embeddable":true,"href":"https:\/\/electricink.eu\/fr\/wp-json\/wp\/v2\/product_cat?post=37679"},{"taxonomy":"product_tag","embeddable":true,"href":"https:\/\/electricink.eu\/fr\/wp-json\/wp\/v2\/product_tag?post=37679"}],"curies":[{"name":"wp","href":"https:\/\/api.w.org\/{rel}","templated":true}]}}