{"id":37682,"date":"2023-12-15T01:13:51","date_gmt":"2023-12-15T00:13:51","guid":{"rendered":"https:\/\/electricink.eu\/producto\/wrap-ruban-elastique-pour-manchon-violetrubans-auto-adhesifs-pour-manchon-5cm-x-450m-couleur-violet\/"},"modified":"2025-08-08T14:59:18","modified_gmt":"2025-08-08T12:59:18","slug":"wrap-ruban-elastique-pour-manchon-violetrubans-auto-adhesifs-pour-manchon-5cm-x-450m-couleur-violet","status":"publish","type":"product","link":"https:\/\/electricink.eu\/fr\/producto\/wrap-ruban-elastique-pour-manchon-violetrubans-auto-adhesifs-pour-manchon-5cm-x-450m-couleur-violet\/","title":{"rendered":"Wrap &#8211; ruban \u00e9lastique pour manchon &#8211; VioletRubans auto-adh\u00e9sifs pour manchon: 5cm x 4,50m  Couleur: Violet"},"content":{"rendered":"<p>Le bandage \u00e9lastique (couvre manchon ou wrap) Electric Ink est un bandage pour les grips des machines \u00e0 tatouer.<\/p>\n<p>C&rsquo;est un excellent support pour une meilleure adh\u00e9rence du manchon. Il r\u00e9duit les vibrations et prot\u00e8ge.<\/p>\n<p>Fabriqu\u00e9 en tissu \u00e9lastique sp\u00e9cial, antid\u00e9rapant et r\u00e9sistant \u00e0 l&rsquo;humidit\u00e9, \u00e0 la sueur et \u00e0 l&rsquo;eau.<\/p>\n<p>Dimensions : 5 cm x 4,50 m<\/p>\n","protected":false},"excerpt":{"rendered":"<p>Le bandage \u00e9lastique (couvre manchon ou wrap) Electric Ink est un bandage pour les grips des machines \u00e0 tatouer. C&rsquo;est un excellent support pour une meilleure adh\u00e9rence du manchon. Il r\u00e9duit les vibrations et prot\u00e8ge. Fabriqu\u00e9 en tissu \u00e9lastique sp\u00e9cial, antid\u00e9rapant et r\u00e9sistant \u00e0 l&rsquo;humidit\u00e9, \u00e0 la sueur et \u00e0 l&rsquo;eau. Dimensions : 5 cm [&hellip;]<\/p>\n","protected":false},"featured_media":32120,"comment_status":"closed","ping_status":"closed","template":"","meta":{"_acf_changed":false,"_et_pb_use_builder":"","_et_pb_old_content":"","_et_gb_content_width":"","inline_featured_image":false},"product_brand":[],"product_cat":[781,782,794,798,808,813,814,815,816,817],"product_tag":[],"class_list":{"0":"post-37682","1":"product","2":"type-product","3":"status-publish","4":"has-post-thumbnail","6":"product_cat-accessoires-pour-tatouer","7":"product_cat-consumables","8":"product_cat-micropigmentation","9":"product_cat-dermographes","10":"product_cat-tattoo-fr","11":"product_cat-grips-fr","12":"product_cat-grip-en-acier","13":"product_cat-grips-aluminium-cartouches","14":"product_cat-grips-jetables-aiguilles","15":"product_cat-machine-a-tatouer","17":"first","18":"instock","19":"taxable","20":"shipping-taxable","21":"purchasable","22":"product-type-simple"},"acf":[],"yoast_head":"<!-- This site is optimized with the Yoast SEO plugin v27.4 - https:\/\/yoast.com\/product\/yoast-seo-wordpress\/ -->\n<title>Wrap - ruban \u00e9lastique pour manchon - VioletRubans auto-adh\u00e9sifs pour manchon: 5cm x 4,50m Couleur: Violet - Electric Ink\u00ae<\/title>\n<meta name=\"robots\" content=\"index, follow, max-snippet:-1, max-image-preview:large, max-video-preview:-1\" \/>\n<link rel=\"canonical\" href=\"https:\/\/electricink.eu\/producto\/wrap-venda-cubre-grip-morado\/\" \/>\n<meta property=\"og:locale\" content=\"fr_FR\" \/>\n<meta property=\"og:type\" content=\"article\" \/>\n<meta property=\"og:title\" content=\"Wrap - ruban \u00e9lastique pour manchon - VioletRubans auto-adh\u00e9sifs pour manchon: 5cm x 4,50m Couleur: Violet - Electric Ink\u00ae\" \/>\n<meta property=\"og:description\" content=\"Le bandage \u00e9lastique (couvre manchon ou wrap) Electric Ink est un bandage pour les grips des machines \u00e0 tatouer. C&rsquo;est un excellent support pour une meilleure adh\u00e9rence du manchon. Il r\u00e9duit les vibrations et prot\u00e8ge. Fabriqu\u00e9 en tissu \u00e9lastique sp\u00e9cial, antid\u00e9rapant et r\u00e9sistant \u00e0 l&rsquo;humidit\u00e9, \u00e0 la sueur et \u00e0 l&rsquo;eau. Dimensions : 5 cm [&hellip;]\" \/>\n<meta property=\"og:url\" content=\"https:\/\/electricink.eu\/producto\/wrap-venda-cubre-grip-morado\/\" \/>\n<meta property=\"og:site_name\" content=\"Electric Ink\u00ae\" \/>\n<meta property=\"article:modified_time\" content=\"2025-08-08T12:59:18+00:00\" \/>\n<meta property=\"og:image\" content=\"https:\/\/electricink.eu\/wp-content\/uploads\/2023\/12\/wrap_venda_elastica_tattoo_grip_cover_Morado-1.jpg\" \/>\n\t<meta property=\"og:image:width\" content=\"300\" \/>\n\t<meta property=\"og:image:height\" content=\"300\" \/>\n\t<meta property=\"og:image:type\" content=\"image\/jpeg\" \/>\n<meta name=\"twitter:card\" content=\"summary_large_image\" \/>\n<script type=\"application\/ld+json\" class=\"yoast-schema-graph\">{\"@context\":\"https:\\\/\\\/schema.org\",\"@graph\":[{\"@type\":\"WebPage\",\"@id\":\"https:\\\/\\\/electricink.eu\\\/producto\\\/wrap-venda-cubre-grip-morado\\\/\",\"url\":\"https:\\\/\\\/electricink.eu\\\/producto\\\/wrap-venda-cubre-grip-morado\\\/\",\"name\":\"Wrap - ruban \u00e9lastique pour manchon - VioletRubans auto-adh\u00e9sifs pour manchon: 5cm x 4,50m Couleur: Violet - Electric Ink\u00ae\",\"isPartOf\":{\"@id\":\"https:\\\/\\\/electricink.eu\\\/#website\"},\"primaryImageOfPage\":{\"@id\":\"https:\\\/\\\/electricink.eu\\\/producto\\\/wrap-venda-cubre-grip-morado\\\/#primaryimage\"},\"image\":{\"@id\":\"https:\\\/\\\/electricink.eu\\\/producto\\\/wrap-venda-cubre-grip-morado\\\/#primaryimage\"},\"thumbnailUrl\":\"https:\\\/\\\/electricink.eu\\\/wp-content\\\/uploads\\\/2023\\\/12\\\/wrap_venda_elastica_tattoo_grip_cover_Morado-1.jpg\",\"datePublished\":\"2023-12-15T00:13:51+00:00\",\"dateModified\":\"2025-08-08T12:59:18+00:00\",\"breadcrumb\":{\"@id\":\"https:\\\/\\\/electricink.eu\\\/producto\\\/wrap-venda-cubre-grip-morado\\\/#breadcrumb\"},\"inLanguage\":\"fr-FR\",\"potentialAction\":[{\"@type\":\"ReadAction\",\"target\":[\"https:\\\/\\\/electricink.eu\\\/producto\\\/wrap-venda-cubre-grip-morado\\\/\"]}]},{\"@type\":\"ImageObject\",\"inLanguage\":\"fr-FR\",\"@id\":\"https:\\\/\\\/electricink.eu\\\/producto\\\/wrap-venda-cubre-grip-morado\\\/#primaryimage\",\"url\":\"https:\\\/\\\/electricink.eu\\\/wp-content\\\/uploads\\\/2023\\\/12\\\/wrap_venda_elastica_tattoo_grip_cover_Morado-1.jpg\",\"contentUrl\":\"https:\\\/\\\/electricink.eu\\\/wp-content\\\/uploads\\\/2023\\\/12\\\/wrap_venda_elastica_tattoo_grip_cover_Morado-1.jpg\",\"width\":300,\"height\":300},{\"@type\":\"BreadcrumbList\",\"@id\":\"https:\\\/\\\/electricink.eu\\\/producto\\\/wrap-venda-cubre-grip-morado\\\/#breadcrumb\",\"itemListElement\":[{\"@type\":\"ListItem\",\"position\":1,\"name\":\"Portada\",\"item\":\"https:\\\/\\\/electricink.eu\\\/fr\\\/home\\\/\"},{\"@type\":\"ListItem\",\"position\":2,\"name\":\"Boutique\",\"item\":\"https:\\\/\\\/electricink.eu\\\/tienda\\\/\"},{\"@type\":\"ListItem\",\"position\":3,\"name\":\"Wrap &#8211; ruban \u00e9lastique pour manchon &#8211; VioletRubans auto-adh\u00e9sifs pour manchon: 5cm x 4,50m Couleur: Violet\"}]},{\"@type\":\"WebSite\",\"@id\":\"https:\\\/\\\/electricink.eu\\\/#website\",\"url\":\"https:\\\/\\\/electricink.eu\\\/\",\"name\":\"Electric Ink\u00ae\",\"description\":\"Material para Tatuar Profesional en Europa - Electric Ink\u00ae\",\"potentialAction\":[{\"@type\":\"SearchAction\",\"target\":{\"@type\":\"EntryPoint\",\"urlTemplate\":\"https:\\\/\\\/electricink.eu\\\/?s={search_term_string}\"},\"query-input\":{\"@type\":\"PropertyValueSpecification\",\"valueRequired\":true,\"valueName\":\"search_term_string\"}}],\"inLanguage\":\"fr-FR\"}]}<\/script>\n<!-- \/ Yoast SEO plugin. -->","yoast_head_json":{"title":"Wrap - ruban \u00e9lastique pour manchon - VioletRubans auto-adh\u00e9sifs pour manchon: 5cm x 4,50m Couleur: Violet - Electric Ink\u00ae","robots":{"index":"index","follow":"follow","max-snippet":"max-snippet:-1","max-image-preview":"max-image-preview:large","max-video-preview":"max-video-preview:-1"},"canonical":"https:\/\/electricink.eu\/producto\/wrap-venda-cubre-grip-morado\/","og_locale":"fr_FR","og_type":"article","og_title":"Wrap - ruban \u00e9lastique pour manchon - VioletRubans auto-adh\u00e9sifs pour manchon: 5cm x 4,50m Couleur: Violet - Electric Ink\u00ae","og_description":"Le bandage \u00e9lastique (couvre manchon ou wrap) Electric Ink est un bandage pour les grips des machines \u00e0 tatouer. C&rsquo;est un excellent support pour une meilleure adh\u00e9rence du manchon. Il r\u00e9duit les vibrations et prot\u00e8ge. Fabriqu\u00e9 en tissu \u00e9lastique sp\u00e9cial, antid\u00e9rapant et r\u00e9sistant \u00e0 l&rsquo;humidit\u00e9, \u00e0 la sueur et \u00e0 l&rsquo;eau. Dimensions : 5 cm [&hellip;]","og_url":"https:\/\/electricink.eu\/producto\/wrap-venda-cubre-grip-morado\/","og_site_name":"Electric Ink\u00ae","article_modified_time":"2025-08-08T12:59:18+00:00","og_image":[{"width":300,"height":300,"url":"https:\/\/electricink.eu\/wp-content\/uploads\/2023\/12\/wrap_venda_elastica_tattoo_grip_cover_Morado-1.jpg","type":"image\/jpeg"}],"twitter_card":"summary_large_image","schema":{"@context":"https:\/\/schema.org","@graph":[{"@type":"WebPage","@id":"https:\/\/electricink.eu\/producto\/wrap-venda-cubre-grip-morado\/","url":"https:\/\/electricink.eu\/producto\/wrap-venda-cubre-grip-morado\/","name":"Wrap - ruban \u00e9lastique pour manchon - VioletRubans auto-adh\u00e9sifs pour manchon: 5cm x 4,50m Couleur: Violet - Electric Ink\u00ae","isPartOf":{"@id":"https:\/\/electricink.eu\/#website"},"primaryImageOfPage":{"@id":"https:\/\/electricink.eu\/producto\/wrap-venda-cubre-grip-morado\/#primaryimage"},"image":{"@id":"https:\/\/electricink.eu\/producto\/wrap-venda-cubre-grip-morado\/#primaryimage"},"thumbnailUrl":"https:\/\/electricink.eu\/wp-content\/uploads\/2023\/12\/wrap_venda_elastica_tattoo_grip_cover_Morado-1.jpg","datePublished":"2023-12-15T00:13:51+00:00","dateModified":"2025-08-08T12:59:18+00:00","breadcrumb":{"@id":"https:\/\/electricink.eu\/producto\/wrap-venda-cubre-grip-morado\/#breadcrumb"},"inLanguage":"fr-FR","potentialAction":[{"@type":"ReadAction","target":["https:\/\/electricink.eu\/producto\/wrap-venda-cubre-grip-morado\/"]}]},{"@type":"ImageObject","inLanguage":"fr-FR","@id":"https:\/\/electricink.eu\/producto\/wrap-venda-cubre-grip-morado\/#primaryimage","url":"https:\/\/electricink.eu\/wp-content\/uploads\/2023\/12\/wrap_venda_elastica_tattoo_grip_cover_Morado-1.jpg","contentUrl":"https:\/\/electricink.eu\/wp-content\/uploads\/2023\/12\/wrap_venda_elastica_tattoo_grip_cover_Morado-1.jpg","width":300,"height":300},{"@type":"BreadcrumbList","@id":"https:\/\/electricink.eu\/producto\/wrap-venda-cubre-grip-morado\/#breadcrumb","itemListElement":[{"@type":"ListItem","position":1,"name":"Portada","item":"https:\/\/electricink.eu\/fr\/home\/"},{"@type":"ListItem","position":2,"name":"Boutique","item":"https:\/\/electricink.eu\/tienda\/"},{"@type":"ListItem","position":3,"name":"Wrap &#8211; ruban \u00e9lastique pour manchon &#8211; VioletRubans auto-adh\u00e9sifs pour manchon: 5cm x 4,50m Couleur: Violet"}]},{"@type":"WebSite","@id":"https:\/\/electricink.eu\/#website","url":"https:\/\/electricink.eu\/","name":"Electric Ink\u00ae","description":"Material para Tatuar Profesional en Europa - Electric Ink\u00ae","potentialAction":[{"@type":"SearchAction","target":{"@type":"EntryPoint","urlTemplate":"https:\/\/electricink.eu\/?s={search_term_string}"},"query-input":{"@type":"PropertyValueSpecification","valueRequired":true,"valueName":"search_term_string"}}],"inLanguage":"fr-FR"}]}},"_links":{"self":[{"href":"https:\/\/electricink.eu\/fr\/wp-json\/wp\/v2\/product\/37682","targetHints":{"allow":["GET"]}}],"collection":[{"href":"https:\/\/electricink.eu\/fr\/wp-json\/wp\/v2\/product"}],"about":[{"href":"https:\/\/electricink.eu\/fr\/wp-json\/wp\/v2\/types\/product"}],"replies":[{"embeddable":true,"href":"https:\/\/electricink.eu\/fr\/wp-json\/wp\/v2\/comments?post=37682"}],"wp:featuredmedia":[{"embeddable":true,"href":"https:\/\/electricink.eu\/fr\/wp-json\/wp\/v2\/media\/32120"}],"wp:attachment":[{"href":"https:\/\/electricink.eu\/fr\/wp-json\/wp\/v2\/media?parent=37682"}],"wp:term":[{"taxonomy":"product_brand","embeddable":true,"href":"https:\/\/electricink.eu\/fr\/wp-json\/wp\/v2\/product_brand?post=37682"},{"taxonomy":"product_cat","embeddable":true,"href":"https:\/\/electricink.eu\/fr\/wp-json\/wp\/v2\/product_cat?post=37682"},{"taxonomy":"product_tag","embeddable":true,"href":"https:\/\/electricink.eu\/fr\/wp-json\/wp\/v2\/product_tag?post=37682"}],"curies":[{"name":"wp","href":"https:\/\/api.w.org\/{rel}","templated":true}]}}