{"id":37703,"date":"2023-12-14T01:13:51","date_gmt":"2023-12-14T00:13:51","guid":{"rendered":"https:\/\/electricink.eu\/producto\/convertisseur-cable-rca-a-cable-magnetique\/"},"modified":"2024-02-01T15:44:55","modified_gmt":"2024-02-01T14:44:55","slug":"convertisseur-cable-rca-a-cable-magnetique","status":"publish","type":"product","link":"https:\/\/electricink.eu\/fr\/producto\/convertisseur-cable-rca-a-cable-magnetique\/","title":{"rendered":"Convertisseur c\u00e2ble RCA \u00e0 c\u00e2ble magn\u00e9tique"},"content":{"rendered":"<p>Convertisseur c\u00e2ble RCA \u00e0 c\u00e2ble magn\u00e9tique.<\/p>\n","protected":false},"excerpt":{"rendered":"<p>Avec cet adaptateur, vous pouvez connecter un c\u00e2ble magn\u00e9tique \u00e0 votre machine de connexion RCA.<\/p>\n<p>Compatible avec toutes les machines \u00e0 connexion RCA, telles que Electra Pop, Pen Pop, Electra Driller, Transverse Nano et autres machines Electric Ink avec connexion RCA.<\/p>\n<p>Un c\u00e2ble magn\u00e9tique Electric Ink est n\u00e9cessaire pour se connecter \u00e0 l&rsquo; alimentation.<\/p>\n","protected":false},"featured_media":39141,"comment_status":"closed","ping_status":"closed","template":"","meta":{"_acf_changed":false,"_et_pb_use_builder":"","_et_pb_old_content":"","_et_gb_content_width":"","inline_featured_image":false},"product_brand":[],"product_cat":[781,790,808,810],"product_tag":[],"class_list":{"0":"post-37703","1":"product","2":"type-product","3":"status-publish","4":"has-post-thumbnail","6":"product_cat-accessoires-pour-tatouer","7":"product_cat-pieces-pour-machines-a-tatouer","8":"product_cat-tattoo-fr","9":"product_cat-cables-fr","11":"first","12":"instock","13":"taxable","14":"shipping-taxable","15":"purchasable","16":"product-type-simple"},"acf":[],"yoast_head":"<!-- This site is optimized with the Yoast SEO plugin v27.4 - https:\/\/yoast.com\/product\/yoast-seo-wordpress\/ -->\n<title>Convertisseur c\u00e2ble RCA \u00e0 c\u00e2ble magn\u00e9tique - Electric Ink\u00ae<\/title>\n<meta name=\"robots\" content=\"index, follow, max-snippet:-1, max-image-preview:large, max-video-preview:-1\" \/>\n<link rel=\"canonical\" href=\"https:\/\/electricink.eu\/fr\/producto\/convertisseur-cable-rca-a-cable-magnetique\/\" \/>\n<meta property=\"og:locale\" content=\"fr_FR\" \/>\n<meta property=\"og:type\" content=\"article\" \/>\n<meta property=\"og:title\" content=\"Convertisseur c\u00e2ble RCA \u00e0 c\u00e2ble magn\u00e9tique - Electric Ink\u00ae\" \/>\n<meta property=\"og:description\" content=\"Avec cet adaptateur, vous pouvez connecter un c\u00e2ble magn\u00e9tique \u00e0 votre machine de connexion RCA. Compatible avec toutes les machines \u00e0 connexion RCA, telles que Electra Pop, Pen Pop, Electra Driller, Transverse Nano et autres machines Electric Ink avec connexion RCA. Un c\u00e2ble magn\u00e9tique Electric Ink est n\u00e9cessaire pour se connecter \u00e0 l&#039; alimentation.\" \/>\n<meta property=\"og:url\" content=\"https:\/\/electricink.eu\/fr\/producto\/convertisseur-cable-rca-a-cable-magnetique\/\" \/>\n<meta property=\"og:site_name\" content=\"Electric Ink\u00ae\" \/>\n<meta property=\"article:modified_time\" content=\"2024-02-01T14:44:55+00:00\" \/>\n<meta property=\"og:image\" content=\"https:\/\/electricink.eu\/wp-content\/uploads\/2023\/12\/adaptador_rca_cable_magnetico-5.png\" \/>\n\t<meta property=\"og:image:width\" content=\"500\" \/>\n\t<meta property=\"og:image:height\" content=\"500\" \/>\n\t<meta property=\"og:image:type\" content=\"image\/png\" \/>\n<meta name=\"twitter:card\" content=\"summary_large_image\" \/>\n<script type=\"application\/ld+json\" class=\"yoast-schema-graph\">{\"@context\":\"https:\\\/\\\/schema.org\",\"@graph\":[{\"@type\":\"WebPage\",\"@id\":\"https:\\\/\\\/electricink.eu\\\/fr\\\/producto\\\/convertisseur-cable-rca-a-cable-magnetique\\\/\",\"url\":\"https:\\\/\\\/electricink.eu\\\/fr\\\/producto\\\/convertisseur-cable-rca-a-cable-magnetique\\\/\",\"name\":\"Convertisseur c\u00e2ble RCA \u00e0 c\u00e2ble magn\u00e9tique - Electric Ink\u00ae\",\"isPartOf\":{\"@id\":\"https:\\\/\\\/electricink.eu\\\/#website\"},\"primaryImageOfPage\":{\"@id\":\"https:\\\/\\\/electricink.eu\\\/fr\\\/producto\\\/convertisseur-cable-rca-a-cable-magnetique\\\/#primaryimage\"},\"image\":{\"@id\":\"https:\\\/\\\/electricink.eu\\\/fr\\\/producto\\\/convertisseur-cable-rca-a-cable-magnetique\\\/#primaryimage\"},\"thumbnailUrl\":\"https:\\\/\\\/electricink.eu\\\/wp-content\\\/uploads\\\/2023\\\/12\\\/adaptador_rca_cable_magnetico-5.png\",\"datePublished\":\"2023-12-14T00:13:51+00:00\",\"dateModified\":\"2024-02-01T14:44:55+00:00\",\"breadcrumb\":{\"@id\":\"https:\\\/\\\/electricink.eu\\\/fr\\\/producto\\\/convertisseur-cable-rca-a-cable-magnetique\\\/#breadcrumb\"},\"inLanguage\":\"fr-FR\",\"potentialAction\":[{\"@type\":\"ReadAction\",\"target\":[\"https:\\\/\\\/electricink.eu\\\/fr\\\/producto\\\/convertisseur-cable-rca-a-cable-magnetique\\\/\"]}]},{\"@type\":\"ImageObject\",\"inLanguage\":\"fr-FR\",\"@id\":\"https:\\\/\\\/electricink.eu\\\/fr\\\/producto\\\/convertisseur-cable-rca-a-cable-magnetique\\\/#primaryimage\",\"url\":\"https:\\\/\\\/electricink.eu\\\/wp-content\\\/uploads\\\/2023\\\/12\\\/adaptador_rca_cable_magnetico-5.png\",\"contentUrl\":\"https:\\\/\\\/electricink.eu\\\/wp-content\\\/uploads\\\/2023\\\/12\\\/adaptador_rca_cable_magnetico-5.png\",\"width\":500,\"height\":500},{\"@type\":\"BreadcrumbList\",\"@id\":\"https:\\\/\\\/electricink.eu\\\/fr\\\/producto\\\/convertisseur-cable-rca-a-cable-magnetique\\\/#breadcrumb\",\"itemListElement\":[{\"@type\":\"ListItem\",\"position\":1,\"name\":\"Portada\",\"item\":\"https:\\\/\\\/electricink.eu\\\/fr\\\/home\\\/\"},{\"@type\":\"ListItem\",\"position\":2,\"name\":\"Boutique\",\"item\":\"https:\\\/\\\/electricink.eu\\\/tienda\\\/\"},{\"@type\":\"ListItem\",\"position\":3,\"name\":\"Convertisseur c\u00e2ble RCA \u00e0 c\u00e2ble magn\u00e9tique\"}]},{\"@type\":\"WebSite\",\"@id\":\"https:\\\/\\\/electricink.eu\\\/#website\",\"url\":\"https:\\\/\\\/electricink.eu\\\/\",\"name\":\"Electric Ink\u00ae\",\"description\":\"Material para Tatuar Profesional en Europa - Electric Ink\u00ae\",\"potentialAction\":[{\"@type\":\"SearchAction\",\"target\":{\"@type\":\"EntryPoint\",\"urlTemplate\":\"https:\\\/\\\/electricink.eu\\\/?s={search_term_string}\"},\"query-input\":{\"@type\":\"PropertyValueSpecification\",\"valueRequired\":true,\"valueName\":\"search_term_string\"}}],\"inLanguage\":\"fr-FR\"}]}<\/script>\n<!-- \/ Yoast SEO plugin. -->","yoast_head_json":{"title":"Convertisseur c\u00e2ble RCA \u00e0 c\u00e2ble magn\u00e9tique - Electric Ink\u00ae","robots":{"index":"index","follow":"follow","max-snippet":"max-snippet:-1","max-image-preview":"max-image-preview:large","max-video-preview":"max-video-preview:-1"},"canonical":"https:\/\/electricink.eu\/fr\/producto\/convertisseur-cable-rca-a-cable-magnetique\/","og_locale":"fr_FR","og_type":"article","og_title":"Convertisseur c\u00e2ble RCA \u00e0 c\u00e2ble magn\u00e9tique - Electric Ink\u00ae","og_description":"Avec cet adaptateur, vous pouvez connecter un c\u00e2ble magn\u00e9tique \u00e0 votre machine de connexion RCA. Compatible avec toutes les machines \u00e0 connexion RCA, telles que Electra Pop, Pen Pop, Electra Driller, Transverse Nano et autres machines Electric Ink avec connexion RCA. Un c\u00e2ble magn\u00e9tique Electric Ink est n\u00e9cessaire pour se connecter \u00e0 l' alimentation.","og_url":"https:\/\/electricink.eu\/fr\/producto\/convertisseur-cable-rca-a-cable-magnetique\/","og_site_name":"Electric Ink\u00ae","article_modified_time":"2024-02-01T14:44:55+00:00","og_image":[{"width":500,"height":500,"url":"https:\/\/electricink.eu\/wp-content\/uploads\/2023\/12\/adaptador_rca_cable_magnetico-5.png","type":"image\/png"}],"twitter_card":"summary_large_image","schema":{"@context":"https:\/\/schema.org","@graph":[{"@type":"WebPage","@id":"https:\/\/electricink.eu\/fr\/producto\/convertisseur-cable-rca-a-cable-magnetique\/","url":"https:\/\/electricink.eu\/fr\/producto\/convertisseur-cable-rca-a-cable-magnetique\/","name":"Convertisseur c\u00e2ble RCA \u00e0 c\u00e2ble magn\u00e9tique - Electric Ink\u00ae","isPartOf":{"@id":"https:\/\/electricink.eu\/#website"},"primaryImageOfPage":{"@id":"https:\/\/electricink.eu\/fr\/producto\/convertisseur-cable-rca-a-cable-magnetique\/#primaryimage"},"image":{"@id":"https:\/\/electricink.eu\/fr\/producto\/convertisseur-cable-rca-a-cable-magnetique\/#primaryimage"},"thumbnailUrl":"https:\/\/electricink.eu\/wp-content\/uploads\/2023\/12\/adaptador_rca_cable_magnetico-5.png","datePublished":"2023-12-14T00:13:51+00:00","dateModified":"2024-02-01T14:44:55+00:00","breadcrumb":{"@id":"https:\/\/electricink.eu\/fr\/producto\/convertisseur-cable-rca-a-cable-magnetique\/#breadcrumb"},"inLanguage":"fr-FR","potentialAction":[{"@type":"ReadAction","target":["https:\/\/electricink.eu\/fr\/producto\/convertisseur-cable-rca-a-cable-magnetique\/"]}]},{"@type":"ImageObject","inLanguage":"fr-FR","@id":"https:\/\/electricink.eu\/fr\/producto\/convertisseur-cable-rca-a-cable-magnetique\/#primaryimage","url":"https:\/\/electricink.eu\/wp-content\/uploads\/2023\/12\/adaptador_rca_cable_magnetico-5.png","contentUrl":"https:\/\/electricink.eu\/wp-content\/uploads\/2023\/12\/adaptador_rca_cable_magnetico-5.png","width":500,"height":500},{"@type":"BreadcrumbList","@id":"https:\/\/electricink.eu\/fr\/producto\/convertisseur-cable-rca-a-cable-magnetique\/#breadcrumb","itemListElement":[{"@type":"ListItem","position":1,"name":"Portada","item":"https:\/\/electricink.eu\/fr\/home\/"},{"@type":"ListItem","position":2,"name":"Boutique","item":"https:\/\/electricink.eu\/tienda\/"},{"@type":"ListItem","position":3,"name":"Convertisseur c\u00e2ble RCA \u00e0 c\u00e2ble magn\u00e9tique"}]},{"@type":"WebSite","@id":"https:\/\/electricink.eu\/#website","url":"https:\/\/electricink.eu\/","name":"Electric Ink\u00ae","description":"Material para Tatuar Profesional en Europa - Electric Ink\u00ae","potentialAction":[{"@type":"SearchAction","target":{"@type":"EntryPoint","urlTemplate":"https:\/\/electricink.eu\/?s={search_term_string}"},"query-input":{"@type":"PropertyValueSpecification","valueRequired":true,"valueName":"search_term_string"}}],"inLanguage":"fr-FR"}]}},"_links":{"self":[{"href":"https:\/\/electricink.eu\/fr\/wp-json\/wp\/v2\/product\/37703","targetHints":{"allow":["GET"]}}],"collection":[{"href":"https:\/\/electricink.eu\/fr\/wp-json\/wp\/v2\/product"}],"about":[{"href":"https:\/\/electricink.eu\/fr\/wp-json\/wp\/v2\/types\/product"}],"replies":[{"embeddable":true,"href":"https:\/\/electricink.eu\/fr\/wp-json\/wp\/v2\/comments?post=37703"}],"wp:featuredmedia":[{"embeddable":true,"href":"https:\/\/electricink.eu\/fr\/wp-json\/wp\/v2\/media\/39141"}],"wp:attachment":[{"href":"https:\/\/electricink.eu\/fr\/wp-json\/wp\/v2\/media?parent=37703"}],"wp:term":[{"taxonomy":"product_brand","embeddable":true,"href":"https:\/\/electricink.eu\/fr\/wp-json\/wp\/v2\/product_brand?post=37703"},{"taxonomy":"product_cat","embeddable":true,"href":"https:\/\/electricink.eu\/fr\/wp-json\/wp\/v2\/product_cat?post=37703"},{"taxonomy":"product_tag","embeddable":true,"href":"https:\/\/electricink.eu\/fr\/wp-json\/wp\/v2\/product_tag?post=37703"}],"curies":[{"name":"wp","href":"https:\/\/api.w.org\/{rel}","templated":true}]}}