{"id":37712,"date":"2023-12-14T01:12:27","date_gmt":"2023-12-14T00:12:27","guid":{"rendered":"https:\/\/electricink.eu\/producto\/grommet-super-hard-violet\/"},"modified":"2025-08-08T14:59:18","modified_gmt":"2025-08-08T12:59:18","slug":"grommet-super-hard-violet","status":"publish","type":"product","link":"https:\/\/electricink.eu\/fr\/producto\/grommet-super-hard-violet\/","title":{"rendered":"Grommet super hard &#8211; Violet"},"content":{"rendered":"<p><strong>Couleur:<\/strong> Violet<\/p>\n<p><strong>Type:<\/strong> Super-Hard<\/p>\n<p>Bo\u00eete 5,5g avec environ 50 unit\u00e9s<\/p>\n","protected":false},"excerpt":{"rendered":"<p><strong>Grommets \u00e0 r\u00e9sistance Super-Hard<\/strong>, soigneusement con\u00e7us par Electric Ink pour am\u00e9liorer l&rsquo;utilisation et les frappes des machines.<\/p>\n<p>Indiqu\u00e9s pour les machines rotatives, en particulier pour Transverse Nano et autres machines hybrides de m\u00eame configuration, comme le mod\u00e8le F (RCA ou clip-cord).<\/p>\n<p>Fabriqu\u00e9s avec du mat\u00e9riau \u00e0 haute durabilit\u00e9 pour supporter la force du frottement\/mouvement et les frappes.<\/p>\n","protected":false},"featured_media":39179,"comment_status":"closed","ping_status":"closed","template":"","meta":{"_acf_changed":false,"_et_pb_use_builder":"","_et_pb_old_content":"","_et_gb_content_width":"","inline_featured_image":false},"product_brand":[],"product_cat":[781,790,808,817,820],"product_tag":[],"class_list":{"0":"post-37712","1":"product","2":"type-product","3":"status-publish","4":"has-post-thumbnail","6":"product_cat-accessoires-pour-tatouer","7":"product_cat-pieces-pour-machines-a-tatouer","8":"product_cat-tattoo-fr","9":"product_cat-machine-a-tatouer","10":"product_cat-machines-rotatives","12":"first","13":"instock","14":"taxable","15":"shipping-taxable","16":"purchasable","17":"product-type-simple"},"acf":[],"yoast_head":"<!-- This site is optimized with the Yoast SEO plugin v27.4 - https:\/\/yoast.com\/product\/yoast-seo-wordpress\/ -->\n<title>Grommet super hard - Violet - Electric Ink\u00ae<\/title>\n<meta name=\"robots\" content=\"index, follow, max-snippet:-1, max-image-preview:large, max-video-preview:-1\" \/>\n<link rel=\"canonical\" href=\"https:\/\/electricink.eu\/fr\/producto\/grommet-super-hard-violet\/\" \/>\n<meta property=\"og:locale\" content=\"fr_FR\" \/>\n<meta property=\"og:type\" content=\"article\" \/>\n<meta property=\"og:title\" content=\"Grommet super hard - Violet - Electric Ink\u00ae\" \/>\n<meta property=\"og:description\" content=\"Grommets \u00e0 r\u00e9sistance Super-Hard, soigneusement con\u00e7us par Electric Ink pour am\u00e9liorer l&#039;utilisation et les frappes des machines. Indiqu\u00e9s pour les machines rotatives, en particulier pour Transverse Nano et autres machines hybrides de m\u00eame configuration, comme le mod\u00e8le F (RCA ou clip-cord). Fabriqu\u00e9s avec du mat\u00e9riau \u00e0 haute durabilit\u00e9 pour supporter la force du frottement\/mouvement et les frappes.\" \/>\n<meta property=\"og:url\" content=\"https:\/\/electricink.eu\/fr\/producto\/grommet-super-hard-violet\/\" \/>\n<meta property=\"og:site_name\" content=\"Electric Ink\u00ae\" \/>\n<meta property=\"article:modified_time\" content=\"2025-08-08T12:59:18+00:00\" \/>\n<meta property=\"og:image\" content=\"https:\/\/electricink.eu\/wp-content\/uploads\/2023\/12\/gromet_morado_01-2.png\" \/>\n\t<meta property=\"og:image:width\" content=\"500\" \/>\n\t<meta property=\"og:image:height\" content=\"500\" \/>\n\t<meta property=\"og:image:type\" content=\"image\/png\" \/>\n<meta name=\"twitter:card\" content=\"summary_large_image\" \/>\n<script type=\"application\/ld+json\" class=\"yoast-schema-graph\">{\"@context\":\"https:\\\/\\\/schema.org\",\"@graph\":[{\"@type\":\"WebPage\",\"@id\":\"https:\\\/\\\/electricink.eu\\\/fr\\\/producto\\\/grommet-super-hard-violet\\\/\",\"url\":\"https:\\\/\\\/electricink.eu\\\/fr\\\/producto\\\/grommet-super-hard-violet\\\/\",\"name\":\"Grommet super hard - Violet - Electric Ink\u00ae\",\"isPartOf\":{\"@id\":\"https:\\\/\\\/electricink.eu\\\/#website\"},\"primaryImageOfPage\":{\"@id\":\"https:\\\/\\\/electricink.eu\\\/fr\\\/producto\\\/grommet-super-hard-violet\\\/#primaryimage\"},\"image\":{\"@id\":\"https:\\\/\\\/electricink.eu\\\/fr\\\/producto\\\/grommet-super-hard-violet\\\/#primaryimage\"},\"thumbnailUrl\":\"https:\\\/\\\/electricink.eu\\\/wp-content\\\/uploads\\\/2023\\\/12\\\/gromet_morado_01-2.png\",\"datePublished\":\"2023-12-14T00:12:27+00:00\",\"dateModified\":\"2025-08-08T12:59:18+00:00\",\"breadcrumb\":{\"@id\":\"https:\\\/\\\/electricink.eu\\\/fr\\\/producto\\\/grommet-super-hard-violet\\\/#breadcrumb\"},\"inLanguage\":\"fr-FR\",\"potentialAction\":[{\"@type\":\"ReadAction\",\"target\":[\"https:\\\/\\\/electricink.eu\\\/fr\\\/producto\\\/grommet-super-hard-violet\\\/\"]}]},{\"@type\":\"ImageObject\",\"inLanguage\":\"fr-FR\",\"@id\":\"https:\\\/\\\/electricink.eu\\\/fr\\\/producto\\\/grommet-super-hard-violet\\\/#primaryimage\",\"url\":\"https:\\\/\\\/electricink.eu\\\/wp-content\\\/uploads\\\/2023\\\/12\\\/gromet_morado_01-2.png\",\"contentUrl\":\"https:\\\/\\\/electricink.eu\\\/wp-content\\\/uploads\\\/2023\\\/12\\\/gromet_morado_01-2.png\",\"width\":500,\"height\":500},{\"@type\":\"BreadcrumbList\",\"@id\":\"https:\\\/\\\/electricink.eu\\\/fr\\\/producto\\\/grommet-super-hard-violet\\\/#breadcrumb\",\"itemListElement\":[{\"@type\":\"ListItem\",\"position\":1,\"name\":\"Portada\",\"item\":\"https:\\\/\\\/electricink.eu\\\/fr\\\/home\\\/\"},{\"@type\":\"ListItem\",\"position\":2,\"name\":\"Boutique\",\"item\":\"https:\\\/\\\/electricink.eu\\\/tienda\\\/\"},{\"@type\":\"ListItem\",\"position\":3,\"name\":\"Grommet super hard &#8211; Violet\"}]},{\"@type\":\"WebSite\",\"@id\":\"https:\\\/\\\/electricink.eu\\\/#website\",\"url\":\"https:\\\/\\\/electricink.eu\\\/\",\"name\":\"Electric Ink\u00ae\",\"description\":\"Material para Tatuar Profesional en Europa - Electric Ink\u00ae\",\"potentialAction\":[{\"@type\":\"SearchAction\",\"target\":{\"@type\":\"EntryPoint\",\"urlTemplate\":\"https:\\\/\\\/electricink.eu\\\/?s={search_term_string}\"},\"query-input\":{\"@type\":\"PropertyValueSpecification\",\"valueRequired\":true,\"valueName\":\"search_term_string\"}}],\"inLanguage\":\"fr-FR\"}]}<\/script>\n<!-- \/ Yoast SEO plugin. -->","yoast_head_json":{"title":"Grommet super hard - Violet - Electric Ink\u00ae","robots":{"index":"index","follow":"follow","max-snippet":"max-snippet:-1","max-image-preview":"max-image-preview:large","max-video-preview":"max-video-preview:-1"},"canonical":"https:\/\/electricink.eu\/fr\/producto\/grommet-super-hard-violet\/","og_locale":"fr_FR","og_type":"article","og_title":"Grommet super hard - Violet - Electric Ink\u00ae","og_description":"Grommets \u00e0 r\u00e9sistance Super-Hard, soigneusement con\u00e7us par Electric Ink pour am\u00e9liorer l'utilisation et les frappes des machines. Indiqu\u00e9s pour les machines rotatives, en particulier pour Transverse Nano et autres machines hybrides de m\u00eame configuration, comme le mod\u00e8le F (RCA ou clip-cord). Fabriqu\u00e9s avec du mat\u00e9riau \u00e0 haute durabilit\u00e9 pour supporter la force du frottement\/mouvement et les frappes.","og_url":"https:\/\/electricink.eu\/fr\/producto\/grommet-super-hard-violet\/","og_site_name":"Electric Ink\u00ae","article_modified_time":"2025-08-08T12:59:18+00:00","og_image":[{"width":500,"height":500,"url":"https:\/\/electricink.eu\/wp-content\/uploads\/2023\/12\/gromet_morado_01-2.png","type":"image\/png"}],"twitter_card":"summary_large_image","schema":{"@context":"https:\/\/schema.org","@graph":[{"@type":"WebPage","@id":"https:\/\/electricink.eu\/fr\/producto\/grommet-super-hard-violet\/","url":"https:\/\/electricink.eu\/fr\/producto\/grommet-super-hard-violet\/","name":"Grommet super hard - Violet - Electric Ink\u00ae","isPartOf":{"@id":"https:\/\/electricink.eu\/#website"},"primaryImageOfPage":{"@id":"https:\/\/electricink.eu\/fr\/producto\/grommet-super-hard-violet\/#primaryimage"},"image":{"@id":"https:\/\/electricink.eu\/fr\/producto\/grommet-super-hard-violet\/#primaryimage"},"thumbnailUrl":"https:\/\/electricink.eu\/wp-content\/uploads\/2023\/12\/gromet_morado_01-2.png","datePublished":"2023-12-14T00:12:27+00:00","dateModified":"2025-08-08T12:59:18+00:00","breadcrumb":{"@id":"https:\/\/electricink.eu\/fr\/producto\/grommet-super-hard-violet\/#breadcrumb"},"inLanguage":"fr-FR","potentialAction":[{"@type":"ReadAction","target":["https:\/\/electricink.eu\/fr\/producto\/grommet-super-hard-violet\/"]}]},{"@type":"ImageObject","inLanguage":"fr-FR","@id":"https:\/\/electricink.eu\/fr\/producto\/grommet-super-hard-violet\/#primaryimage","url":"https:\/\/electricink.eu\/wp-content\/uploads\/2023\/12\/gromet_morado_01-2.png","contentUrl":"https:\/\/electricink.eu\/wp-content\/uploads\/2023\/12\/gromet_morado_01-2.png","width":500,"height":500},{"@type":"BreadcrumbList","@id":"https:\/\/electricink.eu\/fr\/producto\/grommet-super-hard-violet\/#breadcrumb","itemListElement":[{"@type":"ListItem","position":1,"name":"Portada","item":"https:\/\/electricink.eu\/fr\/home\/"},{"@type":"ListItem","position":2,"name":"Boutique","item":"https:\/\/electricink.eu\/tienda\/"},{"@type":"ListItem","position":3,"name":"Grommet super hard &#8211; Violet"}]},{"@type":"WebSite","@id":"https:\/\/electricink.eu\/#website","url":"https:\/\/electricink.eu\/","name":"Electric Ink\u00ae","description":"Material para Tatuar Profesional en Europa - Electric Ink\u00ae","potentialAction":[{"@type":"SearchAction","target":{"@type":"EntryPoint","urlTemplate":"https:\/\/electricink.eu\/?s={search_term_string}"},"query-input":{"@type":"PropertyValueSpecification","valueRequired":true,"valueName":"search_term_string"}}],"inLanguage":"fr-FR"}]}},"_links":{"self":[{"href":"https:\/\/electricink.eu\/fr\/wp-json\/wp\/v2\/product\/37712","targetHints":{"allow":["GET"]}}],"collection":[{"href":"https:\/\/electricink.eu\/fr\/wp-json\/wp\/v2\/product"}],"about":[{"href":"https:\/\/electricink.eu\/fr\/wp-json\/wp\/v2\/types\/product"}],"replies":[{"embeddable":true,"href":"https:\/\/electricink.eu\/fr\/wp-json\/wp\/v2\/comments?post=37712"}],"wp:featuredmedia":[{"embeddable":true,"href":"https:\/\/electricink.eu\/fr\/wp-json\/wp\/v2\/media\/39179"}],"wp:attachment":[{"href":"https:\/\/electricink.eu\/fr\/wp-json\/wp\/v2\/media?parent=37712"}],"wp:term":[{"taxonomy":"product_brand","embeddable":true,"href":"https:\/\/electricink.eu\/fr\/wp-json\/wp\/v2\/product_brand?post=37712"},{"taxonomy":"product_cat","embeddable":true,"href":"https:\/\/electricink.eu\/fr\/wp-json\/wp\/v2\/product_cat?post=37712"},{"taxonomy":"product_tag","embeddable":true,"href":"https:\/\/electricink.eu\/fr\/wp-json\/wp\/v2\/product_tag?post=37712"}],"curies":[{"name":"wp","href":"https:\/\/api.w.org\/{rel}","templated":true}]}}