{"id":37770,"date":"2023-12-14T01:12:27","date_gmt":"2023-12-14T00:12:27","guid":{"rendered":"https:\/\/electricink.eu\/producto\/power-bank-noir-mat\/"},"modified":"2024-07-01T12:15:37","modified_gmt":"2024-07-01T10:15:37","slug":"power-bank-noir-mat","status":"publish","type":"product","link":"https:\/\/electricink.eu\/fr\/producto\/power-bank-noir-mat\/","title":{"rendered":"Power Bank &#8211; Noir mat"},"content":{"rendered":"<p><strong>Power Bank &#8211; Electric Ink<\/strong><br \/><strong>&#8212;&#8212;&#8212;&#8212;&#8212;- Sp\u00e9cifications \/ Poids \/ Dimensions &#8212;&#8212;&#8212;&#8212;&#8212;&#8212;-<\/strong><\/p>\n<p>&#8211; Ch\u00e2ssis : aluminium aviation anodis\u00e9<br \/>&#8211;\u00a0 Couleur: Noir mat<br \/>&#8211; Autonomie : 7 jours d&rsquo;autonomie avec les machines rotatives et 3 jours avec les machines \u00e0 bobines (en consid\u00e9rant 8 heures d&rsquo;utilisation quotidienne)<br \/>&#8211; Charge : compl\u00e8te en 6 heures<br \/>&#8211; Alimentation : 100~240 VAC (automatique)<br \/>&#8211; Canaux (sorties) : 1 canal pour les sources + 2 ports USB pour smartphone\/iPad, lampe, etc.<br \/>&#8211; Membrane : tactile<br \/>&#8211; Clavier : Lecture\/Pause et autonomie (%)<br \/>&#8211; Ecran : OLEB RVB<br \/>&#8211; Fixation : base avec caoutchouc adh\u00e9rent<br \/>&#8211; Protection : surcharge et court-circuit<br \/>&#8211; Poids : 915 grammes<br \/>&#8211; Dimensions : 120 mm x 80 mm x 60 mm<\/p>\n<p><strong>&#8212;&#8212;&#8212;&#8212;&#8212;&#8212;&#8211; Articles inclus &#8212;&#8212;&#8212;&#8212;&#8212;&#8212;&#8212;&#8212;-<\/strong><\/p>\n<p>&#8211; 01 Powerbank<br \/>&#8211; 01 c\u00e2ble d&rsquo;alimentation pour les sources<br \/>&#8211; 01 adaptateur secteur AC\/DC 19V et 3,42A<br \/>&#8211; Manuel d&rsquo;instructions<br \/>&#8211; P\u00e9riode de garantie du produit<\/p>\n<p><strong>&#8212;&#8212;&#8212;&#8212;&#8212;&#8212;&#8212;- Garantie du produit &#8212;&#8212;&#8212;&#8212;&#8212;&#8212;&#8212;&#8212;-<\/strong><\/p>\n<p>La p\u00e9riode de garantie offerte par Electric Ink suit les r\u00e9glementations europ\u00e9ennes en vigueur. La garantie d&rsquo;Electric Ink contre les d\u00e9fauts de fabrication commence \u00e0 compter \u00e0 partir de l&rsquo;achat du produit par le consommateur, v\u00e9rifi\u00e9 au moyen de la facture d&rsquo;achat de l&rsquo;article respectif.<\/p>\n<p><strong>&#8212;&#8212;&#8212;&#8212;&#8212;&#8212;&#8212;&#8211; Assistance technique &#8212;&#8212;&#8212;&#8212;&#8212;&#8212;&#8212;&#8212;-\u00a0<\/strong><\/p>\n<p>Contact par e-mail via info@electric.local<\/p>\n<p><strong>Garantie du produit:<\/strong> La p\u00e9riode de garantie offerte par Electric Ink suit les r\u00e9glementations europ\u00e9ennes en vigueur. La garantie d&rsquo;Electric Ink contre les d\u00e9fauts de fabrication commence \u00e0 partir de l&rsquo;achat du produit par le consommateur, v\u00e9rifi\u00e9 via la facture d&rsquo;achat de l&rsquo;article concern\u00e9.<\/p>\n<p><strong>Assistance technique:<\/strong> contact par mail:\u00a0 info@electric.local<\/p>\n","protected":false},"excerpt":{"rendered":"<p>Le <strong>Power Bank Electric Ink<\/strong> est l&rsquo;\u00e9quipement id\u00e9al pour les professionnels \u00e0 la recherche de praticit\u00e9 et de confort pour travailler n&rsquo;importe quand, n&rsquo;importe o\u00f9.<\/p>\n<p>Vous pouvez vous d\u00e9placer en toute s\u00e9curit\u00e9 sans avoir besoin d&rsquo;\u00e9lectricit\u00e9 fixe. Fonctionnel, il s&rsquo;adapte tr\u00e8s bien \u00e0 votre routine de travail.<\/p>\n<p>Id\u00e9al pour les longues heures de travail, en particulier lors de conventions et de foires.<\/p>\n<p>Environ 7 jours d&rsquo;autonomie, en consid\u00e9rant 8 heures de travail ininterrompues par jour avec des machines rotatives et 3 jours avec des machines \u00e0 bobines. Il ne faut que 6 heures pour recharger compl\u00e8tement le Power Bank.<\/p>\n<p>Il sert \u00e9galement \u00e0 recharger votre mobile, tablette ou ordinateur portable pendant que vous travaillez.<\/p>\n<p>De l&rsquo;\u00e9nergie suppl\u00e9mentaire pour votre quotidien !<\/p>\n","protected":false},"featured_media":34099,"comment_status":"closed","ping_status":"closed","template":"","meta":{"_acf_changed":false,"_et_pb_use_builder":"","_et_pb_old_content":"","_et_gb_content_width":"","inline_featured_image":false},"product_brand":[],"product_cat":[781,794,799,808,812],"product_tag":[],"class_list":{"0":"post-37770","1":"product","2":"type-product","3":"status-publish","4":"has-post-thumbnail","6":"product_cat-accessoires-pour-tatouer","7":"product_cat-micropigmentation","8":"product_cat-alimentations-maquillage-permanent","9":"product_cat-tattoo-fr","10":"product_cat-alimentations-tattoo","12":"first","13":"instock","14":"taxable","15":"shipping-taxable","16":"purchasable","17":"product-type-simple"},"acf":[],"yoast_head":"<!-- This site is optimized with the Yoast SEO plugin v27.5 - https:\/\/yoast.com\/product\/yoast-seo-wordpress\/ -->\n<title>Power Bank - Noir mat - Electric Ink\u00ae<\/title>\n<meta name=\"robots\" content=\"index, follow, max-snippet:-1, max-image-preview:large, max-video-preview:-1\" \/>\n<link rel=\"canonical\" href=\"https:\/\/electricink.eu\/fr\/producto\/power-bank-noir-mat\/\" \/>\n<meta property=\"og:locale\" content=\"fr_FR\" \/>\n<meta property=\"og:type\" content=\"article\" \/>\n<meta property=\"og:title\" content=\"Power Bank - Noir mat - Electric Ink\u00ae\" \/>\n<meta property=\"og:description\" content=\"Le Power Bank Electric Ink est l&#039;\u00e9quipement id\u00e9al pour les professionnels \u00e0 la recherche de praticit\u00e9 et de confort pour travailler n&#039;importe quand, n&#039;importe o\u00f9. Vous pouvez vous d\u00e9placer en toute s\u00e9curit\u00e9 sans avoir besoin d&#039;\u00e9lectricit\u00e9 fixe. Fonctionnel, il s&#039;adapte tr\u00e8s bien \u00e0 votre routine de travail. Id\u00e9al pour les longues heures de travail, en particulier lors de conventions et de foires. Environ 7 jours d&#039;autonomie, en consid\u00e9rant 8 heures de travail ininterrompues par jour avec des machines rotatives et 3 jours avec des machines \u00e0 bobines. Il ne faut que 6 heures pour recharger compl\u00e8tement le Power Bank. Il sert \u00e9galement \u00e0 recharger votre mobile, tablette ou ordinateur portable pendant que vous travaillez. De l&#039;\u00e9nergie suppl\u00e9mentaire pour votre quotidien !\" \/>\n<meta property=\"og:url\" content=\"https:\/\/electricink.eu\/fr\/producto\/power-bank-noir-mat\/\" \/>\n<meta property=\"og:site_name\" content=\"Electric Ink\u00ae\" \/>\n<meta property=\"article:modified_time\" content=\"2024-07-01T10:15:37+00:00\" \/>\n<meta property=\"og:image\" content=\"https:\/\/electricink.eu\/wp-content\/uploads\/2023\/12\/Power_Bank_Tattoo-1.png\" \/>\n\t<meta property=\"og:image:width\" content=\"500\" \/>\n\t<meta property=\"og:image:height\" content=\"500\" \/>\n\t<meta property=\"og:image:type\" content=\"image\/png\" \/>\n<meta name=\"twitter:card\" content=\"summary_large_image\" \/>\n<meta name=\"twitter:label1\" content=\"Dur\u00e9e de lecture estim\u00e9e\" \/>\n\t<meta name=\"twitter:data1\" content=\"1 minute\" \/>\n<script type=\"application\/ld+json\" class=\"yoast-schema-graph\">{\"@context\":\"https:\\\/\\\/schema.org\",\"@graph\":[{\"@type\":\"WebPage\",\"@id\":\"https:\\\/\\\/electricink.eu\\\/fr\\\/producto\\\/power-bank-noir-mat\\\/\",\"url\":\"https:\\\/\\\/electricink.eu\\\/fr\\\/producto\\\/power-bank-noir-mat\\\/\",\"name\":\"Power Bank - Noir mat - Electric Ink\u00ae\",\"isPartOf\":{\"@id\":\"https:\\\/\\\/electricink.eu\\\/#website\"},\"primaryImageOfPage\":{\"@id\":\"https:\\\/\\\/electricink.eu\\\/fr\\\/producto\\\/power-bank-noir-mat\\\/#primaryimage\"},\"image\":{\"@id\":\"https:\\\/\\\/electricink.eu\\\/fr\\\/producto\\\/power-bank-noir-mat\\\/#primaryimage\"},\"thumbnailUrl\":\"https:\\\/\\\/electricink.eu\\\/wp-content\\\/uploads\\\/2023\\\/12\\\/Power_Bank_Tattoo-1.png\",\"datePublished\":\"2023-12-14T00:12:27+00:00\",\"dateModified\":\"2024-07-01T10:15:37+00:00\",\"breadcrumb\":{\"@id\":\"https:\\\/\\\/electricink.eu\\\/fr\\\/producto\\\/power-bank-noir-mat\\\/#breadcrumb\"},\"inLanguage\":\"fr-FR\",\"potentialAction\":[{\"@type\":\"ReadAction\",\"target\":[\"https:\\\/\\\/electricink.eu\\\/fr\\\/producto\\\/power-bank-noir-mat\\\/\"]}]},{\"@type\":\"ImageObject\",\"inLanguage\":\"fr-FR\",\"@id\":\"https:\\\/\\\/electricink.eu\\\/fr\\\/producto\\\/power-bank-noir-mat\\\/#primaryimage\",\"url\":\"https:\\\/\\\/electricink.eu\\\/wp-content\\\/uploads\\\/2023\\\/12\\\/Power_Bank_Tattoo-1.png\",\"contentUrl\":\"https:\\\/\\\/electricink.eu\\\/wp-content\\\/uploads\\\/2023\\\/12\\\/Power_Bank_Tattoo-1.png\",\"width\":500,\"height\":500},{\"@type\":\"BreadcrumbList\",\"@id\":\"https:\\\/\\\/electricink.eu\\\/fr\\\/producto\\\/power-bank-noir-mat\\\/#breadcrumb\",\"itemListElement\":[{\"@type\":\"ListItem\",\"position\":1,\"name\":\"Portada\",\"item\":\"https:\\\/\\\/electricink.eu\\\/fr\\\/home\\\/\"},{\"@type\":\"ListItem\",\"position\":2,\"name\":\"Boutique\",\"item\":\"https:\\\/\\\/electricink.eu\\\/tienda\\\/\"},{\"@type\":\"ListItem\",\"position\":3,\"name\":\"Power Bank &#8211; Noir mat\"}]},{\"@type\":\"WebSite\",\"@id\":\"https:\\\/\\\/electricink.eu\\\/#website\",\"url\":\"https:\\\/\\\/electricink.eu\\\/\",\"name\":\"Electric Ink\u00ae\",\"description\":\"Material para Tatuar Profesional en Europa - Electric Ink\u00ae\",\"potentialAction\":[{\"@type\":\"SearchAction\",\"target\":{\"@type\":\"EntryPoint\",\"urlTemplate\":\"https:\\\/\\\/electricink.eu\\\/?s={search_term_string}\"},\"query-input\":{\"@type\":\"PropertyValueSpecification\",\"valueRequired\":true,\"valueName\":\"search_term_string\"}}],\"inLanguage\":\"fr-FR\"}]}<\/script>\n<!-- \/ Yoast SEO plugin. -->","yoast_head_json":{"title":"Power Bank - Noir mat - Electric Ink\u00ae","robots":{"index":"index","follow":"follow","max-snippet":"max-snippet:-1","max-image-preview":"max-image-preview:large","max-video-preview":"max-video-preview:-1"},"canonical":"https:\/\/electricink.eu\/fr\/producto\/power-bank-noir-mat\/","og_locale":"fr_FR","og_type":"article","og_title":"Power Bank - Noir mat - Electric Ink\u00ae","og_description":"Le Power Bank Electric Ink est l'\u00e9quipement id\u00e9al pour les professionnels \u00e0 la recherche de praticit\u00e9 et de confort pour travailler n'importe quand, n'importe o\u00f9. Vous pouvez vous d\u00e9placer en toute s\u00e9curit\u00e9 sans avoir besoin d'\u00e9lectricit\u00e9 fixe. Fonctionnel, il s'adapte tr\u00e8s bien \u00e0 votre routine de travail. Id\u00e9al pour les longues heures de travail, en particulier lors de conventions et de foires. Environ 7 jours d'autonomie, en consid\u00e9rant 8 heures de travail ininterrompues par jour avec des machines rotatives et 3 jours avec des machines \u00e0 bobines. Il ne faut que 6 heures pour recharger compl\u00e8tement le Power Bank. Il sert \u00e9galement \u00e0 recharger votre mobile, tablette ou ordinateur portable pendant que vous travaillez. De l'\u00e9nergie suppl\u00e9mentaire pour votre quotidien !","og_url":"https:\/\/electricink.eu\/fr\/producto\/power-bank-noir-mat\/","og_site_name":"Electric Ink\u00ae","article_modified_time":"2024-07-01T10:15:37+00:00","og_image":[{"width":500,"height":500,"url":"https:\/\/electricink.eu\/wp-content\/uploads\/2023\/12\/Power_Bank_Tattoo-1.png","type":"image\/png"}],"twitter_card":"summary_large_image","twitter_misc":{"Dur\u00e9e de lecture estim\u00e9e":"1 minute"},"schema":{"@context":"https:\/\/schema.org","@graph":[{"@type":"WebPage","@id":"https:\/\/electricink.eu\/fr\/producto\/power-bank-noir-mat\/","url":"https:\/\/electricink.eu\/fr\/producto\/power-bank-noir-mat\/","name":"Power Bank - Noir mat - Electric Ink\u00ae","isPartOf":{"@id":"https:\/\/electricink.eu\/#website"},"primaryImageOfPage":{"@id":"https:\/\/electricink.eu\/fr\/producto\/power-bank-noir-mat\/#primaryimage"},"image":{"@id":"https:\/\/electricink.eu\/fr\/producto\/power-bank-noir-mat\/#primaryimage"},"thumbnailUrl":"https:\/\/electricink.eu\/wp-content\/uploads\/2023\/12\/Power_Bank_Tattoo-1.png","datePublished":"2023-12-14T00:12:27+00:00","dateModified":"2024-07-01T10:15:37+00:00","breadcrumb":{"@id":"https:\/\/electricink.eu\/fr\/producto\/power-bank-noir-mat\/#breadcrumb"},"inLanguage":"fr-FR","potentialAction":[{"@type":"ReadAction","target":["https:\/\/electricink.eu\/fr\/producto\/power-bank-noir-mat\/"]}]},{"@type":"ImageObject","inLanguage":"fr-FR","@id":"https:\/\/electricink.eu\/fr\/producto\/power-bank-noir-mat\/#primaryimage","url":"https:\/\/electricink.eu\/wp-content\/uploads\/2023\/12\/Power_Bank_Tattoo-1.png","contentUrl":"https:\/\/electricink.eu\/wp-content\/uploads\/2023\/12\/Power_Bank_Tattoo-1.png","width":500,"height":500},{"@type":"BreadcrumbList","@id":"https:\/\/electricink.eu\/fr\/producto\/power-bank-noir-mat\/#breadcrumb","itemListElement":[{"@type":"ListItem","position":1,"name":"Portada","item":"https:\/\/electricink.eu\/fr\/home\/"},{"@type":"ListItem","position":2,"name":"Boutique","item":"https:\/\/electricink.eu\/tienda\/"},{"@type":"ListItem","position":3,"name":"Power Bank &#8211; Noir mat"}]},{"@type":"WebSite","@id":"https:\/\/electricink.eu\/#website","url":"https:\/\/electricink.eu\/","name":"Electric Ink\u00ae","description":"Material para Tatuar Profesional en Europa - Electric Ink\u00ae","potentialAction":[{"@type":"SearchAction","target":{"@type":"EntryPoint","urlTemplate":"https:\/\/electricink.eu\/?s={search_term_string}"},"query-input":{"@type":"PropertyValueSpecification","valueRequired":true,"valueName":"search_term_string"}}],"inLanguage":"fr-FR"}]}},"_links":{"self":[{"href":"https:\/\/electricink.eu\/fr\/wp-json\/wp\/v2\/product\/37770","targetHints":{"allow":["GET"]}}],"collection":[{"href":"https:\/\/electricink.eu\/fr\/wp-json\/wp\/v2\/product"}],"about":[{"href":"https:\/\/electricink.eu\/fr\/wp-json\/wp\/v2\/types\/product"}],"replies":[{"embeddable":true,"href":"https:\/\/electricink.eu\/fr\/wp-json\/wp\/v2\/comments?post=37770"}],"wp:featuredmedia":[{"embeddable":true,"href":"https:\/\/electricink.eu\/fr\/wp-json\/wp\/v2\/media\/34099"}],"wp:attachment":[{"href":"https:\/\/electricink.eu\/fr\/wp-json\/wp\/v2\/media?parent=37770"}],"wp:term":[{"taxonomy":"product_brand","embeddable":true,"href":"https:\/\/electricink.eu\/fr\/wp-json\/wp\/v2\/product_brand?post=37770"},{"taxonomy":"product_cat","embeddable":true,"href":"https:\/\/electricink.eu\/fr\/wp-json\/wp\/v2\/product_cat?post=37770"},{"taxonomy":"product_tag","embeddable":true,"href":"https:\/\/electricink.eu\/fr\/wp-json\/wp\/v2\/product_tag?post=37770"}],"curies":[{"name":"wp","href":"https:\/\/api.w.org\/{rel}","templated":true}]}}