{"id":37838,"date":"2023-12-14T01:11:48","date_gmt":"2023-12-14T00:11:48","guid":{"rendered":"https:\/\/electricink.eu\/producto\/ps-mini-pop-noir-mat\/"},"modified":"2024-02-02T15:27:03","modified_gmt":"2024-02-02T14:27:03","slug":"ps-mini-pop-noir-mat","status":"publish","type":"product","link":"https:\/\/electricink.eu\/fr\/producto\/ps-mini-pop-noir-mat\/","title":{"rendered":"PS Mini POP &#8211; Noir Mat"},"content":{"rendered":"<p><strong>Alimentation PS Mini Pop &#8211; Electric Ink<\/strong><\/p>\n<p><strong>&#8212;&#8212;&#8212;&#8212;&#8212;&#8212;&#8211; Sp\u00e9cifications \/ Poids \/ Dimensions &#8212;&#8212;&#8212;&#8212;&#8212;&#8212;&#8212;&#8211;<\/strong><\/p>\n<p>&#8211; Configuration : pour machines rotatives, coils et type pen<br \/>&#8211; Ch\u00e2ssis : polym\u00e8re inject\u00e9<br \/>&#8211; Couleur: Noir mat<br \/>&#8211; Amp\u00e9rage maximum : 3 amp\u00e8res<br \/>&#8211; Amp\u00e9rage continu : 2 amp\u00e8res<br \/>&#8211; Tension de sortie : de 2 \u00e0 15 volts<br \/>&#8211; R\u00e9solution de r\u00e9glage : tous les 0,1 volts<br \/>&#8211; Alimentation : 90~240 VAC (automatique)<br \/>&#8211; Canaux (sorties) : 1 canal<br \/>&#8211; M\u00e9moires : 2 m\u00e9moires (M1 et M2) &#8211; non volatiles<br \/>&#8211; Membrane : tactile<br \/>&#8211; Clavier : M\u00e9moire 1 (M1), M\u00e9moire 2 (M2), R\u00e9glage plus (+), R\u00e9glage moins (-), Touche Lecture\/Pause et touche FONCTION (qui facilite l&rsquo;utilisation du menu)<br \/>&#8211; Affichage : chiffres \u00e0 7 segments, blanc<br \/>&#8211; Informations \u00e9ventuelles indiqu\u00e9es sur l&rsquo;\u00e9cran : tension (Volts) et courant (Amp\u00e8res)<br \/>&#8211; Logiciels inclus : kick-booster (pour machines rotatives)<br \/>&#8211; P\u00e9dale : pulse \/ lock<br \/>&#8211; Connectique : Jack P10 Amphenol pour machine et p\u00e9dalier \/ Jack P4 Whurt pour alimentation<br \/>&#8211; Fixation : aimant n\u00e9odyme sur la base avec caoutchouc adh\u00e9rent<br \/>&#8211; Protection : surcharge et court-circuit<br \/>&#8211; Poids : 120 grammes<br \/>&#8211; Dimensions : 95 mm x 61 mm x 28 mm<\/p>\n<p><strong>&#8212;&#8212;&#8212;&#8212;&#8212;&#8212;&#8211; Articles inclus &#8212;&#8212;&#8212;&#8212;&#8212;&#8212;&#8212;&#8212;-<\/strong><\/p>\n<p>&#8211; 01 alimentation PS Mini Pop<br \/>&#8211; 01 base magn\u00e9tique adh\u00e9rente pour fixation sur workstation<br \/>&#8211; 01 adaptateur secteur AC\/DC 19V et 2.11A<br \/>&#8211; Manuel d&rsquo;instructions<br \/>&#8211; Garantie du produit<\/p>\n<p><strong>Garantie du produit:<\/strong> La p\u00e9riode de garantie offerte par Electric Ink suit les r\u00e9glementations europ\u00e9ennes en vigueur. La garantie d&rsquo;Electric Ink contre les d\u00e9fauts de fabrication commence \u00e0 partir de l&rsquo;achat du produit par le consommateur, v\u00e9rifi\u00e9 via la facture d&rsquo;achat de l&rsquo;article concern\u00e9.<\/p>\n<p><strong>Assistance technique:<\/strong> contact par mail:\u00a0 info@electric.local<\/p>\n<p>&nbsp;<\/p>\n","protected":false},"excerpt":{"rendered":"<p>La PS Mini Pop est fabriqu\u00e9e en polym\u00e8re industriel, avec lecture de courant (amp\u00e8res), kick booster, protection contre les courts-circuits et les surcharges.<\/p>\n<p>Elle est extr\u00eamement compacte et peut \u00eatre facilement transport\u00e9e ou fix\u00e9e \u00e0 l&rsquo;aide de l&rsquo;aimant sur sa base.<\/p>\n<p>Tr\u00e8s pratique, de navigation facile gr\u00e2ce \u00e0 la touche de fonction. Elle dispose \u00e9galement de deux m\u00e9moires r\u00e9glables et d&rsquo;une entr\u00e9e de p\u00e9dale, qui peut \u00eatre configur\u00e9e par pulse\/lock, selon le besoin.<\/p>\n<p>Compatible avec toutes vos machines, la PS Mini Pop s&rsquo;adapte facilement \u00e0 tous les travaux, avec d&rsquo;excellentes performances sur les machines rotatives et \u00e0 bobines.<\/p>\n","protected":false},"featured_media":2113,"comment_status":"closed","ping_status":"closed","template":"","meta":{"_acf_changed":false,"_et_pb_use_builder":"","_et_pb_old_content":"","_et_gb_content_width":"","inline_featured_image":false},"product_brand":[],"product_cat":[1131,794,808,812],"product_tag":[],"class_list":{"0":"post-37838","1":"product","2":"type-product","3":"status-publish","4":"has-post-thumbnail","6":"product_cat-perifericos","7":"product_cat-micropigmentation","8":"product_cat-tattoo-fr","9":"product_cat-alimentations-tattoo","11":"first","12":"instock","13":"taxable","14":"shipping-taxable","15":"purchasable","16":"product-type-simple"},"acf":[],"yoast_head":"<!-- This site is optimized with the Yoast SEO plugin v27.5 - https:\/\/yoast.com\/product\/yoast-seo-wordpress\/ -->\n<title>PS Mini POP - Noir Mat - Electric Ink\u00ae<\/title>\n<meta name=\"robots\" content=\"index, follow, max-snippet:-1, max-image-preview:large, max-video-preview:-1\" \/>\n<link rel=\"canonical\" href=\"https:\/\/electricink.eu\/fr\/producto\/ps-mini-pop-noir-mat\/\" \/>\n<meta property=\"og:locale\" content=\"fr_FR\" \/>\n<meta property=\"og:type\" content=\"article\" \/>\n<meta property=\"og:title\" content=\"PS Mini POP - Noir Mat - Electric Ink\u00ae\" \/>\n<meta property=\"og:description\" content=\"La PS Mini Pop est fabriqu\u00e9e en polym\u00e8re industriel, avec lecture de courant (amp\u00e8res), kick booster, protection contre les courts-circuits et les surcharges. Elle est extr\u00eamement compacte et peut \u00eatre facilement transport\u00e9e ou fix\u00e9e \u00e0 l&#039;aide de l&#039;aimant sur sa base. Tr\u00e8s pratique, de navigation facile gr\u00e2ce \u00e0 la touche de fonction. Elle dispose \u00e9galement de deux m\u00e9moires r\u00e9glables et d&#039;une entr\u00e9e de p\u00e9dale, qui peut \u00eatre configur\u00e9e par pulse\/lock, selon le besoin. Compatible avec toutes vos machines, la PS Mini Pop s&#039;adapte facilement \u00e0 tous les travaux, avec d&#039;excellentes performances sur les machines rotatives et \u00e0 bobines.\" \/>\n<meta property=\"og:url\" content=\"https:\/\/electricink.eu\/fr\/producto\/ps-mini-pop-noir-mat\/\" \/>\n<meta property=\"og:site_name\" content=\"Electric Ink\u00ae\" \/>\n<meta property=\"article:modified_time\" content=\"2024-02-02T14:27:03+00:00\" \/>\n<meta property=\"og:image\" content=\"https:\/\/electricink.eu\/wp-content\/uploads\/2023\/10\/fuente_ps_mini_pop_tattoo.png\" \/>\n\t<meta property=\"og:image:width\" content=\"500\" \/>\n\t<meta property=\"og:image:height\" content=\"500\" \/>\n\t<meta property=\"og:image:type\" content=\"image\/png\" \/>\n<meta name=\"twitter:card\" content=\"summary_large_image\" \/>\n<meta name=\"twitter:label1\" content=\"Dur\u00e9e de lecture estim\u00e9e\" \/>\n\t<meta name=\"twitter:data1\" content=\"1 minute\" \/>\n<script type=\"application\/ld+json\" class=\"yoast-schema-graph\">{\"@context\":\"https:\\\/\\\/schema.org\",\"@graph\":[{\"@type\":\"WebPage\",\"@id\":\"https:\\\/\\\/electricink.eu\\\/fr\\\/producto\\\/ps-mini-pop-noir-mat\\\/\",\"url\":\"https:\\\/\\\/electricink.eu\\\/fr\\\/producto\\\/ps-mini-pop-noir-mat\\\/\",\"name\":\"PS Mini POP - Noir Mat - Electric Ink\u00ae\",\"isPartOf\":{\"@id\":\"https:\\\/\\\/electricink.eu\\\/#website\"},\"primaryImageOfPage\":{\"@id\":\"https:\\\/\\\/electricink.eu\\\/fr\\\/producto\\\/ps-mini-pop-noir-mat\\\/#primaryimage\"},\"image\":{\"@id\":\"https:\\\/\\\/electricink.eu\\\/fr\\\/producto\\\/ps-mini-pop-noir-mat\\\/#primaryimage\"},\"thumbnailUrl\":\"https:\\\/\\\/electricink.eu\\\/wp-content\\\/uploads\\\/2023\\\/10\\\/fuente_ps_mini_pop_tattoo.png\",\"datePublished\":\"2023-12-14T00:11:48+00:00\",\"dateModified\":\"2024-02-02T14:27:03+00:00\",\"breadcrumb\":{\"@id\":\"https:\\\/\\\/electricink.eu\\\/fr\\\/producto\\\/ps-mini-pop-noir-mat\\\/#breadcrumb\"},\"inLanguage\":\"fr-FR\",\"potentialAction\":[{\"@type\":\"ReadAction\",\"target\":[\"https:\\\/\\\/electricink.eu\\\/fr\\\/producto\\\/ps-mini-pop-noir-mat\\\/\"]}]},{\"@type\":\"ImageObject\",\"inLanguage\":\"fr-FR\",\"@id\":\"https:\\\/\\\/electricink.eu\\\/fr\\\/producto\\\/ps-mini-pop-noir-mat\\\/#primaryimage\",\"url\":\"https:\\\/\\\/electricink.eu\\\/wp-content\\\/uploads\\\/2023\\\/10\\\/fuente_ps_mini_pop_tattoo.png\",\"contentUrl\":\"https:\\\/\\\/electricink.eu\\\/wp-content\\\/uploads\\\/2023\\\/10\\\/fuente_ps_mini_pop_tattoo.png\",\"width\":500,\"height\":500},{\"@type\":\"BreadcrumbList\",\"@id\":\"https:\\\/\\\/electricink.eu\\\/fr\\\/producto\\\/ps-mini-pop-noir-mat\\\/#breadcrumb\",\"itemListElement\":[{\"@type\":\"ListItem\",\"position\":1,\"name\":\"Portada\",\"item\":\"https:\\\/\\\/electricink.eu\\\/fr\\\/home\\\/\"},{\"@type\":\"ListItem\",\"position\":2,\"name\":\"Boutique\",\"item\":\"https:\\\/\\\/electricink.eu\\\/tienda\\\/\"},{\"@type\":\"ListItem\",\"position\":3,\"name\":\"PS Mini POP &#8211; Noir Mat\"}]},{\"@type\":\"WebSite\",\"@id\":\"https:\\\/\\\/electricink.eu\\\/#website\",\"url\":\"https:\\\/\\\/electricink.eu\\\/\",\"name\":\"Electric Ink\u00ae\",\"description\":\"Material para Tatuar Profesional en Europa - Electric Ink\u00ae\",\"potentialAction\":[{\"@type\":\"SearchAction\",\"target\":{\"@type\":\"EntryPoint\",\"urlTemplate\":\"https:\\\/\\\/electricink.eu\\\/?s={search_term_string}\"},\"query-input\":{\"@type\":\"PropertyValueSpecification\",\"valueRequired\":true,\"valueName\":\"search_term_string\"}}],\"inLanguage\":\"fr-FR\"}]}<\/script>\n<!-- \/ Yoast SEO plugin. -->","yoast_head_json":{"title":"PS Mini POP - Noir Mat - Electric Ink\u00ae","robots":{"index":"index","follow":"follow","max-snippet":"max-snippet:-1","max-image-preview":"max-image-preview:large","max-video-preview":"max-video-preview:-1"},"canonical":"https:\/\/electricink.eu\/fr\/producto\/ps-mini-pop-noir-mat\/","og_locale":"fr_FR","og_type":"article","og_title":"PS Mini POP - Noir Mat - Electric Ink\u00ae","og_description":"La PS Mini Pop est fabriqu\u00e9e en polym\u00e8re industriel, avec lecture de courant (amp\u00e8res), kick booster, protection contre les courts-circuits et les surcharges. Elle est extr\u00eamement compacte et peut \u00eatre facilement transport\u00e9e ou fix\u00e9e \u00e0 l'aide de l'aimant sur sa base. Tr\u00e8s pratique, de navigation facile gr\u00e2ce \u00e0 la touche de fonction. Elle dispose \u00e9galement de deux m\u00e9moires r\u00e9glables et d'une entr\u00e9e de p\u00e9dale, qui peut \u00eatre configur\u00e9e par pulse\/lock, selon le besoin. Compatible avec toutes vos machines, la PS Mini Pop s'adapte facilement \u00e0 tous les travaux, avec d'excellentes performances sur les machines rotatives et \u00e0 bobines.","og_url":"https:\/\/electricink.eu\/fr\/producto\/ps-mini-pop-noir-mat\/","og_site_name":"Electric Ink\u00ae","article_modified_time":"2024-02-02T14:27:03+00:00","og_image":[{"width":500,"height":500,"url":"https:\/\/electricink.eu\/wp-content\/uploads\/2023\/10\/fuente_ps_mini_pop_tattoo.png","type":"image\/png"}],"twitter_card":"summary_large_image","twitter_misc":{"Dur\u00e9e de lecture estim\u00e9e":"1 minute"},"schema":{"@context":"https:\/\/schema.org","@graph":[{"@type":"WebPage","@id":"https:\/\/electricink.eu\/fr\/producto\/ps-mini-pop-noir-mat\/","url":"https:\/\/electricink.eu\/fr\/producto\/ps-mini-pop-noir-mat\/","name":"PS Mini POP - Noir Mat - Electric Ink\u00ae","isPartOf":{"@id":"https:\/\/electricink.eu\/#website"},"primaryImageOfPage":{"@id":"https:\/\/electricink.eu\/fr\/producto\/ps-mini-pop-noir-mat\/#primaryimage"},"image":{"@id":"https:\/\/electricink.eu\/fr\/producto\/ps-mini-pop-noir-mat\/#primaryimage"},"thumbnailUrl":"https:\/\/electricink.eu\/wp-content\/uploads\/2023\/10\/fuente_ps_mini_pop_tattoo.png","datePublished":"2023-12-14T00:11:48+00:00","dateModified":"2024-02-02T14:27:03+00:00","breadcrumb":{"@id":"https:\/\/electricink.eu\/fr\/producto\/ps-mini-pop-noir-mat\/#breadcrumb"},"inLanguage":"fr-FR","potentialAction":[{"@type":"ReadAction","target":["https:\/\/electricink.eu\/fr\/producto\/ps-mini-pop-noir-mat\/"]}]},{"@type":"ImageObject","inLanguage":"fr-FR","@id":"https:\/\/electricink.eu\/fr\/producto\/ps-mini-pop-noir-mat\/#primaryimage","url":"https:\/\/electricink.eu\/wp-content\/uploads\/2023\/10\/fuente_ps_mini_pop_tattoo.png","contentUrl":"https:\/\/electricink.eu\/wp-content\/uploads\/2023\/10\/fuente_ps_mini_pop_tattoo.png","width":500,"height":500},{"@type":"BreadcrumbList","@id":"https:\/\/electricink.eu\/fr\/producto\/ps-mini-pop-noir-mat\/#breadcrumb","itemListElement":[{"@type":"ListItem","position":1,"name":"Portada","item":"https:\/\/electricink.eu\/fr\/home\/"},{"@type":"ListItem","position":2,"name":"Boutique","item":"https:\/\/electricink.eu\/tienda\/"},{"@type":"ListItem","position":3,"name":"PS Mini POP &#8211; Noir Mat"}]},{"@type":"WebSite","@id":"https:\/\/electricink.eu\/#website","url":"https:\/\/electricink.eu\/","name":"Electric Ink\u00ae","description":"Material para Tatuar Profesional en Europa - Electric Ink\u00ae","potentialAction":[{"@type":"SearchAction","target":{"@type":"EntryPoint","urlTemplate":"https:\/\/electricink.eu\/?s={search_term_string}"},"query-input":{"@type":"PropertyValueSpecification","valueRequired":true,"valueName":"search_term_string"}}],"inLanguage":"fr-FR"}]}},"_links":{"self":[{"href":"https:\/\/electricink.eu\/fr\/wp-json\/wp\/v2\/product\/37838","targetHints":{"allow":["GET"]}}],"collection":[{"href":"https:\/\/electricink.eu\/fr\/wp-json\/wp\/v2\/product"}],"about":[{"href":"https:\/\/electricink.eu\/fr\/wp-json\/wp\/v2\/types\/product"}],"replies":[{"embeddable":true,"href":"https:\/\/electricink.eu\/fr\/wp-json\/wp\/v2\/comments?post=37838"}],"wp:featuredmedia":[{"embeddable":true,"href":"https:\/\/electricink.eu\/fr\/wp-json\/wp\/v2\/media\/2113"}],"wp:attachment":[{"href":"https:\/\/electricink.eu\/fr\/wp-json\/wp\/v2\/media?parent=37838"}],"wp:term":[{"taxonomy":"product_brand","embeddable":true,"href":"https:\/\/electricink.eu\/fr\/wp-json\/wp\/v2\/product_brand?post=37838"},{"taxonomy":"product_cat","embeddable":true,"href":"https:\/\/electricink.eu\/fr\/wp-json\/wp\/v2\/product_cat?post=37838"},{"taxonomy":"product_tag","embeddable":true,"href":"https:\/\/electricink.eu\/fr\/wp-json\/wp\/v2\/product_tag?post=37838"}],"curies":[{"name":"wp","href":"https:\/\/api.w.org\/{rel}","templated":true}]}}