{"id":37850,"date":"2023-12-14T01:11:48","date_gmt":"2023-12-14T00:11:48","guid":{"rendered":"https:\/\/electricink.eu\/producto\/jonesy-liner-classic\/"},"modified":"2025-08-30T16:56:48","modified_gmt":"2025-08-30T14:56:48","slug":"jonesy-liner-classic","status":"publish","type":"product","link":"https:\/\/electricink.eu\/fr\/producto\/jonesy-liner-classic\/","title":{"rendered":"Jonesy Liner classic"},"content":{"rendered":"<p><strong>&#8212;&#8212;&#8212;&#8212;&#8212;- Sp\u00e9cifications \/ Poids \/ Dimensions &#8212;&#8212;&#8212;&#8212;&#8212;&#8212;-<\/strong><\/p>\n<p>&#8211; Configuration : pour les lignes<br \/>&#8211; Ch\u00e2ssis : fonte avec des alliages sp\u00e9ciaux pour faciliter le magn\u00e9tisme (noir)<br \/>&#8211; Ressort arri\u00e8re : court et large<br \/>&#8211; Ressort avant : court et \u00e9troit<br \/>&#8211; Fr\u00e9quence : de 120 \u00e0 130 Hz (ligne)<br \/>&#8211; Vitesse : 130PPS<br \/>&#8211; Poids : 236 grammes<br \/>&#8211; Dimensions ch\u00e2ssis : 60mm \/ 80mm<br \/>&#8211; Connexion \u00e9lectrique : c\u00e2ble clip-cord<\/p>\n<p><strong>&#8212;&#8212;&#8212;&#8212;&#8212;&#8212;&#8211; Articles inclus &#8212;&#8212;&#8212;&#8212;&#8212;&#8212;&#8212;&#8212;-<\/strong><\/p>\n<p>&#8211; 01 Machine Jonesy Liner Classique<br \/>&#8211; Manuel d&rsquo;instructions<br \/>&#8211; P\u00e9riode de garantie du produit<br \/>* clip-cord cable non inclus<\/p>\n<p><strong>Garantie:<\/strong><\/p>\n<p>La p\u00e9riode de garantie offerte par Electric Ink suit les r\u00e9glementations europ\u00e9ennes en vigueur. La garantie Electric Ink contre les d\u00e9fauts de fabrication commence \u00e0 partir de l&rsquo;achat du produit par le consommateur, v\u00e9rifi\u00e9 via la facture d&rsquo;achat de l&rsquo;article concern\u00e9.<\/p>\n<p><strong>Assistance technique: <\/strong>Par e-mail : info@electric.local ou par WhatsApp sur le web<\/p>\n","protected":false},"excerpt":{"rendered":"<p>Electric Ink Jonesy a \u00e9t\u00e9 d\u00e9velopp\u00e9e pour le tatoueur professionnel. Excellentes performances dans le travail de lignes.<\/p>\n<p>Nous avons adapt\u00e9 son design \u00e0 notre propre g\u00e9om\u00e9trie, transformant cette machine sp\u00e9cifique pour la r\u00e9alisation des travaux de lignes avec d&rsquo;excellents r\u00e9sultats, avec peu ou beaucoup d&rsquo;aiguilles.<\/p>\n","protected":false},"featured_media":2171,"comment_status":"closed","ping_status":"closed","template":"","meta":{"_acf_changed":false,"_et_pb_use_builder":"","_et_pb_old_content":"","_et_gb_content_width":"","inline_featured_image":false},"product_brand":[],"product_cat":[808,817,818],"product_tag":[],"class_list":{"0":"post-37850","1":"product","2":"type-product","3":"status-publish","4":"has-post-thumbnail","6":"product_cat-tattoo-fr","7":"product_cat-machine-a-tatouer","8":"product_cat-machines-a-bobine","10":"first","11":"outofstock","12":"taxable","13":"shipping-taxable","14":"purchasable","15":"product-type-simple"},"acf":[],"yoast_head":"<!-- This site is optimized with the Yoast SEO plugin v27.4 - https:\/\/yoast.com\/product\/yoast-seo-wordpress\/ -->\n<title>Jonesy Liner classic - Electric Ink\u00ae<\/title>\n<meta name=\"robots\" content=\"index, follow, max-snippet:-1, max-image-preview:large, max-video-preview:-1\" \/>\n<link rel=\"canonical\" href=\"https:\/\/electricink.eu\/fr\/producto\/jonesy-liner-classic\/\" \/>\n<meta property=\"og:locale\" content=\"fr_FR\" \/>\n<meta property=\"og:type\" content=\"article\" \/>\n<meta property=\"og:title\" content=\"Jonesy Liner classic - Electric Ink\u00ae\" \/>\n<meta property=\"og:description\" content=\"Electric Ink Jonesy a \u00e9t\u00e9 d\u00e9velopp\u00e9e pour le tatoueur professionnel. Excellentes performances dans le travail de lignes. Nous avons adapt\u00e9 son design \u00e0 notre propre g\u00e9om\u00e9trie, transformant cette machine sp\u00e9cifique pour la r\u00e9alisation des travaux de lignes avec d&#039;excellents r\u00e9sultats, avec peu ou beaucoup d&#039;aiguilles.\" \/>\n<meta property=\"og:url\" content=\"https:\/\/electricink.eu\/fr\/producto\/jonesy-liner-classic\/\" \/>\n<meta property=\"og:site_name\" content=\"Electric Ink\u00ae\" \/>\n<meta property=\"article:modified_time\" content=\"2025-08-30T14:56:48+00:00\" \/>\n<meta property=\"og:image\" content=\"https:\/\/electricink.eu\/wp-content\/uploads\/2023\/10\/jonesy_liner_tattoo_3.png\" \/>\n\t<meta property=\"og:image:width\" content=\"500\" \/>\n\t<meta property=\"og:image:height\" content=\"500\" \/>\n\t<meta property=\"og:image:type\" content=\"image\/png\" \/>\n<meta name=\"twitter:card\" content=\"summary_large_image\" \/>\n<meta name=\"twitter:label1\" content=\"Dur\u00e9e de lecture estim\u00e9e\" \/>\n\t<meta name=\"twitter:data1\" content=\"1 minute\" \/>\n<script type=\"application\/ld+json\" class=\"yoast-schema-graph\">{\"@context\":\"https:\\\/\\\/schema.org\",\"@graph\":[{\"@type\":\"WebPage\",\"@id\":\"https:\\\/\\\/electricink.eu\\\/fr\\\/producto\\\/jonesy-liner-classic\\\/\",\"url\":\"https:\\\/\\\/electricink.eu\\\/fr\\\/producto\\\/jonesy-liner-classic\\\/\",\"name\":\"Jonesy Liner classic - Electric Ink\u00ae\",\"isPartOf\":{\"@id\":\"https:\\\/\\\/electricink.eu\\\/#website\"},\"primaryImageOfPage\":{\"@id\":\"https:\\\/\\\/electricink.eu\\\/fr\\\/producto\\\/jonesy-liner-classic\\\/#primaryimage\"},\"image\":{\"@id\":\"https:\\\/\\\/electricink.eu\\\/fr\\\/producto\\\/jonesy-liner-classic\\\/#primaryimage\"},\"thumbnailUrl\":\"https:\\\/\\\/electricink.eu\\\/wp-content\\\/uploads\\\/2023\\\/10\\\/jonesy_liner_tattoo_3.png\",\"datePublished\":\"2023-12-14T00:11:48+00:00\",\"dateModified\":\"2025-08-30T14:56:48+00:00\",\"breadcrumb\":{\"@id\":\"https:\\\/\\\/electricink.eu\\\/fr\\\/producto\\\/jonesy-liner-classic\\\/#breadcrumb\"},\"inLanguage\":\"fr-FR\",\"potentialAction\":[{\"@type\":\"ReadAction\",\"target\":[\"https:\\\/\\\/electricink.eu\\\/fr\\\/producto\\\/jonesy-liner-classic\\\/\"]}]},{\"@type\":\"ImageObject\",\"inLanguage\":\"fr-FR\",\"@id\":\"https:\\\/\\\/electricink.eu\\\/fr\\\/producto\\\/jonesy-liner-classic\\\/#primaryimage\",\"url\":\"https:\\\/\\\/electricink.eu\\\/wp-content\\\/uploads\\\/2023\\\/10\\\/jonesy_liner_tattoo_3.png\",\"contentUrl\":\"https:\\\/\\\/electricink.eu\\\/wp-content\\\/uploads\\\/2023\\\/10\\\/jonesy_liner_tattoo_3.png\",\"width\":500,\"height\":500},{\"@type\":\"BreadcrumbList\",\"@id\":\"https:\\\/\\\/electricink.eu\\\/fr\\\/producto\\\/jonesy-liner-classic\\\/#breadcrumb\",\"itemListElement\":[{\"@type\":\"ListItem\",\"position\":1,\"name\":\"Portada\",\"item\":\"https:\\\/\\\/electricink.eu\\\/fr\\\/home\\\/\"},{\"@type\":\"ListItem\",\"position\":2,\"name\":\"Boutique\",\"item\":\"https:\\\/\\\/electricink.eu\\\/tienda\\\/\"},{\"@type\":\"ListItem\",\"position\":3,\"name\":\"Jonesy Liner classic\"}]},{\"@type\":\"WebSite\",\"@id\":\"https:\\\/\\\/electricink.eu\\\/#website\",\"url\":\"https:\\\/\\\/electricink.eu\\\/\",\"name\":\"Electric Ink\u00ae\",\"description\":\"Material para Tatuar Profesional en Europa - Electric Ink\u00ae\",\"potentialAction\":[{\"@type\":\"SearchAction\",\"target\":{\"@type\":\"EntryPoint\",\"urlTemplate\":\"https:\\\/\\\/electricink.eu\\\/?s={search_term_string}\"},\"query-input\":{\"@type\":\"PropertyValueSpecification\",\"valueRequired\":true,\"valueName\":\"search_term_string\"}}],\"inLanguage\":\"fr-FR\"}]}<\/script>\n<!-- \/ Yoast SEO plugin. -->","yoast_head_json":{"title":"Jonesy Liner classic - Electric Ink\u00ae","robots":{"index":"index","follow":"follow","max-snippet":"max-snippet:-1","max-image-preview":"max-image-preview:large","max-video-preview":"max-video-preview:-1"},"canonical":"https:\/\/electricink.eu\/fr\/producto\/jonesy-liner-classic\/","og_locale":"fr_FR","og_type":"article","og_title":"Jonesy Liner classic - Electric Ink\u00ae","og_description":"Electric Ink Jonesy a \u00e9t\u00e9 d\u00e9velopp\u00e9e pour le tatoueur professionnel. Excellentes performances dans le travail de lignes. Nous avons adapt\u00e9 son design \u00e0 notre propre g\u00e9om\u00e9trie, transformant cette machine sp\u00e9cifique pour la r\u00e9alisation des travaux de lignes avec d'excellents r\u00e9sultats, avec peu ou beaucoup d'aiguilles.","og_url":"https:\/\/electricink.eu\/fr\/producto\/jonesy-liner-classic\/","og_site_name":"Electric Ink\u00ae","article_modified_time":"2025-08-30T14:56:48+00:00","og_image":[{"width":500,"height":500,"url":"https:\/\/electricink.eu\/wp-content\/uploads\/2023\/10\/jonesy_liner_tattoo_3.png","type":"image\/png"}],"twitter_card":"summary_large_image","twitter_misc":{"Dur\u00e9e de lecture estim\u00e9e":"1 minute"},"schema":{"@context":"https:\/\/schema.org","@graph":[{"@type":"WebPage","@id":"https:\/\/electricink.eu\/fr\/producto\/jonesy-liner-classic\/","url":"https:\/\/electricink.eu\/fr\/producto\/jonesy-liner-classic\/","name":"Jonesy Liner classic - Electric Ink\u00ae","isPartOf":{"@id":"https:\/\/electricink.eu\/#website"},"primaryImageOfPage":{"@id":"https:\/\/electricink.eu\/fr\/producto\/jonesy-liner-classic\/#primaryimage"},"image":{"@id":"https:\/\/electricink.eu\/fr\/producto\/jonesy-liner-classic\/#primaryimage"},"thumbnailUrl":"https:\/\/electricink.eu\/wp-content\/uploads\/2023\/10\/jonesy_liner_tattoo_3.png","datePublished":"2023-12-14T00:11:48+00:00","dateModified":"2025-08-30T14:56:48+00:00","breadcrumb":{"@id":"https:\/\/electricink.eu\/fr\/producto\/jonesy-liner-classic\/#breadcrumb"},"inLanguage":"fr-FR","potentialAction":[{"@type":"ReadAction","target":["https:\/\/electricink.eu\/fr\/producto\/jonesy-liner-classic\/"]}]},{"@type":"ImageObject","inLanguage":"fr-FR","@id":"https:\/\/electricink.eu\/fr\/producto\/jonesy-liner-classic\/#primaryimage","url":"https:\/\/electricink.eu\/wp-content\/uploads\/2023\/10\/jonesy_liner_tattoo_3.png","contentUrl":"https:\/\/electricink.eu\/wp-content\/uploads\/2023\/10\/jonesy_liner_tattoo_3.png","width":500,"height":500},{"@type":"BreadcrumbList","@id":"https:\/\/electricink.eu\/fr\/producto\/jonesy-liner-classic\/#breadcrumb","itemListElement":[{"@type":"ListItem","position":1,"name":"Portada","item":"https:\/\/electricink.eu\/fr\/home\/"},{"@type":"ListItem","position":2,"name":"Boutique","item":"https:\/\/electricink.eu\/tienda\/"},{"@type":"ListItem","position":3,"name":"Jonesy Liner classic"}]},{"@type":"WebSite","@id":"https:\/\/electricink.eu\/#website","url":"https:\/\/electricink.eu\/","name":"Electric Ink\u00ae","description":"Material para Tatuar Profesional en Europa - Electric Ink\u00ae","potentialAction":[{"@type":"SearchAction","target":{"@type":"EntryPoint","urlTemplate":"https:\/\/electricink.eu\/?s={search_term_string}"},"query-input":{"@type":"PropertyValueSpecification","valueRequired":true,"valueName":"search_term_string"}}],"inLanguage":"fr-FR"}]}},"_links":{"self":[{"href":"https:\/\/electricink.eu\/fr\/wp-json\/wp\/v2\/product\/37850","targetHints":{"allow":["GET"]}}],"collection":[{"href":"https:\/\/electricink.eu\/fr\/wp-json\/wp\/v2\/product"}],"about":[{"href":"https:\/\/electricink.eu\/fr\/wp-json\/wp\/v2\/types\/product"}],"replies":[{"embeddable":true,"href":"https:\/\/electricink.eu\/fr\/wp-json\/wp\/v2\/comments?post=37850"}],"wp:featuredmedia":[{"embeddable":true,"href":"https:\/\/electricink.eu\/fr\/wp-json\/wp\/v2\/media\/2171"}],"wp:attachment":[{"href":"https:\/\/electricink.eu\/fr\/wp-json\/wp\/v2\/media?parent=37850"}],"wp:term":[{"taxonomy":"product_brand","embeddable":true,"href":"https:\/\/electricink.eu\/fr\/wp-json\/wp\/v2\/product_brand?post=37850"},{"taxonomy":"product_cat","embeddable":true,"href":"https:\/\/electricink.eu\/fr\/wp-json\/wp\/v2\/product_cat?post=37850"},{"taxonomy":"product_tag","embeddable":true,"href":"https:\/\/electricink.eu\/fr\/wp-json\/wp\/v2\/product_tag?post=37850"}],"curies":[{"name":"wp","href":"https:\/\/api.w.org\/{rel}","templated":true}]}}