{"id":37893,"date":"2023-12-14T01:11:05","date_gmt":"2023-12-14T00:11:05","guid":{"rendered":"https:\/\/electricink.eu\/producto\/ghost-white-easy-glow-120ml\/"},"modified":"2026-03-04T18:59:20","modified_gmt":"2026-03-04T17:59:20","slug":"ghost-white-easy-glow-120ml","status":"publish","type":"product","link":"https:\/\/electricink.eu\/fr\/producto\/ghost-white-easy-glow-120ml\/","title":{"rendered":"Ghost White Easy Glow 120ml"},"content":{"rendered":"<p><strong>Pigments Artistiques<\/strong><\/p>\n<p><strong>Format :<\/strong> 120 ml<\/p>\n<p><strong>Application :<\/strong> Entra\u00eenement et peau synth\u00e9tique<\/p>\n","protected":false},"excerpt":{"rendered":"<p><strong>Encre artistique :<\/strong> Fixation facile et nouvelle technologie \u00e0 faible s\u00e9dimentation.<\/p>\n<p>Encre d\u2019excellente stabilisation dans les milieux aqueux, qui offre un niveau d&rsquo;intensit\u00e9 plus \u00e9lev\u00e9 et aide \u00e0 fixer le pigment.<\/p>\n<p>Avec la nouvelle technologie de dispersion des particules, elle ne pr\u00e9sente pas de s\u00e9dimentation, de coagulation, de durcissement. En cas de s\u00e9paration des pigments, il suffit de secouer le produit.<\/p>\n<p>Haute r\u00e9sistance aux alt\u00e9rations (par la lumi\u00e8re du soleil, les contaminants, les solvants, etc.).<\/p>\n<p>&nbsp;<\/p>\n","protected":false},"featured_media":2000,"comment_status":"closed","ping_status":"closed","template":"","meta":{"_acf_changed":false,"_et_pb_use_builder":"","_et_pb_old_content":"","_et_gb_content_width":"","inline_featured_image":false},"product_brand":[],"product_cat":[823,827],"product_tag":[],"class_list":{"0":"post-37893","1":"product","2":"type-product","3":"status-publish","4":"has-post-thumbnail","6":"product_cat-encres-artistiques","7":"product_cat-encres-artistiques-easy-glow","9":"first","10":"instock","11":"taxable","12":"shipping-taxable","13":"purchasable","14":"product-type-simple"},"acf":[],"yoast_head":"<!-- This site is optimized with the Yoast SEO plugin v27.4 - https:\/\/yoast.com\/product\/yoast-seo-wordpress\/ -->\n<title>Ghost White Easy Glow 120ml - Electric Ink\u00ae<\/title>\n<meta name=\"robots\" content=\"index, follow, max-snippet:-1, max-image-preview:large, max-video-preview:-1\" \/>\n<link rel=\"canonical\" href=\"https:\/\/electricink.eu\/fr\/producto\/ghost-white-easy-glow-120ml\/\" \/>\n<meta property=\"og:locale\" content=\"fr_FR\" \/>\n<meta property=\"og:type\" content=\"article\" \/>\n<meta property=\"og:title\" content=\"Ghost White Easy Glow 120ml - Electric Ink\u00ae\" \/>\n<meta property=\"og:description\" content=\"Encre artistique : Fixation facile et nouvelle technologie \u00e0 faible s\u00e9dimentation. Encre d\u2019excellente stabilisation dans les milieux aqueux, qui offre un niveau d&#039;intensit\u00e9 plus \u00e9lev\u00e9 et aide \u00e0 fixer le pigment. Avec la nouvelle technologie de dispersion des particules, elle ne pr\u00e9sente pas de s\u00e9dimentation, de coagulation, de durcissement. En cas de s\u00e9paration des pigments, il suffit de secouer le produit. Haute r\u00e9sistance aux alt\u00e9rations (par la lumi\u00e8re du soleil, les contaminants, les solvants, etc.). &nbsp;\" \/>\n<meta property=\"og:url\" content=\"https:\/\/electricink.eu\/fr\/producto\/ghost-white-easy-glow-120ml\/\" \/>\n<meta property=\"og:site_name\" content=\"Electric Ink\u00ae\" \/>\n<meta property=\"article:modified_time\" content=\"2026-03-04T17:59:20+00:00\" \/>\n<meta property=\"og:image\" content=\"https:\/\/electricink.eu\/wp-content\/uploads\/2023\/10\/tinta_easy_glow_120ml_ghost_white.png\" \/>\n\t<meta property=\"og:image:width\" content=\"500\" \/>\n\t<meta property=\"og:image:height\" content=\"500\" \/>\n\t<meta property=\"og:image:type\" content=\"image\/png\" \/>\n<meta name=\"twitter:card\" content=\"summary_large_image\" \/>\n<script type=\"application\/ld+json\" class=\"yoast-schema-graph\">{\"@context\":\"https:\\\/\\\/schema.org\",\"@graph\":[{\"@type\":\"WebPage\",\"@id\":\"https:\\\/\\\/electricink.eu\\\/fr\\\/producto\\\/ghost-white-easy-glow-120ml\\\/\",\"url\":\"https:\\\/\\\/electricink.eu\\\/fr\\\/producto\\\/ghost-white-easy-glow-120ml\\\/\",\"name\":\"Ghost White Easy Glow 120ml - Electric Ink\u00ae\",\"isPartOf\":{\"@id\":\"https:\\\/\\\/electricink.eu\\\/#website\"},\"primaryImageOfPage\":{\"@id\":\"https:\\\/\\\/electricink.eu\\\/fr\\\/producto\\\/ghost-white-easy-glow-120ml\\\/#primaryimage\"},\"image\":{\"@id\":\"https:\\\/\\\/electricink.eu\\\/fr\\\/producto\\\/ghost-white-easy-glow-120ml\\\/#primaryimage\"},\"thumbnailUrl\":\"https:\\\/\\\/electricink.eu\\\/wp-content\\\/uploads\\\/2023\\\/10\\\/tinta_easy_glow_120ml_ghost_white.png\",\"datePublished\":\"2023-12-14T00:11:05+00:00\",\"dateModified\":\"2026-03-04T17:59:20+00:00\",\"breadcrumb\":{\"@id\":\"https:\\\/\\\/electricink.eu\\\/fr\\\/producto\\\/ghost-white-easy-glow-120ml\\\/#breadcrumb\"},\"inLanguage\":\"fr-FR\",\"potentialAction\":[{\"@type\":\"ReadAction\",\"target\":[\"https:\\\/\\\/electricink.eu\\\/fr\\\/producto\\\/ghost-white-easy-glow-120ml\\\/\"]}]},{\"@type\":\"ImageObject\",\"inLanguage\":\"fr-FR\",\"@id\":\"https:\\\/\\\/electricink.eu\\\/fr\\\/producto\\\/ghost-white-easy-glow-120ml\\\/#primaryimage\",\"url\":\"https:\\\/\\\/electricink.eu\\\/wp-content\\\/uploads\\\/2023\\\/10\\\/tinta_easy_glow_120ml_ghost_white.png\",\"contentUrl\":\"https:\\\/\\\/electricink.eu\\\/wp-content\\\/uploads\\\/2023\\\/10\\\/tinta_easy_glow_120ml_ghost_white.png\",\"width\":500,\"height\":500},{\"@type\":\"BreadcrumbList\",\"@id\":\"https:\\\/\\\/electricink.eu\\\/fr\\\/producto\\\/ghost-white-easy-glow-120ml\\\/#breadcrumb\",\"itemListElement\":[{\"@type\":\"ListItem\",\"position\":1,\"name\":\"Portada\",\"item\":\"https:\\\/\\\/electricink.eu\\\/fr\\\/home\\\/\"},{\"@type\":\"ListItem\",\"position\":2,\"name\":\"Boutique\",\"item\":\"https:\\\/\\\/electricink.eu\\\/tienda\\\/\"},{\"@type\":\"ListItem\",\"position\":3,\"name\":\"Ghost White Easy Glow 120ml\"}]},{\"@type\":\"WebSite\",\"@id\":\"https:\\\/\\\/electricink.eu\\\/#website\",\"url\":\"https:\\\/\\\/electricink.eu\\\/\",\"name\":\"Electric Ink\u00ae\",\"description\":\"Material para Tatuar Profesional en Europa - Electric Ink\u00ae\",\"potentialAction\":[{\"@type\":\"SearchAction\",\"target\":{\"@type\":\"EntryPoint\",\"urlTemplate\":\"https:\\\/\\\/electricink.eu\\\/?s={search_term_string}\"},\"query-input\":{\"@type\":\"PropertyValueSpecification\",\"valueRequired\":true,\"valueName\":\"search_term_string\"}}],\"inLanguage\":\"fr-FR\"}]}<\/script>\n<!-- \/ Yoast SEO plugin. -->","yoast_head_json":{"title":"Ghost White Easy Glow 120ml - Electric Ink\u00ae","robots":{"index":"index","follow":"follow","max-snippet":"max-snippet:-1","max-image-preview":"max-image-preview:large","max-video-preview":"max-video-preview:-1"},"canonical":"https:\/\/electricink.eu\/fr\/producto\/ghost-white-easy-glow-120ml\/","og_locale":"fr_FR","og_type":"article","og_title":"Ghost White Easy Glow 120ml - Electric Ink\u00ae","og_description":"Encre artistique : Fixation facile et nouvelle technologie \u00e0 faible s\u00e9dimentation. Encre d\u2019excellente stabilisation dans les milieux aqueux, qui offre un niveau d'intensit\u00e9 plus \u00e9lev\u00e9 et aide \u00e0 fixer le pigment. Avec la nouvelle technologie de dispersion des particules, elle ne pr\u00e9sente pas de s\u00e9dimentation, de coagulation, de durcissement. En cas de s\u00e9paration des pigments, il suffit de secouer le produit. Haute r\u00e9sistance aux alt\u00e9rations (par la lumi\u00e8re du soleil, les contaminants, les solvants, etc.). &nbsp;","og_url":"https:\/\/electricink.eu\/fr\/producto\/ghost-white-easy-glow-120ml\/","og_site_name":"Electric Ink\u00ae","article_modified_time":"2026-03-04T17:59:20+00:00","og_image":[{"width":500,"height":500,"url":"https:\/\/electricink.eu\/wp-content\/uploads\/2023\/10\/tinta_easy_glow_120ml_ghost_white.png","type":"image\/png"}],"twitter_card":"summary_large_image","schema":{"@context":"https:\/\/schema.org","@graph":[{"@type":"WebPage","@id":"https:\/\/electricink.eu\/fr\/producto\/ghost-white-easy-glow-120ml\/","url":"https:\/\/electricink.eu\/fr\/producto\/ghost-white-easy-glow-120ml\/","name":"Ghost White Easy Glow 120ml - Electric Ink\u00ae","isPartOf":{"@id":"https:\/\/electricink.eu\/#website"},"primaryImageOfPage":{"@id":"https:\/\/electricink.eu\/fr\/producto\/ghost-white-easy-glow-120ml\/#primaryimage"},"image":{"@id":"https:\/\/electricink.eu\/fr\/producto\/ghost-white-easy-glow-120ml\/#primaryimage"},"thumbnailUrl":"https:\/\/electricink.eu\/wp-content\/uploads\/2023\/10\/tinta_easy_glow_120ml_ghost_white.png","datePublished":"2023-12-14T00:11:05+00:00","dateModified":"2026-03-04T17:59:20+00:00","breadcrumb":{"@id":"https:\/\/electricink.eu\/fr\/producto\/ghost-white-easy-glow-120ml\/#breadcrumb"},"inLanguage":"fr-FR","potentialAction":[{"@type":"ReadAction","target":["https:\/\/electricink.eu\/fr\/producto\/ghost-white-easy-glow-120ml\/"]}]},{"@type":"ImageObject","inLanguage":"fr-FR","@id":"https:\/\/electricink.eu\/fr\/producto\/ghost-white-easy-glow-120ml\/#primaryimage","url":"https:\/\/electricink.eu\/wp-content\/uploads\/2023\/10\/tinta_easy_glow_120ml_ghost_white.png","contentUrl":"https:\/\/electricink.eu\/wp-content\/uploads\/2023\/10\/tinta_easy_glow_120ml_ghost_white.png","width":500,"height":500},{"@type":"BreadcrumbList","@id":"https:\/\/electricink.eu\/fr\/producto\/ghost-white-easy-glow-120ml\/#breadcrumb","itemListElement":[{"@type":"ListItem","position":1,"name":"Portada","item":"https:\/\/electricink.eu\/fr\/home\/"},{"@type":"ListItem","position":2,"name":"Boutique","item":"https:\/\/electricink.eu\/tienda\/"},{"@type":"ListItem","position":3,"name":"Ghost White Easy Glow 120ml"}]},{"@type":"WebSite","@id":"https:\/\/electricink.eu\/#website","url":"https:\/\/electricink.eu\/","name":"Electric Ink\u00ae","description":"Material para Tatuar Profesional en Europa - Electric Ink\u00ae","potentialAction":[{"@type":"SearchAction","target":{"@type":"EntryPoint","urlTemplate":"https:\/\/electricink.eu\/?s={search_term_string}"},"query-input":{"@type":"PropertyValueSpecification","valueRequired":true,"valueName":"search_term_string"}}],"inLanguage":"fr-FR"}]}},"_links":{"self":[{"href":"https:\/\/electricink.eu\/fr\/wp-json\/wp\/v2\/product\/37893","targetHints":{"allow":["GET"]}}],"collection":[{"href":"https:\/\/electricink.eu\/fr\/wp-json\/wp\/v2\/product"}],"about":[{"href":"https:\/\/electricink.eu\/fr\/wp-json\/wp\/v2\/types\/product"}],"replies":[{"embeddable":true,"href":"https:\/\/electricink.eu\/fr\/wp-json\/wp\/v2\/comments?post=37893"}],"wp:featuredmedia":[{"embeddable":true,"href":"https:\/\/electricink.eu\/fr\/wp-json\/wp\/v2\/media\/2000"}],"wp:attachment":[{"href":"https:\/\/electricink.eu\/fr\/wp-json\/wp\/v2\/media?parent=37893"}],"wp:term":[{"taxonomy":"product_brand","embeddable":true,"href":"https:\/\/electricink.eu\/fr\/wp-json\/wp\/v2\/product_brand?post=37893"},{"taxonomy":"product_cat","embeddable":true,"href":"https:\/\/electricink.eu\/fr\/wp-json\/wp\/v2\/product_cat?post=37893"},{"taxonomy":"product_tag","embeddable":true,"href":"https:\/\/electricink.eu\/fr\/wp-json\/wp\/v2\/product_tag?post=37893"}],"curies":[{"name":"wp","href":"https:\/\/api.w.org\/{rel}","templated":true}]}}