{"id":37930,"date":"2023-12-14T01:11:05","date_gmt":"2023-12-14T00:11:05","guid":{"rendered":"https:\/\/electricink.eu\/producto\/rose-easy-glow-30ml\/"},"modified":"2024-08-13T12:58:23","modified_gmt":"2024-08-13T10:58:23","slug":"rose-easy-glow-30ml","status":"publish","type":"product","link":"https:\/\/electricink.eu\/fr\/producto\/rose-easy-glow-30ml\/","title":{"rendered":"Rose Easy Glow 30ml"},"content":{"rendered":"<p><strong>Pigments Artistiques<\/strong><\/p>\n<p><strong>Format :<\/strong> 30 ml<\/p>\n<p><strong>Application :<\/strong> Entra\u00eenement et peau synth\u00e9tique<\/p>\n<p><strong>\u00a0<\/strong><\/p>\n","protected":false},"excerpt":{"rendered":"<p><strong>Encre artistique :<\/strong> Fixation facile et nouvelle technologie \u00e0 faible s\u00e9dimentation.<\/p>\n<p>Encre d\u2019excellente stabilisation dans les milieux aqueux, qui offre un niveau d&rsquo;intensit\u00e9 plus \u00e9lev\u00e9 et aide \u00e0 fixer le pigment.<\/p>\n<p>Avec la nouvelle technologie de dispersion des particules, elle ne pr\u00e9sente pas de s\u00e9dimentation, de coagulation, de durcissement. En cas de s\u00e9paration des pigments, il suffit de secouer le produit.<\/p>\n<p>Haute r\u00e9sistance aux alt\u00e9rations (par la lumi\u00e8re du soleil, les contaminants, les solvants, etc.).<\/p>\n","protected":false},"featured_media":2036,"comment_status":"closed","ping_status":"closed","template":"","meta":{"_acf_changed":false,"_et_pb_use_builder":"","_et_pb_old_content":"","_et_gb_content_width":"","inline_featured_image":false},"product_brand":[],"product_cat":[823,827],"product_tag":[],"class_list":{"0":"post-37930","1":"product","2":"type-product","3":"status-publish","4":"has-post-thumbnail","6":"product_cat-encres-artistiques","7":"product_cat-encres-artistiques-easy-glow","9":"first","10":"instock","11":"taxable","12":"shipping-taxable","13":"purchasable","14":"product-type-simple"},"acf":[],"yoast_head":"<!-- This site is optimized with the Yoast SEO plugin v27.4 - https:\/\/yoast.com\/product\/yoast-seo-wordpress\/ -->\n<title>Rose Easy Glow 30ml - Electric Ink\u00ae<\/title>\n<meta name=\"robots\" content=\"index, follow, max-snippet:-1, max-image-preview:large, max-video-preview:-1\" \/>\n<link rel=\"canonical\" href=\"https:\/\/electricink.eu\/fr\/producto\/rose-easy-glow-30ml\/\" \/>\n<meta property=\"og:locale\" content=\"fr_FR\" \/>\n<meta property=\"og:type\" content=\"article\" \/>\n<meta property=\"og:title\" content=\"Rose Easy Glow 30ml - Electric Ink\u00ae\" \/>\n<meta property=\"og:description\" content=\"Encre artistique : Fixation facile et nouvelle technologie \u00e0 faible s\u00e9dimentation. Encre d\u2019excellente stabilisation dans les milieux aqueux, qui offre un niveau d&#039;intensit\u00e9 plus \u00e9lev\u00e9 et aide \u00e0 fixer le pigment. Avec la nouvelle technologie de dispersion des particules, elle ne pr\u00e9sente pas de s\u00e9dimentation, de coagulation, de durcissement. En cas de s\u00e9paration des pigments, il suffit de secouer le produit. Haute r\u00e9sistance aux alt\u00e9rations (par la lumi\u00e8re du soleil, les contaminants, les solvants, etc.).\" \/>\n<meta property=\"og:url\" content=\"https:\/\/electricink.eu\/fr\/producto\/rose-easy-glow-30ml\/\" \/>\n<meta property=\"og:site_name\" content=\"Electric Ink\u00ae\" \/>\n<meta property=\"article:modified_time\" content=\"2024-08-13T10:58:23+00:00\" \/>\n<meta property=\"og:image\" content=\"https:\/\/electricink.eu\/wp-content\/uploads\/2023\/10\/ROSE_30ML.png\" \/>\n\t<meta property=\"og:image:width\" content=\"2000\" \/>\n\t<meta property=\"og:image:height\" content=\"2000\" \/>\n\t<meta property=\"og:image:type\" content=\"image\/png\" \/>\n<meta name=\"twitter:card\" content=\"summary_large_image\" \/>\n<script type=\"application\/ld+json\" class=\"yoast-schema-graph\">{\"@context\":\"https:\\\/\\\/schema.org\",\"@graph\":[{\"@type\":\"WebPage\",\"@id\":\"https:\\\/\\\/electricink.eu\\\/fr\\\/producto\\\/rose-easy-glow-30ml\\\/\",\"url\":\"https:\\\/\\\/electricink.eu\\\/fr\\\/producto\\\/rose-easy-glow-30ml\\\/\",\"name\":\"Rose Easy Glow 30ml - Electric Ink\u00ae\",\"isPartOf\":{\"@id\":\"https:\\\/\\\/electricink.eu\\\/#website\"},\"primaryImageOfPage\":{\"@id\":\"https:\\\/\\\/electricink.eu\\\/fr\\\/producto\\\/rose-easy-glow-30ml\\\/#primaryimage\"},\"image\":{\"@id\":\"https:\\\/\\\/electricink.eu\\\/fr\\\/producto\\\/rose-easy-glow-30ml\\\/#primaryimage\"},\"thumbnailUrl\":\"https:\\\/\\\/electricink.eu\\\/wp-content\\\/uploads\\\/2023\\\/10\\\/ROSE_30ML.png\",\"datePublished\":\"2023-12-14T00:11:05+00:00\",\"dateModified\":\"2024-08-13T10:58:23+00:00\",\"breadcrumb\":{\"@id\":\"https:\\\/\\\/electricink.eu\\\/fr\\\/producto\\\/rose-easy-glow-30ml\\\/#breadcrumb\"},\"inLanguage\":\"fr-FR\",\"potentialAction\":[{\"@type\":\"ReadAction\",\"target\":[\"https:\\\/\\\/electricink.eu\\\/fr\\\/producto\\\/rose-easy-glow-30ml\\\/\"]}]},{\"@type\":\"ImageObject\",\"inLanguage\":\"fr-FR\",\"@id\":\"https:\\\/\\\/electricink.eu\\\/fr\\\/producto\\\/rose-easy-glow-30ml\\\/#primaryimage\",\"url\":\"https:\\\/\\\/electricink.eu\\\/wp-content\\\/uploads\\\/2023\\\/10\\\/ROSE_30ML.png\",\"contentUrl\":\"https:\\\/\\\/electricink.eu\\\/wp-content\\\/uploads\\\/2023\\\/10\\\/ROSE_30ML.png\",\"width\":2000,\"height\":2000},{\"@type\":\"BreadcrumbList\",\"@id\":\"https:\\\/\\\/electricink.eu\\\/fr\\\/producto\\\/rose-easy-glow-30ml\\\/#breadcrumb\",\"itemListElement\":[{\"@type\":\"ListItem\",\"position\":1,\"name\":\"Portada\",\"item\":\"https:\\\/\\\/electricink.eu\\\/fr\\\/home\\\/\"},{\"@type\":\"ListItem\",\"position\":2,\"name\":\"Boutique\",\"item\":\"https:\\\/\\\/electricink.eu\\\/tienda\\\/\"},{\"@type\":\"ListItem\",\"position\":3,\"name\":\"Rose Easy Glow 30ml\"}]},{\"@type\":\"WebSite\",\"@id\":\"https:\\\/\\\/electricink.eu\\\/#website\",\"url\":\"https:\\\/\\\/electricink.eu\\\/\",\"name\":\"Electric Ink\u00ae\",\"description\":\"Material para Tatuar Profesional en Europa - Electric Ink\u00ae\",\"potentialAction\":[{\"@type\":\"SearchAction\",\"target\":{\"@type\":\"EntryPoint\",\"urlTemplate\":\"https:\\\/\\\/electricink.eu\\\/?s={search_term_string}\"},\"query-input\":{\"@type\":\"PropertyValueSpecification\",\"valueRequired\":true,\"valueName\":\"search_term_string\"}}],\"inLanguage\":\"fr-FR\"}]}<\/script>\n<!-- \/ Yoast SEO plugin. -->","yoast_head_json":{"title":"Rose Easy Glow 30ml - Electric Ink\u00ae","robots":{"index":"index","follow":"follow","max-snippet":"max-snippet:-1","max-image-preview":"max-image-preview:large","max-video-preview":"max-video-preview:-1"},"canonical":"https:\/\/electricink.eu\/fr\/producto\/rose-easy-glow-30ml\/","og_locale":"fr_FR","og_type":"article","og_title":"Rose Easy Glow 30ml - Electric Ink\u00ae","og_description":"Encre artistique : Fixation facile et nouvelle technologie \u00e0 faible s\u00e9dimentation. Encre d\u2019excellente stabilisation dans les milieux aqueux, qui offre un niveau d'intensit\u00e9 plus \u00e9lev\u00e9 et aide \u00e0 fixer le pigment. Avec la nouvelle technologie de dispersion des particules, elle ne pr\u00e9sente pas de s\u00e9dimentation, de coagulation, de durcissement. En cas de s\u00e9paration des pigments, il suffit de secouer le produit. Haute r\u00e9sistance aux alt\u00e9rations (par la lumi\u00e8re du soleil, les contaminants, les solvants, etc.).","og_url":"https:\/\/electricink.eu\/fr\/producto\/rose-easy-glow-30ml\/","og_site_name":"Electric Ink\u00ae","article_modified_time":"2024-08-13T10:58:23+00:00","og_image":[{"width":2000,"height":2000,"url":"https:\/\/electricink.eu\/wp-content\/uploads\/2023\/10\/ROSE_30ML.png","type":"image\/png"}],"twitter_card":"summary_large_image","schema":{"@context":"https:\/\/schema.org","@graph":[{"@type":"WebPage","@id":"https:\/\/electricink.eu\/fr\/producto\/rose-easy-glow-30ml\/","url":"https:\/\/electricink.eu\/fr\/producto\/rose-easy-glow-30ml\/","name":"Rose Easy Glow 30ml - Electric Ink\u00ae","isPartOf":{"@id":"https:\/\/electricink.eu\/#website"},"primaryImageOfPage":{"@id":"https:\/\/electricink.eu\/fr\/producto\/rose-easy-glow-30ml\/#primaryimage"},"image":{"@id":"https:\/\/electricink.eu\/fr\/producto\/rose-easy-glow-30ml\/#primaryimage"},"thumbnailUrl":"https:\/\/electricink.eu\/wp-content\/uploads\/2023\/10\/ROSE_30ML.png","datePublished":"2023-12-14T00:11:05+00:00","dateModified":"2024-08-13T10:58:23+00:00","breadcrumb":{"@id":"https:\/\/electricink.eu\/fr\/producto\/rose-easy-glow-30ml\/#breadcrumb"},"inLanguage":"fr-FR","potentialAction":[{"@type":"ReadAction","target":["https:\/\/electricink.eu\/fr\/producto\/rose-easy-glow-30ml\/"]}]},{"@type":"ImageObject","inLanguage":"fr-FR","@id":"https:\/\/electricink.eu\/fr\/producto\/rose-easy-glow-30ml\/#primaryimage","url":"https:\/\/electricink.eu\/wp-content\/uploads\/2023\/10\/ROSE_30ML.png","contentUrl":"https:\/\/electricink.eu\/wp-content\/uploads\/2023\/10\/ROSE_30ML.png","width":2000,"height":2000},{"@type":"BreadcrumbList","@id":"https:\/\/electricink.eu\/fr\/producto\/rose-easy-glow-30ml\/#breadcrumb","itemListElement":[{"@type":"ListItem","position":1,"name":"Portada","item":"https:\/\/electricink.eu\/fr\/home\/"},{"@type":"ListItem","position":2,"name":"Boutique","item":"https:\/\/electricink.eu\/tienda\/"},{"@type":"ListItem","position":3,"name":"Rose Easy Glow 30ml"}]},{"@type":"WebSite","@id":"https:\/\/electricink.eu\/#website","url":"https:\/\/electricink.eu\/","name":"Electric Ink\u00ae","description":"Material para Tatuar Profesional en Europa - Electric Ink\u00ae","potentialAction":[{"@type":"SearchAction","target":{"@type":"EntryPoint","urlTemplate":"https:\/\/electricink.eu\/?s={search_term_string}"},"query-input":{"@type":"PropertyValueSpecification","valueRequired":true,"valueName":"search_term_string"}}],"inLanguage":"fr-FR"}]}},"_links":{"self":[{"href":"https:\/\/electricink.eu\/fr\/wp-json\/wp\/v2\/product\/37930","targetHints":{"allow":["GET"]}}],"collection":[{"href":"https:\/\/electricink.eu\/fr\/wp-json\/wp\/v2\/product"}],"about":[{"href":"https:\/\/electricink.eu\/fr\/wp-json\/wp\/v2\/types\/product"}],"replies":[{"embeddable":true,"href":"https:\/\/electricink.eu\/fr\/wp-json\/wp\/v2\/comments?post=37930"}],"wp:featuredmedia":[{"embeddable":true,"href":"https:\/\/electricink.eu\/fr\/wp-json\/wp\/v2\/media\/2036"}],"wp:attachment":[{"href":"https:\/\/electricink.eu\/fr\/wp-json\/wp\/v2\/media?parent=37930"}],"wp:term":[{"taxonomy":"product_brand","embeddable":true,"href":"https:\/\/electricink.eu\/fr\/wp-json\/wp\/v2\/product_brand?post=37930"},{"taxonomy":"product_cat","embeddable":true,"href":"https:\/\/electricink.eu\/fr\/wp-json\/wp\/v2\/product_cat?post=37930"},{"taxonomy":"product_tag","embeddable":true,"href":"https:\/\/electricink.eu\/fr\/wp-json\/wp\/v2\/product_tag?post=37930"}],"curies":[{"name":"wp","href":"https:\/\/api.w.org\/{rel}","templated":true}]}}