{"id":37963,"date":"2023-12-14T01:10:25","date_gmt":"2023-12-14T00:10:25","guid":{"rendered":"https:\/\/electricink.eu\/producto\/diluant-120ml\/"},"modified":"2025-09-13T18:02:23","modified_gmt":"2025-09-13T16:02:23","slug":"diluant-120ml","status":"publish","type":"product","link":"https:\/\/electricink.eu\/fr\/producto\/diluant-120ml\/","title":{"rendered":"Diluant &#8211; 120ml"},"content":{"rendered":"<p><strong>Diluant pour pigments artistiques.<\/strong><\/p>\n<p><strong>Format :<\/strong> 120 ml<\/p>\n<p><strong>Application :<\/strong> Dilution pour les pigments d&rsquo;entra\u00eenement et la peau synth\u00e9tique<\/p>\n","protected":false},"excerpt":{"rendered":"<p><strong>Diluant<\/strong> pour nos pigments artistiques.<\/p>\n<p>Afin de produire une dilution parfaite, nos diluants ont \u00e9t\u00e9 fabriqu\u00e9s avec la m\u00eame formulation que la base de nos pigments artistiques.<\/p>\n<p><strong>\u00a0<\/strong><strong>D\u00e9velopp\u00e9 pour diluer les pigments (noirs ou color\u00e9s) et prot\u00e9ger\/emp\u00eacher le pigment de se solidifier.<\/strong><\/p>\n","protected":false},"featured_media":42652,"comment_status":"closed","ping_status":"closed","template":"","meta":{"_acf_changed":false,"_et_pb_use_builder":"","_et_pb_old_content":"","_et_gb_content_width":"","inline_featured_image":false},"product_brand":[],"product_cat":[823,832,827,828],"product_tag":[],"class_list":{"0":"post-37963","1":"product","2":"type-product","3":"status-publish","4":"has-post-thumbnail","6":"product_cat-encres-artistiques","7":"product_cat-solvant","8":"product_cat-encres-artistiques-easy-glow","9":"product_cat-encres-artistiques-electric-ink","11":"first","12":"instock","13":"taxable","14":"shipping-taxable","15":"purchasable","16":"product-type-simple"},"acf":[],"yoast_head":"<!-- This site is optimized with the Yoast SEO plugin v27.4 - https:\/\/yoast.com\/product\/yoast-seo-wordpress\/ -->\n<title>Diluant - 120ml - Electric Ink\u00ae<\/title>\n<meta name=\"robots\" content=\"index, follow, max-snippet:-1, max-image-preview:large, max-video-preview:-1\" \/>\n<link rel=\"canonical\" href=\"https:\/\/electricink.eu\/fr\/producto\/diluant-120ml\/\" \/>\n<meta property=\"og:locale\" content=\"fr_FR\" \/>\n<meta property=\"og:type\" content=\"article\" \/>\n<meta property=\"og:title\" content=\"Diluant - 120ml - Electric Ink\u00ae\" \/>\n<meta property=\"og:description\" content=\"Diluant pour nos pigments artistiques. Afin de produire une dilution parfaite, nos diluants ont \u00e9t\u00e9 fabriqu\u00e9s avec la m\u00eame formulation que la base de nos pigments artistiques. \u00a0D\u00e9velopp\u00e9 pour diluer les pigments (noirs ou color\u00e9s) et prot\u00e9ger\/emp\u00eacher le pigment de se solidifier.\" \/>\n<meta property=\"og:url\" content=\"https:\/\/electricink.eu\/fr\/producto\/diluant-120ml\/\" \/>\n<meta property=\"og:site_name\" content=\"Electric Ink\u00ae\" \/>\n<meta property=\"article:modified_time\" content=\"2025-09-13T16:02:23+00:00\" \/>\n<meta property=\"og:image\" content=\"https:\/\/electricink.eu\/wp-content\/uploads\/2023\/10\/tinta_electric_ink_120ml_diluente.png\" \/>\n\t<meta property=\"og:image:width\" content=\"500\" \/>\n\t<meta property=\"og:image:height\" content=\"500\" \/>\n\t<meta property=\"og:image:type\" content=\"image\/png\" \/>\n<meta name=\"twitter:card\" content=\"summary_large_image\" \/>\n<script type=\"application\/ld+json\" class=\"yoast-schema-graph\">{\"@context\":\"https:\\\/\\\/schema.org\",\"@graph\":[{\"@type\":\"WebPage\",\"@id\":\"https:\\\/\\\/electricink.eu\\\/fr\\\/producto\\\/diluant-120ml\\\/\",\"url\":\"https:\\\/\\\/electricink.eu\\\/fr\\\/producto\\\/diluant-120ml\\\/\",\"name\":\"Diluant - 120ml - Electric Ink\u00ae\",\"isPartOf\":{\"@id\":\"https:\\\/\\\/electricink.eu\\\/#website\"},\"primaryImageOfPage\":{\"@id\":\"https:\\\/\\\/electricink.eu\\\/fr\\\/producto\\\/diluant-120ml\\\/#primaryimage\"},\"image\":{\"@id\":\"https:\\\/\\\/electricink.eu\\\/fr\\\/producto\\\/diluant-120ml\\\/#primaryimage\"},\"thumbnailUrl\":\"https:\\\/\\\/electricink.eu\\\/wp-content\\\/uploads\\\/2023\\\/12\\\/Diluyente_Ink_120ml.webp\",\"datePublished\":\"2023-12-14T00:10:25+00:00\",\"dateModified\":\"2025-09-13T16:02:23+00:00\",\"breadcrumb\":{\"@id\":\"https:\\\/\\\/electricink.eu\\\/fr\\\/producto\\\/diluant-120ml\\\/#breadcrumb\"},\"inLanguage\":\"fr-FR\",\"potentialAction\":[{\"@type\":\"ReadAction\",\"target\":[\"https:\\\/\\\/electricink.eu\\\/fr\\\/producto\\\/diluant-120ml\\\/\"]}]},{\"@type\":\"ImageObject\",\"inLanguage\":\"fr-FR\",\"@id\":\"https:\\\/\\\/electricink.eu\\\/fr\\\/producto\\\/diluant-120ml\\\/#primaryimage\",\"url\":\"https:\\\/\\\/electricink.eu\\\/wp-content\\\/uploads\\\/2023\\\/12\\\/Diluyente_Ink_120ml.webp\",\"contentUrl\":\"https:\\\/\\\/electricink.eu\\\/wp-content\\\/uploads\\\/2023\\\/12\\\/Diluyente_Ink_120ml.webp\",\"width\":300,\"height\":300},{\"@type\":\"BreadcrumbList\",\"@id\":\"https:\\\/\\\/electricink.eu\\\/fr\\\/producto\\\/diluant-120ml\\\/#breadcrumb\",\"itemListElement\":[{\"@type\":\"ListItem\",\"position\":1,\"name\":\"Portada\",\"item\":\"https:\\\/\\\/electricink.eu\\\/fr\\\/home\\\/\"},{\"@type\":\"ListItem\",\"position\":2,\"name\":\"Boutique\",\"item\":\"https:\\\/\\\/electricink.eu\\\/tienda\\\/\"},{\"@type\":\"ListItem\",\"position\":3,\"name\":\"Diluant &#8211; 120ml\"}]},{\"@type\":\"WebSite\",\"@id\":\"https:\\\/\\\/electricink.eu\\\/#website\",\"url\":\"https:\\\/\\\/electricink.eu\\\/\",\"name\":\"Electric Ink\u00ae\",\"description\":\"Material para Tatuar Profesional en Europa - Electric Ink\u00ae\",\"potentialAction\":[{\"@type\":\"SearchAction\",\"target\":{\"@type\":\"EntryPoint\",\"urlTemplate\":\"https:\\\/\\\/electricink.eu\\\/?s={search_term_string}\"},\"query-input\":{\"@type\":\"PropertyValueSpecification\",\"valueRequired\":true,\"valueName\":\"search_term_string\"}}],\"inLanguage\":\"fr-FR\"}]}<\/script>\n<!-- \/ Yoast SEO plugin. -->","yoast_head_json":{"title":"Diluant - 120ml - Electric Ink\u00ae","robots":{"index":"index","follow":"follow","max-snippet":"max-snippet:-1","max-image-preview":"max-image-preview:large","max-video-preview":"max-video-preview:-1"},"canonical":"https:\/\/electricink.eu\/fr\/producto\/diluant-120ml\/","og_locale":"fr_FR","og_type":"article","og_title":"Diluant - 120ml - Electric Ink\u00ae","og_description":"Diluant pour nos pigments artistiques. Afin de produire une dilution parfaite, nos diluants ont \u00e9t\u00e9 fabriqu\u00e9s avec la m\u00eame formulation que la base de nos pigments artistiques. \u00a0D\u00e9velopp\u00e9 pour diluer les pigments (noirs ou color\u00e9s) et prot\u00e9ger\/emp\u00eacher le pigment de se solidifier.","og_url":"https:\/\/electricink.eu\/fr\/producto\/diluant-120ml\/","og_site_name":"Electric Ink\u00ae","article_modified_time":"2025-09-13T16:02:23+00:00","og_image":[{"width":500,"height":500,"url":"https:\/\/electricink.eu\/wp-content\/uploads\/2023\/10\/tinta_electric_ink_120ml_diluente.png","type":"image\/png"}],"twitter_card":"summary_large_image","schema":{"@context":"https:\/\/schema.org","@graph":[{"@type":"WebPage","@id":"https:\/\/electricink.eu\/fr\/producto\/diluant-120ml\/","url":"https:\/\/electricink.eu\/fr\/producto\/diluant-120ml\/","name":"Diluant - 120ml - Electric Ink\u00ae","isPartOf":{"@id":"https:\/\/electricink.eu\/#website"},"primaryImageOfPage":{"@id":"https:\/\/electricink.eu\/fr\/producto\/diluant-120ml\/#primaryimage"},"image":{"@id":"https:\/\/electricink.eu\/fr\/producto\/diluant-120ml\/#primaryimage"},"thumbnailUrl":"https:\/\/electricink.eu\/wp-content\/uploads\/2023\/12\/Diluyente_Ink_120ml.webp","datePublished":"2023-12-14T00:10:25+00:00","dateModified":"2025-09-13T16:02:23+00:00","breadcrumb":{"@id":"https:\/\/electricink.eu\/fr\/producto\/diluant-120ml\/#breadcrumb"},"inLanguage":"fr-FR","potentialAction":[{"@type":"ReadAction","target":["https:\/\/electricink.eu\/fr\/producto\/diluant-120ml\/"]}]},{"@type":"ImageObject","inLanguage":"fr-FR","@id":"https:\/\/electricink.eu\/fr\/producto\/diluant-120ml\/#primaryimage","url":"https:\/\/electricink.eu\/wp-content\/uploads\/2023\/12\/Diluyente_Ink_120ml.webp","contentUrl":"https:\/\/electricink.eu\/wp-content\/uploads\/2023\/12\/Diluyente_Ink_120ml.webp","width":300,"height":300},{"@type":"BreadcrumbList","@id":"https:\/\/electricink.eu\/fr\/producto\/diluant-120ml\/#breadcrumb","itemListElement":[{"@type":"ListItem","position":1,"name":"Portada","item":"https:\/\/electricink.eu\/fr\/home\/"},{"@type":"ListItem","position":2,"name":"Boutique","item":"https:\/\/electricink.eu\/tienda\/"},{"@type":"ListItem","position":3,"name":"Diluant &#8211; 120ml"}]},{"@type":"WebSite","@id":"https:\/\/electricink.eu\/#website","url":"https:\/\/electricink.eu\/","name":"Electric Ink\u00ae","description":"Material para Tatuar Profesional en Europa - Electric Ink\u00ae","potentialAction":[{"@type":"SearchAction","target":{"@type":"EntryPoint","urlTemplate":"https:\/\/electricink.eu\/?s={search_term_string}"},"query-input":{"@type":"PropertyValueSpecification","valueRequired":true,"valueName":"search_term_string"}}],"inLanguage":"fr-FR"}]}},"_links":{"self":[{"href":"https:\/\/electricink.eu\/fr\/wp-json\/wp\/v2\/product\/37963","targetHints":{"allow":["GET"]}}],"collection":[{"href":"https:\/\/electricink.eu\/fr\/wp-json\/wp\/v2\/product"}],"about":[{"href":"https:\/\/electricink.eu\/fr\/wp-json\/wp\/v2\/types\/product"}],"replies":[{"embeddable":true,"href":"https:\/\/electricink.eu\/fr\/wp-json\/wp\/v2\/comments?post=37963"}],"wp:featuredmedia":[{"embeddable":true,"href":"https:\/\/electricink.eu\/fr\/wp-json\/wp\/v2\/media\/42652"}],"wp:attachment":[{"href":"https:\/\/electricink.eu\/fr\/wp-json\/wp\/v2\/media?parent=37963"}],"wp:term":[{"taxonomy":"product_brand","embeddable":true,"href":"https:\/\/electricink.eu\/fr\/wp-json\/wp\/v2\/product_brand?post=37963"},{"taxonomy":"product_cat","embeddable":true,"href":"https:\/\/electricink.eu\/fr\/wp-json\/wp\/v2\/product_cat?post=37963"},{"taxonomy":"product_tag","embeddable":true,"href":"https:\/\/electricink.eu\/fr\/wp-json\/wp\/v2\/product_tag?post=37963"}],"curies":[{"name":"wp","href":"https:\/\/api.w.org\/{rel}","templated":true}]}}