{"id":38005,"date":"2023-12-14T01:09:35","date_gmt":"2023-12-14T00:09:35","guid":{"rendered":"https:\/\/electricink.eu\/producto\/advanced-needles-12-flex-5un\/"},"modified":"2023-12-14T01:09:35","modified_gmt":"2023-12-14T00:09:35","slug":"advanced-needles-12-flex-5un","status":"publish","type":"product","link":"https:\/\/electricink.eu\/fr\/producto\/advanced-needles-12-flex-5un\/","title":{"rendered":"Advanced Needles 12 Flex &#8211; 5un"},"content":{"rendered":"<p>Collection: Flex \u2013 7, 9 11, 12 \u2013 0.22mm<\/p>\n<p>Produit st\u00e9rilis\u00e9 \u00e0 l&rsquo;oxyde d&rsquo;\u00e9thyl\u00e8ne et emball\u00e9 avec du papier chirurgical, approuv\u00e9 apr\u00e8s un processus de contr\u00f4le qualit\u00e9 strict, avec analyse individuelle des aiguilles. Il garantit une hygi\u00e8ne et une s\u00e9curit\u00e9 maximales au professionnel et au client lors de la proc\u00e9dure de microblading (maquillage permanent).<\/p>\n<p>CONTIENT: 05 lames pour tebori.<\/p>\n<p>INDICATIONS: Fabriqu\u00e9 exclusivement pour la proc\u00e9dure de maquillage permanent (micropigmentation) ou pour une proc\u00e9dure esth\u00e9tique corrective.<\/p>\n<p>PR\u00caT \u00c0 L&rsquo;EMPLOI: Effectuez la proc\u00e9dure de correction esth\u00e9tique ou de micropigmentation et jetez les aiguilles apr\u00e8s utilisation. <strong>R\u00e9utilisation interdite.<\/strong><\/p>\n<p>PR\u00c9CAUTIONS:<\/p>\n<p>NE PAS UTILISER SI L&rsquo;EMBALLAGE EST VIOL\u00c9 OU ENDOMMAG\u00c9. PRODUIT ST\u00c9RILE.<\/p>\n<ul>\n<li>Apr\u00e8s utilisation, jetez les aiguilles dans un r\u00e9cipient du groupe 3, sp\u00e9cifique pour les mat\u00e9riaux contaminants.<\/li>\n<li>Conservez dans un endroit frais et sec, \u00e0 l&rsquo;abri de l&rsquo;humidit\u00e9 et de la lumi\u00e8re directe du soleil.<\/li>\n<li>Manipulez toujours ce produit avec des gants de proc\u00e9dure.<\/li>\n<\/ul>\n","protected":false},"excerpt":{"rendered":"<p>En Microblading, les lames FLEX, abr\u00e9viation de \u00abflexible\u00bb, sont des lames id\u00e9ales pour tous les professionnels. Utilis\u00e9 dans les formations professionnelles et par les techniciens d\u00e9butants, c&rsquo;est un mod\u00e8le assez versatile qui offre une grande s\u00e9curit\u00e9 au nouveau professionnel, pour r\u00e9aliser tout type de sourcil sans craindre d&rsquo;ab\u00eemer la peau de son client.<\/p>\n<p>Electric Ink est la seule entreprise sur le march\u00e9 \u00e0 v\u00e9rifier et contr\u00f4ler 100% des unit\u00e9s produites et propose aux professionnels une grande vari\u00e9t\u00e9 de types d&rsquo;aiguilles de haute qualit\u00e9, avec le sceau de certification du processus de st\u00e9rilisation.<\/p>\n","protected":false},"featured_media":1774,"comment_status":"closed","ping_status":"closed","template":"","meta":{"_acf_changed":false,"_et_pb_use_builder":"","_et_pb_old_content":"","_et_gb_content_width":"","inline_featured_image":false},"product_brand":[],"product_cat":[794,802,803],"product_tag":[],"class_list":{"0":"post-38005","1":"product","2":"type-product","3":"status-publish","4":"has-post-thumbnail","6":"product_cat-micropigmentation","7":"product_cat-teboris-fr","8":"product_cat-lames-pour-teboris","10":"first","11":"outofstock","12":"taxable","13":"shipping-taxable","14":"purchasable","15":"product-type-simple"},"acf":[],"yoast_head":"<!-- This site is optimized with the Yoast SEO plugin v27.4 - https:\/\/yoast.com\/product\/yoast-seo-wordpress\/ -->\n<title>Advanced Needles 12 Flex - 5un - Electric Ink\u00ae<\/title>\n<meta name=\"robots\" content=\"index, follow, max-snippet:-1, max-image-preview:large, max-video-preview:-1\" \/>\n<link rel=\"canonical\" href=\"https:\/\/electricink.eu\/fr\/producto\/advanced-needles-12-flex-5un\/\" \/>\n<meta property=\"og:locale\" content=\"fr_FR\" \/>\n<meta property=\"og:type\" content=\"article\" \/>\n<meta property=\"og:title\" content=\"Advanced Needles 12 Flex - 5un - Electric Ink\u00ae\" \/>\n<meta property=\"og:description\" content=\"En Microblading, les lames FLEX, abr\u00e9viation de \u00abflexible\u00bb, sont des lames id\u00e9ales pour tous les professionnels. Utilis\u00e9 dans les formations professionnelles et par les techniciens d\u00e9butants, c&#039;est un mod\u00e8le assez versatile qui offre une grande s\u00e9curit\u00e9 au nouveau professionnel, pour r\u00e9aliser tout type de sourcil sans craindre d&#039;ab\u00eemer la peau de son client. Electric Ink est la seule entreprise sur le march\u00e9 \u00e0 v\u00e9rifier et contr\u00f4ler 100% des unit\u00e9s produites et propose aux professionnels une grande vari\u00e9t\u00e9 de types d&#039;aiguilles de haute qualit\u00e9, avec le sceau de certification du processus de st\u00e9rilisation.\" \/>\n<meta property=\"og:url\" content=\"https:\/\/electricink.eu\/fr\/producto\/advanced-needles-12-flex-5un\/\" \/>\n<meta property=\"og:site_name\" content=\"Electric Ink\u00ae\" \/>\n<meta property=\"og:image\" content=\"https:\/\/electricink.eu\/wp-content\/uploads\/2023\/10\/ADVANCED-NEEDLES-12-FLEX.png\" \/>\n\t<meta property=\"og:image:width\" content=\"900\" \/>\n\t<meta property=\"og:image:height\" content=\"900\" \/>\n\t<meta property=\"og:image:type\" content=\"image\/png\" \/>\n<meta name=\"twitter:card\" content=\"summary_large_image\" \/>\n<meta name=\"twitter:label1\" content=\"Dur\u00e9e de lecture estim\u00e9e\" \/>\n\t<meta name=\"twitter:data1\" content=\"1 minute\" \/>\n<script type=\"application\/ld+json\" class=\"yoast-schema-graph\">{\"@context\":\"https:\\\/\\\/schema.org\",\"@graph\":[{\"@type\":\"WebPage\",\"@id\":\"https:\\\/\\\/electricink.eu\\\/fr\\\/producto\\\/advanced-needles-12-flex-5un\\\/\",\"url\":\"https:\\\/\\\/electricink.eu\\\/fr\\\/producto\\\/advanced-needles-12-flex-5un\\\/\",\"name\":\"Advanced Needles 12 Flex - 5un - Electric Ink\u00ae\",\"isPartOf\":{\"@id\":\"https:\\\/\\\/electricink.eu\\\/#website\"},\"primaryImageOfPage\":{\"@id\":\"https:\\\/\\\/electricink.eu\\\/fr\\\/producto\\\/advanced-needles-12-flex-5un\\\/#primaryimage\"},\"image\":{\"@id\":\"https:\\\/\\\/electricink.eu\\\/fr\\\/producto\\\/advanced-needles-12-flex-5un\\\/#primaryimage\"},\"thumbnailUrl\":\"https:\\\/\\\/electricink.eu\\\/wp-content\\\/uploads\\\/2023\\\/10\\\/ADVANCED-NEEDLES-12-FLEX.png\",\"datePublished\":\"2023-12-14T00:09:35+00:00\",\"breadcrumb\":{\"@id\":\"https:\\\/\\\/electricink.eu\\\/fr\\\/producto\\\/advanced-needles-12-flex-5un\\\/#breadcrumb\"},\"inLanguage\":\"fr-FR\",\"potentialAction\":[{\"@type\":\"ReadAction\",\"target\":[\"https:\\\/\\\/electricink.eu\\\/fr\\\/producto\\\/advanced-needles-12-flex-5un\\\/\"]}]},{\"@type\":\"ImageObject\",\"inLanguage\":\"fr-FR\",\"@id\":\"https:\\\/\\\/electricink.eu\\\/fr\\\/producto\\\/advanced-needles-12-flex-5un\\\/#primaryimage\",\"url\":\"https:\\\/\\\/electricink.eu\\\/wp-content\\\/uploads\\\/2023\\\/10\\\/ADVANCED-NEEDLES-12-FLEX.png\",\"contentUrl\":\"https:\\\/\\\/electricink.eu\\\/wp-content\\\/uploads\\\/2023\\\/10\\\/ADVANCED-NEEDLES-12-FLEX.png\",\"width\":900,\"height\":900},{\"@type\":\"BreadcrumbList\",\"@id\":\"https:\\\/\\\/electricink.eu\\\/fr\\\/producto\\\/advanced-needles-12-flex-5un\\\/#breadcrumb\",\"itemListElement\":[{\"@type\":\"ListItem\",\"position\":1,\"name\":\"Portada\",\"item\":\"https:\\\/\\\/electricink.eu\\\/fr\\\/home\\\/\"},{\"@type\":\"ListItem\",\"position\":2,\"name\":\"Boutique\",\"item\":\"https:\\\/\\\/electricink.eu\\\/tienda\\\/\"},{\"@type\":\"ListItem\",\"position\":3,\"name\":\"Advanced Needles 12 Flex &#8211; 5un\"}]},{\"@type\":\"WebSite\",\"@id\":\"https:\\\/\\\/electricink.eu\\\/#website\",\"url\":\"https:\\\/\\\/electricink.eu\\\/\",\"name\":\"Electric Ink\u00ae\",\"description\":\"Material para Tatuar Profesional en Europa - Electric Ink\u00ae\",\"potentialAction\":[{\"@type\":\"SearchAction\",\"target\":{\"@type\":\"EntryPoint\",\"urlTemplate\":\"https:\\\/\\\/electricink.eu\\\/?s={search_term_string}\"},\"query-input\":{\"@type\":\"PropertyValueSpecification\",\"valueRequired\":true,\"valueName\":\"search_term_string\"}}],\"inLanguage\":\"fr-FR\"}]}<\/script>\n<!-- \/ Yoast SEO plugin. -->","yoast_head_json":{"title":"Advanced Needles 12 Flex - 5un - Electric Ink\u00ae","robots":{"index":"index","follow":"follow","max-snippet":"max-snippet:-1","max-image-preview":"max-image-preview:large","max-video-preview":"max-video-preview:-1"},"canonical":"https:\/\/electricink.eu\/fr\/producto\/advanced-needles-12-flex-5un\/","og_locale":"fr_FR","og_type":"article","og_title":"Advanced Needles 12 Flex - 5un - Electric Ink\u00ae","og_description":"En Microblading, les lames FLEX, abr\u00e9viation de \u00abflexible\u00bb, sont des lames id\u00e9ales pour tous les professionnels. Utilis\u00e9 dans les formations professionnelles et par les techniciens d\u00e9butants, c'est un mod\u00e8le assez versatile qui offre une grande s\u00e9curit\u00e9 au nouveau professionnel, pour r\u00e9aliser tout type de sourcil sans craindre d'ab\u00eemer la peau de son client. Electric Ink est la seule entreprise sur le march\u00e9 \u00e0 v\u00e9rifier et contr\u00f4ler 100% des unit\u00e9s produites et propose aux professionnels une grande vari\u00e9t\u00e9 de types d'aiguilles de haute qualit\u00e9, avec le sceau de certification du processus de st\u00e9rilisation.","og_url":"https:\/\/electricink.eu\/fr\/producto\/advanced-needles-12-flex-5un\/","og_site_name":"Electric Ink\u00ae","og_image":[{"url":"https:\/\/electricink.eu\/wp-content\/uploads\/2023\/10\/ADVANCED-NEEDLES-12-FLEX.png","width":900,"height":900,"type":"image\/png"}],"twitter_card":"summary_large_image","twitter_misc":{"Dur\u00e9e de lecture estim\u00e9e":"1 minute"},"schema":{"@context":"https:\/\/schema.org","@graph":[{"@type":"WebPage","@id":"https:\/\/electricink.eu\/fr\/producto\/advanced-needles-12-flex-5un\/","url":"https:\/\/electricink.eu\/fr\/producto\/advanced-needles-12-flex-5un\/","name":"Advanced Needles 12 Flex - 5un - Electric Ink\u00ae","isPartOf":{"@id":"https:\/\/electricink.eu\/#website"},"primaryImageOfPage":{"@id":"https:\/\/electricink.eu\/fr\/producto\/advanced-needles-12-flex-5un\/#primaryimage"},"image":{"@id":"https:\/\/electricink.eu\/fr\/producto\/advanced-needles-12-flex-5un\/#primaryimage"},"thumbnailUrl":"https:\/\/electricink.eu\/wp-content\/uploads\/2023\/10\/ADVANCED-NEEDLES-12-FLEX.png","datePublished":"2023-12-14T00:09:35+00:00","breadcrumb":{"@id":"https:\/\/electricink.eu\/fr\/producto\/advanced-needles-12-flex-5un\/#breadcrumb"},"inLanguage":"fr-FR","potentialAction":[{"@type":"ReadAction","target":["https:\/\/electricink.eu\/fr\/producto\/advanced-needles-12-flex-5un\/"]}]},{"@type":"ImageObject","inLanguage":"fr-FR","@id":"https:\/\/electricink.eu\/fr\/producto\/advanced-needles-12-flex-5un\/#primaryimage","url":"https:\/\/electricink.eu\/wp-content\/uploads\/2023\/10\/ADVANCED-NEEDLES-12-FLEX.png","contentUrl":"https:\/\/electricink.eu\/wp-content\/uploads\/2023\/10\/ADVANCED-NEEDLES-12-FLEX.png","width":900,"height":900},{"@type":"BreadcrumbList","@id":"https:\/\/electricink.eu\/fr\/producto\/advanced-needles-12-flex-5un\/#breadcrumb","itemListElement":[{"@type":"ListItem","position":1,"name":"Portada","item":"https:\/\/electricink.eu\/fr\/home\/"},{"@type":"ListItem","position":2,"name":"Boutique","item":"https:\/\/electricink.eu\/tienda\/"},{"@type":"ListItem","position":3,"name":"Advanced Needles 12 Flex &#8211; 5un"}]},{"@type":"WebSite","@id":"https:\/\/electricink.eu\/#website","url":"https:\/\/electricink.eu\/","name":"Electric Ink\u00ae","description":"Material para Tatuar Profesional en Europa - Electric Ink\u00ae","potentialAction":[{"@type":"SearchAction","target":{"@type":"EntryPoint","urlTemplate":"https:\/\/electricink.eu\/?s={search_term_string}"},"query-input":{"@type":"PropertyValueSpecification","valueRequired":true,"valueName":"search_term_string"}}],"inLanguage":"fr-FR"}]}},"_links":{"self":[{"href":"https:\/\/electricink.eu\/fr\/wp-json\/wp\/v2\/product\/38005","targetHints":{"allow":["GET"]}}],"collection":[{"href":"https:\/\/electricink.eu\/fr\/wp-json\/wp\/v2\/product"}],"about":[{"href":"https:\/\/electricink.eu\/fr\/wp-json\/wp\/v2\/types\/product"}],"replies":[{"embeddable":true,"href":"https:\/\/electricink.eu\/fr\/wp-json\/wp\/v2\/comments?post=38005"}],"wp:featuredmedia":[{"embeddable":true,"href":"https:\/\/electricink.eu\/fr\/wp-json\/wp\/v2\/media\/1774"}],"wp:attachment":[{"href":"https:\/\/electricink.eu\/fr\/wp-json\/wp\/v2\/media?parent=38005"}],"wp:term":[{"taxonomy":"product_brand","embeddable":true,"href":"https:\/\/electricink.eu\/fr\/wp-json\/wp\/v2\/product_brand?post=38005"},{"taxonomy":"product_cat","embeddable":true,"href":"https:\/\/electricink.eu\/fr\/wp-json\/wp\/v2\/product_cat?post=38005"},{"taxonomy":"product_tag","embeddable":true,"href":"https:\/\/electricink.eu\/fr\/wp-json\/wp\/v2\/product_tag?post=38005"}],"curies":[{"name":"wp","href":"https:\/\/api.w.org\/{rel}","templated":true}]}}