{"id":38138,"date":"2023-12-14T01:07:43","date_gmt":"2023-12-14T00:07:43","guid":{"rendered":"https:\/\/electricink.eu\/producto\/black-cat-round-liner-rl-caja-de-30-agujas\/"},"modified":"2026-03-04T14:53:41","modified_gmt":"2026-03-04T13:53:41","slug":"black-cat-round-liner-rl-caja-de-30-agujas","status":"publish","type":"product","link":"https:\/\/electricink.eu\/fr\/producto\/black-cat-round-liner-rl-caja-de-30-agujas\/","title":{"rendered":"Black Cat Round Liner (RL) caja de 30 agujas"},"content":{"rendered":"<p><strong>Aguilles Black Cat &#8211; Electric Ink<\/strong><\/p>\n<p><strong>Configuration :<\/strong> RL &#8211; round-liner \/ arrondies pour lignes<br \/><strong>Taper:<\/strong>\u00a0 super long taper 7,0 mm<br \/><strong>\u00c9paisseur :<\/strong> 0,35 mm<\/p>\n<p>Vendues en bo\u00eetes d&rsquo;une seule configuration, <strong>contient 30 unit\u00e9s\/bo\u00eete, en blisters individuels et st\u00e9riles.<\/strong><\/p>\n","protected":false},"excerpt":{"rendered":"<p><strong>Aguilles Black Cat &#8211; Electric Ink<\/strong><\/p>\n<p><strong>Round-Liner (RL) :<\/strong> aiguilles arrondies de <strong>0,35 mm<\/strong> pour des lignes super group\u00e9es, avec un <strong>super taper long de 7,00 mm<\/strong>.<\/p>\n<p>Une ligne plus fine avec plus de stabilit\u00e9 dans le trait et moins d&rsquo;\u00e9rosion sur la peau, permettant au tatoueur de travailler plus d&rsquo;heures d&rsquo;affil\u00e9e.<\/p>\n<p><strong>Caract\u00e9ristiques g\u00e9n\u00e9rales:<\/strong><\/p>\n<p>&#8211; Aiguilles d\u00e9velopp\u00e9es pour R\u00e9alisme et utilisation g\u00e9n\u00e9rale<br \/>&#8211; \u00c9paisseur de chaque aiguille (0,35 mm.)<br \/>&#8211; Fabriqu\u00e9es en acier INOX<br \/>&#8211; St\u00e9rilis\u00e9es individuellement en gaz EO<\/p>\n<p><strong>Configurations disponibles :<\/strong><br \/><strong>RL-01, RL-03, RL-05, RL-07, RL-09, RL-11, RL-13, RL-15, RL-19<\/strong><\/p>\n<p><strong>* NE PAS UTILISER LE PRODUIT SI L&rsquo;EMBALLAGE EST OUVERT OU ENDOMMAG\u00c9.<\/strong><\/p>\n<p>&nbsp;<\/p>\n","protected":false},"featured_media":33495,"comment_status":"closed","ping_status":"closed","template":"","meta":{"_acf_changed":false,"_et_pb_use_builder":"","_et_pb_old_content":"","_et_gb_content_width":"","inline_featured_image":false},"product_brand":[],"product_cat":[808,809],"product_tag":[],"class_list":{"0":"post-38138","1":"product","2":"type-product","3":"status-publish","4":"has-post-thumbnail","6":"product_cat-tattoo-fr","7":"product_cat-aiguilles-professionelles","9":"first","10":"instock","11":"taxable","12":"shipping-taxable","13":"purchasable","14":"product-type-variable"},"acf":[],"yoast_head":"<!-- This site is optimized with the Yoast SEO plugin v27.5 - https:\/\/yoast.com\/product\/yoast-seo-wordpress\/ -->\n<title>Black Cat Round Liner (RL) caja de 30 agujas - Electric Ink\u00ae<\/title>\n<meta name=\"robots\" content=\"index, follow, max-snippet:-1, max-image-preview:large, max-video-preview:-1\" \/>\n<link rel=\"canonical\" href=\"https:\/\/electricink.eu\/fr\/producto\/black-cat-round-liner-rl-caja-de-30-agujas\/\" \/>\n<meta property=\"og:locale\" content=\"fr_FR\" \/>\n<meta property=\"og:type\" content=\"article\" \/>\n<meta property=\"og:title\" content=\"Black Cat Round Liner (RL) caja de 30 agujas - Electric Ink\u00ae\" \/>\n<meta property=\"og:description\" content=\"Aguilles Black Cat - Electric Ink Round-Liner (RL) : aiguilles arrondies de 0,35 mm pour des lignes super group\u00e9es, avec un super taper long de 7,00 mm. Une ligne plus fine avec plus de stabilit\u00e9 dans le trait et moins d&#039;\u00e9rosion sur la peau, permettant au tatoueur de travailler plus d&#039;heures d&#039;affil\u00e9e. Caract\u00e9ristiques g\u00e9n\u00e9rales: - Aiguilles d\u00e9velopp\u00e9es pour R\u00e9alisme et utilisation g\u00e9n\u00e9rale- \u00c9paisseur de chaque aiguille (0,35 mm.)- Fabriqu\u00e9es en acier INOX- St\u00e9rilis\u00e9es individuellement en gaz EO Configurations disponibles :RL-01, RL-03, RL-05, RL-07, RL-09, RL-11, RL-13, RL-15, RL-19 * NE PAS UTILISER LE PRODUIT SI L&#039;EMBALLAGE EST OUVERT OU ENDOMMAG\u00c9. &nbsp;\" \/>\n<meta property=\"og:url\" content=\"https:\/\/electricink.eu\/fr\/producto\/black-cat-round-liner-rl-caja-de-30-agujas\/\" \/>\n<meta property=\"og:site_name\" content=\"Electric Ink\u00ae\" \/>\n<meta property=\"article:modified_time\" content=\"2026-03-04T13:53:41+00:00\" \/>\n<meta property=\"og:image\" content=\"https:\/\/electricink.eu\/wp-content\/uploads\/2023\/12\/RL-1.png\" \/>\n\t<meta property=\"og:image:width\" content=\"800\" \/>\n\t<meta property=\"og:image:height\" content=\"800\" \/>\n\t<meta property=\"og:image:type\" content=\"image\/png\" \/>\n<meta name=\"twitter:card\" content=\"summary_large_image\" \/>\n<script type=\"application\/ld+json\" class=\"yoast-schema-graph\">{\"@context\":\"https:\\\/\\\/schema.org\",\"@graph\":[{\"@type\":\"WebPage\",\"@id\":\"https:\\\/\\\/electricink.eu\\\/fr\\\/producto\\\/black-cat-round-liner-rl-caja-de-30-agujas\\\/\",\"url\":\"https:\\\/\\\/electricink.eu\\\/fr\\\/producto\\\/black-cat-round-liner-rl-caja-de-30-agujas\\\/\",\"name\":\"Black Cat Round Liner (RL) caja de 30 agujas - Electric Ink\u00ae\",\"isPartOf\":{\"@id\":\"https:\\\/\\\/electricink.eu\\\/#website\"},\"primaryImageOfPage\":{\"@id\":\"https:\\\/\\\/electricink.eu\\\/fr\\\/producto\\\/black-cat-round-liner-rl-caja-de-30-agujas\\\/#primaryimage\"},\"image\":{\"@id\":\"https:\\\/\\\/electricink.eu\\\/fr\\\/producto\\\/black-cat-round-liner-rl-caja-de-30-agujas\\\/#primaryimage\"},\"thumbnailUrl\":\"https:\\\/\\\/electricink.eu\\\/wp-content\\\/uploads\\\/2023\\\/12\\\/RL-1.png\",\"datePublished\":\"2023-12-14T00:07:43+00:00\",\"dateModified\":\"2026-03-04T13:53:41+00:00\",\"breadcrumb\":{\"@id\":\"https:\\\/\\\/electricink.eu\\\/fr\\\/producto\\\/black-cat-round-liner-rl-caja-de-30-agujas\\\/#breadcrumb\"},\"inLanguage\":\"fr-FR\",\"potentialAction\":[{\"@type\":\"ReadAction\",\"target\":[\"https:\\\/\\\/electricink.eu\\\/fr\\\/producto\\\/black-cat-round-liner-rl-caja-de-30-agujas\\\/\"]}]},{\"@type\":\"ImageObject\",\"inLanguage\":\"fr-FR\",\"@id\":\"https:\\\/\\\/electricink.eu\\\/fr\\\/producto\\\/black-cat-round-liner-rl-caja-de-30-agujas\\\/#primaryimage\",\"url\":\"https:\\\/\\\/electricink.eu\\\/wp-content\\\/uploads\\\/2023\\\/12\\\/RL-1.png\",\"contentUrl\":\"https:\\\/\\\/electricink.eu\\\/wp-content\\\/uploads\\\/2023\\\/12\\\/RL-1.png\",\"width\":800,\"height\":800},{\"@type\":\"BreadcrumbList\",\"@id\":\"https:\\\/\\\/electricink.eu\\\/fr\\\/producto\\\/black-cat-round-liner-rl-caja-de-30-agujas\\\/#breadcrumb\",\"itemListElement\":[{\"@type\":\"ListItem\",\"position\":1,\"name\":\"Portada\",\"item\":\"https:\\\/\\\/electricink.eu\\\/fr\\\/home\\\/\"},{\"@type\":\"ListItem\",\"position\":2,\"name\":\"Boutique\",\"item\":\"https:\\\/\\\/electricink.eu\\\/tienda\\\/\"},{\"@type\":\"ListItem\",\"position\":3,\"name\":\"Black Cat Round Liner (RL) caja de 30 agujas\"}]},{\"@type\":\"WebSite\",\"@id\":\"https:\\\/\\\/electricink.eu\\\/#website\",\"url\":\"https:\\\/\\\/electricink.eu\\\/\",\"name\":\"Electric Ink\u00ae\",\"description\":\"Material para Tatuar Profesional en Europa - Electric Ink\u00ae\",\"potentialAction\":[{\"@type\":\"SearchAction\",\"target\":{\"@type\":\"EntryPoint\",\"urlTemplate\":\"https:\\\/\\\/electricink.eu\\\/?s={search_term_string}\"},\"query-input\":{\"@type\":\"PropertyValueSpecification\",\"valueRequired\":true,\"valueName\":\"search_term_string\"}}],\"inLanguage\":\"fr-FR\"}]}<\/script>\n<!-- \/ Yoast SEO plugin. -->","yoast_head_json":{"title":"Black Cat Round Liner (RL) caja de 30 agujas - Electric Ink\u00ae","robots":{"index":"index","follow":"follow","max-snippet":"max-snippet:-1","max-image-preview":"max-image-preview:large","max-video-preview":"max-video-preview:-1"},"canonical":"https:\/\/electricink.eu\/fr\/producto\/black-cat-round-liner-rl-caja-de-30-agujas\/","og_locale":"fr_FR","og_type":"article","og_title":"Black Cat Round Liner (RL) caja de 30 agujas - Electric Ink\u00ae","og_description":"Aguilles Black Cat - Electric Ink Round-Liner (RL) : aiguilles arrondies de 0,35 mm pour des lignes super group\u00e9es, avec un super taper long de 7,00 mm. Une ligne plus fine avec plus de stabilit\u00e9 dans le trait et moins d'\u00e9rosion sur la peau, permettant au tatoueur de travailler plus d'heures d'affil\u00e9e. Caract\u00e9ristiques g\u00e9n\u00e9rales: - Aiguilles d\u00e9velopp\u00e9es pour R\u00e9alisme et utilisation g\u00e9n\u00e9rale- \u00c9paisseur de chaque aiguille (0,35 mm.)- Fabriqu\u00e9es en acier INOX- St\u00e9rilis\u00e9es individuellement en gaz EO Configurations disponibles :RL-01, RL-03, RL-05, RL-07, RL-09, RL-11, RL-13, RL-15, RL-19 * NE PAS UTILISER LE PRODUIT SI L'EMBALLAGE EST OUVERT OU ENDOMMAG\u00c9. &nbsp;","og_url":"https:\/\/electricink.eu\/fr\/producto\/black-cat-round-liner-rl-caja-de-30-agujas\/","og_site_name":"Electric Ink\u00ae","article_modified_time":"2026-03-04T13:53:41+00:00","og_image":[{"width":800,"height":800,"url":"https:\/\/electricink.eu\/wp-content\/uploads\/2023\/12\/RL-1.png","type":"image\/png"}],"twitter_card":"summary_large_image","schema":{"@context":"https:\/\/schema.org","@graph":[{"@type":"WebPage","@id":"https:\/\/electricink.eu\/fr\/producto\/black-cat-round-liner-rl-caja-de-30-agujas\/","url":"https:\/\/electricink.eu\/fr\/producto\/black-cat-round-liner-rl-caja-de-30-agujas\/","name":"Black Cat Round Liner (RL) caja de 30 agujas - Electric Ink\u00ae","isPartOf":{"@id":"https:\/\/electricink.eu\/#website"},"primaryImageOfPage":{"@id":"https:\/\/electricink.eu\/fr\/producto\/black-cat-round-liner-rl-caja-de-30-agujas\/#primaryimage"},"image":{"@id":"https:\/\/electricink.eu\/fr\/producto\/black-cat-round-liner-rl-caja-de-30-agujas\/#primaryimage"},"thumbnailUrl":"https:\/\/electricink.eu\/wp-content\/uploads\/2023\/12\/RL-1.png","datePublished":"2023-12-14T00:07:43+00:00","dateModified":"2026-03-04T13:53:41+00:00","breadcrumb":{"@id":"https:\/\/electricink.eu\/fr\/producto\/black-cat-round-liner-rl-caja-de-30-agujas\/#breadcrumb"},"inLanguage":"fr-FR","potentialAction":[{"@type":"ReadAction","target":["https:\/\/electricink.eu\/fr\/producto\/black-cat-round-liner-rl-caja-de-30-agujas\/"]}]},{"@type":"ImageObject","inLanguage":"fr-FR","@id":"https:\/\/electricink.eu\/fr\/producto\/black-cat-round-liner-rl-caja-de-30-agujas\/#primaryimage","url":"https:\/\/electricink.eu\/wp-content\/uploads\/2023\/12\/RL-1.png","contentUrl":"https:\/\/electricink.eu\/wp-content\/uploads\/2023\/12\/RL-1.png","width":800,"height":800},{"@type":"BreadcrumbList","@id":"https:\/\/electricink.eu\/fr\/producto\/black-cat-round-liner-rl-caja-de-30-agujas\/#breadcrumb","itemListElement":[{"@type":"ListItem","position":1,"name":"Portada","item":"https:\/\/electricink.eu\/fr\/home\/"},{"@type":"ListItem","position":2,"name":"Boutique","item":"https:\/\/electricink.eu\/tienda\/"},{"@type":"ListItem","position":3,"name":"Black Cat Round Liner (RL) caja de 30 agujas"}]},{"@type":"WebSite","@id":"https:\/\/electricink.eu\/#website","url":"https:\/\/electricink.eu\/","name":"Electric Ink\u00ae","description":"Material para Tatuar Profesional en Europa - Electric Ink\u00ae","potentialAction":[{"@type":"SearchAction","target":{"@type":"EntryPoint","urlTemplate":"https:\/\/electricink.eu\/?s={search_term_string}"},"query-input":{"@type":"PropertyValueSpecification","valueRequired":true,"valueName":"search_term_string"}}],"inLanguage":"fr-FR"}]}},"_links":{"self":[{"href":"https:\/\/electricink.eu\/fr\/wp-json\/wp\/v2\/product\/38138","targetHints":{"allow":["GET"]}}],"collection":[{"href":"https:\/\/electricink.eu\/fr\/wp-json\/wp\/v2\/product"}],"about":[{"href":"https:\/\/electricink.eu\/fr\/wp-json\/wp\/v2\/types\/product"}],"replies":[{"embeddable":true,"href":"https:\/\/electricink.eu\/fr\/wp-json\/wp\/v2\/comments?post=38138"}],"wp:featuredmedia":[{"embeddable":true,"href":"https:\/\/electricink.eu\/fr\/wp-json\/wp\/v2\/media\/33495"}],"wp:attachment":[{"href":"https:\/\/electricink.eu\/fr\/wp-json\/wp\/v2\/media?parent=38138"}],"wp:term":[{"taxonomy":"product_brand","embeddable":true,"href":"https:\/\/electricink.eu\/fr\/wp-json\/wp\/v2\/product_brand?post=38138"},{"taxonomy":"product_cat","embeddable":true,"href":"https:\/\/electricink.eu\/fr\/wp-json\/wp\/v2\/product_cat?post=38138"},{"taxonomy":"product_tag","embeddable":true,"href":"https:\/\/electricink.eu\/fr\/wp-json\/wp\/v2\/product_tag?post=38138"}],"curies":[{"name":"wp","href":"https:\/\/api.w.org\/{rel}","templated":true}]}}